{"id":270392,"date":"2015-09-02T16:00:59","date_gmt":"2016-06-02T13:01:00","guid":{"rendered":"https:\/\/sharks.ee\/vunder_2019\/lt\/product\/sasiuvinis-eskizams-canson-art-book-mix-media\/"},"modified":"2016-06-02T16:01:00","modified_gmt":"2016-06-02T13:01:00","slug":"sasiuvinis-eskizams-canson-art-book-mix-media","status":"publish","type":"product","link":"https:\/\/hobstop.ee\/lt\/produktas\/sasiuvinis-eskizams-canson-art-book-mix-media\/","title":{"rendered":"S\u0105siuvinis eskizams Canson Art Book Mix Media"},"content":{"rendered":"<p>Pie\u0161imo popieri\u0173 \u201e\u2018\u2019C\u2019\u2019 \u00e0 grain\u201c galima \u012fsigyti ir suri\u0161t\u0105 \u012f spiralin\u012f bloknot\u0105. Universalus \u201eCanson Mix Media Art Book\u201c blonknotas dealiai tinka visoms sausoms ir \u0161lapioms pie\u0161imo technikoms, pie\u0161imui markeriu ir net aplikacijoms. Blonknote yra 40 mikroperforuot\u0173, i\u0161 abiej\u0173 pusi\u0173 naudojam\u0173 lap\u0173 (lengvai nuimam\u0173): viena popieriaus pus\u0117 yra vidutin\u0117s , o kita \u2013 lengvos tekst\u016bros. Lengvai nutrinama, tinkanti \u012fvairioms technikoms pagalbin\u0117 priemon\u0117.<br \/>\nPuikiai tinka pie\u0161imui pie\u0161tukais, pastel\u0117mis ir anglimi.<br \/>\nTaip pat tinka akvarelei, gua\u0161ui, tu\u0161ui, ra\u0161alui ir markeriams.<\/p>\n","protected":false},"excerpt":{"rendered":"<p>Pie\u0161imo popieri\u0173 \u201e\u2018\u2019C\u2019\u2019 \u00e0 grain\u201c galima \u012fsigyti ir suri\u0161t\u0105 \u012f spiralin\u012f bloknot\u0105. Universalus \u201eCanson Mix Media Art Book\u201c blonknotas dealiai tinka visoms sausoms ir \u0161lapioms pie\u0161imo technikoms, pie\u0161imui markeriu ir net aplikacijoms. Blonknote yra 40 mikroperforuot\u0173, i\u0161 abiej\u0173 pusi\u0173 naudojam\u0173 lap\u0173 (lengvai nuimam\u0173): viena popieriaus pus\u0117 yra vidutin\u0117s , o kita \u2013 lengvos tekst\u016bros. Lengvai nutrinama, tinkanti \u012fvairioms technikoms pagalbin\u0117 priemon\u0117. Puikiai tinka pie\u0161imui pie\u0161tukais, pastel\u0117mis ir anglimi. Taip pat tinka akvarelei, gua\u0161ui, tu\u0161ui, ra\u0161alui ir markeriams.<\/p>\n","protected":false},"featured_media":270532,"comment_status":"closed","ping_status":"closed","template":"","meta":{"_acf_changed":false,"ep_exclude_from_search":false},"product_cat":[19025,17922,18944],"product_tag":[],"class_list":{"0":"post-270392","1":"product","2":"type-product","3":"status-publish","4":"has-post-thumbnail","6":"product_cat-piesimo-popierius-ir-bloknotai","7":"product_cat-popieriaus-prekes","8":"product_cat-specialus-popierius-ir-kartonas","10":"first","11":"instock","12":"taxable","13":"shipping-taxable","14":"purchasable","15":"product-type-variable"},"acf":[],"yoast_head":"<!-- This site is optimized with the Yoast SEO plugin v24.1 - https:\/\/yoast.com\/wordpress\/plugins\/seo\/ -->\n<title>S\u0105siuvinis eskizams Canson Art Book Mix Media &#8211; Skizze<\/title>\n<meta name=\"robots\" content=\"noindex, follow, max-snippet:-1, max-image-preview:large, max-video-preview:-1\" \/>\n<meta property=\"og:locale\" content=\"lt_LT\" \/>\n<meta property=\"og:type\" content=\"article\" \/>\n<meta property=\"og:title\" content=\"S\u0105siuvinis eskizams Canson Art Book Mix Media &#8211; Skizze\" \/>\n<meta property=\"og:description\" content=\"Pie\u0161imo popieri\u0173 \u201e\u2018\u2019C\u2019\u2019 \u00e0 grain\u201c galima \u012fsigyti ir suri\u0161t\u0105 \u012f spiralin\u012f bloknot\u0105. Universalus \u201eCanson Mix Media Art Book\u201c blonknotas dealiai tinka visoms sausoms ir \u0161lapioms pie\u0161imo technikoms, pie\u0161imui markeriu ir net aplikacijoms. Blonknote yra 40 mikroperforuot\u0173, i\u0161 abiej\u0173 pusi\u0173 naudojam\u0173 lap\u0173 (lengvai nuimam\u0173): viena popieriaus pus\u0117 yra vidutin\u0117s , o kita \u2013 lengvos tekst\u016bros. Lengvai nutrinama, tinkanti \u012fvairioms technikoms pagalbin\u0117 priemon\u0117. Puikiai tinka pie\u0161imui pie\u0161tukais, pastel\u0117mis ir anglimi. Taip pat tinka akvarelei, gua\u0161ui, tu\u0161ui, ra\u0161alui ir markeriams.\" \/>\n<meta property=\"og:url\" content=\"https:\/\/hobstop.ee\/lt\/produktas\/sasiuvinis-eskizams-canson-art-book-mix-media\/\" \/>\n<meta property=\"og:site_name\" content=\"Skizze\" \/>\n<meta property=\"article:publisher\" content=\"http:\/\/www.facebook.com\/VunderSkizze\" \/>\n<meta property=\"og:image\" content=\"https:\/\/hobstop.ee\/media\/4350.jpg\" \/>\n\t<meta property=\"og:image:width\" content=\"1024\" \/>\n\t<meta property=\"og:image:height\" content=\"768\" \/>\n\t<meta property=\"og:image:type\" content=\"image\/jpeg\" \/>\n<meta name=\"twitter:card\" content=\"summary_large_image\" \/>\n<script type=\"application\/ld+json\" class=\"yoast-schema-graph\">{\"@context\":\"https:\/\/schema.org\",\"@graph\":[{\"@type\":\"WebPage\",\"@id\":\"https:\/\/hobstop.ee\/lt\/produktas\/sasiuvinis-eskizams-canson-art-book-mix-media\/\",\"url\":\"https:\/\/hobstop.ee\/lt\/produktas\/sasiuvinis-eskizams-canson-art-book-mix-media\/\",\"name\":\"S\u0105siuvinis eskizams Canson Art Book Mix Media &#8211; Skizze\",\"isPartOf\":{\"@id\":\"https:\/\/hobstop.ee\/lt\/#website\"},\"primaryImageOfPage\":{\"@id\":\"https:\/\/hobstop.ee\/lt\/produktas\/sasiuvinis-eskizams-canson-art-book-mix-media\/#primaryimage\"},\"image\":{\"@id\":\"https:\/\/hobstop.ee\/lt\/produktas\/sasiuvinis-eskizams-canson-art-book-mix-media\/#primaryimage\"},\"thumbnailUrl\":\"https:\/\/hobstop.ee\/media\/4350.jpg\",\"datePublished\":\"2016-06-02T13:01:00+00:00\",\"dateModified\":\"2016-06-02T13:01:00+00:00\",\"breadcrumb\":{\"@id\":\"https:\/\/hobstop.ee\/lt\/produktas\/sasiuvinis-eskizams-canson-art-book-mix-media\/#breadcrumb\"},\"inLanguage\":\"lt\",\"potentialAction\":[{\"@type\":\"ReadAction\",\"target\":[\"https:\/\/hobstop.ee\/lt\/produktas\/sasiuvinis-eskizams-canson-art-book-mix-media\/\"]}]},{\"@type\":\"ImageObject\",\"inLanguage\":\"lt\",\"@id\":\"https:\/\/hobstop.ee\/lt\/produktas\/sasiuvinis-eskizams-canson-art-book-mix-media\/#primaryimage\",\"url\":\"https:\/\/hobstop.ee\/media\/4350.jpg\",\"contentUrl\":\"https:\/\/hobstop.ee\/media\/4350.jpg\",\"width\":1024,\"height\":768},{\"@type\":\"BreadcrumbList\",\"@id\":\"https:\/\/hobstop.ee\/lt\/produktas\/sasiuvinis-eskizams-canson-art-book-mix-media\/#breadcrumb\",\"itemListElement\":[{\"@type\":\"ListItem\",\"position\":1,\"name\":\"Avaleht\",\"item\":\"https:\/\/hobstop.ee\/lt\/\"},{\"@type\":\"ListItem\",\"position\":2,\"name\":\"Parduotuv\u0117\",\"item\":\"https:\/\/hobstop.ee\/lt\/parduotuve\/\"},{\"@type\":\"ListItem\",\"position\":3,\"name\":\"S\u0105siuvinis eskizams Canson Art Book Mix Media\"}]},{\"@type\":\"WebSite\",\"@id\":\"https:\/\/hobstop.ee\/lt\/#website\",\"url\":\"https:\/\/hobstop.ee\/lt\/\",\"name\":\"Skizze\",\"description\":\"Dail\u0117s, pom\u0117gi\u0173 ir mokykliniai reikm\u0117nys\",\"publisher\":{\"@id\":\"https:\/\/hobstop.ee\/lt\/#organization\"},\"potentialAction\":[{\"@type\":\"SearchAction\",\"target\":{\"@type\":\"EntryPoint\",\"urlTemplate\":\"https:\/\/hobstop.ee\/lt\/?s={search_term_string}\"},\"query-input\":{\"@type\":\"PropertyValueSpecification\",\"valueRequired\":true,\"valueName\":\"search_term_string\"}}],\"inLanguage\":\"lt\"},{\"@type\":\"Organization\",\"@id\":\"https:\/\/hobstop.ee\/lt\/#organization\",\"name\":\"Vunder AS\",\"url\":\"https:\/\/hobstop.ee\/lt\/\",\"logo\":{\"@type\":\"ImageObject\",\"inLanguage\":\"lt\",\"@id\":\"https:\/\/hobstop.ee\/lt\/#\/schema\/logo\/image\/\",\"url\":\"https:\/\/hobstop.ee\/media\/vunder-logo.png\",\"contentUrl\":\"https:\/\/hobstop.ee\/media\/vunder-logo.png\",\"width\":127,\"height\":55,\"caption\":\"Vunder AS\"},\"image\":{\"@id\":\"https:\/\/hobstop.ee\/lt\/#\/schema\/logo\/image\/\"},\"sameAs\":[\"http:\/\/www.facebook.com\/VunderSkizze\"]}]}<\/script>\n<!-- \/ Yoast SEO plugin. -->","yoast_head_json":{"title":"S\u0105siuvinis eskizams Canson Art Book Mix Media &#8211; Skizze","robots":{"index":"noindex","follow":"follow","max-snippet":"max-snippet:-1","max-image-preview":"max-image-preview:large","max-video-preview":"max-video-preview:-1"},"og_locale":"lt_LT","og_type":"article","og_title":"S\u0105siuvinis eskizams Canson Art Book Mix Media &#8211; Skizze","og_description":"Pie\u0161imo popieri\u0173 \u201e\u2018\u2019C\u2019\u2019 \u00e0 grain\u201c galima \u012fsigyti ir suri\u0161t\u0105 \u012f spiralin\u012f bloknot\u0105. Universalus \u201eCanson Mix Media Art Book\u201c blonknotas dealiai tinka visoms sausoms ir \u0161lapioms pie\u0161imo technikoms, pie\u0161imui markeriu ir net aplikacijoms. Blonknote yra 40 mikroperforuot\u0173, i\u0161 abiej\u0173 pusi\u0173 naudojam\u0173 lap\u0173 (lengvai nuimam\u0173): viena popieriaus pus\u0117 yra vidutin\u0117s , o kita \u2013 lengvos tekst\u016bros. Lengvai nutrinama, tinkanti \u012fvairioms technikoms pagalbin\u0117 priemon\u0117. Puikiai tinka pie\u0161imui pie\u0161tukais, pastel\u0117mis ir anglimi. Taip pat tinka akvarelei, gua\u0161ui, tu\u0161ui, ra\u0161alui ir markeriams.","og_url":"https:\/\/hobstop.ee\/lt\/produktas\/sasiuvinis-eskizams-canson-art-book-mix-media\/","og_site_name":"Skizze","article_publisher":"http:\/\/www.facebook.com\/VunderSkizze","og_image":[{"width":1024,"height":768,"url":"https:\/\/hobstop.ee\/media\/4350.jpg","type":"image\/jpeg"}],"twitter_card":"summary_large_image","schema":{"@context":"https:\/\/schema.org","@graph":[{"@type":"WebPage","@id":"https:\/\/hobstop.ee\/lt\/produktas\/sasiuvinis-eskizams-canson-art-book-mix-media\/","url":"https:\/\/hobstop.ee\/lt\/produktas\/sasiuvinis-eskizams-canson-art-book-mix-media\/","name":"S\u0105siuvinis eskizams Canson Art Book Mix Media &#8211; Skizze","isPartOf":{"@id":"https:\/\/hobstop.ee\/lt\/#website"},"primaryImageOfPage":{"@id":"https:\/\/hobstop.ee\/lt\/produktas\/sasiuvinis-eskizams-canson-art-book-mix-media\/#primaryimage"},"image":{"@id":"https:\/\/hobstop.ee\/lt\/produktas\/sasiuvinis-eskizams-canson-art-book-mix-media\/#primaryimage"},"thumbnailUrl":"https:\/\/hobstop.ee\/media\/4350.jpg","datePublished":"2016-06-02T13:01:00+00:00","dateModified":"2016-06-02T13:01:00+00:00","breadcrumb":{"@id":"https:\/\/hobstop.ee\/lt\/produktas\/sasiuvinis-eskizams-canson-art-book-mix-media\/#breadcrumb"},"inLanguage":"lt","potentialAction":[{"@type":"ReadAction","target":["https:\/\/hobstop.ee\/lt\/produktas\/sasiuvinis-eskizams-canson-art-book-mix-media\/"]}]},{"@type":"ImageObject","inLanguage":"lt","@id":"https:\/\/hobstop.ee\/lt\/produktas\/sasiuvinis-eskizams-canson-art-book-mix-media\/#primaryimage","url":"https:\/\/hobstop.ee\/media\/4350.jpg","contentUrl":"https:\/\/hobstop.ee\/media\/4350.jpg","width":1024,"height":768},{"@type":"BreadcrumbList","@id":"https:\/\/hobstop.ee\/lt\/produktas\/sasiuvinis-eskizams-canson-art-book-mix-media\/#breadcrumb","itemListElement":[{"@type":"ListItem","position":1,"name":"Avaleht","item":"https:\/\/hobstop.ee\/lt\/"},{"@type":"ListItem","position":2,"name":"Parduotuv\u0117","item":"https:\/\/hobstop.ee\/lt\/parduotuve\/"},{"@type":"ListItem","position":3,"name":"S\u0105siuvinis eskizams Canson Art Book Mix Media"}]},{"@type":"WebSite","@id":"https:\/\/hobstop.ee\/lt\/#website","url":"https:\/\/hobstop.ee\/lt\/","name":"Skizze","description":"Dail\u0117s, pom\u0117gi\u0173 ir mokykliniai reikm\u0117nys","publisher":{"@id":"https:\/\/hobstop.ee\/lt\/#organization"},"potentialAction":[{"@type":"SearchAction","target":{"@type":"EntryPoint","urlTemplate":"https:\/\/hobstop.ee\/lt\/?s={search_term_string}"},"query-input":{"@type":"PropertyValueSpecification","valueRequired":true,"valueName":"search_term_string"}}],"inLanguage":"lt"},{"@type":"Organization","@id":"https:\/\/hobstop.ee\/lt\/#organization","name":"Vunder AS","url":"https:\/\/hobstop.ee\/lt\/","logo":{"@type":"ImageObject","inLanguage":"lt","@id":"https:\/\/hobstop.ee\/lt\/#\/schema\/logo\/image\/","url":"https:\/\/hobstop.ee\/media\/vunder-logo.png","contentUrl":"https:\/\/hobstop.ee\/media\/vunder-logo.png","width":127,"height":55,"caption":"Vunder AS"},"image":{"@id":"https:\/\/hobstop.ee\/lt\/#\/schema\/logo\/image\/"},"sameAs":["http:\/\/www.facebook.com\/VunderSkizze"]}]}},"_links":{"self":[{"href":"https:\/\/hobstop.ee\/lt\/wp-json\/wp\/v2\/product\/270392","targetHints":{"allow":["GET"]}}],"collection":[{"href":"https:\/\/hobstop.ee\/lt\/wp-json\/wp\/v2\/product"}],"about":[{"href":"https:\/\/hobstop.ee\/lt\/wp-json\/wp\/v2\/types\/product"}],"replies":[{"embeddable":true,"href":"https:\/\/hobstop.ee\/lt\/wp-json\/wp\/v2\/comments?post=270392"}],"wp:featuredmedia":[{"embeddable":true,"href":"https:\/\/hobstop.ee\/lt\/wp-json\/wp\/v2\/media\/270532"}],"wp:attachment":[{"href":"https:\/\/hobstop.ee\/lt\/wp-json\/wp\/v2\/media?parent=270392"}],"wp:term":[{"taxonomy":"product_cat","embeddable":true,"href":"https:\/\/hobstop.ee\/lt\/wp-json\/wp\/v2\/product_cat?post=270392"},{"taxonomy":"product_tag","embeddable":true,"href":"https:\/\/hobstop.ee\/lt\/wp-json\/wp\/v2\/product_tag?post=270392"}],"curies":[{"name":"wp","href":"https:\/\/api.w.org\/{rel}","templated":true}]}}