{"id":270396,"date":"2015-09-02T16:01:01","date_gmt":"2016-06-02T13:01:02","guid":{"rendered":"https:\/\/sharks.ee\/vunder_2019\/lt\/product\/piesimo-popierius-canson-1557-dessin-ja\/"},"modified":"2016-06-02T16:01:02","modified_gmt":"2016-06-02T13:01:02","slug":"piesimo-popierius-canson-1557-dessin-ja","status":"publish","type":"product","link":"https:\/\/hobstop.ee\/lt\/produktas\/piesimo-popierius-canson-1557-dessin-ja\/","title":{"rendered":"Pie\u0161imo popierius Canson 1557 Dessin JA"},"content":{"rendered":"<p>Popierius \u201eCanson 1557\u201c yra lengvos tekst\u016bros, ber\u016bg\u0161tis popierius, tinkantis studijoms, eskizams ir pie\u0161imui. Pagamintas i\u0161 grynos alfos celiulioz\u0117s, sud\u0117tyje n\u0117ra medienos plau\u0161\u0173. \u0160lichtuotas ir patvarus, tod\u0117l nesimato trynimo \u017eymi\u0173 ir nesiplau\u0161oja. I\u0161siskiria savo \u0161varia balta spalva.<br \/>\nPuikiai tinka pie\u0161imui pie\u0161tukais, pastel\u0117mis, anglimi ir markeriais.<br \/>\nTaip pat tinka akvarelei, gua\u0161ui, tu\u0161ui, ra\u0161alui.<\/p>\n","protected":false},"excerpt":{"rendered":"<p>Popierius \u201eCanson 1557\u201c yra lengvos tekst\u016bros, ber\u016bg\u0161tis popierius, tinkantis studijoms, eskizams ir pie\u0161imui. Pagamintas i\u0161 grynos alfos celiulioz\u0117s, sud\u0117tyje n\u0117ra medienos plau\u0161\u0173. \u0160lichtuotas ir patvarus, tod\u0117l nesimato trynimo \u017eymi\u0173 ir nesiplau\u0161oja. I\u0161siskiria savo \u0161varia balta spalva. Puikiai tinka pie\u0161imui pie\u0161tukais, pastel\u0117mis, anglimi ir markeriais. Taip pat tinka akvarelei, gua\u0161ui, tu\u0161ui, ra\u0161alui.<\/p>\n","protected":false},"featured_media":270536,"comment_status":"closed","ping_status":"closed","template":"","meta":{"_acf_changed":false,"ep_exclude_from_search":false},"product_cat":[19025,17922,18944],"product_tag":[],"class_list":{"0":"post-270396","1":"product","2":"type-product","3":"status-publish","4":"has-post-thumbnail","6":"product_cat-piesimo-popierius-ir-bloknotai","7":"product_cat-popieriaus-prekes","8":"product_cat-specialus-popierius-ir-kartonas","10":"first","11":"outofstock","12":"taxable","13":"shipping-taxable","14":"purchasable","15":"product-type-variable"},"acf":[],"yoast_head":"<!-- This site is optimized with the Yoast SEO plugin v24.1 - https:\/\/yoast.com\/wordpress\/plugins\/seo\/ -->\n<title>Pie\u0161imo popierius Canson 1557 Dessin JA &#8211; Skizze<\/title>\n<meta name=\"robots\" content=\"noindex, follow, max-snippet:-1, max-image-preview:large, max-video-preview:-1\" \/>\n<meta property=\"og:locale\" content=\"lt_LT\" \/>\n<meta property=\"og:type\" content=\"article\" \/>\n<meta property=\"og:title\" content=\"Pie\u0161imo popierius Canson 1557 Dessin JA &#8211; Skizze\" \/>\n<meta property=\"og:description\" content=\"Popierius \u201eCanson 1557\u201c yra lengvos tekst\u016bros, ber\u016bg\u0161tis popierius, tinkantis studijoms, eskizams ir pie\u0161imui. Pagamintas i\u0161 grynos alfos celiulioz\u0117s, sud\u0117tyje n\u0117ra medienos plau\u0161\u0173. \u0160lichtuotas ir patvarus, tod\u0117l nesimato trynimo \u017eymi\u0173 ir nesiplau\u0161oja. I\u0161siskiria savo \u0161varia balta spalva. Puikiai tinka pie\u0161imui pie\u0161tukais, pastel\u0117mis, anglimi ir markeriais. Taip pat tinka akvarelei, gua\u0161ui, tu\u0161ui, ra\u0161alui.\" \/>\n<meta property=\"og:url\" content=\"https:\/\/hobstop.ee\/lt\/produktas\/piesimo-popierius-canson-1557-dessin-ja\/\" \/>\n<meta property=\"og:site_name\" content=\"Skizze\" \/>\n<meta property=\"article:publisher\" content=\"http:\/\/www.facebook.com\/VunderSkizze\" \/>\n<meta property=\"og:image\" content=\"https:\/\/hobstop.ee\/media\/4351.jpg\" \/>\n\t<meta property=\"og:image:width\" content=\"1024\" \/>\n\t<meta property=\"og:image:height\" content=\"768\" \/>\n\t<meta property=\"og:image:type\" content=\"image\/jpeg\" \/>\n<meta name=\"twitter:card\" content=\"summary_large_image\" \/>\n<script type=\"application\/ld+json\" class=\"yoast-schema-graph\">{\"@context\":\"https:\/\/schema.org\",\"@graph\":[{\"@type\":\"WebPage\",\"@id\":\"https:\/\/hobstop.ee\/lt\/produktas\/piesimo-popierius-canson-1557-dessin-ja\/\",\"url\":\"https:\/\/hobstop.ee\/lt\/produktas\/piesimo-popierius-canson-1557-dessin-ja\/\",\"name\":\"Pie\u0161imo popierius Canson 1557 Dessin JA &#8211; Skizze\",\"isPartOf\":{\"@id\":\"https:\/\/hobstop.ee\/lt\/#website\"},\"primaryImageOfPage\":{\"@id\":\"https:\/\/hobstop.ee\/lt\/produktas\/piesimo-popierius-canson-1557-dessin-ja\/#primaryimage\"},\"image\":{\"@id\":\"https:\/\/hobstop.ee\/lt\/produktas\/piesimo-popierius-canson-1557-dessin-ja\/#primaryimage\"},\"thumbnailUrl\":\"https:\/\/hobstop.ee\/media\/4351.jpg\",\"datePublished\":\"2016-06-02T13:01:02+00:00\",\"dateModified\":\"2016-06-02T13:01:02+00:00\",\"breadcrumb\":{\"@id\":\"https:\/\/hobstop.ee\/lt\/produktas\/piesimo-popierius-canson-1557-dessin-ja\/#breadcrumb\"},\"inLanguage\":\"lt\",\"potentialAction\":[{\"@type\":\"ReadAction\",\"target\":[\"https:\/\/hobstop.ee\/lt\/produktas\/piesimo-popierius-canson-1557-dessin-ja\/\"]}]},{\"@type\":\"ImageObject\",\"inLanguage\":\"lt\",\"@id\":\"https:\/\/hobstop.ee\/lt\/produktas\/piesimo-popierius-canson-1557-dessin-ja\/#primaryimage\",\"url\":\"https:\/\/hobstop.ee\/media\/4351.jpg\",\"contentUrl\":\"https:\/\/hobstop.ee\/media\/4351.jpg\",\"width\":1024,\"height\":768},{\"@type\":\"BreadcrumbList\",\"@id\":\"https:\/\/hobstop.ee\/lt\/produktas\/piesimo-popierius-canson-1557-dessin-ja\/#breadcrumb\",\"itemListElement\":[{\"@type\":\"ListItem\",\"position\":1,\"name\":\"Avaleht\",\"item\":\"https:\/\/hobstop.ee\/lt\/\"},{\"@type\":\"ListItem\",\"position\":2,\"name\":\"Parduotuv\u0117\",\"item\":\"https:\/\/hobstop.ee\/lt\/parduotuve\/\"},{\"@type\":\"ListItem\",\"position\":3,\"name\":\"Pie\u0161imo popierius Canson 1557 Dessin JA\"}]},{\"@type\":\"WebSite\",\"@id\":\"https:\/\/hobstop.ee\/lt\/#website\",\"url\":\"https:\/\/hobstop.ee\/lt\/\",\"name\":\"Skizze\",\"description\":\"Dail\u0117s, pom\u0117gi\u0173 ir mokykliniai reikm\u0117nys\",\"publisher\":{\"@id\":\"https:\/\/hobstop.ee\/lt\/#organization\"},\"potentialAction\":[{\"@type\":\"SearchAction\",\"target\":{\"@type\":\"EntryPoint\",\"urlTemplate\":\"https:\/\/hobstop.ee\/lt\/?s={search_term_string}\"},\"query-input\":{\"@type\":\"PropertyValueSpecification\",\"valueRequired\":true,\"valueName\":\"search_term_string\"}}],\"inLanguage\":\"lt\"},{\"@type\":\"Organization\",\"@id\":\"https:\/\/hobstop.ee\/lt\/#organization\",\"name\":\"Vunder AS\",\"url\":\"https:\/\/hobstop.ee\/lt\/\",\"logo\":{\"@type\":\"ImageObject\",\"inLanguage\":\"lt\",\"@id\":\"https:\/\/hobstop.ee\/lt\/#\/schema\/logo\/image\/\",\"url\":\"https:\/\/hobstop.ee\/media\/vunder-logo.png\",\"contentUrl\":\"https:\/\/hobstop.ee\/media\/vunder-logo.png\",\"width\":127,\"height\":55,\"caption\":\"Vunder AS\"},\"image\":{\"@id\":\"https:\/\/hobstop.ee\/lt\/#\/schema\/logo\/image\/\"},\"sameAs\":[\"http:\/\/www.facebook.com\/VunderSkizze\"]}]}<\/script>\n<!-- \/ Yoast SEO plugin. -->","yoast_head_json":{"title":"Pie\u0161imo popierius Canson 1557 Dessin JA &#8211; Skizze","robots":{"index":"noindex","follow":"follow","max-snippet":"max-snippet:-1","max-image-preview":"max-image-preview:large","max-video-preview":"max-video-preview:-1"},"og_locale":"lt_LT","og_type":"article","og_title":"Pie\u0161imo popierius Canson 1557 Dessin JA &#8211; Skizze","og_description":"Popierius \u201eCanson 1557\u201c yra lengvos tekst\u016bros, ber\u016bg\u0161tis popierius, tinkantis studijoms, eskizams ir pie\u0161imui. Pagamintas i\u0161 grynos alfos celiulioz\u0117s, sud\u0117tyje n\u0117ra medienos plau\u0161\u0173. \u0160lichtuotas ir patvarus, tod\u0117l nesimato trynimo \u017eymi\u0173 ir nesiplau\u0161oja. I\u0161siskiria savo \u0161varia balta spalva. Puikiai tinka pie\u0161imui pie\u0161tukais, pastel\u0117mis, anglimi ir markeriais. Taip pat tinka akvarelei, gua\u0161ui, tu\u0161ui, ra\u0161alui.","og_url":"https:\/\/hobstop.ee\/lt\/produktas\/piesimo-popierius-canson-1557-dessin-ja\/","og_site_name":"Skizze","article_publisher":"http:\/\/www.facebook.com\/VunderSkizze","og_image":[{"width":1024,"height":768,"url":"https:\/\/hobstop.ee\/media\/4351.jpg","type":"image\/jpeg"}],"twitter_card":"summary_large_image","schema":{"@context":"https:\/\/schema.org","@graph":[{"@type":"WebPage","@id":"https:\/\/hobstop.ee\/lt\/produktas\/piesimo-popierius-canson-1557-dessin-ja\/","url":"https:\/\/hobstop.ee\/lt\/produktas\/piesimo-popierius-canson-1557-dessin-ja\/","name":"Pie\u0161imo popierius Canson 1557 Dessin JA &#8211; Skizze","isPartOf":{"@id":"https:\/\/hobstop.ee\/lt\/#website"},"primaryImageOfPage":{"@id":"https:\/\/hobstop.ee\/lt\/produktas\/piesimo-popierius-canson-1557-dessin-ja\/#primaryimage"},"image":{"@id":"https:\/\/hobstop.ee\/lt\/produktas\/piesimo-popierius-canson-1557-dessin-ja\/#primaryimage"},"thumbnailUrl":"https:\/\/hobstop.ee\/media\/4351.jpg","datePublished":"2016-06-02T13:01:02+00:00","dateModified":"2016-06-02T13:01:02+00:00","breadcrumb":{"@id":"https:\/\/hobstop.ee\/lt\/produktas\/piesimo-popierius-canson-1557-dessin-ja\/#breadcrumb"},"inLanguage":"lt","potentialAction":[{"@type":"ReadAction","target":["https:\/\/hobstop.ee\/lt\/produktas\/piesimo-popierius-canson-1557-dessin-ja\/"]}]},{"@type":"ImageObject","inLanguage":"lt","@id":"https:\/\/hobstop.ee\/lt\/produktas\/piesimo-popierius-canson-1557-dessin-ja\/#primaryimage","url":"https:\/\/hobstop.ee\/media\/4351.jpg","contentUrl":"https:\/\/hobstop.ee\/media\/4351.jpg","width":1024,"height":768},{"@type":"BreadcrumbList","@id":"https:\/\/hobstop.ee\/lt\/produktas\/piesimo-popierius-canson-1557-dessin-ja\/#breadcrumb","itemListElement":[{"@type":"ListItem","position":1,"name":"Avaleht","item":"https:\/\/hobstop.ee\/lt\/"},{"@type":"ListItem","position":2,"name":"Parduotuv\u0117","item":"https:\/\/hobstop.ee\/lt\/parduotuve\/"},{"@type":"ListItem","position":3,"name":"Pie\u0161imo popierius Canson 1557 Dessin JA"}]},{"@type":"WebSite","@id":"https:\/\/hobstop.ee\/lt\/#website","url":"https:\/\/hobstop.ee\/lt\/","name":"Skizze","description":"Dail\u0117s, pom\u0117gi\u0173 ir mokykliniai reikm\u0117nys","publisher":{"@id":"https:\/\/hobstop.ee\/lt\/#organization"},"potentialAction":[{"@type":"SearchAction","target":{"@type":"EntryPoint","urlTemplate":"https:\/\/hobstop.ee\/lt\/?s={search_term_string}"},"query-input":{"@type":"PropertyValueSpecification","valueRequired":true,"valueName":"search_term_string"}}],"inLanguage":"lt"},{"@type":"Organization","@id":"https:\/\/hobstop.ee\/lt\/#organization","name":"Vunder AS","url":"https:\/\/hobstop.ee\/lt\/","logo":{"@type":"ImageObject","inLanguage":"lt","@id":"https:\/\/hobstop.ee\/lt\/#\/schema\/logo\/image\/","url":"https:\/\/hobstop.ee\/media\/vunder-logo.png","contentUrl":"https:\/\/hobstop.ee\/media\/vunder-logo.png","width":127,"height":55,"caption":"Vunder AS"},"image":{"@id":"https:\/\/hobstop.ee\/lt\/#\/schema\/logo\/image\/"},"sameAs":["http:\/\/www.facebook.com\/VunderSkizze"]}]}},"_links":{"self":[{"href":"https:\/\/hobstop.ee\/lt\/wp-json\/wp\/v2\/product\/270396","targetHints":{"allow":["GET"]}}],"collection":[{"href":"https:\/\/hobstop.ee\/lt\/wp-json\/wp\/v2\/product"}],"about":[{"href":"https:\/\/hobstop.ee\/lt\/wp-json\/wp\/v2\/types\/product"}],"replies":[{"embeddable":true,"href":"https:\/\/hobstop.ee\/lt\/wp-json\/wp\/v2\/comments?post=270396"}],"wp:featuredmedia":[{"embeddable":true,"href":"https:\/\/hobstop.ee\/lt\/wp-json\/wp\/v2\/media\/270536"}],"wp:attachment":[{"href":"https:\/\/hobstop.ee\/lt\/wp-json\/wp\/v2\/media?parent=270396"}],"wp:term":[{"taxonomy":"product_cat","embeddable":true,"href":"https:\/\/hobstop.ee\/lt\/wp-json\/wp\/v2\/product_cat?post=270396"},{"taxonomy":"product_tag","embeddable":true,"href":"https:\/\/hobstop.ee\/lt\/wp-json\/wp\/v2\/product_tag?post=270396"}],"curies":[{"name":"wp","href":"https:\/\/api.w.org\/{rel}","templated":true}]}}