{"id":270408,"date":"2015-09-02T16:01:05","date_gmt":"2016-06-02T13:01:06","guid":{"rendered":"https:\/\/sharks.ee\/vunder_2019\/lt\/product\/zirkles-maped-kidicut\/"},"modified":"2016-06-02T16:01:06","modified_gmt":"2016-06-02T13:01:06","slug":"zirkles-maped-kidicut","status":"publish","type":"product","link":"https:\/\/hobstop.ee\/lt\/produktas\/zirkles-maped-kidicut\/","title":{"rendered":"\u017dirkl\u0117s Maped KidiCut"},"content":{"rendered":"<p>\u017dirkl\u0117mis \u201eKidiCut\u201c ma\u017ei vaikai i\u0161moks lengvai ir saugiai kirpti. Sukurtos specialiai daiktams i\u0161kirpti, apvaliais galiukais ir stiklo puo\u0161to a\u0161menimis, nekerpa plauk\u0173 ir drabu\u017ei\u0173, tik popieri\u0173. \u017dirkl\u0117s \u201eKidiCut\u201c ne\u012fsielektrina. Visi\u0161kai ramybei u\u017etikrinti!<\/p>\n","protected":false},"excerpt":{"rendered":"<p>\u017dirkl\u0117mis \u201eKidiCut\u201c ma\u017ei vaikai i\u0161moks lengvai ir saugiai kirpti. Sukurtos specialiai daiktams i\u0161kirpti, apvaliais galiukais ir stiklo puo\u0161to a\u0161menimis, nekerpa plauk\u0173 ir drabu\u017ei\u0173, tik popieri\u0173. \u017dirkl\u0117s \u201eKidiCut\u201c ne\u012fsielektrina. Visi\u0161kai ramybei u\u017etikrinti!<\/p>\n","protected":false},"featured_media":270548,"comment_status":"closed","ping_status":"closed","template":"","meta":{"_acf_changed":false,"ep_exclude_from_search":false},"product_cat":[18642,235,18720],"product_tag":[],"class_list":{"0":"post-270408","1":"product","2":"type-product","3":"status-publish","4":"has-post-thumbnail","6":"product_cat-ivairus-3","7":"product_cat-mokyklines-prekes","8":"product_cat-zirkles-2","10":"first","11":"instock","12":"taxable","13":"shipping-taxable","14":"purchasable","15":"product-type-variable"},"acf":[],"yoast_head":"<!-- This site is optimized with the Yoast SEO plugin v24.1 - https:\/\/yoast.com\/wordpress\/plugins\/seo\/ -->\n<title>\u017dirkl\u0117s Maped KidiCut &#8211; Skizze<\/title>\n<meta name=\"robots\" content=\"noindex, follow, max-snippet:-1, max-image-preview:large, max-video-preview:-1\" \/>\n<meta property=\"og:locale\" content=\"lt_LT\" \/>\n<meta property=\"og:type\" content=\"article\" \/>\n<meta property=\"og:title\" content=\"\u017dirkl\u0117s Maped KidiCut &#8211; Skizze\" \/>\n<meta property=\"og:description\" content=\"\u017dirkl\u0117mis \u201eKidiCut\u201c ma\u017ei vaikai i\u0161moks lengvai ir saugiai kirpti. Sukurtos specialiai daiktams i\u0161kirpti, apvaliais galiukais ir stiklo puo\u0161to a\u0161menimis, nekerpa plauk\u0173 ir drabu\u017ei\u0173, tik popieri\u0173. \u017dirkl\u0117s \u201eKidiCut\u201c ne\u012fsielektrina. Visi\u0161kai ramybei u\u017etikrinti!\" \/>\n<meta property=\"og:url\" content=\"https:\/\/hobstop.ee\/lt\/produktas\/zirkles-maped-kidicut\/\" \/>\n<meta property=\"og:site_name\" content=\"Skizze\" \/>\n<meta property=\"article:publisher\" content=\"http:\/\/www.facebook.com\/VunderSkizze\" \/>\n<meta property=\"og:image\" content=\"https:\/\/hobstop.ee\/media\/4354.jpg\" \/>\n\t<meta property=\"og:image:width\" content=\"1024\" \/>\n\t<meta property=\"og:image:height\" content=\"768\" \/>\n\t<meta property=\"og:image:type\" content=\"image\/jpeg\" \/>\n<meta name=\"twitter:card\" content=\"summary_large_image\" \/>\n<script type=\"application\/ld+json\" class=\"yoast-schema-graph\">{\"@context\":\"https:\/\/schema.org\",\"@graph\":[{\"@type\":\"WebPage\",\"@id\":\"https:\/\/hobstop.ee\/lt\/produktas\/zirkles-maped-kidicut\/\",\"url\":\"https:\/\/hobstop.ee\/lt\/produktas\/zirkles-maped-kidicut\/\",\"name\":\"\u017dirkl\u0117s Maped KidiCut &#8211; Skizze\",\"isPartOf\":{\"@id\":\"https:\/\/hobstop.ee\/lt\/#website\"},\"primaryImageOfPage\":{\"@id\":\"https:\/\/hobstop.ee\/lt\/produktas\/zirkles-maped-kidicut\/#primaryimage\"},\"image\":{\"@id\":\"https:\/\/hobstop.ee\/lt\/produktas\/zirkles-maped-kidicut\/#primaryimage\"},\"thumbnailUrl\":\"https:\/\/hobstop.ee\/media\/4354.jpg\",\"datePublished\":\"2016-06-02T13:01:06+00:00\",\"dateModified\":\"2016-06-02T13:01:06+00:00\",\"breadcrumb\":{\"@id\":\"https:\/\/hobstop.ee\/lt\/produktas\/zirkles-maped-kidicut\/#breadcrumb\"},\"inLanguage\":\"lt\",\"potentialAction\":[{\"@type\":\"ReadAction\",\"target\":[\"https:\/\/hobstop.ee\/lt\/produktas\/zirkles-maped-kidicut\/\"]}]},{\"@type\":\"ImageObject\",\"inLanguage\":\"lt\",\"@id\":\"https:\/\/hobstop.ee\/lt\/produktas\/zirkles-maped-kidicut\/#primaryimage\",\"url\":\"https:\/\/hobstop.ee\/media\/4354.jpg\",\"contentUrl\":\"https:\/\/hobstop.ee\/media\/4354.jpg\",\"width\":1024,\"height\":768},{\"@type\":\"BreadcrumbList\",\"@id\":\"https:\/\/hobstop.ee\/lt\/produktas\/zirkles-maped-kidicut\/#breadcrumb\",\"itemListElement\":[{\"@type\":\"ListItem\",\"position\":1,\"name\":\"Avaleht\",\"item\":\"https:\/\/hobstop.ee\/lt\/\"},{\"@type\":\"ListItem\",\"position\":2,\"name\":\"Parduotuv\u0117\",\"item\":\"https:\/\/hobstop.ee\/lt\/parduotuve\/\"},{\"@type\":\"ListItem\",\"position\":3,\"name\":\"\u017dirkl\u0117s Maped KidiCut\"}]},{\"@type\":\"WebSite\",\"@id\":\"https:\/\/hobstop.ee\/lt\/#website\",\"url\":\"https:\/\/hobstop.ee\/lt\/\",\"name\":\"Skizze\",\"description\":\"Dail\u0117s, pom\u0117gi\u0173 ir mokykliniai reikm\u0117nys\",\"publisher\":{\"@id\":\"https:\/\/hobstop.ee\/lt\/#organization\"},\"potentialAction\":[{\"@type\":\"SearchAction\",\"target\":{\"@type\":\"EntryPoint\",\"urlTemplate\":\"https:\/\/hobstop.ee\/lt\/?s={search_term_string}\"},\"query-input\":{\"@type\":\"PropertyValueSpecification\",\"valueRequired\":true,\"valueName\":\"search_term_string\"}}],\"inLanguage\":\"lt\"},{\"@type\":\"Organization\",\"@id\":\"https:\/\/hobstop.ee\/lt\/#organization\",\"name\":\"Vunder AS\",\"url\":\"https:\/\/hobstop.ee\/lt\/\",\"logo\":{\"@type\":\"ImageObject\",\"inLanguage\":\"lt\",\"@id\":\"https:\/\/hobstop.ee\/lt\/#\/schema\/logo\/image\/\",\"url\":\"https:\/\/hobstop.ee\/media\/vunder-logo.png\",\"contentUrl\":\"https:\/\/hobstop.ee\/media\/vunder-logo.png\",\"width\":127,\"height\":55,\"caption\":\"Vunder AS\"},\"image\":{\"@id\":\"https:\/\/hobstop.ee\/lt\/#\/schema\/logo\/image\/\"},\"sameAs\":[\"http:\/\/www.facebook.com\/VunderSkizze\"]}]}<\/script>\n<!-- \/ Yoast SEO plugin. -->","yoast_head_json":{"title":"\u017dirkl\u0117s Maped KidiCut &#8211; Skizze","robots":{"index":"noindex","follow":"follow","max-snippet":"max-snippet:-1","max-image-preview":"max-image-preview:large","max-video-preview":"max-video-preview:-1"},"og_locale":"lt_LT","og_type":"article","og_title":"\u017dirkl\u0117s Maped KidiCut &#8211; Skizze","og_description":"\u017dirkl\u0117mis \u201eKidiCut\u201c ma\u017ei vaikai i\u0161moks lengvai ir saugiai kirpti. Sukurtos specialiai daiktams i\u0161kirpti, apvaliais galiukais ir stiklo puo\u0161to a\u0161menimis, nekerpa plauk\u0173 ir drabu\u017ei\u0173, tik popieri\u0173. \u017dirkl\u0117s \u201eKidiCut\u201c ne\u012fsielektrina. Visi\u0161kai ramybei u\u017etikrinti!","og_url":"https:\/\/hobstop.ee\/lt\/produktas\/zirkles-maped-kidicut\/","og_site_name":"Skizze","article_publisher":"http:\/\/www.facebook.com\/VunderSkizze","og_image":[{"width":1024,"height":768,"url":"https:\/\/hobstop.ee\/media\/4354.jpg","type":"image\/jpeg"}],"twitter_card":"summary_large_image","schema":{"@context":"https:\/\/schema.org","@graph":[{"@type":"WebPage","@id":"https:\/\/hobstop.ee\/lt\/produktas\/zirkles-maped-kidicut\/","url":"https:\/\/hobstop.ee\/lt\/produktas\/zirkles-maped-kidicut\/","name":"\u017dirkl\u0117s Maped KidiCut &#8211; Skizze","isPartOf":{"@id":"https:\/\/hobstop.ee\/lt\/#website"},"primaryImageOfPage":{"@id":"https:\/\/hobstop.ee\/lt\/produktas\/zirkles-maped-kidicut\/#primaryimage"},"image":{"@id":"https:\/\/hobstop.ee\/lt\/produktas\/zirkles-maped-kidicut\/#primaryimage"},"thumbnailUrl":"https:\/\/hobstop.ee\/media\/4354.jpg","datePublished":"2016-06-02T13:01:06+00:00","dateModified":"2016-06-02T13:01:06+00:00","breadcrumb":{"@id":"https:\/\/hobstop.ee\/lt\/produktas\/zirkles-maped-kidicut\/#breadcrumb"},"inLanguage":"lt","potentialAction":[{"@type":"ReadAction","target":["https:\/\/hobstop.ee\/lt\/produktas\/zirkles-maped-kidicut\/"]}]},{"@type":"ImageObject","inLanguage":"lt","@id":"https:\/\/hobstop.ee\/lt\/produktas\/zirkles-maped-kidicut\/#primaryimage","url":"https:\/\/hobstop.ee\/media\/4354.jpg","contentUrl":"https:\/\/hobstop.ee\/media\/4354.jpg","width":1024,"height":768},{"@type":"BreadcrumbList","@id":"https:\/\/hobstop.ee\/lt\/produktas\/zirkles-maped-kidicut\/#breadcrumb","itemListElement":[{"@type":"ListItem","position":1,"name":"Avaleht","item":"https:\/\/hobstop.ee\/lt\/"},{"@type":"ListItem","position":2,"name":"Parduotuv\u0117","item":"https:\/\/hobstop.ee\/lt\/parduotuve\/"},{"@type":"ListItem","position":3,"name":"\u017dirkl\u0117s Maped KidiCut"}]},{"@type":"WebSite","@id":"https:\/\/hobstop.ee\/lt\/#website","url":"https:\/\/hobstop.ee\/lt\/","name":"Skizze","description":"Dail\u0117s, pom\u0117gi\u0173 ir mokykliniai reikm\u0117nys","publisher":{"@id":"https:\/\/hobstop.ee\/lt\/#organization"},"potentialAction":[{"@type":"SearchAction","target":{"@type":"EntryPoint","urlTemplate":"https:\/\/hobstop.ee\/lt\/?s={search_term_string}"},"query-input":{"@type":"PropertyValueSpecification","valueRequired":true,"valueName":"search_term_string"}}],"inLanguage":"lt"},{"@type":"Organization","@id":"https:\/\/hobstop.ee\/lt\/#organization","name":"Vunder AS","url":"https:\/\/hobstop.ee\/lt\/","logo":{"@type":"ImageObject","inLanguage":"lt","@id":"https:\/\/hobstop.ee\/lt\/#\/schema\/logo\/image\/","url":"https:\/\/hobstop.ee\/media\/vunder-logo.png","contentUrl":"https:\/\/hobstop.ee\/media\/vunder-logo.png","width":127,"height":55,"caption":"Vunder AS"},"image":{"@id":"https:\/\/hobstop.ee\/lt\/#\/schema\/logo\/image\/"},"sameAs":["http:\/\/www.facebook.com\/VunderSkizze"]}]}},"_links":{"self":[{"href":"https:\/\/hobstop.ee\/lt\/wp-json\/wp\/v2\/product\/270408","targetHints":{"allow":["GET"]}}],"collection":[{"href":"https:\/\/hobstop.ee\/lt\/wp-json\/wp\/v2\/product"}],"about":[{"href":"https:\/\/hobstop.ee\/lt\/wp-json\/wp\/v2\/types\/product"}],"replies":[{"embeddable":true,"href":"https:\/\/hobstop.ee\/lt\/wp-json\/wp\/v2\/comments?post=270408"}],"wp:featuredmedia":[{"embeddable":true,"href":"https:\/\/hobstop.ee\/lt\/wp-json\/wp\/v2\/media\/270548"}],"wp:attachment":[{"href":"https:\/\/hobstop.ee\/lt\/wp-json\/wp\/v2\/media?parent=270408"}],"wp:term":[{"taxonomy":"product_cat","embeddable":true,"href":"https:\/\/hobstop.ee\/lt\/wp-json\/wp\/v2\/product_cat?post=270408"},{"taxonomy":"product_tag","embeddable":true,"href":"https:\/\/hobstop.ee\/lt\/wp-json\/wp\/v2\/product_tag?post=270408"}],"curies":[{"name":"wp","href":"https:\/\/api.w.org\/{rel}","templated":true}]}}