{"id":271742,"date":"2015-09-04T10:56:46","date_gmt":"2016-08-04T07:56:47","guid":{"rendered":"https:\/\/sharks.ee\/vunder_2019\/lt\/product\/kaligrafine-plunksna-pilot-parallel-pen\/"},"modified":"2016-08-04T10:56:47","modified_gmt":"2016-08-04T07:56:47","slug":"kaligrafine-plunksna-pilot-parallel-pen","status":"publish","type":"product","link":"https:\/\/hobstop.ee\/lt\/produktas\/kaligrafine-plunksna-pilot-parallel-pen\/","title":{"rendered":"Kaligrafin\u0117 plunksna Pilot Parallel Pen"},"content":{"rendered":"<p>Kaligrafijos menas dabar yra prieinamas visiems! Parkeris \u201ePilot Parallel Pen\u201c yra pirmasis ra\u0161iklis, kuriuo visi\u0161kai be pastang\u0173 galima ra\u0161yti storomis ir plonomis linijomis. Plunksnoje \u201eParallel Structure\u201c yra dvi lygiagre\u010diai \u012fstatytos plok\u0161tel\u0117s, kuriomis galima nubr\u0117\u017eti kur kas ai\u0161kesnes linijas, palyginus su kitomis kaligrafijos plunksnomis. Perkeliant tu\u0161\u0105 nuo vienos plunksnos \u012f kit\u0105, galima i\u0161gauti spalv\u0173 per\u0117jimus, viena plunksna galima naudoti dvi skirtingas tu\u0161o spalvas.<\/p>\n","protected":false},"excerpt":{"rendered":"<p>Kaligrafijos menas dabar yra prieinamas visiems! Parkeris \u201ePilot Parallel Pen\u201c yra pirmasis ra\u0161iklis, kuriuo visi\u0161kai be pastang\u0173 galima ra\u0161yti storomis ir plonomis linijomis. Plunksnoje \u201eParallel Structure\u201c yra dvi lygiagre\u010diai \u012fstatytos plok\u0161tel\u0117s, kuriomis galima nubr\u0117\u017eti kur kas ai\u0161kesnes linijas, palyginus su kitomis kaligrafijos plunksnomis. Perkeliant tu\u0161\u0105 nuo vienos plunksnos \u012f kit\u0105, galima i\u0161gauti spalv\u0173 per\u0117jimus, viena plunksna galima naudoti dvi skirtingas tu\u0161o spalvas.<\/p>\n","protected":false},"featured_media":271882,"comment_status":"closed","ping_status":"closed","template":"","meta":{"_acf_changed":false,"ep_exclude_from_search":false},"product_cat":[16124,14880,15094],"product_tag":[],"class_list":{"0":"post-271742","1":"product","2":"type-product","3":"status-publish","4":"has-post-thumbnail","6":"product_cat-dailes-prekes","7":"product_cat-kiirkoitjad","8":"product_cat-kraapeplaadid","10":"first","11":"outofstock","12":"taxable","13":"shipping-taxable","14":"purchasable","15":"product-type-variable"},"acf":[],"yoast_head":"<!-- This site is optimized with the Yoast SEO plugin v24.1 - https:\/\/yoast.com\/wordpress\/plugins\/seo\/ -->\n<title>Kaligrafin\u0117 plunksna Pilot Parallel Pen &#8211; Skizze<\/title>\n<meta name=\"robots\" content=\"noindex, follow, max-snippet:-1, max-image-preview:large, max-video-preview:-1\" \/>\n<meta property=\"og:locale\" content=\"lt_LT\" \/>\n<meta property=\"og:type\" content=\"article\" \/>\n<meta property=\"og:title\" content=\"Kaligrafin\u0117 plunksna Pilot Parallel Pen &#8211; Skizze\" \/>\n<meta property=\"og:description\" content=\"Kaligrafijos menas dabar yra prieinamas visiems! Parkeris \u201ePilot Parallel Pen\u201c yra pirmasis ra\u0161iklis, kuriuo visi\u0161kai be pastang\u0173 galima ra\u0161yti storomis ir plonomis linijomis. Plunksnoje \u201eParallel Structure\u201c yra dvi lygiagre\u010diai \u012fstatytos plok\u0161tel\u0117s, kuriomis galima nubr\u0117\u017eti kur kas ai\u0161kesnes linijas, palyginus su kitomis kaligrafijos plunksnomis. Perkeliant tu\u0161\u0105 nuo vienos plunksnos \u012f kit\u0105, galima i\u0161gauti spalv\u0173 per\u0117jimus, viena plunksna galima naudoti dvi skirtingas tu\u0161o spalvas.\" \/>\n<meta property=\"og:url\" content=\"https:\/\/hobstop.ee\/lt\/produktas\/kaligrafine-plunksna-pilot-parallel-pen\/\" \/>\n<meta property=\"og:site_name\" content=\"Skizze\" \/>\n<meta property=\"article:publisher\" content=\"http:\/\/www.facebook.com\/VunderSkizze\" \/>\n<meta property=\"og:image\" content=\"https:\/\/hobstop.ee\/media\/3475.jpg\" \/>\n\t<meta property=\"og:image:width\" content=\"1024\" \/>\n\t<meta property=\"og:image:height\" content=\"768\" \/>\n\t<meta property=\"og:image:type\" content=\"image\/jpeg\" \/>\n<meta name=\"twitter:card\" content=\"summary_large_image\" \/>\n<script type=\"application\/ld+json\" class=\"yoast-schema-graph\">{\"@context\":\"https:\/\/schema.org\",\"@graph\":[{\"@type\":\"WebPage\",\"@id\":\"https:\/\/hobstop.ee\/lt\/produktas\/kaligrafine-plunksna-pilot-parallel-pen\/\",\"url\":\"https:\/\/hobstop.ee\/lt\/produktas\/kaligrafine-plunksna-pilot-parallel-pen\/\",\"name\":\"Kaligrafin\u0117 plunksna Pilot Parallel Pen &#8211; Skizze\",\"isPartOf\":{\"@id\":\"https:\/\/hobstop.ee\/lt\/#website\"},\"primaryImageOfPage\":{\"@id\":\"https:\/\/hobstop.ee\/lt\/produktas\/kaligrafine-plunksna-pilot-parallel-pen\/#primaryimage\"},\"image\":{\"@id\":\"https:\/\/hobstop.ee\/lt\/produktas\/kaligrafine-plunksna-pilot-parallel-pen\/#primaryimage\"},\"thumbnailUrl\":\"https:\/\/hobstop.ee\/media\/3475.jpg\",\"datePublished\":\"2016-08-04T07:56:47+00:00\",\"dateModified\":\"2016-08-04T07:56:47+00:00\",\"breadcrumb\":{\"@id\":\"https:\/\/hobstop.ee\/lt\/produktas\/kaligrafine-plunksna-pilot-parallel-pen\/#breadcrumb\"},\"inLanguage\":\"lt\",\"potentialAction\":[{\"@type\":\"ReadAction\",\"target\":[\"https:\/\/hobstop.ee\/lt\/produktas\/kaligrafine-plunksna-pilot-parallel-pen\/\"]}]},{\"@type\":\"ImageObject\",\"inLanguage\":\"lt\",\"@id\":\"https:\/\/hobstop.ee\/lt\/produktas\/kaligrafine-plunksna-pilot-parallel-pen\/#primaryimage\",\"url\":\"https:\/\/hobstop.ee\/media\/3475.jpg\",\"contentUrl\":\"https:\/\/hobstop.ee\/media\/3475.jpg\",\"width\":1024,\"height\":768},{\"@type\":\"BreadcrumbList\",\"@id\":\"https:\/\/hobstop.ee\/lt\/produktas\/kaligrafine-plunksna-pilot-parallel-pen\/#breadcrumb\",\"itemListElement\":[{\"@type\":\"ListItem\",\"position\":1,\"name\":\"Avaleht\",\"item\":\"https:\/\/hobstop.ee\/lt\/\"},{\"@type\":\"ListItem\",\"position\":2,\"name\":\"Parduotuv\u0117\",\"item\":\"https:\/\/hobstop.ee\/lt\/parduotuve\/\"},{\"@type\":\"ListItem\",\"position\":3,\"name\":\"Kaligrafin\u0117 plunksna Pilot Parallel Pen\"}]},{\"@type\":\"WebSite\",\"@id\":\"https:\/\/hobstop.ee\/lt\/#website\",\"url\":\"https:\/\/hobstop.ee\/lt\/\",\"name\":\"Skizze\",\"description\":\"Dail\u0117s, pom\u0117gi\u0173 ir mokykliniai reikm\u0117nys\",\"publisher\":{\"@id\":\"https:\/\/hobstop.ee\/lt\/#organization\"},\"potentialAction\":[{\"@type\":\"SearchAction\",\"target\":{\"@type\":\"EntryPoint\",\"urlTemplate\":\"https:\/\/hobstop.ee\/lt\/?s={search_term_string}\"},\"query-input\":{\"@type\":\"PropertyValueSpecification\",\"valueRequired\":true,\"valueName\":\"search_term_string\"}}],\"inLanguage\":\"lt\"},{\"@type\":\"Organization\",\"@id\":\"https:\/\/hobstop.ee\/lt\/#organization\",\"name\":\"Vunder AS\",\"url\":\"https:\/\/hobstop.ee\/lt\/\",\"logo\":{\"@type\":\"ImageObject\",\"inLanguage\":\"lt\",\"@id\":\"https:\/\/hobstop.ee\/lt\/#\/schema\/logo\/image\/\",\"url\":\"https:\/\/hobstop.ee\/media\/vunder-logo.png\",\"contentUrl\":\"https:\/\/hobstop.ee\/media\/vunder-logo.png\",\"width\":127,\"height\":55,\"caption\":\"Vunder AS\"},\"image\":{\"@id\":\"https:\/\/hobstop.ee\/lt\/#\/schema\/logo\/image\/\"},\"sameAs\":[\"http:\/\/www.facebook.com\/VunderSkizze\"]}]}<\/script>\n<!-- \/ Yoast SEO plugin. -->","yoast_head_json":{"title":"Kaligrafin\u0117 plunksna Pilot Parallel Pen &#8211; Skizze","robots":{"index":"noindex","follow":"follow","max-snippet":"max-snippet:-1","max-image-preview":"max-image-preview:large","max-video-preview":"max-video-preview:-1"},"og_locale":"lt_LT","og_type":"article","og_title":"Kaligrafin\u0117 plunksna Pilot Parallel Pen &#8211; Skizze","og_description":"Kaligrafijos menas dabar yra prieinamas visiems! Parkeris \u201ePilot Parallel Pen\u201c yra pirmasis ra\u0161iklis, kuriuo visi\u0161kai be pastang\u0173 galima ra\u0161yti storomis ir plonomis linijomis. Plunksnoje \u201eParallel Structure\u201c yra dvi lygiagre\u010diai \u012fstatytos plok\u0161tel\u0117s, kuriomis galima nubr\u0117\u017eti kur kas ai\u0161kesnes linijas, palyginus su kitomis kaligrafijos plunksnomis. Perkeliant tu\u0161\u0105 nuo vienos plunksnos \u012f kit\u0105, galima i\u0161gauti spalv\u0173 per\u0117jimus, viena plunksna galima naudoti dvi skirtingas tu\u0161o spalvas.","og_url":"https:\/\/hobstop.ee\/lt\/produktas\/kaligrafine-plunksna-pilot-parallel-pen\/","og_site_name":"Skizze","article_publisher":"http:\/\/www.facebook.com\/VunderSkizze","og_image":[{"width":1024,"height":768,"url":"https:\/\/hobstop.ee\/media\/3475.jpg","type":"image\/jpeg"}],"twitter_card":"summary_large_image","schema":{"@context":"https:\/\/schema.org","@graph":[{"@type":"WebPage","@id":"https:\/\/hobstop.ee\/lt\/produktas\/kaligrafine-plunksna-pilot-parallel-pen\/","url":"https:\/\/hobstop.ee\/lt\/produktas\/kaligrafine-plunksna-pilot-parallel-pen\/","name":"Kaligrafin\u0117 plunksna Pilot Parallel Pen &#8211; Skizze","isPartOf":{"@id":"https:\/\/hobstop.ee\/lt\/#website"},"primaryImageOfPage":{"@id":"https:\/\/hobstop.ee\/lt\/produktas\/kaligrafine-plunksna-pilot-parallel-pen\/#primaryimage"},"image":{"@id":"https:\/\/hobstop.ee\/lt\/produktas\/kaligrafine-plunksna-pilot-parallel-pen\/#primaryimage"},"thumbnailUrl":"https:\/\/hobstop.ee\/media\/3475.jpg","datePublished":"2016-08-04T07:56:47+00:00","dateModified":"2016-08-04T07:56:47+00:00","breadcrumb":{"@id":"https:\/\/hobstop.ee\/lt\/produktas\/kaligrafine-plunksna-pilot-parallel-pen\/#breadcrumb"},"inLanguage":"lt","potentialAction":[{"@type":"ReadAction","target":["https:\/\/hobstop.ee\/lt\/produktas\/kaligrafine-plunksna-pilot-parallel-pen\/"]}]},{"@type":"ImageObject","inLanguage":"lt","@id":"https:\/\/hobstop.ee\/lt\/produktas\/kaligrafine-plunksna-pilot-parallel-pen\/#primaryimage","url":"https:\/\/hobstop.ee\/media\/3475.jpg","contentUrl":"https:\/\/hobstop.ee\/media\/3475.jpg","width":1024,"height":768},{"@type":"BreadcrumbList","@id":"https:\/\/hobstop.ee\/lt\/produktas\/kaligrafine-plunksna-pilot-parallel-pen\/#breadcrumb","itemListElement":[{"@type":"ListItem","position":1,"name":"Avaleht","item":"https:\/\/hobstop.ee\/lt\/"},{"@type":"ListItem","position":2,"name":"Parduotuv\u0117","item":"https:\/\/hobstop.ee\/lt\/parduotuve\/"},{"@type":"ListItem","position":3,"name":"Kaligrafin\u0117 plunksna Pilot Parallel Pen"}]},{"@type":"WebSite","@id":"https:\/\/hobstop.ee\/lt\/#website","url":"https:\/\/hobstop.ee\/lt\/","name":"Skizze","description":"Dail\u0117s, pom\u0117gi\u0173 ir mokykliniai reikm\u0117nys","publisher":{"@id":"https:\/\/hobstop.ee\/lt\/#organization"},"potentialAction":[{"@type":"SearchAction","target":{"@type":"EntryPoint","urlTemplate":"https:\/\/hobstop.ee\/lt\/?s={search_term_string}"},"query-input":{"@type":"PropertyValueSpecification","valueRequired":true,"valueName":"search_term_string"}}],"inLanguage":"lt"},{"@type":"Organization","@id":"https:\/\/hobstop.ee\/lt\/#organization","name":"Vunder AS","url":"https:\/\/hobstop.ee\/lt\/","logo":{"@type":"ImageObject","inLanguage":"lt","@id":"https:\/\/hobstop.ee\/lt\/#\/schema\/logo\/image\/","url":"https:\/\/hobstop.ee\/media\/vunder-logo.png","contentUrl":"https:\/\/hobstop.ee\/media\/vunder-logo.png","width":127,"height":55,"caption":"Vunder AS"},"image":{"@id":"https:\/\/hobstop.ee\/lt\/#\/schema\/logo\/image\/"},"sameAs":["http:\/\/www.facebook.com\/VunderSkizze"]}]}},"_links":{"self":[{"href":"https:\/\/hobstop.ee\/lt\/wp-json\/wp\/v2\/product\/271742","targetHints":{"allow":["GET"]}}],"collection":[{"href":"https:\/\/hobstop.ee\/lt\/wp-json\/wp\/v2\/product"}],"about":[{"href":"https:\/\/hobstop.ee\/lt\/wp-json\/wp\/v2\/types\/product"}],"replies":[{"embeddable":true,"href":"https:\/\/hobstop.ee\/lt\/wp-json\/wp\/v2\/comments?post=271742"}],"wp:featuredmedia":[{"embeddable":true,"href":"https:\/\/hobstop.ee\/lt\/wp-json\/wp\/v2\/media\/271882"}],"wp:attachment":[{"href":"https:\/\/hobstop.ee\/lt\/wp-json\/wp\/v2\/media?parent=271742"}],"wp:term":[{"taxonomy":"product_cat","embeddable":true,"href":"https:\/\/hobstop.ee\/lt\/wp-json\/wp\/v2\/product_cat?post=271742"},{"taxonomy":"product_tag","embeddable":true,"href":"https:\/\/hobstop.ee\/lt\/wp-json\/wp\/v2\/product_tag?post=271742"}],"curies":[{"name":"wp","href":"https:\/\/api.w.org\/{rel}","templated":true}]}}