{"id":271766,"date":"2016-08-04T10:56:53","date_gmt":"2016-08-04T07:56:53","guid":{"rendered":"https:\/\/sharks.ee\/vunder_2019\/lt\/product\/tekstiles-zymeklis-tulip-brush-tip\/"},"modified":"2016-08-04T10:56:53","modified_gmt":"2016-08-04T07:56:53","slug":"tekstiles-zymeklis-tulip-brush-tip","status":"publish","type":"product","link":"https:\/\/hobstop.ee\/lt\/produktas\/tekstiles-zymeklis-tulip-brush-tip\/","title":{"rendered":"Tekstil\u0117s \u017eymeklis Tulip Brush-Tip"},"content":{"rendered":"<p>Intensyvi\u0173, ry\u0161ki\u0173 spalv\u0173 tekstil\u0117s markeriai \u201eTulip\u201c i\u0161laisvins J\u016bs\u0173 k\u016brybingum\u0105! Pie\u0161dami, brai\u017eydami ar spalvodami galite pasitik\u0117ti \u0161iais ai\u0161ki\u0173 ir ilgai i\u0161liekan\u010di\u0173 spalv\u0173 lengvai naudojamais markeriais, kuri\u0173 sud\u0117tyje n\u0117ra nuoding\u0173 med\u017eiag\u0173. Teptuko pavidalo galiukas puikiai tinka pie\u0161ti, ornamentuoti ir pie\u0161iniams akcentuoti ant audinio. I\u0161d\u017ei\u016bv\u0119s tu\u0161as tampa patvarus \u2013 dekoruoto daikto nereikia kaitinti, spalvos i\u0161lieka ry\u0161kios net ir da\u017enai skalbiant.<\/p>\n","protected":false},"excerpt":{"rendered":"<p>Intensyvi\u0173, ry\u0161ki\u0173 spalv\u0173 tekstil\u0117s markeriai \u201eTulip\u201c i\u0161laisvins J\u016bs\u0173 k\u016brybingum\u0105! Pie\u0161dami, brai\u017eydami ar spalvodami galite pasitik\u0117ti \u0161iais ai\u0161ki\u0173 ir ilgai i\u0161liekan\u010di\u0173 spalv\u0173 lengvai naudojamais markeriais, kuri\u0173 sud\u0117tyje n\u0117ra nuoding\u0173 med\u017eiag\u0173. Teptuko pavidalo galiukas puikiai tinka pie\u0161ti, ornamentuoti ir pie\u0161iniams akcentuoti ant audinio. I\u0161d\u017ei\u016bv\u0119s tu\u0161as tampa patvarus \u2013 dekoruoto daikto nereikia kaitinti, spalvos i\u0161lieka ry\u0161kios net ir da\u017enai skalbiant.<\/p>\n","protected":false},"featured_media":271906,"comment_status":"closed","ping_status":"closed","template":"","meta":{"_acf_changed":false,"ep_exclude_from_search":false},"product_cat":[14894,17919,14893],"product_tag":[],"class_list":{"0":"post-271766","1":"product","2":"type-product","3":"status-publish","4":"has-post-thumbnail","6":"product_cat-korrektuurivahendid","7":"product_cat-pomegiu-prekes","8":"product_cat-tekstilei","10":"first","11":"outofstock","12":"taxable","13":"shipping-taxable","14":"purchasable","15":"product-type-simple"},"acf":[],"yoast_head":"<!-- This site is optimized with the Yoast SEO plugin v24.1 - https:\/\/yoast.com\/wordpress\/plugins\/seo\/ -->\n<title>Tekstil\u0117s \u017eymeklis Tulip Brush-Tip &#8211; Skizze<\/title>\n<meta name=\"robots\" content=\"noindex, follow, max-snippet:-1, max-image-preview:large, max-video-preview:-1\" \/>\n<meta property=\"og:locale\" content=\"lt_LT\" \/>\n<meta property=\"og:type\" content=\"article\" \/>\n<meta property=\"og:title\" content=\"Tekstil\u0117s \u017eymeklis Tulip Brush-Tip &#8211; Skizze\" \/>\n<meta property=\"og:description\" content=\"Intensyvi\u0173, ry\u0161ki\u0173 spalv\u0173 tekstil\u0117s markeriai \u201eTulip\u201c i\u0161laisvins J\u016bs\u0173 k\u016brybingum\u0105! Pie\u0161dami, brai\u017eydami ar spalvodami galite pasitik\u0117ti \u0161iais ai\u0161ki\u0173 ir ilgai i\u0161liekan\u010di\u0173 spalv\u0173 lengvai naudojamais markeriais, kuri\u0173 sud\u0117tyje n\u0117ra nuoding\u0173 med\u017eiag\u0173. Teptuko pavidalo galiukas puikiai tinka pie\u0161ti, ornamentuoti ir pie\u0161iniams akcentuoti ant audinio. I\u0161d\u017ei\u016bv\u0119s tu\u0161as tampa patvarus \u2013 dekoruoto daikto nereikia kaitinti, spalvos i\u0161lieka ry\u0161kios net ir da\u017enai skalbiant.\" \/>\n<meta property=\"og:url\" content=\"https:\/\/hobstop.ee\/lt\/produktas\/tekstiles-zymeklis-tulip-brush-tip\/\" \/>\n<meta property=\"og:site_name\" content=\"Skizze\" \/>\n<meta property=\"article:publisher\" content=\"http:\/\/www.facebook.com\/VunderSkizze\" \/>\n<meta property=\"og:image\" content=\"https:\/\/www.hobstop.ee\/media\/4294.jpg\" \/>\n\t<meta property=\"og:image:width\" content=\"1024\" \/>\n\t<meta property=\"og:image:height\" content=\"768\" \/>\n\t<meta property=\"og:image:type\" content=\"image\/jpeg\" \/>\n<meta name=\"twitter:card\" content=\"summary_large_image\" \/>\n<script type=\"application\/ld+json\" class=\"yoast-schema-graph\">{\"@context\":\"https:\/\/schema.org\",\"@graph\":[{\"@type\":\"WebPage\",\"@id\":\"https:\/\/hobstop.ee\/lt\/produktas\/tekstiles-zymeklis-tulip-brush-tip\/\",\"url\":\"https:\/\/hobstop.ee\/lt\/produktas\/tekstiles-zymeklis-tulip-brush-tip\/\",\"name\":\"Tekstil\u0117s \u017eymeklis Tulip Brush-Tip &#8211; Skizze\",\"isPartOf\":{\"@id\":\"https:\/\/hobstop.ee\/lt\/#website\"},\"primaryImageOfPage\":{\"@id\":\"https:\/\/hobstop.ee\/lt\/produktas\/tekstiles-zymeklis-tulip-brush-tip\/#primaryimage\"},\"image\":{\"@id\":\"https:\/\/hobstop.ee\/lt\/produktas\/tekstiles-zymeklis-tulip-brush-tip\/#primaryimage\"},\"thumbnailUrl\":\"https:\/\/hobstop.ee\/media\/4294.jpg\",\"datePublished\":\"2016-08-04T07:56:53+00:00\",\"dateModified\":\"2016-08-04T07:56:53+00:00\",\"breadcrumb\":{\"@id\":\"https:\/\/hobstop.ee\/lt\/produktas\/tekstiles-zymeklis-tulip-brush-tip\/#breadcrumb\"},\"inLanguage\":\"lt\",\"potentialAction\":[{\"@type\":\"ReadAction\",\"target\":[\"https:\/\/hobstop.ee\/lt\/produktas\/tekstiles-zymeklis-tulip-brush-tip\/\"]}]},{\"@type\":\"ImageObject\",\"inLanguage\":\"lt\",\"@id\":\"https:\/\/hobstop.ee\/lt\/produktas\/tekstiles-zymeklis-tulip-brush-tip\/#primaryimage\",\"url\":\"https:\/\/hobstop.ee\/media\/4294.jpg\",\"contentUrl\":\"https:\/\/hobstop.ee\/media\/4294.jpg\",\"width\":1024,\"height\":768},{\"@type\":\"BreadcrumbList\",\"@id\":\"https:\/\/hobstop.ee\/lt\/produktas\/tekstiles-zymeklis-tulip-brush-tip\/#breadcrumb\",\"itemListElement\":[{\"@type\":\"ListItem\",\"position\":1,\"name\":\"Avaleht\",\"item\":\"https:\/\/hobstop.ee\/lt\/\"},{\"@type\":\"ListItem\",\"position\":2,\"name\":\"Parduotuv\u0117\",\"item\":\"https:\/\/hobstop.ee\/lt\/parduotuve\/\"},{\"@type\":\"ListItem\",\"position\":3,\"name\":\"Tekstil\u0117s \u017eymeklis Tulip Brush-Tip\"}]},{\"@type\":\"WebSite\",\"@id\":\"https:\/\/hobstop.ee\/lt\/#website\",\"url\":\"https:\/\/hobstop.ee\/lt\/\",\"name\":\"Skizze\",\"description\":\"Dail\u0117s, pom\u0117gi\u0173 ir mokykliniai reikm\u0117nys\",\"publisher\":{\"@id\":\"https:\/\/hobstop.ee\/lt\/#organization\"},\"potentialAction\":[{\"@type\":\"SearchAction\",\"target\":{\"@type\":\"EntryPoint\",\"urlTemplate\":\"https:\/\/hobstop.ee\/lt\/?s={search_term_string}\"},\"query-input\":{\"@type\":\"PropertyValueSpecification\",\"valueRequired\":true,\"valueName\":\"search_term_string\"}}],\"inLanguage\":\"lt\"},{\"@type\":\"Organization\",\"@id\":\"https:\/\/hobstop.ee\/lt\/#organization\",\"name\":\"Vunder AS\",\"url\":\"https:\/\/hobstop.ee\/lt\/\",\"logo\":{\"@type\":\"ImageObject\",\"inLanguage\":\"lt\",\"@id\":\"https:\/\/hobstop.ee\/lt\/#\/schema\/logo\/image\/\",\"url\":\"https:\/\/hobstop.ee\/media\/vunder-logo.png\",\"contentUrl\":\"https:\/\/hobstop.ee\/media\/vunder-logo.png\",\"width\":127,\"height\":55,\"caption\":\"Vunder AS\"},\"image\":{\"@id\":\"https:\/\/hobstop.ee\/lt\/#\/schema\/logo\/image\/\"},\"sameAs\":[\"http:\/\/www.facebook.com\/VunderSkizze\"]}]}<\/script>\n<!-- \/ Yoast SEO plugin. -->","yoast_head_json":{"title":"Tekstil\u0117s \u017eymeklis Tulip Brush-Tip &#8211; Skizze","robots":{"index":"noindex","follow":"follow","max-snippet":"max-snippet:-1","max-image-preview":"max-image-preview:large","max-video-preview":"max-video-preview:-1"},"og_locale":"lt_LT","og_type":"article","og_title":"Tekstil\u0117s \u017eymeklis Tulip Brush-Tip &#8211; Skizze","og_description":"Intensyvi\u0173, ry\u0161ki\u0173 spalv\u0173 tekstil\u0117s markeriai \u201eTulip\u201c i\u0161laisvins J\u016bs\u0173 k\u016brybingum\u0105! Pie\u0161dami, brai\u017eydami ar spalvodami galite pasitik\u0117ti \u0161iais ai\u0161ki\u0173 ir ilgai i\u0161liekan\u010di\u0173 spalv\u0173 lengvai naudojamais markeriais, kuri\u0173 sud\u0117tyje n\u0117ra nuoding\u0173 med\u017eiag\u0173. Teptuko pavidalo galiukas puikiai tinka pie\u0161ti, ornamentuoti ir pie\u0161iniams akcentuoti ant audinio. I\u0161d\u017ei\u016bv\u0119s tu\u0161as tampa patvarus \u2013 dekoruoto daikto nereikia kaitinti, spalvos i\u0161lieka ry\u0161kios net ir da\u017enai skalbiant.","og_url":"https:\/\/hobstop.ee\/lt\/produktas\/tekstiles-zymeklis-tulip-brush-tip\/","og_site_name":"Skizze","article_publisher":"http:\/\/www.facebook.com\/VunderSkizze","og_image":[{"width":1024,"height":768,"url":"https:\/\/www.hobstop.ee\/media\/4294.jpg","type":"image\/jpeg"}],"twitter_card":"summary_large_image","schema":{"@context":"https:\/\/schema.org","@graph":[{"@type":"WebPage","@id":"https:\/\/hobstop.ee\/lt\/produktas\/tekstiles-zymeklis-tulip-brush-tip\/","url":"https:\/\/hobstop.ee\/lt\/produktas\/tekstiles-zymeklis-tulip-brush-tip\/","name":"Tekstil\u0117s \u017eymeklis Tulip Brush-Tip &#8211; Skizze","isPartOf":{"@id":"https:\/\/hobstop.ee\/lt\/#website"},"primaryImageOfPage":{"@id":"https:\/\/hobstop.ee\/lt\/produktas\/tekstiles-zymeklis-tulip-brush-tip\/#primaryimage"},"image":{"@id":"https:\/\/hobstop.ee\/lt\/produktas\/tekstiles-zymeklis-tulip-brush-tip\/#primaryimage"},"thumbnailUrl":"https:\/\/hobstop.ee\/media\/4294.jpg","datePublished":"2016-08-04T07:56:53+00:00","dateModified":"2016-08-04T07:56:53+00:00","breadcrumb":{"@id":"https:\/\/hobstop.ee\/lt\/produktas\/tekstiles-zymeklis-tulip-brush-tip\/#breadcrumb"},"inLanguage":"lt","potentialAction":[{"@type":"ReadAction","target":["https:\/\/hobstop.ee\/lt\/produktas\/tekstiles-zymeklis-tulip-brush-tip\/"]}]},{"@type":"ImageObject","inLanguage":"lt","@id":"https:\/\/hobstop.ee\/lt\/produktas\/tekstiles-zymeklis-tulip-brush-tip\/#primaryimage","url":"https:\/\/hobstop.ee\/media\/4294.jpg","contentUrl":"https:\/\/hobstop.ee\/media\/4294.jpg","width":1024,"height":768},{"@type":"BreadcrumbList","@id":"https:\/\/hobstop.ee\/lt\/produktas\/tekstiles-zymeklis-tulip-brush-tip\/#breadcrumb","itemListElement":[{"@type":"ListItem","position":1,"name":"Avaleht","item":"https:\/\/hobstop.ee\/lt\/"},{"@type":"ListItem","position":2,"name":"Parduotuv\u0117","item":"https:\/\/hobstop.ee\/lt\/parduotuve\/"},{"@type":"ListItem","position":3,"name":"Tekstil\u0117s \u017eymeklis Tulip Brush-Tip"}]},{"@type":"WebSite","@id":"https:\/\/hobstop.ee\/lt\/#website","url":"https:\/\/hobstop.ee\/lt\/","name":"Skizze","description":"Dail\u0117s, pom\u0117gi\u0173 ir mokykliniai reikm\u0117nys","publisher":{"@id":"https:\/\/hobstop.ee\/lt\/#organization"},"potentialAction":[{"@type":"SearchAction","target":{"@type":"EntryPoint","urlTemplate":"https:\/\/hobstop.ee\/lt\/?s={search_term_string}"},"query-input":{"@type":"PropertyValueSpecification","valueRequired":true,"valueName":"search_term_string"}}],"inLanguage":"lt"},{"@type":"Organization","@id":"https:\/\/hobstop.ee\/lt\/#organization","name":"Vunder AS","url":"https:\/\/hobstop.ee\/lt\/","logo":{"@type":"ImageObject","inLanguage":"lt","@id":"https:\/\/hobstop.ee\/lt\/#\/schema\/logo\/image\/","url":"https:\/\/hobstop.ee\/media\/vunder-logo.png","contentUrl":"https:\/\/hobstop.ee\/media\/vunder-logo.png","width":127,"height":55,"caption":"Vunder AS"},"image":{"@id":"https:\/\/hobstop.ee\/lt\/#\/schema\/logo\/image\/"},"sameAs":["http:\/\/www.facebook.com\/VunderSkizze"]}]}},"_links":{"self":[{"href":"https:\/\/hobstop.ee\/lt\/wp-json\/wp\/v2\/product\/271766","targetHints":{"allow":["GET"]}}],"collection":[{"href":"https:\/\/hobstop.ee\/lt\/wp-json\/wp\/v2\/product"}],"about":[{"href":"https:\/\/hobstop.ee\/lt\/wp-json\/wp\/v2\/types\/product"}],"replies":[{"embeddable":true,"href":"https:\/\/hobstop.ee\/lt\/wp-json\/wp\/v2\/comments?post=271766"}],"wp:featuredmedia":[{"embeddable":true,"href":"https:\/\/hobstop.ee\/lt\/wp-json\/wp\/v2\/media\/271906"}],"wp:attachment":[{"href":"https:\/\/hobstop.ee\/lt\/wp-json\/wp\/v2\/media?parent=271766"}],"wp:term":[{"taxonomy":"product_cat","embeddable":true,"href":"https:\/\/hobstop.ee\/lt\/wp-json\/wp\/v2\/product_cat?post=271766"},{"taxonomy":"product_tag","embeddable":true,"href":"https:\/\/hobstop.ee\/lt\/wp-json\/wp\/v2\/product_tag?post=271766"}],"curies":[{"name":"wp","href":"https:\/\/api.w.org\/{rel}","templated":true}]}}