{"id":271782,"date":"2015-09-04T10:56:57","date_gmt":"2016-08-04T07:56:58","guid":{"rendered":"https:\/\/sharks.ee\/vunder_2019\/lt\/product\/puodukas-iza\/"},"modified":"2016-08-04T10:56:58","modified_gmt":"2016-08-04T07:56:58","slug":"puodukas-iza","status":"publish","type":"product","link":"https:\/\/hobstop.ee\/lt\/produktas\/puodukas-iza\/","title":{"rendered":"Puodukas Iza"},"content":{"rendered":"<p>Gra\u017e\u016bs porceliano indai visada buvo auk\u0161tos pad\u0117ties ir turtingumo po\u017eymis \u2013 porceliano indai yra eleganti\u0161ki, lengvi ir patvar\u016bs. Porcelianas yra gaminamas i\u0161 specialios mas\u0117s, kuri garantuoja ind\u0173 ilgaam\u017ei\u0161kum\u0105, jie ilgai i\u0161laiko \u0161ilum\u0105. Baltus \u0161varius porceliano indus yra patogu dekoruoti ir suteikti stalo serviravimui originalumo.<\/p>\n","protected":false},"excerpt":{"rendered":"<p>Gra\u017e\u016bs porceliano indai visada buvo auk\u0161tos pad\u0117ties ir turtingumo po\u017eymis \u2013 porceliano indai yra eleganti\u0161ki, lengvi ir patvar\u016bs. Porcelianas yra gaminamas i\u0161 specialios mas\u0117s, kuri garantuoja ind\u0173 ilgaam\u017ei\u0161kum\u0105, jie ilgai i\u0161laiko \u0161ilum\u0105. Baltus \u0161varius porceliano indus yra patogu dekoruoti ir suteikti stalo serviravimui originalumo.<\/p>\n","protected":false},"featured_media":271922,"comment_status":"closed","ping_status":"closed","template":"","meta":{"_acf_changed":false,"ep_exclude_from_search":false},"product_cat":[17919,18309,14986],"product_tag":[],"class_list":{"0":"post-271782","1":"product","2":"type-product","3":"status-publish","4":"has-post-thumbnail","6":"product_cat-pomegiu-prekes","7":"product_cat-porcelianas","8":"product_cat-ruosinys","10":"first","11":"outofstock","12":"taxable","13":"shipping-taxable","14":"purchasable","15":"product-type-variable"},"acf":[],"yoast_head":"<!-- This site is optimized with the Yoast SEO plugin v24.1 - https:\/\/yoast.com\/wordpress\/plugins\/seo\/ -->\n<title>Puodukas Iza &#8211; Skizze<\/title>\n<meta name=\"robots\" content=\"noindex, follow, max-snippet:-1, max-image-preview:large, max-video-preview:-1\" \/>\n<meta property=\"og:locale\" content=\"lt_LT\" \/>\n<meta property=\"og:type\" content=\"article\" \/>\n<meta property=\"og:title\" content=\"Puodukas Iza &#8211; Skizze\" \/>\n<meta property=\"og:description\" content=\"Gra\u017e\u016bs porceliano indai visada buvo auk\u0161tos pad\u0117ties ir turtingumo po\u017eymis \u2013 porceliano indai yra eleganti\u0161ki, lengvi ir patvar\u016bs. Porcelianas yra gaminamas i\u0161 specialios mas\u0117s, kuri garantuoja ind\u0173 ilgaam\u017ei\u0161kum\u0105, jie ilgai i\u0161laiko \u0161ilum\u0105. Baltus \u0161varius porceliano indus yra patogu dekoruoti ir suteikti stalo serviravimui originalumo.\" \/>\n<meta property=\"og:url\" content=\"https:\/\/hobstop.ee\/lt\/produktas\/puodukas-iza\/\" \/>\n<meta property=\"og:site_name\" content=\"Skizze\" \/>\n<meta property=\"article:publisher\" content=\"http:\/\/www.facebook.com\/VunderSkizze\" \/>\n<meta property=\"og:image\" content=\"https:\/\/hobstop.ee\/media\/4357.jpg\" \/>\n\t<meta property=\"og:image:width\" content=\"1024\" \/>\n\t<meta property=\"og:image:height\" content=\"768\" \/>\n\t<meta property=\"og:image:type\" content=\"image\/jpeg\" \/>\n<meta name=\"twitter:card\" content=\"summary_large_image\" \/>\n<script type=\"application\/ld+json\" class=\"yoast-schema-graph\">{\"@context\":\"https:\/\/schema.org\",\"@graph\":[{\"@type\":\"WebPage\",\"@id\":\"https:\/\/hobstop.ee\/lt\/produktas\/puodukas-iza\/\",\"url\":\"https:\/\/hobstop.ee\/lt\/produktas\/puodukas-iza\/\",\"name\":\"Puodukas Iza &#8211; Skizze\",\"isPartOf\":{\"@id\":\"https:\/\/hobstop.ee\/lt\/#website\"},\"primaryImageOfPage\":{\"@id\":\"https:\/\/hobstop.ee\/lt\/produktas\/puodukas-iza\/#primaryimage\"},\"image\":{\"@id\":\"https:\/\/hobstop.ee\/lt\/produktas\/puodukas-iza\/#primaryimage\"},\"thumbnailUrl\":\"https:\/\/hobstop.ee\/media\/4357.jpg\",\"datePublished\":\"2016-08-04T07:56:58+00:00\",\"dateModified\":\"2016-08-04T07:56:58+00:00\",\"breadcrumb\":{\"@id\":\"https:\/\/hobstop.ee\/lt\/produktas\/puodukas-iza\/#breadcrumb\"},\"inLanguage\":\"lt\",\"potentialAction\":[{\"@type\":\"ReadAction\",\"target\":[\"https:\/\/hobstop.ee\/lt\/produktas\/puodukas-iza\/\"]}]},{\"@type\":\"ImageObject\",\"inLanguage\":\"lt\",\"@id\":\"https:\/\/hobstop.ee\/lt\/produktas\/puodukas-iza\/#primaryimage\",\"url\":\"https:\/\/hobstop.ee\/media\/4357.jpg\",\"contentUrl\":\"https:\/\/hobstop.ee\/media\/4357.jpg\",\"width\":1024,\"height\":768},{\"@type\":\"BreadcrumbList\",\"@id\":\"https:\/\/hobstop.ee\/lt\/produktas\/puodukas-iza\/#breadcrumb\",\"itemListElement\":[{\"@type\":\"ListItem\",\"position\":1,\"name\":\"Avaleht\",\"item\":\"https:\/\/hobstop.ee\/lt\/\"},{\"@type\":\"ListItem\",\"position\":2,\"name\":\"Parduotuv\u0117\",\"item\":\"https:\/\/hobstop.ee\/lt\/parduotuve\/\"},{\"@type\":\"ListItem\",\"position\":3,\"name\":\"Puodukas Iza\"}]},{\"@type\":\"WebSite\",\"@id\":\"https:\/\/hobstop.ee\/lt\/#website\",\"url\":\"https:\/\/hobstop.ee\/lt\/\",\"name\":\"Skizze\",\"description\":\"Dail\u0117s, pom\u0117gi\u0173 ir mokykliniai reikm\u0117nys\",\"publisher\":{\"@id\":\"https:\/\/hobstop.ee\/lt\/#organization\"},\"potentialAction\":[{\"@type\":\"SearchAction\",\"target\":{\"@type\":\"EntryPoint\",\"urlTemplate\":\"https:\/\/hobstop.ee\/lt\/?s={search_term_string}\"},\"query-input\":{\"@type\":\"PropertyValueSpecification\",\"valueRequired\":true,\"valueName\":\"search_term_string\"}}],\"inLanguage\":\"lt\"},{\"@type\":\"Organization\",\"@id\":\"https:\/\/hobstop.ee\/lt\/#organization\",\"name\":\"Vunder AS\",\"url\":\"https:\/\/hobstop.ee\/lt\/\",\"logo\":{\"@type\":\"ImageObject\",\"inLanguage\":\"lt\",\"@id\":\"https:\/\/hobstop.ee\/lt\/#\/schema\/logo\/image\/\",\"url\":\"https:\/\/hobstop.ee\/media\/vunder-logo.png\",\"contentUrl\":\"https:\/\/hobstop.ee\/media\/vunder-logo.png\",\"width\":127,\"height\":55,\"caption\":\"Vunder AS\"},\"image\":{\"@id\":\"https:\/\/hobstop.ee\/lt\/#\/schema\/logo\/image\/\"},\"sameAs\":[\"http:\/\/www.facebook.com\/VunderSkizze\"]}]}<\/script>\n<!-- \/ Yoast SEO plugin. -->","yoast_head_json":{"title":"Puodukas Iza &#8211; Skizze","robots":{"index":"noindex","follow":"follow","max-snippet":"max-snippet:-1","max-image-preview":"max-image-preview:large","max-video-preview":"max-video-preview:-1"},"og_locale":"lt_LT","og_type":"article","og_title":"Puodukas Iza &#8211; Skizze","og_description":"Gra\u017e\u016bs porceliano indai visada buvo auk\u0161tos pad\u0117ties ir turtingumo po\u017eymis \u2013 porceliano indai yra eleganti\u0161ki, lengvi ir patvar\u016bs. Porcelianas yra gaminamas i\u0161 specialios mas\u0117s, kuri garantuoja ind\u0173 ilgaam\u017ei\u0161kum\u0105, jie ilgai i\u0161laiko \u0161ilum\u0105. Baltus \u0161varius porceliano indus yra patogu dekoruoti ir suteikti stalo serviravimui originalumo.","og_url":"https:\/\/hobstop.ee\/lt\/produktas\/puodukas-iza\/","og_site_name":"Skizze","article_publisher":"http:\/\/www.facebook.com\/VunderSkizze","og_image":[{"width":1024,"height":768,"url":"https:\/\/hobstop.ee\/media\/4357.jpg","type":"image\/jpeg"}],"twitter_card":"summary_large_image","schema":{"@context":"https:\/\/schema.org","@graph":[{"@type":"WebPage","@id":"https:\/\/hobstop.ee\/lt\/produktas\/puodukas-iza\/","url":"https:\/\/hobstop.ee\/lt\/produktas\/puodukas-iza\/","name":"Puodukas Iza &#8211; Skizze","isPartOf":{"@id":"https:\/\/hobstop.ee\/lt\/#website"},"primaryImageOfPage":{"@id":"https:\/\/hobstop.ee\/lt\/produktas\/puodukas-iza\/#primaryimage"},"image":{"@id":"https:\/\/hobstop.ee\/lt\/produktas\/puodukas-iza\/#primaryimage"},"thumbnailUrl":"https:\/\/hobstop.ee\/media\/4357.jpg","datePublished":"2016-08-04T07:56:58+00:00","dateModified":"2016-08-04T07:56:58+00:00","breadcrumb":{"@id":"https:\/\/hobstop.ee\/lt\/produktas\/puodukas-iza\/#breadcrumb"},"inLanguage":"lt","potentialAction":[{"@type":"ReadAction","target":["https:\/\/hobstop.ee\/lt\/produktas\/puodukas-iza\/"]}]},{"@type":"ImageObject","inLanguage":"lt","@id":"https:\/\/hobstop.ee\/lt\/produktas\/puodukas-iza\/#primaryimage","url":"https:\/\/hobstop.ee\/media\/4357.jpg","contentUrl":"https:\/\/hobstop.ee\/media\/4357.jpg","width":1024,"height":768},{"@type":"BreadcrumbList","@id":"https:\/\/hobstop.ee\/lt\/produktas\/puodukas-iza\/#breadcrumb","itemListElement":[{"@type":"ListItem","position":1,"name":"Avaleht","item":"https:\/\/hobstop.ee\/lt\/"},{"@type":"ListItem","position":2,"name":"Parduotuv\u0117","item":"https:\/\/hobstop.ee\/lt\/parduotuve\/"},{"@type":"ListItem","position":3,"name":"Puodukas Iza"}]},{"@type":"WebSite","@id":"https:\/\/hobstop.ee\/lt\/#website","url":"https:\/\/hobstop.ee\/lt\/","name":"Skizze","description":"Dail\u0117s, pom\u0117gi\u0173 ir mokykliniai reikm\u0117nys","publisher":{"@id":"https:\/\/hobstop.ee\/lt\/#organization"},"potentialAction":[{"@type":"SearchAction","target":{"@type":"EntryPoint","urlTemplate":"https:\/\/hobstop.ee\/lt\/?s={search_term_string}"},"query-input":{"@type":"PropertyValueSpecification","valueRequired":true,"valueName":"search_term_string"}}],"inLanguage":"lt"},{"@type":"Organization","@id":"https:\/\/hobstop.ee\/lt\/#organization","name":"Vunder AS","url":"https:\/\/hobstop.ee\/lt\/","logo":{"@type":"ImageObject","inLanguage":"lt","@id":"https:\/\/hobstop.ee\/lt\/#\/schema\/logo\/image\/","url":"https:\/\/hobstop.ee\/media\/vunder-logo.png","contentUrl":"https:\/\/hobstop.ee\/media\/vunder-logo.png","width":127,"height":55,"caption":"Vunder AS"},"image":{"@id":"https:\/\/hobstop.ee\/lt\/#\/schema\/logo\/image\/"},"sameAs":["http:\/\/www.facebook.com\/VunderSkizze"]}]}},"_links":{"self":[{"href":"https:\/\/hobstop.ee\/lt\/wp-json\/wp\/v2\/product\/271782","targetHints":{"allow":["GET"]}}],"collection":[{"href":"https:\/\/hobstop.ee\/lt\/wp-json\/wp\/v2\/product"}],"about":[{"href":"https:\/\/hobstop.ee\/lt\/wp-json\/wp\/v2\/types\/product"}],"replies":[{"embeddable":true,"href":"https:\/\/hobstop.ee\/lt\/wp-json\/wp\/v2\/comments?post=271782"}],"wp:featuredmedia":[{"embeddable":true,"href":"https:\/\/hobstop.ee\/lt\/wp-json\/wp\/v2\/media\/271922"}],"wp:attachment":[{"href":"https:\/\/hobstop.ee\/lt\/wp-json\/wp\/v2\/media?parent=271782"}],"wp:term":[{"taxonomy":"product_cat","embeddable":true,"href":"https:\/\/hobstop.ee\/lt\/wp-json\/wp\/v2\/product_cat?post=271782"},{"taxonomy":"product_tag","embeddable":true,"href":"https:\/\/hobstop.ee\/lt\/wp-json\/wp\/v2\/product_tag?post=271782"}],"curies":[{"name":"wp","href":"https:\/\/api.w.org\/{rel}","templated":true}]}}