{"id":271826,"date":"2015-09-04T10:57:16","date_gmt":"2016-08-04T07:57:17","guid":{"rendered":"https:\/\/sharks.ee\/vunder_2019\/lt\/product\/molbertas-lb-sisley\/"},"modified":"2016-08-04T10:57:17","modified_gmt":"2016-08-04T07:57:17","slug":"molbertas-lb-sisley","status":"publish","type":"product","link":"https:\/\/hobstop.ee\/lt\/produktas\/molbertas-lb-sisley\/","title":{"rendered":"Molbertas L&#038;B Sisley"},"content":{"rendered":"<p>Ant stalo statomas molbertas \u201eLefranc&#038;bourgeois Sisley\u201c, keturiais lygiais reguliuojamas pasvyrimo kampas u\u017etikrina patogi\u0105 darbin\u0119 pad\u0117t\u012f ir puik\u0173 ap\u0161vietim\u0105. Patogiai laikomas ir perve\u017eamas, nes galima sud\u0117ti. Pagamintas i\u0161 nat\u016bralios alyvuotos buko medienos. Reguliuojamas drob\u0117s auk\u0161tis, maksimalus drob\u0117s auk\u0161tis yra 46cm.<\/p>\n","protected":false},"excerpt":{"rendered":"<p>Ant stalo statomas molbertas \u201eLefranc&#038;bourgeois Sisley\u201c, keturiais lygiais reguliuojamas pasvyrimo kampas u\u017etikrina patogi\u0105 darbin\u0119 pad\u0117t\u012f ir puik\u0173 ap\u0161vietim\u0105. Patogiai laikomas ir perve\u017eamas, nes galima sud\u0117ti. Pagamintas i\u0161 nat\u016bralios alyvuotos buko medienos. Reguliuojamas drob\u0117s auk\u0161tis, maksimalus drob\u0117s auk\u0161tis yra 46cm.<\/p>\n","protected":false},"featured_media":0,"comment_status":"closed","ping_status":"closed","template":"","meta":{"_acf_changed":false,"ep_exclude_from_search":false},"product_cat":[16124,18935,14935],"product_tag":[],"class_list":{"0":"post-271826","1":"product","2":"type-product","3":"status-publish","5":"product_cat-dailes-prekes","6":"product_cat-molbertai","7":"product_cat-sturopor-ja-paberpallid-kujud","9":"first","10":"outofstock","11":"sale","12":"taxable","13":"shipping-taxable","14":"purchasable","15":"product-type-variable"},"acf":[],"yoast_head":"<!-- This site is optimized with the Yoast SEO plugin v24.1 - https:\/\/yoast.com\/wordpress\/plugins\/seo\/ -->\n<title>Molbertas L&amp;B Sisley &#8211; Skizze<\/title>\n<meta name=\"robots\" content=\"noindex, follow, max-snippet:-1, max-image-preview:large, max-video-preview:-1\" \/>\n<meta property=\"og:locale\" content=\"lt_LT\" \/>\n<meta property=\"og:type\" content=\"article\" \/>\n<meta property=\"og:title\" content=\"Molbertas L&amp;B Sisley &#8211; Skizze\" \/>\n<meta property=\"og:description\" content=\"Ant stalo statomas molbertas \u201eLefranc&#038;bourgeois Sisley\u201c, keturiais lygiais reguliuojamas pasvyrimo kampas u\u017etikrina patogi\u0105 darbin\u0119 pad\u0117t\u012f ir puik\u0173 ap\u0161vietim\u0105. Patogiai laikomas ir perve\u017eamas, nes galima sud\u0117ti. Pagamintas i\u0161 nat\u016bralios alyvuotos buko medienos. Reguliuojamas drob\u0117s auk\u0161tis, maksimalus drob\u0117s auk\u0161tis yra 46cm.\" \/>\n<meta property=\"og:url\" content=\"https:\/\/hobstop.ee\/lt\/produktas\/molbertas-lb-sisley\/\" \/>\n<meta property=\"og:site_name\" content=\"Skizze\" \/>\n<meta property=\"article:publisher\" content=\"http:\/\/www.facebook.com\/VunderSkizze\" \/>\n<meta name=\"twitter:card\" content=\"summary_large_image\" \/>\n<script type=\"application\/ld+json\" class=\"yoast-schema-graph\">{\"@context\":\"https:\/\/schema.org\",\"@graph\":[{\"@type\":\"WebPage\",\"@id\":\"https:\/\/hobstop.ee\/lt\/produktas\/molbertas-lb-sisley\/\",\"url\":\"https:\/\/hobstop.ee\/lt\/produktas\/molbertas-lb-sisley\/\",\"name\":\"Molbertas L&B Sisley &#8211; Skizze\",\"isPartOf\":{\"@id\":\"https:\/\/hobstop.ee\/lt\/#website\"},\"datePublished\":\"2016-08-04T07:57:17+00:00\",\"dateModified\":\"2016-08-04T07:57:17+00:00\",\"breadcrumb\":{\"@id\":\"https:\/\/hobstop.ee\/lt\/produktas\/molbertas-lb-sisley\/#breadcrumb\"},\"inLanguage\":\"lt\",\"potentialAction\":[{\"@type\":\"ReadAction\",\"target\":[\"https:\/\/hobstop.ee\/lt\/produktas\/molbertas-lb-sisley\/\"]}]},{\"@type\":\"BreadcrumbList\",\"@id\":\"https:\/\/hobstop.ee\/lt\/produktas\/molbertas-lb-sisley\/#breadcrumb\",\"itemListElement\":[{\"@type\":\"ListItem\",\"position\":1,\"name\":\"Avaleht\",\"item\":\"https:\/\/hobstop.ee\/lt\/\"},{\"@type\":\"ListItem\",\"position\":2,\"name\":\"Parduotuv\u0117\",\"item\":\"https:\/\/hobstop.ee\/lt\/parduotuve\/\"},{\"@type\":\"ListItem\",\"position\":3,\"name\":\"Molbertas L&#038;B Sisley\"}]},{\"@type\":\"WebSite\",\"@id\":\"https:\/\/hobstop.ee\/lt\/#website\",\"url\":\"https:\/\/hobstop.ee\/lt\/\",\"name\":\"Skizze\",\"description\":\"Dail\u0117s, pom\u0117gi\u0173 ir mokykliniai reikm\u0117nys\",\"publisher\":{\"@id\":\"https:\/\/hobstop.ee\/lt\/#organization\"},\"potentialAction\":[{\"@type\":\"SearchAction\",\"target\":{\"@type\":\"EntryPoint\",\"urlTemplate\":\"https:\/\/hobstop.ee\/lt\/?s={search_term_string}\"},\"query-input\":{\"@type\":\"PropertyValueSpecification\",\"valueRequired\":true,\"valueName\":\"search_term_string\"}}],\"inLanguage\":\"lt\"},{\"@type\":\"Organization\",\"@id\":\"https:\/\/hobstop.ee\/lt\/#organization\",\"name\":\"Vunder AS\",\"url\":\"https:\/\/hobstop.ee\/lt\/\",\"logo\":{\"@type\":\"ImageObject\",\"inLanguage\":\"lt\",\"@id\":\"https:\/\/hobstop.ee\/lt\/#\/schema\/logo\/image\/\",\"url\":\"https:\/\/hobstop.ee\/media\/vunder-logo.png\",\"contentUrl\":\"https:\/\/hobstop.ee\/media\/vunder-logo.png\",\"width\":127,\"height\":55,\"caption\":\"Vunder AS\"},\"image\":{\"@id\":\"https:\/\/hobstop.ee\/lt\/#\/schema\/logo\/image\/\"},\"sameAs\":[\"http:\/\/www.facebook.com\/VunderSkizze\"]}]}<\/script>\n<!-- \/ Yoast SEO plugin. -->","yoast_head_json":{"title":"Molbertas L&B Sisley &#8211; Skizze","robots":{"index":"noindex","follow":"follow","max-snippet":"max-snippet:-1","max-image-preview":"max-image-preview:large","max-video-preview":"max-video-preview:-1"},"og_locale":"lt_LT","og_type":"article","og_title":"Molbertas L&B Sisley &#8211; Skizze","og_description":"Ant stalo statomas molbertas \u201eLefranc&#038;bourgeois Sisley\u201c, keturiais lygiais reguliuojamas pasvyrimo kampas u\u017etikrina patogi\u0105 darbin\u0119 pad\u0117t\u012f ir puik\u0173 ap\u0161vietim\u0105. Patogiai laikomas ir perve\u017eamas, nes galima sud\u0117ti. Pagamintas i\u0161 nat\u016bralios alyvuotos buko medienos. Reguliuojamas drob\u0117s auk\u0161tis, maksimalus drob\u0117s auk\u0161tis yra 46cm.","og_url":"https:\/\/hobstop.ee\/lt\/produktas\/molbertas-lb-sisley\/","og_site_name":"Skizze","article_publisher":"http:\/\/www.facebook.com\/VunderSkizze","twitter_card":"summary_large_image","schema":{"@context":"https:\/\/schema.org","@graph":[{"@type":"WebPage","@id":"https:\/\/hobstop.ee\/lt\/produktas\/molbertas-lb-sisley\/","url":"https:\/\/hobstop.ee\/lt\/produktas\/molbertas-lb-sisley\/","name":"Molbertas L&B Sisley &#8211; Skizze","isPartOf":{"@id":"https:\/\/hobstop.ee\/lt\/#website"},"datePublished":"2016-08-04T07:57:17+00:00","dateModified":"2016-08-04T07:57:17+00:00","breadcrumb":{"@id":"https:\/\/hobstop.ee\/lt\/produktas\/molbertas-lb-sisley\/#breadcrumb"},"inLanguage":"lt","potentialAction":[{"@type":"ReadAction","target":["https:\/\/hobstop.ee\/lt\/produktas\/molbertas-lb-sisley\/"]}]},{"@type":"BreadcrumbList","@id":"https:\/\/hobstop.ee\/lt\/produktas\/molbertas-lb-sisley\/#breadcrumb","itemListElement":[{"@type":"ListItem","position":1,"name":"Avaleht","item":"https:\/\/hobstop.ee\/lt\/"},{"@type":"ListItem","position":2,"name":"Parduotuv\u0117","item":"https:\/\/hobstop.ee\/lt\/parduotuve\/"},{"@type":"ListItem","position":3,"name":"Molbertas L&#038;B Sisley"}]},{"@type":"WebSite","@id":"https:\/\/hobstop.ee\/lt\/#website","url":"https:\/\/hobstop.ee\/lt\/","name":"Skizze","description":"Dail\u0117s, pom\u0117gi\u0173 ir mokykliniai reikm\u0117nys","publisher":{"@id":"https:\/\/hobstop.ee\/lt\/#organization"},"potentialAction":[{"@type":"SearchAction","target":{"@type":"EntryPoint","urlTemplate":"https:\/\/hobstop.ee\/lt\/?s={search_term_string}"},"query-input":{"@type":"PropertyValueSpecification","valueRequired":true,"valueName":"search_term_string"}}],"inLanguage":"lt"},{"@type":"Organization","@id":"https:\/\/hobstop.ee\/lt\/#organization","name":"Vunder AS","url":"https:\/\/hobstop.ee\/lt\/","logo":{"@type":"ImageObject","inLanguage":"lt","@id":"https:\/\/hobstop.ee\/lt\/#\/schema\/logo\/image\/","url":"https:\/\/hobstop.ee\/media\/vunder-logo.png","contentUrl":"https:\/\/hobstop.ee\/media\/vunder-logo.png","width":127,"height":55,"caption":"Vunder AS"},"image":{"@id":"https:\/\/hobstop.ee\/lt\/#\/schema\/logo\/image\/"},"sameAs":["http:\/\/www.facebook.com\/VunderSkizze"]}]}},"_links":{"self":[{"href":"https:\/\/hobstop.ee\/lt\/wp-json\/wp\/v2\/product\/271826","targetHints":{"allow":["GET"]}}],"collection":[{"href":"https:\/\/hobstop.ee\/lt\/wp-json\/wp\/v2\/product"}],"about":[{"href":"https:\/\/hobstop.ee\/lt\/wp-json\/wp\/v2\/types\/product"}],"replies":[{"embeddable":true,"href":"https:\/\/hobstop.ee\/lt\/wp-json\/wp\/v2\/comments?post=271826"}],"wp:attachment":[{"href":"https:\/\/hobstop.ee\/lt\/wp-json\/wp\/v2\/media?parent=271826"}],"wp:term":[{"taxonomy":"product_cat","embeddable":true,"href":"https:\/\/hobstop.ee\/lt\/wp-json\/wp\/v2\/product_cat?post=271826"},{"taxonomy":"product_tag","embeddable":true,"href":"https:\/\/hobstop.ee\/lt\/wp-json\/wp\/v2\/product_tag?post=271826"}],"curies":[{"name":"wp","href":"https:\/\/api.w.org\/{rel}","templated":true}]}}