{"id":272480,"date":"2016-08-04T11:34:33","date_gmt":"2016-08-04T08:34:33","guid":{"rendered":"https:\/\/sharks.ee\/vunder_2019\/lt\/product\/akriliniai-dazai-abstract-antgaliai\/"},"modified":"2016-08-04T11:34:33","modified_gmt":"2016-08-04T08:34:33","slug":"akriliniai-dazai-abstract-antgaliai","status":"publish","type":"product","link":"https:\/\/hobstop.ee\/lt\/produktas\/akriliniai-dazai-abstract-antgaliai\/","title":{"rendered":"Akriliniai da\u017eai Abstract antgaliai"},"content":{"rendered":"<p>Leiskite pasireik\u0161ti savo k\u016brybi\u0161kumui su \u0161iuo \u201eSennelier Abstract\u201c da\u017e\u0173 mai\u0161eliams skirt\u0173 antgali\u0173 rinkiniu. Prisukite juos prie akrilini\u0173 da\u017e\u0173 \u201eAbstract\u201c antgalio ir sukurkite \u012fvairi\u0173 spalvini\u0173 efekt\u0173 \u2013 pie\u0161kite plonas, storas, banguotas ar dvigubas linijas.<\/p>\n","protected":false},"excerpt":{"rendered":"<p>Leiskite pasireik\u0161ti savo k\u016brybi\u0161kumui su \u0161iuo \u201eSennelier Abstract\u201c da\u017e\u0173 mai\u0161eliams skirt\u0173 antgali\u0173 rinkiniu. Prisukite juos prie akrilini\u0173 da\u017e\u0173 \u201eAbstract\u201c antgalio ir sukurkite \u012fvairi\u0173 spalvini\u0173 efekt\u0173 \u2013 pie\u0161kite plonas, storas, banguotas ar dvigubas linijas.<\/p>\n","protected":false},"featured_media":272520,"comment_status":"closed","ping_status":"closed","template":"","meta":{"_acf_changed":false,"ep_exclude_from_search":false},"product_cat":[16124,17981,18762],"product_tag":[],"class_list":{"0":"post-272480","1":"product","2":"type-product","3":"status-publish","4":"has-post-thumbnail","6":"product_cat-dailes-prekes","7":"product_cat-dazai-ir-priedai-tapybai","8":"product_cat-ivairus-24","10":"first","11":"instock","12":"taxable","13":"shipping-taxable","14":"purchasable","15":"product-type-simple"},"acf":[],"yoast_head":"<!-- This site is optimized with the Yoast SEO plugin v24.1 - https:\/\/yoast.com\/wordpress\/plugins\/seo\/ -->\n<title>Akriliniai da\u017eai Abstract antgaliai &#8211; Skizze<\/title>\n<meta name=\"robots\" content=\"noindex, follow, max-snippet:-1, max-image-preview:large, max-video-preview:-1\" \/>\n<meta property=\"og:locale\" content=\"lt_LT\" \/>\n<meta property=\"og:type\" content=\"article\" \/>\n<meta property=\"og:title\" content=\"Akriliniai da\u017eai Abstract antgaliai &#8211; Skizze\" \/>\n<meta property=\"og:description\" content=\"Leiskite pasireik\u0161ti savo k\u016brybi\u0161kumui su \u0161iuo \u201eSennelier Abstract\u201c da\u017e\u0173 mai\u0161eliams skirt\u0173 antgali\u0173 rinkiniu. Prisukite juos prie akrilini\u0173 da\u017e\u0173 \u201eAbstract\u201c antgalio ir sukurkite \u012fvairi\u0173 spalvini\u0173 efekt\u0173 \u2013 pie\u0161kite plonas, storas, banguotas ar dvigubas linijas.\" \/>\n<meta property=\"og:url\" content=\"https:\/\/hobstop.ee\/lt\/produktas\/akriliniai-dazai-abstract-antgaliai\/\" \/>\n<meta property=\"og:site_name\" content=\"Skizze\" \/>\n<meta property=\"article:publisher\" content=\"http:\/\/www.facebook.com\/VunderSkizze\" \/>\n<meta property=\"og:image\" content=\"https:\/\/www.hobstop.ee\/media\/4368.jpg\" \/>\n\t<meta property=\"og:image:width\" content=\"1024\" \/>\n\t<meta property=\"og:image:height\" content=\"768\" \/>\n\t<meta property=\"og:image:type\" content=\"image\/jpeg\" \/>\n<meta name=\"twitter:card\" content=\"summary_large_image\" \/>\n<script type=\"application\/ld+json\" class=\"yoast-schema-graph\">{\"@context\":\"https:\/\/schema.org\",\"@graph\":[{\"@type\":\"WebPage\",\"@id\":\"https:\/\/hobstop.ee\/lt\/produktas\/akriliniai-dazai-abstract-antgaliai\/\",\"url\":\"https:\/\/hobstop.ee\/lt\/produktas\/akriliniai-dazai-abstract-antgaliai\/\",\"name\":\"Akriliniai da\u017eai Abstract antgaliai &#8211; Skizze\",\"isPartOf\":{\"@id\":\"https:\/\/hobstop.ee\/lt\/#website\"},\"primaryImageOfPage\":{\"@id\":\"https:\/\/hobstop.ee\/lt\/produktas\/akriliniai-dazai-abstract-antgaliai\/#primaryimage\"},\"image\":{\"@id\":\"https:\/\/hobstop.ee\/lt\/produktas\/akriliniai-dazai-abstract-antgaliai\/#primaryimage\"},\"thumbnailUrl\":\"https:\/\/hobstop.ee\/media\/4368.jpg\",\"datePublished\":\"2016-08-04T08:34:33+00:00\",\"dateModified\":\"2016-08-04T08:34:33+00:00\",\"breadcrumb\":{\"@id\":\"https:\/\/hobstop.ee\/lt\/produktas\/akriliniai-dazai-abstract-antgaliai\/#breadcrumb\"},\"inLanguage\":\"lt\",\"potentialAction\":[{\"@type\":\"ReadAction\",\"target\":[\"https:\/\/hobstop.ee\/lt\/produktas\/akriliniai-dazai-abstract-antgaliai\/\"]}]},{\"@type\":\"ImageObject\",\"inLanguage\":\"lt\",\"@id\":\"https:\/\/hobstop.ee\/lt\/produktas\/akriliniai-dazai-abstract-antgaliai\/#primaryimage\",\"url\":\"https:\/\/hobstop.ee\/media\/4368.jpg\",\"contentUrl\":\"https:\/\/hobstop.ee\/media\/4368.jpg\",\"width\":1024,\"height\":768},{\"@type\":\"BreadcrumbList\",\"@id\":\"https:\/\/hobstop.ee\/lt\/produktas\/akriliniai-dazai-abstract-antgaliai\/#breadcrumb\",\"itemListElement\":[{\"@type\":\"ListItem\",\"position\":1,\"name\":\"Avaleht\",\"item\":\"https:\/\/hobstop.ee\/lt\/\"},{\"@type\":\"ListItem\",\"position\":2,\"name\":\"Parduotuv\u0117\",\"item\":\"https:\/\/hobstop.ee\/lt\/parduotuve\/\"},{\"@type\":\"ListItem\",\"position\":3,\"name\":\"Akriliniai da\u017eai Abstract antgaliai\"}]},{\"@type\":\"WebSite\",\"@id\":\"https:\/\/hobstop.ee\/lt\/#website\",\"url\":\"https:\/\/hobstop.ee\/lt\/\",\"name\":\"Skizze\",\"description\":\"Dail\u0117s, pom\u0117gi\u0173 ir mokykliniai reikm\u0117nys\",\"publisher\":{\"@id\":\"https:\/\/hobstop.ee\/lt\/#organization\"},\"potentialAction\":[{\"@type\":\"SearchAction\",\"target\":{\"@type\":\"EntryPoint\",\"urlTemplate\":\"https:\/\/hobstop.ee\/lt\/?s={search_term_string}\"},\"query-input\":{\"@type\":\"PropertyValueSpecification\",\"valueRequired\":true,\"valueName\":\"search_term_string\"}}],\"inLanguage\":\"lt\"},{\"@type\":\"Organization\",\"@id\":\"https:\/\/hobstop.ee\/lt\/#organization\",\"name\":\"Vunder AS\",\"url\":\"https:\/\/hobstop.ee\/lt\/\",\"logo\":{\"@type\":\"ImageObject\",\"inLanguage\":\"lt\",\"@id\":\"https:\/\/hobstop.ee\/lt\/#\/schema\/logo\/image\/\",\"url\":\"https:\/\/hobstop.ee\/media\/vunder-logo.png\",\"contentUrl\":\"https:\/\/hobstop.ee\/media\/vunder-logo.png\",\"width\":127,\"height\":55,\"caption\":\"Vunder AS\"},\"image\":{\"@id\":\"https:\/\/hobstop.ee\/lt\/#\/schema\/logo\/image\/\"},\"sameAs\":[\"http:\/\/www.facebook.com\/VunderSkizze\"]}]}<\/script>\n<!-- \/ Yoast SEO plugin. -->","yoast_head_json":{"title":"Akriliniai da\u017eai Abstract antgaliai &#8211; Skizze","robots":{"index":"noindex","follow":"follow","max-snippet":"max-snippet:-1","max-image-preview":"max-image-preview:large","max-video-preview":"max-video-preview:-1"},"og_locale":"lt_LT","og_type":"article","og_title":"Akriliniai da\u017eai Abstract antgaliai &#8211; Skizze","og_description":"Leiskite pasireik\u0161ti savo k\u016brybi\u0161kumui su \u0161iuo \u201eSennelier Abstract\u201c da\u017e\u0173 mai\u0161eliams skirt\u0173 antgali\u0173 rinkiniu. Prisukite juos prie akrilini\u0173 da\u017e\u0173 \u201eAbstract\u201c antgalio ir sukurkite \u012fvairi\u0173 spalvini\u0173 efekt\u0173 \u2013 pie\u0161kite plonas, storas, banguotas ar dvigubas linijas.","og_url":"https:\/\/hobstop.ee\/lt\/produktas\/akriliniai-dazai-abstract-antgaliai\/","og_site_name":"Skizze","article_publisher":"http:\/\/www.facebook.com\/VunderSkizze","og_image":[{"width":1024,"height":768,"url":"https:\/\/www.hobstop.ee\/media\/4368.jpg","type":"image\/jpeg"}],"twitter_card":"summary_large_image","schema":{"@context":"https:\/\/schema.org","@graph":[{"@type":"WebPage","@id":"https:\/\/hobstop.ee\/lt\/produktas\/akriliniai-dazai-abstract-antgaliai\/","url":"https:\/\/hobstop.ee\/lt\/produktas\/akriliniai-dazai-abstract-antgaliai\/","name":"Akriliniai da\u017eai Abstract antgaliai &#8211; Skizze","isPartOf":{"@id":"https:\/\/hobstop.ee\/lt\/#website"},"primaryImageOfPage":{"@id":"https:\/\/hobstop.ee\/lt\/produktas\/akriliniai-dazai-abstract-antgaliai\/#primaryimage"},"image":{"@id":"https:\/\/hobstop.ee\/lt\/produktas\/akriliniai-dazai-abstract-antgaliai\/#primaryimage"},"thumbnailUrl":"https:\/\/hobstop.ee\/media\/4368.jpg","datePublished":"2016-08-04T08:34:33+00:00","dateModified":"2016-08-04T08:34:33+00:00","breadcrumb":{"@id":"https:\/\/hobstop.ee\/lt\/produktas\/akriliniai-dazai-abstract-antgaliai\/#breadcrumb"},"inLanguage":"lt","potentialAction":[{"@type":"ReadAction","target":["https:\/\/hobstop.ee\/lt\/produktas\/akriliniai-dazai-abstract-antgaliai\/"]}]},{"@type":"ImageObject","inLanguage":"lt","@id":"https:\/\/hobstop.ee\/lt\/produktas\/akriliniai-dazai-abstract-antgaliai\/#primaryimage","url":"https:\/\/hobstop.ee\/media\/4368.jpg","contentUrl":"https:\/\/hobstop.ee\/media\/4368.jpg","width":1024,"height":768},{"@type":"BreadcrumbList","@id":"https:\/\/hobstop.ee\/lt\/produktas\/akriliniai-dazai-abstract-antgaliai\/#breadcrumb","itemListElement":[{"@type":"ListItem","position":1,"name":"Avaleht","item":"https:\/\/hobstop.ee\/lt\/"},{"@type":"ListItem","position":2,"name":"Parduotuv\u0117","item":"https:\/\/hobstop.ee\/lt\/parduotuve\/"},{"@type":"ListItem","position":3,"name":"Akriliniai da\u017eai Abstract antgaliai"}]},{"@type":"WebSite","@id":"https:\/\/hobstop.ee\/lt\/#website","url":"https:\/\/hobstop.ee\/lt\/","name":"Skizze","description":"Dail\u0117s, pom\u0117gi\u0173 ir mokykliniai reikm\u0117nys","publisher":{"@id":"https:\/\/hobstop.ee\/lt\/#organization"},"potentialAction":[{"@type":"SearchAction","target":{"@type":"EntryPoint","urlTemplate":"https:\/\/hobstop.ee\/lt\/?s={search_term_string}"},"query-input":{"@type":"PropertyValueSpecification","valueRequired":true,"valueName":"search_term_string"}}],"inLanguage":"lt"},{"@type":"Organization","@id":"https:\/\/hobstop.ee\/lt\/#organization","name":"Vunder AS","url":"https:\/\/hobstop.ee\/lt\/","logo":{"@type":"ImageObject","inLanguage":"lt","@id":"https:\/\/hobstop.ee\/lt\/#\/schema\/logo\/image\/","url":"https:\/\/hobstop.ee\/media\/vunder-logo.png","contentUrl":"https:\/\/hobstop.ee\/media\/vunder-logo.png","width":127,"height":55,"caption":"Vunder AS"},"image":{"@id":"https:\/\/hobstop.ee\/lt\/#\/schema\/logo\/image\/"},"sameAs":["http:\/\/www.facebook.com\/VunderSkizze"]}]}},"_links":{"self":[{"href":"https:\/\/hobstop.ee\/lt\/wp-json\/wp\/v2\/product\/272480","targetHints":{"allow":["GET"]}}],"collection":[{"href":"https:\/\/hobstop.ee\/lt\/wp-json\/wp\/v2\/product"}],"about":[{"href":"https:\/\/hobstop.ee\/lt\/wp-json\/wp\/v2\/types\/product"}],"replies":[{"embeddable":true,"href":"https:\/\/hobstop.ee\/lt\/wp-json\/wp\/v2\/comments?post=272480"}],"wp:featuredmedia":[{"embeddable":true,"href":"https:\/\/hobstop.ee\/lt\/wp-json\/wp\/v2\/media\/272520"}],"wp:attachment":[{"href":"https:\/\/hobstop.ee\/lt\/wp-json\/wp\/v2\/media?parent=272480"}],"wp:term":[{"taxonomy":"product_cat","embeddable":true,"href":"https:\/\/hobstop.ee\/lt\/wp-json\/wp\/v2\/product_cat?post=272480"},{"taxonomy":"product_tag","embeddable":true,"href":"https:\/\/hobstop.ee\/lt\/wp-json\/wp\/v2\/product_tag?post=272480"}],"curies":[{"name":"wp","href":"https:\/\/api.w.org\/{rel}","templated":true}]}}