{"id":272496,"date":"2016-08-04T11:34:36","date_gmt":"2016-08-04T08:34:36","guid":{"rendered":"https:\/\/sharks.ee\/vunder_2019\/lt\/product\/droztukas-maped-croc-croc-innovation\/"},"modified":"2016-08-04T11:34:36","modified_gmt":"2016-08-04T08:34:36","slug":"droztukas-maped-croc-croc-innovation","status":"publish","type":"product","link":"https:\/\/hobstop.ee\/lt\/produktas\/droztukas-maped-croc-croc-innovation\/","title":{"rendered":"Dro\u017etukas Maped Croc Croc Innovation"},"content":{"rendered":"<p>Croc Croc Innovation\u201c \u2013 triu\u0161is, kuriam patinka pie\u0161tukai! Pa\u017evelkite \u012f \u0161\u012f triu\u0161io formos dro\u017etuk\u0105 ir i\u0161mokite dro\u017eti \u2013 jo dantys juda pasukus pie\u0161tuk\u0105 \u012f de\u0161in\u0119. \u201eCroc Croc Innovation\u201c triu\u0161is \u2013 toks mielas ir juokingas, kad tr\u016bksta \u017eod\u017ei\u0173.<\/p>\n","protected":false},"excerpt":{"rendered":"<p>Croc Croc Innovation\u201c \u2013 triu\u0161is, kuriam patinka pie\u0161tukai! Pa\u017evelkite \u012f \u0161\u012f triu\u0161io formos dro\u017etuk\u0105 ir i\u0161mokite dro\u017eti \u2013 jo dantys juda pasukus pie\u0161tuk\u0105 \u012f de\u0161in\u0119. \u201eCroc Croc Innovation\u201c triu\u0161is \u2013 toks mielas ir juokingas, kad tr\u016bksta \u017eod\u017ei\u0173.<\/p>\n","protected":false},"featured_media":354476,"comment_status":"closed","ping_status":"closed","template":"","meta":{"_acf_changed":false,"ep_exclude_from_search":false},"product_cat":[10095,235,18634],"product_tag":[],"class_list":{"0":"post-272496","1":"product","2":"type-product","3":"status-publish","4":"has-post-thumbnail","6":"product_cat-muud-meisterdamist","7":"product_cat-mokyklines-prekes","8":"product_cat-piesimo-reikmenys-2","10":"first","11":"instock","12":"taxable","13":"shipping-taxable","14":"purchasable","15":"product-type-simple"},"acf":[],"yoast_head":"<!-- This site is optimized with the Yoast SEO plugin v24.1 - https:\/\/yoast.com\/wordpress\/plugins\/seo\/ -->\n<title>Dro\u017etukas Maped Croc Croc Innovation &#8211; Skizze<\/title>\n<meta name=\"robots\" content=\"noindex, follow, max-snippet:-1, max-image-preview:large, max-video-preview:-1\" \/>\n<meta property=\"og:locale\" content=\"lt_LT\" \/>\n<meta property=\"og:type\" content=\"article\" \/>\n<meta property=\"og:title\" content=\"Dro\u017etukas Maped Croc Croc Innovation &#8211; Skizze\" \/>\n<meta property=\"og:description\" content=\"Croc Croc Innovation\u201c \u2013 triu\u0161is, kuriam patinka pie\u0161tukai! Pa\u017evelkite \u012f \u0161\u012f triu\u0161io formos dro\u017etuk\u0105 ir i\u0161mokite dro\u017eti \u2013 jo dantys juda pasukus pie\u0161tuk\u0105 \u012f de\u0161in\u0119. \u201eCroc Croc Innovation\u201c triu\u0161is \u2013 toks mielas ir juokingas, kad tr\u016bksta \u017eod\u017ei\u0173.\" \/>\n<meta property=\"og:url\" content=\"https:\/\/hobstop.ee\/lt\/produktas\/droztukas-maped-croc-croc-innovation\/\" \/>\n<meta property=\"og:site_name\" content=\"Skizze\" \/>\n<meta property=\"article:publisher\" content=\"http:\/\/www.facebook.com\/VunderSkizze\" \/>\n<meta property=\"og:image\" content=\"https:\/\/hobstop.ee\/media\/4373.jpg\" \/>\n\t<meta property=\"og:image:width\" content=\"1024\" \/>\n\t<meta property=\"og:image:height\" content=\"768\" \/>\n\t<meta property=\"og:image:type\" content=\"image\/jpeg\" \/>\n<meta name=\"twitter:card\" content=\"summary_large_image\" \/>\n<script type=\"application\/ld+json\" class=\"yoast-schema-graph\">{\"@context\":\"https:\/\/schema.org\",\"@graph\":[{\"@type\":\"WebPage\",\"@id\":\"https:\/\/hobstop.ee\/lt\/produktas\/droztukas-maped-croc-croc-innovation\/\",\"url\":\"https:\/\/hobstop.ee\/lt\/produktas\/droztukas-maped-croc-croc-innovation\/\",\"name\":\"Dro\u017etukas Maped Croc Croc Innovation &#8211; Skizze\",\"isPartOf\":{\"@id\":\"https:\/\/hobstop.ee\/lt\/#website\"},\"primaryImageOfPage\":{\"@id\":\"https:\/\/hobstop.ee\/lt\/produktas\/droztukas-maped-croc-croc-innovation\/#primaryimage\"},\"image\":{\"@id\":\"https:\/\/hobstop.ee\/lt\/produktas\/droztukas-maped-croc-croc-innovation\/#primaryimage\"},\"thumbnailUrl\":\"https:\/\/hobstop.ee\/media\/4373.jpg\",\"datePublished\":\"2016-08-04T08:34:36+00:00\",\"dateModified\":\"2016-08-04T08:34:36+00:00\",\"breadcrumb\":{\"@id\":\"https:\/\/hobstop.ee\/lt\/produktas\/droztukas-maped-croc-croc-innovation\/#breadcrumb\"},\"inLanguage\":\"lt\",\"potentialAction\":[{\"@type\":\"ReadAction\",\"target\":[\"https:\/\/hobstop.ee\/lt\/produktas\/droztukas-maped-croc-croc-innovation\/\"]}]},{\"@type\":\"ImageObject\",\"inLanguage\":\"lt\",\"@id\":\"https:\/\/hobstop.ee\/lt\/produktas\/droztukas-maped-croc-croc-innovation\/#primaryimage\",\"url\":\"https:\/\/hobstop.ee\/media\/4373.jpg\",\"contentUrl\":\"https:\/\/hobstop.ee\/media\/4373.jpg\",\"width\":1024,\"height\":768},{\"@type\":\"BreadcrumbList\",\"@id\":\"https:\/\/hobstop.ee\/lt\/produktas\/droztukas-maped-croc-croc-innovation\/#breadcrumb\",\"itemListElement\":[{\"@type\":\"ListItem\",\"position\":1,\"name\":\"Avaleht\",\"item\":\"https:\/\/hobstop.ee\/lt\/\"},{\"@type\":\"ListItem\",\"position\":2,\"name\":\"Parduotuv\u0117\",\"item\":\"https:\/\/hobstop.ee\/lt\/parduotuve\/\"},{\"@type\":\"ListItem\",\"position\":3,\"name\":\"Dro\u017etukas Maped Croc Croc Innovation\"}]},{\"@type\":\"WebSite\",\"@id\":\"https:\/\/hobstop.ee\/lt\/#website\",\"url\":\"https:\/\/hobstop.ee\/lt\/\",\"name\":\"Skizze\",\"description\":\"Dail\u0117s, pom\u0117gi\u0173 ir mokykliniai reikm\u0117nys\",\"publisher\":{\"@id\":\"https:\/\/hobstop.ee\/lt\/#organization\"},\"potentialAction\":[{\"@type\":\"SearchAction\",\"target\":{\"@type\":\"EntryPoint\",\"urlTemplate\":\"https:\/\/hobstop.ee\/lt\/?s={search_term_string}\"},\"query-input\":{\"@type\":\"PropertyValueSpecification\",\"valueRequired\":true,\"valueName\":\"search_term_string\"}}],\"inLanguage\":\"lt\"},{\"@type\":\"Organization\",\"@id\":\"https:\/\/hobstop.ee\/lt\/#organization\",\"name\":\"Vunder AS\",\"url\":\"https:\/\/hobstop.ee\/lt\/\",\"logo\":{\"@type\":\"ImageObject\",\"inLanguage\":\"lt\",\"@id\":\"https:\/\/hobstop.ee\/lt\/#\/schema\/logo\/image\/\",\"url\":\"https:\/\/hobstop.ee\/media\/vunder-logo.png\",\"contentUrl\":\"https:\/\/hobstop.ee\/media\/vunder-logo.png\",\"width\":127,\"height\":55,\"caption\":\"Vunder AS\"},\"image\":{\"@id\":\"https:\/\/hobstop.ee\/lt\/#\/schema\/logo\/image\/\"},\"sameAs\":[\"http:\/\/www.facebook.com\/VunderSkizze\"]}]}<\/script>\n<!-- \/ Yoast SEO plugin. -->","yoast_head_json":{"title":"Dro\u017etukas Maped Croc Croc Innovation &#8211; Skizze","robots":{"index":"noindex","follow":"follow","max-snippet":"max-snippet:-1","max-image-preview":"max-image-preview:large","max-video-preview":"max-video-preview:-1"},"og_locale":"lt_LT","og_type":"article","og_title":"Dro\u017etukas Maped Croc Croc Innovation &#8211; Skizze","og_description":"Croc Croc Innovation\u201c \u2013 triu\u0161is, kuriam patinka pie\u0161tukai! Pa\u017evelkite \u012f \u0161\u012f triu\u0161io formos dro\u017etuk\u0105 ir i\u0161mokite dro\u017eti \u2013 jo dantys juda pasukus pie\u0161tuk\u0105 \u012f de\u0161in\u0119. \u201eCroc Croc Innovation\u201c triu\u0161is \u2013 toks mielas ir juokingas, kad tr\u016bksta \u017eod\u017ei\u0173.","og_url":"https:\/\/hobstop.ee\/lt\/produktas\/droztukas-maped-croc-croc-innovation\/","og_site_name":"Skizze","article_publisher":"http:\/\/www.facebook.com\/VunderSkizze","og_image":[{"width":1024,"height":768,"url":"https:\/\/hobstop.ee\/media\/4373.jpg","type":"image\/jpeg"}],"twitter_card":"summary_large_image","schema":{"@context":"https:\/\/schema.org","@graph":[{"@type":"WebPage","@id":"https:\/\/hobstop.ee\/lt\/produktas\/droztukas-maped-croc-croc-innovation\/","url":"https:\/\/hobstop.ee\/lt\/produktas\/droztukas-maped-croc-croc-innovation\/","name":"Dro\u017etukas Maped Croc Croc Innovation &#8211; Skizze","isPartOf":{"@id":"https:\/\/hobstop.ee\/lt\/#website"},"primaryImageOfPage":{"@id":"https:\/\/hobstop.ee\/lt\/produktas\/droztukas-maped-croc-croc-innovation\/#primaryimage"},"image":{"@id":"https:\/\/hobstop.ee\/lt\/produktas\/droztukas-maped-croc-croc-innovation\/#primaryimage"},"thumbnailUrl":"https:\/\/hobstop.ee\/media\/4373.jpg","datePublished":"2016-08-04T08:34:36+00:00","dateModified":"2016-08-04T08:34:36+00:00","breadcrumb":{"@id":"https:\/\/hobstop.ee\/lt\/produktas\/droztukas-maped-croc-croc-innovation\/#breadcrumb"},"inLanguage":"lt","potentialAction":[{"@type":"ReadAction","target":["https:\/\/hobstop.ee\/lt\/produktas\/droztukas-maped-croc-croc-innovation\/"]}]},{"@type":"ImageObject","inLanguage":"lt","@id":"https:\/\/hobstop.ee\/lt\/produktas\/droztukas-maped-croc-croc-innovation\/#primaryimage","url":"https:\/\/hobstop.ee\/media\/4373.jpg","contentUrl":"https:\/\/hobstop.ee\/media\/4373.jpg","width":1024,"height":768},{"@type":"BreadcrumbList","@id":"https:\/\/hobstop.ee\/lt\/produktas\/droztukas-maped-croc-croc-innovation\/#breadcrumb","itemListElement":[{"@type":"ListItem","position":1,"name":"Avaleht","item":"https:\/\/hobstop.ee\/lt\/"},{"@type":"ListItem","position":2,"name":"Parduotuv\u0117","item":"https:\/\/hobstop.ee\/lt\/parduotuve\/"},{"@type":"ListItem","position":3,"name":"Dro\u017etukas Maped Croc Croc Innovation"}]},{"@type":"WebSite","@id":"https:\/\/hobstop.ee\/lt\/#website","url":"https:\/\/hobstop.ee\/lt\/","name":"Skizze","description":"Dail\u0117s, pom\u0117gi\u0173 ir mokykliniai reikm\u0117nys","publisher":{"@id":"https:\/\/hobstop.ee\/lt\/#organization"},"potentialAction":[{"@type":"SearchAction","target":{"@type":"EntryPoint","urlTemplate":"https:\/\/hobstop.ee\/lt\/?s={search_term_string}"},"query-input":{"@type":"PropertyValueSpecification","valueRequired":true,"valueName":"search_term_string"}}],"inLanguage":"lt"},{"@type":"Organization","@id":"https:\/\/hobstop.ee\/lt\/#organization","name":"Vunder AS","url":"https:\/\/hobstop.ee\/lt\/","logo":{"@type":"ImageObject","inLanguage":"lt","@id":"https:\/\/hobstop.ee\/lt\/#\/schema\/logo\/image\/","url":"https:\/\/hobstop.ee\/media\/vunder-logo.png","contentUrl":"https:\/\/hobstop.ee\/media\/vunder-logo.png","width":127,"height":55,"caption":"Vunder AS"},"image":{"@id":"https:\/\/hobstop.ee\/lt\/#\/schema\/logo\/image\/"},"sameAs":["http:\/\/www.facebook.com\/VunderSkizze"]}]}},"_links":{"self":[{"href":"https:\/\/hobstop.ee\/lt\/wp-json\/wp\/v2\/product\/272496","targetHints":{"allow":["GET"]}}],"collection":[{"href":"https:\/\/hobstop.ee\/lt\/wp-json\/wp\/v2\/product"}],"about":[{"href":"https:\/\/hobstop.ee\/lt\/wp-json\/wp\/v2\/types\/product"}],"replies":[{"embeddable":true,"href":"https:\/\/hobstop.ee\/lt\/wp-json\/wp\/v2\/comments?post=272496"}],"wp:featuredmedia":[{"embeddable":true,"href":"https:\/\/hobstop.ee\/lt\/wp-json\/wp\/v2\/media\/354476"}],"wp:attachment":[{"href":"https:\/\/hobstop.ee\/lt\/wp-json\/wp\/v2\/media?parent=272496"}],"wp:term":[{"taxonomy":"product_cat","embeddable":true,"href":"https:\/\/hobstop.ee\/lt\/wp-json\/wp\/v2\/product_cat?post=272496"},{"taxonomy":"product_tag","embeddable":true,"href":"https:\/\/hobstop.ee\/lt\/wp-json\/wp\/v2\/product_tag?post=272496"}],"curies":[{"name":"wp","href":"https:\/\/api.w.org\/{rel}","templated":true}]}}