{"id":272640,"date":"2015-09-05T14:45:27","date_gmt":"2016-08-05T11:45:28","guid":{"rendered":"https:\/\/sharks.ee\/vunder_2019\/lt\/product\/eskizinis-piestukas-conte-a-paris-sanguine\/"},"modified":"2016-08-05T14:45:28","modified_gmt":"2016-08-05T11:45:28","slug":"eskizinis-piestukas-conte-a-paris-sanguine","status":"publish","type":"product","link":"https:\/\/hobstop.ee\/lt\/produktas\/eskizinis-piestukas-conte-a-paris-sanguine\/","title":{"rendered":"Eskizinis pie\u0161tukas Conte a Paris Sanguine"},"content":{"rendered":"<p>Gilios r\u016bd\u017ei\u0173 spalvos, puikiai su kitais mai\u0161omas pie\u0161tukas \u201eConte a Paris Sanguine\u201c. Gerai nusmailintu pie\u0161tuku nupie\u0161ite tiksl\u0173 pie\u0161in\u012f, spalva bus skaidri, \u0161velni\u0173 linij\u0173 pie\u0161inyje i\u0161ry\u0161k\u0117s popieriaus strukt\u016bra. Pie\u0161iant atbukusiu pie\u0161tuku ir j\u012f spaud\u017eiant, linijos bus tamsesn\u0117s. Sangvinas da\u017eniausiai yra naudojamas k\u016bno eskizavimui. Sud\u0117tingesniems darbams, norint pabr\u0117\u017eti kontrast\u0105, rekomenduojama naudoti \u201ePierre Noire\u201c pie\u0161tuk\u0105, o baltu pie\u0161tuku i\u0161ry\u0161kinti \u0161viesesnes k\u016bno vietas. Rekomenduojama pie\u0161ti akt\u0105, baltai i\u0161ry\u0161kinant ap\u0161viestas k\u016bno vietas, pie\u0161tuko spalva primena k\u016bno spalv\u0105. Mai\u0161ant spalvas galima i\u0161ry\u0161kinti \u0161e\u0161\u0117lius.<\/p>\n","protected":false},"excerpt":{"rendered":"<p>Gilios r\u016bd\u017ei\u0173 spalvos, puikiai su kitais mai\u0161omas pie\u0161tukas \u201eConte a Paris Sanguine\u201c. Gerai nusmailintu pie\u0161tuku nupie\u0161ite tiksl\u0173 pie\u0161in\u012f, spalva bus skaidri, \u0161velni\u0173 linij\u0173 pie\u0161inyje i\u0161ry\u0161k\u0117s popieriaus strukt\u016bra. Pie\u0161iant atbukusiu pie\u0161tuku ir j\u012f spaud\u017eiant, linijos bus tamsesn\u0117s. Sangvinas da\u017eniausiai yra naudojamas k\u016bno eskizavimui. Sud\u0117tingesniems darbams, norint pabr\u0117\u017eti kontrast\u0105, rekomenduojama naudoti \u201ePierre Noire\u201c pie\u0161tuk\u0105, o baltu pie\u0161tuku i\u0161ry\u0161kinti \u0161viesesnes k\u016bno vietas. Rekomenduojama pie\u0161ti akt\u0105, baltai i\u0161ry\u0161kinant ap\u0161viestas k\u016bno vietas, pie\u0161tuko spalva primena k\u016bno spalv\u0105. Mai\u0161ant spalvas galima i\u0161ry\u0161kinti \u0161e\u0161\u0117lius.<\/p>\n","protected":false},"featured_media":272652,"comment_status":"closed","ping_status":"closed","template":"","meta":{"_acf_changed":false,"ep_exclude_from_search":false},"product_cat":[16124,18992,18932],"product_tag":[],"class_list":{"0":"post-272640","1":"product","2":"type-product","3":"status-publish","4":"has-post-thumbnail","6":"product_cat-dailes-prekes","7":"product_cat-eskiziniai-piestukai","8":"product_cat-piesimo-reikmenys-3","10":"first","11":"instock","12":"taxable","13":"shipping-taxable","14":"purchasable","15":"product-type-variable"},"acf":[],"yoast_head":"<!-- This site is optimized with the Yoast SEO plugin v24.1 - https:\/\/yoast.com\/wordpress\/plugins\/seo\/ -->\n<title>Eskizinis pie\u0161tukas Conte a Paris Sanguine &#8211; Skizze<\/title>\n<meta name=\"robots\" content=\"noindex, follow, max-snippet:-1, max-image-preview:large, max-video-preview:-1\" \/>\n<meta property=\"og:locale\" content=\"lt_LT\" \/>\n<meta property=\"og:type\" content=\"article\" \/>\n<meta property=\"og:title\" content=\"Eskizinis pie\u0161tukas Conte a Paris Sanguine &#8211; Skizze\" \/>\n<meta property=\"og:description\" content=\"Gilios r\u016bd\u017ei\u0173 spalvos, puikiai su kitais mai\u0161omas pie\u0161tukas \u201eConte a Paris Sanguine\u201c. Gerai nusmailintu pie\u0161tuku nupie\u0161ite tiksl\u0173 pie\u0161in\u012f, spalva bus skaidri, \u0161velni\u0173 linij\u0173 pie\u0161inyje i\u0161ry\u0161k\u0117s popieriaus strukt\u016bra. Pie\u0161iant atbukusiu pie\u0161tuku ir j\u012f spaud\u017eiant, linijos bus tamsesn\u0117s. Sangvinas da\u017eniausiai yra naudojamas k\u016bno eskizavimui. Sud\u0117tingesniems darbams, norint pabr\u0117\u017eti kontrast\u0105, rekomenduojama naudoti \u201ePierre Noire\u201c pie\u0161tuk\u0105, o baltu pie\u0161tuku i\u0161ry\u0161kinti \u0161viesesnes k\u016bno vietas. Rekomenduojama pie\u0161ti akt\u0105, baltai i\u0161ry\u0161kinant ap\u0161viestas k\u016bno vietas, pie\u0161tuko spalva primena k\u016bno spalv\u0105. Mai\u0161ant spalvas galima i\u0161ry\u0161kinti \u0161e\u0161\u0117lius.\" \/>\n<meta property=\"og:url\" content=\"https:\/\/hobstop.ee\/lt\/produktas\/eskizinis-piestukas-conte-a-paris-sanguine\/\" \/>\n<meta property=\"og:site_name\" content=\"Skizze\" \/>\n<meta property=\"article:publisher\" content=\"http:\/\/www.facebook.com\/VunderSkizze\" \/>\n<meta property=\"og:image\" content=\"https:\/\/www.hobstop.ee\/media\/4382.jpg\" \/>\n\t<meta property=\"og:image:width\" content=\"1024\" \/>\n\t<meta property=\"og:image:height\" content=\"768\" \/>\n\t<meta property=\"og:image:type\" content=\"image\/jpeg\" \/>\n<meta name=\"twitter:card\" content=\"summary_large_image\" \/>\n<meta name=\"twitter:label1\" content=\"Est. reading time\" \/>\n\t<meta name=\"twitter:data1\" content=\"1 minute\" \/>\n<script type=\"application\/ld+json\" class=\"yoast-schema-graph\">{\"@context\":\"https:\/\/schema.org\",\"@graph\":[{\"@type\":\"WebPage\",\"@id\":\"https:\/\/hobstop.ee\/lt\/produktas\/eskizinis-piestukas-conte-a-paris-sanguine\/\",\"url\":\"https:\/\/hobstop.ee\/lt\/produktas\/eskizinis-piestukas-conte-a-paris-sanguine\/\",\"name\":\"Eskizinis pie\u0161tukas Conte a Paris Sanguine &#8211; Skizze\",\"isPartOf\":{\"@id\":\"https:\/\/hobstop.ee\/lt\/#website\"},\"primaryImageOfPage\":{\"@id\":\"https:\/\/hobstop.ee\/lt\/produktas\/eskizinis-piestukas-conte-a-paris-sanguine\/#primaryimage\"},\"image\":{\"@id\":\"https:\/\/hobstop.ee\/lt\/produktas\/eskizinis-piestukas-conte-a-paris-sanguine\/#primaryimage\"},\"thumbnailUrl\":\"https:\/\/hobstop.ee\/media\/4382.jpg\",\"datePublished\":\"2016-08-05T11:45:28+00:00\",\"dateModified\":\"2016-08-05T11:45:28+00:00\",\"breadcrumb\":{\"@id\":\"https:\/\/hobstop.ee\/lt\/produktas\/eskizinis-piestukas-conte-a-paris-sanguine\/#breadcrumb\"},\"inLanguage\":\"lt\",\"potentialAction\":[{\"@type\":\"ReadAction\",\"target\":[\"https:\/\/hobstop.ee\/lt\/produktas\/eskizinis-piestukas-conte-a-paris-sanguine\/\"]}]},{\"@type\":\"ImageObject\",\"inLanguage\":\"lt\",\"@id\":\"https:\/\/hobstop.ee\/lt\/produktas\/eskizinis-piestukas-conte-a-paris-sanguine\/#primaryimage\",\"url\":\"https:\/\/hobstop.ee\/media\/4382.jpg\",\"contentUrl\":\"https:\/\/hobstop.ee\/media\/4382.jpg\",\"width\":1024,\"height\":768},{\"@type\":\"BreadcrumbList\",\"@id\":\"https:\/\/hobstop.ee\/lt\/produktas\/eskizinis-piestukas-conte-a-paris-sanguine\/#breadcrumb\",\"itemListElement\":[{\"@type\":\"ListItem\",\"position\":1,\"name\":\"Avaleht\",\"item\":\"https:\/\/hobstop.ee\/lt\/\"},{\"@type\":\"ListItem\",\"position\":2,\"name\":\"Parduotuv\u0117\",\"item\":\"https:\/\/hobstop.ee\/lt\/parduotuve\/\"},{\"@type\":\"ListItem\",\"position\":3,\"name\":\"Eskizinis pie\u0161tukas Conte a Paris Sanguine\"}]},{\"@type\":\"WebSite\",\"@id\":\"https:\/\/hobstop.ee\/lt\/#website\",\"url\":\"https:\/\/hobstop.ee\/lt\/\",\"name\":\"Skizze\",\"description\":\"Dail\u0117s, pom\u0117gi\u0173 ir mokykliniai reikm\u0117nys\",\"publisher\":{\"@id\":\"https:\/\/hobstop.ee\/lt\/#organization\"},\"potentialAction\":[{\"@type\":\"SearchAction\",\"target\":{\"@type\":\"EntryPoint\",\"urlTemplate\":\"https:\/\/hobstop.ee\/lt\/?s={search_term_string}\"},\"query-input\":{\"@type\":\"PropertyValueSpecification\",\"valueRequired\":true,\"valueName\":\"search_term_string\"}}],\"inLanguage\":\"lt\"},{\"@type\":\"Organization\",\"@id\":\"https:\/\/hobstop.ee\/lt\/#organization\",\"name\":\"Vunder AS\",\"url\":\"https:\/\/hobstop.ee\/lt\/\",\"logo\":{\"@type\":\"ImageObject\",\"inLanguage\":\"lt\",\"@id\":\"https:\/\/hobstop.ee\/lt\/#\/schema\/logo\/image\/\",\"url\":\"https:\/\/hobstop.ee\/media\/vunder-logo.png\",\"contentUrl\":\"https:\/\/hobstop.ee\/media\/vunder-logo.png\",\"width\":127,\"height\":55,\"caption\":\"Vunder AS\"},\"image\":{\"@id\":\"https:\/\/hobstop.ee\/lt\/#\/schema\/logo\/image\/\"},\"sameAs\":[\"http:\/\/www.facebook.com\/VunderSkizze\"]}]}<\/script>\n<!-- \/ Yoast SEO plugin. -->","yoast_head_json":{"title":"Eskizinis pie\u0161tukas Conte a Paris Sanguine &#8211; Skizze","robots":{"index":"noindex","follow":"follow","max-snippet":"max-snippet:-1","max-image-preview":"max-image-preview:large","max-video-preview":"max-video-preview:-1"},"og_locale":"lt_LT","og_type":"article","og_title":"Eskizinis pie\u0161tukas Conte a Paris Sanguine &#8211; Skizze","og_description":"Gilios r\u016bd\u017ei\u0173 spalvos, puikiai su kitais mai\u0161omas pie\u0161tukas \u201eConte a Paris Sanguine\u201c. Gerai nusmailintu pie\u0161tuku nupie\u0161ite tiksl\u0173 pie\u0161in\u012f, spalva bus skaidri, \u0161velni\u0173 linij\u0173 pie\u0161inyje i\u0161ry\u0161k\u0117s popieriaus strukt\u016bra. Pie\u0161iant atbukusiu pie\u0161tuku ir j\u012f spaud\u017eiant, linijos bus tamsesn\u0117s. Sangvinas da\u017eniausiai yra naudojamas k\u016bno eskizavimui. Sud\u0117tingesniems darbams, norint pabr\u0117\u017eti kontrast\u0105, rekomenduojama naudoti \u201ePierre Noire\u201c pie\u0161tuk\u0105, o baltu pie\u0161tuku i\u0161ry\u0161kinti \u0161viesesnes k\u016bno vietas. Rekomenduojama pie\u0161ti akt\u0105, baltai i\u0161ry\u0161kinant ap\u0161viestas k\u016bno vietas, pie\u0161tuko spalva primena k\u016bno spalv\u0105. Mai\u0161ant spalvas galima i\u0161ry\u0161kinti \u0161e\u0161\u0117lius.","og_url":"https:\/\/hobstop.ee\/lt\/produktas\/eskizinis-piestukas-conte-a-paris-sanguine\/","og_site_name":"Skizze","article_publisher":"http:\/\/www.facebook.com\/VunderSkizze","og_image":[{"width":1024,"height":768,"url":"https:\/\/www.hobstop.ee\/media\/4382.jpg","type":"image\/jpeg"}],"twitter_card":"summary_large_image","twitter_misc":{"Est. reading time":"1 minute"},"schema":{"@context":"https:\/\/schema.org","@graph":[{"@type":"WebPage","@id":"https:\/\/hobstop.ee\/lt\/produktas\/eskizinis-piestukas-conte-a-paris-sanguine\/","url":"https:\/\/hobstop.ee\/lt\/produktas\/eskizinis-piestukas-conte-a-paris-sanguine\/","name":"Eskizinis pie\u0161tukas Conte a Paris Sanguine &#8211; Skizze","isPartOf":{"@id":"https:\/\/hobstop.ee\/lt\/#website"},"primaryImageOfPage":{"@id":"https:\/\/hobstop.ee\/lt\/produktas\/eskizinis-piestukas-conte-a-paris-sanguine\/#primaryimage"},"image":{"@id":"https:\/\/hobstop.ee\/lt\/produktas\/eskizinis-piestukas-conte-a-paris-sanguine\/#primaryimage"},"thumbnailUrl":"https:\/\/hobstop.ee\/media\/4382.jpg","datePublished":"2016-08-05T11:45:28+00:00","dateModified":"2016-08-05T11:45:28+00:00","breadcrumb":{"@id":"https:\/\/hobstop.ee\/lt\/produktas\/eskizinis-piestukas-conte-a-paris-sanguine\/#breadcrumb"},"inLanguage":"lt","potentialAction":[{"@type":"ReadAction","target":["https:\/\/hobstop.ee\/lt\/produktas\/eskizinis-piestukas-conte-a-paris-sanguine\/"]}]},{"@type":"ImageObject","inLanguage":"lt","@id":"https:\/\/hobstop.ee\/lt\/produktas\/eskizinis-piestukas-conte-a-paris-sanguine\/#primaryimage","url":"https:\/\/hobstop.ee\/media\/4382.jpg","contentUrl":"https:\/\/hobstop.ee\/media\/4382.jpg","width":1024,"height":768},{"@type":"BreadcrumbList","@id":"https:\/\/hobstop.ee\/lt\/produktas\/eskizinis-piestukas-conte-a-paris-sanguine\/#breadcrumb","itemListElement":[{"@type":"ListItem","position":1,"name":"Avaleht","item":"https:\/\/hobstop.ee\/lt\/"},{"@type":"ListItem","position":2,"name":"Parduotuv\u0117","item":"https:\/\/hobstop.ee\/lt\/parduotuve\/"},{"@type":"ListItem","position":3,"name":"Eskizinis pie\u0161tukas Conte a Paris Sanguine"}]},{"@type":"WebSite","@id":"https:\/\/hobstop.ee\/lt\/#website","url":"https:\/\/hobstop.ee\/lt\/","name":"Skizze","description":"Dail\u0117s, pom\u0117gi\u0173 ir mokykliniai reikm\u0117nys","publisher":{"@id":"https:\/\/hobstop.ee\/lt\/#organization"},"potentialAction":[{"@type":"SearchAction","target":{"@type":"EntryPoint","urlTemplate":"https:\/\/hobstop.ee\/lt\/?s={search_term_string}"},"query-input":{"@type":"PropertyValueSpecification","valueRequired":true,"valueName":"search_term_string"}}],"inLanguage":"lt"},{"@type":"Organization","@id":"https:\/\/hobstop.ee\/lt\/#organization","name":"Vunder AS","url":"https:\/\/hobstop.ee\/lt\/","logo":{"@type":"ImageObject","inLanguage":"lt","@id":"https:\/\/hobstop.ee\/lt\/#\/schema\/logo\/image\/","url":"https:\/\/hobstop.ee\/media\/vunder-logo.png","contentUrl":"https:\/\/hobstop.ee\/media\/vunder-logo.png","width":127,"height":55,"caption":"Vunder AS"},"image":{"@id":"https:\/\/hobstop.ee\/lt\/#\/schema\/logo\/image\/"},"sameAs":["http:\/\/www.facebook.com\/VunderSkizze"]}]}},"_links":{"self":[{"href":"https:\/\/hobstop.ee\/lt\/wp-json\/wp\/v2\/product\/272640","targetHints":{"allow":["GET"]}}],"collection":[{"href":"https:\/\/hobstop.ee\/lt\/wp-json\/wp\/v2\/product"}],"about":[{"href":"https:\/\/hobstop.ee\/lt\/wp-json\/wp\/v2\/types\/product"}],"replies":[{"embeddable":true,"href":"https:\/\/hobstop.ee\/lt\/wp-json\/wp\/v2\/comments?post=272640"}],"wp:featuredmedia":[{"embeddable":true,"href":"https:\/\/hobstop.ee\/lt\/wp-json\/wp\/v2\/media\/272652"}],"wp:attachment":[{"href":"https:\/\/hobstop.ee\/lt\/wp-json\/wp\/v2\/media?parent=272640"}],"wp:term":[{"taxonomy":"product_cat","embeddable":true,"href":"https:\/\/hobstop.ee\/lt\/wp-json\/wp\/v2\/product_cat?post=272640"},{"taxonomy":"product_tag","embeddable":true,"href":"https:\/\/hobstop.ee\/lt\/wp-json\/wp\/v2\/product_tag?post=272640"}],"curies":[{"name":"wp","href":"https:\/\/api.w.org\/{rel}","templated":true}]}}