{"id":272644,"date":"2015-09-05T14:45:28","date_gmt":"2016-08-05T11:45:29","guid":{"rendered":"https:\/\/sharks.ee\/vunder_2019\/lt\/product\/eskizinis-piestukas-conte-a-paris-sepia\/"},"modified":"2016-08-05T14:45:29","modified_gmt":"2016-08-05T11:45:29","slug":"eskizinis-piestukas-conte-a-paris-sepia","status":"publish","type":"product","link":"https:\/\/hobstop.ee\/lt\/produktas\/eskizinis-piestukas-conte-a-paris-sepia\/","title":{"rendered":"Eskizinis pie\u0161tukas Conte a Paris Sepia"},"content":{"rendered":"<p>Pie\u0161tuku \u201eConte a Paris Sepia\u201c lengvai i\u0161ry\u0161kinsite \u0161e\u0161\u0117lius, o jo spalva primena degt\u0105 umbr\u0105. Nusmailintu pie\u0161tuku nupie\u0161ite tikslas ir plonas linijas. Pie\u0161iant atbukusiu pie\u0161tuku ir j\u012f spaud\u017eiant, linijos bus tamsesn\u0117s. J\u012f galima naudoti vien\u0105 arba, norint i\u0161gauti sud\u0117tingesn\u012f pavir\u0161i\u0173, mai\u0161yti su sangvinu, baltu, angliniu arba \u201ePierre Noire\u201c pie\u0161tuku. Rekomenduojama eskizams, aktams (galima \u0161e\u0161\u0117liuoti net ir kontrastingiausias k\u016bno dalis), portretams (pabr\u0117\u017eia ir i\u0161ry\u0161kina savitus veido bruo\u017eus) bei peiza\u017eams (suteikia spalv\u0105 medienos ra\u0161tui ir nam\u0173 fasadams) pie\u0161ti.<\/p>\n","protected":false},"excerpt":{"rendered":"<p>Pie\u0161tuku \u201eConte a Paris Sepia\u201c lengvai i\u0161ry\u0161kinsite \u0161e\u0161\u0117lius, o jo spalva primena degt\u0105 umbr\u0105. Nusmailintu pie\u0161tuku nupie\u0161ite tikslas ir plonas linijas. Pie\u0161iant atbukusiu pie\u0161tuku ir j\u012f spaud\u017eiant, linijos bus tamsesn\u0117s. J\u012f galima naudoti vien\u0105 arba, norint i\u0161gauti sud\u0117tingesn\u012f pavir\u0161i\u0173, mai\u0161yti su sangvinu, baltu, angliniu arba \u201ePierre Noire\u201c pie\u0161tuku. Rekomenduojama eskizams, aktams (galima \u0161e\u0161\u0117liuoti net ir kontrastingiausias k\u016bno dalis), portretams (pabr\u0117\u017eia ir i\u0161ry\u0161kina savitus veido bruo\u017eus) bei peiza\u017eams (suteikia spalv\u0105 medienos ra\u0161tui ir nam\u0173 fasadams) pie\u0161ti.<\/p>\n","protected":false},"featured_media":272656,"comment_status":"closed","ping_status":"closed","template":"","meta":{"_acf_changed":false,"ep_exclude_from_search":false},"product_cat":[16124,18992,18932],"product_tag":[],"class_list":{"0":"post-272644","1":"product","2":"type-product","3":"status-publish","4":"has-post-thumbnail","6":"product_cat-dailes-prekes","7":"product_cat-eskiziniai-piestukai","8":"product_cat-piesimo-reikmenys-3","10":"first","11":"outofstock","12":"taxable","13":"shipping-taxable","14":"purchasable","15":"product-type-variable"},"acf":[],"yoast_head":"<!-- This site is optimized with the Yoast SEO plugin v24.1 - https:\/\/yoast.com\/wordpress\/plugins\/seo\/ -->\n<title>Eskizinis pie\u0161tukas Conte a Paris Sepia &#8211; Skizze<\/title>\n<meta name=\"robots\" content=\"noindex, follow, max-snippet:-1, max-image-preview:large, max-video-preview:-1\" \/>\n<meta property=\"og:locale\" content=\"lt_LT\" \/>\n<meta property=\"og:type\" content=\"article\" \/>\n<meta property=\"og:title\" content=\"Eskizinis pie\u0161tukas Conte a Paris Sepia &#8211; Skizze\" \/>\n<meta property=\"og:description\" content=\"Pie\u0161tuku \u201eConte a Paris Sepia\u201c lengvai i\u0161ry\u0161kinsite \u0161e\u0161\u0117lius, o jo spalva primena degt\u0105 umbr\u0105. Nusmailintu pie\u0161tuku nupie\u0161ite tikslas ir plonas linijas. Pie\u0161iant atbukusiu pie\u0161tuku ir j\u012f spaud\u017eiant, linijos bus tamsesn\u0117s. J\u012f galima naudoti vien\u0105 arba, norint i\u0161gauti sud\u0117tingesn\u012f pavir\u0161i\u0173, mai\u0161yti su sangvinu, baltu, angliniu arba \u201ePierre Noire\u201c pie\u0161tuku. Rekomenduojama eskizams, aktams (galima \u0161e\u0161\u0117liuoti net ir kontrastingiausias k\u016bno dalis), portretams (pabr\u0117\u017eia ir i\u0161ry\u0161kina savitus veido bruo\u017eus) bei peiza\u017eams (suteikia spalv\u0105 medienos ra\u0161tui ir nam\u0173 fasadams) pie\u0161ti.\" \/>\n<meta property=\"og:url\" content=\"https:\/\/hobstop.ee\/lt\/produktas\/eskizinis-piestukas-conte-a-paris-sepia\/\" \/>\n<meta property=\"og:site_name\" content=\"Skizze\" \/>\n<meta property=\"article:publisher\" content=\"http:\/\/www.facebook.com\/VunderSkizze\" \/>\n<meta property=\"og:image\" content=\"https:\/\/www.hobstop.ee\/media\/4383.jpg\" \/>\n\t<meta property=\"og:image:width\" content=\"1024\" \/>\n\t<meta property=\"og:image:height\" content=\"768\" \/>\n\t<meta property=\"og:image:type\" content=\"image\/jpeg\" \/>\n<meta name=\"twitter:card\" content=\"summary_large_image\" \/>\n<script type=\"application\/ld+json\" class=\"yoast-schema-graph\">{\"@context\":\"https:\/\/schema.org\",\"@graph\":[{\"@type\":\"WebPage\",\"@id\":\"https:\/\/hobstop.ee\/lt\/produktas\/eskizinis-piestukas-conte-a-paris-sepia\/\",\"url\":\"https:\/\/hobstop.ee\/lt\/produktas\/eskizinis-piestukas-conte-a-paris-sepia\/\",\"name\":\"Eskizinis pie\u0161tukas Conte a Paris Sepia &#8211; Skizze\",\"isPartOf\":{\"@id\":\"https:\/\/hobstop.ee\/lt\/#website\"},\"primaryImageOfPage\":{\"@id\":\"https:\/\/hobstop.ee\/lt\/produktas\/eskizinis-piestukas-conte-a-paris-sepia\/#primaryimage\"},\"image\":{\"@id\":\"https:\/\/hobstop.ee\/lt\/produktas\/eskizinis-piestukas-conte-a-paris-sepia\/#primaryimage\"},\"thumbnailUrl\":\"https:\/\/hobstop.ee\/media\/4383.jpg\",\"datePublished\":\"2016-08-05T11:45:29+00:00\",\"dateModified\":\"2016-08-05T11:45:29+00:00\",\"breadcrumb\":{\"@id\":\"https:\/\/hobstop.ee\/lt\/produktas\/eskizinis-piestukas-conte-a-paris-sepia\/#breadcrumb\"},\"inLanguage\":\"lt\",\"potentialAction\":[{\"@type\":\"ReadAction\",\"target\":[\"https:\/\/hobstop.ee\/lt\/produktas\/eskizinis-piestukas-conte-a-paris-sepia\/\"]}]},{\"@type\":\"ImageObject\",\"inLanguage\":\"lt\",\"@id\":\"https:\/\/hobstop.ee\/lt\/produktas\/eskizinis-piestukas-conte-a-paris-sepia\/#primaryimage\",\"url\":\"https:\/\/hobstop.ee\/media\/4383.jpg\",\"contentUrl\":\"https:\/\/hobstop.ee\/media\/4383.jpg\",\"width\":1024,\"height\":768},{\"@type\":\"BreadcrumbList\",\"@id\":\"https:\/\/hobstop.ee\/lt\/produktas\/eskizinis-piestukas-conte-a-paris-sepia\/#breadcrumb\",\"itemListElement\":[{\"@type\":\"ListItem\",\"position\":1,\"name\":\"Avaleht\",\"item\":\"https:\/\/hobstop.ee\/lt\/\"},{\"@type\":\"ListItem\",\"position\":2,\"name\":\"Parduotuv\u0117\",\"item\":\"https:\/\/hobstop.ee\/lt\/parduotuve\/\"},{\"@type\":\"ListItem\",\"position\":3,\"name\":\"Eskizinis pie\u0161tukas Conte a Paris Sepia\"}]},{\"@type\":\"WebSite\",\"@id\":\"https:\/\/hobstop.ee\/lt\/#website\",\"url\":\"https:\/\/hobstop.ee\/lt\/\",\"name\":\"Skizze\",\"description\":\"Dail\u0117s, pom\u0117gi\u0173 ir mokykliniai reikm\u0117nys\",\"publisher\":{\"@id\":\"https:\/\/hobstop.ee\/lt\/#organization\"},\"potentialAction\":[{\"@type\":\"SearchAction\",\"target\":{\"@type\":\"EntryPoint\",\"urlTemplate\":\"https:\/\/hobstop.ee\/lt\/?s={search_term_string}\"},\"query-input\":{\"@type\":\"PropertyValueSpecification\",\"valueRequired\":true,\"valueName\":\"search_term_string\"}}],\"inLanguage\":\"lt\"},{\"@type\":\"Organization\",\"@id\":\"https:\/\/hobstop.ee\/lt\/#organization\",\"name\":\"Vunder AS\",\"url\":\"https:\/\/hobstop.ee\/lt\/\",\"logo\":{\"@type\":\"ImageObject\",\"inLanguage\":\"lt\",\"@id\":\"https:\/\/hobstop.ee\/lt\/#\/schema\/logo\/image\/\",\"url\":\"https:\/\/hobstop.ee\/media\/vunder-logo.png\",\"contentUrl\":\"https:\/\/hobstop.ee\/media\/vunder-logo.png\",\"width\":127,\"height\":55,\"caption\":\"Vunder AS\"},\"image\":{\"@id\":\"https:\/\/hobstop.ee\/lt\/#\/schema\/logo\/image\/\"},\"sameAs\":[\"http:\/\/www.facebook.com\/VunderSkizze\"]}]}<\/script>\n<!-- \/ Yoast SEO plugin. -->","yoast_head_json":{"title":"Eskizinis pie\u0161tukas Conte a Paris Sepia &#8211; Skizze","robots":{"index":"noindex","follow":"follow","max-snippet":"max-snippet:-1","max-image-preview":"max-image-preview:large","max-video-preview":"max-video-preview:-1"},"og_locale":"lt_LT","og_type":"article","og_title":"Eskizinis pie\u0161tukas Conte a Paris Sepia &#8211; Skizze","og_description":"Pie\u0161tuku \u201eConte a Paris Sepia\u201c lengvai i\u0161ry\u0161kinsite \u0161e\u0161\u0117lius, o jo spalva primena degt\u0105 umbr\u0105. Nusmailintu pie\u0161tuku nupie\u0161ite tikslas ir plonas linijas. Pie\u0161iant atbukusiu pie\u0161tuku ir j\u012f spaud\u017eiant, linijos bus tamsesn\u0117s. J\u012f galima naudoti vien\u0105 arba, norint i\u0161gauti sud\u0117tingesn\u012f pavir\u0161i\u0173, mai\u0161yti su sangvinu, baltu, angliniu arba \u201ePierre Noire\u201c pie\u0161tuku. Rekomenduojama eskizams, aktams (galima \u0161e\u0161\u0117liuoti net ir kontrastingiausias k\u016bno dalis), portretams (pabr\u0117\u017eia ir i\u0161ry\u0161kina savitus veido bruo\u017eus) bei peiza\u017eams (suteikia spalv\u0105 medienos ra\u0161tui ir nam\u0173 fasadams) pie\u0161ti.","og_url":"https:\/\/hobstop.ee\/lt\/produktas\/eskizinis-piestukas-conte-a-paris-sepia\/","og_site_name":"Skizze","article_publisher":"http:\/\/www.facebook.com\/VunderSkizze","og_image":[{"width":1024,"height":768,"url":"https:\/\/www.hobstop.ee\/media\/4383.jpg","type":"image\/jpeg"}],"twitter_card":"summary_large_image","schema":{"@context":"https:\/\/schema.org","@graph":[{"@type":"WebPage","@id":"https:\/\/hobstop.ee\/lt\/produktas\/eskizinis-piestukas-conte-a-paris-sepia\/","url":"https:\/\/hobstop.ee\/lt\/produktas\/eskizinis-piestukas-conte-a-paris-sepia\/","name":"Eskizinis pie\u0161tukas Conte a Paris Sepia &#8211; Skizze","isPartOf":{"@id":"https:\/\/hobstop.ee\/lt\/#website"},"primaryImageOfPage":{"@id":"https:\/\/hobstop.ee\/lt\/produktas\/eskizinis-piestukas-conte-a-paris-sepia\/#primaryimage"},"image":{"@id":"https:\/\/hobstop.ee\/lt\/produktas\/eskizinis-piestukas-conte-a-paris-sepia\/#primaryimage"},"thumbnailUrl":"https:\/\/hobstop.ee\/media\/4383.jpg","datePublished":"2016-08-05T11:45:29+00:00","dateModified":"2016-08-05T11:45:29+00:00","breadcrumb":{"@id":"https:\/\/hobstop.ee\/lt\/produktas\/eskizinis-piestukas-conte-a-paris-sepia\/#breadcrumb"},"inLanguage":"lt","potentialAction":[{"@type":"ReadAction","target":["https:\/\/hobstop.ee\/lt\/produktas\/eskizinis-piestukas-conte-a-paris-sepia\/"]}]},{"@type":"ImageObject","inLanguage":"lt","@id":"https:\/\/hobstop.ee\/lt\/produktas\/eskizinis-piestukas-conte-a-paris-sepia\/#primaryimage","url":"https:\/\/hobstop.ee\/media\/4383.jpg","contentUrl":"https:\/\/hobstop.ee\/media\/4383.jpg","width":1024,"height":768},{"@type":"BreadcrumbList","@id":"https:\/\/hobstop.ee\/lt\/produktas\/eskizinis-piestukas-conte-a-paris-sepia\/#breadcrumb","itemListElement":[{"@type":"ListItem","position":1,"name":"Avaleht","item":"https:\/\/hobstop.ee\/lt\/"},{"@type":"ListItem","position":2,"name":"Parduotuv\u0117","item":"https:\/\/hobstop.ee\/lt\/parduotuve\/"},{"@type":"ListItem","position":3,"name":"Eskizinis pie\u0161tukas Conte a Paris Sepia"}]},{"@type":"WebSite","@id":"https:\/\/hobstop.ee\/lt\/#website","url":"https:\/\/hobstop.ee\/lt\/","name":"Skizze","description":"Dail\u0117s, pom\u0117gi\u0173 ir mokykliniai reikm\u0117nys","publisher":{"@id":"https:\/\/hobstop.ee\/lt\/#organization"},"potentialAction":[{"@type":"SearchAction","target":{"@type":"EntryPoint","urlTemplate":"https:\/\/hobstop.ee\/lt\/?s={search_term_string}"},"query-input":{"@type":"PropertyValueSpecification","valueRequired":true,"valueName":"search_term_string"}}],"inLanguage":"lt"},{"@type":"Organization","@id":"https:\/\/hobstop.ee\/lt\/#organization","name":"Vunder AS","url":"https:\/\/hobstop.ee\/lt\/","logo":{"@type":"ImageObject","inLanguage":"lt","@id":"https:\/\/hobstop.ee\/lt\/#\/schema\/logo\/image\/","url":"https:\/\/hobstop.ee\/media\/vunder-logo.png","contentUrl":"https:\/\/hobstop.ee\/media\/vunder-logo.png","width":127,"height":55,"caption":"Vunder AS"},"image":{"@id":"https:\/\/hobstop.ee\/lt\/#\/schema\/logo\/image\/"},"sameAs":["http:\/\/www.facebook.com\/VunderSkizze"]}]}},"_links":{"self":[{"href":"https:\/\/hobstop.ee\/lt\/wp-json\/wp\/v2\/product\/272644","targetHints":{"allow":["GET"]}}],"collection":[{"href":"https:\/\/hobstop.ee\/lt\/wp-json\/wp\/v2\/product"}],"about":[{"href":"https:\/\/hobstop.ee\/lt\/wp-json\/wp\/v2\/types\/product"}],"replies":[{"embeddable":true,"href":"https:\/\/hobstop.ee\/lt\/wp-json\/wp\/v2\/comments?post=272644"}],"wp:featuredmedia":[{"embeddable":true,"href":"https:\/\/hobstop.ee\/lt\/wp-json\/wp\/v2\/media\/272656"}],"wp:attachment":[{"href":"https:\/\/hobstop.ee\/lt\/wp-json\/wp\/v2\/media?parent=272644"}],"wp:term":[{"taxonomy":"product_cat","embeddable":true,"href":"https:\/\/hobstop.ee\/lt\/wp-json\/wp\/v2\/product_cat?post=272644"},{"taxonomy":"product_tag","embeddable":true,"href":"https:\/\/hobstop.ee\/lt\/wp-json\/wp\/v2\/product_tag?post=272644"}],"curies":[{"name":"wp","href":"https:\/\/api.w.org\/{rel}","templated":true}]}}