{"id":273271,"date":"2016-08-29T10:17:23","date_gmt":"2016-08-29T07:17:23","guid":{"rendered":"https:\/\/sharks.ee\/vunder_2019\/lt\/product\/3d-delione-mediniai-mara-by-marabu-lektuvai\/"},"modified":"2016-08-29T10:17:23","modified_gmt":"2016-08-29T07:17:23","slug":"3d-delione-mediniai-marabu-kids-lektuvai","status":"publish","type":"product","link":"https:\/\/hobstop.ee\/lt\/produktas\/3d-delione-mediniai-marabu-kids-lektuvai\/","title":{"rendered":"3D d\u0117lion\u0117 mediniai Marabu Kids l\u0117ktuvai"},"content":{"rendered":"<p>Vaikams skirta 3D medin\u0117 d\u0117lion\u0117 k\u016brybiniam meistravimui ir kolekcionavimui. Lengvai sudedama \u2013 tiesiog suspauskite detales. Galima nuda\u017eyti rankdarbi\u0173 da\u017eais.<\/p>\n","protected":false},"excerpt":{"rendered":"<p>Vaikams skirta 3D medin\u0117 d\u0117lion\u0117 k\u016brybiniam meistravimui ir kolekcionavimui. Lengvai sudedama \u2013 tiesiog suspauskite detales. Galima nuda\u017eyti rankdarbi\u0173 da\u017eais.<\/p>\n","protected":false},"featured_media":273351,"comment_status":"closed","ping_status":"closed","template":"","meta":{"_acf_changed":false,"ep_exclude_from_search":false},"product_cat":[20034,20028,19836],"product_tag":[],"class_list":{"0":"post-273271","1":"product","2":"type-product","3":"status-publish","4":"has-post-thumbnail","6":"product_cat-deliones","7":"product_cat-ugdomieji-zaislai","8":"product_cat-vaiku-laisvalaikio-prekes","10":"first","11":"instock","12":"taxable","13":"shipping-taxable","14":"purchasable","15":"product-type-simple"},"acf":[],"yoast_head":"<!-- This site is optimized with the Yoast SEO plugin v24.1 - https:\/\/yoast.com\/wordpress\/plugins\/seo\/ -->\n<title>3D d\u0117lion\u0117 mediniai Marabu Kids l\u0117ktuvai &#8211; Skizze<\/title>\n<meta name=\"robots\" content=\"noindex, follow, max-snippet:-1, max-image-preview:large, max-video-preview:-1\" \/>\n<meta property=\"og:locale\" content=\"lt_LT\" \/>\n<meta property=\"og:type\" content=\"article\" \/>\n<meta property=\"og:title\" content=\"3D d\u0117lion\u0117 mediniai Marabu Kids l\u0117ktuvai &#8211; Skizze\" \/>\n<meta property=\"og:description\" content=\"Vaikams skirta 3D medin\u0117 d\u0117lion\u0117 k\u016brybiniam meistravimui ir kolekcionavimui. Lengvai sudedama \u2013 tiesiog suspauskite detales. Galima nuda\u017eyti rankdarbi\u0173 da\u017eais.\" \/>\n<meta property=\"og:url\" content=\"https:\/\/hobstop.ee\/lt\/produktas\/3d-delione-mediniai-marabu-kids-lektuvai\/\" \/>\n<meta property=\"og:site_name\" content=\"Skizze\" \/>\n<meta property=\"article:publisher\" content=\"http:\/\/www.facebook.com\/VunderSkizze\" \/>\n<meta property=\"og:image\" content=\"https:\/\/hobstop.ee\/media\/4388.jpg\" \/>\n\t<meta property=\"og:image:width\" content=\"1024\" \/>\n\t<meta property=\"og:image:height\" content=\"768\" \/>\n\t<meta property=\"og:image:type\" content=\"image\/jpeg\" \/>\n<meta name=\"twitter:card\" content=\"summary_large_image\" \/>\n<script type=\"application\/ld+json\" class=\"yoast-schema-graph\">{\"@context\":\"https:\/\/schema.org\",\"@graph\":[{\"@type\":\"WebPage\",\"@id\":\"https:\/\/hobstop.ee\/lt\/produktas\/3d-delione-mediniai-marabu-kids-lektuvai\/\",\"url\":\"https:\/\/hobstop.ee\/lt\/produktas\/3d-delione-mediniai-marabu-kids-lektuvai\/\",\"name\":\"3D d\u0117lion\u0117 mediniai Marabu Kids l\u0117ktuvai &#8211; Skizze\",\"isPartOf\":{\"@id\":\"https:\/\/hobstop.ee\/lt\/#website\"},\"primaryImageOfPage\":{\"@id\":\"https:\/\/hobstop.ee\/lt\/produktas\/3d-delione-mediniai-marabu-kids-lektuvai\/#primaryimage\"},\"image\":{\"@id\":\"https:\/\/hobstop.ee\/lt\/produktas\/3d-delione-mediniai-marabu-kids-lektuvai\/#primaryimage\"},\"thumbnailUrl\":\"https:\/\/hobstop.ee\/media\/4388.jpg\",\"datePublished\":\"2016-08-29T07:17:23+00:00\",\"dateModified\":\"2016-08-29T07:17:23+00:00\",\"breadcrumb\":{\"@id\":\"https:\/\/hobstop.ee\/lt\/produktas\/3d-delione-mediniai-marabu-kids-lektuvai\/#breadcrumb\"},\"inLanguage\":\"lt\",\"potentialAction\":[{\"@type\":\"ReadAction\",\"target\":[\"https:\/\/hobstop.ee\/lt\/produktas\/3d-delione-mediniai-marabu-kids-lektuvai\/\"]}]},{\"@type\":\"ImageObject\",\"inLanguage\":\"lt\",\"@id\":\"https:\/\/hobstop.ee\/lt\/produktas\/3d-delione-mediniai-marabu-kids-lektuvai\/#primaryimage\",\"url\":\"https:\/\/hobstop.ee\/media\/4388.jpg\",\"contentUrl\":\"https:\/\/hobstop.ee\/media\/4388.jpg\",\"width\":1024,\"height\":768},{\"@type\":\"BreadcrumbList\",\"@id\":\"https:\/\/hobstop.ee\/lt\/produktas\/3d-delione-mediniai-marabu-kids-lektuvai\/#breadcrumb\",\"itemListElement\":[{\"@type\":\"ListItem\",\"position\":1,\"name\":\"Avaleht\",\"item\":\"https:\/\/hobstop.ee\/lt\/\"},{\"@type\":\"ListItem\",\"position\":2,\"name\":\"Parduotuv\u0117\",\"item\":\"https:\/\/hobstop.ee\/lt\/parduotuve\/\"},{\"@type\":\"ListItem\",\"position\":3,\"name\":\"3D d\u0117lion\u0117 mediniai Marabu Kids l\u0117ktuvai\"}]},{\"@type\":\"WebSite\",\"@id\":\"https:\/\/hobstop.ee\/lt\/#website\",\"url\":\"https:\/\/hobstop.ee\/lt\/\",\"name\":\"Skizze\",\"description\":\"Dail\u0117s, pom\u0117gi\u0173 ir mokykliniai reikm\u0117nys\",\"publisher\":{\"@id\":\"https:\/\/hobstop.ee\/lt\/#organization\"},\"potentialAction\":[{\"@type\":\"SearchAction\",\"target\":{\"@type\":\"EntryPoint\",\"urlTemplate\":\"https:\/\/hobstop.ee\/lt\/?s={search_term_string}\"},\"query-input\":{\"@type\":\"PropertyValueSpecification\",\"valueRequired\":true,\"valueName\":\"search_term_string\"}}],\"inLanguage\":\"lt\"},{\"@type\":\"Organization\",\"@id\":\"https:\/\/hobstop.ee\/lt\/#organization\",\"name\":\"Vunder AS\",\"url\":\"https:\/\/hobstop.ee\/lt\/\",\"logo\":{\"@type\":\"ImageObject\",\"inLanguage\":\"lt\",\"@id\":\"https:\/\/hobstop.ee\/lt\/#\/schema\/logo\/image\/\",\"url\":\"https:\/\/hobstop.ee\/media\/vunder-logo.png\",\"contentUrl\":\"https:\/\/hobstop.ee\/media\/vunder-logo.png\",\"width\":127,\"height\":55,\"caption\":\"Vunder AS\"},\"image\":{\"@id\":\"https:\/\/hobstop.ee\/lt\/#\/schema\/logo\/image\/\"},\"sameAs\":[\"http:\/\/www.facebook.com\/VunderSkizze\"]}]}<\/script>\n<!-- \/ Yoast SEO plugin. -->","yoast_head_json":{"title":"3D d\u0117lion\u0117 mediniai Marabu Kids l\u0117ktuvai &#8211; Skizze","robots":{"index":"noindex","follow":"follow","max-snippet":"max-snippet:-1","max-image-preview":"max-image-preview:large","max-video-preview":"max-video-preview:-1"},"og_locale":"lt_LT","og_type":"article","og_title":"3D d\u0117lion\u0117 mediniai Marabu Kids l\u0117ktuvai &#8211; Skizze","og_description":"Vaikams skirta 3D medin\u0117 d\u0117lion\u0117 k\u016brybiniam meistravimui ir kolekcionavimui. Lengvai sudedama \u2013 tiesiog suspauskite detales. Galima nuda\u017eyti rankdarbi\u0173 da\u017eais.","og_url":"https:\/\/hobstop.ee\/lt\/produktas\/3d-delione-mediniai-marabu-kids-lektuvai\/","og_site_name":"Skizze","article_publisher":"http:\/\/www.facebook.com\/VunderSkizze","og_image":[{"width":1024,"height":768,"url":"https:\/\/hobstop.ee\/media\/4388.jpg","type":"image\/jpeg"}],"twitter_card":"summary_large_image","schema":{"@context":"https:\/\/schema.org","@graph":[{"@type":"WebPage","@id":"https:\/\/hobstop.ee\/lt\/produktas\/3d-delione-mediniai-marabu-kids-lektuvai\/","url":"https:\/\/hobstop.ee\/lt\/produktas\/3d-delione-mediniai-marabu-kids-lektuvai\/","name":"3D d\u0117lion\u0117 mediniai Marabu Kids l\u0117ktuvai &#8211; Skizze","isPartOf":{"@id":"https:\/\/hobstop.ee\/lt\/#website"},"primaryImageOfPage":{"@id":"https:\/\/hobstop.ee\/lt\/produktas\/3d-delione-mediniai-marabu-kids-lektuvai\/#primaryimage"},"image":{"@id":"https:\/\/hobstop.ee\/lt\/produktas\/3d-delione-mediniai-marabu-kids-lektuvai\/#primaryimage"},"thumbnailUrl":"https:\/\/hobstop.ee\/media\/4388.jpg","datePublished":"2016-08-29T07:17:23+00:00","dateModified":"2016-08-29T07:17:23+00:00","breadcrumb":{"@id":"https:\/\/hobstop.ee\/lt\/produktas\/3d-delione-mediniai-marabu-kids-lektuvai\/#breadcrumb"},"inLanguage":"lt","potentialAction":[{"@type":"ReadAction","target":["https:\/\/hobstop.ee\/lt\/produktas\/3d-delione-mediniai-marabu-kids-lektuvai\/"]}]},{"@type":"ImageObject","inLanguage":"lt","@id":"https:\/\/hobstop.ee\/lt\/produktas\/3d-delione-mediniai-marabu-kids-lektuvai\/#primaryimage","url":"https:\/\/hobstop.ee\/media\/4388.jpg","contentUrl":"https:\/\/hobstop.ee\/media\/4388.jpg","width":1024,"height":768},{"@type":"BreadcrumbList","@id":"https:\/\/hobstop.ee\/lt\/produktas\/3d-delione-mediniai-marabu-kids-lektuvai\/#breadcrumb","itemListElement":[{"@type":"ListItem","position":1,"name":"Avaleht","item":"https:\/\/hobstop.ee\/lt\/"},{"@type":"ListItem","position":2,"name":"Parduotuv\u0117","item":"https:\/\/hobstop.ee\/lt\/parduotuve\/"},{"@type":"ListItem","position":3,"name":"3D d\u0117lion\u0117 mediniai Marabu Kids l\u0117ktuvai"}]},{"@type":"WebSite","@id":"https:\/\/hobstop.ee\/lt\/#website","url":"https:\/\/hobstop.ee\/lt\/","name":"Skizze","description":"Dail\u0117s, pom\u0117gi\u0173 ir mokykliniai reikm\u0117nys","publisher":{"@id":"https:\/\/hobstop.ee\/lt\/#organization"},"potentialAction":[{"@type":"SearchAction","target":{"@type":"EntryPoint","urlTemplate":"https:\/\/hobstop.ee\/lt\/?s={search_term_string}"},"query-input":{"@type":"PropertyValueSpecification","valueRequired":true,"valueName":"search_term_string"}}],"inLanguage":"lt"},{"@type":"Organization","@id":"https:\/\/hobstop.ee\/lt\/#organization","name":"Vunder AS","url":"https:\/\/hobstop.ee\/lt\/","logo":{"@type":"ImageObject","inLanguage":"lt","@id":"https:\/\/hobstop.ee\/lt\/#\/schema\/logo\/image\/","url":"https:\/\/hobstop.ee\/media\/vunder-logo.png","contentUrl":"https:\/\/hobstop.ee\/media\/vunder-logo.png","width":127,"height":55,"caption":"Vunder AS"},"image":{"@id":"https:\/\/hobstop.ee\/lt\/#\/schema\/logo\/image\/"},"sameAs":["http:\/\/www.facebook.com\/VunderSkizze"]}]}},"_links":{"self":[{"href":"https:\/\/hobstop.ee\/lt\/wp-json\/wp\/v2\/product\/273271","targetHints":{"allow":["GET"]}}],"collection":[{"href":"https:\/\/hobstop.ee\/lt\/wp-json\/wp\/v2\/product"}],"about":[{"href":"https:\/\/hobstop.ee\/lt\/wp-json\/wp\/v2\/types\/product"}],"replies":[{"embeddable":true,"href":"https:\/\/hobstop.ee\/lt\/wp-json\/wp\/v2\/comments?post=273271"}],"wp:featuredmedia":[{"embeddable":true,"href":"https:\/\/hobstop.ee\/lt\/wp-json\/wp\/v2\/media\/273351"}],"wp:attachment":[{"href":"https:\/\/hobstop.ee\/lt\/wp-json\/wp\/v2\/media?parent=273271"}],"wp:term":[{"taxonomy":"product_cat","embeddable":true,"href":"https:\/\/hobstop.ee\/lt\/wp-json\/wp\/v2\/product_cat?post=273271"},{"taxonomy":"product_tag","embeddable":true,"href":"https:\/\/hobstop.ee\/lt\/wp-json\/wp\/v2\/product_tag?post=273271"}],"curies":[{"name":"wp","href":"https:\/\/api.w.org\/{rel}","templated":true}]}}