{"id":273279,"date":"2016-08-29T10:17:25","date_gmt":"2016-08-29T07:17:25","guid":{"rendered":"https:\/\/sharks.ee\/vunder_2019\/lt\/product\/sasiuvinis-eskizams-reeves-su-drobiniais-virseliais-tapymui\/"},"modified":"2016-08-29T10:17:25","modified_gmt":"2016-08-29T07:17:25","slug":"sasiuvinis-eskizams-reeves-su-drobiniais-virseliais-tapymui","status":"publish","type":"product","link":"https:\/\/hobstop.ee\/lt\/produktas\/sasiuvinis-eskizams-reeves-su-drobiniais-virseliais-tapymui\/","title":{"rendered":"S\u0105siuvinis eskizams Reeves su drobiniais vir\u0161eliais tapymui"},"content":{"rendered":"<p>Eskizinis bloknotas yra drobiniais vir\u0161eliais \u201eReeves\u201c suteikia Jums puiki\u0105 galimyb\u0119 bloknoto vir\u0161el\u012f nutapyti akriliniais da\u017eais. \u0160is eskizinis spiralinis bloknotas yra skirtas moksleiviams pie\u0161ti pie\u0161tukais, pastel\u0117mis ir markeriais. Puikiai tinka moksleivi\u0173 darbo u\u017era\u0161ams.<\/p>\n","protected":false},"excerpt":{"rendered":"<p>Eskizinis bloknotas yra drobiniais vir\u0161eliais \u201eReeves\u201c suteikia Jums puiki\u0105 galimyb\u0119 bloknoto vir\u0161el\u012f nutapyti akriliniais da\u017eais. \u0160is eskizinis spiralinis bloknotas yra skirtas moksleiviams pie\u0161ti pie\u0161tukais, pastel\u0117mis ir markeriais. Puikiai tinka moksleivi\u0173 darbo u\u017era\u0161ams.<\/p>\n","protected":false},"featured_media":0,"comment_status":"closed","ping_status":"closed","template":"","meta":{"_acf_changed":false,"ep_exclude_from_search":false},"product_cat":[19025,17922,18944],"product_tag":[],"class_list":{"0":"post-273279","1":"product","2":"type-product","3":"status-publish","5":"product_cat-piesimo-popierius-ir-bloknotai","6":"product_cat-popieriaus-prekes","7":"product_cat-specialus-popierius-ir-kartonas","9":"first","10":"instock","11":"taxable","12":"shipping-taxable","13":"purchasable","14":"product-type-simple"},"acf":[],"yoast_head":"<!-- This site is optimized with the Yoast SEO plugin v24.1 - https:\/\/yoast.com\/wordpress\/plugins\/seo\/ -->\n<title>S\u0105siuvinis eskizams Reeves su drobiniais vir\u0161eliais tapymui &#8211; Skizze<\/title>\n<meta name=\"robots\" content=\"noindex, follow, max-snippet:-1, max-image-preview:large, max-video-preview:-1\" \/>\n<meta property=\"og:locale\" content=\"lt_LT\" \/>\n<meta property=\"og:type\" content=\"article\" \/>\n<meta property=\"og:title\" content=\"S\u0105siuvinis eskizams Reeves su drobiniais vir\u0161eliais tapymui &#8211; Skizze\" \/>\n<meta property=\"og:description\" content=\"Eskizinis bloknotas yra drobiniais vir\u0161eliais \u201eReeves\u201c suteikia Jums puiki\u0105 galimyb\u0119 bloknoto vir\u0161el\u012f nutapyti akriliniais da\u017eais. \u0160is eskizinis spiralinis bloknotas yra skirtas moksleiviams pie\u0161ti pie\u0161tukais, pastel\u0117mis ir markeriais. Puikiai tinka moksleivi\u0173 darbo u\u017era\u0161ams.\" \/>\n<meta property=\"og:url\" content=\"https:\/\/hobstop.ee\/lt\/produktas\/sasiuvinis-eskizams-reeves-su-drobiniais-virseliais-tapymui\/\" \/>\n<meta property=\"og:site_name\" content=\"Skizze\" \/>\n<meta property=\"article:publisher\" content=\"http:\/\/www.facebook.com\/VunderSkizze\" \/>\n<meta name=\"twitter:card\" content=\"summary_large_image\" \/>\n<script type=\"application\/ld+json\" class=\"yoast-schema-graph\">{\"@context\":\"https:\/\/schema.org\",\"@graph\":[{\"@type\":\"WebPage\",\"@id\":\"https:\/\/hobstop.ee\/lt\/produktas\/sasiuvinis-eskizams-reeves-su-drobiniais-virseliais-tapymui\/\",\"url\":\"https:\/\/hobstop.ee\/lt\/produktas\/sasiuvinis-eskizams-reeves-su-drobiniais-virseliais-tapymui\/\",\"name\":\"S\u0105siuvinis eskizams Reeves su drobiniais vir\u0161eliais tapymui &#8211; Skizze\",\"isPartOf\":{\"@id\":\"https:\/\/hobstop.ee\/lt\/#website\"},\"datePublished\":\"2016-08-29T07:17:25+00:00\",\"dateModified\":\"2016-08-29T07:17:25+00:00\",\"breadcrumb\":{\"@id\":\"https:\/\/hobstop.ee\/lt\/produktas\/sasiuvinis-eskizams-reeves-su-drobiniais-virseliais-tapymui\/#breadcrumb\"},\"inLanguage\":\"lt\",\"potentialAction\":[{\"@type\":\"ReadAction\",\"target\":[\"https:\/\/hobstop.ee\/lt\/produktas\/sasiuvinis-eskizams-reeves-su-drobiniais-virseliais-tapymui\/\"]}]},{\"@type\":\"BreadcrumbList\",\"@id\":\"https:\/\/hobstop.ee\/lt\/produktas\/sasiuvinis-eskizams-reeves-su-drobiniais-virseliais-tapymui\/#breadcrumb\",\"itemListElement\":[{\"@type\":\"ListItem\",\"position\":1,\"name\":\"Avaleht\",\"item\":\"https:\/\/hobstop.ee\/lt\/\"},{\"@type\":\"ListItem\",\"position\":2,\"name\":\"Parduotuv\u0117\",\"item\":\"https:\/\/hobstop.ee\/lt\/parduotuve\/\"},{\"@type\":\"ListItem\",\"position\":3,\"name\":\"S\u0105siuvinis eskizams Reeves su drobiniais vir\u0161eliais tapymui\"}]},{\"@type\":\"WebSite\",\"@id\":\"https:\/\/hobstop.ee\/lt\/#website\",\"url\":\"https:\/\/hobstop.ee\/lt\/\",\"name\":\"Skizze\",\"description\":\"Dail\u0117s, pom\u0117gi\u0173 ir mokykliniai reikm\u0117nys\",\"publisher\":{\"@id\":\"https:\/\/hobstop.ee\/lt\/#organization\"},\"potentialAction\":[{\"@type\":\"SearchAction\",\"target\":{\"@type\":\"EntryPoint\",\"urlTemplate\":\"https:\/\/hobstop.ee\/lt\/?s={search_term_string}\"},\"query-input\":{\"@type\":\"PropertyValueSpecification\",\"valueRequired\":true,\"valueName\":\"search_term_string\"}}],\"inLanguage\":\"lt\"},{\"@type\":\"Organization\",\"@id\":\"https:\/\/hobstop.ee\/lt\/#organization\",\"name\":\"Vunder AS\",\"url\":\"https:\/\/hobstop.ee\/lt\/\",\"logo\":{\"@type\":\"ImageObject\",\"inLanguage\":\"lt\",\"@id\":\"https:\/\/hobstop.ee\/lt\/#\/schema\/logo\/image\/\",\"url\":\"https:\/\/hobstop.ee\/media\/vunder-logo.png\",\"contentUrl\":\"https:\/\/hobstop.ee\/media\/vunder-logo.png\",\"width\":127,\"height\":55,\"caption\":\"Vunder AS\"},\"image\":{\"@id\":\"https:\/\/hobstop.ee\/lt\/#\/schema\/logo\/image\/\"},\"sameAs\":[\"http:\/\/www.facebook.com\/VunderSkizze\"]}]}<\/script>\n<!-- \/ Yoast SEO plugin. -->","yoast_head_json":{"title":"S\u0105siuvinis eskizams Reeves su drobiniais vir\u0161eliais tapymui &#8211; Skizze","robots":{"index":"noindex","follow":"follow","max-snippet":"max-snippet:-1","max-image-preview":"max-image-preview:large","max-video-preview":"max-video-preview:-1"},"og_locale":"lt_LT","og_type":"article","og_title":"S\u0105siuvinis eskizams Reeves su drobiniais vir\u0161eliais tapymui &#8211; Skizze","og_description":"Eskizinis bloknotas yra drobiniais vir\u0161eliais \u201eReeves\u201c suteikia Jums puiki\u0105 galimyb\u0119 bloknoto vir\u0161el\u012f nutapyti akriliniais da\u017eais. \u0160is eskizinis spiralinis bloknotas yra skirtas moksleiviams pie\u0161ti pie\u0161tukais, pastel\u0117mis ir markeriais. Puikiai tinka moksleivi\u0173 darbo u\u017era\u0161ams.","og_url":"https:\/\/hobstop.ee\/lt\/produktas\/sasiuvinis-eskizams-reeves-su-drobiniais-virseliais-tapymui\/","og_site_name":"Skizze","article_publisher":"http:\/\/www.facebook.com\/VunderSkizze","twitter_card":"summary_large_image","schema":{"@context":"https:\/\/schema.org","@graph":[{"@type":"WebPage","@id":"https:\/\/hobstop.ee\/lt\/produktas\/sasiuvinis-eskizams-reeves-su-drobiniais-virseliais-tapymui\/","url":"https:\/\/hobstop.ee\/lt\/produktas\/sasiuvinis-eskizams-reeves-su-drobiniais-virseliais-tapymui\/","name":"S\u0105siuvinis eskizams Reeves su drobiniais vir\u0161eliais tapymui &#8211; Skizze","isPartOf":{"@id":"https:\/\/hobstop.ee\/lt\/#website"},"datePublished":"2016-08-29T07:17:25+00:00","dateModified":"2016-08-29T07:17:25+00:00","breadcrumb":{"@id":"https:\/\/hobstop.ee\/lt\/produktas\/sasiuvinis-eskizams-reeves-su-drobiniais-virseliais-tapymui\/#breadcrumb"},"inLanguage":"lt","potentialAction":[{"@type":"ReadAction","target":["https:\/\/hobstop.ee\/lt\/produktas\/sasiuvinis-eskizams-reeves-su-drobiniais-virseliais-tapymui\/"]}]},{"@type":"BreadcrumbList","@id":"https:\/\/hobstop.ee\/lt\/produktas\/sasiuvinis-eskizams-reeves-su-drobiniais-virseliais-tapymui\/#breadcrumb","itemListElement":[{"@type":"ListItem","position":1,"name":"Avaleht","item":"https:\/\/hobstop.ee\/lt\/"},{"@type":"ListItem","position":2,"name":"Parduotuv\u0117","item":"https:\/\/hobstop.ee\/lt\/parduotuve\/"},{"@type":"ListItem","position":3,"name":"S\u0105siuvinis eskizams Reeves su drobiniais vir\u0161eliais tapymui"}]},{"@type":"WebSite","@id":"https:\/\/hobstop.ee\/lt\/#website","url":"https:\/\/hobstop.ee\/lt\/","name":"Skizze","description":"Dail\u0117s, pom\u0117gi\u0173 ir mokykliniai reikm\u0117nys","publisher":{"@id":"https:\/\/hobstop.ee\/lt\/#organization"},"potentialAction":[{"@type":"SearchAction","target":{"@type":"EntryPoint","urlTemplate":"https:\/\/hobstop.ee\/lt\/?s={search_term_string}"},"query-input":{"@type":"PropertyValueSpecification","valueRequired":true,"valueName":"search_term_string"}}],"inLanguage":"lt"},{"@type":"Organization","@id":"https:\/\/hobstop.ee\/lt\/#organization","name":"Vunder AS","url":"https:\/\/hobstop.ee\/lt\/","logo":{"@type":"ImageObject","inLanguage":"lt","@id":"https:\/\/hobstop.ee\/lt\/#\/schema\/logo\/image\/","url":"https:\/\/hobstop.ee\/media\/vunder-logo.png","contentUrl":"https:\/\/hobstop.ee\/media\/vunder-logo.png","width":127,"height":55,"caption":"Vunder AS"},"image":{"@id":"https:\/\/hobstop.ee\/lt\/#\/schema\/logo\/image\/"},"sameAs":["http:\/\/www.facebook.com\/VunderSkizze"]}]}},"_links":{"self":[{"href":"https:\/\/hobstop.ee\/lt\/wp-json\/wp\/v2\/product\/273279","targetHints":{"allow":["GET"]}}],"collection":[{"href":"https:\/\/hobstop.ee\/lt\/wp-json\/wp\/v2\/product"}],"about":[{"href":"https:\/\/hobstop.ee\/lt\/wp-json\/wp\/v2\/types\/product"}],"replies":[{"embeddable":true,"href":"https:\/\/hobstop.ee\/lt\/wp-json\/wp\/v2\/comments?post=273279"}],"wp:attachment":[{"href":"https:\/\/hobstop.ee\/lt\/wp-json\/wp\/v2\/media?parent=273279"}],"wp:term":[{"taxonomy":"product_cat","embeddable":true,"href":"https:\/\/hobstop.ee\/lt\/wp-json\/wp\/v2\/product_cat?post=273279"},{"taxonomy":"product_tag","embeddable":true,"href":"https:\/\/hobstop.ee\/lt\/wp-json\/wp\/v2\/product_tag?post=273279"}],"curies":[{"name":"wp","href":"https:\/\/api.w.org\/{rel}","templated":true}]}}