{"id":274835,"date":"2016-10-19T10:14:01","date_gmt":"2016-10-19T07:14:01","guid":{"rendered":"https:\/\/sharks.ee\/vunder_2019\/lt\/product\/cementas-kurybai-rayher-minkomas\/"},"modified":"2016-10-19T10:14:01","modified_gmt":"2016-10-19T07:14:01","slug":"cementas-kurybai-rayher-minkomas","status":"publish","type":"product","link":"https:\/\/hobstop.ee\/lt\/produktas\/cementas-kurybai-rayher-minkomas\/","title":{"rendered":"Cementas k\u016brybai Rayher minkomas"},"content":{"rendered":"<p>Ypatingas skulpt\u016brinis cementas atvers visi\u0161kai naujus cemento dizaino horizontus \u2013 jis yra i\u0161 karto paruo\u0161tas naudojimui ir labai lengvai mai\u0161omas su vandeniu. J\u012f yra lengva modeliuoti ir formuoti kaip te\u0161l\u0105, galima sukurti dekoratyvini\u0173 element\u0173, kuri\u0173 nepasiseks sukurti su liejimui skirtu cementu. Sukiet\u0117j\u0119s skulpt\u016brinis cementas yra kietas tarsi akmuo ir visi\u0161kai atsparus vandeniui \u2013 jo net nereikia i\u0161degti.<\/p>\n","protected":false},"excerpt":{"rendered":"<p>Ypatingas skulpt\u016brinis cementas atvers visi\u0161kai naujus cemento dizaino horizontus \u2013 jis yra i\u0161 karto paruo\u0161tas naudojimui ir labai lengvai mai\u0161omas su vandeniu. J\u012f yra lengva modeliuoti ir formuoti kaip te\u0161l\u0105, galima sukurti dekoratyvini\u0173 element\u0173, kuri\u0173 nepasiseks sukurti su liejimui skirtu cementu. Sukiet\u0117j\u0119s skulpt\u016brinis cementas yra kietas tarsi akmuo ir visi\u0161kai atsparus vandeniui \u2013 jo net nereikia i\u0161degti.<\/p>\n","protected":false},"featured_media":275027,"comment_status":"closed","ping_status":"closed","template":"","meta":{"_acf_changed":false,"ep_exclude_from_search":false},"product_cat":[20090,20087,17919],"product_tag":[],"class_list":{"0":"post-274835","1":"product","2":"type-product","3":"status-publish","4":"has-post-thumbnail","6":"product_cat-cementas-kurybai","7":"product_cat-medziagos-ir-priemones-lipdymui","8":"product_cat-pomegiu-prekes","10":"first","11":"outofstock","12":"taxable","13":"shipping-taxable","14":"purchasable","15":"product-type-simple"},"acf":[],"yoast_head":"<!-- This site is optimized with the Yoast SEO plugin v24.1 - https:\/\/yoast.com\/wordpress\/plugins\/seo\/ -->\n<title>Cementas k\u016brybai Rayher minkomas &#8211; Skizze<\/title>\n<meta name=\"robots\" content=\"noindex, follow, max-snippet:-1, max-image-preview:large, max-video-preview:-1\" \/>\n<meta property=\"og:locale\" content=\"lt_LT\" \/>\n<meta property=\"og:type\" content=\"article\" \/>\n<meta property=\"og:title\" content=\"Cementas k\u016brybai Rayher minkomas &#8211; Skizze\" \/>\n<meta property=\"og:description\" content=\"Ypatingas skulpt\u016brinis cementas atvers visi\u0161kai naujus cemento dizaino horizontus \u2013 jis yra i\u0161 karto paruo\u0161tas naudojimui ir labai lengvai mai\u0161omas su vandeniu. J\u012f yra lengva modeliuoti ir formuoti kaip te\u0161l\u0105, galima sukurti dekoratyvini\u0173 element\u0173, kuri\u0173 nepasiseks sukurti su liejimui skirtu cementu. Sukiet\u0117j\u0119s skulpt\u016brinis cementas yra kietas tarsi akmuo ir visi\u0161kai atsparus vandeniui \u2013 jo net nereikia i\u0161degti.\" \/>\n<meta property=\"og:url\" content=\"https:\/\/hobstop.ee\/lt\/produktas\/cementas-kurybai-rayher-minkomas\/\" \/>\n<meta property=\"og:site_name\" content=\"Skizze\" \/>\n<meta property=\"article:publisher\" content=\"http:\/\/www.facebook.com\/VunderSkizze\" \/>\n<meta property=\"og:image\" content=\"https:\/\/hobstop.ee\/media\/4396.jpg\" \/>\n\t<meta property=\"og:image:width\" content=\"1024\" \/>\n\t<meta property=\"og:image:height\" content=\"768\" \/>\n\t<meta property=\"og:image:type\" content=\"image\/jpeg\" \/>\n<meta name=\"twitter:card\" content=\"summary_large_image\" \/>\n<script type=\"application\/ld+json\" class=\"yoast-schema-graph\">{\"@context\":\"https:\/\/schema.org\",\"@graph\":[{\"@type\":\"WebPage\",\"@id\":\"https:\/\/hobstop.ee\/lt\/produktas\/cementas-kurybai-rayher-minkomas\/\",\"url\":\"https:\/\/hobstop.ee\/lt\/produktas\/cementas-kurybai-rayher-minkomas\/\",\"name\":\"Cementas k\u016brybai Rayher minkomas &#8211; Skizze\",\"isPartOf\":{\"@id\":\"https:\/\/hobstop.ee\/lt\/#website\"},\"primaryImageOfPage\":{\"@id\":\"https:\/\/hobstop.ee\/lt\/produktas\/cementas-kurybai-rayher-minkomas\/#primaryimage\"},\"image\":{\"@id\":\"https:\/\/hobstop.ee\/lt\/produktas\/cementas-kurybai-rayher-minkomas\/#primaryimage\"},\"thumbnailUrl\":\"https:\/\/hobstop.ee\/media\/4396.jpg\",\"datePublished\":\"2016-10-19T07:14:01+00:00\",\"dateModified\":\"2016-10-19T07:14:01+00:00\",\"breadcrumb\":{\"@id\":\"https:\/\/hobstop.ee\/lt\/produktas\/cementas-kurybai-rayher-minkomas\/#breadcrumb\"},\"inLanguage\":\"lt\",\"potentialAction\":[{\"@type\":\"ReadAction\",\"target\":[\"https:\/\/hobstop.ee\/lt\/produktas\/cementas-kurybai-rayher-minkomas\/\"]}]},{\"@type\":\"ImageObject\",\"inLanguage\":\"lt\",\"@id\":\"https:\/\/hobstop.ee\/lt\/produktas\/cementas-kurybai-rayher-minkomas\/#primaryimage\",\"url\":\"https:\/\/hobstop.ee\/media\/4396.jpg\",\"contentUrl\":\"https:\/\/hobstop.ee\/media\/4396.jpg\",\"width\":1024,\"height\":768},{\"@type\":\"BreadcrumbList\",\"@id\":\"https:\/\/hobstop.ee\/lt\/produktas\/cementas-kurybai-rayher-minkomas\/#breadcrumb\",\"itemListElement\":[{\"@type\":\"ListItem\",\"position\":1,\"name\":\"Avaleht\",\"item\":\"https:\/\/hobstop.ee\/lt\/\"},{\"@type\":\"ListItem\",\"position\":2,\"name\":\"Parduotuv\u0117\",\"item\":\"https:\/\/hobstop.ee\/lt\/parduotuve\/\"},{\"@type\":\"ListItem\",\"position\":3,\"name\":\"Cementas k\u016brybai Rayher minkomas\"}]},{\"@type\":\"WebSite\",\"@id\":\"https:\/\/hobstop.ee\/lt\/#website\",\"url\":\"https:\/\/hobstop.ee\/lt\/\",\"name\":\"Skizze\",\"description\":\"Dail\u0117s, pom\u0117gi\u0173 ir mokykliniai reikm\u0117nys\",\"publisher\":{\"@id\":\"https:\/\/hobstop.ee\/lt\/#organization\"},\"potentialAction\":[{\"@type\":\"SearchAction\",\"target\":{\"@type\":\"EntryPoint\",\"urlTemplate\":\"https:\/\/hobstop.ee\/lt\/?s={search_term_string}\"},\"query-input\":{\"@type\":\"PropertyValueSpecification\",\"valueRequired\":true,\"valueName\":\"search_term_string\"}}],\"inLanguage\":\"lt\"},{\"@type\":\"Organization\",\"@id\":\"https:\/\/hobstop.ee\/lt\/#organization\",\"name\":\"Vunder AS\",\"url\":\"https:\/\/hobstop.ee\/lt\/\",\"logo\":{\"@type\":\"ImageObject\",\"inLanguage\":\"lt\",\"@id\":\"https:\/\/hobstop.ee\/lt\/#\/schema\/logo\/image\/\",\"url\":\"https:\/\/hobstop.ee\/media\/vunder-logo.png\",\"contentUrl\":\"https:\/\/hobstop.ee\/media\/vunder-logo.png\",\"width\":127,\"height\":55,\"caption\":\"Vunder AS\"},\"image\":{\"@id\":\"https:\/\/hobstop.ee\/lt\/#\/schema\/logo\/image\/\"},\"sameAs\":[\"http:\/\/www.facebook.com\/VunderSkizze\"]}]}<\/script>\n<!-- \/ Yoast SEO plugin. -->","yoast_head_json":{"title":"Cementas k\u016brybai Rayher minkomas &#8211; Skizze","robots":{"index":"noindex","follow":"follow","max-snippet":"max-snippet:-1","max-image-preview":"max-image-preview:large","max-video-preview":"max-video-preview:-1"},"og_locale":"lt_LT","og_type":"article","og_title":"Cementas k\u016brybai Rayher minkomas &#8211; Skizze","og_description":"Ypatingas skulpt\u016brinis cementas atvers visi\u0161kai naujus cemento dizaino horizontus \u2013 jis yra i\u0161 karto paruo\u0161tas naudojimui ir labai lengvai mai\u0161omas su vandeniu. J\u012f yra lengva modeliuoti ir formuoti kaip te\u0161l\u0105, galima sukurti dekoratyvini\u0173 element\u0173, kuri\u0173 nepasiseks sukurti su liejimui skirtu cementu. Sukiet\u0117j\u0119s skulpt\u016brinis cementas yra kietas tarsi akmuo ir visi\u0161kai atsparus vandeniui \u2013 jo net nereikia i\u0161degti.","og_url":"https:\/\/hobstop.ee\/lt\/produktas\/cementas-kurybai-rayher-minkomas\/","og_site_name":"Skizze","article_publisher":"http:\/\/www.facebook.com\/VunderSkizze","og_image":[{"width":1024,"height":768,"url":"https:\/\/hobstop.ee\/media\/4396.jpg","type":"image\/jpeg"}],"twitter_card":"summary_large_image","schema":{"@context":"https:\/\/schema.org","@graph":[{"@type":"WebPage","@id":"https:\/\/hobstop.ee\/lt\/produktas\/cementas-kurybai-rayher-minkomas\/","url":"https:\/\/hobstop.ee\/lt\/produktas\/cementas-kurybai-rayher-minkomas\/","name":"Cementas k\u016brybai Rayher minkomas &#8211; Skizze","isPartOf":{"@id":"https:\/\/hobstop.ee\/lt\/#website"},"primaryImageOfPage":{"@id":"https:\/\/hobstop.ee\/lt\/produktas\/cementas-kurybai-rayher-minkomas\/#primaryimage"},"image":{"@id":"https:\/\/hobstop.ee\/lt\/produktas\/cementas-kurybai-rayher-minkomas\/#primaryimage"},"thumbnailUrl":"https:\/\/hobstop.ee\/media\/4396.jpg","datePublished":"2016-10-19T07:14:01+00:00","dateModified":"2016-10-19T07:14:01+00:00","breadcrumb":{"@id":"https:\/\/hobstop.ee\/lt\/produktas\/cementas-kurybai-rayher-minkomas\/#breadcrumb"},"inLanguage":"lt","potentialAction":[{"@type":"ReadAction","target":["https:\/\/hobstop.ee\/lt\/produktas\/cementas-kurybai-rayher-minkomas\/"]}]},{"@type":"ImageObject","inLanguage":"lt","@id":"https:\/\/hobstop.ee\/lt\/produktas\/cementas-kurybai-rayher-minkomas\/#primaryimage","url":"https:\/\/hobstop.ee\/media\/4396.jpg","contentUrl":"https:\/\/hobstop.ee\/media\/4396.jpg","width":1024,"height":768},{"@type":"BreadcrumbList","@id":"https:\/\/hobstop.ee\/lt\/produktas\/cementas-kurybai-rayher-minkomas\/#breadcrumb","itemListElement":[{"@type":"ListItem","position":1,"name":"Avaleht","item":"https:\/\/hobstop.ee\/lt\/"},{"@type":"ListItem","position":2,"name":"Parduotuv\u0117","item":"https:\/\/hobstop.ee\/lt\/parduotuve\/"},{"@type":"ListItem","position":3,"name":"Cementas k\u016brybai Rayher minkomas"}]},{"@type":"WebSite","@id":"https:\/\/hobstop.ee\/lt\/#website","url":"https:\/\/hobstop.ee\/lt\/","name":"Skizze","description":"Dail\u0117s, pom\u0117gi\u0173 ir mokykliniai reikm\u0117nys","publisher":{"@id":"https:\/\/hobstop.ee\/lt\/#organization"},"potentialAction":[{"@type":"SearchAction","target":{"@type":"EntryPoint","urlTemplate":"https:\/\/hobstop.ee\/lt\/?s={search_term_string}"},"query-input":{"@type":"PropertyValueSpecification","valueRequired":true,"valueName":"search_term_string"}}],"inLanguage":"lt"},{"@type":"Organization","@id":"https:\/\/hobstop.ee\/lt\/#organization","name":"Vunder AS","url":"https:\/\/hobstop.ee\/lt\/","logo":{"@type":"ImageObject","inLanguage":"lt","@id":"https:\/\/hobstop.ee\/lt\/#\/schema\/logo\/image\/","url":"https:\/\/hobstop.ee\/media\/vunder-logo.png","contentUrl":"https:\/\/hobstop.ee\/media\/vunder-logo.png","width":127,"height":55,"caption":"Vunder AS"},"image":{"@id":"https:\/\/hobstop.ee\/lt\/#\/schema\/logo\/image\/"},"sameAs":["http:\/\/www.facebook.com\/VunderSkizze"]}]}},"_links":{"self":[{"href":"https:\/\/hobstop.ee\/lt\/wp-json\/wp\/v2\/product\/274835","targetHints":{"allow":["GET"]}}],"collection":[{"href":"https:\/\/hobstop.ee\/lt\/wp-json\/wp\/v2\/product"}],"about":[{"href":"https:\/\/hobstop.ee\/lt\/wp-json\/wp\/v2\/types\/product"}],"replies":[{"embeddable":true,"href":"https:\/\/hobstop.ee\/lt\/wp-json\/wp\/v2\/comments?post=274835"}],"wp:featuredmedia":[{"embeddable":true,"href":"https:\/\/hobstop.ee\/lt\/wp-json\/wp\/v2\/media\/275027"}],"wp:attachment":[{"href":"https:\/\/hobstop.ee\/lt\/wp-json\/wp\/v2\/media?parent=274835"}],"wp:term":[{"taxonomy":"product_cat","embeddable":true,"href":"https:\/\/hobstop.ee\/lt\/wp-json\/wp\/v2\/product_cat?post=274835"},{"taxonomy":"product_tag","embeddable":true,"href":"https:\/\/hobstop.ee\/lt\/wp-json\/wp\/v2\/product_tag?post=274835"}],"curies":[{"name":"wp","href":"https:\/\/api.w.org\/{rel}","templated":true}]}}