{"id":274843,"date":"2016-10-19T10:14:03","date_gmt":"2016-10-19T07:14:03","guid":{"rendered":"https:\/\/sharks.ee\/vunder_2019\/lt\/product\/plastikinis-rutulys-skaidrus-dvieju-daliu-su-skyle\/"},"modified":"2016-10-19T10:14:03","modified_gmt":"2016-10-19T07:14:03","slug":"plastikinis-rutulys-rayher-skaidrus-dvieju-daliu-su-skyle","status":"publish","type":"product","link":"https:\/\/hobstop.ee\/lt\/produktas\/plastikinis-rutulys-rayher-skaidrus-dvieju-daliu-su-skyle\/","title":{"rendered":"Plastikinis rutulys Rayher skaidrus dviej\u0173 dali\u0173 su skyle"},"content":{"rendered":"<p>Floristams skirtus kamuolius su vertikaliu pj\u016bviu yra sunku pripildyti, tod\u0117l \u201eRayher\u201c suk\u016br\u0117 dviej\u0173 dali\u0173 kamuolius su \u012f vir\u0161\u0173 nukreipta i\u0161pjauta anga. Jie yra geriau pripildomi, \u012f juos telpa daugiau, be to, \u012f juos  galima prilipdyti \u017evyro, sm\u0117lio, dirbtinio sniego ir kit\u0173 pana\u0161i\u0173 med\u017eiag\u0173.<\/p>\n","protected":false},"excerpt":{"rendered":"<p>Floristams skirtus kamuolius su vertikaliu pj\u016bviu yra sunku pripildyti, tod\u0117l \u201eRayher\u201c suk\u016br\u0117 dviej\u0173 dali\u0173 kamuolius su \u012f vir\u0161\u0173 nukreipta i\u0161pjauta anga. Jie yra geriau pripildomi, \u012f juos telpa daugiau, be to, \u012f juos galima prilipdyti \u017evyro, sm\u0117lio, dirbtinio sniego ir kit\u0173 pana\u0161i\u0173 med\u017eiag\u0173.<\/p>\n","protected":false},"featured_media":275035,"comment_status":"closed","ping_status":"closed","template":"","meta":{"_acf_changed":false,"ep_exclude_from_search":false},"product_cat":[20159,17919,14986],"product_tag":[],"class_list":{"0":"post-274843","1":"product","2":"type-product","3":"status-publish","4":"has-post-thumbnail","6":"product_cat-plastikas","7":"product_cat-pomegiu-prekes","8":"product_cat-ruosinys","10":"first","11":"outofstock","12":"taxable","13":"shipping-taxable","14":"purchasable","15":"product-type-simple"},"acf":[],"yoast_head":"<!-- This site is optimized with the Yoast SEO plugin v24.1 - https:\/\/yoast.com\/wordpress\/plugins\/seo\/ -->\n<title>Plastikinis rutulys Rayher skaidrus dviej\u0173 dali\u0173 su skyle &#8211; Skizze<\/title>\n<meta name=\"robots\" content=\"noindex, follow, max-snippet:-1, max-image-preview:large, max-video-preview:-1\" \/>\n<meta property=\"og:locale\" content=\"lt_LT\" \/>\n<meta property=\"og:type\" content=\"article\" \/>\n<meta property=\"og:title\" content=\"Plastikinis rutulys Rayher skaidrus dviej\u0173 dali\u0173 su skyle &#8211; Skizze\" \/>\n<meta property=\"og:description\" content=\"Floristams skirtus kamuolius su vertikaliu pj\u016bviu yra sunku pripildyti, tod\u0117l \u201eRayher\u201c suk\u016br\u0117 dviej\u0173 dali\u0173 kamuolius su \u012f vir\u0161\u0173 nukreipta i\u0161pjauta anga. Jie yra geriau pripildomi, \u012f juos telpa daugiau, be to, \u012f juos galima prilipdyti \u017evyro, sm\u0117lio, dirbtinio sniego ir kit\u0173 pana\u0161i\u0173 med\u017eiag\u0173.\" \/>\n<meta property=\"og:url\" content=\"https:\/\/hobstop.ee\/lt\/produktas\/plastikinis-rutulys-rayher-skaidrus-dvieju-daliu-su-skyle\/\" \/>\n<meta property=\"og:site_name\" content=\"Skizze\" \/>\n<meta property=\"article:publisher\" content=\"http:\/\/www.facebook.com\/VunderSkizze\" \/>\n<meta property=\"og:image\" content=\"https:\/\/hobstop.ee\/media\/4398.jpg\" \/>\n\t<meta property=\"og:image:width\" content=\"1024\" \/>\n\t<meta property=\"og:image:height\" content=\"768\" \/>\n\t<meta property=\"og:image:type\" content=\"image\/jpeg\" \/>\n<meta name=\"twitter:card\" content=\"summary_large_image\" \/>\n<script type=\"application\/ld+json\" class=\"yoast-schema-graph\">{\"@context\":\"https:\/\/schema.org\",\"@graph\":[{\"@type\":\"WebPage\",\"@id\":\"https:\/\/hobstop.ee\/lt\/produktas\/plastikinis-rutulys-rayher-skaidrus-dvieju-daliu-su-skyle\/\",\"url\":\"https:\/\/hobstop.ee\/lt\/produktas\/plastikinis-rutulys-rayher-skaidrus-dvieju-daliu-su-skyle\/\",\"name\":\"Plastikinis rutulys Rayher skaidrus dviej\u0173 dali\u0173 su skyle &#8211; Skizze\",\"isPartOf\":{\"@id\":\"https:\/\/hobstop.ee\/lt\/#website\"},\"primaryImageOfPage\":{\"@id\":\"https:\/\/hobstop.ee\/lt\/produktas\/plastikinis-rutulys-rayher-skaidrus-dvieju-daliu-su-skyle\/#primaryimage\"},\"image\":{\"@id\":\"https:\/\/hobstop.ee\/lt\/produktas\/plastikinis-rutulys-rayher-skaidrus-dvieju-daliu-su-skyle\/#primaryimage\"},\"thumbnailUrl\":\"https:\/\/hobstop.ee\/media\/4398.jpg\",\"datePublished\":\"2016-10-19T07:14:03+00:00\",\"dateModified\":\"2016-10-19T07:14:03+00:00\",\"breadcrumb\":{\"@id\":\"https:\/\/hobstop.ee\/lt\/produktas\/plastikinis-rutulys-rayher-skaidrus-dvieju-daliu-su-skyle\/#breadcrumb\"},\"inLanguage\":\"lt\",\"potentialAction\":[{\"@type\":\"ReadAction\",\"target\":[\"https:\/\/hobstop.ee\/lt\/produktas\/plastikinis-rutulys-rayher-skaidrus-dvieju-daliu-su-skyle\/\"]}]},{\"@type\":\"ImageObject\",\"inLanguage\":\"lt\",\"@id\":\"https:\/\/hobstop.ee\/lt\/produktas\/plastikinis-rutulys-rayher-skaidrus-dvieju-daliu-su-skyle\/#primaryimage\",\"url\":\"https:\/\/hobstop.ee\/media\/4398.jpg\",\"contentUrl\":\"https:\/\/hobstop.ee\/media\/4398.jpg\",\"width\":1024,\"height\":768},{\"@type\":\"BreadcrumbList\",\"@id\":\"https:\/\/hobstop.ee\/lt\/produktas\/plastikinis-rutulys-rayher-skaidrus-dvieju-daliu-su-skyle\/#breadcrumb\",\"itemListElement\":[{\"@type\":\"ListItem\",\"position\":1,\"name\":\"Avaleht\",\"item\":\"https:\/\/hobstop.ee\/lt\/\"},{\"@type\":\"ListItem\",\"position\":2,\"name\":\"Parduotuv\u0117\",\"item\":\"https:\/\/hobstop.ee\/lt\/parduotuve\/\"},{\"@type\":\"ListItem\",\"position\":3,\"name\":\"Plastikinis rutulys Rayher skaidrus dviej\u0173 dali\u0173 su skyle\"}]},{\"@type\":\"WebSite\",\"@id\":\"https:\/\/hobstop.ee\/lt\/#website\",\"url\":\"https:\/\/hobstop.ee\/lt\/\",\"name\":\"Skizze\",\"description\":\"Dail\u0117s, pom\u0117gi\u0173 ir mokykliniai reikm\u0117nys\",\"publisher\":{\"@id\":\"https:\/\/hobstop.ee\/lt\/#organization\"},\"potentialAction\":[{\"@type\":\"SearchAction\",\"target\":{\"@type\":\"EntryPoint\",\"urlTemplate\":\"https:\/\/hobstop.ee\/lt\/?s={search_term_string}\"},\"query-input\":{\"@type\":\"PropertyValueSpecification\",\"valueRequired\":true,\"valueName\":\"search_term_string\"}}],\"inLanguage\":\"lt\"},{\"@type\":\"Organization\",\"@id\":\"https:\/\/hobstop.ee\/lt\/#organization\",\"name\":\"Vunder AS\",\"url\":\"https:\/\/hobstop.ee\/lt\/\",\"logo\":{\"@type\":\"ImageObject\",\"inLanguage\":\"lt\",\"@id\":\"https:\/\/hobstop.ee\/lt\/#\/schema\/logo\/image\/\",\"url\":\"https:\/\/hobstop.ee\/media\/vunder-logo.png\",\"contentUrl\":\"https:\/\/hobstop.ee\/media\/vunder-logo.png\",\"width\":127,\"height\":55,\"caption\":\"Vunder AS\"},\"image\":{\"@id\":\"https:\/\/hobstop.ee\/lt\/#\/schema\/logo\/image\/\"},\"sameAs\":[\"http:\/\/www.facebook.com\/VunderSkizze\"]}]}<\/script>\n<!-- \/ Yoast SEO plugin. -->","yoast_head_json":{"title":"Plastikinis rutulys Rayher skaidrus dviej\u0173 dali\u0173 su skyle &#8211; Skizze","robots":{"index":"noindex","follow":"follow","max-snippet":"max-snippet:-1","max-image-preview":"max-image-preview:large","max-video-preview":"max-video-preview:-1"},"og_locale":"lt_LT","og_type":"article","og_title":"Plastikinis rutulys Rayher skaidrus dviej\u0173 dali\u0173 su skyle &#8211; Skizze","og_description":"Floristams skirtus kamuolius su vertikaliu pj\u016bviu yra sunku pripildyti, tod\u0117l \u201eRayher\u201c suk\u016br\u0117 dviej\u0173 dali\u0173 kamuolius su \u012f vir\u0161\u0173 nukreipta i\u0161pjauta anga. Jie yra geriau pripildomi, \u012f juos telpa daugiau, be to, \u012f juos galima prilipdyti \u017evyro, sm\u0117lio, dirbtinio sniego ir kit\u0173 pana\u0161i\u0173 med\u017eiag\u0173.","og_url":"https:\/\/hobstop.ee\/lt\/produktas\/plastikinis-rutulys-rayher-skaidrus-dvieju-daliu-su-skyle\/","og_site_name":"Skizze","article_publisher":"http:\/\/www.facebook.com\/VunderSkizze","og_image":[{"width":1024,"height":768,"url":"https:\/\/hobstop.ee\/media\/4398.jpg","type":"image\/jpeg"}],"twitter_card":"summary_large_image","schema":{"@context":"https:\/\/schema.org","@graph":[{"@type":"WebPage","@id":"https:\/\/hobstop.ee\/lt\/produktas\/plastikinis-rutulys-rayher-skaidrus-dvieju-daliu-su-skyle\/","url":"https:\/\/hobstop.ee\/lt\/produktas\/plastikinis-rutulys-rayher-skaidrus-dvieju-daliu-su-skyle\/","name":"Plastikinis rutulys Rayher skaidrus dviej\u0173 dali\u0173 su skyle &#8211; Skizze","isPartOf":{"@id":"https:\/\/hobstop.ee\/lt\/#website"},"primaryImageOfPage":{"@id":"https:\/\/hobstop.ee\/lt\/produktas\/plastikinis-rutulys-rayher-skaidrus-dvieju-daliu-su-skyle\/#primaryimage"},"image":{"@id":"https:\/\/hobstop.ee\/lt\/produktas\/plastikinis-rutulys-rayher-skaidrus-dvieju-daliu-su-skyle\/#primaryimage"},"thumbnailUrl":"https:\/\/hobstop.ee\/media\/4398.jpg","datePublished":"2016-10-19T07:14:03+00:00","dateModified":"2016-10-19T07:14:03+00:00","breadcrumb":{"@id":"https:\/\/hobstop.ee\/lt\/produktas\/plastikinis-rutulys-rayher-skaidrus-dvieju-daliu-su-skyle\/#breadcrumb"},"inLanguage":"lt","potentialAction":[{"@type":"ReadAction","target":["https:\/\/hobstop.ee\/lt\/produktas\/plastikinis-rutulys-rayher-skaidrus-dvieju-daliu-su-skyle\/"]}]},{"@type":"ImageObject","inLanguage":"lt","@id":"https:\/\/hobstop.ee\/lt\/produktas\/plastikinis-rutulys-rayher-skaidrus-dvieju-daliu-su-skyle\/#primaryimage","url":"https:\/\/hobstop.ee\/media\/4398.jpg","contentUrl":"https:\/\/hobstop.ee\/media\/4398.jpg","width":1024,"height":768},{"@type":"BreadcrumbList","@id":"https:\/\/hobstop.ee\/lt\/produktas\/plastikinis-rutulys-rayher-skaidrus-dvieju-daliu-su-skyle\/#breadcrumb","itemListElement":[{"@type":"ListItem","position":1,"name":"Avaleht","item":"https:\/\/hobstop.ee\/lt\/"},{"@type":"ListItem","position":2,"name":"Parduotuv\u0117","item":"https:\/\/hobstop.ee\/lt\/parduotuve\/"},{"@type":"ListItem","position":3,"name":"Plastikinis rutulys Rayher skaidrus dviej\u0173 dali\u0173 su skyle"}]},{"@type":"WebSite","@id":"https:\/\/hobstop.ee\/lt\/#website","url":"https:\/\/hobstop.ee\/lt\/","name":"Skizze","description":"Dail\u0117s, pom\u0117gi\u0173 ir mokykliniai reikm\u0117nys","publisher":{"@id":"https:\/\/hobstop.ee\/lt\/#organization"},"potentialAction":[{"@type":"SearchAction","target":{"@type":"EntryPoint","urlTemplate":"https:\/\/hobstop.ee\/lt\/?s={search_term_string}"},"query-input":{"@type":"PropertyValueSpecification","valueRequired":true,"valueName":"search_term_string"}}],"inLanguage":"lt"},{"@type":"Organization","@id":"https:\/\/hobstop.ee\/lt\/#organization","name":"Vunder AS","url":"https:\/\/hobstop.ee\/lt\/","logo":{"@type":"ImageObject","inLanguage":"lt","@id":"https:\/\/hobstop.ee\/lt\/#\/schema\/logo\/image\/","url":"https:\/\/hobstop.ee\/media\/vunder-logo.png","contentUrl":"https:\/\/hobstop.ee\/media\/vunder-logo.png","width":127,"height":55,"caption":"Vunder AS"},"image":{"@id":"https:\/\/hobstop.ee\/lt\/#\/schema\/logo\/image\/"},"sameAs":["http:\/\/www.facebook.com\/VunderSkizze"]}]}},"_links":{"self":[{"href":"https:\/\/hobstop.ee\/lt\/wp-json\/wp\/v2\/product\/274843","targetHints":{"allow":["GET"]}}],"collection":[{"href":"https:\/\/hobstop.ee\/lt\/wp-json\/wp\/v2\/product"}],"about":[{"href":"https:\/\/hobstop.ee\/lt\/wp-json\/wp\/v2\/types\/product"}],"replies":[{"embeddable":true,"href":"https:\/\/hobstop.ee\/lt\/wp-json\/wp\/v2\/comments?post=274843"}],"wp:featuredmedia":[{"embeddable":true,"href":"https:\/\/hobstop.ee\/lt\/wp-json\/wp\/v2\/media\/275035"}],"wp:attachment":[{"href":"https:\/\/hobstop.ee\/lt\/wp-json\/wp\/v2\/media?parent=274843"}],"wp:term":[{"taxonomy":"product_cat","embeddable":true,"href":"https:\/\/hobstop.ee\/lt\/wp-json\/wp\/v2\/product_cat?post=274843"},{"taxonomy":"product_tag","embeddable":true,"href":"https:\/\/hobstop.ee\/lt\/wp-json\/wp\/v2\/product_tag?post=274843"}],"curies":[{"name":"wp","href":"https:\/\/api.w.org\/{rel}","templated":true}]}}