{"id":274847,"date":"2016-10-19T10:14:04","date_gmt":"2016-10-19T07:14:04","guid":{"rendered":"https:\/\/sharks.ee\/vunder_2019\/lt\/product\/grandineles-tvirtinimo-ziedas-rayher-12x7x2mm\/"},"modified":"2016-10-19T10:14:04","modified_gmt":"2016-10-19T07:14:04","slug":"grandineles-tvirtinimo-ziedas-rayher-12x7x2mm","status":"publish","type":"product","link":"https:\/\/hobstop.ee\/lt\/produktas\/grandineles-tvirtinimo-ziedas-rayher-12x7x2mm\/","title":{"rendered":"Grandin\u0117l\u0117s tvirtinimo \u017eiedas Rayher 12x7x2mm"},"content":{"rendered":"<p>Ypatingai ilgas, ovalo formos \u017eiedas yra specialiai sukurtas liejini\u0173 i\u0161 cemento formoms. \u017diedas yra pagamintas i\u0161 aliuminio, yra pakankamai ilgas, kad per j\u012f galima b\u016bt\u0173 praki\u0161ti pla\u010dias juostas pakabukams, tod\u0117l pakabukas visada puikiai tiks. Dviej\u0173 mm plotis i\u0161ry\u0161kina matin\u012f aliuminio pavir\u0161i\u0173 ir suteikia cementui spindesio.<\/p>\n","protected":false},"excerpt":{"rendered":"<p>Ypatingai ilgas, ovalo formos \u017eiedas yra specialiai sukurtas liejini\u0173 i\u0161 cemento formoms. \u017diedas yra pagamintas i\u0161 aliuminio, yra pakankamai ilgas, kad per j\u012f galima b\u016bt\u0173 praki\u0161ti pla\u010dias juostas pakabukams, tod\u0117l pakabukas visada puikiai tiks. Dviej\u0173 mm plotis i\u0161ry\u0161kina matin\u012f aliuminio pavir\u0161i\u0173 ir suteikia cementui spindesio.<\/p>\n","protected":false},"featured_media":275039,"comment_status":"closed","ping_status":"closed","template":"","meta":{"_acf_changed":false,"ep_exclude_from_search":false},"product_cat":[18277,19688,17919],"product_tag":[],"class_list":{"0":"post-274847","1":"product","2":"type-product","3":"status-publish","4":"has-post-thumbnail","6":"product_cat-dezutes-juvelyriniams-dirbiniams-sudeti","7":"product_cat-papuosalu-ruosimas","8":"product_cat-pomegiu-prekes","10":"first","11":"outofstock","12":"taxable","13":"shipping-taxable","14":"purchasable","15":"product-type-simple"},"acf":[],"yoast_head":"<!-- This site is optimized with the Yoast SEO plugin v24.1 - https:\/\/yoast.com\/wordpress\/plugins\/seo\/ -->\n<title>Grandin\u0117l\u0117s tvirtinimo \u017eiedas Rayher 12x7x2mm &#8211; Skizze<\/title>\n<meta name=\"robots\" content=\"noindex, follow, max-snippet:-1, max-image-preview:large, max-video-preview:-1\" \/>\n<meta property=\"og:locale\" content=\"lt_LT\" \/>\n<meta property=\"og:type\" content=\"article\" \/>\n<meta property=\"og:title\" content=\"Grandin\u0117l\u0117s tvirtinimo \u017eiedas Rayher 12x7x2mm &#8211; Skizze\" \/>\n<meta property=\"og:description\" content=\"Ypatingai ilgas, ovalo formos \u017eiedas yra specialiai sukurtas liejini\u0173 i\u0161 cemento formoms. \u017diedas yra pagamintas i\u0161 aliuminio, yra pakankamai ilgas, kad per j\u012f galima b\u016bt\u0173 praki\u0161ti pla\u010dias juostas pakabukams, tod\u0117l pakabukas visada puikiai tiks. Dviej\u0173 mm plotis i\u0161ry\u0161kina matin\u012f aliuminio pavir\u0161i\u0173 ir suteikia cementui spindesio.\" \/>\n<meta property=\"og:url\" content=\"https:\/\/hobstop.ee\/lt\/produktas\/grandineles-tvirtinimo-ziedas-rayher-12x7x2mm\/\" \/>\n<meta property=\"og:site_name\" content=\"Skizze\" \/>\n<meta property=\"article:publisher\" content=\"http:\/\/www.facebook.com\/VunderSkizze\" \/>\n<meta property=\"og:image\" content=\"https:\/\/hobstop.ee\/media\/4399.jpg\" \/>\n\t<meta property=\"og:image:width\" content=\"1024\" \/>\n\t<meta property=\"og:image:height\" content=\"768\" \/>\n\t<meta property=\"og:image:type\" content=\"image\/jpeg\" \/>\n<meta name=\"twitter:card\" content=\"summary_large_image\" \/>\n<script type=\"application\/ld+json\" class=\"yoast-schema-graph\">{\"@context\":\"https:\/\/schema.org\",\"@graph\":[{\"@type\":\"WebPage\",\"@id\":\"https:\/\/hobstop.ee\/lt\/produktas\/grandineles-tvirtinimo-ziedas-rayher-12x7x2mm\/\",\"url\":\"https:\/\/hobstop.ee\/lt\/produktas\/grandineles-tvirtinimo-ziedas-rayher-12x7x2mm\/\",\"name\":\"Grandin\u0117l\u0117s tvirtinimo \u017eiedas Rayher 12x7x2mm &#8211; Skizze\",\"isPartOf\":{\"@id\":\"https:\/\/hobstop.ee\/lt\/#website\"},\"primaryImageOfPage\":{\"@id\":\"https:\/\/hobstop.ee\/lt\/produktas\/grandineles-tvirtinimo-ziedas-rayher-12x7x2mm\/#primaryimage\"},\"image\":{\"@id\":\"https:\/\/hobstop.ee\/lt\/produktas\/grandineles-tvirtinimo-ziedas-rayher-12x7x2mm\/#primaryimage\"},\"thumbnailUrl\":\"https:\/\/hobstop.ee\/media\/4399.jpg\",\"datePublished\":\"2016-10-19T07:14:04+00:00\",\"dateModified\":\"2016-10-19T07:14:04+00:00\",\"breadcrumb\":{\"@id\":\"https:\/\/hobstop.ee\/lt\/produktas\/grandineles-tvirtinimo-ziedas-rayher-12x7x2mm\/#breadcrumb\"},\"inLanguage\":\"lt\",\"potentialAction\":[{\"@type\":\"ReadAction\",\"target\":[\"https:\/\/hobstop.ee\/lt\/produktas\/grandineles-tvirtinimo-ziedas-rayher-12x7x2mm\/\"]}]},{\"@type\":\"ImageObject\",\"inLanguage\":\"lt\",\"@id\":\"https:\/\/hobstop.ee\/lt\/produktas\/grandineles-tvirtinimo-ziedas-rayher-12x7x2mm\/#primaryimage\",\"url\":\"https:\/\/hobstop.ee\/media\/4399.jpg\",\"contentUrl\":\"https:\/\/hobstop.ee\/media\/4399.jpg\",\"width\":1024,\"height\":768},{\"@type\":\"BreadcrumbList\",\"@id\":\"https:\/\/hobstop.ee\/lt\/produktas\/grandineles-tvirtinimo-ziedas-rayher-12x7x2mm\/#breadcrumb\",\"itemListElement\":[{\"@type\":\"ListItem\",\"position\":1,\"name\":\"Avaleht\",\"item\":\"https:\/\/hobstop.ee\/lt\/\"},{\"@type\":\"ListItem\",\"position\":2,\"name\":\"Parduotuv\u0117\",\"item\":\"https:\/\/hobstop.ee\/lt\/parduotuve\/\"},{\"@type\":\"ListItem\",\"position\":3,\"name\":\"Grandin\u0117l\u0117s tvirtinimo \u017eiedas Rayher 12x7x2mm\"}]},{\"@type\":\"WebSite\",\"@id\":\"https:\/\/hobstop.ee\/lt\/#website\",\"url\":\"https:\/\/hobstop.ee\/lt\/\",\"name\":\"Skizze\",\"description\":\"Dail\u0117s, pom\u0117gi\u0173 ir mokykliniai reikm\u0117nys\",\"publisher\":{\"@id\":\"https:\/\/hobstop.ee\/lt\/#organization\"},\"potentialAction\":[{\"@type\":\"SearchAction\",\"target\":{\"@type\":\"EntryPoint\",\"urlTemplate\":\"https:\/\/hobstop.ee\/lt\/?s={search_term_string}\"},\"query-input\":{\"@type\":\"PropertyValueSpecification\",\"valueRequired\":true,\"valueName\":\"search_term_string\"}}],\"inLanguage\":\"lt\"},{\"@type\":\"Organization\",\"@id\":\"https:\/\/hobstop.ee\/lt\/#organization\",\"name\":\"Vunder AS\",\"url\":\"https:\/\/hobstop.ee\/lt\/\",\"logo\":{\"@type\":\"ImageObject\",\"inLanguage\":\"lt\",\"@id\":\"https:\/\/hobstop.ee\/lt\/#\/schema\/logo\/image\/\",\"url\":\"https:\/\/hobstop.ee\/media\/vunder-logo.png\",\"contentUrl\":\"https:\/\/hobstop.ee\/media\/vunder-logo.png\",\"width\":127,\"height\":55,\"caption\":\"Vunder AS\"},\"image\":{\"@id\":\"https:\/\/hobstop.ee\/lt\/#\/schema\/logo\/image\/\"},\"sameAs\":[\"http:\/\/www.facebook.com\/VunderSkizze\"]}]}<\/script>\n<!-- \/ Yoast SEO plugin. -->","yoast_head_json":{"title":"Grandin\u0117l\u0117s tvirtinimo \u017eiedas Rayher 12x7x2mm &#8211; Skizze","robots":{"index":"noindex","follow":"follow","max-snippet":"max-snippet:-1","max-image-preview":"max-image-preview:large","max-video-preview":"max-video-preview:-1"},"og_locale":"lt_LT","og_type":"article","og_title":"Grandin\u0117l\u0117s tvirtinimo \u017eiedas Rayher 12x7x2mm &#8211; Skizze","og_description":"Ypatingai ilgas, ovalo formos \u017eiedas yra specialiai sukurtas liejini\u0173 i\u0161 cemento formoms. \u017diedas yra pagamintas i\u0161 aliuminio, yra pakankamai ilgas, kad per j\u012f galima b\u016bt\u0173 praki\u0161ti pla\u010dias juostas pakabukams, tod\u0117l pakabukas visada puikiai tiks. Dviej\u0173 mm plotis i\u0161ry\u0161kina matin\u012f aliuminio pavir\u0161i\u0173 ir suteikia cementui spindesio.","og_url":"https:\/\/hobstop.ee\/lt\/produktas\/grandineles-tvirtinimo-ziedas-rayher-12x7x2mm\/","og_site_name":"Skizze","article_publisher":"http:\/\/www.facebook.com\/VunderSkizze","og_image":[{"width":1024,"height":768,"url":"https:\/\/hobstop.ee\/media\/4399.jpg","type":"image\/jpeg"}],"twitter_card":"summary_large_image","schema":{"@context":"https:\/\/schema.org","@graph":[{"@type":"WebPage","@id":"https:\/\/hobstop.ee\/lt\/produktas\/grandineles-tvirtinimo-ziedas-rayher-12x7x2mm\/","url":"https:\/\/hobstop.ee\/lt\/produktas\/grandineles-tvirtinimo-ziedas-rayher-12x7x2mm\/","name":"Grandin\u0117l\u0117s tvirtinimo \u017eiedas Rayher 12x7x2mm &#8211; Skizze","isPartOf":{"@id":"https:\/\/hobstop.ee\/lt\/#website"},"primaryImageOfPage":{"@id":"https:\/\/hobstop.ee\/lt\/produktas\/grandineles-tvirtinimo-ziedas-rayher-12x7x2mm\/#primaryimage"},"image":{"@id":"https:\/\/hobstop.ee\/lt\/produktas\/grandineles-tvirtinimo-ziedas-rayher-12x7x2mm\/#primaryimage"},"thumbnailUrl":"https:\/\/hobstop.ee\/media\/4399.jpg","datePublished":"2016-10-19T07:14:04+00:00","dateModified":"2016-10-19T07:14:04+00:00","breadcrumb":{"@id":"https:\/\/hobstop.ee\/lt\/produktas\/grandineles-tvirtinimo-ziedas-rayher-12x7x2mm\/#breadcrumb"},"inLanguage":"lt","potentialAction":[{"@type":"ReadAction","target":["https:\/\/hobstop.ee\/lt\/produktas\/grandineles-tvirtinimo-ziedas-rayher-12x7x2mm\/"]}]},{"@type":"ImageObject","inLanguage":"lt","@id":"https:\/\/hobstop.ee\/lt\/produktas\/grandineles-tvirtinimo-ziedas-rayher-12x7x2mm\/#primaryimage","url":"https:\/\/hobstop.ee\/media\/4399.jpg","contentUrl":"https:\/\/hobstop.ee\/media\/4399.jpg","width":1024,"height":768},{"@type":"BreadcrumbList","@id":"https:\/\/hobstop.ee\/lt\/produktas\/grandineles-tvirtinimo-ziedas-rayher-12x7x2mm\/#breadcrumb","itemListElement":[{"@type":"ListItem","position":1,"name":"Avaleht","item":"https:\/\/hobstop.ee\/lt\/"},{"@type":"ListItem","position":2,"name":"Parduotuv\u0117","item":"https:\/\/hobstop.ee\/lt\/parduotuve\/"},{"@type":"ListItem","position":3,"name":"Grandin\u0117l\u0117s tvirtinimo \u017eiedas Rayher 12x7x2mm"}]},{"@type":"WebSite","@id":"https:\/\/hobstop.ee\/lt\/#website","url":"https:\/\/hobstop.ee\/lt\/","name":"Skizze","description":"Dail\u0117s, pom\u0117gi\u0173 ir mokykliniai reikm\u0117nys","publisher":{"@id":"https:\/\/hobstop.ee\/lt\/#organization"},"potentialAction":[{"@type":"SearchAction","target":{"@type":"EntryPoint","urlTemplate":"https:\/\/hobstop.ee\/lt\/?s={search_term_string}"},"query-input":{"@type":"PropertyValueSpecification","valueRequired":true,"valueName":"search_term_string"}}],"inLanguage":"lt"},{"@type":"Organization","@id":"https:\/\/hobstop.ee\/lt\/#organization","name":"Vunder AS","url":"https:\/\/hobstop.ee\/lt\/","logo":{"@type":"ImageObject","inLanguage":"lt","@id":"https:\/\/hobstop.ee\/lt\/#\/schema\/logo\/image\/","url":"https:\/\/hobstop.ee\/media\/vunder-logo.png","contentUrl":"https:\/\/hobstop.ee\/media\/vunder-logo.png","width":127,"height":55,"caption":"Vunder AS"},"image":{"@id":"https:\/\/hobstop.ee\/lt\/#\/schema\/logo\/image\/"},"sameAs":["http:\/\/www.facebook.com\/VunderSkizze"]}]}},"_links":{"self":[{"href":"https:\/\/hobstop.ee\/lt\/wp-json\/wp\/v2\/product\/274847","targetHints":{"allow":["GET"]}}],"collection":[{"href":"https:\/\/hobstop.ee\/lt\/wp-json\/wp\/v2\/product"}],"about":[{"href":"https:\/\/hobstop.ee\/lt\/wp-json\/wp\/v2\/types\/product"}],"replies":[{"embeddable":true,"href":"https:\/\/hobstop.ee\/lt\/wp-json\/wp\/v2\/comments?post=274847"}],"wp:featuredmedia":[{"embeddable":true,"href":"https:\/\/hobstop.ee\/lt\/wp-json\/wp\/v2\/media\/275039"}],"wp:attachment":[{"href":"https:\/\/hobstop.ee\/lt\/wp-json\/wp\/v2\/media?parent=274847"}],"wp:term":[{"taxonomy":"product_cat","embeddable":true,"href":"https:\/\/hobstop.ee\/lt\/wp-json\/wp\/v2\/product_cat?post=274847"},{"taxonomy":"product_tag","embeddable":true,"href":"https:\/\/hobstop.ee\/lt\/wp-json\/wp\/v2\/product_tag?post=274847"}],"curies":[{"name":"wp","href":"https:\/\/api.w.org\/{rel}","templated":true}]}}