{"id":274855,"date":"2016-10-19T10:14:07","date_gmt":"2016-10-19T07:14:07","guid":{"rendered":"https:\/\/sharks.ee\/vunder_2019\/lt\/product\/antspaudu-rinkinys-aladine-baby-box\/"},"modified":"2016-10-19T10:14:07","modified_gmt":"2016-10-19T07:14:07","slug":"antspaudu-rinkinys-aladine-baby-box","status":"publish","type":"product","link":"https:\/\/hobstop.ee\/lt\/produktas\/antspaudu-rinkinys-aladine-baby-box\/","title":{"rendered":"Antspaud\u0173 rinkinys Aladine Baby Box"},"content":{"rendered":"<p>Ma\u017eiems vaikams (nuo 18 m\u0117n.) skirtas antspaud\u0173 komplektas. Vaiki\u0161kais motyvais dekoruotas antspaudas su ergonomi\u0161ka rankena, tod\u0117l j\u012f laikyti yra labai lengva ir patogu ir naudoti. Komplekte yra didel\u0117 vandeniu plaunama kempin\u0117 tu\u0161ui ir va\u0161kin\u0117s kreidel\u0117s. Antspaudai tinka \u012fvairiems popieriaus dekoravimo darbams.<\/p>\n","protected":false},"excerpt":{"rendered":"<p>Ma\u017eiems vaikams (nuo 18 m\u0117n.) skirtas antspaud\u0173 komplektas. Vaiki\u0161kais motyvais dekoruotas antspaudas su ergonomi\u0161ka rankena, tod\u0117l j\u012f laikyti yra labai lengva ir patogu ir naudoti. Komplekte yra didel\u0117 vandeniu plaunama kempin\u0117 tu\u0161ui ir va\u0161kin\u0117s kreidel\u0117s. Antspaudai tinka \u012fvairiems popieriaus dekoravimo darbams.<\/p>\n","protected":false},"featured_media":275047,"comment_status":"closed","ping_status":"closed","template":"","meta":{"_acf_changed":false,"ep_exclude_from_search":false},"product_cat":[17919,19876,19841],"product_tag":[],"class_list":{"0":"post-274855","1":"product","2":"type-product","3":"status-publish","4":"has-post-thumbnail","6":"product_cat-pomegiu-prekes","7":"product_cat-popieriaus-menas","8":"product_cat-spaudai-ir-spaudu-pagalveles","10":"first","11":"outofstock","12":"taxable","13":"shipping-taxable","14":"purchasable","15":"product-type-simple"},"acf":[],"yoast_head":"<!-- This site is optimized with the Yoast SEO plugin v24.1 - https:\/\/yoast.com\/wordpress\/plugins\/seo\/ -->\n<title>Antspaud\u0173 rinkinys Aladine Baby Box &#8211; Skizze<\/title>\n<meta name=\"robots\" content=\"noindex, follow, max-snippet:-1, max-image-preview:large, max-video-preview:-1\" \/>\n<meta property=\"og:locale\" content=\"lt_LT\" \/>\n<meta property=\"og:type\" content=\"article\" \/>\n<meta property=\"og:title\" content=\"Antspaud\u0173 rinkinys Aladine Baby Box &#8211; Skizze\" \/>\n<meta property=\"og:description\" content=\"Ma\u017eiems vaikams (nuo 18 m\u0117n.) skirtas antspaud\u0173 komplektas. Vaiki\u0161kais motyvais dekoruotas antspaudas su ergonomi\u0161ka rankena, tod\u0117l j\u012f laikyti yra labai lengva ir patogu ir naudoti. Komplekte yra didel\u0117 vandeniu plaunama kempin\u0117 tu\u0161ui ir va\u0161kin\u0117s kreidel\u0117s. Antspaudai tinka \u012fvairiems popieriaus dekoravimo darbams.\" \/>\n<meta property=\"og:url\" content=\"https:\/\/hobstop.ee\/lt\/produktas\/antspaudu-rinkinys-aladine-baby-box\/\" \/>\n<meta property=\"og:site_name\" content=\"Skizze\" \/>\n<meta property=\"article:publisher\" content=\"http:\/\/www.facebook.com\/VunderSkizze\" \/>\n<meta property=\"og:image\" content=\"https:\/\/hobstop.ee\/media\/4416.jpg\" \/>\n\t<meta property=\"og:image:width\" content=\"1024\" \/>\n\t<meta property=\"og:image:height\" content=\"768\" \/>\n\t<meta property=\"og:image:type\" content=\"image\/jpeg\" \/>\n<meta name=\"twitter:card\" content=\"summary_large_image\" \/>\n<script type=\"application\/ld+json\" class=\"yoast-schema-graph\">{\"@context\":\"https:\/\/schema.org\",\"@graph\":[{\"@type\":\"WebPage\",\"@id\":\"https:\/\/hobstop.ee\/lt\/produktas\/antspaudu-rinkinys-aladine-baby-box\/\",\"url\":\"https:\/\/hobstop.ee\/lt\/produktas\/antspaudu-rinkinys-aladine-baby-box\/\",\"name\":\"Antspaud\u0173 rinkinys Aladine Baby Box &#8211; Skizze\",\"isPartOf\":{\"@id\":\"https:\/\/hobstop.ee\/lt\/#website\"},\"primaryImageOfPage\":{\"@id\":\"https:\/\/hobstop.ee\/lt\/produktas\/antspaudu-rinkinys-aladine-baby-box\/#primaryimage\"},\"image\":{\"@id\":\"https:\/\/hobstop.ee\/lt\/produktas\/antspaudu-rinkinys-aladine-baby-box\/#primaryimage\"},\"thumbnailUrl\":\"https:\/\/hobstop.ee\/media\/4416.jpg\",\"datePublished\":\"2016-10-19T07:14:07+00:00\",\"dateModified\":\"2016-10-19T07:14:07+00:00\",\"breadcrumb\":{\"@id\":\"https:\/\/hobstop.ee\/lt\/produktas\/antspaudu-rinkinys-aladine-baby-box\/#breadcrumb\"},\"inLanguage\":\"lt\",\"potentialAction\":[{\"@type\":\"ReadAction\",\"target\":[\"https:\/\/hobstop.ee\/lt\/produktas\/antspaudu-rinkinys-aladine-baby-box\/\"]}]},{\"@type\":\"ImageObject\",\"inLanguage\":\"lt\",\"@id\":\"https:\/\/hobstop.ee\/lt\/produktas\/antspaudu-rinkinys-aladine-baby-box\/#primaryimage\",\"url\":\"https:\/\/hobstop.ee\/media\/4416.jpg\",\"contentUrl\":\"https:\/\/hobstop.ee\/media\/4416.jpg\",\"width\":1024,\"height\":768},{\"@type\":\"BreadcrumbList\",\"@id\":\"https:\/\/hobstop.ee\/lt\/produktas\/antspaudu-rinkinys-aladine-baby-box\/#breadcrumb\",\"itemListElement\":[{\"@type\":\"ListItem\",\"position\":1,\"name\":\"Avaleht\",\"item\":\"https:\/\/hobstop.ee\/lt\/\"},{\"@type\":\"ListItem\",\"position\":2,\"name\":\"Parduotuv\u0117\",\"item\":\"https:\/\/hobstop.ee\/lt\/parduotuve\/\"},{\"@type\":\"ListItem\",\"position\":3,\"name\":\"Antspaud\u0173 rinkinys Aladine Baby Box\"}]},{\"@type\":\"WebSite\",\"@id\":\"https:\/\/hobstop.ee\/lt\/#website\",\"url\":\"https:\/\/hobstop.ee\/lt\/\",\"name\":\"Skizze\",\"description\":\"Dail\u0117s, pom\u0117gi\u0173 ir mokykliniai reikm\u0117nys\",\"publisher\":{\"@id\":\"https:\/\/hobstop.ee\/lt\/#organization\"},\"potentialAction\":[{\"@type\":\"SearchAction\",\"target\":{\"@type\":\"EntryPoint\",\"urlTemplate\":\"https:\/\/hobstop.ee\/lt\/?s={search_term_string}\"},\"query-input\":{\"@type\":\"PropertyValueSpecification\",\"valueRequired\":true,\"valueName\":\"search_term_string\"}}],\"inLanguage\":\"lt\"},{\"@type\":\"Organization\",\"@id\":\"https:\/\/hobstop.ee\/lt\/#organization\",\"name\":\"Vunder AS\",\"url\":\"https:\/\/hobstop.ee\/lt\/\",\"logo\":{\"@type\":\"ImageObject\",\"inLanguage\":\"lt\",\"@id\":\"https:\/\/hobstop.ee\/lt\/#\/schema\/logo\/image\/\",\"url\":\"https:\/\/hobstop.ee\/media\/vunder-logo.png\",\"contentUrl\":\"https:\/\/hobstop.ee\/media\/vunder-logo.png\",\"width\":127,\"height\":55,\"caption\":\"Vunder AS\"},\"image\":{\"@id\":\"https:\/\/hobstop.ee\/lt\/#\/schema\/logo\/image\/\"},\"sameAs\":[\"http:\/\/www.facebook.com\/VunderSkizze\"]}]}<\/script>\n<!-- \/ Yoast SEO plugin. -->","yoast_head_json":{"title":"Antspaud\u0173 rinkinys Aladine Baby Box &#8211; Skizze","robots":{"index":"noindex","follow":"follow","max-snippet":"max-snippet:-1","max-image-preview":"max-image-preview:large","max-video-preview":"max-video-preview:-1"},"og_locale":"lt_LT","og_type":"article","og_title":"Antspaud\u0173 rinkinys Aladine Baby Box &#8211; Skizze","og_description":"Ma\u017eiems vaikams (nuo 18 m\u0117n.) skirtas antspaud\u0173 komplektas. Vaiki\u0161kais motyvais dekoruotas antspaudas su ergonomi\u0161ka rankena, tod\u0117l j\u012f laikyti yra labai lengva ir patogu ir naudoti. Komplekte yra didel\u0117 vandeniu plaunama kempin\u0117 tu\u0161ui ir va\u0161kin\u0117s kreidel\u0117s. Antspaudai tinka \u012fvairiems popieriaus dekoravimo darbams.","og_url":"https:\/\/hobstop.ee\/lt\/produktas\/antspaudu-rinkinys-aladine-baby-box\/","og_site_name":"Skizze","article_publisher":"http:\/\/www.facebook.com\/VunderSkizze","og_image":[{"width":1024,"height":768,"url":"https:\/\/hobstop.ee\/media\/4416.jpg","type":"image\/jpeg"}],"twitter_card":"summary_large_image","schema":{"@context":"https:\/\/schema.org","@graph":[{"@type":"WebPage","@id":"https:\/\/hobstop.ee\/lt\/produktas\/antspaudu-rinkinys-aladine-baby-box\/","url":"https:\/\/hobstop.ee\/lt\/produktas\/antspaudu-rinkinys-aladine-baby-box\/","name":"Antspaud\u0173 rinkinys Aladine Baby Box &#8211; Skizze","isPartOf":{"@id":"https:\/\/hobstop.ee\/lt\/#website"},"primaryImageOfPage":{"@id":"https:\/\/hobstop.ee\/lt\/produktas\/antspaudu-rinkinys-aladine-baby-box\/#primaryimage"},"image":{"@id":"https:\/\/hobstop.ee\/lt\/produktas\/antspaudu-rinkinys-aladine-baby-box\/#primaryimage"},"thumbnailUrl":"https:\/\/hobstop.ee\/media\/4416.jpg","datePublished":"2016-10-19T07:14:07+00:00","dateModified":"2016-10-19T07:14:07+00:00","breadcrumb":{"@id":"https:\/\/hobstop.ee\/lt\/produktas\/antspaudu-rinkinys-aladine-baby-box\/#breadcrumb"},"inLanguage":"lt","potentialAction":[{"@type":"ReadAction","target":["https:\/\/hobstop.ee\/lt\/produktas\/antspaudu-rinkinys-aladine-baby-box\/"]}]},{"@type":"ImageObject","inLanguage":"lt","@id":"https:\/\/hobstop.ee\/lt\/produktas\/antspaudu-rinkinys-aladine-baby-box\/#primaryimage","url":"https:\/\/hobstop.ee\/media\/4416.jpg","contentUrl":"https:\/\/hobstop.ee\/media\/4416.jpg","width":1024,"height":768},{"@type":"BreadcrumbList","@id":"https:\/\/hobstop.ee\/lt\/produktas\/antspaudu-rinkinys-aladine-baby-box\/#breadcrumb","itemListElement":[{"@type":"ListItem","position":1,"name":"Avaleht","item":"https:\/\/hobstop.ee\/lt\/"},{"@type":"ListItem","position":2,"name":"Parduotuv\u0117","item":"https:\/\/hobstop.ee\/lt\/parduotuve\/"},{"@type":"ListItem","position":3,"name":"Antspaud\u0173 rinkinys Aladine Baby Box"}]},{"@type":"WebSite","@id":"https:\/\/hobstop.ee\/lt\/#website","url":"https:\/\/hobstop.ee\/lt\/","name":"Skizze","description":"Dail\u0117s, pom\u0117gi\u0173 ir mokykliniai reikm\u0117nys","publisher":{"@id":"https:\/\/hobstop.ee\/lt\/#organization"},"potentialAction":[{"@type":"SearchAction","target":{"@type":"EntryPoint","urlTemplate":"https:\/\/hobstop.ee\/lt\/?s={search_term_string}"},"query-input":{"@type":"PropertyValueSpecification","valueRequired":true,"valueName":"search_term_string"}}],"inLanguage":"lt"},{"@type":"Organization","@id":"https:\/\/hobstop.ee\/lt\/#organization","name":"Vunder AS","url":"https:\/\/hobstop.ee\/lt\/","logo":{"@type":"ImageObject","inLanguage":"lt","@id":"https:\/\/hobstop.ee\/lt\/#\/schema\/logo\/image\/","url":"https:\/\/hobstop.ee\/media\/vunder-logo.png","contentUrl":"https:\/\/hobstop.ee\/media\/vunder-logo.png","width":127,"height":55,"caption":"Vunder AS"},"image":{"@id":"https:\/\/hobstop.ee\/lt\/#\/schema\/logo\/image\/"},"sameAs":["http:\/\/www.facebook.com\/VunderSkizze"]}]}},"_links":{"self":[{"href":"https:\/\/hobstop.ee\/lt\/wp-json\/wp\/v2\/product\/274855","targetHints":{"allow":["GET"]}}],"collection":[{"href":"https:\/\/hobstop.ee\/lt\/wp-json\/wp\/v2\/product"}],"about":[{"href":"https:\/\/hobstop.ee\/lt\/wp-json\/wp\/v2\/types\/product"}],"replies":[{"embeddable":true,"href":"https:\/\/hobstop.ee\/lt\/wp-json\/wp\/v2\/comments?post=274855"}],"wp:featuredmedia":[{"embeddable":true,"href":"https:\/\/hobstop.ee\/lt\/wp-json\/wp\/v2\/media\/275047"}],"wp:attachment":[{"href":"https:\/\/hobstop.ee\/lt\/wp-json\/wp\/v2\/media?parent=274855"}],"wp:term":[{"taxonomy":"product_cat","embeddable":true,"href":"https:\/\/hobstop.ee\/lt\/wp-json\/wp\/v2\/product_cat?post=274855"},{"taxonomy":"product_tag","embeddable":true,"href":"https:\/\/hobstop.ee\/lt\/wp-json\/wp\/v2\/product_tag?post=274855"}],"curies":[{"name":"wp","href":"https:\/\/api.w.org\/{rel}","templated":true}]}}