{"id":275441,"date":"2016-10-25T11:27:41","date_gmt":"2016-10-25T08:27:41","guid":{"rendered":"https:\/\/sharks.ee\/vunder_2019\/lt\/product\/zaislinis-automobilis-automoblox-original-s9-police\/"},"modified":"2016-10-25T11:27:41","modified_gmt":"2016-10-25T08:27:41","slug":"zaislinis-automobilis-automoblox-original-s9-police","status":"publish","type":"product","link":"https:\/\/hobstop.ee\/lt\/produktas\/zaislinis-automobilis-automoblox-original-s9-police\/","title":{"rendered":"\u017daislinis automobilis Automoblox Original S9 police"},"content":{"rendered":"<p>Sedanas \u201eAutomoblox S9\u201c su tamsiai m\u0117lynos spalvos apdaila dabar perduotas policijos reikm\u0117ms. Auk\u0161\u010diausios r\u016b\u0161ies blizgiais da\u017eais nuda\u017eyti priekiniai ir u\u017epakaliniai blokai, ak\u012f patraukiantis bamperis, puikus \u0161vies\u0173 blokas, special\u016bs ratai ir meni\u0161kai apipavidalinta policijos grafika u\u017ebaigia \u0161io ypatingo modelio apdail\u0105.<br \/>\nDalys: k\u0117bulas (3 dalys), k\u0117bulo jungtys (2 vnt.), ratlankiai (4 vnt.), padangos (4 vnt.), stogas, \u201eAutomoblox\u201c \u017emogeliukas<br \/>\nMatmenys: 20.4x12x7.8cmm<\/p>\n<p>\u201e Automoblox Originals\u201c \u2013 tai tikri ateities automobiliai su retro atgarsiais, kuriais \u0161aunu \u017eaisti. Modeliai \u201eOriginals\u201c turi unikal\u0173 dali\u0173 sujungikl\u012f, kuriuo galima sujungti \u012fvairias \u201eOriginal\u201c automobili\u0173 dalis ir sukurti savo nauj\u0105 model\u012f. Automobilio k\u0117bulas yra pagamintas i\u0161 medienos. \u201eMini\u201c ir \u201eOriginals\u201c k\u0117bulo dali\u0173 tarpusavyje sujungti negalima.<br \/>\nTinka vyresniems nei 3 met\u0173 vaikams, sud\u0117tyje yra smulki\u0173 dali\u0173.<\/p>\n","protected":false},"excerpt":{"rendered":"<p>Sedanas \u201eAutomoblox S9\u201c su tamsiai m\u0117lynos spalvos apdaila dabar perduotas policijos reikm\u0117ms. Auk\u0161\u010diausios r\u016b\u0161ies blizgiais da\u017eais nuda\u017eyti priekiniai ir u\u017epakaliniai blokai, ak\u012f patraukiantis bamperis, puikus \u0161vies\u0173 blokas, special\u016bs ratai ir meni\u0161kai apipavidalinta policijos grafika u\u017ebaigia \u0161io ypatingo modelio apdail\u0105. Dalys: k\u0117bulas (3 dalys), k\u0117bulo jungtys (2 vnt.), ratlankiai (4 vnt.), padangos (4 vnt.), stogas, \u201eAutomoblox\u201c \u017emogeliukas Matmenys: 20.4x12x7.8cmm \u201e Automoblox Originals\u201c \u2013 tai tikri ateities automobiliai su retro atgarsiais, kuriais \u0161aunu \u017eaisti. Modeliai \u201eOriginals\u201c turi unikal\u0173 dali\u0173 sujungikl\u012f, kuriuo galima sujungti \u012fvairias \u201eOriginal\u201c automobili\u0173 dalis ir sukurti savo nauj\u0105 model\u012f. Automobilio k\u0117bulas yra pagamintas i\u0161 medienos. \u201eMini\u201c ir \u201eOriginals\u201c k\u0117bulo dali\u0173 tarpusavyje sujungti negalima. Tinka vyresniems nei 3 met\u0173 vaikams, sud\u0117tyje yra smulki\u0173 dali\u0173.<\/p>\n","protected":false},"featured_media":275545,"comment_status":"closed","ping_status":"closed","template":"","meta":{"_acf_changed":false,"ep_exclude_from_search":false},"product_cat":[20028,19836,20031],"product_tag":[],"class_list":{"0":"post-275441","1":"product","2":"type-product","3":"status-publish","4":"has-post-thumbnail","6":"product_cat-ugdomieji-zaislai","7":"product_cat-vaiku-laisvalaikio-prekes","8":"product_cat-zaislines-masineles","10":"first","11":"outofstock","12":"taxable","13":"shipping-taxable","14":"purchasable","15":"product-type-simple"},"acf":[],"yoast_head":"<!-- This site is optimized with the Yoast SEO plugin v24.1 - https:\/\/yoast.com\/wordpress\/plugins\/seo\/ -->\n<title>\u017daislinis automobilis Automoblox Original S9 police &#8211; Skizze<\/title>\n<meta name=\"robots\" content=\"noindex, follow, max-snippet:-1, max-image-preview:large, max-video-preview:-1\" \/>\n<meta property=\"og:locale\" content=\"lt_LT\" \/>\n<meta property=\"og:type\" content=\"article\" \/>\n<meta property=\"og:title\" content=\"\u017daislinis automobilis Automoblox Original S9 police &#8211; Skizze\" \/>\n<meta property=\"og:description\" content=\"Sedanas \u201eAutomoblox S9\u201c su tamsiai m\u0117lynos spalvos apdaila dabar perduotas policijos reikm\u0117ms. Auk\u0161\u010diausios r\u016b\u0161ies blizgiais da\u017eais nuda\u017eyti priekiniai ir u\u017epakaliniai blokai, ak\u012f patraukiantis bamperis, puikus \u0161vies\u0173 blokas, special\u016bs ratai ir meni\u0161kai apipavidalinta policijos grafika u\u017ebaigia \u0161io ypatingo modelio apdail\u0105. Dalys: k\u0117bulas (3 dalys), k\u0117bulo jungtys (2 vnt.), ratlankiai (4 vnt.), padangos (4 vnt.), stogas, \u201eAutomoblox\u201c \u017emogeliukas Matmenys: 20.4x12x7.8cmm \u201e Automoblox Originals\u201c \u2013 tai tikri ateities automobiliai su retro atgarsiais, kuriais \u0161aunu \u017eaisti. Modeliai \u201eOriginals\u201c turi unikal\u0173 dali\u0173 sujungikl\u012f, kuriuo galima sujungti \u012fvairias \u201eOriginal\u201c automobili\u0173 dalis ir sukurti savo nauj\u0105 model\u012f. Automobilio k\u0117bulas yra pagamintas i\u0161 medienos. \u201eMini\u201c ir \u201eOriginals\u201c k\u0117bulo dali\u0173 tarpusavyje sujungti negalima. Tinka vyresniems nei 3 met\u0173 vaikams, sud\u0117tyje yra smulki\u0173 dali\u0173.\" \/>\n<meta property=\"og:url\" content=\"https:\/\/hobstop.ee\/lt\/produktas\/zaislinis-automobilis-automoblox-original-s9-police\/\" \/>\n<meta property=\"og:site_name\" content=\"Skizze\" \/>\n<meta property=\"article:publisher\" content=\"http:\/\/www.facebook.com\/VunderSkizze\" \/>\n<meta property=\"og:image\" content=\"https:\/\/hobstop.ee\/media\/4414.jpg\" \/>\n\t<meta property=\"og:image:width\" content=\"1024\" \/>\n\t<meta property=\"og:image:height\" content=\"768\" \/>\n\t<meta property=\"og:image:type\" content=\"image\/jpeg\" \/>\n<meta name=\"twitter:card\" content=\"summary_large_image\" \/>\n<meta name=\"twitter:label1\" content=\"Est. reading time\" \/>\n\t<meta name=\"twitter:data1\" content=\"1 minute\" \/>\n<script type=\"application\/ld+json\" class=\"yoast-schema-graph\">{\"@context\":\"https:\/\/schema.org\",\"@graph\":[{\"@type\":\"WebPage\",\"@id\":\"https:\/\/hobstop.ee\/lt\/produktas\/zaislinis-automobilis-automoblox-original-s9-police\/\",\"url\":\"https:\/\/hobstop.ee\/lt\/produktas\/zaislinis-automobilis-automoblox-original-s9-police\/\",\"name\":\"\u017daislinis automobilis Automoblox Original S9 police &#8211; Skizze\",\"isPartOf\":{\"@id\":\"https:\/\/hobstop.ee\/lt\/#website\"},\"primaryImageOfPage\":{\"@id\":\"https:\/\/hobstop.ee\/lt\/produktas\/zaislinis-automobilis-automoblox-original-s9-police\/#primaryimage\"},\"image\":{\"@id\":\"https:\/\/hobstop.ee\/lt\/produktas\/zaislinis-automobilis-automoblox-original-s9-police\/#primaryimage\"},\"thumbnailUrl\":\"https:\/\/hobstop.ee\/media\/4414.jpg\",\"datePublished\":\"2016-10-25T08:27:41+00:00\",\"dateModified\":\"2016-10-25T08:27:41+00:00\",\"breadcrumb\":{\"@id\":\"https:\/\/hobstop.ee\/lt\/produktas\/zaislinis-automobilis-automoblox-original-s9-police\/#breadcrumb\"},\"inLanguage\":\"lt\",\"potentialAction\":[{\"@type\":\"ReadAction\",\"target\":[\"https:\/\/hobstop.ee\/lt\/produktas\/zaislinis-automobilis-automoblox-original-s9-police\/\"]}]},{\"@type\":\"ImageObject\",\"inLanguage\":\"lt\",\"@id\":\"https:\/\/hobstop.ee\/lt\/produktas\/zaislinis-automobilis-automoblox-original-s9-police\/#primaryimage\",\"url\":\"https:\/\/hobstop.ee\/media\/4414.jpg\",\"contentUrl\":\"https:\/\/hobstop.ee\/media\/4414.jpg\",\"width\":1024,\"height\":768},{\"@type\":\"BreadcrumbList\",\"@id\":\"https:\/\/hobstop.ee\/lt\/produktas\/zaislinis-automobilis-automoblox-original-s9-police\/#breadcrumb\",\"itemListElement\":[{\"@type\":\"ListItem\",\"position\":1,\"name\":\"Avaleht\",\"item\":\"https:\/\/hobstop.ee\/lt\/\"},{\"@type\":\"ListItem\",\"position\":2,\"name\":\"Parduotuv\u0117\",\"item\":\"https:\/\/hobstop.ee\/lt\/parduotuve\/\"},{\"@type\":\"ListItem\",\"position\":3,\"name\":\"\u017daislinis automobilis Automoblox Original S9 police\"}]},{\"@type\":\"WebSite\",\"@id\":\"https:\/\/hobstop.ee\/lt\/#website\",\"url\":\"https:\/\/hobstop.ee\/lt\/\",\"name\":\"Skizze\",\"description\":\"Dail\u0117s, pom\u0117gi\u0173 ir mokykliniai reikm\u0117nys\",\"publisher\":{\"@id\":\"https:\/\/hobstop.ee\/lt\/#organization\"},\"potentialAction\":[{\"@type\":\"SearchAction\",\"target\":{\"@type\":\"EntryPoint\",\"urlTemplate\":\"https:\/\/hobstop.ee\/lt\/?s={search_term_string}\"},\"query-input\":{\"@type\":\"PropertyValueSpecification\",\"valueRequired\":true,\"valueName\":\"search_term_string\"}}],\"inLanguage\":\"lt\"},{\"@type\":\"Organization\",\"@id\":\"https:\/\/hobstop.ee\/lt\/#organization\",\"name\":\"Vunder AS\",\"url\":\"https:\/\/hobstop.ee\/lt\/\",\"logo\":{\"@type\":\"ImageObject\",\"inLanguage\":\"lt\",\"@id\":\"https:\/\/hobstop.ee\/lt\/#\/schema\/logo\/image\/\",\"url\":\"https:\/\/hobstop.ee\/media\/vunder-logo.png\",\"contentUrl\":\"https:\/\/hobstop.ee\/media\/vunder-logo.png\",\"width\":127,\"height\":55,\"caption\":\"Vunder AS\"},\"image\":{\"@id\":\"https:\/\/hobstop.ee\/lt\/#\/schema\/logo\/image\/\"},\"sameAs\":[\"http:\/\/www.facebook.com\/VunderSkizze\"]}]}<\/script>\n<!-- \/ Yoast SEO plugin. -->","yoast_head_json":{"title":"\u017daislinis automobilis Automoblox Original S9 police &#8211; Skizze","robots":{"index":"noindex","follow":"follow","max-snippet":"max-snippet:-1","max-image-preview":"max-image-preview:large","max-video-preview":"max-video-preview:-1"},"og_locale":"lt_LT","og_type":"article","og_title":"\u017daislinis automobilis Automoblox Original S9 police &#8211; Skizze","og_description":"Sedanas \u201eAutomoblox S9\u201c su tamsiai m\u0117lynos spalvos apdaila dabar perduotas policijos reikm\u0117ms. Auk\u0161\u010diausios r\u016b\u0161ies blizgiais da\u017eais nuda\u017eyti priekiniai ir u\u017epakaliniai blokai, ak\u012f patraukiantis bamperis, puikus \u0161vies\u0173 blokas, special\u016bs ratai ir meni\u0161kai apipavidalinta policijos grafika u\u017ebaigia \u0161io ypatingo modelio apdail\u0105. Dalys: k\u0117bulas (3 dalys), k\u0117bulo jungtys (2 vnt.), ratlankiai (4 vnt.), padangos (4 vnt.), stogas, \u201eAutomoblox\u201c \u017emogeliukas Matmenys: 20.4x12x7.8cmm \u201e Automoblox Originals\u201c \u2013 tai tikri ateities automobiliai su retro atgarsiais, kuriais \u0161aunu \u017eaisti. Modeliai \u201eOriginals\u201c turi unikal\u0173 dali\u0173 sujungikl\u012f, kuriuo galima sujungti \u012fvairias \u201eOriginal\u201c automobili\u0173 dalis ir sukurti savo nauj\u0105 model\u012f. Automobilio k\u0117bulas yra pagamintas i\u0161 medienos. \u201eMini\u201c ir \u201eOriginals\u201c k\u0117bulo dali\u0173 tarpusavyje sujungti negalima. Tinka vyresniems nei 3 met\u0173 vaikams, sud\u0117tyje yra smulki\u0173 dali\u0173.","og_url":"https:\/\/hobstop.ee\/lt\/produktas\/zaislinis-automobilis-automoblox-original-s9-police\/","og_site_name":"Skizze","article_publisher":"http:\/\/www.facebook.com\/VunderSkizze","og_image":[{"width":1024,"height":768,"url":"https:\/\/hobstop.ee\/media\/4414.jpg","type":"image\/jpeg"}],"twitter_card":"summary_large_image","twitter_misc":{"Est. reading time":"1 minute"},"schema":{"@context":"https:\/\/schema.org","@graph":[{"@type":"WebPage","@id":"https:\/\/hobstop.ee\/lt\/produktas\/zaislinis-automobilis-automoblox-original-s9-police\/","url":"https:\/\/hobstop.ee\/lt\/produktas\/zaislinis-automobilis-automoblox-original-s9-police\/","name":"\u017daislinis automobilis Automoblox Original S9 police &#8211; Skizze","isPartOf":{"@id":"https:\/\/hobstop.ee\/lt\/#website"},"primaryImageOfPage":{"@id":"https:\/\/hobstop.ee\/lt\/produktas\/zaislinis-automobilis-automoblox-original-s9-police\/#primaryimage"},"image":{"@id":"https:\/\/hobstop.ee\/lt\/produktas\/zaislinis-automobilis-automoblox-original-s9-police\/#primaryimage"},"thumbnailUrl":"https:\/\/hobstop.ee\/media\/4414.jpg","datePublished":"2016-10-25T08:27:41+00:00","dateModified":"2016-10-25T08:27:41+00:00","breadcrumb":{"@id":"https:\/\/hobstop.ee\/lt\/produktas\/zaislinis-automobilis-automoblox-original-s9-police\/#breadcrumb"},"inLanguage":"lt","potentialAction":[{"@type":"ReadAction","target":["https:\/\/hobstop.ee\/lt\/produktas\/zaislinis-automobilis-automoblox-original-s9-police\/"]}]},{"@type":"ImageObject","inLanguage":"lt","@id":"https:\/\/hobstop.ee\/lt\/produktas\/zaislinis-automobilis-automoblox-original-s9-police\/#primaryimage","url":"https:\/\/hobstop.ee\/media\/4414.jpg","contentUrl":"https:\/\/hobstop.ee\/media\/4414.jpg","width":1024,"height":768},{"@type":"BreadcrumbList","@id":"https:\/\/hobstop.ee\/lt\/produktas\/zaislinis-automobilis-automoblox-original-s9-police\/#breadcrumb","itemListElement":[{"@type":"ListItem","position":1,"name":"Avaleht","item":"https:\/\/hobstop.ee\/lt\/"},{"@type":"ListItem","position":2,"name":"Parduotuv\u0117","item":"https:\/\/hobstop.ee\/lt\/parduotuve\/"},{"@type":"ListItem","position":3,"name":"\u017daislinis automobilis Automoblox Original S9 police"}]},{"@type":"WebSite","@id":"https:\/\/hobstop.ee\/lt\/#website","url":"https:\/\/hobstop.ee\/lt\/","name":"Skizze","description":"Dail\u0117s, pom\u0117gi\u0173 ir mokykliniai reikm\u0117nys","publisher":{"@id":"https:\/\/hobstop.ee\/lt\/#organization"},"potentialAction":[{"@type":"SearchAction","target":{"@type":"EntryPoint","urlTemplate":"https:\/\/hobstop.ee\/lt\/?s={search_term_string}"},"query-input":{"@type":"PropertyValueSpecification","valueRequired":true,"valueName":"search_term_string"}}],"inLanguage":"lt"},{"@type":"Organization","@id":"https:\/\/hobstop.ee\/lt\/#organization","name":"Vunder AS","url":"https:\/\/hobstop.ee\/lt\/","logo":{"@type":"ImageObject","inLanguage":"lt","@id":"https:\/\/hobstop.ee\/lt\/#\/schema\/logo\/image\/","url":"https:\/\/hobstop.ee\/media\/vunder-logo.png","contentUrl":"https:\/\/hobstop.ee\/media\/vunder-logo.png","width":127,"height":55,"caption":"Vunder AS"},"image":{"@id":"https:\/\/hobstop.ee\/lt\/#\/schema\/logo\/image\/"},"sameAs":["http:\/\/www.facebook.com\/VunderSkizze"]}]}},"_links":{"self":[{"href":"https:\/\/hobstop.ee\/lt\/wp-json\/wp\/v2\/product\/275441","targetHints":{"allow":["GET"]}}],"collection":[{"href":"https:\/\/hobstop.ee\/lt\/wp-json\/wp\/v2\/product"}],"about":[{"href":"https:\/\/hobstop.ee\/lt\/wp-json\/wp\/v2\/types\/product"}],"replies":[{"embeddable":true,"href":"https:\/\/hobstop.ee\/lt\/wp-json\/wp\/v2\/comments?post=275441"}],"wp:featuredmedia":[{"embeddable":true,"href":"https:\/\/hobstop.ee\/lt\/wp-json\/wp\/v2\/media\/275545"}],"wp:attachment":[{"href":"https:\/\/hobstop.ee\/lt\/wp-json\/wp\/v2\/media?parent=275441"}],"wp:term":[{"taxonomy":"product_cat","embeddable":true,"href":"https:\/\/hobstop.ee\/lt\/wp-json\/wp\/v2\/product_cat?post=275441"},{"taxonomy":"product_tag","embeddable":true,"href":"https:\/\/hobstop.ee\/lt\/wp-json\/wp\/v2\/product_tag?post=275441"}],"curies":[{"name":"wp","href":"https:\/\/api.w.org\/{rel}","templated":true}]}}