{"id":275894,"date":"2016-11-01T11:01:49","date_gmt":"2016-11-01T09:01:49","guid":{"rendered":"https:\/\/sharks.ee\/vunder_2019\/lt\/product\/grafito-milteliai-sennelier\/"},"modified":"2016-11-01T11:01:49","modified_gmt":"2016-11-01T09:01:49","slug":"grafito-milteliai-sennelier","status":"publish","type":"product","link":"https:\/\/hobstop.ee\/lt\/produktas\/grafito-milteliai-sennelier\/","title":{"rendered":"Grafito milteliai Sennelier"},"content":{"rendered":"<p>Nat\u016bralus, milteli\u0173 pavidalo grynas grafitas yra kristalizuotos anglies r\u016b\u0161is. \u0160is mineralas yra smulki\u0173 granuli\u0173 pavidalo, jo spalva varijuoja nuo gilios juodos iki pilkos spalvos. Da\u017eniausiai yra naudojamas pie\u0161imo pie\u0161tukams gaminti, ta\u010diau pla\u010diai yra naudojamas ir pramonini\u0173 \u2013 r\u016bdis suri\u0161an\u010di\u0173 ir kar\u0161\u010diui atspari\u0173 da\u017e\u0173 gamyboje. Grafitas taip pat turi puikias elektros laidumo savybes. D\u0117l ma\u017eo tankio jis labai gerai sugeria alyv\u0105. Milteli\u0173 pavidalo grafit\u0105 galima naudoti vandeniui atspariam tu\u0161ui gaminti.<\/p>\n","protected":false},"excerpt":{"rendered":"<p>Nat\u016bralus, milteli\u0173 pavidalo grynas grafitas yra kristalizuotos anglies r\u016b\u0161is. \u0160is mineralas yra smulki\u0173 granuli\u0173 pavidalo, jo spalva varijuoja nuo gilios juodos iki pilkos spalvos. Da\u017eniausiai yra naudojamas pie\u0161imo pie\u0161tukams gaminti, ta\u010diau pla\u010diai yra naudojamas ir pramonini\u0173 \u2013 r\u016bdis suri\u0161an\u010di\u0173 ir kar\u0161\u010diui atspari\u0173 da\u017e\u0173 gamyboje. Grafitas taip pat turi puikias elektros laidumo savybes. D\u0117l ma\u017eo tankio jis labai gerai sugeria alyv\u0105. Milteli\u0173 pavidalo grafit\u0105 galima naudoti vandeniui atspariam tu\u0161ui gaminti.<\/p>\n","protected":false},"featured_media":275950,"comment_status":"closed","ping_status":"closed","template":"","meta":{"_acf_changed":false,"ep_exclude_from_search":false},"product_cat":[16124,18755,18932],"product_tag":[],"class_list":{"0":"post-275894","1":"product","2":"type-product","3":"status-publish","4":"has-post-thumbnail","6":"product_cat-dailes-prekes","7":"product_cat-ivairus-22","8":"product_cat-piesimo-reikmenys-3","10":"first","11":"outofstock","12":"taxable","13":"shipping-taxable","14":"purchasable","15":"product-type-simple"},"acf":[],"yoast_head":"<!-- This site is optimized with the Yoast SEO plugin v24.1 - https:\/\/yoast.com\/wordpress\/plugins\/seo\/ -->\n<title>Grafito milteliai Sennelier &#8211; Skizze<\/title>\n<meta name=\"robots\" content=\"noindex, follow, max-snippet:-1, max-image-preview:large, max-video-preview:-1\" \/>\n<meta property=\"og:locale\" content=\"lt_LT\" \/>\n<meta property=\"og:type\" content=\"article\" \/>\n<meta property=\"og:title\" content=\"Grafito milteliai Sennelier &#8211; Skizze\" \/>\n<meta property=\"og:description\" content=\"Nat\u016bralus, milteli\u0173 pavidalo grynas grafitas yra kristalizuotos anglies r\u016b\u0161is. \u0160is mineralas yra smulki\u0173 granuli\u0173 pavidalo, jo spalva varijuoja nuo gilios juodos iki pilkos spalvos. Da\u017eniausiai yra naudojamas pie\u0161imo pie\u0161tukams gaminti, ta\u010diau pla\u010diai yra naudojamas ir pramonini\u0173 \u2013 r\u016bdis suri\u0161an\u010di\u0173 ir kar\u0161\u010diui atspari\u0173 da\u017e\u0173 gamyboje. Grafitas taip pat turi puikias elektros laidumo savybes. D\u0117l ma\u017eo tankio jis labai gerai sugeria alyv\u0105. Milteli\u0173 pavidalo grafit\u0105 galima naudoti vandeniui atspariam tu\u0161ui gaminti.\" \/>\n<meta property=\"og:url\" content=\"https:\/\/hobstop.ee\/lt\/produktas\/grafito-milteliai-sennelier\/\" \/>\n<meta property=\"og:site_name\" content=\"Skizze\" \/>\n<meta property=\"article:publisher\" content=\"http:\/\/www.facebook.com\/VunderSkizze\" \/>\n<meta property=\"og:image\" content=\"https:\/\/hobstop.ee\/media\/4420.jpg\" \/>\n\t<meta property=\"og:image:width\" content=\"1024\" \/>\n\t<meta property=\"og:image:height\" content=\"768\" \/>\n\t<meta property=\"og:image:type\" content=\"image\/jpeg\" \/>\n<meta name=\"twitter:card\" content=\"summary_large_image\" \/>\n<script type=\"application\/ld+json\" class=\"yoast-schema-graph\">{\"@context\":\"https:\/\/schema.org\",\"@graph\":[{\"@type\":\"WebPage\",\"@id\":\"https:\/\/hobstop.ee\/lt\/produktas\/grafito-milteliai-sennelier\/\",\"url\":\"https:\/\/hobstop.ee\/lt\/produktas\/grafito-milteliai-sennelier\/\",\"name\":\"Grafito milteliai Sennelier &#8211; Skizze\",\"isPartOf\":{\"@id\":\"https:\/\/hobstop.ee\/lt\/#website\"},\"primaryImageOfPage\":{\"@id\":\"https:\/\/hobstop.ee\/lt\/produktas\/grafito-milteliai-sennelier\/#primaryimage\"},\"image\":{\"@id\":\"https:\/\/hobstop.ee\/lt\/produktas\/grafito-milteliai-sennelier\/#primaryimage\"},\"thumbnailUrl\":\"https:\/\/hobstop.ee\/media\/4420.jpg\",\"datePublished\":\"2016-11-01T09:01:49+00:00\",\"dateModified\":\"2016-11-01T09:01:49+00:00\",\"breadcrumb\":{\"@id\":\"https:\/\/hobstop.ee\/lt\/produktas\/grafito-milteliai-sennelier\/#breadcrumb\"},\"inLanguage\":\"lt\",\"potentialAction\":[{\"@type\":\"ReadAction\",\"target\":[\"https:\/\/hobstop.ee\/lt\/produktas\/grafito-milteliai-sennelier\/\"]}]},{\"@type\":\"ImageObject\",\"inLanguage\":\"lt\",\"@id\":\"https:\/\/hobstop.ee\/lt\/produktas\/grafito-milteliai-sennelier\/#primaryimage\",\"url\":\"https:\/\/hobstop.ee\/media\/4420.jpg\",\"contentUrl\":\"https:\/\/hobstop.ee\/media\/4420.jpg\",\"width\":1024,\"height\":768},{\"@type\":\"BreadcrumbList\",\"@id\":\"https:\/\/hobstop.ee\/lt\/produktas\/grafito-milteliai-sennelier\/#breadcrumb\",\"itemListElement\":[{\"@type\":\"ListItem\",\"position\":1,\"name\":\"Avaleht\",\"item\":\"https:\/\/hobstop.ee\/lt\/\"},{\"@type\":\"ListItem\",\"position\":2,\"name\":\"Parduotuv\u0117\",\"item\":\"https:\/\/hobstop.ee\/lt\/parduotuve\/\"},{\"@type\":\"ListItem\",\"position\":3,\"name\":\"Grafito milteliai Sennelier\"}]},{\"@type\":\"WebSite\",\"@id\":\"https:\/\/hobstop.ee\/lt\/#website\",\"url\":\"https:\/\/hobstop.ee\/lt\/\",\"name\":\"Skizze\",\"description\":\"Dail\u0117s, pom\u0117gi\u0173 ir mokykliniai reikm\u0117nys\",\"publisher\":{\"@id\":\"https:\/\/hobstop.ee\/lt\/#organization\"},\"potentialAction\":[{\"@type\":\"SearchAction\",\"target\":{\"@type\":\"EntryPoint\",\"urlTemplate\":\"https:\/\/hobstop.ee\/lt\/?s={search_term_string}\"},\"query-input\":{\"@type\":\"PropertyValueSpecification\",\"valueRequired\":true,\"valueName\":\"search_term_string\"}}],\"inLanguage\":\"lt\"},{\"@type\":\"Organization\",\"@id\":\"https:\/\/hobstop.ee\/lt\/#organization\",\"name\":\"Vunder AS\",\"url\":\"https:\/\/hobstop.ee\/lt\/\",\"logo\":{\"@type\":\"ImageObject\",\"inLanguage\":\"lt\",\"@id\":\"https:\/\/hobstop.ee\/lt\/#\/schema\/logo\/image\/\",\"url\":\"https:\/\/hobstop.ee\/media\/vunder-logo.png\",\"contentUrl\":\"https:\/\/hobstop.ee\/media\/vunder-logo.png\",\"width\":127,\"height\":55,\"caption\":\"Vunder AS\"},\"image\":{\"@id\":\"https:\/\/hobstop.ee\/lt\/#\/schema\/logo\/image\/\"},\"sameAs\":[\"http:\/\/www.facebook.com\/VunderSkizze\"]}]}<\/script>\n<!-- \/ Yoast SEO plugin. -->","yoast_head_json":{"title":"Grafito milteliai Sennelier &#8211; Skizze","robots":{"index":"noindex","follow":"follow","max-snippet":"max-snippet:-1","max-image-preview":"max-image-preview:large","max-video-preview":"max-video-preview:-1"},"og_locale":"lt_LT","og_type":"article","og_title":"Grafito milteliai Sennelier &#8211; Skizze","og_description":"Nat\u016bralus, milteli\u0173 pavidalo grynas grafitas yra kristalizuotos anglies r\u016b\u0161is. \u0160is mineralas yra smulki\u0173 granuli\u0173 pavidalo, jo spalva varijuoja nuo gilios juodos iki pilkos spalvos. Da\u017eniausiai yra naudojamas pie\u0161imo pie\u0161tukams gaminti, ta\u010diau pla\u010diai yra naudojamas ir pramonini\u0173 \u2013 r\u016bdis suri\u0161an\u010di\u0173 ir kar\u0161\u010diui atspari\u0173 da\u017e\u0173 gamyboje. Grafitas taip pat turi puikias elektros laidumo savybes. D\u0117l ma\u017eo tankio jis labai gerai sugeria alyv\u0105. Milteli\u0173 pavidalo grafit\u0105 galima naudoti vandeniui atspariam tu\u0161ui gaminti.","og_url":"https:\/\/hobstop.ee\/lt\/produktas\/grafito-milteliai-sennelier\/","og_site_name":"Skizze","article_publisher":"http:\/\/www.facebook.com\/VunderSkizze","og_image":[{"width":1024,"height":768,"url":"https:\/\/hobstop.ee\/media\/4420.jpg","type":"image\/jpeg"}],"twitter_card":"summary_large_image","schema":{"@context":"https:\/\/schema.org","@graph":[{"@type":"WebPage","@id":"https:\/\/hobstop.ee\/lt\/produktas\/grafito-milteliai-sennelier\/","url":"https:\/\/hobstop.ee\/lt\/produktas\/grafito-milteliai-sennelier\/","name":"Grafito milteliai Sennelier &#8211; Skizze","isPartOf":{"@id":"https:\/\/hobstop.ee\/lt\/#website"},"primaryImageOfPage":{"@id":"https:\/\/hobstop.ee\/lt\/produktas\/grafito-milteliai-sennelier\/#primaryimage"},"image":{"@id":"https:\/\/hobstop.ee\/lt\/produktas\/grafito-milteliai-sennelier\/#primaryimage"},"thumbnailUrl":"https:\/\/hobstop.ee\/media\/4420.jpg","datePublished":"2016-11-01T09:01:49+00:00","dateModified":"2016-11-01T09:01:49+00:00","breadcrumb":{"@id":"https:\/\/hobstop.ee\/lt\/produktas\/grafito-milteliai-sennelier\/#breadcrumb"},"inLanguage":"lt","potentialAction":[{"@type":"ReadAction","target":["https:\/\/hobstop.ee\/lt\/produktas\/grafito-milteliai-sennelier\/"]}]},{"@type":"ImageObject","inLanguage":"lt","@id":"https:\/\/hobstop.ee\/lt\/produktas\/grafito-milteliai-sennelier\/#primaryimage","url":"https:\/\/hobstop.ee\/media\/4420.jpg","contentUrl":"https:\/\/hobstop.ee\/media\/4420.jpg","width":1024,"height":768},{"@type":"BreadcrumbList","@id":"https:\/\/hobstop.ee\/lt\/produktas\/grafito-milteliai-sennelier\/#breadcrumb","itemListElement":[{"@type":"ListItem","position":1,"name":"Avaleht","item":"https:\/\/hobstop.ee\/lt\/"},{"@type":"ListItem","position":2,"name":"Parduotuv\u0117","item":"https:\/\/hobstop.ee\/lt\/parduotuve\/"},{"@type":"ListItem","position":3,"name":"Grafito milteliai Sennelier"}]},{"@type":"WebSite","@id":"https:\/\/hobstop.ee\/lt\/#website","url":"https:\/\/hobstop.ee\/lt\/","name":"Skizze","description":"Dail\u0117s, pom\u0117gi\u0173 ir mokykliniai reikm\u0117nys","publisher":{"@id":"https:\/\/hobstop.ee\/lt\/#organization"},"potentialAction":[{"@type":"SearchAction","target":{"@type":"EntryPoint","urlTemplate":"https:\/\/hobstop.ee\/lt\/?s={search_term_string}"},"query-input":{"@type":"PropertyValueSpecification","valueRequired":true,"valueName":"search_term_string"}}],"inLanguage":"lt"},{"@type":"Organization","@id":"https:\/\/hobstop.ee\/lt\/#organization","name":"Vunder AS","url":"https:\/\/hobstop.ee\/lt\/","logo":{"@type":"ImageObject","inLanguage":"lt","@id":"https:\/\/hobstop.ee\/lt\/#\/schema\/logo\/image\/","url":"https:\/\/hobstop.ee\/media\/vunder-logo.png","contentUrl":"https:\/\/hobstop.ee\/media\/vunder-logo.png","width":127,"height":55,"caption":"Vunder AS"},"image":{"@id":"https:\/\/hobstop.ee\/lt\/#\/schema\/logo\/image\/"},"sameAs":["http:\/\/www.facebook.com\/VunderSkizze"]}]}},"_links":{"self":[{"href":"https:\/\/hobstop.ee\/lt\/wp-json\/wp\/v2\/product\/275894","targetHints":{"allow":["GET"]}}],"collection":[{"href":"https:\/\/hobstop.ee\/lt\/wp-json\/wp\/v2\/product"}],"about":[{"href":"https:\/\/hobstop.ee\/lt\/wp-json\/wp\/v2\/types\/product"}],"replies":[{"embeddable":true,"href":"https:\/\/hobstop.ee\/lt\/wp-json\/wp\/v2\/comments?post=275894"}],"wp:featuredmedia":[{"embeddable":true,"href":"https:\/\/hobstop.ee\/lt\/wp-json\/wp\/v2\/media\/275950"}],"wp:attachment":[{"href":"https:\/\/hobstop.ee\/lt\/wp-json\/wp\/v2\/media?parent=275894"}],"wp:term":[{"taxonomy":"product_cat","embeddable":true,"href":"https:\/\/hobstop.ee\/lt\/wp-json\/wp\/v2\/product_cat?post=275894"},{"taxonomy":"product_tag","embeddable":true,"href":"https:\/\/hobstop.ee\/lt\/wp-json\/wp\/v2\/product_tag?post=275894"}],"curies":[{"name":"wp","href":"https:\/\/api.w.org\/{rel}","templated":true}]}}