{"id":275902,"date":"2016-11-01T11:01:52","date_gmt":"2016-11-01T09:01:52","guid":{"rendered":"https:\/\/sharks.ee\/vunder_2019\/lt\/product\/sviestuvas-daylight-xl-led\/"},"modified":"2016-11-01T11:01:52","modified_gmt":"2016-11-01T09:01:52","slug":"sviestuvas-daylight-xl-led","status":"publish","type":"product","link":"https:\/\/hobstop.ee\/lt\/produktas\/sviestuvas-daylight-xl-led\/","title":{"rendered":"\u0160viestuvas Daylight XL LED"},"content":{"rendered":"<p>Jeigu Jums reikia intensyvaus ap\u0161vietimo, J\u016bs j\u012f radote. Profesionalus ir galingas darbinis \u0161viestuvas, pla\u010diai ap\u0161vies J\u016bs\u0173 stal\u0105, darbo viet\u0105, brai\u017eybos lent\u0105 ar didel\u012f paveiksl\u0105. Didel\u012f gaubt\u0105 galima skland\u017eiai reguliuoti vertikaliai, horizontaliai ir \u0161onu \u2013 bet kokia norima pad\u0117timi. Naudodami \u0161\u012f puik\u0173 \u0161viestuv\u0105 J\u016bs nustebsite, kaip gerai yra \u012f\u017ei\u016brimos net ir smulkiausios J\u016bs\u0173 darbo detal\u0117s, kontrastingos ir tikros spalvos. Nekaitri pilno spektro dienos \u0161viesos 6 000 \u00b0K lemput\u0117 i\u0161ry\u0161kina kontrast\u0105, suma\u017eina \u0161vyt\u0117jim\u0105 \u2013 tai yra geriausias ap\u0161vietimas spalv\u0173 perteikimui. \u0160viestuvo \u0161viesos intensyvumo sraut\u0105 galima reguliuoti.<\/p>\n","protected":false},"excerpt":{"rendered":"<p>Jeigu Jums reikia intensyvaus ap\u0161vietimo, J\u016bs j\u012f radote. Profesionalus ir galingas darbinis \u0161viestuvas, pla\u010diai ap\u0161vies J\u016bs\u0173 stal\u0105, darbo viet\u0105, brai\u017eybos lent\u0105 ar didel\u012f paveiksl\u0105. Didel\u012f gaubt\u0105 galima skland\u017eiai reguliuoti vertikaliai, horizontaliai ir \u0161onu \u2013 bet kokia norima pad\u0117timi. Naudodami \u0161\u012f puik\u0173 \u0161viestuv\u0105 J\u016bs nustebsite, kaip gerai yra \u012f\u017ei\u016brimos net ir smulkiausios J\u016bs\u0173 darbo detal\u0117s, kontrastingos ir tikros spalvos. Nekaitri pilno spektro dienos \u0161viesos 6 000 \u00b0K lemput\u0117 i\u0161ry\u0161kina kontrast\u0105, suma\u017eina \u0161vyt\u0117jim\u0105 \u2013 tai yra geriausias ap\u0161vietimas spalv\u0173 perteikimui. \u0160viestuvo \u0161viesos intensyvumo sraut\u0105 galima reguliuoti.<\/p>\n","protected":false},"featured_media":0,"comment_status":"closed","ping_status":"closed","template":"","meta":{"_acf_changed":false,"ep_exclude_from_search":false},"product_cat":[18533,18799],"product_tag":[],"class_list":{"0":"post-275902","1":"product","2":"type-product","3":"status-publish","5":"product_cat-stalines-lempos-2","6":"product_cat-sviestuvai-2","8":"first","9":"instock","10":"taxable","11":"shipping-taxable","12":"purchasable","13":"product-type-simple"},"acf":[],"yoast_head":"<!-- This site is optimized with the Yoast SEO plugin v24.1 - https:\/\/yoast.com\/wordpress\/plugins\/seo\/ -->\n<title>\u0160viestuvas Daylight XL LED &#8211; Skizze<\/title>\n<meta name=\"robots\" content=\"noindex, follow, max-snippet:-1, max-image-preview:large, max-video-preview:-1\" \/>\n<meta property=\"og:locale\" content=\"lt_LT\" \/>\n<meta property=\"og:type\" content=\"article\" \/>\n<meta property=\"og:title\" content=\"\u0160viestuvas Daylight XL LED &#8211; Skizze\" \/>\n<meta property=\"og:description\" content=\"Jeigu Jums reikia intensyvaus ap\u0161vietimo, J\u016bs j\u012f radote. Profesionalus ir galingas darbinis \u0161viestuvas, pla\u010diai ap\u0161vies J\u016bs\u0173 stal\u0105, darbo viet\u0105, brai\u017eybos lent\u0105 ar didel\u012f paveiksl\u0105. Didel\u012f gaubt\u0105 galima skland\u017eiai reguliuoti vertikaliai, horizontaliai ir \u0161onu \u2013 bet kokia norima pad\u0117timi. Naudodami \u0161\u012f puik\u0173 \u0161viestuv\u0105 J\u016bs nustebsite, kaip gerai yra \u012f\u017ei\u016brimos net ir smulkiausios J\u016bs\u0173 darbo detal\u0117s, kontrastingos ir tikros spalvos. Nekaitri pilno spektro dienos \u0161viesos 6 000 \u00b0K lemput\u0117 i\u0161ry\u0161kina kontrast\u0105, suma\u017eina \u0161vyt\u0117jim\u0105 \u2013 tai yra geriausias ap\u0161vietimas spalv\u0173 perteikimui. \u0160viestuvo \u0161viesos intensyvumo sraut\u0105 galima reguliuoti.\" \/>\n<meta property=\"og:url\" content=\"https:\/\/hobstop.ee\/lt\/produktas\/sviestuvas-daylight-xl-led\/\" \/>\n<meta property=\"og:site_name\" content=\"Skizze\" \/>\n<meta property=\"article:publisher\" content=\"http:\/\/www.facebook.com\/VunderSkizze\" \/>\n<meta name=\"twitter:card\" content=\"summary_large_image\" \/>\n<script type=\"application\/ld+json\" class=\"yoast-schema-graph\">{\"@context\":\"https:\/\/schema.org\",\"@graph\":[{\"@type\":\"WebPage\",\"@id\":\"https:\/\/hobstop.ee\/lt\/produktas\/sviestuvas-daylight-xl-led\/\",\"url\":\"https:\/\/hobstop.ee\/lt\/produktas\/sviestuvas-daylight-xl-led\/\",\"name\":\"\u0160viestuvas Daylight XL LED &#8211; Skizze\",\"isPartOf\":{\"@id\":\"https:\/\/hobstop.ee\/lt\/#website\"},\"datePublished\":\"2016-11-01T09:01:52+00:00\",\"dateModified\":\"2016-11-01T09:01:52+00:00\",\"breadcrumb\":{\"@id\":\"https:\/\/hobstop.ee\/lt\/produktas\/sviestuvas-daylight-xl-led\/#breadcrumb\"},\"inLanguage\":\"lt\",\"potentialAction\":[{\"@type\":\"ReadAction\",\"target\":[\"https:\/\/hobstop.ee\/lt\/produktas\/sviestuvas-daylight-xl-led\/\"]}]},{\"@type\":\"BreadcrumbList\",\"@id\":\"https:\/\/hobstop.ee\/lt\/produktas\/sviestuvas-daylight-xl-led\/#breadcrumb\",\"itemListElement\":[{\"@type\":\"ListItem\",\"position\":1,\"name\":\"Avaleht\",\"item\":\"https:\/\/hobstop.ee\/lt\/\"},{\"@type\":\"ListItem\",\"position\":2,\"name\":\"Parduotuv\u0117\",\"item\":\"https:\/\/hobstop.ee\/lt\/parduotuve\/\"},{\"@type\":\"ListItem\",\"position\":3,\"name\":\"\u0160viestuvas Daylight XL LED\"}]},{\"@type\":\"WebSite\",\"@id\":\"https:\/\/hobstop.ee\/lt\/#website\",\"url\":\"https:\/\/hobstop.ee\/lt\/\",\"name\":\"Skizze\",\"description\":\"Dail\u0117s, pom\u0117gi\u0173 ir mokykliniai reikm\u0117nys\",\"publisher\":{\"@id\":\"https:\/\/hobstop.ee\/lt\/#organization\"},\"potentialAction\":[{\"@type\":\"SearchAction\",\"target\":{\"@type\":\"EntryPoint\",\"urlTemplate\":\"https:\/\/hobstop.ee\/lt\/?s={search_term_string}\"},\"query-input\":{\"@type\":\"PropertyValueSpecification\",\"valueRequired\":true,\"valueName\":\"search_term_string\"}}],\"inLanguage\":\"lt\"},{\"@type\":\"Organization\",\"@id\":\"https:\/\/hobstop.ee\/lt\/#organization\",\"name\":\"Vunder AS\",\"url\":\"https:\/\/hobstop.ee\/lt\/\",\"logo\":{\"@type\":\"ImageObject\",\"inLanguage\":\"lt\",\"@id\":\"https:\/\/hobstop.ee\/lt\/#\/schema\/logo\/image\/\",\"url\":\"https:\/\/hobstop.ee\/media\/vunder-logo.png\",\"contentUrl\":\"https:\/\/hobstop.ee\/media\/vunder-logo.png\",\"width\":127,\"height\":55,\"caption\":\"Vunder AS\"},\"image\":{\"@id\":\"https:\/\/hobstop.ee\/lt\/#\/schema\/logo\/image\/\"},\"sameAs\":[\"http:\/\/www.facebook.com\/VunderSkizze\"]}]}<\/script>\n<!-- \/ Yoast SEO plugin. -->","yoast_head_json":{"title":"\u0160viestuvas Daylight XL LED &#8211; Skizze","robots":{"index":"noindex","follow":"follow","max-snippet":"max-snippet:-1","max-image-preview":"max-image-preview:large","max-video-preview":"max-video-preview:-1"},"og_locale":"lt_LT","og_type":"article","og_title":"\u0160viestuvas Daylight XL LED &#8211; Skizze","og_description":"Jeigu Jums reikia intensyvaus ap\u0161vietimo, J\u016bs j\u012f radote. Profesionalus ir galingas darbinis \u0161viestuvas, pla\u010diai ap\u0161vies J\u016bs\u0173 stal\u0105, darbo viet\u0105, brai\u017eybos lent\u0105 ar didel\u012f paveiksl\u0105. Didel\u012f gaubt\u0105 galima skland\u017eiai reguliuoti vertikaliai, horizontaliai ir \u0161onu \u2013 bet kokia norima pad\u0117timi. Naudodami \u0161\u012f puik\u0173 \u0161viestuv\u0105 J\u016bs nustebsite, kaip gerai yra \u012f\u017ei\u016brimos net ir smulkiausios J\u016bs\u0173 darbo detal\u0117s, kontrastingos ir tikros spalvos. Nekaitri pilno spektro dienos \u0161viesos 6 000 \u00b0K lemput\u0117 i\u0161ry\u0161kina kontrast\u0105, suma\u017eina \u0161vyt\u0117jim\u0105 \u2013 tai yra geriausias ap\u0161vietimas spalv\u0173 perteikimui. \u0160viestuvo \u0161viesos intensyvumo sraut\u0105 galima reguliuoti.","og_url":"https:\/\/hobstop.ee\/lt\/produktas\/sviestuvas-daylight-xl-led\/","og_site_name":"Skizze","article_publisher":"http:\/\/www.facebook.com\/VunderSkizze","twitter_card":"summary_large_image","schema":{"@context":"https:\/\/schema.org","@graph":[{"@type":"WebPage","@id":"https:\/\/hobstop.ee\/lt\/produktas\/sviestuvas-daylight-xl-led\/","url":"https:\/\/hobstop.ee\/lt\/produktas\/sviestuvas-daylight-xl-led\/","name":"\u0160viestuvas Daylight XL LED &#8211; Skizze","isPartOf":{"@id":"https:\/\/hobstop.ee\/lt\/#website"},"datePublished":"2016-11-01T09:01:52+00:00","dateModified":"2016-11-01T09:01:52+00:00","breadcrumb":{"@id":"https:\/\/hobstop.ee\/lt\/produktas\/sviestuvas-daylight-xl-led\/#breadcrumb"},"inLanguage":"lt","potentialAction":[{"@type":"ReadAction","target":["https:\/\/hobstop.ee\/lt\/produktas\/sviestuvas-daylight-xl-led\/"]}]},{"@type":"BreadcrumbList","@id":"https:\/\/hobstop.ee\/lt\/produktas\/sviestuvas-daylight-xl-led\/#breadcrumb","itemListElement":[{"@type":"ListItem","position":1,"name":"Avaleht","item":"https:\/\/hobstop.ee\/lt\/"},{"@type":"ListItem","position":2,"name":"Parduotuv\u0117","item":"https:\/\/hobstop.ee\/lt\/parduotuve\/"},{"@type":"ListItem","position":3,"name":"\u0160viestuvas Daylight XL LED"}]},{"@type":"WebSite","@id":"https:\/\/hobstop.ee\/lt\/#website","url":"https:\/\/hobstop.ee\/lt\/","name":"Skizze","description":"Dail\u0117s, pom\u0117gi\u0173 ir mokykliniai reikm\u0117nys","publisher":{"@id":"https:\/\/hobstop.ee\/lt\/#organization"},"potentialAction":[{"@type":"SearchAction","target":{"@type":"EntryPoint","urlTemplate":"https:\/\/hobstop.ee\/lt\/?s={search_term_string}"},"query-input":{"@type":"PropertyValueSpecification","valueRequired":true,"valueName":"search_term_string"}}],"inLanguage":"lt"},{"@type":"Organization","@id":"https:\/\/hobstop.ee\/lt\/#organization","name":"Vunder AS","url":"https:\/\/hobstop.ee\/lt\/","logo":{"@type":"ImageObject","inLanguage":"lt","@id":"https:\/\/hobstop.ee\/lt\/#\/schema\/logo\/image\/","url":"https:\/\/hobstop.ee\/media\/vunder-logo.png","contentUrl":"https:\/\/hobstop.ee\/media\/vunder-logo.png","width":127,"height":55,"caption":"Vunder AS"},"image":{"@id":"https:\/\/hobstop.ee\/lt\/#\/schema\/logo\/image\/"},"sameAs":["http:\/\/www.facebook.com\/VunderSkizze"]}]}},"_links":{"self":[{"href":"https:\/\/hobstop.ee\/lt\/wp-json\/wp\/v2\/product\/275902","targetHints":{"allow":["GET"]}}],"collection":[{"href":"https:\/\/hobstop.ee\/lt\/wp-json\/wp\/v2\/product"}],"about":[{"href":"https:\/\/hobstop.ee\/lt\/wp-json\/wp\/v2\/types\/product"}],"replies":[{"embeddable":true,"href":"https:\/\/hobstop.ee\/lt\/wp-json\/wp\/v2\/comments?post=275902"}],"wp:attachment":[{"href":"https:\/\/hobstop.ee\/lt\/wp-json\/wp\/v2\/media?parent=275902"}],"wp:term":[{"taxonomy":"product_cat","embeddable":true,"href":"https:\/\/hobstop.ee\/lt\/wp-json\/wp\/v2\/product_cat?post=275902"},{"taxonomy":"product_tag","embeddable":true,"href":"https:\/\/hobstop.ee\/lt\/wp-json\/wp\/v2\/product_tag?post=275902"}],"curies":[{"name":"wp","href":"https:\/\/api.w.org\/{rel}","templated":true}]}}