{"id":275910,"date":"2016-11-01T11:01:55","date_gmt":"2016-11-01T09:01:55","guid":{"rendered":"https:\/\/sharks.ee\/vunder_2019\/lt\/product\/torseras-daylight-vogue\/"},"modified":"2016-11-01T11:01:55","modified_gmt":"2016-11-01T09:01:55","slug":"torseras-daylight-vogue","status":"publish","type":"product","link":"https:\/\/hobstop.ee\/lt\/produktas\/torseras-daylight-vogue\/","title":{"rendered":"Tor\u0161eras Daylight Vogue"},"content":{"rendered":"<p>Nuostabios matinio chromo apdailos su stilingu rusvo satino med\u017eiaginiu gaubtu tor\u0161eras \u201eVogue\u201c. Puikus aktyviai veiklai ir skaitymui skirtas tor\u0161eras su ry\u0161kia 20 W dienos \u0161viesos lempute (tradicin\u0117s 170 W lemput\u0117s atitikmuo). Lanksti kojel\u0117 leid\u017eia spalv\u0173 nei\u0161kreipian\u010di\u0105 \u0161vies\u0105 nukreipti b\u016btent ten, kur reikia.<\/p>\n","protected":false},"excerpt":{"rendered":"<p>Nuostabios matinio chromo apdailos su stilingu rusvo satino med\u017eiaginiu gaubtu tor\u0161eras \u201eVogue\u201c. Puikus aktyviai veiklai ir skaitymui skirtas tor\u0161eras su ry\u0161kia 20 W dienos \u0161viesos lempute (tradicin\u0117s 170 W lemput\u0117s atitikmuo). Lanksti kojel\u0117 leid\u017eia spalv\u0173 nei\u0161kreipian\u010di\u0105 \u0161vies\u0105 nukreipti b\u016btent ten, kur reikia.<\/p>\n","protected":false},"featured_media":275966,"comment_status":"closed","ping_status":"closed","template":"","meta":{"_acf_changed":false,"ep_exclude_from_search":false},"product_cat":[18799,19703],"product_tag":[],"class_list":{"0":"post-275910","1":"product","2":"type-product","3":"status-publish","4":"has-post-thumbnail","6":"product_cat-sviestuvai-2","7":"product_cat-torserai-2","9":"first","10":"instock","11":"taxable","12":"shipping-taxable","13":"product-type-simple"},"acf":[],"yoast_head":"<!-- This site is optimized with the Yoast SEO plugin v24.1 - https:\/\/yoast.com\/wordpress\/plugins\/seo\/ -->\n<title>Tor\u0161eras Daylight Vogue &#8211; Skizze<\/title>\n<meta name=\"robots\" content=\"noindex, follow, max-snippet:-1, max-image-preview:large, max-video-preview:-1\" \/>\n<meta property=\"og:locale\" content=\"lt_LT\" \/>\n<meta property=\"og:type\" content=\"article\" \/>\n<meta property=\"og:title\" content=\"Tor\u0161eras Daylight Vogue &#8211; Skizze\" \/>\n<meta property=\"og:description\" content=\"Nuostabios matinio chromo apdailos su stilingu rusvo satino med\u017eiaginiu gaubtu tor\u0161eras \u201eVogue\u201c. Puikus aktyviai veiklai ir skaitymui skirtas tor\u0161eras su ry\u0161kia 20 W dienos \u0161viesos lempute (tradicin\u0117s 170 W lemput\u0117s atitikmuo). Lanksti kojel\u0117 leid\u017eia spalv\u0173 nei\u0161kreipian\u010di\u0105 \u0161vies\u0105 nukreipti b\u016btent ten, kur reikia.\" \/>\n<meta property=\"og:url\" content=\"https:\/\/hobstop.ee\/lt\/produktas\/torseras-daylight-vogue\/\" \/>\n<meta property=\"og:site_name\" content=\"Skizze\" \/>\n<meta property=\"article:publisher\" content=\"http:\/\/www.facebook.com\/VunderSkizze\" \/>\n<meta property=\"og:image\" content=\"https:\/\/hobstop.ee\/media\/4424.jpg\" \/>\n\t<meta property=\"og:image:width\" content=\"1024\" \/>\n\t<meta property=\"og:image:height\" content=\"768\" \/>\n\t<meta property=\"og:image:type\" content=\"image\/jpeg\" \/>\n<meta name=\"twitter:card\" content=\"summary_large_image\" \/>\n<script type=\"application\/ld+json\" class=\"yoast-schema-graph\">{\"@context\":\"https:\/\/schema.org\",\"@graph\":[{\"@type\":\"WebPage\",\"@id\":\"https:\/\/hobstop.ee\/lt\/produktas\/torseras-daylight-vogue\/\",\"url\":\"https:\/\/hobstop.ee\/lt\/produktas\/torseras-daylight-vogue\/\",\"name\":\"Tor\u0161eras Daylight Vogue &#8211; Skizze\",\"isPartOf\":{\"@id\":\"https:\/\/hobstop.ee\/lt\/#website\"},\"primaryImageOfPage\":{\"@id\":\"https:\/\/hobstop.ee\/lt\/produktas\/torseras-daylight-vogue\/#primaryimage\"},\"image\":{\"@id\":\"https:\/\/hobstop.ee\/lt\/produktas\/torseras-daylight-vogue\/#primaryimage\"},\"thumbnailUrl\":\"https:\/\/hobstop.ee\/media\/4424.jpg\",\"datePublished\":\"2016-11-01T09:01:55+00:00\",\"dateModified\":\"2016-11-01T09:01:55+00:00\",\"breadcrumb\":{\"@id\":\"https:\/\/hobstop.ee\/lt\/produktas\/torseras-daylight-vogue\/#breadcrumb\"},\"inLanguage\":\"lt\",\"potentialAction\":[{\"@type\":\"ReadAction\",\"target\":[\"https:\/\/hobstop.ee\/lt\/produktas\/torseras-daylight-vogue\/\"]}]},{\"@type\":\"ImageObject\",\"inLanguage\":\"lt\",\"@id\":\"https:\/\/hobstop.ee\/lt\/produktas\/torseras-daylight-vogue\/#primaryimage\",\"url\":\"https:\/\/hobstop.ee\/media\/4424.jpg\",\"contentUrl\":\"https:\/\/hobstop.ee\/media\/4424.jpg\",\"width\":1024,\"height\":768},{\"@type\":\"BreadcrumbList\",\"@id\":\"https:\/\/hobstop.ee\/lt\/produktas\/torseras-daylight-vogue\/#breadcrumb\",\"itemListElement\":[{\"@type\":\"ListItem\",\"position\":1,\"name\":\"Avaleht\",\"item\":\"https:\/\/hobstop.ee\/lt\/\"},{\"@type\":\"ListItem\",\"position\":2,\"name\":\"Parduotuv\u0117\",\"item\":\"https:\/\/hobstop.ee\/lt\/parduotuve\/\"},{\"@type\":\"ListItem\",\"position\":3,\"name\":\"Tor\u0161eras Daylight Vogue\"}]},{\"@type\":\"WebSite\",\"@id\":\"https:\/\/hobstop.ee\/lt\/#website\",\"url\":\"https:\/\/hobstop.ee\/lt\/\",\"name\":\"Skizze\",\"description\":\"Dail\u0117s, pom\u0117gi\u0173 ir mokykliniai reikm\u0117nys\",\"publisher\":{\"@id\":\"https:\/\/hobstop.ee\/lt\/#organization\"},\"potentialAction\":[{\"@type\":\"SearchAction\",\"target\":{\"@type\":\"EntryPoint\",\"urlTemplate\":\"https:\/\/hobstop.ee\/lt\/?s={search_term_string}\"},\"query-input\":{\"@type\":\"PropertyValueSpecification\",\"valueRequired\":true,\"valueName\":\"search_term_string\"}}],\"inLanguage\":\"lt\"},{\"@type\":\"Organization\",\"@id\":\"https:\/\/hobstop.ee\/lt\/#organization\",\"name\":\"Vunder AS\",\"url\":\"https:\/\/hobstop.ee\/lt\/\",\"logo\":{\"@type\":\"ImageObject\",\"inLanguage\":\"lt\",\"@id\":\"https:\/\/hobstop.ee\/lt\/#\/schema\/logo\/image\/\",\"url\":\"https:\/\/hobstop.ee\/media\/vunder-logo.png\",\"contentUrl\":\"https:\/\/hobstop.ee\/media\/vunder-logo.png\",\"width\":127,\"height\":55,\"caption\":\"Vunder AS\"},\"image\":{\"@id\":\"https:\/\/hobstop.ee\/lt\/#\/schema\/logo\/image\/\"},\"sameAs\":[\"http:\/\/www.facebook.com\/VunderSkizze\"]}]}<\/script>\n<!-- \/ Yoast SEO plugin. -->","yoast_head_json":{"title":"Tor\u0161eras Daylight Vogue &#8211; Skizze","robots":{"index":"noindex","follow":"follow","max-snippet":"max-snippet:-1","max-image-preview":"max-image-preview:large","max-video-preview":"max-video-preview:-1"},"og_locale":"lt_LT","og_type":"article","og_title":"Tor\u0161eras Daylight Vogue &#8211; Skizze","og_description":"Nuostabios matinio chromo apdailos su stilingu rusvo satino med\u017eiaginiu gaubtu tor\u0161eras \u201eVogue\u201c. Puikus aktyviai veiklai ir skaitymui skirtas tor\u0161eras su ry\u0161kia 20 W dienos \u0161viesos lempute (tradicin\u0117s 170 W lemput\u0117s atitikmuo). Lanksti kojel\u0117 leid\u017eia spalv\u0173 nei\u0161kreipian\u010di\u0105 \u0161vies\u0105 nukreipti b\u016btent ten, kur reikia.","og_url":"https:\/\/hobstop.ee\/lt\/produktas\/torseras-daylight-vogue\/","og_site_name":"Skizze","article_publisher":"http:\/\/www.facebook.com\/VunderSkizze","og_image":[{"width":1024,"height":768,"url":"https:\/\/hobstop.ee\/media\/4424.jpg","type":"image\/jpeg"}],"twitter_card":"summary_large_image","schema":{"@context":"https:\/\/schema.org","@graph":[{"@type":"WebPage","@id":"https:\/\/hobstop.ee\/lt\/produktas\/torseras-daylight-vogue\/","url":"https:\/\/hobstop.ee\/lt\/produktas\/torseras-daylight-vogue\/","name":"Tor\u0161eras Daylight Vogue &#8211; Skizze","isPartOf":{"@id":"https:\/\/hobstop.ee\/lt\/#website"},"primaryImageOfPage":{"@id":"https:\/\/hobstop.ee\/lt\/produktas\/torseras-daylight-vogue\/#primaryimage"},"image":{"@id":"https:\/\/hobstop.ee\/lt\/produktas\/torseras-daylight-vogue\/#primaryimage"},"thumbnailUrl":"https:\/\/hobstop.ee\/media\/4424.jpg","datePublished":"2016-11-01T09:01:55+00:00","dateModified":"2016-11-01T09:01:55+00:00","breadcrumb":{"@id":"https:\/\/hobstop.ee\/lt\/produktas\/torseras-daylight-vogue\/#breadcrumb"},"inLanguage":"lt","potentialAction":[{"@type":"ReadAction","target":["https:\/\/hobstop.ee\/lt\/produktas\/torseras-daylight-vogue\/"]}]},{"@type":"ImageObject","inLanguage":"lt","@id":"https:\/\/hobstop.ee\/lt\/produktas\/torseras-daylight-vogue\/#primaryimage","url":"https:\/\/hobstop.ee\/media\/4424.jpg","contentUrl":"https:\/\/hobstop.ee\/media\/4424.jpg","width":1024,"height":768},{"@type":"BreadcrumbList","@id":"https:\/\/hobstop.ee\/lt\/produktas\/torseras-daylight-vogue\/#breadcrumb","itemListElement":[{"@type":"ListItem","position":1,"name":"Avaleht","item":"https:\/\/hobstop.ee\/lt\/"},{"@type":"ListItem","position":2,"name":"Parduotuv\u0117","item":"https:\/\/hobstop.ee\/lt\/parduotuve\/"},{"@type":"ListItem","position":3,"name":"Tor\u0161eras Daylight Vogue"}]},{"@type":"WebSite","@id":"https:\/\/hobstop.ee\/lt\/#website","url":"https:\/\/hobstop.ee\/lt\/","name":"Skizze","description":"Dail\u0117s, pom\u0117gi\u0173 ir mokykliniai reikm\u0117nys","publisher":{"@id":"https:\/\/hobstop.ee\/lt\/#organization"},"potentialAction":[{"@type":"SearchAction","target":{"@type":"EntryPoint","urlTemplate":"https:\/\/hobstop.ee\/lt\/?s={search_term_string}"},"query-input":{"@type":"PropertyValueSpecification","valueRequired":true,"valueName":"search_term_string"}}],"inLanguage":"lt"},{"@type":"Organization","@id":"https:\/\/hobstop.ee\/lt\/#organization","name":"Vunder AS","url":"https:\/\/hobstop.ee\/lt\/","logo":{"@type":"ImageObject","inLanguage":"lt","@id":"https:\/\/hobstop.ee\/lt\/#\/schema\/logo\/image\/","url":"https:\/\/hobstop.ee\/media\/vunder-logo.png","contentUrl":"https:\/\/hobstop.ee\/media\/vunder-logo.png","width":127,"height":55,"caption":"Vunder AS"},"image":{"@id":"https:\/\/hobstop.ee\/lt\/#\/schema\/logo\/image\/"},"sameAs":["http:\/\/www.facebook.com\/VunderSkizze"]}]}},"_links":{"self":[{"href":"https:\/\/hobstop.ee\/lt\/wp-json\/wp\/v2\/product\/275910","targetHints":{"allow":["GET"]}}],"collection":[{"href":"https:\/\/hobstop.ee\/lt\/wp-json\/wp\/v2\/product"}],"about":[{"href":"https:\/\/hobstop.ee\/lt\/wp-json\/wp\/v2\/types\/product"}],"replies":[{"embeddable":true,"href":"https:\/\/hobstop.ee\/lt\/wp-json\/wp\/v2\/comments?post=275910"}],"wp:featuredmedia":[{"embeddable":true,"href":"https:\/\/hobstop.ee\/lt\/wp-json\/wp\/v2\/media\/275966"}],"wp:attachment":[{"href":"https:\/\/hobstop.ee\/lt\/wp-json\/wp\/v2\/media?parent=275910"}],"wp:term":[{"taxonomy":"product_cat","embeddable":true,"href":"https:\/\/hobstop.ee\/lt\/wp-json\/wp\/v2\/product_cat?post=275910"},{"taxonomy":"product_tag","embeddable":true,"href":"https:\/\/hobstop.ee\/lt\/wp-json\/wp\/v2\/product_tag?post=275910"}],"curies":[{"name":"wp","href":"https:\/\/api.w.org\/{rel}","templated":true}]}}