{"id":275914,"date":"2016-11-01T11:01:57","date_gmt":"2016-11-01T09:01:57","guid":{"rendered":"https:\/\/sharks.ee\/vunder_2019\/lt\/product\/sviestuvas-daylight-smart-d20-led\/"},"modified":"2016-11-01T11:01:57","modified_gmt":"2016-11-01T09:01:57","slug":"sviestuvas-daylight-smart-d20-led","status":"publish","type":"product","link":"https:\/\/hobstop.ee\/lt\/produktas\/sviestuvas-daylight-smart-d20-led\/","title":{"rendered":"\u0160viestuvas Daylight Smart D20 LED"},"content":{"rendered":"<p>\u0160iame \u0161viestuve galima reguliuoti spalvos temperat\u016br\u0105 nuo \u0161iltos baltos iki dienos \u0161viesos ir tokiu b\u016bdu \u0161vies\u0105 pritaikyti savo poreikiams. \u0160viestuvo \u0161viesos sraut\u0105 galima reguliuoti penkiais lygiais. Jis yra lengvas ir ne\u0161iojamas, tod4l patogu pasiimti \u012f kursus ar keliaujant. Pasukamas gaubtas leid\u017eia nukreipti \u0161viesos sraut\u0105 b\u016btent ten, kur jums reikia.<\/p>\n","protected":false},"excerpt":{"rendered":"<p>\u0160iame \u0161viestuve galima reguliuoti spalvos temperat\u016br\u0105 nuo \u0161iltos baltos iki dienos \u0161viesos ir tokiu b\u016bdu \u0161vies\u0105 pritaikyti savo poreikiams. \u0160viestuvo \u0161viesos sraut\u0105 galima reguliuoti penkiais lygiais. Jis yra lengvas ir ne\u0161iojamas, tod4l patogu pasiimti \u012f kursus ar keliaujant. Pasukamas gaubtas leid\u017eia nukreipti \u0161viesos sraut\u0105 b\u016btent ten, kur jums reikia.<\/p>\n","protected":false},"featured_media":0,"comment_status":"closed","ping_status":"closed","template":"","meta":{"_acf_changed":false,"ep_exclude_from_search":false},"product_cat":[18533,18799],"product_tag":[],"class_list":{"0":"post-275914","1":"product","2":"type-product","3":"status-publish","5":"product_cat-stalines-lempos-2","6":"product_cat-sviestuvai-2","8":"first","9":"instock","10":"taxable","11":"shipping-taxable","12":"purchasable","13":"product-type-simple"},"acf":[],"yoast_head":"<!-- This site is optimized with the Yoast SEO plugin v24.1 - https:\/\/yoast.com\/wordpress\/plugins\/seo\/ -->\n<title>\u0160viestuvas Daylight Smart D20 LED &#8211; Skizze<\/title>\n<meta name=\"robots\" content=\"noindex, follow, max-snippet:-1, max-image-preview:large, max-video-preview:-1\" \/>\n<meta property=\"og:locale\" content=\"lt_LT\" \/>\n<meta property=\"og:type\" content=\"article\" \/>\n<meta property=\"og:title\" content=\"\u0160viestuvas Daylight Smart D20 LED &#8211; Skizze\" \/>\n<meta property=\"og:description\" content=\"\u0160iame \u0161viestuve galima reguliuoti spalvos temperat\u016br\u0105 nuo \u0161iltos baltos iki dienos \u0161viesos ir tokiu b\u016bdu \u0161vies\u0105 pritaikyti savo poreikiams. \u0160viestuvo \u0161viesos sraut\u0105 galima reguliuoti penkiais lygiais. Jis yra lengvas ir ne\u0161iojamas, tod4l patogu pasiimti \u012f kursus ar keliaujant. Pasukamas gaubtas leid\u017eia nukreipti \u0161viesos sraut\u0105 b\u016btent ten, kur jums reikia.\" \/>\n<meta property=\"og:url\" content=\"https:\/\/hobstop.ee\/lt\/produktas\/sviestuvas-daylight-smart-d20-led\/\" \/>\n<meta property=\"og:site_name\" content=\"Skizze\" \/>\n<meta property=\"article:publisher\" content=\"http:\/\/www.facebook.com\/VunderSkizze\" \/>\n<meta name=\"twitter:card\" content=\"summary_large_image\" \/>\n<script type=\"application\/ld+json\" class=\"yoast-schema-graph\">{\"@context\":\"https:\/\/schema.org\",\"@graph\":[{\"@type\":\"WebPage\",\"@id\":\"https:\/\/hobstop.ee\/lt\/produktas\/sviestuvas-daylight-smart-d20-led\/\",\"url\":\"https:\/\/hobstop.ee\/lt\/produktas\/sviestuvas-daylight-smart-d20-led\/\",\"name\":\"\u0160viestuvas Daylight Smart D20 LED &#8211; Skizze\",\"isPartOf\":{\"@id\":\"https:\/\/www.hobstop.ee\/lt\/#website\"},\"datePublished\":\"2016-11-01T09:01:57+00:00\",\"dateModified\":\"2016-11-01T09:01:57+00:00\",\"breadcrumb\":{\"@id\":\"https:\/\/hobstop.ee\/lt\/produktas\/sviestuvas-daylight-smart-d20-led\/#breadcrumb\"},\"inLanguage\":\"lt\",\"potentialAction\":[{\"@type\":\"ReadAction\",\"target\":[\"https:\/\/hobstop.ee\/lt\/produktas\/sviestuvas-daylight-smart-d20-led\/\"]}]},{\"@type\":\"BreadcrumbList\",\"@id\":\"https:\/\/hobstop.ee\/lt\/produktas\/sviestuvas-daylight-smart-d20-led\/#breadcrumb\",\"itemListElement\":[{\"@type\":\"ListItem\",\"position\":1,\"name\":\"Avaleht\",\"item\":\"https:\/\/hobstop.ee\/lt\/\"},{\"@type\":\"ListItem\",\"position\":2,\"name\":\"Parduotuv\u0117\",\"item\":\"https:\/\/www.hobstop.ee\/lt\/parduotuve\/\"},{\"@type\":\"ListItem\",\"position\":3,\"name\":\"\u0160viestuvas Daylight Smart D20 LED\"}]},{\"@type\":\"WebSite\",\"@id\":\"https:\/\/www.hobstop.ee\/lt\/#website\",\"url\":\"https:\/\/www.hobstop.ee\/lt\/\",\"name\":\"Skizze\",\"description\":\"Dail\u0117s, pom\u0117gi\u0173 ir mokykliniai reikm\u0117nys\",\"publisher\":{\"@id\":\"https:\/\/www.hobstop.ee\/lt\/#organization\"},\"potentialAction\":[{\"@type\":\"SearchAction\",\"target\":{\"@type\":\"EntryPoint\",\"urlTemplate\":\"https:\/\/www.hobstop.ee\/lt\/?s={search_term_string}\"},\"query-input\":{\"@type\":\"PropertyValueSpecification\",\"valueRequired\":true,\"valueName\":\"search_term_string\"}}],\"inLanguage\":\"lt\"},{\"@type\":\"Organization\",\"@id\":\"https:\/\/www.hobstop.ee\/lt\/#organization\",\"name\":\"Vunder AS\",\"url\":\"https:\/\/www.hobstop.ee\/lt\/\",\"logo\":{\"@type\":\"ImageObject\",\"inLanguage\":\"lt\",\"@id\":\"https:\/\/www.hobstop.ee\/lt\/#\/schema\/logo\/image\/\",\"url\":\"https:\/\/hobstop.ee\/media\/vunder-logo.png\",\"contentUrl\":\"https:\/\/hobstop.ee\/media\/vunder-logo.png\",\"width\":127,\"height\":55,\"caption\":\"Vunder AS\"},\"image\":{\"@id\":\"https:\/\/www.hobstop.ee\/lt\/#\/schema\/logo\/image\/\"},\"sameAs\":[\"http:\/\/www.facebook.com\/VunderSkizze\"]}]}<\/script>\n<!-- \/ Yoast SEO plugin. -->","yoast_head_json":{"title":"\u0160viestuvas Daylight Smart D20 LED &#8211; Skizze","robots":{"index":"noindex","follow":"follow","max-snippet":"max-snippet:-1","max-image-preview":"max-image-preview:large","max-video-preview":"max-video-preview:-1"},"og_locale":"lt_LT","og_type":"article","og_title":"\u0160viestuvas Daylight Smart D20 LED &#8211; Skizze","og_description":"\u0160iame \u0161viestuve galima reguliuoti spalvos temperat\u016br\u0105 nuo \u0161iltos baltos iki dienos \u0161viesos ir tokiu b\u016bdu \u0161vies\u0105 pritaikyti savo poreikiams. \u0160viestuvo \u0161viesos sraut\u0105 galima reguliuoti penkiais lygiais. Jis yra lengvas ir ne\u0161iojamas, tod4l patogu pasiimti \u012f kursus ar keliaujant. Pasukamas gaubtas leid\u017eia nukreipti \u0161viesos sraut\u0105 b\u016btent ten, kur jums reikia.","og_url":"https:\/\/hobstop.ee\/lt\/produktas\/sviestuvas-daylight-smart-d20-led\/","og_site_name":"Skizze","article_publisher":"http:\/\/www.facebook.com\/VunderSkizze","twitter_card":"summary_large_image","schema":{"@context":"https:\/\/schema.org","@graph":[{"@type":"WebPage","@id":"https:\/\/hobstop.ee\/lt\/produktas\/sviestuvas-daylight-smart-d20-led\/","url":"https:\/\/hobstop.ee\/lt\/produktas\/sviestuvas-daylight-smart-d20-led\/","name":"\u0160viestuvas Daylight Smart D20 LED &#8211; Skizze","isPartOf":{"@id":"https:\/\/www.hobstop.ee\/lt\/#website"},"datePublished":"2016-11-01T09:01:57+00:00","dateModified":"2016-11-01T09:01:57+00:00","breadcrumb":{"@id":"https:\/\/hobstop.ee\/lt\/produktas\/sviestuvas-daylight-smart-d20-led\/#breadcrumb"},"inLanguage":"lt","potentialAction":[{"@type":"ReadAction","target":["https:\/\/hobstop.ee\/lt\/produktas\/sviestuvas-daylight-smart-d20-led\/"]}]},{"@type":"BreadcrumbList","@id":"https:\/\/hobstop.ee\/lt\/produktas\/sviestuvas-daylight-smart-d20-led\/#breadcrumb","itemListElement":[{"@type":"ListItem","position":1,"name":"Avaleht","item":"https:\/\/hobstop.ee\/lt\/"},{"@type":"ListItem","position":2,"name":"Parduotuv\u0117","item":"https:\/\/www.hobstop.ee\/lt\/parduotuve\/"},{"@type":"ListItem","position":3,"name":"\u0160viestuvas Daylight Smart D20 LED"}]},{"@type":"WebSite","@id":"https:\/\/www.hobstop.ee\/lt\/#website","url":"https:\/\/www.hobstop.ee\/lt\/","name":"Skizze","description":"Dail\u0117s, pom\u0117gi\u0173 ir mokykliniai reikm\u0117nys","publisher":{"@id":"https:\/\/www.hobstop.ee\/lt\/#organization"},"potentialAction":[{"@type":"SearchAction","target":{"@type":"EntryPoint","urlTemplate":"https:\/\/www.hobstop.ee\/lt\/?s={search_term_string}"},"query-input":{"@type":"PropertyValueSpecification","valueRequired":true,"valueName":"search_term_string"}}],"inLanguage":"lt"},{"@type":"Organization","@id":"https:\/\/www.hobstop.ee\/lt\/#organization","name":"Vunder AS","url":"https:\/\/www.hobstop.ee\/lt\/","logo":{"@type":"ImageObject","inLanguage":"lt","@id":"https:\/\/www.hobstop.ee\/lt\/#\/schema\/logo\/image\/","url":"https:\/\/hobstop.ee\/media\/vunder-logo.png","contentUrl":"https:\/\/hobstop.ee\/media\/vunder-logo.png","width":127,"height":55,"caption":"Vunder AS"},"image":{"@id":"https:\/\/www.hobstop.ee\/lt\/#\/schema\/logo\/image\/"},"sameAs":["http:\/\/www.facebook.com\/VunderSkizze"]}]}},"_links":{"self":[{"href":"https:\/\/hobstop.ee\/lt\/wp-json\/wp\/v2\/product\/275914","targetHints":{"allow":["GET"]}}],"collection":[{"href":"https:\/\/hobstop.ee\/lt\/wp-json\/wp\/v2\/product"}],"about":[{"href":"https:\/\/hobstop.ee\/lt\/wp-json\/wp\/v2\/types\/product"}],"replies":[{"embeddable":true,"href":"https:\/\/hobstop.ee\/lt\/wp-json\/wp\/v2\/comments?post=275914"}],"wp:attachment":[{"href":"https:\/\/hobstop.ee\/lt\/wp-json\/wp\/v2\/media?parent=275914"}],"wp:term":[{"taxonomy":"product_cat","embeddable":true,"href":"https:\/\/hobstop.ee\/lt\/wp-json\/wp\/v2\/product_cat?post=275914"},{"taxonomy":"product_tag","embeddable":true,"href":"https:\/\/hobstop.ee\/lt\/wp-json\/wp\/v2\/product_tag?post=275914"}],"curies":[{"name":"wp","href":"https:\/\/api.w.org\/{rel}","templated":true}]}}