{"id":275918,"date":"2016-11-01T11:01:58","date_gmt":"2016-11-01T09:01:58","guid":{"rendered":"https:\/\/sharks.ee\/vunder_2019\/lt\/product\/sviestuvas-siuvimo-masinai-daylight-led\/"},"modified":"2016-11-01T11:01:58","modified_gmt":"2016-11-01T09:01:58","slug":"sviestuvas-siuvimo-masinai-daylight-led","status":"publish","type":"product","link":"https:\/\/hobstop.ee\/lt\/produktas\/sviestuvas-siuvimo-masinai-daylight-led\/","title":{"rendered":"\u0160viestuvas siuvimo ma\u0161inai Daylight LED"},"content":{"rendered":"<p>\u0160is nedidelis \u0161viestuvas idealiai tinka naudoti su siuvimo ma\u0161ina. \u0160viesos sraut\u0105 galima nukreipti b\u016btent ten, kur jo reikia. Jis lipniais lipdukais yra lengvai pritaisomas prie siuvimo ma\u0161inos \u0161ono, yra ir nuimamas pagrindas. Dienos \u0161viesos LED u\u017etikrina puik\u0173 kontrast\u0105 ir nei\u0161kreipia spalv\u0173, tod\u0117l dirbti yra lengviau ir nepavargstama, detal\u0117s matomos kur kas ai\u0161kiau. LED lemput\u0117s niekada nereikia pakeisti, ji sunaudoja itin ma\u017eai energijos. \u0160viestuve yra kintamosios srov\u0117s adapteris.<\/p>\n","protected":false},"excerpt":{"rendered":"<p>\u0160is nedidelis \u0161viestuvas idealiai tinka naudoti su siuvimo ma\u0161ina. \u0160viesos sraut\u0105 galima nukreipti b\u016btent ten, kur jo reikia. Jis lipniais lipdukais yra lengvai pritaisomas prie siuvimo ma\u0161inos \u0161ono, yra ir nuimamas pagrindas. Dienos \u0161viesos LED u\u017etikrina puik\u0173 kontrast\u0105 ir nei\u0161kreipia spalv\u0173, tod\u0117l dirbti yra lengviau ir nepavargstama, detal\u0117s matomos kur kas ai\u0161kiau. LED lemput\u0117s niekada nereikia pakeisti, ji sunaudoja itin ma\u017eai energijos. \u0160viestuve yra kintamosios srov\u0117s adapteris.<\/p>\n","protected":false},"featured_media":275974,"comment_status":"closed","ping_status":"closed","template":"","meta":{"_acf_changed":false,"ep_exclude_from_search":false},"product_cat":[20058,18799],"product_tag":[],"class_list":{"0":"post-275918","1":"product","2":"type-product","3":"status-publish","4":"has-post-thumbnail","6":"product_cat-ivairus-31","7":"product_cat-sviestuvai-2","9":"first","10":"instock","11":"taxable","12":"shipping-taxable","13":"purchasable","14":"product-type-simple"},"acf":[],"yoast_head":"<!-- This site is optimized with the Yoast SEO plugin v24.1 - https:\/\/yoast.com\/wordpress\/plugins\/seo\/ -->\n<title>\u0160viestuvas siuvimo ma\u0161inai Daylight LED &#8211; Skizze<\/title>\n<meta name=\"robots\" content=\"noindex, follow, max-snippet:-1, max-image-preview:large, max-video-preview:-1\" \/>\n<meta property=\"og:locale\" content=\"lt_LT\" \/>\n<meta property=\"og:type\" content=\"article\" \/>\n<meta property=\"og:title\" content=\"\u0160viestuvas siuvimo ma\u0161inai Daylight LED &#8211; Skizze\" \/>\n<meta property=\"og:description\" content=\"\u0160is nedidelis \u0161viestuvas idealiai tinka naudoti su siuvimo ma\u0161ina. \u0160viesos sraut\u0105 galima nukreipti b\u016btent ten, kur jo reikia. Jis lipniais lipdukais yra lengvai pritaisomas prie siuvimo ma\u0161inos \u0161ono, yra ir nuimamas pagrindas. Dienos \u0161viesos LED u\u017etikrina puik\u0173 kontrast\u0105 ir nei\u0161kreipia spalv\u0173, tod\u0117l dirbti yra lengviau ir nepavargstama, detal\u0117s matomos kur kas ai\u0161kiau. LED lemput\u0117s niekada nereikia pakeisti, ji sunaudoja itin ma\u017eai energijos. \u0160viestuve yra kintamosios srov\u0117s adapteris.\" \/>\n<meta property=\"og:url\" content=\"https:\/\/hobstop.ee\/lt\/produktas\/sviestuvas-siuvimo-masinai-daylight-led\/\" \/>\n<meta property=\"og:site_name\" content=\"Skizze\" \/>\n<meta property=\"article:publisher\" content=\"http:\/\/www.facebook.com\/VunderSkizze\" \/>\n<meta property=\"og:image\" content=\"https:\/\/hobstop.ee\/media\/4426.jpg\" \/>\n\t<meta property=\"og:image:width\" content=\"1024\" \/>\n\t<meta property=\"og:image:height\" content=\"768\" \/>\n\t<meta property=\"og:image:type\" content=\"image\/jpeg\" \/>\n<meta name=\"twitter:card\" content=\"summary_large_image\" \/>\n<script type=\"application\/ld+json\" class=\"yoast-schema-graph\">{\"@context\":\"https:\/\/schema.org\",\"@graph\":[{\"@type\":\"WebPage\",\"@id\":\"https:\/\/hobstop.ee\/lt\/produktas\/sviestuvas-siuvimo-masinai-daylight-led\/\",\"url\":\"https:\/\/hobstop.ee\/lt\/produktas\/sviestuvas-siuvimo-masinai-daylight-led\/\",\"name\":\"\u0160viestuvas siuvimo ma\u0161inai Daylight LED &#8211; Skizze\",\"isPartOf\":{\"@id\":\"https:\/\/hobstop.ee\/lt\/#website\"},\"primaryImageOfPage\":{\"@id\":\"https:\/\/hobstop.ee\/lt\/produktas\/sviestuvas-siuvimo-masinai-daylight-led\/#primaryimage\"},\"image\":{\"@id\":\"https:\/\/hobstop.ee\/lt\/produktas\/sviestuvas-siuvimo-masinai-daylight-led\/#primaryimage\"},\"thumbnailUrl\":\"https:\/\/hobstop.ee\/media\/4426.jpg\",\"datePublished\":\"2016-11-01T09:01:58+00:00\",\"dateModified\":\"2016-11-01T09:01:58+00:00\",\"breadcrumb\":{\"@id\":\"https:\/\/hobstop.ee\/lt\/produktas\/sviestuvas-siuvimo-masinai-daylight-led\/#breadcrumb\"},\"inLanguage\":\"lt\",\"potentialAction\":[{\"@type\":\"ReadAction\",\"target\":[\"https:\/\/hobstop.ee\/lt\/produktas\/sviestuvas-siuvimo-masinai-daylight-led\/\"]}]},{\"@type\":\"ImageObject\",\"inLanguage\":\"lt\",\"@id\":\"https:\/\/hobstop.ee\/lt\/produktas\/sviestuvas-siuvimo-masinai-daylight-led\/#primaryimage\",\"url\":\"https:\/\/hobstop.ee\/media\/4426.jpg\",\"contentUrl\":\"https:\/\/hobstop.ee\/media\/4426.jpg\",\"width\":1024,\"height\":768},{\"@type\":\"BreadcrumbList\",\"@id\":\"https:\/\/hobstop.ee\/lt\/produktas\/sviestuvas-siuvimo-masinai-daylight-led\/#breadcrumb\",\"itemListElement\":[{\"@type\":\"ListItem\",\"position\":1,\"name\":\"Avaleht\",\"item\":\"https:\/\/hobstop.ee\/lt\/\"},{\"@type\":\"ListItem\",\"position\":2,\"name\":\"Parduotuv\u0117\",\"item\":\"https:\/\/hobstop.ee\/lt\/parduotuve\/\"},{\"@type\":\"ListItem\",\"position\":3,\"name\":\"\u0160viestuvas siuvimo ma\u0161inai Daylight LED\"}]},{\"@type\":\"WebSite\",\"@id\":\"https:\/\/hobstop.ee\/lt\/#website\",\"url\":\"https:\/\/hobstop.ee\/lt\/\",\"name\":\"Skizze\",\"description\":\"Dail\u0117s, pom\u0117gi\u0173 ir mokykliniai reikm\u0117nys\",\"publisher\":{\"@id\":\"https:\/\/hobstop.ee\/lt\/#organization\"},\"potentialAction\":[{\"@type\":\"SearchAction\",\"target\":{\"@type\":\"EntryPoint\",\"urlTemplate\":\"https:\/\/hobstop.ee\/lt\/?s={search_term_string}\"},\"query-input\":{\"@type\":\"PropertyValueSpecification\",\"valueRequired\":true,\"valueName\":\"search_term_string\"}}],\"inLanguage\":\"lt\"},{\"@type\":\"Organization\",\"@id\":\"https:\/\/hobstop.ee\/lt\/#organization\",\"name\":\"Vunder AS\",\"url\":\"https:\/\/hobstop.ee\/lt\/\",\"logo\":{\"@type\":\"ImageObject\",\"inLanguage\":\"lt\",\"@id\":\"https:\/\/hobstop.ee\/lt\/#\/schema\/logo\/image\/\",\"url\":\"https:\/\/hobstop.ee\/media\/vunder-logo.png\",\"contentUrl\":\"https:\/\/hobstop.ee\/media\/vunder-logo.png\",\"width\":127,\"height\":55,\"caption\":\"Vunder AS\"},\"image\":{\"@id\":\"https:\/\/hobstop.ee\/lt\/#\/schema\/logo\/image\/\"},\"sameAs\":[\"http:\/\/www.facebook.com\/VunderSkizze\"]}]}<\/script>\n<!-- \/ Yoast SEO plugin. -->","yoast_head_json":{"title":"\u0160viestuvas siuvimo ma\u0161inai Daylight LED &#8211; Skizze","robots":{"index":"noindex","follow":"follow","max-snippet":"max-snippet:-1","max-image-preview":"max-image-preview:large","max-video-preview":"max-video-preview:-1"},"og_locale":"lt_LT","og_type":"article","og_title":"\u0160viestuvas siuvimo ma\u0161inai Daylight LED &#8211; Skizze","og_description":"\u0160is nedidelis \u0161viestuvas idealiai tinka naudoti su siuvimo ma\u0161ina. \u0160viesos sraut\u0105 galima nukreipti b\u016btent ten, kur jo reikia. Jis lipniais lipdukais yra lengvai pritaisomas prie siuvimo ma\u0161inos \u0161ono, yra ir nuimamas pagrindas. Dienos \u0161viesos LED u\u017etikrina puik\u0173 kontrast\u0105 ir nei\u0161kreipia spalv\u0173, tod\u0117l dirbti yra lengviau ir nepavargstama, detal\u0117s matomos kur kas ai\u0161kiau. LED lemput\u0117s niekada nereikia pakeisti, ji sunaudoja itin ma\u017eai energijos. \u0160viestuve yra kintamosios srov\u0117s adapteris.","og_url":"https:\/\/hobstop.ee\/lt\/produktas\/sviestuvas-siuvimo-masinai-daylight-led\/","og_site_name":"Skizze","article_publisher":"http:\/\/www.facebook.com\/VunderSkizze","og_image":[{"width":1024,"height":768,"url":"https:\/\/hobstop.ee\/media\/4426.jpg","type":"image\/jpeg"}],"twitter_card":"summary_large_image","schema":{"@context":"https:\/\/schema.org","@graph":[{"@type":"WebPage","@id":"https:\/\/hobstop.ee\/lt\/produktas\/sviestuvas-siuvimo-masinai-daylight-led\/","url":"https:\/\/hobstop.ee\/lt\/produktas\/sviestuvas-siuvimo-masinai-daylight-led\/","name":"\u0160viestuvas siuvimo ma\u0161inai Daylight LED &#8211; Skizze","isPartOf":{"@id":"https:\/\/hobstop.ee\/lt\/#website"},"primaryImageOfPage":{"@id":"https:\/\/hobstop.ee\/lt\/produktas\/sviestuvas-siuvimo-masinai-daylight-led\/#primaryimage"},"image":{"@id":"https:\/\/hobstop.ee\/lt\/produktas\/sviestuvas-siuvimo-masinai-daylight-led\/#primaryimage"},"thumbnailUrl":"https:\/\/hobstop.ee\/media\/4426.jpg","datePublished":"2016-11-01T09:01:58+00:00","dateModified":"2016-11-01T09:01:58+00:00","breadcrumb":{"@id":"https:\/\/hobstop.ee\/lt\/produktas\/sviestuvas-siuvimo-masinai-daylight-led\/#breadcrumb"},"inLanguage":"lt","potentialAction":[{"@type":"ReadAction","target":["https:\/\/hobstop.ee\/lt\/produktas\/sviestuvas-siuvimo-masinai-daylight-led\/"]}]},{"@type":"ImageObject","inLanguage":"lt","@id":"https:\/\/hobstop.ee\/lt\/produktas\/sviestuvas-siuvimo-masinai-daylight-led\/#primaryimage","url":"https:\/\/hobstop.ee\/media\/4426.jpg","contentUrl":"https:\/\/hobstop.ee\/media\/4426.jpg","width":1024,"height":768},{"@type":"BreadcrumbList","@id":"https:\/\/hobstop.ee\/lt\/produktas\/sviestuvas-siuvimo-masinai-daylight-led\/#breadcrumb","itemListElement":[{"@type":"ListItem","position":1,"name":"Avaleht","item":"https:\/\/hobstop.ee\/lt\/"},{"@type":"ListItem","position":2,"name":"Parduotuv\u0117","item":"https:\/\/hobstop.ee\/lt\/parduotuve\/"},{"@type":"ListItem","position":3,"name":"\u0160viestuvas siuvimo ma\u0161inai Daylight LED"}]},{"@type":"WebSite","@id":"https:\/\/hobstop.ee\/lt\/#website","url":"https:\/\/hobstop.ee\/lt\/","name":"Skizze","description":"Dail\u0117s, pom\u0117gi\u0173 ir mokykliniai reikm\u0117nys","publisher":{"@id":"https:\/\/hobstop.ee\/lt\/#organization"},"potentialAction":[{"@type":"SearchAction","target":{"@type":"EntryPoint","urlTemplate":"https:\/\/hobstop.ee\/lt\/?s={search_term_string}"},"query-input":{"@type":"PropertyValueSpecification","valueRequired":true,"valueName":"search_term_string"}}],"inLanguage":"lt"},{"@type":"Organization","@id":"https:\/\/hobstop.ee\/lt\/#organization","name":"Vunder AS","url":"https:\/\/hobstop.ee\/lt\/","logo":{"@type":"ImageObject","inLanguage":"lt","@id":"https:\/\/hobstop.ee\/lt\/#\/schema\/logo\/image\/","url":"https:\/\/hobstop.ee\/media\/vunder-logo.png","contentUrl":"https:\/\/hobstop.ee\/media\/vunder-logo.png","width":127,"height":55,"caption":"Vunder AS"},"image":{"@id":"https:\/\/hobstop.ee\/lt\/#\/schema\/logo\/image\/"},"sameAs":["http:\/\/www.facebook.com\/VunderSkizze"]}]}},"_links":{"self":[{"href":"https:\/\/hobstop.ee\/lt\/wp-json\/wp\/v2\/product\/275918","targetHints":{"allow":["GET"]}}],"collection":[{"href":"https:\/\/hobstop.ee\/lt\/wp-json\/wp\/v2\/product"}],"about":[{"href":"https:\/\/hobstop.ee\/lt\/wp-json\/wp\/v2\/types\/product"}],"replies":[{"embeddable":true,"href":"https:\/\/hobstop.ee\/lt\/wp-json\/wp\/v2\/comments?post=275918"}],"wp:featuredmedia":[{"embeddable":true,"href":"https:\/\/hobstop.ee\/lt\/wp-json\/wp\/v2\/media\/275974"}],"wp:attachment":[{"href":"https:\/\/hobstop.ee\/lt\/wp-json\/wp\/v2\/media?parent=275918"}],"wp:term":[{"taxonomy":"product_cat","embeddable":true,"href":"https:\/\/hobstop.ee\/lt\/wp-json\/wp\/v2\/product_cat?post=275918"},{"taxonomy":"product_tag","embeddable":true,"href":"https:\/\/hobstop.ee\/lt\/wp-json\/wp\/v2\/product_tag?post=275918"}],"curies":[{"name":"wp","href":"https:\/\/api.w.org\/{rel}","templated":true}]}}