{"id":277044,"date":"2016-11-24T14:34:20","date_gmt":"2016-11-24T12:34:20","guid":{"rendered":"https:\/\/sharks.ee\/vunder_2019\/lt\/product\/washi-dekoratyvi-lipni-juosteles-peiliukas-mt-nano\/"},"modified":"2016-11-24T14:34:20","modified_gmt":"2016-11-24T12:34:20","slug":"washi-dekoratyvi-lipni-juosteles-peiliukas-mt-nano","status":"publish","type":"product","link":"https:\/\/hobstop.ee\/lt\/produktas\/washi-dekoratyvi-lipni-juosteles-peiliukas-mt-nano\/","title":{"rendered":"Washi dekoratyvi lipni juostel\u0117s peiliukas mt nano"},"content":{"rendered":"<p>Multifunkc\u0117s juostel\u0117s pjoviklis, su kuriuo \u201emt\u201c washi juostel\u0119 naudoti bus dar smagiau! Pastumkite pjovikl\u012f \u201enano\u201c taip, kad jis sutapt\u0173 su juostele ir nustatykite vietoje, kur norite atpjauti. \u201emt\u201c juostel\u0117s pjoviklis \u201enano\u201c yra labai patogus, jeigu \u201ewashi\u201c juosteles norite naudoti vard\u0173 kortel\u0117ms ir lipdukams, taip pat gali b\u016bti naudojamas, kaip lipnios juostel\u0117s d\u0117klas.<\/p>\n","protected":false},"excerpt":{"rendered":"<p>Multifunkc\u0117s juostel\u0117s pjoviklis, su kuriuo \u201emt\u201c washi juostel\u0119 naudoti bus dar smagiau! Pastumkite pjovikl\u012f \u201enano\u201c taip, kad jis sutapt\u0173 su juostele ir nustatykite vietoje, kur norite atpjauti. \u201emt\u201c juostel\u0117s pjoviklis \u201enano\u201c yra labai patogus, jeigu \u201ewashi\u201c juosteles norite naudoti vard\u0173 kortel\u0117ms ir lipdukams, taip pat gali b\u016bti naudojamas, kaip lipnios juostel\u0117s d\u0117klas.<\/p>\n","protected":false},"featured_media":277108,"comment_status":"closed","ping_status":"closed","template":"","meta":{"_acf_changed":false,"ep_exclude_from_search":false},"product_cat":[17969,17157,17919],"product_tag":[],"class_list":{"0":"post-277044","1":"product","2":"type-product","3":"status-publish","4":"has-post-thumbnail","6":"product_cat-kitos-prekes","7":"product_cat-lipnios-juosteles-washi","8":"product_cat-pomegiu-prekes","10":"first","11":"instock","12":"taxable","13":"shipping-taxable","14":"purchasable","15":"product-type-simple"},"acf":[],"yoast_head":"<!-- This site is optimized with the Yoast SEO plugin v24.1 - https:\/\/yoast.com\/wordpress\/plugins\/seo\/ -->\n<title>Washi dekoratyvi lipni juostel\u0117s peiliukas mt nano &#8211; Skizze<\/title>\n<meta name=\"robots\" content=\"noindex, follow, max-snippet:-1, max-image-preview:large, max-video-preview:-1\" \/>\n<meta property=\"og:locale\" content=\"lt_LT\" \/>\n<meta property=\"og:type\" content=\"article\" \/>\n<meta property=\"og:title\" content=\"Washi dekoratyvi lipni juostel\u0117s peiliukas mt nano &#8211; Skizze\" \/>\n<meta property=\"og:description\" content=\"Multifunkc\u0117s juostel\u0117s pjoviklis, su kuriuo \u201emt\u201c washi juostel\u0119 naudoti bus dar smagiau! Pastumkite pjovikl\u012f \u201enano\u201c taip, kad jis sutapt\u0173 su juostele ir nustatykite vietoje, kur norite atpjauti. \u201emt\u201c juostel\u0117s pjoviklis \u201enano\u201c yra labai patogus, jeigu \u201ewashi\u201c juosteles norite naudoti vard\u0173 kortel\u0117ms ir lipdukams, taip pat gali b\u016bti naudojamas, kaip lipnios juostel\u0117s d\u0117klas.\" \/>\n<meta property=\"og:url\" content=\"https:\/\/hobstop.ee\/lt\/produktas\/washi-dekoratyvi-lipni-juosteles-peiliukas-mt-nano\/\" \/>\n<meta property=\"og:site_name\" content=\"Skizze\" \/>\n<meta property=\"article:publisher\" content=\"http:\/\/www.facebook.com\/VunderSkizze\" \/>\n<meta property=\"og:image\" content=\"https:\/\/hobstop.ee\/media\/4434.jpg\" \/>\n\t<meta property=\"og:image:width\" content=\"1024\" \/>\n\t<meta property=\"og:image:height\" content=\"768\" \/>\n\t<meta property=\"og:image:type\" content=\"image\/jpeg\" \/>\n<meta name=\"twitter:card\" content=\"summary_large_image\" \/>\n<script type=\"application\/ld+json\" class=\"yoast-schema-graph\">{\"@context\":\"https:\/\/schema.org\",\"@graph\":[{\"@type\":\"WebPage\",\"@id\":\"https:\/\/hobstop.ee\/lt\/produktas\/washi-dekoratyvi-lipni-juosteles-peiliukas-mt-nano\/\",\"url\":\"https:\/\/hobstop.ee\/lt\/produktas\/washi-dekoratyvi-lipni-juosteles-peiliukas-mt-nano\/\",\"name\":\"Washi dekoratyvi lipni juostel\u0117s peiliukas mt nano &#8211; Skizze\",\"isPartOf\":{\"@id\":\"https:\/\/hobstop.ee\/lt\/#website\"},\"primaryImageOfPage\":{\"@id\":\"https:\/\/hobstop.ee\/lt\/produktas\/washi-dekoratyvi-lipni-juosteles-peiliukas-mt-nano\/#primaryimage\"},\"image\":{\"@id\":\"https:\/\/hobstop.ee\/lt\/produktas\/washi-dekoratyvi-lipni-juosteles-peiliukas-mt-nano\/#primaryimage\"},\"thumbnailUrl\":\"https:\/\/hobstop.ee\/media\/4434.jpg\",\"datePublished\":\"2016-11-24T12:34:20+00:00\",\"dateModified\":\"2016-11-24T12:34:20+00:00\",\"breadcrumb\":{\"@id\":\"https:\/\/hobstop.ee\/lt\/produktas\/washi-dekoratyvi-lipni-juosteles-peiliukas-mt-nano\/#breadcrumb\"},\"inLanguage\":\"lt\",\"potentialAction\":[{\"@type\":\"ReadAction\",\"target\":[\"https:\/\/hobstop.ee\/lt\/produktas\/washi-dekoratyvi-lipni-juosteles-peiliukas-mt-nano\/\"]}]},{\"@type\":\"ImageObject\",\"inLanguage\":\"lt\",\"@id\":\"https:\/\/hobstop.ee\/lt\/produktas\/washi-dekoratyvi-lipni-juosteles-peiliukas-mt-nano\/#primaryimage\",\"url\":\"https:\/\/hobstop.ee\/media\/4434.jpg\",\"contentUrl\":\"https:\/\/hobstop.ee\/media\/4434.jpg\",\"width\":1024,\"height\":768},{\"@type\":\"BreadcrumbList\",\"@id\":\"https:\/\/hobstop.ee\/lt\/produktas\/washi-dekoratyvi-lipni-juosteles-peiliukas-mt-nano\/#breadcrumb\",\"itemListElement\":[{\"@type\":\"ListItem\",\"position\":1,\"name\":\"Avaleht\",\"item\":\"https:\/\/hobstop.ee\/lt\/\"},{\"@type\":\"ListItem\",\"position\":2,\"name\":\"Parduotuv\u0117\",\"item\":\"https:\/\/hobstop.ee\/lt\/parduotuve\/\"},{\"@type\":\"ListItem\",\"position\":3,\"name\":\"Washi dekoratyvi lipni juostel\u0117s peiliukas mt nano\"}]},{\"@type\":\"WebSite\",\"@id\":\"https:\/\/hobstop.ee\/lt\/#website\",\"url\":\"https:\/\/hobstop.ee\/lt\/\",\"name\":\"Skizze\",\"description\":\"Dail\u0117s, pom\u0117gi\u0173 ir mokykliniai reikm\u0117nys\",\"publisher\":{\"@id\":\"https:\/\/hobstop.ee\/lt\/#organization\"},\"potentialAction\":[{\"@type\":\"SearchAction\",\"target\":{\"@type\":\"EntryPoint\",\"urlTemplate\":\"https:\/\/hobstop.ee\/lt\/?s={search_term_string}\"},\"query-input\":{\"@type\":\"PropertyValueSpecification\",\"valueRequired\":true,\"valueName\":\"search_term_string\"}}],\"inLanguage\":\"lt\"},{\"@type\":\"Organization\",\"@id\":\"https:\/\/hobstop.ee\/lt\/#organization\",\"name\":\"Vunder AS\",\"url\":\"https:\/\/hobstop.ee\/lt\/\",\"logo\":{\"@type\":\"ImageObject\",\"inLanguage\":\"lt\",\"@id\":\"https:\/\/hobstop.ee\/lt\/#\/schema\/logo\/image\/\",\"url\":\"https:\/\/hobstop.ee\/media\/vunder-logo.png\",\"contentUrl\":\"https:\/\/hobstop.ee\/media\/vunder-logo.png\",\"width\":127,\"height\":55,\"caption\":\"Vunder AS\"},\"image\":{\"@id\":\"https:\/\/hobstop.ee\/lt\/#\/schema\/logo\/image\/\"},\"sameAs\":[\"http:\/\/www.facebook.com\/VunderSkizze\"]}]}<\/script>\n<!-- \/ Yoast SEO plugin. -->","yoast_head_json":{"title":"Washi dekoratyvi lipni juostel\u0117s peiliukas mt nano &#8211; Skizze","robots":{"index":"noindex","follow":"follow","max-snippet":"max-snippet:-1","max-image-preview":"max-image-preview:large","max-video-preview":"max-video-preview:-1"},"og_locale":"lt_LT","og_type":"article","og_title":"Washi dekoratyvi lipni juostel\u0117s peiliukas mt nano &#8211; Skizze","og_description":"Multifunkc\u0117s juostel\u0117s pjoviklis, su kuriuo \u201emt\u201c washi juostel\u0119 naudoti bus dar smagiau! Pastumkite pjovikl\u012f \u201enano\u201c taip, kad jis sutapt\u0173 su juostele ir nustatykite vietoje, kur norite atpjauti. \u201emt\u201c juostel\u0117s pjoviklis \u201enano\u201c yra labai patogus, jeigu \u201ewashi\u201c juosteles norite naudoti vard\u0173 kortel\u0117ms ir lipdukams, taip pat gali b\u016bti naudojamas, kaip lipnios juostel\u0117s d\u0117klas.","og_url":"https:\/\/hobstop.ee\/lt\/produktas\/washi-dekoratyvi-lipni-juosteles-peiliukas-mt-nano\/","og_site_name":"Skizze","article_publisher":"http:\/\/www.facebook.com\/VunderSkizze","og_image":[{"width":1024,"height":768,"url":"https:\/\/hobstop.ee\/media\/4434.jpg","type":"image\/jpeg"}],"twitter_card":"summary_large_image","schema":{"@context":"https:\/\/schema.org","@graph":[{"@type":"WebPage","@id":"https:\/\/hobstop.ee\/lt\/produktas\/washi-dekoratyvi-lipni-juosteles-peiliukas-mt-nano\/","url":"https:\/\/hobstop.ee\/lt\/produktas\/washi-dekoratyvi-lipni-juosteles-peiliukas-mt-nano\/","name":"Washi dekoratyvi lipni juostel\u0117s peiliukas mt nano &#8211; Skizze","isPartOf":{"@id":"https:\/\/hobstop.ee\/lt\/#website"},"primaryImageOfPage":{"@id":"https:\/\/hobstop.ee\/lt\/produktas\/washi-dekoratyvi-lipni-juosteles-peiliukas-mt-nano\/#primaryimage"},"image":{"@id":"https:\/\/hobstop.ee\/lt\/produktas\/washi-dekoratyvi-lipni-juosteles-peiliukas-mt-nano\/#primaryimage"},"thumbnailUrl":"https:\/\/hobstop.ee\/media\/4434.jpg","datePublished":"2016-11-24T12:34:20+00:00","dateModified":"2016-11-24T12:34:20+00:00","breadcrumb":{"@id":"https:\/\/hobstop.ee\/lt\/produktas\/washi-dekoratyvi-lipni-juosteles-peiliukas-mt-nano\/#breadcrumb"},"inLanguage":"lt","potentialAction":[{"@type":"ReadAction","target":["https:\/\/hobstop.ee\/lt\/produktas\/washi-dekoratyvi-lipni-juosteles-peiliukas-mt-nano\/"]}]},{"@type":"ImageObject","inLanguage":"lt","@id":"https:\/\/hobstop.ee\/lt\/produktas\/washi-dekoratyvi-lipni-juosteles-peiliukas-mt-nano\/#primaryimage","url":"https:\/\/hobstop.ee\/media\/4434.jpg","contentUrl":"https:\/\/hobstop.ee\/media\/4434.jpg","width":1024,"height":768},{"@type":"BreadcrumbList","@id":"https:\/\/hobstop.ee\/lt\/produktas\/washi-dekoratyvi-lipni-juosteles-peiliukas-mt-nano\/#breadcrumb","itemListElement":[{"@type":"ListItem","position":1,"name":"Avaleht","item":"https:\/\/hobstop.ee\/lt\/"},{"@type":"ListItem","position":2,"name":"Parduotuv\u0117","item":"https:\/\/hobstop.ee\/lt\/parduotuve\/"},{"@type":"ListItem","position":3,"name":"Washi dekoratyvi lipni juostel\u0117s peiliukas mt nano"}]},{"@type":"WebSite","@id":"https:\/\/hobstop.ee\/lt\/#website","url":"https:\/\/hobstop.ee\/lt\/","name":"Skizze","description":"Dail\u0117s, pom\u0117gi\u0173 ir mokykliniai reikm\u0117nys","publisher":{"@id":"https:\/\/hobstop.ee\/lt\/#organization"},"potentialAction":[{"@type":"SearchAction","target":{"@type":"EntryPoint","urlTemplate":"https:\/\/hobstop.ee\/lt\/?s={search_term_string}"},"query-input":{"@type":"PropertyValueSpecification","valueRequired":true,"valueName":"search_term_string"}}],"inLanguage":"lt"},{"@type":"Organization","@id":"https:\/\/hobstop.ee\/lt\/#organization","name":"Vunder AS","url":"https:\/\/hobstop.ee\/lt\/","logo":{"@type":"ImageObject","inLanguage":"lt","@id":"https:\/\/hobstop.ee\/lt\/#\/schema\/logo\/image\/","url":"https:\/\/hobstop.ee\/media\/vunder-logo.png","contentUrl":"https:\/\/hobstop.ee\/media\/vunder-logo.png","width":127,"height":55,"caption":"Vunder AS"},"image":{"@id":"https:\/\/hobstop.ee\/lt\/#\/schema\/logo\/image\/"},"sameAs":["http:\/\/www.facebook.com\/VunderSkizze"]}]}},"_links":{"self":[{"href":"https:\/\/hobstop.ee\/lt\/wp-json\/wp\/v2\/product\/277044","targetHints":{"allow":["GET"]}}],"collection":[{"href":"https:\/\/hobstop.ee\/lt\/wp-json\/wp\/v2\/product"}],"about":[{"href":"https:\/\/hobstop.ee\/lt\/wp-json\/wp\/v2\/types\/product"}],"replies":[{"embeddable":true,"href":"https:\/\/hobstop.ee\/lt\/wp-json\/wp\/v2\/comments?post=277044"}],"wp:featuredmedia":[{"embeddable":true,"href":"https:\/\/hobstop.ee\/lt\/wp-json\/wp\/v2\/media\/277108"}],"wp:attachment":[{"href":"https:\/\/hobstop.ee\/lt\/wp-json\/wp\/v2\/media?parent=277044"}],"wp:term":[{"taxonomy":"product_cat","embeddable":true,"href":"https:\/\/hobstop.ee\/lt\/wp-json\/wp\/v2\/product_cat?post=277044"},{"taxonomy":"product_tag","embeddable":true,"href":"https:\/\/hobstop.ee\/lt\/wp-json\/wp\/v2\/product_tag?post=277044"}],"curies":[{"name":"wp","href":"https:\/\/api.w.org\/{rel}","templated":true}]}}