{"id":277742,"date":"2016-12-07T19:54:44","date_gmt":"2016-12-07T17:54:44","guid":{"rendered":"https:\/\/sharks.ee\/vunder_2019\/lt\/product\/lempuciu-girlianda-airam-led-20-varine-viela\/"},"modified":"2016-12-07T19:54:44","modified_gmt":"2016-12-07T17:54:44","slug":"lempuciu-girlianda-airam-led-20-varine-viela","status":"publish","type":"product","link":"https:\/\/hobstop.ee\/lt\/produktas\/lempuciu-girlianda-airam-led-20-varine-viela\/","title":{"rendered":"Lempu\u010di\u0173 girlianda Airam LED 20 varin\u0117 viela"},"content":{"rendered":"<p>Patalpoms skirta lanksti ir formuojama 20 LED lempu\u010di\u0173 girlianda, kuri puikiai tinka papuo\u0161ti namus ir rankdarbi\u0173 projektams. Girliandos ilgis 1,9 m, Tarpas tarp LED 10 cm. LED darbo laikas apie 10 000 val., galia 1,2 W. Komplekte yra baterijos, esant normaliam naudojimui darbo laikas yra apie 50 val. LED nekei\u010diami.<\/p>\n","protected":false},"excerpt":{"rendered":"<p>Patalpoms skirta lanksti ir formuojama 20 LED lempu\u010di\u0173 girlianda, kuri puikiai tinka papuo\u0161ti namus ir rankdarbi\u0173 projektams. Girliandos ilgis 1,9 m, Tarpas tarp LED 10 cm. LED darbo laikas apie 10 000 val., galia 1,2 W. Komplekte yra baterijos, esant normaliam naudojimui darbo laikas yra apie 50 val. LED nekei\u010diami.<\/p>\n","protected":false},"featured_media":277806,"comment_status":"closed","ping_status":"closed","template":"","meta":{"_acf_changed":false,"ep_exclude_from_search":false},"product_cat":[20166,18799],"product_tag":[],"class_list":{"0":"post-277742","1":"product","2":"type-product","3":"status-publish","4":"has-post-thumbnail","6":"product_cat-dekoratyvinis-apsvietimas","7":"product_cat-sviestuvai-2","9":"first","10":"instock","11":"taxable","12":"shipping-taxable","13":"purchasable","14":"product-type-simple"},"acf":[],"yoast_head":"<!-- This site is optimized with the Yoast SEO plugin v24.1 - https:\/\/yoast.com\/wordpress\/plugins\/seo\/ -->\n<title>Lempu\u010di\u0173 girlianda Airam LED 20 varin\u0117 viela &#8211; Skizze<\/title>\n<meta name=\"robots\" content=\"noindex, follow, max-snippet:-1, max-image-preview:large, max-video-preview:-1\" \/>\n<meta property=\"og:locale\" content=\"lt_LT\" \/>\n<meta property=\"og:type\" content=\"article\" \/>\n<meta property=\"og:title\" content=\"Lempu\u010di\u0173 girlianda Airam LED 20 varin\u0117 viela &#8211; Skizze\" \/>\n<meta property=\"og:description\" content=\"Patalpoms skirta lanksti ir formuojama 20 LED lempu\u010di\u0173 girlianda, kuri puikiai tinka papuo\u0161ti namus ir rankdarbi\u0173 projektams. Girliandos ilgis 1,9 m, Tarpas tarp LED 10 cm. LED darbo laikas apie 10 000 val., galia 1,2 W. Komplekte yra baterijos, esant normaliam naudojimui darbo laikas yra apie 50 val. LED nekei\u010diami.\" \/>\n<meta property=\"og:url\" content=\"https:\/\/hobstop.ee\/lt\/produktas\/lempuciu-girlianda-airam-led-20-varine-viela\/\" \/>\n<meta property=\"og:site_name\" content=\"Skizze\" \/>\n<meta property=\"article:publisher\" content=\"http:\/\/www.facebook.com\/VunderSkizze\" \/>\n<meta property=\"og:image\" content=\"https:\/\/hobstop.ee\/media\/4439.jpg\" \/>\n\t<meta property=\"og:image:width\" content=\"1024\" \/>\n\t<meta property=\"og:image:height\" content=\"768\" \/>\n\t<meta property=\"og:image:type\" content=\"image\/jpeg\" \/>\n<meta name=\"twitter:card\" content=\"summary_large_image\" \/>\n<script type=\"application\/ld+json\" class=\"yoast-schema-graph\">{\"@context\":\"https:\/\/schema.org\",\"@graph\":[{\"@type\":\"WebPage\",\"@id\":\"https:\/\/hobstop.ee\/lt\/produktas\/lempuciu-girlianda-airam-led-20-varine-viela\/\",\"url\":\"https:\/\/hobstop.ee\/lt\/produktas\/lempuciu-girlianda-airam-led-20-varine-viela\/\",\"name\":\"Lempu\u010di\u0173 girlianda Airam LED 20 varin\u0117 viela &#8211; Skizze\",\"isPartOf\":{\"@id\":\"https:\/\/hobstop.ee\/lt\/#website\"},\"primaryImageOfPage\":{\"@id\":\"https:\/\/hobstop.ee\/lt\/produktas\/lempuciu-girlianda-airam-led-20-varine-viela\/#primaryimage\"},\"image\":{\"@id\":\"https:\/\/hobstop.ee\/lt\/produktas\/lempuciu-girlianda-airam-led-20-varine-viela\/#primaryimage\"},\"thumbnailUrl\":\"https:\/\/hobstop.ee\/media\/4439.jpg\",\"datePublished\":\"2016-12-07T17:54:44+00:00\",\"dateModified\":\"2016-12-07T17:54:44+00:00\",\"breadcrumb\":{\"@id\":\"https:\/\/hobstop.ee\/lt\/produktas\/lempuciu-girlianda-airam-led-20-varine-viela\/#breadcrumb\"},\"inLanguage\":\"lt\",\"potentialAction\":[{\"@type\":\"ReadAction\",\"target\":[\"https:\/\/hobstop.ee\/lt\/produktas\/lempuciu-girlianda-airam-led-20-varine-viela\/\"]}]},{\"@type\":\"ImageObject\",\"inLanguage\":\"lt\",\"@id\":\"https:\/\/hobstop.ee\/lt\/produktas\/lempuciu-girlianda-airam-led-20-varine-viela\/#primaryimage\",\"url\":\"https:\/\/hobstop.ee\/media\/4439.jpg\",\"contentUrl\":\"https:\/\/hobstop.ee\/media\/4439.jpg\",\"width\":1024,\"height\":768},{\"@type\":\"BreadcrumbList\",\"@id\":\"https:\/\/hobstop.ee\/lt\/produktas\/lempuciu-girlianda-airam-led-20-varine-viela\/#breadcrumb\",\"itemListElement\":[{\"@type\":\"ListItem\",\"position\":1,\"name\":\"Avaleht\",\"item\":\"https:\/\/hobstop.ee\/lt\/\"},{\"@type\":\"ListItem\",\"position\":2,\"name\":\"Parduotuv\u0117\",\"item\":\"https:\/\/hobstop.ee\/lt\/parduotuve\/\"},{\"@type\":\"ListItem\",\"position\":3,\"name\":\"Lempu\u010di\u0173 girlianda Airam LED 20 varin\u0117 viela\"}]},{\"@type\":\"WebSite\",\"@id\":\"https:\/\/hobstop.ee\/lt\/#website\",\"url\":\"https:\/\/hobstop.ee\/lt\/\",\"name\":\"Skizze\",\"description\":\"Dail\u0117s, pom\u0117gi\u0173 ir mokykliniai reikm\u0117nys\",\"publisher\":{\"@id\":\"https:\/\/hobstop.ee\/lt\/#organization\"},\"potentialAction\":[{\"@type\":\"SearchAction\",\"target\":{\"@type\":\"EntryPoint\",\"urlTemplate\":\"https:\/\/hobstop.ee\/lt\/?s={search_term_string}\"},\"query-input\":{\"@type\":\"PropertyValueSpecification\",\"valueRequired\":true,\"valueName\":\"search_term_string\"}}],\"inLanguage\":\"lt\"},{\"@type\":\"Organization\",\"@id\":\"https:\/\/hobstop.ee\/lt\/#organization\",\"name\":\"Vunder AS\",\"url\":\"https:\/\/hobstop.ee\/lt\/\",\"logo\":{\"@type\":\"ImageObject\",\"inLanguage\":\"lt\",\"@id\":\"https:\/\/hobstop.ee\/lt\/#\/schema\/logo\/image\/\",\"url\":\"https:\/\/hobstop.ee\/media\/vunder-logo.png\",\"contentUrl\":\"https:\/\/hobstop.ee\/media\/vunder-logo.png\",\"width\":127,\"height\":55,\"caption\":\"Vunder AS\"},\"image\":{\"@id\":\"https:\/\/hobstop.ee\/lt\/#\/schema\/logo\/image\/\"},\"sameAs\":[\"http:\/\/www.facebook.com\/VunderSkizze\"]}]}<\/script>\n<!-- \/ Yoast SEO plugin. -->","yoast_head_json":{"title":"Lempu\u010di\u0173 girlianda Airam LED 20 varin\u0117 viela &#8211; Skizze","robots":{"index":"noindex","follow":"follow","max-snippet":"max-snippet:-1","max-image-preview":"max-image-preview:large","max-video-preview":"max-video-preview:-1"},"og_locale":"lt_LT","og_type":"article","og_title":"Lempu\u010di\u0173 girlianda Airam LED 20 varin\u0117 viela &#8211; Skizze","og_description":"Patalpoms skirta lanksti ir formuojama 20 LED lempu\u010di\u0173 girlianda, kuri puikiai tinka papuo\u0161ti namus ir rankdarbi\u0173 projektams. Girliandos ilgis 1,9 m, Tarpas tarp LED 10 cm. LED darbo laikas apie 10 000 val., galia 1,2 W. Komplekte yra baterijos, esant normaliam naudojimui darbo laikas yra apie 50 val. LED nekei\u010diami.","og_url":"https:\/\/hobstop.ee\/lt\/produktas\/lempuciu-girlianda-airam-led-20-varine-viela\/","og_site_name":"Skizze","article_publisher":"http:\/\/www.facebook.com\/VunderSkizze","og_image":[{"width":1024,"height":768,"url":"https:\/\/hobstop.ee\/media\/4439.jpg","type":"image\/jpeg"}],"twitter_card":"summary_large_image","schema":{"@context":"https:\/\/schema.org","@graph":[{"@type":"WebPage","@id":"https:\/\/hobstop.ee\/lt\/produktas\/lempuciu-girlianda-airam-led-20-varine-viela\/","url":"https:\/\/hobstop.ee\/lt\/produktas\/lempuciu-girlianda-airam-led-20-varine-viela\/","name":"Lempu\u010di\u0173 girlianda Airam LED 20 varin\u0117 viela &#8211; Skizze","isPartOf":{"@id":"https:\/\/hobstop.ee\/lt\/#website"},"primaryImageOfPage":{"@id":"https:\/\/hobstop.ee\/lt\/produktas\/lempuciu-girlianda-airam-led-20-varine-viela\/#primaryimage"},"image":{"@id":"https:\/\/hobstop.ee\/lt\/produktas\/lempuciu-girlianda-airam-led-20-varine-viela\/#primaryimage"},"thumbnailUrl":"https:\/\/hobstop.ee\/media\/4439.jpg","datePublished":"2016-12-07T17:54:44+00:00","dateModified":"2016-12-07T17:54:44+00:00","breadcrumb":{"@id":"https:\/\/hobstop.ee\/lt\/produktas\/lempuciu-girlianda-airam-led-20-varine-viela\/#breadcrumb"},"inLanguage":"lt","potentialAction":[{"@type":"ReadAction","target":["https:\/\/hobstop.ee\/lt\/produktas\/lempuciu-girlianda-airam-led-20-varine-viela\/"]}]},{"@type":"ImageObject","inLanguage":"lt","@id":"https:\/\/hobstop.ee\/lt\/produktas\/lempuciu-girlianda-airam-led-20-varine-viela\/#primaryimage","url":"https:\/\/hobstop.ee\/media\/4439.jpg","contentUrl":"https:\/\/hobstop.ee\/media\/4439.jpg","width":1024,"height":768},{"@type":"BreadcrumbList","@id":"https:\/\/hobstop.ee\/lt\/produktas\/lempuciu-girlianda-airam-led-20-varine-viela\/#breadcrumb","itemListElement":[{"@type":"ListItem","position":1,"name":"Avaleht","item":"https:\/\/hobstop.ee\/lt\/"},{"@type":"ListItem","position":2,"name":"Parduotuv\u0117","item":"https:\/\/hobstop.ee\/lt\/parduotuve\/"},{"@type":"ListItem","position":3,"name":"Lempu\u010di\u0173 girlianda Airam LED 20 varin\u0117 viela"}]},{"@type":"WebSite","@id":"https:\/\/hobstop.ee\/lt\/#website","url":"https:\/\/hobstop.ee\/lt\/","name":"Skizze","description":"Dail\u0117s, pom\u0117gi\u0173 ir mokykliniai reikm\u0117nys","publisher":{"@id":"https:\/\/hobstop.ee\/lt\/#organization"},"potentialAction":[{"@type":"SearchAction","target":{"@type":"EntryPoint","urlTemplate":"https:\/\/hobstop.ee\/lt\/?s={search_term_string}"},"query-input":{"@type":"PropertyValueSpecification","valueRequired":true,"valueName":"search_term_string"}}],"inLanguage":"lt"},{"@type":"Organization","@id":"https:\/\/hobstop.ee\/lt\/#organization","name":"Vunder AS","url":"https:\/\/hobstop.ee\/lt\/","logo":{"@type":"ImageObject","inLanguage":"lt","@id":"https:\/\/hobstop.ee\/lt\/#\/schema\/logo\/image\/","url":"https:\/\/hobstop.ee\/media\/vunder-logo.png","contentUrl":"https:\/\/hobstop.ee\/media\/vunder-logo.png","width":127,"height":55,"caption":"Vunder AS"},"image":{"@id":"https:\/\/hobstop.ee\/lt\/#\/schema\/logo\/image\/"},"sameAs":["http:\/\/www.facebook.com\/VunderSkizze"]}]}},"_links":{"self":[{"href":"https:\/\/hobstop.ee\/lt\/wp-json\/wp\/v2\/product\/277742","targetHints":{"allow":["GET"]}}],"collection":[{"href":"https:\/\/hobstop.ee\/lt\/wp-json\/wp\/v2\/product"}],"about":[{"href":"https:\/\/hobstop.ee\/lt\/wp-json\/wp\/v2\/types\/product"}],"replies":[{"embeddable":true,"href":"https:\/\/hobstop.ee\/lt\/wp-json\/wp\/v2\/comments?post=277742"}],"wp:featuredmedia":[{"embeddable":true,"href":"https:\/\/hobstop.ee\/lt\/wp-json\/wp\/v2\/media\/277806"}],"wp:attachment":[{"href":"https:\/\/hobstop.ee\/lt\/wp-json\/wp\/v2\/media?parent=277742"}],"wp:term":[{"taxonomy":"product_cat","embeddable":true,"href":"https:\/\/hobstop.ee\/lt\/wp-json\/wp\/v2\/product_cat?post=277742"},{"taxonomy":"product_tag","embeddable":true,"href":"https:\/\/hobstop.ee\/lt\/wp-json\/wp\/v2\/product_tag?post=277742"}],"curies":[{"name":"wp","href":"https:\/\/api.w.org\/{rel}","templated":true}]}}