{"id":279586,"date":"2015-09-20T15:03:14","date_gmt":"2017-01-20T13:03:15","guid":{"rendered":"https:\/\/sharks.ee\/vunder_2019\/lt\/product\/molbertas-mabef-m04-plus\/"},"modified":"2017-01-20T15:03:15","modified_gmt":"2017-01-20T13:03:15","slug":"molbertas-mabef-m04-plus","status":"publish","type":"product","link":"https:\/\/hobstop.ee\/lt\/produktas\/molbertas-mabef-m04-plus\/","title":{"rendered":"Molbertas Mabef M04 PLUS"},"content":{"rendered":"<p>Modernesn\u0117 \u201eMabef M04\u201c profesionalams skirto studijinio molberto versija \u2013 joje yra visi M04 molberto privalumai, be to jame yra \u012ftaisytas patogus sverto mechanizmas, tod\u0117l molberto pasvirimo kamp\u0105 dabar nustatyti yra dar lengviau. \u012etaisytas svertas leid\u017eia reguliuoti darbinio pavir\u0161iaus auk\u0161t\u012f ir drob\u0117s pasvyrimo kamp\u0105. Pagamintas i\u0161 importuotos buko medienos ir remiantis giliausiomis itali\u0161komis medienos apdirbimo tradicijomis. Molberto pagrinde yra du stal\u010diai teptukams ir da\u017eams laikyti, taip pat ir  keturi u\u017efiksuojami ratukai. Tinka iki ilgio 235cm drobei.<\/p>\n","protected":false},"excerpt":{"rendered":"<p>Modernesn\u0117 \u201eMabef M04\u201c profesionalams skirto studijinio molberto versija \u2013 joje yra visi M04 molberto privalumai, be to jame yra \u012ftaisytas patogus sverto mechanizmas, tod\u0117l molberto pasvirimo kamp\u0105 dabar nustatyti yra dar lengviau. \u012etaisytas svertas leid\u017eia reguliuoti darbinio pavir\u0161iaus auk\u0161t\u012f ir drob\u0117s pasvyrimo kamp\u0105. Pagamintas i\u0161 importuotos buko medienos ir remiantis giliausiomis itali\u0161komis medienos apdirbimo tradicijomis. Molberto pagrinde yra du stal\u010diai teptukams ir da\u017eams laikyti, taip pat ir keturi u\u017efiksuojami ratukai. Tinka iki ilgio 235cm drobei.<\/p>\n","protected":false},"featured_media":281703,"comment_status":"closed","ping_status":"closed","template":"","meta":{"_acf_changed":false,"ep_exclude_from_search":false},"product_cat":[16124,18935,18367],"product_tag":[],"class_list":{"0":"post-279586","1":"product","2":"type-product","3":"status-publish","4":"has-post-thumbnail","6":"product_cat-dailes-prekes","7":"product_cat-molbertai","8":"product_cat-molbertai-su-h-formos-remu","10":"first","11":"outofstock","12":"taxable","13":"shipping-taxable","14":"purchasable","15":"product-type-variable"},"acf":[],"yoast_head":"<!-- This site is optimized with the Yoast SEO plugin v24.1 - https:\/\/yoast.com\/wordpress\/plugins\/seo\/ -->\n<title>Molbertas Mabef M04 PLUS &#8211; Skizze<\/title>\n<meta name=\"robots\" content=\"noindex, follow, max-snippet:-1, max-image-preview:large, max-video-preview:-1\" \/>\n<meta property=\"og:locale\" content=\"lt_LT\" \/>\n<meta property=\"og:type\" content=\"article\" \/>\n<meta property=\"og:title\" content=\"Molbertas Mabef M04 PLUS &#8211; Skizze\" \/>\n<meta property=\"og:description\" content=\"Modernesn\u0117 \u201eMabef M04\u201c profesionalams skirto studijinio molberto versija \u2013 joje yra visi M04 molberto privalumai, be to jame yra \u012ftaisytas patogus sverto mechanizmas, tod\u0117l molberto pasvirimo kamp\u0105 dabar nustatyti yra dar lengviau. \u012etaisytas svertas leid\u017eia reguliuoti darbinio pavir\u0161iaus auk\u0161t\u012f ir drob\u0117s pasvyrimo kamp\u0105. Pagamintas i\u0161 importuotos buko medienos ir remiantis giliausiomis itali\u0161komis medienos apdirbimo tradicijomis. Molberto pagrinde yra du stal\u010diai teptukams ir da\u017eams laikyti, taip pat ir keturi u\u017efiksuojami ratukai. Tinka iki ilgio 235cm drobei.\" \/>\n<meta property=\"og:url\" content=\"https:\/\/hobstop.ee\/lt\/produktas\/molbertas-mabef-m04-plus\/\" \/>\n<meta property=\"og:site_name\" content=\"Skizze\" \/>\n<meta property=\"article:publisher\" content=\"http:\/\/www.facebook.com\/VunderSkizze\" \/>\n<meta property=\"og:image\" content=\"https:\/\/hobstop.ee\/media\/4374.jpg\" \/>\n\t<meta property=\"og:image:width\" content=\"1024\" \/>\n\t<meta property=\"og:image:height\" content=\"768\" \/>\n\t<meta property=\"og:image:type\" content=\"image\/jpeg\" \/>\n<meta name=\"twitter:card\" content=\"summary_large_image\" \/>\n<script type=\"application\/ld+json\" class=\"yoast-schema-graph\">{\"@context\":\"https:\/\/schema.org\",\"@graph\":[{\"@type\":\"WebPage\",\"@id\":\"https:\/\/hobstop.ee\/lt\/produktas\/molbertas-mabef-m04-plus\/\",\"url\":\"https:\/\/hobstop.ee\/lt\/produktas\/molbertas-mabef-m04-plus\/\",\"name\":\"Molbertas Mabef M04 PLUS &#8211; Skizze\",\"isPartOf\":{\"@id\":\"https:\/\/hobstop.ee\/lt\/#website\"},\"primaryImageOfPage\":{\"@id\":\"https:\/\/hobstop.ee\/lt\/produktas\/molbertas-mabef-m04-plus\/#primaryimage\"},\"image\":{\"@id\":\"https:\/\/hobstop.ee\/lt\/produktas\/molbertas-mabef-m04-plus\/#primaryimage\"},\"thumbnailUrl\":\"https:\/\/hobstop.ee\/media\/4374.jpg\",\"datePublished\":\"2017-01-20T13:03:15+00:00\",\"dateModified\":\"2017-01-20T13:03:15+00:00\",\"breadcrumb\":{\"@id\":\"https:\/\/hobstop.ee\/lt\/produktas\/molbertas-mabef-m04-plus\/#breadcrumb\"},\"inLanguage\":\"lt\",\"potentialAction\":[{\"@type\":\"ReadAction\",\"target\":[\"https:\/\/hobstop.ee\/lt\/produktas\/molbertas-mabef-m04-plus\/\"]}]},{\"@type\":\"ImageObject\",\"inLanguage\":\"lt\",\"@id\":\"https:\/\/hobstop.ee\/lt\/produktas\/molbertas-mabef-m04-plus\/#primaryimage\",\"url\":\"https:\/\/hobstop.ee\/media\/4374.jpg\",\"contentUrl\":\"https:\/\/hobstop.ee\/media\/4374.jpg\",\"width\":1024,\"height\":768},{\"@type\":\"BreadcrumbList\",\"@id\":\"https:\/\/hobstop.ee\/lt\/produktas\/molbertas-mabef-m04-plus\/#breadcrumb\",\"itemListElement\":[{\"@type\":\"ListItem\",\"position\":1,\"name\":\"Avaleht\",\"item\":\"https:\/\/hobstop.ee\/lt\/\"},{\"@type\":\"ListItem\",\"position\":2,\"name\":\"Parduotuv\u0117\",\"item\":\"https:\/\/hobstop.ee\/lt\/parduotuve\/\"},{\"@type\":\"ListItem\",\"position\":3,\"name\":\"Molbertas Mabef M04 PLUS\"}]},{\"@type\":\"WebSite\",\"@id\":\"https:\/\/hobstop.ee\/lt\/#website\",\"url\":\"https:\/\/hobstop.ee\/lt\/\",\"name\":\"Skizze\",\"description\":\"Dail\u0117s, pom\u0117gi\u0173 ir mokykliniai reikm\u0117nys\",\"publisher\":{\"@id\":\"https:\/\/hobstop.ee\/lt\/#organization\"},\"potentialAction\":[{\"@type\":\"SearchAction\",\"target\":{\"@type\":\"EntryPoint\",\"urlTemplate\":\"https:\/\/hobstop.ee\/lt\/?s={search_term_string}\"},\"query-input\":{\"@type\":\"PropertyValueSpecification\",\"valueRequired\":true,\"valueName\":\"search_term_string\"}}],\"inLanguage\":\"lt\"},{\"@type\":\"Organization\",\"@id\":\"https:\/\/hobstop.ee\/lt\/#organization\",\"name\":\"Vunder AS\",\"url\":\"https:\/\/hobstop.ee\/lt\/\",\"logo\":{\"@type\":\"ImageObject\",\"inLanguage\":\"lt\",\"@id\":\"https:\/\/hobstop.ee\/lt\/#\/schema\/logo\/image\/\",\"url\":\"https:\/\/hobstop.ee\/media\/vunder-logo.png\",\"contentUrl\":\"https:\/\/hobstop.ee\/media\/vunder-logo.png\",\"width\":127,\"height\":55,\"caption\":\"Vunder AS\"},\"image\":{\"@id\":\"https:\/\/hobstop.ee\/lt\/#\/schema\/logo\/image\/\"},\"sameAs\":[\"http:\/\/www.facebook.com\/VunderSkizze\"]}]}<\/script>\n<!-- \/ Yoast SEO plugin. -->","yoast_head_json":{"title":"Molbertas Mabef M04 PLUS &#8211; Skizze","robots":{"index":"noindex","follow":"follow","max-snippet":"max-snippet:-1","max-image-preview":"max-image-preview:large","max-video-preview":"max-video-preview:-1"},"og_locale":"lt_LT","og_type":"article","og_title":"Molbertas Mabef M04 PLUS &#8211; Skizze","og_description":"Modernesn\u0117 \u201eMabef M04\u201c profesionalams skirto studijinio molberto versija \u2013 joje yra visi M04 molberto privalumai, be to jame yra \u012ftaisytas patogus sverto mechanizmas, tod\u0117l molberto pasvirimo kamp\u0105 dabar nustatyti yra dar lengviau. \u012etaisytas svertas leid\u017eia reguliuoti darbinio pavir\u0161iaus auk\u0161t\u012f ir drob\u0117s pasvyrimo kamp\u0105. Pagamintas i\u0161 importuotos buko medienos ir remiantis giliausiomis itali\u0161komis medienos apdirbimo tradicijomis. Molberto pagrinde yra du stal\u010diai teptukams ir da\u017eams laikyti, taip pat ir keturi u\u017efiksuojami ratukai. Tinka iki ilgio 235cm drobei.","og_url":"https:\/\/hobstop.ee\/lt\/produktas\/molbertas-mabef-m04-plus\/","og_site_name":"Skizze","article_publisher":"http:\/\/www.facebook.com\/VunderSkizze","og_image":[{"width":1024,"height":768,"url":"https:\/\/hobstop.ee\/media\/4374.jpg","type":"image\/jpeg"}],"twitter_card":"summary_large_image","schema":{"@context":"https:\/\/schema.org","@graph":[{"@type":"WebPage","@id":"https:\/\/hobstop.ee\/lt\/produktas\/molbertas-mabef-m04-plus\/","url":"https:\/\/hobstop.ee\/lt\/produktas\/molbertas-mabef-m04-plus\/","name":"Molbertas Mabef M04 PLUS &#8211; Skizze","isPartOf":{"@id":"https:\/\/hobstop.ee\/lt\/#website"},"primaryImageOfPage":{"@id":"https:\/\/hobstop.ee\/lt\/produktas\/molbertas-mabef-m04-plus\/#primaryimage"},"image":{"@id":"https:\/\/hobstop.ee\/lt\/produktas\/molbertas-mabef-m04-plus\/#primaryimage"},"thumbnailUrl":"https:\/\/hobstop.ee\/media\/4374.jpg","datePublished":"2017-01-20T13:03:15+00:00","dateModified":"2017-01-20T13:03:15+00:00","breadcrumb":{"@id":"https:\/\/hobstop.ee\/lt\/produktas\/molbertas-mabef-m04-plus\/#breadcrumb"},"inLanguage":"lt","potentialAction":[{"@type":"ReadAction","target":["https:\/\/hobstop.ee\/lt\/produktas\/molbertas-mabef-m04-plus\/"]}]},{"@type":"ImageObject","inLanguage":"lt","@id":"https:\/\/hobstop.ee\/lt\/produktas\/molbertas-mabef-m04-plus\/#primaryimage","url":"https:\/\/hobstop.ee\/media\/4374.jpg","contentUrl":"https:\/\/hobstop.ee\/media\/4374.jpg","width":1024,"height":768},{"@type":"BreadcrumbList","@id":"https:\/\/hobstop.ee\/lt\/produktas\/molbertas-mabef-m04-plus\/#breadcrumb","itemListElement":[{"@type":"ListItem","position":1,"name":"Avaleht","item":"https:\/\/hobstop.ee\/lt\/"},{"@type":"ListItem","position":2,"name":"Parduotuv\u0117","item":"https:\/\/hobstop.ee\/lt\/parduotuve\/"},{"@type":"ListItem","position":3,"name":"Molbertas Mabef M04 PLUS"}]},{"@type":"WebSite","@id":"https:\/\/hobstop.ee\/lt\/#website","url":"https:\/\/hobstop.ee\/lt\/","name":"Skizze","description":"Dail\u0117s, pom\u0117gi\u0173 ir mokykliniai reikm\u0117nys","publisher":{"@id":"https:\/\/hobstop.ee\/lt\/#organization"},"potentialAction":[{"@type":"SearchAction","target":{"@type":"EntryPoint","urlTemplate":"https:\/\/hobstop.ee\/lt\/?s={search_term_string}"},"query-input":{"@type":"PropertyValueSpecification","valueRequired":true,"valueName":"search_term_string"}}],"inLanguage":"lt"},{"@type":"Organization","@id":"https:\/\/hobstop.ee\/lt\/#organization","name":"Vunder AS","url":"https:\/\/hobstop.ee\/lt\/","logo":{"@type":"ImageObject","inLanguage":"lt","@id":"https:\/\/hobstop.ee\/lt\/#\/schema\/logo\/image\/","url":"https:\/\/hobstop.ee\/media\/vunder-logo.png","contentUrl":"https:\/\/hobstop.ee\/media\/vunder-logo.png","width":127,"height":55,"caption":"Vunder AS"},"image":{"@id":"https:\/\/hobstop.ee\/lt\/#\/schema\/logo\/image\/"},"sameAs":["http:\/\/www.facebook.com\/VunderSkizze"]}]}},"_links":{"self":[{"href":"https:\/\/hobstop.ee\/lt\/wp-json\/wp\/v2\/product\/279586","targetHints":{"allow":["GET"]}}],"collection":[{"href":"https:\/\/hobstop.ee\/lt\/wp-json\/wp\/v2\/product"}],"about":[{"href":"https:\/\/hobstop.ee\/lt\/wp-json\/wp\/v2\/types\/product"}],"replies":[{"embeddable":true,"href":"https:\/\/hobstop.ee\/lt\/wp-json\/wp\/v2\/comments?post=279586"}],"wp:featuredmedia":[{"embeddable":true,"href":"https:\/\/hobstop.ee\/lt\/wp-json\/wp\/v2\/media\/281703"}],"wp:attachment":[{"href":"https:\/\/hobstop.ee\/lt\/wp-json\/wp\/v2\/media?parent=279586"}],"wp:term":[{"taxonomy":"product_cat","embeddable":true,"href":"https:\/\/hobstop.ee\/lt\/wp-json\/wp\/v2\/product_cat?post=279586"},{"taxonomy":"product_tag","embeddable":true,"href":"https:\/\/hobstop.ee\/lt\/wp-json\/wp\/v2\/product_tag?post=279586"}],"curies":[{"name":"wp","href":"https:\/\/api.w.org\/{rel}","templated":true}]}}