{"id":279594,"date":"2015-09-20T15:03:17","date_gmt":"2017-01-20T13:03:17","guid":{"rendered":"https:\/\/sharks.ee\/vunder_2019\/lt\/product\/molbertas-mabef-m23\/"},"modified":"2017-01-20T15:03:17","modified_gmt":"2017-01-20T13:03:17","slug":"molbertas-mabef-m23","status":"publish","type":"product","link":"https:\/\/hobstop.ee\/lt\/produktas\/molbertas-mabef-m23\/","title":{"rendered":"Molbertas Mabef M23"},"content":{"rendered":"<p>Apie molbert\u0105 \u201eMabef M23\u201c svajoja kiekvienas keliaujantis dailininkas \u2013 jis sveria tik 4.5kg, tod\u0117l puikiai tinka pasiimti \u012f kelion\u0119, su pritaisytomis odin\u0117mis rankenomis ir patogiais, reguliuojamo ilgio pe\u010di\u0173 (kuprin\u0117s) dir\u017eais. Rinkinyje taip pat yra ir sudedama palet\u0117 bei skarda i\u0161klotas stal\u010dius daiktams sud\u0117ti.<\/p>\n","protected":false},"excerpt":{"rendered":"<p>Apie molbert\u0105 \u201eMabef M23\u201c svajoja kiekvienas keliaujantis dailininkas \u2013 jis sveria tik 4.5kg, tod\u0117l puikiai tinka pasiimti \u012f kelion\u0119, su pritaisytomis odin\u0117mis rankenomis ir patogiais, reguliuojamo ilgio pe\u010di\u0173 (kuprin\u0117s) dir\u017eais. Rinkinyje taip pat yra ir sudedama palet\u0117 bei skarda i\u0161klotas stal\u010dius daiktams sud\u0117ti.<\/p>\n","protected":false},"featured_media":279626,"comment_status":"closed","ping_status":"closed","template":"","meta":{"_acf_changed":false,"ep_exclude_from_search":false},"product_cat":[16124,18935,18372],"product_tag":[],"class_list":{"0":"post-279594","1":"product","2":"type-product","3":"status-publish","4":"has-post-thumbnail","6":"product_cat-dailes-prekes","7":"product_cat-molbertai","8":"product_cat-molbertai-su-deze-dazams-2","10":"first","11":"instock","12":"taxable","13":"shipping-taxable","14":"purchasable","15":"product-type-variable"},"acf":[],"yoast_head":"<!-- This site is optimized with the Yoast SEO plugin v24.1 - https:\/\/yoast.com\/wordpress\/plugins\/seo\/ -->\n<title>Molbertas Mabef M23 &#8211; Skizze<\/title>\n<meta name=\"robots\" content=\"noindex, follow, max-snippet:-1, max-image-preview:large, max-video-preview:-1\" \/>\n<meta property=\"og:locale\" content=\"lt_LT\" \/>\n<meta property=\"og:type\" content=\"article\" \/>\n<meta property=\"og:title\" content=\"Molbertas Mabef M23 &#8211; Skizze\" \/>\n<meta property=\"og:description\" content=\"Apie molbert\u0105 \u201eMabef M23\u201c svajoja kiekvienas keliaujantis dailininkas \u2013 jis sveria tik 4.5kg, tod\u0117l puikiai tinka pasiimti \u012f kelion\u0119, su pritaisytomis odin\u0117mis rankenomis ir patogiais, reguliuojamo ilgio pe\u010di\u0173 (kuprin\u0117s) dir\u017eais. Rinkinyje taip pat yra ir sudedama palet\u0117 bei skarda i\u0161klotas stal\u010dius daiktams sud\u0117ti.\" \/>\n<meta property=\"og:url\" content=\"https:\/\/hobstop.ee\/lt\/produktas\/molbertas-mabef-m23\/\" \/>\n<meta property=\"og:site_name\" content=\"Skizze\" \/>\n<meta property=\"article:publisher\" content=\"http:\/\/www.facebook.com\/VunderSkizze\" \/>\n<meta property=\"og:image\" content=\"https:\/\/hobstop.ee\/media\/4376.jpg\" \/>\n\t<meta property=\"og:image:width\" content=\"1024\" \/>\n\t<meta property=\"og:image:height\" content=\"811\" \/>\n\t<meta property=\"og:image:type\" content=\"image\/jpeg\" \/>\n<meta name=\"twitter:card\" content=\"summary_large_image\" \/>\n<script type=\"application\/ld+json\" class=\"yoast-schema-graph\">{\"@context\":\"https:\/\/schema.org\",\"@graph\":[{\"@type\":\"WebPage\",\"@id\":\"https:\/\/hobstop.ee\/lt\/produktas\/molbertas-mabef-m23\/\",\"url\":\"https:\/\/hobstop.ee\/lt\/produktas\/molbertas-mabef-m23\/\",\"name\":\"Molbertas Mabef M23 &#8211; Skizze\",\"isPartOf\":{\"@id\":\"https:\/\/hobstop.ee\/lt\/#website\"},\"primaryImageOfPage\":{\"@id\":\"https:\/\/hobstop.ee\/lt\/produktas\/molbertas-mabef-m23\/#primaryimage\"},\"image\":{\"@id\":\"https:\/\/hobstop.ee\/lt\/produktas\/molbertas-mabef-m23\/#primaryimage\"},\"thumbnailUrl\":\"https:\/\/hobstop.ee\/media\/4376.jpg\",\"datePublished\":\"2017-01-20T13:03:17+00:00\",\"dateModified\":\"2017-01-20T13:03:17+00:00\",\"breadcrumb\":{\"@id\":\"https:\/\/hobstop.ee\/lt\/produktas\/molbertas-mabef-m23\/#breadcrumb\"},\"inLanguage\":\"lt\",\"potentialAction\":[{\"@type\":\"ReadAction\",\"target\":[\"https:\/\/hobstop.ee\/lt\/produktas\/molbertas-mabef-m23\/\"]}]},{\"@type\":\"ImageObject\",\"inLanguage\":\"lt\",\"@id\":\"https:\/\/hobstop.ee\/lt\/produktas\/molbertas-mabef-m23\/#primaryimage\",\"url\":\"https:\/\/hobstop.ee\/media\/4376.jpg\",\"contentUrl\":\"https:\/\/hobstop.ee\/media\/4376.jpg\",\"width\":1024,\"height\":811},{\"@type\":\"BreadcrumbList\",\"@id\":\"https:\/\/hobstop.ee\/lt\/produktas\/molbertas-mabef-m23\/#breadcrumb\",\"itemListElement\":[{\"@type\":\"ListItem\",\"position\":1,\"name\":\"Avaleht\",\"item\":\"https:\/\/hobstop.ee\/lt\/\"},{\"@type\":\"ListItem\",\"position\":2,\"name\":\"Parduotuv\u0117\",\"item\":\"https:\/\/hobstop.ee\/lt\/parduotuve\/\"},{\"@type\":\"ListItem\",\"position\":3,\"name\":\"Molbertas Mabef M23\"}]},{\"@type\":\"WebSite\",\"@id\":\"https:\/\/hobstop.ee\/lt\/#website\",\"url\":\"https:\/\/hobstop.ee\/lt\/\",\"name\":\"Skizze\",\"description\":\"Dail\u0117s, pom\u0117gi\u0173 ir mokykliniai reikm\u0117nys\",\"publisher\":{\"@id\":\"https:\/\/hobstop.ee\/lt\/#organization\"},\"potentialAction\":[{\"@type\":\"SearchAction\",\"target\":{\"@type\":\"EntryPoint\",\"urlTemplate\":\"https:\/\/hobstop.ee\/lt\/?s={search_term_string}\"},\"query-input\":{\"@type\":\"PropertyValueSpecification\",\"valueRequired\":true,\"valueName\":\"search_term_string\"}}],\"inLanguage\":\"lt\"},{\"@type\":\"Organization\",\"@id\":\"https:\/\/hobstop.ee\/lt\/#organization\",\"name\":\"Vunder AS\",\"url\":\"https:\/\/hobstop.ee\/lt\/\",\"logo\":{\"@type\":\"ImageObject\",\"inLanguage\":\"lt\",\"@id\":\"https:\/\/hobstop.ee\/lt\/#\/schema\/logo\/image\/\",\"url\":\"https:\/\/hobstop.ee\/media\/vunder-logo.png\",\"contentUrl\":\"https:\/\/hobstop.ee\/media\/vunder-logo.png\",\"width\":127,\"height\":55,\"caption\":\"Vunder AS\"},\"image\":{\"@id\":\"https:\/\/hobstop.ee\/lt\/#\/schema\/logo\/image\/\"},\"sameAs\":[\"http:\/\/www.facebook.com\/VunderSkizze\"]}]}<\/script>\n<!-- \/ Yoast SEO plugin. -->","yoast_head_json":{"title":"Molbertas Mabef M23 &#8211; Skizze","robots":{"index":"noindex","follow":"follow","max-snippet":"max-snippet:-1","max-image-preview":"max-image-preview:large","max-video-preview":"max-video-preview:-1"},"og_locale":"lt_LT","og_type":"article","og_title":"Molbertas Mabef M23 &#8211; Skizze","og_description":"Apie molbert\u0105 \u201eMabef M23\u201c svajoja kiekvienas keliaujantis dailininkas \u2013 jis sveria tik 4.5kg, tod\u0117l puikiai tinka pasiimti \u012f kelion\u0119, su pritaisytomis odin\u0117mis rankenomis ir patogiais, reguliuojamo ilgio pe\u010di\u0173 (kuprin\u0117s) dir\u017eais. Rinkinyje taip pat yra ir sudedama palet\u0117 bei skarda i\u0161klotas stal\u010dius daiktams sud\u0117ti.","og_url":"https:\/\/hobstop.ee\/lt\/produktas\/molbertas-mabef-m23\/","og_site_name":"Skizze","article_publisher":"http:\/\/www.facebook.com\/VunderSkizze","og_image":[{"width":1024,"height":811,"url":"https:\/\/hobstop.ee\/media\/4376.jpg","type":"image\/jpeg"}],"twitter_card":"summary_large_image","schema":{"@context":"https:\/\/schema.org","@graph":[{"@type":"WebPage","@id":"https:\/\/hobstop.ee\/lt\/produktas\/molbertas-mabef-m23\/","url":"https:\/\/hobstop.ee\/lt\/produktas\/molbertas-mabef-m23\/","name":"Molbertas Mabef M23 &#8211; Skizze","isPartOf":{"@id":"https:\/\/hobstop.ee\/lt\/#website"},"primaryImageOfPage":{"@id":"https:\/\/hobstop.ee\/lt\/produktas\/molbertas-mabef-m23\/#primaryimage"},"image":{"@id":"https:\/\/hobstop.ee\/lt\/produktas\/molbertas-mabef-m23\/#primaryimage"},"thumbnailUrl":"https:\/\/hobstop.ee\/media\/4376.jpg","datePublished":"2017-01-20T13:03:17+00:00","dateModified":"2017-01-20T13:03:17+00:00","breadcrumb":{"@id":"https:\/\/hobstop.ee\/lt\/produktas\/molbertas-mabef-m23\/#breadcrumb"},"inLanguage":"lt","potentialAction":[{"@type":"ReadAction","target":["https:\/\/hobstop.ee\/lt\/produktas\/molbertas-mabef-m23\/"]}]},{"@type":"ImageObject","inLanguage":"lt","@id":"https:\/\/hobstop.ee\/lt\/produktas\/molbertas-mabef-m23\/#primaryimage","url":"https:\/\/hobstop.ee\/media\/4376.jpg","contentUrl":"https:\/\/hobstop.ee\/media\/4376.jpg","width":1024,"height":811},{"@type":"BreadcrumbList","@id":"https:\/\/hobstop.ee\/lt\/produktas\/molbertas-mabef-m23\/#breadcrumb","itemListElement":[{"@type":"ListItem","position":1,"name":"Avaleht","item":"https:\/\/hobstop.ee\/lt\/"},{"@type":"ListItem","position":2,"name":"Parduotuv\u0117","item":"https:\/\/hobstop.ee\/lt\/parduotuve\/"},{"@type":"ListItem","position":3,"name":"Molbertas Mabef M23"}]},{"@type":"WebSite","@id":"https:\/\/hobstop.ee\/lt\/#website","url":"https:\/\/hobstop.ee\/lt\/","name":"Skizze","description":"Dail\u0117s, pom\u0117gi\u0173 ir mokykliniai reikm\u0117nys","publisher":{"@id":"https:\/\/hobstop.ee\/lt\/#organization"},"potentialAction":[{"@type":"SearchAction","target":{"@type":"EntryPoint","urlTemplate":"https:\/\/hobstop.ee\/lt\/?s={search_term_string}"},"query-input":{"@type":"PropertyValueSpecification","valueRequired":true,"valueName":"search_term_string"}}],"inLanguage":"lt"},{"@type":"Organization","@id":"https:\/\/hobstop.ee\/lt\/#organization","name":"Vunder AS","url":"https:\/\/hobstop.ee\/lt\/","logo":{"@type":"ImageObject","inLanguage":"lt","@id":"https:\/\/hobstop.ee\/lt\/#\/schema\/logo\/image\/","url":"https:\/\/hobstop.ee\/media\/vunder-logo.png","contentUrl":"https:\/\/hobstop.ee\/media\/vunder-logo.png","width":127,"height":55,"caption":"Vunder AS"},"image":{"@id":"https:\/\/hobstop.ee\/lt\/#\/schema\/logo\/image\/"},"sameAs":["http:\/\/www.facebook.com\/VunderSkizze"]}]}},"_links":{"self":[{"href":"https:\/\/hobstop.ee\/lt\/wp-json\/wp\/v2\/product\/279594","targetHints":{"allow":["GET"]}}],"collection":[{"href":"https:\/\/hobstop.ee\/lt\/wp-json\/wp\/v2\/product"}],"about":[{"href":"https:\/\/hobstop.ee\/lt\/wp-json\/wp\/v2\/types\/product"}],"replies":[{"embeddable":true,"href":"https:\/\/hobstop.ee\/lt\/wp-json\/wp\/v2\/comments?post=279594"}],"wp:featuredmedia":[{"embeddable":true,"href":"https:\/\/hobstop.ee\/lt\/wp-json\/wp\/v2\/media\/279626"}],"wp:attachment":[{"href":"https:\/\/hobstop.ee\/lt\/wp-json\/wp\/v2\/media?parent=279594"}],"wp:term":[{"taxonomy":"product_cat","embeddable":true,"href":"https:\/\/hobstop.ee\/lt\/wp-json\/wp\/v2\/product_cat?post=279594"},{"taxonomy":"product_tag","embeddable":true,"href":"https:\/\/hobstop.ee\/lt\/wp-json\/wp\/v2\/product_tag?post=279594"}],"curies":[{"name":"wp","href":"https:\/\/api.w.org\/{rel}","templated":true}]}}