{"id":281595,"date":"2017-02-07T15:33:31","date_gmt":"2017-02-07T13:33:31","guid":{"rendered":"https:\/\/sharks.ee\/vunder_2019\/lt\/product\/pirstais-kabinami-dazai-rinkinys-giotto-dita\/"},"modified":"2017-02-07T15:33:31","modified_gmt":"2017-02-07T13:33:31","slug":"pirstais-kabinami-dazai-rinkinys-giotto-dita","status":"publish","type":"product","link":"https:\/\/hobstop.ee\/lt\/produktas\/pirstais-kabinami-dazai-rinkinys-giotto-dita\/","title":{"rendered":"Pir\u0161tais kabinami da\u017eai rinkinys Giotto Dita"},"content":{"rendered":"<p>Pir\u0161tais tepami kremin\u0117s konsistencijos da\u017eai \u201eGiotto Dita\u201c yra labai tir\u0161ti ir mink\u0161ti. Ypatingos sud\u0117ties, tod\u0117l yra lengvai nuplaunami nuo rank\u0173 ir audini\u0173. Maloniai lie\u010diami pir\u0161tais tepami da\u017eai \u201eGiotto Dita\u201c puikiai tinka pirm\u0105jai pa\u017ein\u010diai su da\u017eais, derina k\u016brybin\u0119 i\u0161rai\u0161k\u0105 su rank\u0173 judesiais. Saug\u016bs, dermatologi\u0161kai patikrinti, sud\u0117tyje n\u0117ra glitimo. Da\u017eai yra supakuoti indeliuose su sandariai u\u017edaromu sl\u0117giniu dangteliu. Yra \u0161e\u0161ios spalvos, kurias galima tarpusavyje mai\u0161yti ir i\u0161gauti nesibaigian\u010dius atspalvius.<\/p>\n","protected":false},"excerpt":{"rendered":"<p>Pir\u0161tais tepami kremin\u0117s konsistencijos da\u017eai \u201eGiotto Dita\u201c yra labai tir\u0161ti ir mink\u0161ti. Ypatingos sud\u0117ties, tod\u0117l yra lengvai nuplaunami nuo rank\u0173 ir audini\u0173. Maloniai lie\u010diami pir\u0161tais tepami da\u017eai \u201eGiotto Dita\u201c puikiai tinka pirm\u0105jai pa\u017ein\u010diai su da\u017eais, derina k\u016brybin\u0119 i\u0161rai\u0161k\u0105 su rank\u0173 judesiais. Saug\u016bs, dermatologi\u0161kai patikrinti, sud\u0117tyje n\u0117ra glitimo. Da\u017eai yra supakuoti indeliuose su sandariai u\u017edaromu sl\u0117giniu dangteliu. Yra \u0161e\u0161ios spalvos, kurias galima tarpusavyje mai\u0161yti ir i\u0161gauti nesibaigian\u010dius atspalvius.<\/p>\n","protected":false},"featured_media":281715,"comment_status":"closed","ping_status":"closed","template":"","meta":{"_acf_changed":false,"ep_exclude_from_search":false},"product_cat":[20390,20399,19836],"product_tag":[],"class_list":{"0":"post-281595","1":"product","2":"type-product","3":"status-publish","4":"has-post-thumbnail","6":"product_cat-dailes-prekes-2","7":"product_cat-krasas","8":"product_cat-vaiku-laisvalaikio-prekes","10":"first","11":"instock","12":"taxable","13":"shipping-taxable","14":"purchasable","15":"product-type-variable"},"acf":[],"yoast_head":"<!-- This site is optimized with the Yoast SEO plugin v24.1 - https:\/\/yoast.com\/wordpress\/plugins\/seo\/ -->\n<title>Pir\u0161tais kabinami da\u017eai rinkinys Giotto Dita &#8211; Skizze<\/title>\n<meta name=\"robots\" content=\"noindex, follow, max-snippet:-1, max-image-preview:large, max-video-preview:-1\" \/>\n<meta property=\"og:locale\" content=\"lt_LT\" \/>\n<meta property=\"og:type\" content=\"article\" \/>\n<meta property=\"og:title\" content=\"Pir\u0161tais kabinami da\u017eai rinkinys Giotto Dita &#8211; Skizze\" \/>\n<meta property=\"og:description\" content=\"Pir\u0161tais tepami kremin\u0117s konsistencijos da\u017eai \u201eGiotto Dita\u201c yra labai tir\u0161ti ir mink\u0161ti. Ypatingos sud\u0117ties, tod\u0117l yra lengvai nuplaunami nuo rank\u0173 ir audini\u0173. Maloniai lie\u010diami pir\u0161tais tepami da\u017eai \u201eGiotto Dita\u201c puikiai tinka pirm\u0105jai pa\u017ein\u010diai su da\u017eais, derina k\u016brybin\u0119 i\u0161rai\u0161k\u0105 su rank\u0173 judesiais. Saug\u016bs, dermatologi\u0161kai patikrinti, sud\u0117tyje n\u0117ra glitimo. Da\u017eai yra supakuoti indeliuose su sandariai u\u017edaromu sl\u0117giniu dangteliu. Yra \u0161e\u0161ios spalvos, kurias galima tarpusavyje mai\u0161yti ir i\u0161gauti nesibaigian\u010dius atspalvius.\" \/>\n<meta property=\"og:url\" content=\"https:\/\/hobstop.ee\/lt\/produktas\/pirstais-kabinami-dazai-rinkinys-giotto-dita\/\" \/>\n<meta property=\"og:site_name\" content=\"Skizze\" \/>\n<meta property=\"article:publisher\" content=\"http:\/\/www.facebook.com\/VunderSkizze\" \/>\n<meta property=\"og:image\" content=\"https:\/\/hobstop.ee\/media\/4459.jpg\" \/>\n\t<meta property=\"og:image:width\" content=\"1024\" \/>\n\t<meta property=\"og:image:height\" content=\"768\" \/>\n\t<meta property=\"og:image:type\" content=\"image\/jpeg\" \/>\n<meta name=\"twitter:card\" content=\"summary_large_image\" \/>\n<script type=\"application\/ld+json\" class=\"yoast-schema-graph\">{\"@context\":\"https:\/\/schema.org\",\"@graph\":[{\"@type\":\"WebPage\",\"@id\":\"https:\/\/hobstop.ee\/lt\/produktas\/pirstais-kabinami-dazai-rinkinys-giotto-dita\/\",\"url\":\"https:\/\/hobstop.ee\/lt\/produktas\/pirstais-kabinami-dazai-rinkinys-giotto-dita\/\",\"name\":\"Pir\u0161tais kabinami da\u017eai rinkinys Giotto Dita &#8211; Skizze\",\"isPartOf\":{\"@id\":\"https:\/\/hobstop.ee\/lt\/#website\"},\"primaryImageOfPage\":{\"@id\":\"https:\/\/hobstop.ee\/lt\/produktas\/pirstais-kabinami-dazai-rinkinys-giotto-dita\/#primaryimage\"},\"image\":{\"@id\":\"https:\/\/hobstop.ee\/lt\/produktas\/pirstais-kabinami-dazai-rinkinys-giotto-dita\/#primaryimage\"},\"thumbnailUrl\":\"https:\/\/hobstop.ee\/media\/4459.jpg\",\"datePublished\":\"2017-02-07T13:33:31+00:00\",\"dateModified\":\"2017-02-07T13:33:31+00:00\",\"breadcrumb\":{\"@id\":\"https:\/\/hobstop.ee\/lt\/produktas\/pirstais-kabinami-dazai-rinkinys-giotto-dita\/#breadcrumb\"},\"inLanguage\":\"lt\",\"potentialAction\":[{\"@type\":\"ReadAction\",\"target\":[\"https:\/\/hobstop.ee\/lt\/produktas\/pirstais-kabinami-dazai-rinkinys-giotto-dita\/\"]}]},{\"@type\":\"ImageObject\",\"inLanguage\":\"lt\",\"@id\":\"https:\/\/hobstop.ee\/lt\/produktas\/pirstais-kabinami-dazai-rinkinys-giotto-dita\/#primaryimage\",\"url\":\"https:\/\/hobstop.ee\/media\/4459.jpg\",\"contentUrl\":\"https:\/\/hobstop.ee\/media\/4459.jpg\",\"width\":1024,\"height\":768},{\"@type\":\"BreadcrumbList\",\"@id\":\"https:\/\/hobstop.ee\/lt\/produktas\/pirstais-kabinami-dazai-rinkinys-giotto-dita\/#breadcrumb\",\"itemListElement\":[{\"@type\":\"ListItem\",\"position\":1,\"name\":\"Avaleht\",\"item\":\"https:\/\/hobstop.ee\/lt\/\"},{\"@type\":\"ListItem\",\"position\":2,\"name\":\"Parduotuv\u0117\",\"item\":\"https:\/\/hobstop.ee\/lt\/parduotuve\/\"},{\"@type\":\"ListItem\",\"position\":3,\"name\":\"Pir\u0161tais kabinami da\u017eai rinkinys Giotto Dita\"}]},{\"@type\":\"WebSite\",\"@id\":\"https:\/\/hobstop.ee\/lt\/#website\",\"url\":\"https:\/\/hobstop.ee\/lt\/\",\"name\":\"Skizze\",\"description\":\"Dail\u0117s, pom\u0117gi\u0173 ir mokykliniai reikm\u0117nys\",\"publisher\":{\"@id\":\"https:\/\/hobstop.ee\/lt\/#organization\"},\"potentialAction\":[{\"@type\":\"SearchAction\",\"target\":{\"@type\":\"EntryPoint\",\"urlTemplate\":\"https:\/\/hobstop.ee\/lt\/?s={search_term_string}\"},\"query-input\":{\"@type\":\"PropertyValueSpecification\",\"valueRequired\":true,\"valueName\":\"search_term_string\"}}],\"inLanguage\":\"lt\"},{\"@type\":\"Organization\",\"@id\":\"https:\/\/hobstop.ee\/lt\/#organization\",\"name\":\"Vunder AS\",\"url\":\"https:\/\/hobstop.ee\/lt\/\",\"logo\":{\"@type\":\"ImageObject\",\"inLanguage\":\"lt\",\"@id\":\"https:\/\/hobstop.ee\/lt\/#\/schema\/logo\/image\/\",\"url\":\"https:\/\/hobstop.ee\/media\/vunder-logo.png\",\"contentUrl\":\"https:\/\/hobstop.ee\/media\/vunder-logo.png\",\"width\":127,\"height\":55,\"caption\":\"Vunder AS\"},\"image\":{\"@id\":\"https:\/\/hobstop.ee\/lt\/#\/schema\/logo\/image\/\"},\"sameAs\":[\"http:\/\/www.facebook.com\/VunderSkizze\"]}]}<\/script>\n<!-- \/ Yoast SEO plugin. -->","yoast_head_json":{"title":"Pir\u0161tais kabinami da\u017eai rinkinys Giotto Dita &#8211; Skizze","robots":{"index":"noindex","follow":"follow","max-snippet":"max-snippet:-1","max-image-preview":"max-image-preview:large","max-video-preview":"max-video-preview:-1"},"og_locale":"lt_LT","og_type":"article","og_title":"Pir\u0161tais kabinami da\u017eai rinkinys Giotto Dita &#8211; Skizze","og_description":"Pir\u0161tais tepami kremin\u0117s konsistencijos da\u017eai \u201eGiotto Dita\u201c yra labai tir\u0161ti ir mink\u0161ti. Ypatingos sud\u0117ties, tod\u0117l yra lengvai nuplaunami nuo rank\u0173 ir audini\u0173. Maloniai lie\u010diami pir\u0161tais tepami da\u017eai \u201eGiotto Dita\u201c puikiai tinka pirm\u0105jai pa\u017ein\u010diai su da\u017eais, derina k\u016brybin\u0119 i\u0161rai\u0161k\u0105 su rank\u0173 judesiais. Saug\u016bs, dermatologi\u0161kai patikrinti, sud\u0117tyje n\u0117ra glitimo. Da\u017eai yra supakuoti indeliuose su sandariai u\u017edaromu sl\u0117giniu dangteliu. Yra \u0161e\u0161ios spalvos, kurias galima tarpusavyje mai\u0161yti ir i\u0161gauti nesibaigian\u010dius atspalvius.","og_url":"https:\/\/hobstop.ee\/lt\/produktas\/pirstais-kabinami-dazai-rinkinys-giotto-dita\/","og_site_name":"Skizze","article_publisher":"http:\/\/www.facebook.com\/VunderSkizze","og_image":[{"width":1024,"height":768,"url":"https:\/\/hobstop.ee\/media\/4459.jpg","type":"image\/jpeg"}],"twitter_card":"summary_large_image","schema":{"@context":"https:\/\/schema.org","@graph":[{"@type":"WebPage","@id":"https:\/\/hobstop.ee\/lt\/produktas\/pirstais-kabinami-dazai-rinkinys-giotto-dita\/","url":"https:\/\/hobstop.ee\/lt\/produktas\/pirstais-kabinami-dazai-rinkinys-giotto-dita\/","name":"Pir\u0161tais kabinami da\u017eai rinkinys Giotto Dita &#8211; Skizze","isPartOf":{"@id":"https:\/\/hobstop.ee\/lt\/#website"},"primaryImageOfPage":{"@id":"https:\/\/hobstop.ee\/lt\/produktas\/pirstais-kabinami-dazai-rinkinys-giotto-dita\/#primaryimage"},"image":{"@id":"https:\/\/hobstop.ee\/lt\/produktas\/pirstais-kabinami-dazai-rinkinys-giotto-dita\/#primaryimage"},"thumbnailUrl":"https:\/\/hobstop.ee\/media\/4459.jpg","datePublished":"2017-02-07T13:33:31+00:00","dateModified":"2017-02-07T13:33:31+00:00","breadcrumb":{"@id":"https:\/\/hobstop.ee\/lt\/produktas\/pirstais-kabinami-dazai-rinkinys-giotto-dita\/#breadcrumb"},"inLanguage":"lt","potentialAction":[{"@type":"ReadAction","target":["https:\/\/hobstop.ee\/lt\/produktas\/pirstais-kabinami-dazai-rinkinys-giotto-dita\/"]}]},{"@type":"ImageObject","inLanguage":"lt","@id":"https:\/\/hobstop.ee\/lt\/produktas\/pirstais-kabinami-dazai-rinkinys-giotto-dita\/#primaryimage","url":"https:\/\/hobstop.ee\/media\/4459.jpg","contentUrl":"https:\/\/hobstop.ee\/media\/4459.jpg","width":1024,"height":768},{"@type":"BreadcrumbList","@id":"https:\/\/hobstop.ee\/lt\/produktas\/pirstais-kabinami-dazai-rinkinys-giotto-dita\/#breadcrumb","itemListElement":[{"@type":"ListItem","position":1,"name":"Avaleht","item":"https:\/\/hobstop.ee\/lt\/"},{"@type":"ListItem","position":2,"name":"Parduotuv\u0117","item":"https:\/\/hobstop.ee\/lt\/parduotuve\/"},{"@type":"ListItem","position":3,"name":"Pir\u0161tais kabinami da\u017eai rinkinys Giotto Dita"}]},{"@type":"WebSite","@id":"https:\/\/hobstop.ee\/lt\/#website","url":"https:\/\/hobstop.ee\/lt\/","name":"Skizze","description":"Dail\u0117s, pom\u0117gi\u0173 ir mokykliniai reikm\u0117nys","publisher":{"@id":"https:\/\/hobstop.ee\/lt\/#organization"},"potentialAction":[{"@type":"SearchAction","target":{"@type":"EntryPoint","urlTemplate":"https:\/\/hobstop.ee\/lt\/?s={search_term_string}"},"query-input":{"@type":"PropertyValueSpecification","valueRequired":true,"valueName":"search_term_string"}}],"inLanguage":"lt"},{"@type":"Organization","@id":"https:\/\/hobstop.ee\/lt\/#organization","name":"Vunder AS","url":"https:\/\/hobstop.ee\/lt\/","logo":{"@type":"ImageObject","inLanguage":"lt","@id":"https:\/\/hobstop.ee\/lt\/#\/schema\/logo\/image\/","url":"https:\/\/hobstop.ee\/media\/vunder-logo.png","contentUrl":"https:\/\/hobstop.ee\/media\/vunder-logo.png","width":127,"height":55,"caption":"Vunder AS"},"image":{"@id":"https:\/\/hobstop.ee\/lt\/#\/schema\/logo\/image\/"},"sameAs":["http:\/\/www.facebook.com\/VunderSkizze"]}]}},"_links":{"self":[{"href":"https:\/\/hobstop.ee\/lt\/wp-json\/wp\/v2\/product\/281595","targetHints":{"allow":["GET"]}}],"collection":[{"href":"https:\/\/hobstop.ee\/lt\/wp-json\/wp\/v2\/product"}],"about":[{"href":"https:\/\/hobstop.ee\/lt\/wp-json\/wp\/v2\/types\/product"}],"replies":[{"embeddable":true,"href":"https:\/\/hobstop.ee\/lt\/wp-json\/wp\/v2\/comments?post=281595"}],"wp:featuredmedia":[{"embeddable":true,"href":"https:\/\/hobstop.ee\/lt\/wp-json\/wp\/v2\/media\/281715"}],"wp:attachment":[{"href":"https:\/\/hobstop.ee\/lt\/wp-json\/wp\/v2\/media?parent=281595"}],"wp:term":[{"taxonomy":"product_cat","embeddable":true,"href":"https:\/\/hobstop.ee\/lt\/wp-json\/wp\/v2\/product_cat?post=281595"},{"taxonomy":"product_tag","embeddable":true,"href":"https:\/\/hobstop.ee\/lt\/wp-json\/wp\/v2\/product_tag?post=281595"}],"curies":[{"name":"wp","href":"https:\/\/api.w.org\/{rel}","templated":true}]}}