{"id":281603,"date":"2017-02-07T15:33:34","date_gmt":"2017-02-07T13:33:34","guid":{"rendered":"https:\/\/sharks.ee\/vunder_2019\/lt\/product\/akvareliniu-dazu-priedas-raphael-campus-drawing-gum\/"},"modified":"2017-02-07T15:33:34","modified_gmt":"2017-02-07T13:33:34","slug":"akvareliniu-dazu-priedas-raphael-campus-drawing-gum","status":"publish","type":"product","link":"https:\/\/hobstop.ee\/lt\/produktas\/akvareliniu-dazu-priedas-raphael-campus-drawing-gum\/","title":{"rendered":"Akvarelini\u0173 da\u017e\u0173 priedas Raphael Campus Drawing-gum"},"content":{"rendered":"<p>\u0160is skystis izoliuos atskiras paveikslo dalis i\u0161 neleis i\u0161silieti gruntui, akvarelei, tu\u0161ui ar gua\u0161ui. Turi \u0161velni\u0105 spalv\u0105, tod\u0117l lengvai atskiriamas nuo balto pavir\u0161iaus. Da\u017eus galima tepti jau po keli\u0173 minu\u010di\u0173 i\u0161d\u017ei\u016bvus pagalbinei priemonei. Kai da\u017eai i\u0161d\u017eius, gum\u0105 nupl\u0117\u0161kite nuo pavir\u0161iaus. Prie\u0161 tepdami ant pagrindo, visada i\u0161bandykite gum\u0105 ant tokios pa\u010dios r\u016b\u0161ies pagrindo. Pasinaudoj\u0119, darbo priemones i\u0161 karto i\u0161plaukite \u0161iltame muiliname vandenyje.<\/p>\n","protected":false},"excerpt":{"rendered":"<p>\u0160is skystis izoliuos atskiras paveikslo dalis i\u0161 neleis i\u0161silieti gruntui, akvarelei, tu\u0161ui ar gua\u0161ui. Turi \u0161velni\u0105 spalv\u0105, tod\u0117l lengvai atskiriamas nuo balto pavir\u0161iaus. Da\u017eus galima tepti jau po keli\u0173 minu\u010di\u0173 i\u0161d\u017ei\u016bvus pagalbinei priemonei. Kai da\u017eai i\u0161d\u017eius, gum\u0105 nupl\u0117\u0161kite nuo pavir\u0161iaus. Prie\u0161 tepdami ant pagrindo, visada i\u0161bandykite gum\u0105 ant tokios pa\u010dios r\u016b\u0161ies pagrindo. Pasinaudoj\u0119, darbo priemones i\u0161 karto i\u0161plaukite \u0161iltame muiliname vandenyje.<\/p>\n","protected":false},"featured_media":281723,"comment_status":"closed","ping_status":"closed","template":"","meta":{"_acf_changed":false,"ep_exclude_from_search":false},"product_cat":[19004,16124,17981],"product_tag":[],"class_list":{"0":"post-281603","1":"product","2":"type-product","3":"status-publish","4":"has-post-thumbnail","6":"product_cat-akvareliu-dazu-priedai-2","7":"product_cat-dailes-prekes","8":"product_cat-dazai-ir-priedai-tapybai","10":"first","11":"outofstock","12":"taxable","13":"shipping-taxable","14":"purchasable","15":"product-type-simple"},"acf":[],"yoast_head":"<!-- This site is optimized with the Yoast SEO plugin v24.1 - https:\/\/yoast.com\/wordpress\/plugins\/seo\/ -->\n<title>Akvarelini\u0173 da\u017e\u0173 priedas Raphael Campus Drawing-gum &#8211; Skizze<\/title>\n<meta name=\"robots\" content=\"noindex, follow, max-snippet:-1, max-image-preview:large, max-video-preview:-1\" \/>\n<meta property=\"og:locale\" content=\"lt_LT\" \/>\n<meta property=\"og:type\" content=\"article\" \/>\n<meta property=\"og:title\" content=\"Akvarelini\u0173 da\u017e\u0173 priedas Raphael Campus Drawing-gum &#8211; Skizze\" \/>\n<meta property=\"og:description\" content=\"\u0160is skystis izoliuos atskiras paveikslo dalis i\u0161 neleis i\u0161silieti gruntui, akvarelei, tu\u0161ui ar gua\u0161ui. Turi \u0161velni\u0105 spalv\u0105, tod\u0117l lengvai atskiriamas nuo balto pavir\u0161iaus. Da\u017eus galima tepti jau po keli\u0173 minu\u010di\u0173 i\u0161d\u017ei\u016bvus pagalbinei priemonei. Kai da\u017eai i\u0161d\u017eius, gum\u0105 nupl\u0117\u0161kite nuo pavir\u0161iaus. Prie\u0161 tepdami ant pagrindo, visada i\u0161bandykite gum\u0105 ant tokios pa\u010dios r\u016b\u0161ies pagrindo. Pasinaudoj\u0119, darbo priemones i\u0161 karto i\u0161plaukite \u0161iltame muiliname vandenyje.\" \/>\n<meta property=\"og:url\" content=\"https:\/\/hobstop.ee\/lt\/produktas\/akvareliniu-dazu-priedas-raphael-campus-drawing-gum\/\" \/>\n<meta property=\"og:site_name\" content=\"Skizze\" \/>\n<meta property=\"article:publisher\" content=\"http:\/\/www.facebook.com\/VunderSkizze\" \/>\n<meta property=\"og:image\" content=\"https:\/\/www.hobstop.ee\/media\/4463.jpg\" \/>\n\t<meta property=\"og:image:width\" content=\"1024\" \/>\n\t<meta property=\"og:image:height\" content=\"768\" \/>\n\t<meta property=\"og:image:type\" content=\"image\/jpeg\" \/>\n<meta name=\"twitter:card\" content=\"summary_large_image\" \/>\n<script type=\"application\/ld+json\" class=\"yoast-schema-graph\">{\"@context\":\"https:\/\/schema.org\",\"@graph\":[{\"@type\":\"WebPage\",\"@id\":\"https:\/\/hobstop.ee\/lt\/produktas\/akvareliniu-dazu-priedas-raphael-campus-drawing-gum\/\",\"url\":\"https:\/\/hobstop.ee\/lt\/produktas\/akvareliniu-dazu-priedas-raphael-campus-drawing-gum\/\",\"name\":\"Akvarelini\u0173 da\u017e\u0173 priedas Raphael Campus Drawing-gum &#8211; Skizze\",\"isPartOf\":{\"@id\":\"https:\/\/hobstop.ee\/lt\/#website\"},\"primaryImageOfPage\":{\"@id\":\"https:\/\/hobstop.ee\/lt\/produktas\/akvareliniu-dazu-priedas-raphael-campus-drawing-gum\/#primaryimage\"},\"image\":{\"@id\":\"https:\/\/hobstop.ee\/lt\/produktas\/akvareliniu-dazu-priedas-raphael-campus-drawing-gum\/#primaryimage\"},\"thumbnailUrl\":\"https:\/\/hobstop.ee\/media\/4463.jpg\",\"datePublished\":\"2017-02-07T13:33:34+00:00\",\"dateModified\":\"2017-02-07T13:33:34+00:00\",\"breadcrumb\":{\"@id\":\"https:\/\/hobstop.ee\/lt\/produktas\/akvareliniu-dazu-priedas-raphael-campus-drawing-gum\/#breadcrumb\"},\"inLanguage\":\"lt\",\"potentialAction\":[{\"@type\":\"ReadAction\",\"target\":[\"https:\/\/hobstop.ee\/lt\/produktas\/akvareliniu-dazu-priedas-raphael-campus-drawing-gum\/\"]}]},{\"@type\":\"ImageObject\",\"inLanguage\":\"lt\",\"@id\":\"https:\/\/hobstop.ee\/lt\/produktas\/akvareliniu-dazu-priedas-raphael-campus-drawing-gum\/#primaryimage\",\"url\":\"https:\/\/hobstop.ee\/media\/4463.jpg\",\"contentUrl\":\"https:\/\/hobstop.ee\/media\/4463.jpg\",\"width\":1024,\"height\":768},{\"@type\":\"BreadcrumbList\",\"@id\":\"https:\/\/hobstop.ee\/lt\/produktas\/akvareliniu-dazu-priedas-raphael-campus-drawing-gum\/#breadcrumb\",\"itemListElement\":[{\"@type\":\"ListItem\",\"position\":1,\"name\":\"Avaleht\",\"item\":\"https:\/\/hobstop.ee\/lt\/\"},{\"@type\":\"ListItem\",\"position\":2,\"name\":\"Parduotuv\u0117\",\"item\":\"https:\/\/hobstop.ee\/lt\/parduotuve\/\"},{\"@type\":\"ListItem\",\"position\":3,\"name\":\"Akvarelini\u0173 da\u017e\u0173 priedas Raphael Campus Drawing-gum\"}]},{\"@type\":\"WebSite\",\"@id\":\"https:\/\/hobstop.ee\/lt\/#website\",\"url\":\"https:\/\/hobstop.ee\/lt\/\",\"name\":\"Skizze\",\"description\":\"Dail\u0117s, pom\u0117gi\u0173 ir mokykliniai reikm\u0117nys\",\"publisher\":{\"@id\":\"https:\/\/hobstop.ee\/lt\/#organization\"},\"potentialAction\":[{\"@type\":\"SearchAction\",\"target\":{\"@type\":\"EntryPoint\",\"urlTemplate\":\"https:\/\/hobstop.ee\/lt\/?s={search_term_string}\"},\"query-input\":{\"@type\":\"PropertyValueSpecification\",\"valueRequired\":true,\"valueName\":\"search_term_string\"}}],\"inLanguage\":\"lt\"},{\"@type\":\"Organization\",\"@id\":\"https:\/\/hobstop.ee\/lt\/#organization\",\"name\":\"Vunder AS\",\"url\":\"https:\/\/hobstop.ee\/lt\/\",\"logo\":{\"@type\":\"ImageObject\",\"inLanguage\":\"lt\",\"@id\":\"https:\/\/hobstop.ee\/lt\/#\/schema\/logo\/image\/\",\"url\":\"https:\/\/hobstop.ee\/media\/vunder-logo.png\",\"contentUrl\":\"https:\/\/hobstop.ee\/media\/vunder-logo.png\",\"width\":127,\"height\":55,\"caption\":\"Vunder AS\"},\"image\":{\"@id\":\"https:\/\/hobstop.ee\/lt\/#\/schema\/logo\/image\/\"},\"sameAs\":[\"http:\/\/www.facebook.com\/VunderSkizze\"]}]}<\/script>\n<!-- \/ Yoast SEO plugin. -->","yoast_head_json":{"title":"Akvarelini\u0173 da\u017e\u0173 priedas Raphael Campus Drawing-gum &#8211; Skizze","robots":{"index":"noindex","follow":"follow","max-snippet":"max-snippet:-1","max-image-preview":"max-image-preview:large","max-video-preview":"max-video-preview:-1"},"og_locale":"lt_LT","og_type":"article","og_title":"Akvarelini\u0173 da\u017e\u0173 priedas Raphael Campus Drawing-gum &#8211; Skizze","og_description":"\u0160is skystis izoliuos atskiras paveikslo dalis i\u0161 neleis i\u0161silieti gruntui, akvarelei, tu\u0161ui ar gua\u0161ui. Turi \u0161velni\u0105 spalv\u0105, tod\u0117l lengvai atskiriamas nuo balto pavir\u0161iaus. Da\u017eus galima tepti jau po keli\u0173 minu\u010di\u0173 i\u0161d\u017ei\u016bvus pagalbinei priemonei. Kai da\u017eai i\u0161d\u017eius, gum\u0105 nupl\u0117\u0161kite nuo pavir\u0161iaus. Prie\u0161 tepdami ant pagrindo, visada i\u0161bandykite gum\u0105 ant tokios pa\u010dios r\u016b\u0161ies pagrindo. Pasinaudoj\u0119, darbo priemones i\u0161 karto i\u0161plaukite \u0161iltame muiliname vandenyje.","og_url":"https:\/\/hobstop.ee\/lt\/produktas\/akvareliniu-dazu-priedas-raphael-campus-drawing-gum\/","og_site_name":"Skizze","article_publisher":"http:\/\/www.facebook.com\/VunderSkizze","og_image":[{"width":1024,"height":768,"url":"https:\/\/www.hobstop.ee\/media\/4463.jpg","type":"image\/jpeg"}],"twitter_card":"summary_large_image","schema":{"@context":"https:\/\/schema.org","@graph":[{"@type":"WebPage","@id":"https:\/\/hobstop.ee\/lt\/produktas\/akvareliniu-dazu-priedas-raphael-campus-drawing-gum\/","url":"https:\/\/hobstop.ee\/lt\/produktas\/akvareliniu-dazu-priedas-raphael-campus-drawing-gum\/","name":"Akvarelini\u0173 da\u017e\u0173 priedas Raphael Campus Drawing-gum &#8211; Skizze","isPartOf":{"@id":"https:\/\/hobstop.ee\/lt\/#website"},"primaryImageOfPage":{"@id":"https:\/\/hobstop.ee\/lt\/produktas\/akvareliniu-dazu-priedas-raphael-campus-drawing-gum\/#primaryimage"},"image":{"@id":"https:\/\/hobstop.ee\/lt\/produktas\/akvareliniu-dazu-priedas-raphael-campus-drawing-gum\/#primaryimage"},"thumbnailUrl":"https:\/\/hobstop.ee\/media\/4463.jpg","datePublished":"2017-02-07T13:33:34+00:00","dateModified":"2017-02-07T13:33:34+00:00","breadcrumb":{"@id":"https:\/\/hobstop.ee\/lt\/produktas\/akvareliniu-dazu-priedas-raphael-campus-drawing-gum\/#breadcrumb"},"inLanguage":"lt","potentialAction":[{"@type":"ReadAction","target":["https:\/\/hobstop.ee\/lt\/produktas\/akvareliniu-dazu-priedas-raphael-campus-drawing-gum\/"]}]},{"@type":"ImageObject","inLanguage":"lt","@id":"https:\/\/hobstop.ee\/lt\/produktas\/akvareliniu-dazu-priedas-raphael-campus-drawing-gum\/#primaryimage","url":"https:\/\/hobstop.ee\/media\/4463.jpg","contentUrl":"https:\/\/hobstop.ee\/media\/4463.jpg","width":1024,"height":768},{"@type":"BreadcrumbList","@id":"https:\/\/hobstop.ee\/lt\/produktas\/akvareliniu-dazu-priedas-raphael-campus-drawing-gum\/#breadcrumb","itemListElement":[{"@type":"ListItem","position":1,"name":"Avaleht","item":"https:\/\/hobstop.ee\/lt\/"},{"@type":"ListItem","position":2,"name":"Parduotuv\u0117","item":"https:\/\/hobstop.ee\/lt\/parduotuve\/"},{"@type":"ListItem","position":3,"name":"Akvarelini\u0173 da\u017e\u0173 priedas Raphael Campus Drawing-gum"}]},{"@type":"WebSite","@id":"https:\/\/hobstop.ee\/lt\/#website","url":"https:\/\/hobstop.ee\/lt\/","name":"Skizze","description":"Dail\u0117s, pom\u0117gi\u0173 ir mokykliniai reikm\u0117nys","publisher":{"@id":"https:\/\/hobstop.ee\/lt\/#organization"},"potentialAction":[{"@type":"SearchAction","target":{"@type":"EntryPoint","urlTemplate":"https:\/\/hobstop.ee\/lt\/?s={search_term_string}"},"query-input":{"@type":"PropertyValueSpecification","valueRequired":true,"valueName":"search_term_string"}}],"inLanguage":"lt"},{"@type":"Organization","@id":"https:\/\/hobstop.ee\/lt\/#organization","name":"Vunder AS","url":"https:\/\/hobstop.ee\/lt\/","logo":{"@type":"ImageObject","inLanguage":"lt","@id":"https:\/\/hobstop.ee\/lt\/#\/schema\/logo\/image\/","url":"https:\/\/hobstop.ee\/media\/vunder-logo.png","contentUrl":"https:\/\/hobstop.ee\/media\/vunder-logo.png","width":127,"height":55,"caption":"Vunder AS"},"image":{"@id":"https:\/\/hobstop.ee\/lt\/#\/schema\/logo\/image\/"},"sameAs":["http:\/\/www.facebook.com\/VunderSkizze"]}]}},"_links":{"self":[{"href":"https:\/\/hobstop.ee\/lt\/wp-json\/wp\/v2\/product\/281603","targetHints":{"allow":["GET"]}}],"collection":[{"href":"https:\/\/hobstop.ee\/lt\/wp-json\/wp\/v2\/product"}],"about":[{"href":"https:\/\/hobstop.ee\/lt\/wp-json\/wp\/v2\/types\/product"}],"replies":[{"embeddable":true,"href":"https:\/\/hobstop.ee\/lt\/wp-json\/wp\/v2\/comments?post=281603"}],"wp:featuredmedia":[{"embeddable":true,"href":"https:\/\/hobstop.ee\/lt\/wp-json\/wp\/v2\/media\/281723"}],"wp:attachment":[{"href":"https:\/\/hobstop.ee\/lt\/wp-json\/wp\/v2\/media?parent=281603"}],"wp:term":[{"taxonomy":"product_cat","embeddable":true,"href":"https:\/\/hobstop.ee\/lt\/wp-json\/wp\/v2\/product_cat?post=281603"},{"taxonomy":"product_tag","embeddable":true,"href":"https:\/\/hobstop.ee\/lt\/wp-json\/wp\/v2\/product_tag?post=281603"}],"curies":[{"name":"wp","href":"https:\/\/api.w.org\/{rel}","templated":true}]}}