{"id":282833,"date":"2017-02-23T13:41:04","date_gmt":"2017-02-23T11:41:04","guid":{"rendered":"https:\/\/sharks.ee\/vunder_2019\/lt\/product\/tusinukai-pilot-mr-retro-pop\/"},"modified":"2017-02-23T13:41:04","modified_gmt":"2017-02-23T11:41:04","slug":"tusinukai-pilot-mr-retro-pop","status":"publish","type":"product","link":"https:\/\/hobstop.ee\/lt\/produktas\/tusinukai-pilot-mr-retro-pop\/","title":{"rendered":"Tu\u0161inukai Pilot MR Retro Pop"},"content":{"rendered":"<p>Spalvot\u0173 ra\u0161ikli\u0173 su naujos kartos hibridiniu ra\u0161alu \u201ePilot MR Retro Pop\u201c kolekcija yra tikra d\u017eiaugsmo daina! I\u0161bla\u0161kanti monotonij\u0105 ir pilk\u0105 dang\u0173, ra\u0161ikli\u0173 \u201ePilot MR Retro Pop\u201c kolekcija pristato elegancijos pot\u0117p\u012f. Jie apra\u0161o gyvenim\u0105, kaip linksm\u0105 istorij\u0105 ir leid\u017eia pasireik\u0161ti J\u016bs\u0173 humorui. Puiki dovana arba gra\u017eus daik\u010diukas sau \u2013 \u201ePilot MR\u201c ra\u0161ikliu stilingai pasitiksite kiekvien\u0105 dien\u0105. \u0160e\u0161iais skirtingais b\u016bdais apipavidalinta vidurin\u0117 dalis, \u012fvairios spalvos, kad malonumas b\u016bt\u0173 dar didesnis&#8230; Vienu \u017eod\u017eiu, dabar ra\u0161yti bus dar maloniau!<br \/>\n&#8211; Matinio metalo kotelis<br \/>\n&#8211; Sta\u010diakamp\u0117 pasukimo dalis<br \/>\n&#8211; Sumu\u0161imams atsparus rutuliukas i\u0161 volframo ir karbido<br \/>\n&#8211; Kei\u010diama \u0161erdel\u0117<br \/>\n&#8211; Dovan\u0173 d\u0117\u017eut\u0117<\/p>\n","protected":false},"excerpt":{"rendered":"<p>Spalvot\u0173 ra\u0161ikli\u0173 su naujos kartos hibridiniu ra\u0161alu \u201ePilot MR Retro Pop\u201c kolekcija yra tikra d\u017eiaugsmo daina! I\u0161bla\u0161kanti monotonij\u0105 ir pilk\u0105 dang\u0173, ra\u0161ikli\u0173 \u201ePilot MR Retro Pop\u201c kolekcija pristato elegancijos pot\u0117p\u012f. Jie apra\u0161o gyvenim\u0105, kaip linksm\u0105 istorij\u0105 ir leid\u017eia pasireik\u0161ti J\u016bs\u0173 humorui. Puiki dovana arba gra\u017eus daik\u010diukas sau \u2013 \u201ePilot MR\u201c ra\u0161ikliu stilingai pasitiksite kiekvien\u0105 dien\u0105. \u0160e\u0161iais skirtingais b\u016bdais apipavidalinta vidurin\u0117 dalis, \u012fvairios spalvos, kad malonumas b\u016bt\u0173 dar didesnis&#8230; Vienu \u017eod\u017eiu, dabar ra\u0161yti bus dar maloniau! &#8211; Matinio metalo kotelis &#8211; Sta\u010diakamp\u0117 pasukimo dalis &#8211; Sumu\u0161imams atsparus rutuliukas i\u0161 volframo ir karbido &#8211; Kei\u010diama \u0161erdel\u0117 &#8211; Dovan\u0173 d\u0117\u017eut\u0117<\/p>\n","protected":false},"featured_media":282905,"comment_status":"closed","ping_status":"closed","template":"","meta":{"_acf_changed":false,"ep_exclude_from_search":false},"product_cat":[17042,19882],"product_tag":[],"class_list":{"0":"post-282833","1":"product","2":"type-product","3":"status-publish","4":"has-post-thumbnail","6":"product_cat-rasymo-priemones-2","7":"product_cat-tusinukai","9":"first","10":"instock","11":"taxable","12":"shipping-taxable","13":"product-type-simple"},"acf":[],"yoast_head":"<!-- This site is optimized with the Yoast SEO plugin v24.1 - https:\/\/yoast.com\/wordpress\/plugins\/seo\/ -->\n<title>Tu\u0161inukai Pilot MR Retro Pop &#8211; Skizze<\/title>\n<meta name=\"robots\" content=\"noindex, follow, max-snippet:-1, max-image-preview:large, max-video-preview:-1\" \/>\n<meta property=\"og:locale\" content=\"lt_LT\" \/>\n<meta property=\"og:type\" content=\"article\" \/>\n<meta property=\"og:title\" content=\"Tu\u0161inukai Pilot MR Retro Pop &#8211; Skizze\" \/>\n<meta property=\"og:description\" content=\"Spalvot\u0173 ra\u0161ikli\u0173 su naujos kartos hibridiniu ra\u0161alu \u201ePilot MR Retro Pop\u201c kolekcija yra tikra d\u017eiaugsmo daina! I\u0161bla\u0161kanti monotonij\u0105 ir pilk\u0105 dang\u0173, ra\u0161ikli\u0173 \u201ePilot MR Retro Pop\u201c kolekcija pristato elegancijos pot\u0117p\u012f. Jie apra\u0161o gyvenim\u0105, kaip linksm\u0105 istorij\u0105 ir leid\u017eia pasireik\u0161ti J\u016bs\u0173 humorui. Puiki dovana arba gra\u017eus daik\u010diukas sau \u2013 \u201ePilot MR\u201c ra\u0161ikliu stilingai pasitiksite kiekvien\u0105 dien\u0105. \u0160e\u0161iais skirtingais b\u016bdais apipavidalinta vidurin\u0117 dalis, \u012fvairios spalvos, kad malonumas b\u016bt\u0173 dar didesnis&#8230; Vienu \u017eod\u017eiu, dabar ra\u0161yti bus dar maloniau! &#8211; Matinio metalo kotelis &#8211; Sta\u010diakamp\u0117 pasukimo dalis &#8211; Sumu\u0161imams atsparus rutuliukas i\u0161 volframo ir karbido &#8211; Kei\u010diama \u0161erdel\u0117 &#8211; Dovan\u0173 d\u0117\u017eut\u0117\" \/>\n<meta property=\"og:url\" content=\"https:\/\/hobstop.ee\/lt\/produktas\/tusinukai-pilot-mr-retro-pop\/\" \/>\n<meta property=\"og:site_name\" content=\"Skizze\" \/>\n<meta property=\"article:publisher\" content=\"http:\/\/www.facebook.com\/VunderSkizze\" \/>\n<meta property=\"og:image\" content=\"https:\/\/hobstop.ee\/media\/4473.jpg\" \/>\n\t<meta property=\"og:image:width\" content=\"1024\" \/>\n\t<meta property=\"og:image:height\" content=\"768\" \/>\n\t<meta property=\"og:image:type\" content=\"image\/jpeg\" \/>\n<meta name=\"twitter:card\" content=\"summary_large_image\" \/>\n<meta name=\"twitter:label1\" content=\"Est. reading time\" \/>\n\t<meta name=\"twitter:data1\" content=\"1 minute\" \/>\n<script type=\"application\/ld+json\" class=\"yoast-schema-graph\">{\"@context\":\"https:\/\/schema.org\",\"@graph\":[{\"@type\":\"WebPage\",\"@id\":\"https:\/\/hobstop.ee\/lt\/produktas\/tusinukai-pilot-mr-retro-pop\/\",\"url\":\"https:\/\/hobstop.ee\/lt\/produktas\/tusinukai-pilot-mr-retro-pop\/\",\"name\":\"Tu\u0161inukai Pilot MR Retro Pop &#8211; Skizze\",\"isPartOf\":{\"@id\":\"https:\/\/hobstop.ee\/lt\/#website\"},\"primaryImageOfPage\":{\"@id\":\"https:\/\/hobstop.ee\/lt\/produktas\/tusinukai-pilot-mr-retro-pop\/#primaryimage\"},\"image\":{\"@id\":\"https:\/\/hobstop.ee\/lt\/produktas\/tusinukai-pilot-mr-retro-pop\/#primaryimage\"},\"thumbnailUrl\":\"https:\/\/hobstop.ee\/media\/4473.jpg\",\"datePublished\":\"2017-02-23T11:41:04+00:00\",\"dateModified\":\"2017-02-23T11:41:04+00:00\",\"breadcrumb\":{\"@id\":\"https:\/\/hobstop.ee\/lt\/produktas\/tusinukai-pilot-mr-retro-pop\/#breadcrumb\"},\"inLanguage\":\"lt\",\"potentialAction\":[{\"@type\":\"ReadAction\",\"target\":[\"https:\/\/hobstop.ee\/lt\/produktas\/tusinukai-pilot-mr-retro-pop\/\"]}]},{\"@type\":\"ImageObject\",\"inLanguage\":\"lt\",\"@id\":\"https:\/\/hobstop.ee\/lt\/produktas\/tusinukai-pilot-mr-retro-pop\/#primaryimage\",\"url\":\"https:\/\/hobstop.ee\/media\/4473.jpg\",\"contentUrl\":\"https:\/\/hobstop.ee\/media\/4473.jpg\",\"width\":1024,\"height\":768},{\"@type\":\"BreadcrumbList\",\"@id\":\"https:\/\/hobstop.ee\/lt\/produktas\/tusinukai-pilot-mr-retro-pop\/#breadcrumb\",\"itemListElement\":[{\"@type\":\"ListItem\",\"position\":1,\"name\":\"Avaleht\",\"item\":\"https:\/\/hobstop.ee\/lt\/\"},{\"@type\":\"ListItem\",\"position\":2,\"name\":\"Parduotuv\u0117\",\"item\":\"https:\/\/hobstop.ee\/lt\/parduotuve\/\"},{\"@type\":\"ListItem\",\"position\":3,\"name\":\"Tu\u0161inukai Pilot MR Retro Pop\"}]},{\"@type\":\"WebSite\",\"@id\":\"https:\/\/hobstop.ee\/lt\/#website\",\"url\":\"https:\/\/hobstop.ee\/lt\/\",\"name\":\"Skizze\",\"description\":\"Dail\u0117s, pom\u0117gi\u0173 ir mokykliniai reikm\u0117nys\",\"publisher\":{\"@id\":\"https:\/\/hobstop.ee\/lt\/#organization\"},\"potentialAction\":[{\"@type\":\"SearchAction\",\"target\":{\"@type\":\"EntryPoint\",\"urlTemplate\":\"https:\/\/hobstop.ee\/lt\/?s={search_term_string}\"},\"query-input\":{\"@type\":\"PropertyValueSpecification\",\"valueRequired\":true,\"valueName\":\"search_term_string\"}}],\"inLanguage\":\"lt\"},{\"@type\":\"Organization\",\"@id\":\"https:\/\/hobstop.ee\/lt\/#organization\",\"name\":\"Vunder AS\",\"url\":\"https:\/\/hobstop.ee\/lt\/\",\"logo\":{\"@type\":\"ImageObject\",\"inLanguage\":\"lt\",\"@id\":\"https:\/\/hobstop.ee\/lt\/#\/schema\/logo\/image\/\",\"url\":\"https:\/\/hobstop.ee\/media\/vunder-logo.png\",\"contentUrl\":\"https:\/\/hobstop.ee\/media\/vunder-logo.png\",\"width\":127,\"height\":55,\"caption\":\"Vunder AS\"},\"image\":{\"@id\":\"https:\/\/hobstop.ee\/lt\/#\/schema\/logo\/image\/\"},\"sameAs\":[\"http:\/\/www.facebook.com\/VunderSkizze\"]}]}<\/script>\n<!-- \/ Yoast SEO plugin. -->","yoast_head_json":{"title":"Tu\u0161inukai Pilot MR Retro Pop &#8211; Skizze","robots":{"index":"noindex","follow":"follow","max-snippet":"max-snippet:-1","max-image-preview":"max-image-preview:large","max-video-preview":"max-video-preview:-1"},"og_locale":"lt_LT","og_type":"article","og_title":"Tu\u0161inukai Pilot MR Retro Pop &#8211; Skizze","og_description":"Spalvot\u0173 ra\u0161ikli\u0173 su naujos kartos hibridiniu ra\u0161alu \u201ePilot MR Retro Pop\u201c kolekcija yra tikra d\u017eiaugsmo daina! I\u0161bla\u0161kanti monotonij\u0105 ir pilk\u0105 dang\u0173, ra\u0161ikli\u0173 \u201ePilot MR Retro Pop\u201c kolekcija pristato elegancijos pot\u0117p\u012f. Jie apra\u0161o gyvenim\u0105, kaip linksm\u0105 istorij\u0105 ir leid\u017eia pasireik\u0161ti J\u016bs\u0173 humorui. Puiki dovana arba gra\u017eus daik\u010diukas sau \u2013 \u201ePilot MR\u201c ra\u0161ikliu stilingai pasitiksite kiekvien\u0105 dien\u0105. \u0160e\u0161iais skirtingais b\u016bdais apipavidalinta vidurin\u0117 dalis, \u012fvairios spalvos, kad malonumas b\u016bt\u0173 dar didesnis&#8230; Vienu \u017eod\u017eiu, dabar ra\u0161yti bus dar maloniau! &#8211; Matinio metalo kotelis &#8211; Sta\u010diakamp\u0117 pasukimo dalis &#8211; Sumu\u0161imams atsparus rutuliukas i\u0161 volframo ir karbido &#8211; Kei\u010diama \u0161erdel\u0117 &#8211; Dovan\u0173 d\u0117\u017eut\u0117","og_url":"https:\/\/hobstop.ee\/lt\/produktas\/tusinukai-pilot-mr-retro-pop\/","og_site_name":"Skizze","article_publisher":"http:\/\/www.facebook.com\/VunderSkizze","og_image":[{"width":1024,"height":768,"url":"https:\/\/hobstop.ee\/media\/4473.jpg","type":"image\/jpeg"}],"twitter_card":"summary_large_image","twitter_misc":{"Est. reading time":"1 minute"},"schema":{"@context":"https:\/\/schema.org","@graph":[{"@type":"WebPage","@id":"https:\/\/hobstop.ee\/lt\/produktas\/tusinukai-pilot-mr-retro-pop\/","url":"https:\/\/hobstop.ee\/lt\/produktas\/tusinukai-pilot-mr-retro-pop\/","name":"Tu\u0161inukai Pilot MR Retro Pop &#8211; Skizze","isPartOf":{"@id":"https:\/\/hobstop.ee\/lt\/#website"},"primaryImageOfPage":{"@id":"https:\/\/hobstop.ee\/lt\/produktas\/tusinukai-pilot-mr-retro-pop\/#primaryimage"},"image":{"@id":"https:\/\/hobstop.ee\/lt\/produktas\/tusinukai-pilot-mr-retro-pop\/#primaryimage"},"thumbnailUrl":"https:\/\/hobstop.ee\/media\/4473.jpg","datePublished":"2017-02-23T11:41:04+00:00","dateModified":"2017-02-23T11:41:04+00:00","breadcrumb":{"@id":"https:\/\/hobstop.ee\/lt\/produktas\/tusinukai-pilot-mr-retro-pop\/#breadcrumb"},"inLanguage":"lt","potentialAction":[{"@type":"ReadAction","target":["https:\/\/hobstop.ee\/lt\/produktas\/tusinukai-pilot-mr-retro-pop\/"]}]},{"@type":"ImageObject","inLanguage":"lt","@id":"https:\/\/hobstop.ee\/lt\/produktas\/tusinukai-pilot-mr-retro-pop\/#primaryimage","url":"https:\/\/hobstop.ee\/media\/4473.jpg","contentUrl":"https:\/\/hobstop.ee\/media\/4473.jpg","width":1024,"height":768},{"@type":"BreadcrumbList","@id":"https:\/\/hobstop.ee\/lt\/produktas\/tusinukai-pilot-mr-retro-pop\/#breadcrumb","itemListElement":[{"@type":"ListItem","position":1,"name":"Avaleht","item":"https:\/\/hobstop.ee\/lt\/"},{"@type":"ListItem","position":2,"name":"Parduotuv\u0117","item":"https:\/\/hobstop.ee\/lt\/parduotuve\/"},{"@type":"ListItem","position":3,"name":"Tu\u0161inukai Pilot MR Retro Pop"}]},{"@type":"WebSite","@id":"https:\/\/hobstop.ee\/lt\/#website","url":"https:\/\/hobstop.ee\/lt\/","name":"Skizze","description":"Dail\u0117s, pom\u0117gi\u0173 ir mokykliniai reikm\u0117nys","publisher":{"@id":"https:\/\/hobstop.ee\/lt\/#organization"},"potentialAction":[{"@type":"SearchAction","target":{"@type":"EntryPoint","urlTemplate":"https:\/\/hobstop.ee\/lt\/?s={search_term_string}"},"query-input":{"@type":"PropertyValueSpecification","valueRequired":true,"valueName":"search_term_string"}}],"inLanguage":"lt"},{"@type":"Organization","@id":"https:\/\/hobstop.ee\/lt\/#organization","name":"Vunder AS","url":"https:\/\/hobstop.ee\/lt\/","logo":{"@type":"ImageObject","inLanguage":"lt","@id":"https:\/\/hobstop.ee\/lt\/#\/schema\/logo\/image\/","url":"https:\/\/hobstop.ee\/media\/vunder-logo.png","contentUrl":"https:\/\/hobstop.ee\/media\/vunder-logo.png","width":127,"height":55,"caption":"Vunder AS"},"image":{"@id":"https:\/\/hobstop.ee\/lt\/#\/schema\/logo\/image\/"},"sameAs":["http:\/\/www.facebook.com\/VunderSkizze"]}]}},"_links":{"self":[{"href":"https:\/\/hobstop.ee\/lt\/wp-json\/wp\/v2\/product\/282833","targetHints":{"allow":["GET"]}}],"collection":[{"href":"https:\/\/hobstop.ee\/lt\/wp-json\/wp\/v2\/product"}],"about":[{"href":"https:\/\/hobstop.ee\/lt\/wp-json\/wp\/v2\/types\/product"}],"replies":[{"embeddable":true,"href":"https:\/\/hobstop.ee\/lt\/wp-json\/wp\/v2\/comments?post=282833"}],"wp:featuredmedia":[{"embeddable":true,"href":"https:\/\/hobstop.ee\/lt\/wp-json\/wp\/v2\/media\/282905"}],"wp:attachment":[{"href":"https:\/\/hobstop.ee\/lt\/wp-json\/wp\/v2\/media?parent=282833"}],"wp:term":[{"taxonomy":"product_cat","embeddable":true,"href":"https:\/\/hobstop.ee\/lt\/wp-json\/wp\/v2\/product_cat?post=282833"},{"taxonomy":"product_tag","embeddable":true,"href":"https:\/\/hobstop.ee\/lt\/wp-json\/wp\/v2\/product_tag?post=282833"}],"curies":[{"name":"wp","href":"https:\/\/api.w.org\/{rel}","templated":true}]}}