{"id":282837,"date":"2017-02-23T13:41:05","date_gmt":"2017-02-23T11:41:05","guid":{"rendered":"https:\/\/sharks.ee\/vunder_2019\/lt\/product\/tusinukai-pilot-mr-animal\/"},"modified":"2017-02-23T13:41:05","modified_gmt":"2017-02-23T11:41:05","slug":"tusinukai-pilot-mr-animal","status":"publish","type":"product","link":"https:\/\/hobstop.ee\/lt\/produktas\/tusinukai-pilot-mr-animal\/","title":{"rendered":"Tu\u0161inukai Pilot MR Animal"},"content":{"rendered":"<p>Gyv\u016bn\u0173 kolekcijos \u201ePilot MR\u201c ra\u0161iklio aptaki forma yra \u012fkv\u0117pta \u0161velni\u0173 ir apvali\u0173 kokono linij\u0173. Mink\u0161tas ra\u0161iklio br\u0117\u017eiamas linijas pary\u0161kina diskreti\u0161kas laukinio gyvenimo prisilietimas \u2013 gyv\u016bn\u0173 odos ra\u0161tais dekoruota vidurin\u0117 ra\u0161iklio dalis. Baltasis tigras, leopardas, pitonas, krokodilas ir roplys \u2013 visus \u0161iuos motyvus rasite ra\u0161ikliuose su naujos kartos hibridiniu ra\u0161alu.<br \/>\n&#8211; Matinio metalo kotelis<br \/>\n&#8211; Sta\u010diakamp\u0117 pasukimo dalis<br \/>\n&#8211; Sumu\u0161imams atsparus rutuliukas i\u0161 volframo ir karbido<br \/>\n&#8211; Kei\u010diama \u0161erdel\u0117<br \/>\n&#8211; Dovan\u0173 d\u0117\u017eut\u0117<\/p>\n","protected":false},"excerpt":{"rendered":"<p>Gyv\u016bn\u0173 kolekcijos \u201ePilot MR\u201c ra\u0161iklio aptaki forma yra \u012fkv\u0117pta \u0161velni\u0173 ir apvali\u0173 kokono linij\u0173. Mink\u0161tas ra\u0161iklio br\u0117\u017eiamas linijas pary\u0161kina diskreti\u0161kas laukinio gyvenimo prisilietimas \u2013 gyv\u016bn\u0173 odos ra\u0161tais dekoruota vidurin\u0117 ra\u0161iklio dalis. Baltasis tigras, leopardas, pitonas, krokodilas ir roplys \u2013 visus \u0161iuos motyvus rasite ra\u0161ikliuose su naujos kartos hibridiniu ra\u0161alu. &#8211; Matinio metalo kotelis &#8211; Sta\u010diakamp\u0117 pasukimo dalis &#8211; Sumu\u0161imams atsparus rutuliukas i\u0161 volframo ir karbido &#8211; Kei\u010diama \u0161erdel\u0117 &#8211; Dovan\u0173 d\u0117\u017eut\u0117<\/p>\n","protected":false},"featured_media":282909,"comment_status":"closed","ping_status":"closed","template":"","meta":{"_acf_changed":false,"ep_exclude_from_search":false},"product_cat":[17042,19882],"product_tag":[],"class_list":{"0":"post-282837","1":"product","2":"type-product","3":"status-publish","4":"has-post-thumbnail","6":"product_cat-rasymo-priemones-2","7":"product_cat-tusinukai","9":"first","10":"instock","11":"taxable","12":"shipping-taxable","13":"product-type-simple"},"acf":[],"yoast_head":"<!-- This site is optimized with the Yoast SEO plugin v24.1 - https:\/\/yoast.com\/wordpress\/plugins\/seo\/ -->\n<title>Tu\u0161inukai Pilot MR Animal &#8211; Skizze<\/title>\n<meta name=\"robots\" content=\"noindex, follow, max-snippet:-1, max-image-preview:large, max-video-preview:-1\" \/>\n<meta property=\"og:locale\" content=\"lt_LT\" \/>\n<meta property=\"og:type\" content=\"article\" \/>\n<meta property=\"og:title\" content=\"Tu\u0161inukai Pilot MR Animal &#8211; Skizze\" \/>\n<meta property=\"og:description\" content=\"Gyv\u016bn\u0173 kolekcijos \u201ePilot MR\u201c ra\u0161iklio aptaki forma yra \u012fkv\u0117pta \u0161velni\u0173 ir apvali\u0173 kokono linij\u0173. Mink\u0161tas ra\u0161iklio br\u0117\u017eiamas linijas pary\u0161kina diskreti\u0161kas laukinio gyvenimo prisilietimas \u2013 gyv\u016bn\u0173 odos ra\u0161tais dekoruota vidurin\u0117 ra\u0161iklio dalis. Baltasis tigras, leopardas, pitonas, krokodilas ir roplys \u2013 visus \u0161iuos motyvus rasite ra\u0161ikliuose su naujos kartos hibridiniu ra\u0161alu. &#8211; Matinio metalo kotelis &#8211; Sta\u010diakamp\u0117 pasukimo dalis &#8211; Sumu\u0161imams atsparus rutuliukas i\u0161 volframo ir karbido &#8211; Kei\u010diama \u0161erdel\u0117 &#8211; Dovan\u0173 d\u0117\u017eut\u0117\" \/>\n<meta property=\"og:url\" content=\"https:\/\/hobstop.ee\/lt\/produktas\/tusinukai-pilot-mr-animal\/\" \/>\n<meta property=\"og:site_name\" content=\"Skizze\" \/>\n<meta property=\"article:publisher\" content=\"http:\/\/www.facebook.com\/VunderSkizze\" \/>\n<meta property=\"og:image\" content=\"https:\/\/hobstop.ee\/media\/4474.jpg\" \/>\n\t<meta property=\"og:image:width\" content=\"1024\" \/>\n\t<meta property=\"og:image:height\" content=\"768\" \/>\n\t<meta property=\"og:image:type\" content=\"image\/jpeg\" \/>\n<meta name=\"twitter:card\" content=\"summary_large_image\" \/>\n<script type=\"application\/ld+json\" class=\"yoast-schema-graph\">{\"@context\":\"https:\/\/schema.org\",\"@graph\":[{\"@type\":\"WebPage\",\"@id\":\"https:\/\/hobstop.ee\/lt\/produktas\/tusinukai-pilot-mr-animal\/\",\"url\":\"https:\/\/hobstop.ee\/lt\/produktas\/tusinukai-pilot-mr-animal\/\",\"name\":\"Tu\u0161inukai Pilot MR Animal &#8211; Skizze\",\"isPartOf\":{\"@id\":\"https:\/\/hobstop.ee\/lt\/#website\"},\"primaryImageOfPage\":{\"@id\":\"https:\/\/hobstop.ee\/lt\/produktas\/tusinukai-pilot-mr-animal\/#primaryimage\"},\"image\":{\"@id\":\"https:\/\/hobstop.ee\/lt\/produktas\/tusinukai-pilot-mr-animal\/#primaryimage\"},\"thumbnailUrl\":\"https:\/\/hobstop.ee\/media\/4474.jpg\",\"datePublished\":\"2017-02-23T11:41:05+00:00\",\"dateModified\":\"2017-02-23T11:41:05+00:00\",\"breadcrumb\":{\"@id\":\"https:\/\/hobstop.ee\/lt\/produktas\/tusinukai-pilot-mr-animal\/#breadcrumb\"},\"inLanguage\":\"lt\",\"potentialAction\":[{\"@type\":\"ReadAction\",\"target\":[\"https:\/\/hobstop.ee\/lt\/produktas\/tusinukai-pilot-mr-animal\/\"]}]},{\"@type\":\"ImageObject\",\"inLanguage\":\"lt\",\"@id\":\"https:\/\/hobstop.ee\/lt\/produktas\/tusinukai-pilot-mr-animal\/#primaryimage\",\"url\":\"https:\/\/hobstop.ee\/media\/4474.jpg\",\"contentUrl\":\"https:\/\/hobstop.ee\/media\/4474.jpg\",\"width\":1024,\"height\":768},{\"@type\":\"BreadcrumbList\",\"@id\":\"https:\/\/hobstop.ee\/lt\/produktas\/tusinukai-pilot-mr-animal\/#breadcrumb\",\"itemListElement\":[{\"@type\":\"ListItem\",\"position\":1,\"name\":\"Avaleht\",\"item\":\"https:\/\/hobstop.ee\/lt\/\"},{\"@type\":\"ListItem\",\"position\":2,\"name\":\"Parduotuv\u0117\",\"item\":\"https:\/\/hobstop.ee\/lt\/parduotuve\/\"},{\"@type\":\"ListItem\",\"position\":3,\"name\":\"Tu\u0161inukai Pilot MR Animal\"}]},{\"@type\":\"WebSite\",\"@id\":\"https:\/\/hobstop.ee\/lt\/#website\",\"url\":\"https:\/\/hobstop.ee\/lt\/\",\"name\":\"Skizze\",\"description\":\"Dail\u0117s, pom\u0117gi\u0173 ir mokykliniai reikm\u0117nys\",\"publisher\":{\"@id\":\"https:\/\/hobstop.ee\/lt\/#organization\"},\"potentialAction\":[{\"@type\":\"SearchAction\",\"target\":{\"@type\":\"EntryPoint\",\"urlTemplate\":\"https:\/\/hobstop.ee\/lt\/?s={search_term_string}\"},\"query-input\":{\"@type\":\"PropertyValueSpecification\",\"valueRequired\":true,\"valueName\":\"search_term_string\"}}],\"inLanguage\":\"lt\"},{\"@type\":\"Organization\",\"@id\":\"https:\/\/hobstop.ee\/lt\/#organization\",\"name\":\"Vunder AS\",\"url\":\"https:\/\/hobstop.ee\/lt\/\",\"logo\":{\"@type\":\"ImageObject\",\"inLanguage\":\"lt\",\"@id\":\"https:\/\/hobstop.ee\/lt\/#\/schema\/logo\/image\/\",\"url\":\"https:\/\/hobstop.ee\/media\/vunder-logo.png\",\"contentUrl\":\"https:\/\/hobstop.ee\/media\/vunder-logo.png\",\"width\":127,\"height\":55,\"caption\":\"Vunder AS\"},\"image\":{\"@id\":\"https:\/\/hobstop.ee\/lt\/#\/schema\/logo\/image\/\"},\"sameAs\":[\"http:\/\/www.facebook.com\/VunderSkizze\"]}]}<\/script>\n<!-- \/ Yoast SEO plugin. -->","yoast_head_json":{"title":"Tu\u0161inukai Pilot MR Animal &#8211; Skizze","robots":{"index":"noindex","follow":"follow","max-snippet":"max-snippet:-1","max-image-preview":"max-image-preview:large","max-video-preview":"max-video-preview:-1"},"og_locale":"lt_LT","og_type":"article","og_title":"Tu\u0161inukai Pilot MR Animal &#8211; Skizze","og_description":"Gyv\u016bn\u0173 kolekcijos \u201ePilot MR\u201c ra\u0161iklio aptaki forma yra \u012fkv\u0117pta \u0161velni\u0173 ir apvali\u0173 kokono linij\u0173. Mink\u0161tas ra\u0161iklio br\u0117\u017eiamas linijas pary\u0161kina diskreti\u0161kas laukinio gyvenimo prisilietimas \u2013 gyv\u016bn\u0173 odos ra\u0161tais dekoruota vidurin\u0117 ra\u0161iklio dalis. Baltasis tigras, leopardas, pitonas, krokodilas ir roplys \u2013 visus \u0161iuos motyvus rasite ra\u0161ikliuose su naujos kartos hibridiniu ra\u0161alu. &#8211; Matinio metalo kotelis &#8211; Sta\u010diakamp\u0117 pasukimo dalis &#8211; Sumu\u0161imams atsparus rutuliukas i\u0161 volframo ir karbido &#8211; Kei\u010diama \u0161erdel\u0117 &#8211; Dovan\u0173 d\u0117\u017eut\u0117","og_url":"https:\/\/hobstop.ee\/lt\/produktas\/tusinukai-pilot-mr-animal\/","og_site_name":"Skizze","article_publisher":"http:\/\/www.facebook.com\/VunderSkizze","og_image":[{"width":1024,"height":768,"url":"https:\/\/hobstop.ee\/media\/4474.jpg","type":"image\/jpeg"}],"twitter_card":"summary_large_image","schema":{"@context":"https:\/\/schema.org","@graph":[{"@type":"WebPage","@id":"https:\/\/hobstop.ee\/lt\/produktas\/tusinukai-pilot-mr-animal\/","url":"https:\/\/hobstop.ee\/lt\/produktas\/tusinukai-pilot-mr-animal\/","name":"Tu\u0161inukai Pilot MR Animal &#8211; Skizze","isPartOf":{"@id":"https:\/\/hobstop.ee\/lt\/#website"},"primaryImageOfPage":{"@id":"https:\/\/hobstop.ee\/lt\/produktas\/tusinukai-pilot-mr-animal\/#primaryimage"},"image":{"@id":"https:\/\/hobstop.ee\/lt\/produktas\/tusinukai-pilot-mr-animal\/#primaryimage"},"thumbnailUrl":"https:\/\/hobstop.ee\/media\/4474.jpg","datePublished":"2017-02-23T11:41:05+00:00","dateModified":"2017-02-23T11:41:05+00:00","breadcrumb":{"@id":"https:\/\/hobstop.ee\/lt\/produktas\/tusinukai-pilot-mr-animal\/#breadcrumb"},"inLanguage":"lt","potentialAction":[{"@type":"ReadAction","target":["https:\/\/hobstop.ee\/lt\/produktas\/tusinukai-pilot-mr-animal\/"]}]},{"@type":"ImageObject","inLanguage":"lt","@id":"https:\/\/hobstop.ee\/lt\/produktas\/tusinukai-pilot-mr-animal\/#primaryimage","url":"https:\/\/hobstop.ee\/media\/4474.jpg","contentUrl":"https:\/\/hobstop.ee\/media\/4474.jpg","width":1024,"height":768},{"@type":"BreadcrumbList","@id":"https:\/\/hobstop.ee\/lt\/produktas\/tusinukai-pilot-mr-animal\/#breadcrumb","itemListElement":[{"@type":"ListItem","position":1,"name":"Avaleht","item":"https:\/\/hobstop.ee\/lt\/"},{"@type":"ListItem","position":2,"name":"Parduotuv\u0117","item":"https:\/\/hobstop.ee\/lt\/parduotuve\/"},{"@type":"ListItem","position":3,"name":"Tu\u0161inukai Pilot MR Animal"}]},{"@type":"WebSite","@id":"https:\/\/hobstop.ee\/lt\/#website","url":"https:\/\/hobstop.ee\/lt\/","name":"Skizze","description":"Dail\u0117s, pom\u0117gi\u0173 ir mokykliniai reikm\u0117nys","publisher":{"@id":"https:\/\/hobstop.ee\/lt\/#organization"},"potentialAction":[{"@type":"SearchAction","target":{"@type":"EntryPoint","urlTemplate":"https:\/\/hobstop.ee\/lt\/?s={search_term_string}"},"query-input":{"@type":"PropertyValueSpecification","valueRequired":true,"valueName":"search_term_string"}}],"inLanguage":"lt"},{"@type":"Organization","@id":"https:\/\/hobstop.ee\/lt\/#organization","name":"Vunder AS","url":"https:\/\/hobstop.ee\/lt\/","logo":{"@type":"ImageObject","inLanguage":"lt","@id":"https:\/\/hobstop.ee\/lt\/#\/schema\/logo\/image\/","url":"https:\/\/hobstop.ee\/media\/vunder-logo.png","contentUrl":"https:\/\/hobstop.ee\/media\/vunder-logo.png","width":127,"height":55,"caption":"Vunder AS"},"image":{"@id":"https:\/\/hobstop.ee\/lt\/#\/schema\/logo\/image\/"},"sameAs":["http:\/\/www.facebook.com\/VunderSkizze"]}]}},"_links":{"self":[{"href":"https:\/\/hobstop.ee\/lt\/wp-json\/wp\/v2\/product\/282837","targetHints":{"allow":["GET"]}}],"collection":[{"href":"https:\/\/hobstop.ee\/lt\/wp-json\/wp\/v2\/product"}],"about":[{"href":"https:\/\/hobstop.ee\/lt\/wp-json\/wp\/v2\/types\/product"}],"replies":[{"embeddable":true,"href":"https:\/\/hobstop.ee\/lt\/wp-json\/wp\/v2\/comments?post=282837"}],"wp:featuredmedia":[{"embeddable":true,"href":"https:\/\/hobstop.ee\/lt\/wp-json\/wp\/v2\/media\/282909"}],"wp:attachment":[{"href":"https:\/\/hobstop.ee\/lt\/wp-json\/wp\/v2\/media?parent=282837"}],"wp:term":[{"taxonomy":"product_cat","embeddable":true,"href":"https:\/\/hobstop.ee\/lt\/wp-json\/wp\/v2\/product_cat?post=282837"},{"taxonomy":"product_tag","embeddable":true,"href":"https:\/\/hobstop.ee\/lt\/wp-json\/wp\/v2\/product_tag?post=282837"}],"curies":[{"name":"wp","href":"https:\/\/api.w.org\/{rel}","templated":true}]}}