{"id":284113,"date":"2017-04-04T11:57:47","date_gmt":"2017-04-04T08:57:47","guid":{"rendered":"https:\/\/sharks.ee\/vunder_2019\/lt\/product\/guasas-maped-colorpeps-tubelese\/"},"modified":"2017-04-04T11:57:47","modified_gmt":"2017-04-04T08:57:47","slug":"guasas-maped-colorpeps-tubelese","status":"publish","type":"product","link":"https:\/\/hobstop.ee\/lt\/produktas\/guasas-maped-colorpeps-tubelese\/","title":{"rendered":"Gua\u0161as Maped Color&#8217;Peps t\u016bbel\u0117se"},"content":{"rendered":"<p>Tapyba yra svarbus u\u017esi\u0117mimas vaikams, kurio metu jie atranda spalvas, leid\u017eia pasireik\u0161ti j\u0173 vaizduotei, skatina k\u016brybi\u0161kum\u0105 ir ugdo motorinius \u012fg\u016bd\u017eius. \u201eMaped\u201c si\u016blo auk\u0161tos kokyb\u0117s gua\u0161o da\u017eus, kuri\u0173 galios negalima nepasteb\u0117ti! Gua\u0161e \u201eMaped Color\u2019Peps\u201c yra daug pigmento, ry\u0161ki\u0173 spalv\u0173, jo spalvas galima mai\u0161yti tarpusavyje ir taip i\u0161gauti nesuskai\u010diuojamus atspalvius. T\u016bbel\u0117se supakuoto \u201eMaped Color\u2019Peps\u201c gua\u0161o sud\u0117tis yra koncentruota ir puikiai tinka \u012fvairiems efektams kurti, priklausomai nuo skied\u017eiamo vandens kiekio \u2013 nuo beveik permatomo ir gausiai padengto da\u017eais. T\u016bbel\u0117s yra labai prakti\u0161kos, lengvai atidaromos su pritaisytu dangteliu.<\/p>\n","protected":false},"excerpt":{"rendered":"<p>Tapyba yra svarbus u\u017esi\u0117mimas vaikams, kurio metu jie atranda spalvas, leid\u017eia pasireik\u0161ti j\u0173 vaizduotei, skatina k\u016brybi\u0161kum\u0105 ir ugdo motorinius \u012fg\u016bd\u017eius. \u201eMaped\u201c si\u016blo auk\u0161tos kokyb\u0117s gua\u0161o da\u017eus, kuri\u0173 galios negalima nepasteb\u0117ti! Gua\u0161e \u201eMaped Color\u2019Peps\u201c yra daug pigmento, ry\u0161ki\u0173 spalv\u0173, jo spalvas galima mai\u0161yti tarpusavyje ir taip i\u0161gauti nesuskai\u010diuojamus atspalvius. T\u016bbel\u0117se supakuoto \u201eMaped Color\u2019Peps\u201c gua\u0161o sud\u0117tis yra koncentruota ir puikiai tinka \u012fvairiems efektams kurti, priklausomai nuo skied\u017eiamo vandens kiekio \u2013 nuo beveik permatomo ir gausiai padengto da\u017eais. T\u016bbel\u0117s yra labai prakti\u0161kos, lengvai atidaromos su pritaisytu dangteliu.<\/p>\n","protected":false},"featured_media":284650,"comment_status":"closed","ping_status":"closed","template":"","meta":{"_acf_changed":false,"ep_exclude_from_search":false},"product_cat":[18959,235,18926],"product_tag":[],"class_list":{"0":"post-284113","1":"product","2":"type-product","3":"status-publish","4":"has-post-thumbnail","6":"product_cat-guasas-2","7":"product_cat-mokyklines-prekes","8":"product_cat-tapymo-priemones","10":"first","11":"instock","12":"taxable","13":"shipping-taxable","14":"product-type-simple"},"acf":[],"yoast_head":"<!-- This site is optimized with the Yoast SEO plugin v24.1 - https:\/\/yoast.com\/wordpress\/plugins\/seo\/ -->\n<title>Gua\u0161as Maped Color&#039;Peps t\u016bbel\u0117se &#8211; Skizze<\/title>\n<meta name=\"robots\" content=\"noindex, follow, max-snippet:-1, max-image-preview:large, max-video-preview:-1\" \/>\n<meta property=\"og:locale\" content=\"lt_LT\" \/>\n<meta property=\"og:type\" content=\"article\" \/>\n<meta property=\"og:title\" content=\"Gua\u0161as Maped Color&#039;Peps t\u016bbel\u0117se &#8211; Skizze\" \/>\n<meta property=\"og:description\" content=\"Tapyba yra svarbus u\u017esi\u0117mimas vaikams, kurio metu jie atranda spalvas, leid\u017eia pasireik\u0161ti j\u0173 vaizduotei, skatina k\u016brybi\u0161kum\u0105 ir ugdo motorinius \u012fg\u016bd\u017eius. \u201eMaped\u201c si\u016blo auk\u0161tos kokyb\u0117s gua\u0161o da\u017eus, kuri\u0173 galios negalima nepasteb\u0117ti! Gua\u0161e \u201eMaped Color\u2019Peps\u201c yra daug pigmento, ry\u0161ki\u0173 spalv\u0173, jo spalvas galima mai\u0161yti tarpusavyje ir taip i\u0161gauti nesuskai\u010diuojamus atspalvius. T\u016bbel\u0117se supakuoto \u201eMaped Color\u2019Peps\u201c gua\u0161o sud\u0117tis yra koncentruota ir puikiai tinka \u012fvairiems efektams kurti, priklausomai nuo skied\u017eiamo vandens kiekio \u2013 nuo beveik permatomo ir gausiai padengto da\u017eais. T\u016bbel\u0117s yra labai prakti\u0161kos, lengvai atidaromos su pritaisytu dangteliu.\" \/>\n<meta property=\"og:url\" content=\"https:\/\/hobstop.ee\/lt\/produktas\/guasas-maped-colorpeps-tubelese\/\" \/>\n<meta property=\"og:site_name\" content=\"Skizze\" \/>\n<meta property=\"article:publisher\" content=\"http:\/\/www.facebook.com\/VunderSkizze\" \/>\n<meta property=\"og:image\" content=\"https:\/\/hobstop.ee\/media\/4453.jpg\" \/>\n\t<meta property=\"og:image:width\" content=\"1024\" \/>\n\t<meta property=\"og:image:height\" content=\"768\" \/>\n\t<meta property=\"og:image:type\" content=\"image\/jpeg\" \/>\n<meta name=\"twitter:card\" content=\"summary_large_image\" \/>\n<meta name=\"twitter:label1\" content=\"Est. reading time\" \/>\n\t<meta name=\"twitter:data1\" content=\"1 minute\" \/>\n<script type=\"application\/ld+json\" class=\"yoast-schema-graph\">{\"@context\":\"https:\/\/schema.org\",\"@graph\":[{\"@type\":\"WebPage\",\"@id\":\"https:\/\/hobstop.ee\/lt\/produktas\/guasas-maped-colorpeps-tubelese\/\",\"url\":\"https:\/\/hobstop.ee\/lt\/produktas\/guasas-maped-colorpeps-tubelese\/\",\"name\":\"Gua\u0161as Maped Color'Peps t\u016bbel\u0117se &#8211; Skizze\",\"isPartOf\":{\"@id\":\"https:\/\/hobstop.ee\/lt\/#website\"},\"primaryImageOfPage\":{\"@id\":\"https:\/\/hobstop.ee\/lt\/produktas\/guasas-maped-colorpeps-tubelese\/#primaryimage\"},\"image\":{\"@id\":\"https:\/\/hobstop.ee\/lt\/produktas\/guasas-maped-colorpeps-tubelese\/#primaryimage\"},\"thumbnailUrl\":\"https:\/\/hobstop.ee\/media\/4453.jpg\",\"datePublished\":\"2017-04-04T08:57:47+00:00\",\"dateModified\":\"2017-04-04T08:57:47+00:00\",\"breadcrumb\":{\"@id\":\"https:\/\/hobstop.ee\/lt\/produktas\/guasas-maped-colorpeps-tubelese\/#breadcrumb\"},\"inLanguage\":\"lt\",\"potentialAction\":[{\"@type\":\"ReadAction\",\"target\":[\"https:\/\/hobstop.ee\/lt\/produktas\/guasas-maped-colorpeps-tubelese\/\"]}]},{\"@type\":\"ImageObject\",\"inLanguage\":\"lt\",\"@id\":\"https:\/\/hobstop.ee\/lt\/produktas\/guasas-maped-colorpeps-tubelese\/#primaryimage\",\"url\":\"https:\/\/hobstop.ee\/media\/4453.jpg\",\"contentUrl\":\"https:\/\/hobstop.ee\/media\/4453.jpg\",\"width\":1024,\"height\":768},{\"@type\":\"BreadcrumbList\",\"@id\":\"https:\/\/hobstop.ee\/lt\/produktas\/guasas-maped-colorpeps-tubelese\/#breadcrumb\",\"itemListElement\":[{\"@type\":\"ListItem\",\"position\":1,\"name\":\"Avaleht\",\"item\":\"https:\/\/hobstop.ee\/lt\/\"},{\"@type\":\"ListItem\",\"position\":2,\"name\":\"Parduotuv\u0117\",\"item\":\"https:\/\/hobstop.ee\/lt\/parduotuve\/\"},{\"@type\":\"ListItem\",\"position\":3,\"name\":\"Gua\u0161as Maped Color&#8217;Peps t\u016bbel\u0117se\"}]},{\"@type\":\"WebSite\",\"@id\":\"https:\/\/hobstop.ee\/lt\/#website\",\"url\":\"https:\/\/hobstop.ee\/lt\/\",\"name\":\"Skizze\",\"description\":\"Dail\u0117s, pom\u0117gi\u0173 ir mokykliniai reikm\u0117nys\",\"publisher\":{\"@id\":\"https:\/\/hobstop.ee\/lt\/#organization\"},\"potentialAction\":[{\"@type\":\"SearchAction\",\"target\":{\"@type\":\"EntryPoint\",\"urlTemplate\":\"https:\/\/hobstop.ee\/lt\/?s={search_term_string}\"},\"query-input\":{\"@type\":\"PropertyValueSpecification\",\"valueRequired\":true,\"valueName\":\"search_term_string\"}}],\"inLanguage\":\"lt\"},{\"@type\":\"Organization\",\"@id\":\"https:\/\/hobstop.ee\/lt\/#organization\",\"name\":\"Vunder AS\",\"url\":\"https:\/\/hobstop.ee\/lt\/\",\"logo\":{\"@type\":\"ImageObject\",\"inLanguage\":\"lt\",\"@id\":\"https:\/\/hobstop.ee\/lt\/#\/schema\/logo\/image\/\",\"url\":\"https:\/\/hobstop.ee\/media\/vunder-logo.png\",\"contentUrl\":\"https:\/\/hobstop.ee\/media\/vunder-logo.png\",\"width\":127,\"height\":55,\"caption\":\"Vunder AS\"},\"image\":{\"@id\":\"https:\/\/hobstop.ee\/lt\/#\/schema\/logo\/image\/\"},\"sameAs\":[\"http:\/\/www.facebook.com\/VunderSkizze\"]}]}<\/script>\n<!-- \/ Yoast SEO plugin. -->","yoast_head_json":{"title":"Gua\u0161as Maped Color'Peps t\u016bbel\u0117se &#8211; Skizze","robots":{"index":"noindex","follow":"follow","max-snippet":"max-snippet:-1","max-image-preview":"max-image-preview:large","max-video-preview":"max-video-preview:-1"},"og_locale":"lt_LT","og_type":"article","og_title":"Gua\u0161as Maped Color'Peps t\u016bbel\u0117se &#8211; Skizze","og_description":"Tapyba yra svarbus u\u017esi\u0117mimas vaikams, kurio metu jie atranda spalvas, leid\u017eia pasireik\u0161ti j\u0173 vaizduotei, skatina k\u016brybi\u0161kum\u0105 ir ugdo motorinius \u012fg\u016bd\u017eius. \u201eMaped\u201c si\u016blo auk\u0161tos kokyb\u0117s gua\u0161o da\u017eus, kuri\u0173 galios negalima nepasteb\u0117ti! Gua\u0161e \u201eMaped Color\u2019Peps\u201c yra daug pigmento, ry\u0161ki\u0173 spalv\u0173, jo spalvas galima mai\u0161yti tarpusavyje ir taip i\u0161gauti nesuskai\u010diuojamus atspalvius. T\u016bbel\u0117se supakuoto \u201eMaped Color\u2019Peps\u201c gua\u0161o sud\u0117tis yra koncentruota ir puikiai tinka \u012fvairiems efektams kurti, priklausomai nuo skied\u017eiamo vandens kiekio \u2013 nuo beveik permatomo ir gausiai padengto da\u017eais. T\u016bbel\u0117s yra labai prakti\u0161kos, lengvai atidaromos su pritaisytu dangteliu.","og_url":"https:\/\/hobstop.ee\/lt\/produktas\/guasas-maped-colorpeps-tubelese\/","og_site_name":"Skizze","article_publisher":"http:\/\/www.facebook.com\/VunderSkizze","og_image":[{"width":1024,"height":768,"url":"https:\/\/hobstop.ee\/media\/4453.jpg","type":"image\/jpeg"}],"twitter_card":"summary_large_image","twitter_misc":{"Est. reading time":"1 minute"},"schema":{"@context":"https:\/\/schema.org","@graph":[{"@type":"WebPage","@id":"https:\/\/hobstop.ee\/lt\/produktas\/guasas-maped-colorpeps-tubelese\/","url":"https:\/\/hobstop.ee\/lt\/produktas\/guasas-maped-colorpeps-tubelese\/","name":"Gua\u0161as Maped Color'Peps t\u016bbel\u0117se &#8211; Skizze","isPartOf":{"@id":"https:\/\/hobstop.ee\/lt\/#website"},"primaryImageOfPage":{"@id":"https:\/\/hobstop.ee\/lt\/produktas\/guasas-maped-colorpeps-tubelese\/#primaryimage"},"image":{"@id":"https:\/\/hobstop.ee\/lt\/produktas\/guasas-maped-colorpeps-tubelese\/#primaryimage"},"thumbnailUrl":"https:\/\/hobstop.ee\/media\/4453.jpg","datePublished":"2017-04-04T08:57:47+00:00","dateModified":"2017-04-04T08:57:47+00:00","breadcrumb":{"@id":"https:\/\/hobstop.ee\/lt\/produktas\/guasas-maped-colorpeps-tubelese\/#breadcrumb"},"inLanguage":"lt","potentialAction":[{"@type":"ReadAction","target":["https:\/\/hobstop.ee\/lt\/produktas\/guasas-maped-colorpeps-tubelese\/"]}]},{"@type":"ImageObject","inLanguage":"lt","@id":"https:\/\/hobstop.ee\/lt\/produktas\/guasas-maped-colorpeps-tubelese\/#primaryimage","url":"https:\/\/hobstop.ee\/media\/4453.jpg","contentUrl":"https:\/\/hobstop.ee\/media\/4453.jpg","width":1024,"height":768},{"@type":"BreadcrumbList","@id":"https:\/\/hobstop.ee\/lt\/produktas\/guasas-maped-colorpeps-tubelese\/#breadcrumb","itemListElement":[{"@type":"ListItem","position":1,"name":"Avaleht","item":"https:\/\/hobstop.ee\/lt\/"},{"@type":"ListItem","position":2,"name":"Parduotuv\u0117","item":"https:\/\/hobstop.ee\/lt\/parduotuve\/"},{"@type":"ListItem","position":3,"name":"Gua\u0161as Maped Color&#8217;Peps t\u016bbel\u0117se"}]},{"@type":"WebSite","@id":"https:\/\/hobstop.ee\/lt\/#website","url":"https:\/\/hobstop.ee\/lt\/","name":"Skizze","description":"Dail\u0117s, pom\u0117gi\u0173 ir mokykliniai reikm\u0117nys","publisher":{"@id":"https:\/\/hobstop.ee\/lt\/#organization"},"potentialAction":[{"@type":"SearchAction","target":{"@type":"EntryPoint","urlTemplate":"https:\/\/hobstop.ee\/lt\/?s={search_term_string}"},"query-input":{"@type":"PropertyValueSpecification","valueRequired":true,"valueName":"search_term_string"}}],"inLanguage":"lt"},{"@type":"Organization","@id":"https:\/\/hobstop.ee\/lt\/#organization","name":"Vunder AS","url":"https:\/\/hobstop.ee\/lt\/","logo":{"@type":"ImageObject","inLanguage":"lt","@id":"https:\/\/hobstop.ee\/lt\/#\/schema\/logo\/image\/","url":"https:\/\/hobstop.ee\/media\/vunder-logo.png","contentUrl":"https:\/\/hobstop.ee\/media\/vunder-logo.png","width":127,"height":55,"caption":"Vunder AS"},"image":{"@id":"https:\/\/hobstop.ee\/lt\/#\/schema\/logo\/image\/"},"sameAs":["http:\/\/www.facebook.com\/VunderSkizze"]}]}},"_links":{"self":[{"href":"https:\/\/hobstop.ee\/lt\/wp-json\/wp\/v2\/product\/284113","targetHints":{"allow":["GET"]}}],"collection":[{"href":"https:\/\/hobstop.ee\/lt\/wp-json\/wp\/v2\/product"}],"about":[{"href":"https:\/\/hobstop.ee\/lt\/wp-json\/wp\/v2\/types\/product"}],"replies":[{"embeddable":true,"href":"https:\/\/hobstop.ee\/lt\/wp-json\/wp\/v2\/comments?post=284113"}],"wp:featuredmedia":[{"embeddable":true,"href":"https:\/\/hobstop.ee\/lt\/wp-json\/wp\/v2\/media\/284650"}],"wp:attachment":[{"href":"https:\/\/hobstop.ee\/lt\/wp-json\/wp\/v2\/media?parent=284113"}],"wp:term":[{"taxonomy":"product_cat","embeddable":true,"href":"https:\/\/hobstop.ee\/lt\/wp-json\/wp\/v2\/product_cat?post=284113"},{"taxonomy":"product_tag","embeddable":true,"href":"https:\/\/hobstop.ee\/lt\/wp-json\/wp\/v2\/product_tag?post=284113"}],"curies":[{"name":"wp","href":"https:\/\/api.w.org\/{rel}","templated":true}]}}