{"id":284121,"date":"2017-04-04T11:57:49","date_gmt":"2017-04-04T08:57:49","guid":{"rendered":"https:\/\/sharks.ee\/vunder_2019\/lt\/product\/teptukas-raphael-textura-292-plokscias\/"},"modified":"2017-04-04T11:57:49","modified_gmt":"2017-04-04T08:57:49","slug":"teptukas-raphael-textura-292-plokscias","status":"publish","type":"product","link":"https:\/\/hobstop.ee\/lt\/produktas\/teptukas-raphael-textura-292-plokscias\/","title":{"rendered":"Teptukas Raphael Textura 292 plok\u0161\u010dias"},"content":{"rendered":"<p>D\u0117l savo jautrumo ir patvarumo teptukai \u201eTextura\u201c yra idealus pasirinkimas dirbant su tir\u0161tais da\u017eais. Teptukai \u201eTextura\u201c yra skirti darbui impasto technika ir i\u0161gauti reljefinius efektus tir\u0161tais akriliniais da\u017eais ir geliais. Plat\u016bs teptukai yra svarbi daugelio tapan\u010di\u0173 ant dideli\u0173 plot\u0173 ir naudojan\u010di\u0173 dideles da\u017e\u0173 talpas dailinink\u0173 darbo priemon\u0117. Pagaminti i\u0161 labai tvirt\u0173, trump\u0173, stand\u017ei\u0173 sintetini\u0173 plaukeli\u0173. Teptukas su ner\u016bdijan\u010dio plieno \u017eiedu, ultravioletiniu laku dengtu koteliu ir rudu galiuku.<br \/>\nTapymo technika: akriliniai da\u017eai<\/p>\n","protected":false},"excerpt":{"rendered":"<p>D\u0117l savo jautrumo ir patvarumo teptukai \u201eTextura\u201c yra idealus pasirinkimas dirbant su tir\u0161tais da\u017eais. Teptukai \u201eTextura\u201c yra skirti darbui impasto technika ir i\u0161gauti reljefinius efektus tir\u0161tais akriliniais da\u017eais ir geliais. Plat\u016bs teptukai yra svarbi daugelio tapan\u010di\u0173 ant dideli\u0173 plot\u0173 ir naudojan\u010di\u0173 dideles da\u017e\u0173 talpas dailinink\u0173 darbo priemon\u0117. Pagaminti i\u0161 labai tvirt\u0173, trump\u0173, stand\u017ei\u0173 sintetini\u0173 plaukeli\u0173. Teptukas su ner\u016bdijan\u010dio plieno \u017eiedu, ultravioletiniu laku dengtu koteliu ir rudu galiuku. Tapymo technika: akriliniai da\u017eai<\/p>\n","protected":false},"featured_media":284658,"comment_status":"closed","ping_status":"closed","template":"","meta":{"_acf_changed":false,"ep_exclude_from_search":false},"product_cat":[16124,15042,18651],"product_tag":[],"class_list":{"0":"post-284121","1":"product","2":"type-product","3":"status-publish","4":"has-post-thumbnail","6":"product_cat-dailes-prekes","7":"product_cat-sintetiniai-teptukai-2","8":"product_cat-teptukai-ir-irankiai-tapymui","10":"first","11":"instock","12":"taxable","13":"shipping-taxable","14":"purchasable","15":"product-type-simple"},"acf":[],"yoast_head":"<!-- This site is optimized with the Yoast SEO plugin v24.1 - https:\/\/yoast.com\/wordpress\/plugins\/seo\/ -->\n<title>Teptukas Raphael Textura 292 plok\u0161\u010dias &#8211; Skizze<\/title>\n<meta name=\"robots\" content=\"noindex, follow, max-snippet:-1, max-image-preview:large, max-video-preview:-1\" \/>\n<meta property=\"og:locale\" content=\"lt_LT\" \/>\n<meta property=\"og:type\" content=\"article\" \/>\n<meta property=\"og:title\" content=\"Teptukas Raphael Textura 292 plok\u0161\u010dias &#8211; Skizze\" \/>\n<meta property=\"og:description\" content=\"D\u0117l savo jautrumo ir patvarumo teptukai \u201eTextura\u201c yra idealus pasirinkimas dirbant su tir\u0161tais da\u017eais. Teptukai \u201eTextura\u201c yra skirti darbui impasto technika ir i\u0161gauti reljefinius efektus tir\u0161tais akriliniais da\u017eais ir geliais. Plat\u016bs teptukai yra svarbi daugelio tapan\u010di\u0173 ant dideli\u0173 plot\u0173 ir naudojan\u010di\u0173 dideles da\u017e\u0173 talpas dailinink\u0173 darbo priemon\u0117. Pagaminti i\u0161 labai tvirt\u0173, trump\u0173, stand\u017ei\u0173 sintetini\u0173 plaukeli\u0173. Teptukas su ner\u016bdijan\u010dio plieno \u017eiedu, ultravioletiniu laku dengtu koteliu ir rudu galiuku. Tapymo technika: akriliniai da\u017eai\" \/>\n<meta property=\"og:url\" content=\"https:\/\/hobstop.ee\/lt\/produktas\/teptukas-raphael-textura-292-plokscias\/\" \/>\n<meta property=\"og:site_name\" content=\"Skizze\" \/>\n<meta property=\"article:publisher\" content=\"http:\/\/www.facebook.com\/VunderSkizze\" \/>\n<meta property=\"og:image\" content=\"https:\/\/hobstop.ee\/media\/4477.jpg\" \/>\n\t<meta property=\"og:image:width\" content=\"1024\" \/>\n\t<meta property=\"og:image:height\" content=\"768\" \/>\n\t<meta property=\"og:image:type\" content=\"image\/jpeg\" \/>\n<meta name=\"twitter:card\" content=\"summary_large_image\" \/>\n<script type=\"application\/ld+json\" class=\"yoast-schema-graph\">{\"@context\":\"https:\/\/schema.org\",\"@graph\":[{\"@type\":\"WebPage\",\"@id\":\"https:\/\/hobstop.ee\/lt\/produktas\/teptukas-raphael-textura-292-plokscias\/\",\"url\":\"https:\/\/hobstop.ee\/lt\/produktas\/teptukas-raphael-textura-292-plokscias\/\",\"name\":\"Teptukas Raphael Textura 292 plok\u0161\u010dias &#8211; Skizze\",\"isPartOf\":{\"@id\":\"https:\/\/hobstop.ee\/lt\/#website\"},\"primaryImageOfPage\":{\"@id\":\"https:\/\/hobstop.ee\/lt\/produktas\/teptukas-raphael-textura-292-plokscias\/#primaryimage\"},\"image\":{\"@id\":\"https:\/\/hobstop.ee\/lt\/produktas\/teptukas-raphael-textura-292-plokscias\/#primaryimage\"},\"thumbnailUrl\":\"https:\/\/hobstop.ee\/media\/4477.jpg\",\"datePublished\":\"2017-04-04T08:57:49+00:00\",\"dateModified\":\"2017-04-04T08:57:49+00:00\",\"breadcrumb\":{\"@id\":\"https:\/\/hobstop.ee\/lt\/produktas\/teptukas-raphael-textura-292-plokscias\/#breadcrumb\"},\"inLanguage\":\"lt\",\"potentialAction\":[{\"@type\":\"ReadAction\",\"target\":[\"https:\/\/hobstop.ee\/lt\/produktas\/teptukas-raphael-textura-292-plokscias\/\"]}]},{\"@type\":\"ImageObject\",\"inLanguage\":\"lt\",\"@id\":\"https:\/\/hobstop.ee\/lt\/produktas\/teptukas-raphael-textura-292-plokscias\/#primaryimage\",\"url\":\"https:\/\/hobstop.ee\/media\/4477.jpg\",\"contentUrl\":\"https:\/\/hobstop.ee\/media\/4477.jpg\",\"width\":1024,\"height\":768},{\"@type\":\"BreadcrumbList\",\"@id\":\"https:\/\/hobstop.ee\/lt\/produktas\/teptukas-raphael-textura-292-plokscias\/#breadcrumb\",\"itemListElement\":[{\"@type\":\"ListItem\",\"position\":1,\"name\":\"Avaleht\",\"item\":\"https:\/\/hobstop.ee\/lt\/\"},{\"@type\":\"ListItem\",\"position\":2,\"name\":\"Parduotuv\u0117\",\"item\":\"https:\/\/hobstop.ee\/lt\/parduotuve\/\"},{\"@type\":\"ListItem\",\"position\":3,\"name\":\"Teptukas Raphael Textura 292 plok\u0161\u010dias\"}]},{\"@type\":\"WebSite\",\"@id\":\"https:\/\/hobstop.ee\/lt\/#website\",\"url\":\"https:\/\/hobstop.ee\/lt\/\",\"name\":\"Skizze\",\"description\":\"Dail\u0117s, pom\u0117gi\u0173 ir mokykliniai reikm\u0117nys\",\"publisher\":{\"@id\":\"https:\/\/hobstop.ee\/lt\/#organization\"},\"potentialAction\":[{\"@type\":\"SearchAction\",\"target\":{\"@type\":\"EntryPoint\",\"urlTemplate\":\"https:\/\/hobstop.ee\/lt\/?s={search_term_string}\"},\"query-input\":{\"@type\":\"PropertyValueSpecification\",\"valueRequired\":true,\"valueName\":\"search_term_string\"}}],\"inLanguage\":\"lt\"},{\"@type\":\"Organization\",\"@id\":\"https:\/\/hobstop.ee\/lt\/#organization\",\"name\":\"Vunder AS\",\"url\":\"https:\/\/hobstop.ee\/lt\/\",\"logo\":{\"@type\":\"ImageObject\",\"inLanguage\":\"lt\",\"@id\":\"https:\/\/hobstop.ee\/lt\/#\/schema\/logo\/image\/\",\"url\":\"https:\/\/hobstop.ee\/media\/vunder-logo.png\",\"contentUrl\":\"https:\/\/hobstop.ee\/media\/vunder-logo.png\",\"width\":127,\"height\":55,\"caption\":\"Vunder AS\"},\"image\":{\"@id\":\"https:\/\/hobstop.ee\/lt\/#\/schema\/logo\/image\/\"},\"sameAs\":[\"http:\/\/www.facebook.com\/VunderSkizze\"]}]}<\/script>\n<!-- \/ Yoast SEO plugin. -->","yoast_head_json":{"title":"Teptukas Raphael Textura 292 plok\u0161\u010dias &#8211; Skizze","robots":{"index":"noindex","follow":"follow","max-snippet":"max-snippet:-1","max-image-preview":"max-image-preview:large","max-video-preview":"max-video-preview:-1"},"og_locale":"lt_LT","og_type":"article","og_title":"Teptukas Raphael Textura 292 plok\u0161\u010dias &#8211; Skizze","og_description":"D\u0117l savo jautrumo ir patvarumo teptukai \u201eTextura\u201c yra idealus pasirinkimas dirbant su tir\u0161tais da\u017eais. Teptukai \u201eTextura\u201c yra skirti darbui impasto technika ir i\u0161gauti reljefinius efektus tir\u0161tais akriliniais da\u017eais ir geliais. Plat\u016bs teptukai yra svarbi daugelio tapan\u010di\u0173 ant dideli\u0173 plot\u0173 ir naudojan\u010di\u0173 dideles da\u017e\u0173 talpas dailinink\u0173 darbo priemon\u0117. Pagaminti i\u0161 labai tvirt\u0173, trump\u0173, stand\u017ei\u0173 sintetini\u0173 plaukeli\u0173. Teptukas su ner\u016bdijan\u010dio plieno \u017eiedu, ultravioletiniu laku dengtu koteliu ir rudu galiuku. Tapymo technika: akriliniai da\u017eai","og_url":"https:\/\/hobstop.ee\/lt\/produktas\/teptukas-raphael-textura-292-plokscias\/","og_site_name":"Skizze","article_publisher":"http:\/\/www.facebook.com\/VunderSkizze","og_image":[{"width":1024,"height":768,"url":"https:\/\/hobstop.ee\/media\/4477.jpg","type":"image\/jpeg"}],"twitter_card":"summary_large_image","schema":{"@context":"https:\/\/schema.org","@graph":[{"@type":"WebPage","@id":"https:\/\/hobstop.ee\/lt\/produktas\/teptukas-raphael-textura-292-plokscias\/","url":"https:\/\/hobstop.ee\/lt\/produktas\/teptukas-raphael-textura-292-plokscias\/","name":"Teptukas Raphael Textura 292 plok\u0161\u010dias &#8211; Skizze","isPartOf":{"@id":"https:\/\/hobstop.ee\/lt\/#website"},"primaryImageOfPage":{"@id":"https:\/\/hobstop.ee\/lt\/produktas\/teptukas-raphael-textura-292-plokscias\/#primaryimage"},"image":{"@id":"https:\/\/hobstop.ee\/lt\/produktas\/teptukas-raphael-textura-292-plokscias\/#primaryimage"},"thumbnailUrl":"https:\/\/hobstop.ee\/media\/4477.jpg","datePublished":"2017-04-04T08:57:49+00:00","dateModified":"2017-04-04T08:57:49+00:00","breadcrumb":{"@id":"https:\/\/hobstop.ee\/lt\/produktas\/teptukas-raphael-textura-292-plokscias\/#breadcrumb"},"inLanguage":"lt","potentialAction":[{"@type":"ReadAction","target":["https:\/\/hobstop.ee\/lt\/produktas\/teptukas-raphael-textura-292-plokscias\/"]}]},{"@type":"ImageObject","inLanguage":"lt","@id":"https:\/\/hobstop.ee\/lt\/produktas\/teptukas-raphael-textura-292-plokscias\/#primaryimage","url":"https:\/\/hobstop.ee\/media\/4477.jpg","contentUrl":"https:\/\/hobstop.ee\/media\/4477.jpg","width":1024,"height":768},{"@type":"BreadcrumbList","@id":"https:\/\/hobstop.ee\/lt\/produktas\/teptukas-raphael-textura-292-plokscias\/#breadcrumb","itemListElement":[{"@type":"ListItem","position":1,"name":"Avaleht","item":"https:\/\/hobstop.ee\/lt\/"},{"@type":"ListItem","position":2,"name":"Parduotuv\u0117","item":"https:\/\/hobstop.ee\/lt\/parduotuve\/"},{"@type":"ListItem","position":3,"name":"Teptukas Raphael Textura 292 plok\u0161\u010dias"}]},{"@type":"WebSite","@id":"https:\/\/hobstop.ee\/lt\/#website","url":"https:\/\/hobstop.ee\/lt\/","name":"Skizze","description":"Dail\u0117s, pom\u0117gi\u0173 ir mokykliniai reikm\u0117nys","publisher":{"@id":"https:\/\/hobstop.ee\/lt\/#organization"},"potentialAction":[{"@type":"SearchAction","target":{"@type":"EntryPoint","urlTemplate":"https:\/\/hobstop.ee\/lt\/?s={search_term_string}"},"query-input":{"@type":"PropertyValueSpecification","valueRequired":true,"valueName":"search_term_string"}}],"inLanguage":"lt"},{"@type":"Organization","@id":"https:\/\/hobstop.ee\/lt\/#organization","name":"Vunder AS","url":"https:\/\/hobstop.ee\/lt\/","logo":{"@type":"ImageObject","inLanguage":"lt","@id":"https:\/\/hobstop.ee\/lt\/#\/schema\/logo\/image\/","url":"https:\/\/hobstop.ee\/media\/vunder-logo.png","contentUrl":"https:\/\/hobstop.ee\/media\/vunder-logo.png","width":127,"height":55,"caption":"Vunder AS"},"image":{"@id":"https:\/\/hobstop.ee\/lt\/#\/schema\/logo\/image\/"},"sameAs":["http:\/\/www.facebook.com\/VunderSkizze"]}]}},"_links":{"self":[{"href":"https:\/\/hobstop.ee\/lt\/wp-json\/wp\/v2\/product\/284121","targetHints":{"allow":["GET"]}}],"collection":[{"href":"https:\/\/hobstop.ee\/lt\/wp-json\/wp\/v2\/product"}],"about":[{"href":"https:\/\/hobstop.ee\/lt\/wp-json\/wp\/v2\/types\/product"}],"replies":[{"embeddable":true,"href":"https:\/\/hobstop.ee\/lt\/wp-json\/wp\/v2\/comments?post=284121"}],"wp:featuredmedia":[{"embeddable":true,"href":"https:\/\/hobstop.ee\/lt\/wp-json\/wp\/v2\/media\/284658"}],"wp:attachment":[{"href":"https:\/\/hobstop.ee\/lt\/wp-json\/wp\/v2\/media?parent=284121"}],"wp:term":[{"taxonomy":"product_cat","embeddable":true,"href":"https:\/\/hobstop.ee\/lt\/wp-json\/wp\/v2\/product_cat?post=284121"},{"taxonomy":"product_tag","embeddable":true,"href":"https:\/\/hobstop.ee\/lt\/wp-json\/wp\/v2\/product_tag?post=284121"}],"curies":[{"name":"wp","href":"https:\/\/api.w.org\/{rel}","templated":true}]}}