{"id":284129,"date":"2017-04-04T11:57:51","date_gmt":"2017-04-04T08:57:51","guid":{"rendered":"https:\/\/sharks.ee\/vunder_2019\/lt\/product\/teptukas-raphael-softaqua-296-plokscias\/"},"modified":"2017-04-04T11:57:51","modified_gmt":"2017-04-04T08:57:51","slug":"teptukas-raphael-softaqua-296-plokscias","status":"publish","type":"product","link":"https:\/\/hobstop.ee\/lt\/produktas\/teptukas-raphael-softaqua-296-plokscias\/","title":{"rendered":"Teptukas Raphael Softaqua 296 plok\u0161\u010dias"},"content":{"rendered":"<p>Du \u0161imtus met\u0173 patirties turinti firma &#8220;Raphael&#8221; suk\u016br\u0117 sintetin\u012f pluo\u0161t\u0105, skirt\u0105 lieti akvarele. Skirtingai nuo \u012fprasto, tiesaus sintetinio pluo\u0161to, \u0161is yra banguotos formos, tod\u0117l tarp plaukeli\u0173 yra daugiau vietos vandens molekul\u0117ms. \u0160i ypatyb\u0117 u\u017etikrina, kad teptukas i\u0161laiko du kartus daugiau da\u017e\u0173. &#8220;Softaqua&#8221; teptukai yra labai patvar\u016bs, j\u0173 trumpas kotelis, tod\u0117l teptuko jud\u0117jim\u0105 yra lengva valdyti. Tinka \u012fvairioms \u0161lapioms technikoms, pavyzd\u017eiui, akvarelei, gua\u0161ui, tapybai ant \u0161ilko ir t.t. Plat\u016bs teptukai yra svarbi daugelio tapan\u010di\u0173 ant dideli\u0173 plot\u0173 ir naudojan\u010di\u0173 dideles da\u017e\u0173 talpas dailinink\u0173 darbo priemon\u0117. Su ner\u016bdijan\u010dio plieno \u017eiedu, ultravioletiniu laku dengtu koteliu ir juodu galiuku.<\/p>\n","protected":false},"excerpt":{"rendered":"<p>Du \u0161imtus met\u0173 patirties turinti firma &#8220;Raphael&#8221; suk\u016br\u0117 sintetin\u012f pluo\u0161t\u0105, skirt\u0105 lieti akvarele. Skirtingai nuo \u012fprasto, tiesaus sintetinio pluo\u0161to, \u0161is yra banguotos formos, tod\u0117l tarp plaukeli\u0173 yra daugiau vietos vandens molekul\u0117ms. \u0160i ypatyb\u0117 u\u017etikrina, kad teptukas i\u0161laiko du kartus daugiau da\u017e\u0173. &#8220;Softaqua&#8221; teptukai yra labai patvar\u016bs, j\u0173 trumpas kotelis, tod\u0117l teptuko jud\u0117jim\u0105 yra lengva valdyti. Tinka \u012fvairioms \u0161lapioms technikoms, pavyzd\u017eiui, akvarelei, gua\u0161ui, tapybai ant \u0161ilko ir t.t. Plat\u016bs teptukai yra svarbi daugelio tapan\u010di\u0173 ant dideli\u0173 plot\u0173 ir naudojan\u010di\u0173 dideles da\u017e\u0173 talpas dailinink\u0173 darbo priemon\u0117. Su ner\u016bdijan\u010dio plieno \u017eiedu, ultravioletiniu laku dengtu koteliu ir juodu galiuku.<\/p>\n","protected":false},"featured_media":284666,"comment_status":"closed","ping_status":"closed","template":"","meta":{"_acf_changed":false,"ep_exclude_from_search":false},"product_cat":[16124,15042,18651],"product_tag":[],"class_list":{"0":"post-284129","1":"product","2":"type-product","3":"status-publish","4":"has-post-thumbnail","6":"product_cat-dailes-prekes","7":"product_cat-sintetiniai-teptukai-2","8":"product_cat-teptukai-ir-irankiai-tapymui","10":"first","11":"outofstock","12":"taxable","13":"shipping-taxable","14":"purchasable","15":"product-type-simple"},"acf":[],"yoast_head":"<!-- This site is optimized with the Yoast SEO plugin v24.1 - https:\/\/yoast.com\/wordpress\/plugins\/seo\/ -->\n<title>Teptukas Raphael Softaqua 296 plok\u0161\u010dias &#8211; Skizze<\/title>\n<meta name=\"robots\" content=\"noindex, follow, max-snippet:-1, max-image-preview:large, max-video-preview:-1\" \/>\n<meta property=\"og:locale\" content=\"lt_LT\" \/>\n<meta property=\"og:type\" content=\"article\" \/>\n<meta property=\"og:title\" content=\"Teptukas Raphael Softaqua 296 plok\u0161\u010dias &#8211; Skizze\" \/>\n<meta property=\"og:description\" content=\"Du \u0161imtus met\u0173 patirties turinti firma &#8220;Raphael&#8221; suk\u016br\u0117 sintetin\u012f pluo\u0161t\u0105, skirt\u0105 lieti akvarele. Skirtingai nuo \u012fprasto, tiesaus sintetinio pluo\u0161to, \u0161is yra banguotos formos, tod\u0117l tarp plaukeli\u0173 yra daugiau vietos vandens molekul\u0117ms. \u0160i ypatyb\u0117 u\u017etikrina, kad teptukas i\u0161laiko du kartus daugiau da\u017e\u0173. &#8220;Softaqua&#8221; teptukai yra labai patvar\u016bs, j\u0173 trumpas kotelis, tod\u0117l teptuko jud\u0117jim\u0105 yra lengva valdyti. Tinka \u012fvairioms \u0161lapioms technikoms, pavyzd\u017eiui, akvarelei, gua\u0161ui, tapybai ant \u0161ilko ir t.t. Plat\u016bs teptukai yra svarbi daugelio tapan\u010di\u0173 ant dideli\u0173 plot\u0173 ir naudojan\u010di\u0173 dideles da\u017e\u0173 talpas dailinink\u0173 darbo priemon\u0117. Su ner\u016bdijan\u010dio plieno \u017eiedu, ultravioletiniu laku dengtu koteliu ir juodu galiuku.\" \/>\n<meta property=\"og:url\" content=\"https:\/\/hobstop.ee\/lt\/produktas\/teptukas-raphael-softaqua-296-plokscias\/\" \/>\n<meta property=\"og:site_name\" content=\"Skizze\" \/>\n<meta property=\"article:publisher\" content=\"http:\/\/www.facebook.com\/VunderSkizze\" \/>\n<meta property=\"og:image\" content=\"https:\/\/hobstop.ee\/media\/4479.jpg\" \/>\n\t<meta property=\"og:image:width\" content=\"1024\" \/>\n\t<meta property=\"og:image:height\" content=\"768\" \/>\n\t<meta property=\"og:image:type\" content=\"image\/jpeg\" \/>\n<meta name=\"twitter:card\" content=\"summary_large_image\" \/>\n<meta name=\"twitter:label1\" content=\"Est. reading time\" \/>\n\t<meta name=\"twitter:data1\" content=\"1 minute\" \/>\n<script type=\"application\/ld+json\" class=\"yoast-schema-graph\">{\"@context\":\"https:\/\/schema.org\",\"@graph\":[{\"@type\":\"WebPage\",\"@id\":\"https:\/\/hobstop.ee\/lt\/produktas\/teptukas-raphael-softaqua-296-plokscias\/\",\"url\":\"https:\/\/hobstop.ee\/lt\/produktas\/teptukas-raphael-softaqua-296-plokscias\/\",\"name\":\"Teptukas Raphael Softaqua 296 plok\u0161\u010dias &#8211; Skizze\",\"isPartOf\":{\"@id\":\"https:\/\/hobstop.ee\/lt\/#website\"},\"primaryImageOfPage\":{\"@id\":\"https:\/\/hobstop.ee\/lt\/produktas\/teptukas-raphael-softaqua-296-plokscias\/#primaryimage\"},\"image\":{\"@id\":\"https:\/\/hobstop.ee\/lt\/produktas\/teptukas-raphael-softaqua-296-plokscias\/#primaryimage\"},\"thumbnailUrl\":\"https:\/\/hobstop.ee\/media\/4479.jpg\",\"datePublished\":\"2017-04-04T08:57:51+00:00\",\"dateModified\":\"2017-04-04T08:57:51+00:00\",\"breadcrumb\":{\"@id\":\"https:\/\/hobstop.ee\/lt\/produktas\/teptukas-raphael-softaqua-296-plokscias\/#breadcrumb\"},\"inLanguage\":\"lt\",\"potentialAction\":[{\"@type\":\"ReadAction\",\"target\":[\"https:\/\/hobstop.ee\/lt\/produktas\/teptukas-raphael-softaqua-296-plokscias\/\"]}]},{\"@type\":\"ImageObject\",\"inLanguage\":\"lt\",\"@id\":\"https:\/\/hobstop.ee\/lt\/produktas\/teptukas-raphael-softaqua-296-plokscias\/#primaryimage\",\"url\":\"https:\/\/hobstop.ee\/media\/4479.jpg\",\"contentUrl\":\"https:\/\/hobstop.ee\/media\/4479.jpg\",\"width\":1024,\"height\":768},{\"@type\":\"BreadcrumbList\",\"@id\":\"https:\/\/hobstop.ee\/lt\/produktas\/teptukas-raphael-softaqua-296-plokscias\/#breadcrumb\",\"itemListElement\":[{\"@type\":\"ListItem\",\"position\":1,\"name\":\"Avaleht\",\"item\":\"https:\/\/hobstop.ee\/lt\/\"},{\"@type\":\"ListItem\",\"position\":2,\"name\":\"Parduotuv\u0117\",\"item\":\"https:\/\/hobstop.ee\/lt\/parduotuve\/\"},{\"@type\":\"ListItem\",\"position\":3,\"name\":\"Teptukas Raphael Softaqua 296 plok\u0161\u010dias\"}]},{\"@type\":\"WebSite\",\"@id\":\"https:\/\/hobstop.ee\/lt\/#website\",\"url\":\"https:\/\/hobstop.ee\/lt\/\",\"name\":\"Skizze\",\"description\":\"Dail\u0117s, pom\u0117gi\u0173 ir mokykliniai reikm\u0117nys\",\"publisher\":{\"@id\":\"https:\/\/hobstop.ee\/lt\/#organization\"},\"potentialAction\":[{\"@type\":\"SearchAction\",\"target\":{\"@type\":\"EntryPoint\",\"urlTemplate\":\"https:\/\/hobstop.ee\/lt\/?s={search_term_string}\"},\"query-input\":{\"@type\":\"PropertyValueSpecification\",\"valueRequired\":true,\"valueName\":\"search_term_string\"}}],\"inLanguage\":\"lt\"},{\"@type\":\"Organization\",\"@id\":\"https:\/\/hobstop.ee\/lt\/#organization\",\"name\":\"Vunder AS\",\"url\":\"https:\/\/hobstop.ee\/lt\/\",\"logo\":{\"@type\":\"ImageObject\",\"inLanguage\":\"lt\",\"@id\":\"https:\/\/hobstop.ee\/lt\/#\/schema\/logo\/image\/\",\"url\":\"https:\/\/hobstop.ee\/media\/vunder-logo.png\",\"contentUrl\":\"https:\/\/hobstop.ee\/media\/vunder-logo.png\",\"width\":127,\"height\":55,\"caption\":\"Vunder AS\"},\"image\":{\"@id\":\"https:\/\/hobstop.ee\/lt\/#\/schema\/logo\/image\/\"},\"sameAs\":[\"http:\/\/www.facebook.com\/VunderSkizze\"]}]}<\/script>\n<!-- \/ Yoast SEO plugin. -->","yoast_head_json":{"title":"Teptukas Raphael Softaqua 296 plok\u0161\u010dias &#8211; Skizze","robots":{"index":"noindex","follow":"follow","max-snippet":"max-snippet:-1","max-image-preview":"max-image-preview:large","max-video-preview":"max-video-preview:-1"},"og_locale":"lt_LT","og_type":"article","og_title":"Teptukas Raphael Softaqua 296 plok\u0161\u010dias &#8211; Skizze","og_description":"Du \u0161imtus met\u0173 patirties turinti firma &#8220;Raphael&#8221; suk\u016br\u0117 sintetin\u012f pluo\u0161t\u0105, skirt\u0105 lieti akvarele. Skirtingai nuo \u012fprasto, tiesaus sintetinio pluo\u0161to, \u0161is yra banguotos formos, tod\u0117l tarp plaukeli\u0173 yra daugiau vietos vandens molekul\u0117ms. \u0160i ypatyb\u0117 u\u017etikrina, kad teptukas i\u0161laiko du kartus daugiau da\u017e\u0173. &#8220;Softaqua&#8221; teptukai yra labai patvar\u016bs, j\u0173 trumpas kotelis, tod\u0117l teptuko jud\u0117jim\u0105 yra lengva valdyti. Tinka \u012fvairioms \u0161lapioms technikoms, pavyzd\u017eiui, akvarelei, gua\u0161ui, tapybai ant \u0161ilko ir t.t. Plat\u016bs teptukai yra svarbi daugelio tapan\u010di\u0173 ant dideli\u0173 plot\u0173 ir naudojan\u010di\u0173 dideles da\u017e\u0173 talpas dailinink\u0173 darbo priemon\u0117. Su ner\u016bdijan\u010dio plieno \u017eiedu, ultravioletiniu laku dengtu koteliu ir juodu galiuku.","og_url":"https:\/\/hobstop.ee\/lt\/produktas\/teptukas-raphael-softaqua-296-plokscias\/","og_site_name":"Skizze","article_publisher":"http:\/\/www.facebook.com\/VunderSkizze","og_image":[{"width":1024,"height":768,"url":"https:\/\/hobstop.ee\/media\/4479.jpg","type":"image\/jpeg"}],"twitter_card":"summary_large_image","twitter_misc":{"Est. reading time":"1 minute"},"schema":{"@context":"https:\/\/schema.org","@graph":[{"@type":"WebPage","@id":"https:\/\/hobstop.ee\/lt\/produktas\/teptukas-raphael-softaqua-296-plokscias\/","url":"https:\/\/hobstop.ee\/lt\/produktas\/teptukas-raphael-softaqua-296-plokscias\/","name":"Teptukas Raphael Softaqua 296 plok\u0161\u010dias &#8211; Skizze","isPartOf":{"@id":"https:\/\/hobstop.ee\/lt\/#website"},"primaryImageOfPage":{"@id":"https:\/\/hobstop.ee\/lt\/produktas\/teptukas-raphael-softaqua-296-plokscias\/#primaryimage"},"image":{"@id":"https:\/\/hobstop.ee\/lt\/produktas\/teptukas-raphael-softaqua-296-plokscias\/#primaryimage"},"thumbnailUrl":"https:\/\/hobstop.ee\/media\/4479.jpg","datePublished":"2017-04-04T08:57:51+00:00","dateModified":"2017-04-04T08:57:51+00:00","breadcrumb":{"@id":"https:\/\/hobstop.ee\/lt\/produktas\/teptukas-raphael-softaqua-296-plokscias\/#breadcrumb"},"inLanguage":"lt","potentialAction":[{"@type":"ReadAction","target":["https:\/\/hobstop.ee\/lt\/produktas\/teptukas-raphael-softaqua-296-plokscias\/"]}]},{"@type":"ImageObject","inLanguage":"lt","@id":"https:\/\/hobstop.ee\/lt\/produktas\/teptukas-raphael-softaqua-296-plokscias\/#primaryimage","url":"https:\/\/hobstop.ee\/media\/4479.jpg","contentUrl":"https:\/\/hobstop.ee\/media\/4479.jpg","width":1024,"height":768},{"@type":"BreadcrumbList","@id":"https:\/\/hobstop.ee\/lt\/produktas\/teptukas-raphael-softaqua-296-plokscias\/#breadcrumb","itemListElement":[{"@type":"ListItem","position":1,"name":"Avaleht","item":"https:\/\/hobstop.ee\/lt\/"},{"@type":"ListItem","position":2,"name":"Parduotuv\u0117","item":"https:\/\/hobstop.ee\/lt\/parduotuve\/"},{"@type":"ListItem","position":3,"name":"Teptukas Raphael Softaqua 296 plok\u0161\u010dias"}]},{"@type":"WebSite","@id":"https:\/\/hobstop.ee\/lt\/#website","url":"https:\/\/hobstop.ee\/lt\/","name":"Skizze","description":"Dail\u0117s, pom\u0117gi\u0173 ir mokykliniai reikm\u0117nys","publisher":{"@id":"https:\/\/hobstop.ee\/lt\/#organization"},"potentialAction":[{"@type":"SearchAction","target":{"@type":"EntryPoint","urlTemplate":"https:\/\/hobstop.ee\/lt\/?s={search_term_string}"},"query-input":{"@type":"PropertyValueSpecification","valueRequired":true,"valueName":"search_term_string"}}],"inLanguage":"lt"},{"@type":"Organization","@id":"https:\/\/hobstop.ee\/lt\/#organization","name":"Vunder AS","url":"https:\/\/hobstop.ee\/lt\/","logo":{"@type":"ImageObject","inLanguage":"lt","@id":"https:\/\/hobstop.ee\/lt\/#\/schema\/logo\/image\/","url":"https:\/\/hobstop.ee\/media\/vunder-logo.png","contentUrl":"https:\/\/hobstop.ee\/media\/vunder-logo.png","width":127,"height":55,"caption":"Vunder AS"},"image":{"@id":"https:\/\/hobstop.ee\/lt\/#\/schema\/logo\/image\/"},"sameAs":["http:\/\/www.facebook.com\/VunderSkizze"]}]}},"_links":{"self":[{"href":"https:\/\/hobstop.ee\/lt\/wp-json\/wp\/v2\/product\/284129","targetHints":{"allow":["GET"]}}],"collection":[{"href":"https:\/\/hobstop.ee\/lt\/wp-json\/wp\/v2\/product"}],"about":[{"href":"https:\/\/hobstop.ee\/lt\/wp-json\/wp\/v2\/types\/product"}],"replies":[{"embeddable":true,"href":"https:\/\/hobstop.ee\/lt\/wp-json\/wp\/v2\/comments?post=284129"}],"wp:featuredmedia":[{"embeddable":true,"href":"https:\/\/hobstop.ee\/lt\/wp-json\/wp\/v2\/media\/284666"}],"wp:attachment":[{"href":"https:\/\/hobstop.ee\/lt\/wp-json\/wp\/v2\/media?parent=284129"}],"wp:term":[{"taxonomy":"product_cat","embeddable":true,"href":"https:\/\/hobstop.ee\/lt\/wp-json\/wp\/v2\/product_cat?post=284129"},{"taxonomy":"product_tag","embeddable":true,"href":"https:\/\/hobstop.ee\/lt\/wp-json\/wp\/v2\/product_tag?post=284129"}],"curies":[{"name":"wp","href":"https:\/\/api.w.org\/{rel}","templated":true}]}}