{"id":284137,"date":"2017-04-04T11:57:53","date_gmt":"2017-04-04T08:57:53","guid":{"rendered":"https:\/\/sharks.ee\/vunder_2019\/lt\/product\/teptukas-raphael-mini-precision-85346-plokscias\/"},"modified":"2017-04-04T11:57:53","modified_gmt":"2017-04-04T08:57:53","slug":"teptukas-raphael-mini-precision-85346-plokscias","status":"publish","type":"product","link":"https:\/\/hobstop.ee\/lt\/produktas\/teptukas-raphael-mini-precision-85346-plokscias\/","title":{"rendered":"Teptukas Raphael Mini Precision 85346 plok\u0161\u010dias"},"content":{"rendered":"<p>Sabalo plaukelius imituojan\u010dio pluo\u0161to teptukas \u201ePrecision\u201c puikiai tiks tiems, kurie ie\u0161ko idealaus tikslumo. Tai \u2013 tiksliausias teptukas tarp \u0161ios kategorijos priemoni\u0173, turintis visas sabalo plaukeli\u0173 savybes, geras kainos ir kokyb\u0117s santykis. Teptuk\u0105 \u201ePrecision\u201c dailininkai itin vertina d\u0117l jo sugeb\u0117jim\u0173 i\u0161saugoti form\u0105, plono galiuko, stangrumo ir tamprumo. Teptukas \u201ePrecision Mini\u201c yra ma\u017eas ir patogus paimti \u012f kelion\u0119. Jis turi nikeliuoto \u017ealvario \u017eied\u0105 ir ilg\u0105, juod\u0105 poliruot\u0105 kotel\u012f su rudos spalvos galiuku.<br \/>\nTapymo technika: akriliniai da\u017eai<\/p>\n","protected":false},"excerpt":{"rendered":"<p>Sabalo plaukelius imituojan\u010dio pluo\u0161to teptukas \u201ePrecision\u201c puikiai tiks tiems, kurie ie\u0161ko idealaus tikslumo. Tai \u2013 tiksliausias teptukas tarp \u0161ios kategorijos priemoni\u0173, turintis visas sabalo plaukeli\u0173 savybes, geras kainos ir kokyb\u0117s santykis. Teptuk\u0105 \u201ePrecision\u201c dailininkai itin vertina d\u0117l jo sugeb\u0117jim\u0173 i\u0161saugoti form\u0105, plono galiuko, stangrumo ir tamprumo. Teptukas \u201ePrecision Mini\u201c yra ma\u017eas ir patogus paimti \u012f kelion\u0119. Jis turi nikeliuoto \u017ealvario \u017eied\u0105 ir ilg\u0105, juod\u0105 poliruot\u0105 kotel\u012f su rudos spalvos galiuku. Tapymo technika: akriliniai da\u017eai<\/p>\n","protected":false},"featured_media":284674,"comment_status":"closed","ping_status":"closed","template":"","meta":{"_acf_changed":false,"ep_exclude_from_search":false},"product_cat":[16124,15042,18651],"product_tag":[],"class_list":{"0":"post-284137","1":"product","2":"type-product","3":"status-publish","4":"has-post-thumbnail","6":"product_cat-dailes-prekes","7":"product_cat-sintetiniai-teptukai-2","8":"product_cat-teptukai-ir-irankiai-tapymui","10":"first","11":"instock","12":"taxable","13":"shipping-taxable","14":"purchasable","15":"product-type-simple"},"acf":[],"yoast_head":"<!-- This site is optimized with the Yoast SEO plugin v24.1 - https:\/\/yoast.com\/wordpress\/plugins\/seo\/ -->\n<title>Teptukas Raphael Mini Precision 85346 plok\u0161\u010dias &#8211; Skizze<\/title>\n<meta name=\"robots\" content=\"noindex, follow, max-snippet:-1, max-image-preview:large, max-video-preview:-1\" \/>\n<meta property=\"og:locale\" content=\"lt_LT\" \/>\n<meta property=\"og:type\" content=\"article\" \/>\n<meta property=\"og:title\" content=\"Teptukas Raphael Mini Precision 85346 plok\u0161\u010dias &#8211; Skizze\" \/>\n<meta property=\"og:description\" content=\"Sabalo plaukelius imituojan\u010dio pluo\u0161to teptukas \u201ePrecision\u201c puikiai tiks tiems, kurie ie\u0161ko idealaus tikslumo. Tai \u2013 tiksliausias teptukas tarp \u0161ios kategorijos priemoni\u0173, turintis visas sabalo plaukeli\u0173 savybes, geras kainos ir kokyb\u0117s santykis. Teptuk\u0105 \u201ePrecision\u201c dailininkai itin vertina d\u0117l jo sugeb\u0117jim\u0173 i\u0161saugoti form\u0105, plono galiuko, stangrumo ir tamprumo. Teptukas \u201ePrecision Mini\u201c yra ma\u017eas ir patogus paimti \u012f kelion\u0119. Jis turi nikeliuoto \u017ealvario \u017eied\u0105 ir ilg\u0105, juod\u0105 poliruot\u0105 kotel\u012f su rudos spalvos galiuku. Tapymo technika: akriliniai da\u017eai\" \/>\n<meta property=\"og:url\" content=\"https:\/\/hobstop.ee\/lt\/produktas\/teptukas-raphael-mini-precision-85346-plokscias\/\" \/>\n<meta property=\"og:site_name\" content=\"Skizze\" \/>\n<meta property=\"article:publisher\" content=\"http:\/\/www.facebook.com\/VunderSkizze\" \/>\n<meta property=\"og:image\" content=\"https:\/\/www.hobstop.ee\/media\/4481.jpg\" \/>\n\t<meta property=\"og:image:width\" content=\"1024\" \/>\n\t<meta property=\"og:image:height\" content=\"768\" \/>\n\t<meta property=\"og:image:type\" content=\"image\/jpeg\" \/>\n<meta name=\"twitter:card\" content=\"summary_large_image\" \/>\n<script type=\"application\/ld+json\" class=\"yoast-schema-graph\">{\"@context\":\"https:\/\/schema.org\",\"@graph\":[{\"@type\":\"WebPage\",\"@id\":\"https:\/\/hobstop.ee\/lt\/produktas\/teptukas-raphael-mini-precision-85346-plokscias\/\",\"url\":\"https:\/\/hobstop.ee\/lt\/produktas\/teptukas-raphael-mini-precision-85346-plokscias\/\",\"name\":\"Teptukas Raphael Mini Precision 85346 plok\u0161\u010dias &#8211; Skizze\",\"isPartOf\":{\"@id\":\"https:\/\/hobstop.ee\/lt\/#website\"},\"primaryImageOfPage\":{\"@id\":\"https:\/\/hobstop.ee\/lt\/produktas\/teptukas-raphael-mini-precision-85346-plokscias\/#primaryimage\"},\"image\":{\"@id\":\"https:\/\/hobstop.ee\/lt\/produktas\/teptukas-raphael-mini-precision-85346-plokscias\/#primaryimage\"},\"thumbnailUrl\":\"https:\/\/hobstop.ee\/media\/4481.jpg\",\"datePublished\":\"2017-04-04T08:57:53+00:00\",\"dateModified\":\"2017-04-04T08:57:53+00:00\",\"breadcrumb\":{\"@id\":\"https:\/\/hobstop.ee\/lt\/produktas\/teptukas-raphael-mini-precision-85346-plokscias\/#breadcrumb\"},\"inLanguage\":\"lt\",\"potentialAction\":[{\"@type\":\"ReadAction\",\"target\":[\"https:\/\/hobstop.ee\/lt\/produktas\/teptukas-raphael-mini-precision-85346-plokscias\/\"]}]},{\"@type\":\"ImageObject\",\"inLanguage\":\"lt\",\"@id\":\"https:\/\/hobstop.ee\/lt\/produktas\/teptukas-raphael-mini-precision-85346-plokscias\/#primaryimage\",\"url\":\"https:\/\/hobstop.ee\/media\/4481.jpg\",\"contentUrl\":\"https:\/\/hobstop.ee\/media\/4481.jpg\",\"width\":1024,\"height\":768},{\"@type\":\"BreadcrumbList\",\"@id\":\"https:\/\/hobstop.ee\/lt\/produktas\/teptukas-raphael-mini-precision-85346-plokscias\/#breadcrumb\",\"itemListElement\":[{\"@type\":\"ListItem\",\"position\":1,\"name\":\"Avaleht\",\"item\":\"https:\/\/hobstop.ee\/lt\/\"},{\"@type\":\"ListItem\",\"position\":2,\"name\":\"Parduotuv\u0117\",\"item\":\"https:\/\/hobstop.ee\/lt\/parduotuve\/\"},{\"@type\":\"ListItem\",\"position\":3,\"name\":\"Teptukas Raphael Mini Precision 85346 plok\u0161\u010dias\"}]},{\"@type\":\"WebSite\",\"@id\":\"https:\/\/hobstop.ee\/lt\/#website\",\"url\":\"https:\/\/hobstop.ee\/lt\/\",\"name\":\"Skizze\",\"description\":\"Dail\u0117s, pom\u0117gi\u0173 ir mokykliniai reikm\u0117nys\",\"publisher\":{\"@id\":\"https:\/\/hobstop.ee\/lt\/#organization\"},\"potentialAction\":[{\"@type\":\"SearchAction\",\"target\":{\"@type\":\"EntryPoint\",\"urlTemplate\":\"https:\/\/hobstop.ee\/lt\/?s={search_term_string}\"},\"query-input\":{\"@type\":\"PropertyValueSpecification\",\"valueRequired\":true,\"valueName\":\"search_term_string\"}}],\"inLanguage\":\"lt\"},{\"@type\":\"Organization\",\"@id\":\"https:\/\/hobstop.ee\/lt\/#organization\",\"name\":\"Vunder AS\",\"url\":\"https:\/\/hobstop.ee\/lt\/\",\"logo\":{\"@type\":\"ImageObject\",\"inLanguage\":\"lt\",\"@id\":\"https:\/\/hobstop.ee\/lt\/#\/schema\/logo\/image\/\",\"url\":\"https:\/\/hobstop.ee\/media\/vunder-logo.png\",\"contentUrl\":\"https:\/\/hobstop.ee\/media\/vunder-logo.png\",\"width\":127,\"height\":55,\"caption\":\"Vunder AS\"},\"image\":{\"@id\":\"https:\/\/hobstop.ee\/lt\/#\/schema\/logo\/image\/\"},\"sameAs\":[\"http:\/\/www.facebook.com\/VunderSkizze\"]}]}<\/script>\n<!-- \/ Yoast SEO plugin. -->","yoast_head_json":{"title":"Teptukas Raphael Mini Precision 85346 plok\u0161\u010dias &#8211; Skizze","robots":{"index":"noindex","follow":"follow","max-snippet":"max-snippet:-1","max-image-preview":"max-image-preview:large","max-video-preview":"max-video-preview:-1"},"og_locale":"lt_LT","og_type":"article","og_title":"Teptukas Raphael Mini Precision 85346 plok\u0161\u010dias &#8211; Skizze","og_description":"Sabalo plaukelius imituojan\u010dio pluo\u0161to teptukas \u201ePrecision\u201c puikiai tiks tiems, kurie ie\u0161ko idealaus tikslumo. Tai \u2013 tiksliausias teptukas tarp \u0161ios kategorijos priemoni\u0173, turintis visas sabalo plaukeli\u0173 savybes, geras kainos ir kokyb\u0117s santykis. Teptuk\u0105 \u201ePrecision\u201c dailininkai itin vertina d\u0117l jo sugeb\u0117jim\u0173 i\u0161saugoti form\u0105, plono galiuko, stangrumo ir tamprumo. Teptukas \u201ePrecision Mini\u201c yra ma\u017eas ir patogus paimti \u012f kelion\u0119. Jis turi nikeliuoto \u017ealvario \u017eied\u0105 ir ilg\u0105, juod\u0105 poliruot\u0105 kotel\u012f su rudos spalvos galiuku. Tapymo technika: akriliniai da\u017eai","og_url":"https:\/\/hobstop.ee\/lt\/produktas\/teptukas-raphael-mini-precision-85346-plokscias\/","og_site_name":"Skizze","article_publisher":"http:\/\/www.facebook.com\/VunderSkizze","og_image":[{"width":1024,"height":768,"url":"https:\/\/www.hobstop.ee\/media\/4481.jpg","type":"image\/jpeg"}],"twitter_card":"summary_large_image","schema":{"@context":"https:\/\/schema.org","@graph":[{"@type":"WebPage","@id":"https:\/\/hobstop.ee\/lt\/produktas\/teptukas-raphael-mini-precision-85346-plokscias\/","url":"https:\/\/hobstop.ee\/lt\/produktas\/teptukas-raphael-mini-precision-85346-plokscias\/","name":"Teptukas Raphael Mini Precision 85346 plok\u0161\u010dias &#8211; Skizze","isPartOf":{"@id":"https:\/\/hobstop.ee\/lt\/#website"},"primaryImageOfPage":{"@id":"https:\/\/hobstop.ee\/lt\/produktas\/teptukas-raphael-mini-precision-85346-plokscias\/#primaryimage"},"image":{"@id":"https:\/\/hobstop.ee\/lt\/produktas\/teptukas-raphael-mini-precision-85346-plokscias\/#primaryimage"},"thumbnailUrl":"https:\/\/hobstop.ee\/media\/4481.jpg","datePublished":"2017-04-04T08:57:53+00:00","dateModified":"2017-04-04T08:57:53+00:00","breadcrumb":{"@id":"https:\/\/hobstop.ee\/lt\/produktas\/teptukas-raphael-mini-precision-85346-plokscias\/#breadcrumb"},"inLanguage":"lt","potentialAction":[{"@type":"ReadAction","target":["https:\/\/hobstop.ee\/lt\/produktas\/teptukas-raphael-mini-precision-85346-plokscias\/"]}]},{"@type":"ImageObject","inLanguage":"lt","@id":"https:\/\/hobstop.ee\/lt\/produktas\/teptukas-raphael-mini-precision-85346-plokscias\/#primaryimage","url":"https:\/\/hobstop.ee\/media\/4481.jpg","contentUrl":"https:\/\/hobstop.ee\/media\/4481.jpg","width":1024,"height":768},{"@type":"BreadcrumbList","@id":"https:\/\/hobstop.ee\/lt\/produktas\/teptukas-raphael-mini-precision-85346-plokscias\/#breadcrumb","itemListElement":[{"@type":"ListItem","position":1,"name":"Avaleht","item":"https:\/\/hobstop.ee\/lt\/"},{"@type":"ListItem","position":2,"name":"Parduotuv\u0117","item":"https:\/\/hobstop.ee\/lt\/parduotuve\/"},{"@type":"ListItem","position":3,"name":"Teptukas Raphael Mini Precision 85346 plok\u0161\u010dias"}]},{"@type":"WebSite","@id":"https:\/\/hobstop.ee\/lt\/#website","url":"https:\/\/hobstop.ee\/lt\/","name":"Skizze","description":"Dail\u0117s, pom\u0117gi\u0173 ir mokykliniai reikm\u0117nys","publisher":{"@id":"https:\/\/hobstop.ee\/lt\/#organization"},"potentialAction":[{"@type":"SearchAction","target":{"@type":"EntryPoint","urlTemplate":"https:\/\/hobstop.ee\/lt\/?s={search_term_string}"},"query-input":{"@type":"PropertyValueSpecification","valueRequired":true,"valueName":"search_term_string"}}],"inLanguage":"lt"},{"@type":"Organization","@id":"https:\/\/hobstop.ee\/lt\/#organization","name":"Vunder AS","url":"https:\/\/hobstop.ee\/lt\/","logo":{"@type":"ImageObject","inLanguage":"lt","@id":"https:\/\/hobstop.ee\/lt\/#\/schema\/logo\/image\/","url":"https:\/\/hobstop.ee\/media\/vunder-logo.png","contentUrl":"https:\/\/hobstop.ee\/media\/vunder-logo.png","width":127,"height":55,"caption":"Vunder AS"},"image":{"@id":"https:\/\/hobstop.ee\/lt\/#\/schema\/logo\/image\/"},"sameAs":["http:\/\/www.facebook.com\/VunderSkizze"]}]}},"_links":{"self":[{"href":"https:\/\/hobstop.ee\/lt\/wp-json\/wp\/v2\/product\/284137","targetHints":{"allow":["GET"]}}],"collection":[{"href":"https:\/\/hobstop.ee\/lt\/wp-json\/wp\/v2\/product"}],"about":[{"href":"https:\/\/hobstop.ee\/lt\/wp-json\/wp\/v2\/types\/product"}],"replies":[{"embeddable":true,"href":"https:\/\/hobstop.ee\/lt\/wp-json\/wp\/v2\/comments?post=284137"}],"wp:featuredmedia":[{"embeddable":true,"href":"https:\/\/hobstop.ee\/lt\/wp-json\/wp\/v2\/media\/284674"}],"wp:attachment":[{"href":"https:\/\/hobstop.ee\/lt\/wp-json\/wp\/v2\/media?parent=284137"}],"wp:term":[{"taxonomy":"product_cat","embeddable":true,"href":"https:\/\/hobstop.ee\/lt\/wp-json\/wp\/v2\/product_cat?post=284137"},{"taxonomy":"product_tag","embeddable":true,"href":"https:\/\/hobstop.ee\/lt\/wp-json\/wp\/v2\/product_tag?post=284137"}],"curies":[{"name":"wp","href":"https:\/\/api.w.org\/{rel}","templated":true}]}}