{"id":284153,"date":"2017-04-04T11:57:57","date_gmt":"2017-04-04T08:57:57","guid":{"rendered":"https:\/\/sharks.ee\/vunder_2019\/lt\/product\/speciali-priemone-lakas-akriliniams-dazams-sennelier-blizgus\/"},"modified":"2017-04-04T11:57:57","modified_gmt":"2017-04-04T08:57:57","slug":"speciali-priemone-lakas-akriliniams-dazams-sennelier-blizgus","status":"publish","type":"product","link":"https:\/\/hobstop.ee\/lt\/produktas\/speciali-priemone-lakas-akriliniams-dazams-sennelier-blizgus\/","title":{"rendered":"Speciali priemon\u0117-lakas akriliniams da\u017eams Sennelier blizgus"},"content":{"rendered":"<p>Priedas \u201eSennelier\u201c ir blizgus lakas pagerina da\u017e\u0173 tekum\u0105, suteikia ry\u0161kumo ir gilumo. Prid\u0117jus \u012f akrilinius da\u017eus, da\u017eams suteikia \u0161vytin\u010dio blizgumo. Galima u\u017etepti teptuku ant visi\u0161kai sauso pavir\u0161iaus. Sud\u0117tyje yra nuo ultravioletini\u0173 spinduli\u0173 saugan\u010di\u0173 med\u017eiag\u0173, priemon\u0117 ant pavir\u0161iaus sudaro blizg\u0173 apsaugin\u012f sluoksn\u012f, kuris yra atsparus \u0161viesos poveikiui, \u012fbr\u0117\u017eimams ir \u017ealingam poveikiui. Dr\u0117gnas yra pusiau skaidrus, sausas \u2013 visi\u0161kai skaidrus, negeltonuoja, atsparus vandeniui ir visi\u0161kai patvarus.<\/p>\n","protected":false},"excerpt":{"rendered":"<p>Priedas \u201eSennelier\u201c ir blizgus lakas pagerina da\u017e\u0173 tekum\u0105, suteikia ry\u0161kumo ir gilumo. Prid\u0117jus \u012f akrilinius da\u017eus, da\u017eams suteikia \u0161vytin\u010dio blizgumo. Galima u\u017etepti teptuku ant visi\u0161kai sauso pavir\u0161iaus. Sud\u0117tyje yra nuo ultravioletini\u0173 spinduli\u0173 saugan\u010di\u0173 med\u017eiag\u0173, priemon\u0117 ant pavir\u0161iaus sudaro blizg\u0173 apsaugin\u012f sluoksn\u012f, kuris yra atsparus \u0161viesos poveikiui, \u012fbr\u0117\u017eimams ir \u017ealingam poveikiui. Dr\u0117gnas yra pusiau skaidrus, sausas \u2013 visi\u0161kai skaidrus, negeltonuoja, atsparus vandeniui ir visi\u0161kai patvarus.<\/p>\n","protected":false},"featured_media":284690,"comment_status":"closed","ping_status":"closed","template":"","meta":{"_acf_changed":false,"ep_exclude_from_search":false},"product_cat":[18998,16124,17981],"product_tag":[],"class_list":{"0":"post-284153","1":"product","2":"type-product","3":"status-publish","4":"has-post-thumbnail","6":"product_cat-akriliniu-dazu-priedai-2","7":"product_cat-dailes-prekes","8":"product_cat-dazai-ir-priedai-tapybai","10":"first","11":"outofstock","12":"taxable","13":"shipping-taxable","14":"purchasable","15":"product-type-simple"},"acf":[],"yoast_head":"<!-- This site is optimized with the Yoast SEO plugin v24.1 - https:\/\/yoast.com\/wordpress\/plugins\/seo\/ -->\n<title>Speciali priemon\u0117-lakas akriliniams da\u017eams Sennelier blizgus &#8211; Skizze<\/title>\n<meta name=\"robots\" content=\"noindex, follow, max-snippet:-1, max-image-preview:large, max-video-preview:-1\" \/>\n<meta property=\"og:locale\" content=\"lt_LT\" \/>\n<meta property=\"og:type\" content=\"article\" \/>\n<meta property=\"og:title\" content=\"Speciali priemon\u0117-lakas akriliniams da\u017eams Sennelier blizgus &#8211; Skizze\" \/>\n<meta property=\"og:description\" content=\"Priedas \u201eSennelier\u201c ir blizgus lakas pagerina da\u017e\u0173 tekum\u0105, suteikia ry\u0161kumo ir gilumo. Prid\u0117jus \u012f akrilinius da\u017eus, da\u017eams suteikia \u0161vytin\u010dio blizgumo. Galima u\u017etepti teptuku ant visi\u0161kai sauso pavir\u0161iaus. Sud\u0117tyje yra nuo ultravioletini\u0173 spinduli\u0173 saugan\u010di\u0173 med\u017eiag\u0173, priemon\u0117 ant pavir\u0161iaus sudaro blizg\u0173 apsaugin\u012f sluoksn\u012f, kuris yra atsparus \u0161viesos poveikiui, \u012fbr\u0117\u017eimams ir \u017ealingam poveikiui. Dr\u0117gnas yra pusiau skaidrus, sausas \u2013 visi\u0161kai skaidrus, negeltonuoja, atsparus vandeniui ir visi\u0161kai patvarus.\" \/>\n<meta property=\"og:url\" content=\"https:\/\/hobstop.ee\/lt\/produktas\/speciali-priemone-lakas-akriliniams-dazams-sennelier-blizgus\/\" \/>\n<meta property=\"og:site_name\" content=\"Skizze\" \/>\n<meta property=\"article:publisher\" content=\"http:\/\/www.facebook.com\/VunderSkizze\" \/>\n<meta property=\"og:image\" content=\"https:\/\/hobstop.ee\/media\/4485.jpg\" \/>\n\t<meta property=\"og:image:width\" content=\"1024\" \/>\n\t<meta property=\"og:image:height\" content=\"768\" \/>\n\t<meta property=\"og:image:type\" content=\"image\/jpeg\" \/>\n<meta name=\"twitter:card\" content=\"summary_large_image\" \/>\n<script type=\"application\/ld+json\" class=\"yoast-schema-graph\">{\"@context\":\"https:\/\/schema.org\",\"@graph\":[{\"@type\":\"WebPage\",\"@id\":\"https:\/\/hobstop.ee\/lt\/produktas\/speciali-priemone-lakas-akriliniams-dazams-sennelier-blizgus\/\",\"url\":\"https:\/\/hobstop.ee\/lt\/produktas\/speciali-priemone-lakas-akriliniams-dazams-sennelier-blizgus\/\",\"name\":\"Speciali priemon\u0117-lakas akriliniams da\u017eams Sennelier blizgus &#8211; Skizze\",\"isPartOf\":{\"@id\":\"https:\/\/hobstop.ee\/lt\/#website\"},\"primaryImageOfPage\":{\"@id\":\"https:\/\/hobstop.ee\/lt\/produktas\/speciali-priemone-lakas-akriliniams-dazams-sennelier-blizgus\/#primaryimage\"},\"image\":{\"@id\":\"https:\/\/hobstop.ee\/lt\/produktas\/speciali-priemone-lakas-akriliniams-dazams-sennelier-blizgus\/#primaryimage\"},\"thumbnailUrl\":\"https:\/\/hobstop.ee\/media\/4485.jpg\",\"datePublished\":\"2017-04-04T08:57:57+00:00\",\"dateModified\":\"2017-04-04T08:57:57+00:00\",\"breadcrumb\":{\"@id\":\"https:\/\/hobstop.ee\/lt\/produktas\/speciali-priemone-lakas-akriliniams-dazams-sennelier-blizgus\/#breadcrumb\"},\"inLanguage\":\"lt\",\"potentialAction\":[{\"@type\":\"ReadAction\",\"target\":[\"https:\/\/hobstop.ee\/lt\/produktas\/speciali-priemone-lakas-akriliniams-dazams-sennelier-blizgus\/\"]}]},{\"@type\":\"ImageObject\",\"inLanguage\":\"lt\",\"@id\":\"https:\/\/hobstop.ee\/lt\/produktas\/speciali-priemone-lakas-akriliniams-dazams-sennelier-blizgus\/#primaryimage\",\"url\":\"https:\/\/hobstop.ee\/media\/4485.jpg\",\"contentUrl\":\"https:\/\/hobstop.ee\/media\/4485.jpg\",\"width\":1024,\"height\":768},{\"@type\":\"BreadcrumbList\",\"@id\":\"https:\/\/hobstop.ee\/lt\/produktas\/speciali-priemone-lakas-akriliniams-dazams-sennelier-blizgus\/#breadcrumb\",\"itemListElement\":[{\"@type\":\"ListItem\",\"position\":1,\"name\":\"Avaleht\",\"item\":\"https:\/\/hobstop.ee\/lt\/\"},{\"@type\":\"ListItem\",\"position\":2,\"name\":\"Parduotuv\u0117\",\"item\":\"https:\/\/hobstop.ee\/lt\/parduotuve\/\"},{\"@type\":\"ListItem\",\"position\":3,\"name\":\"Speciali priemon\u0117-lakas akriliniams da\u017eams Sennelier blizgus\"}]},{\"@type\":\"WebSite\",\"@id\":\"https:\/\/hobstop.ee\/lt\/#website\",\"url\":\"https:\/\/hobstop.ee\/lt\/\",\"name\":\"Skizze\",\"description\":\"Dail\u0117s, pom\u0117gi\u0173 ir mokykliniai reikm\u0117nys\",\"publisher\":{\"@id\":\"https:\/\/hobstop.ee\/lt\/#organization\"},\"potentialAction\":[{\"@type\":\"SearchAction\",\"target\":{\"@type\":\"EntryPoint\",\"urlTemplate\":\"https:\/\/hobstop.ee\/lt\/?s={search_term_string}\"},\"query-input\":{\"@type\":\"PropertyValueSpecification\",\"valueRequired\":true,\"valueName\":\"search_term_string\"}}],\"inLanguage\":\"lt\"},{\"@type\":\"Organization\",\"@id\":\"https:\/\/hobstop.ee\/lt\/#organization\",\"name\":\"Vunder AS\",\"url\":\"https:\/\/hobstop.ee\/lt\/\",\"logo\":{\"@type\":\"ImageObject\",\"inLanguage\":\"lt\",\"@id\":\"https:\/\/hobstop.ee\/lt\/#\/schema\/logo\/image\/\",\"url\":\"https:\/\/hobstop.ee\/media\/vunder-logo.png\",\"contentUrl\":\"https:\/\/hobstop.ee\/media\/vunder-logo.png\",\"width\":127,\"height\":55,\"caption\":\"Vunder AS\"},\"image\":{\"@id\":\"https:\/\/hobstop.ee\/lt\/#\/schema\/logo\/image\/\"},\"sameAs\":[\"http:\/\/www.facebook.com\/VunderSkizze\"]}]}<\/script>\n<!-- \/ Yoast SEO plugin. -->","yoast_head_json":{"title":"Speciali priemon\u0117-lakas akriliniams da\u017eams Sennelier blizgus &#8211; Skizze","robots":{"index":"noindex","follow":"follow","max-snippet":"max-snippet:-1","max-image-preview":"max-image-preview:large","max-video-preview":"max-video-preview:-1"},"og_locale":"lt_LT","og_type":"article","og_title":"Speciali priemon\u0117-lakas akriliniams da\u017eams Sennelier blizgus &#8211; Skizze","og_description":"Priedas \u201eSennelier\u201c ir blizgus lakas pagerina da\u017e\u0173 tekum\u0105, suteikia ry\u0161kumo ir gilumo. Prid\u0117jus \u012f akrilinius da\u017eus, da\u017eams suteikia \u0161vytin\u010dio blizgumo. Galima u\u017etepti teptuku ant visi\u0161kai sauso pavir\u0161iaus. Sud\u0117tyje yra nuo ultravioletini\u0173 spinduli\u0173 saugan\u010di\u0173 med\u017eiag\u0173, priemon\u0117 ant pavir\u0161iaus sudaro blizg\u0173 apsaugin\u012f sluoksn\u012f, kuris yra atsparus \u0161viesos poveikiui, \u012fbr\u0117\u017eimams ir \u017ealingam poveikiui. Dr\u0117gnas yra pusiau skaidrus, sausas \u2013 visi\u0161kai skaidrus, negeltonuoja, atsparus vandeniui ir visi\u0161kai patvarus.","og_url":"https:\/\/hobstop.ee\/lt\/produktas\/speciali-priemone-lakas-akriliniams-dazams-sennelier-blizgus\/","og_site_name":"Skizze","article_publisher":"http:\/\/www.facebook.com\/VunderSkizze","og_image":[{"width":1024,"height":768,"url":"https:\/\/hobstop.ee\/media\/4485.jpg","type":"image\/jpeg"}],"twitter_card":"summary_large_image","schema":{"@context":"https:\/\/schema.org","@graph":[{"@type":"WebPage","@id":"https:\/\/hobstop.ee\/lt\/produktas\/speciali-priemone-lakas-akriliniams-dazams-sennelier-blizgus\/","url":"https:\/\/hobstop.ee\/lt\/produktas\/speciali-priemone-lakas-akriliniams-dazams-sennelier-blizgus\/","name":"Speciali priemon\u0117-lakas akriliniams da\u017eams Sennelier blizgus &#8211; Skizze","isPartOf":{"@id":"https:\/\/hobstop.ee\/lt\/#website"},"primaryImageOfPage":{"@id":"https:\/\/hobstop.ee\/lt\/produktas\/speciali-priemone-lakas-akriliniams-dazams-sennelier-blizgus\/#primaryimage"},"image":{"@id":"https:\/\/hobstop.ee\/lt\/produktas\/speciali-priemone-lakas-akriliniams-dazams-sennelier-blizgus\/#primaryimage"},"thumbnailUrl":"https:\/\/hobstop.ee\/media\/4485.jpg","datePublished":"2017-04-04T08:57:57+00:00","dateModified":"2017-04-04T08:57:57+00:00","breadcrumb":{"@id":"https:\/\/hobstop.ee\/lt\/produktas\/speciali-priemone-lakas-akriliniams-dazams-sennelier-blizgus\/#breadcrumb"},"inLanguage":"lt","potentialAction":[{"@type":"ReadAction","target":["https:\/\/hobstop.ee\/lt\/produktas\/speciali-priemone-lakas-akriliniams-dazams-sennelier-blizgus\/"]}]},{"@type":"ImageObject","inLanguage":"lt","@id":"https:\/\/hobstop.ee\/lt\/produktas\/speciali-priemone-lakas-akriliniams-dazams-sennelier-blizgus\/#primaryimage","url":"https:\/\/hobstop.ee\/media\/4485.jpg","contentUrl":"https:\/\/hobstop.ee\/media\/4485.jpg","width":1024,"height":768},{"@type":"BreadcrumbList","@id":"https:\/\/hobstop.ee\/lt\/produktas\/speciali-priemone-lakas-akriliniams-dazams-sennelier-blizgus\/#breadcrumb","itemListElement":[{"@type":"ListItem","position":1,"name":"Avaleht","item":"https:\/\/hobstop.ee\/lt\/"},{"@type":"ListItem","position":2,"name":"Parduotuv\u0117","item":"https:\/\/hobstop.ee\/lt\/parduotuve\/"},{"@type":"ListItem","position":3,"name":"Speciali priemon\u0117-lakas akriliniams da\u017eams Sennelier blizgus"}]},{"@type":"WebSite","@id":"https:\/\/hobstop.ee\/lt\/#website","url":"https:\/\/hobstop.ee\/lt\/","name":"Skizze","description":"Dail\u0117s, pom\u0117gi\u0173 ir mokykliniai reikm\u0117nys","publisher":{"@id":"https:\/\/hobstop.ee\/lt\/#organization"},"potentialAction":[{"@type":"SearchAction","target":{"@type":"EntryPoint","urlTemplate":"https:\/\/hobstop.ee\/lt\/?s={search_term_string}"},"query-input":{"@type":"PropertyValueSpecification","valueRequired":true,"valueName":"search_term_string"}}],"inLanguage":"lt"},{"@type":"Organization","@id":"https:\/\/hobstop.ee\/lt\/#organization","name":"Vunder AS","url":"https:\/\/hobstop.ee\/lt\/","logo":{"@type":"ImageObject","inLanguage":"lt","@id":"https:\/\/hobstop.ee\/lt\/#\/schema\/logo\/image\/","url":"https:\/\/hobstop.ee\/media\/vunder-logo.png","contentUrl":"https:\/\/hobstop.ee\/media\/vunder-logo.png","width":127,"height":55,"caption":"Vunder AS"},"image":{"@id":"https:\/\/hobstop.ee\/lt\/#\/schema\/logo\/image\/"},"sameAs":["http:\/\/www.facebook.com\/VunderSkizze"]}]}},"_links":{"self":[{"href":"https:\/\/hobstop.ee\/lt\/wp-json\/wp\/v2\/product\/284153","targetHints":{"allow":["GET"]}}],"collection":[{"href":"https:\/\/hobstop.ee\/lt\/wp-json\/wp\/v2\/product"}],"about":[{"href":"https:\/\/hobstop.ee\/lt\/wp-json\/wp\/v2\/types\/product"}],"replies":[{"embeddable":true,"href":"https:\/\/hobstop.ee\/lt\/wp-json\/wp\/v2\/comments?post=284153"}],"wp:featuredmedia":[{"embeddable":true,"href":"https:\/\/hobstop.ee\/lt\/wp-json\/wp\/v2\/media\/284690"}],"wp:attachment":[{"href":"https:\/\/hobstop.ee\/lt\/wp-json\/wp\/v2\/media?parent=284153"}],"wp:term":[{"taxonomy":"product_cat","embeddable":true,"href":"https:\/\/hobstop.ee\/lt\/wp-json\/wp\/v2\/product_cat?post=284153"},{"taxonomy":"product_tag","embeddable":true,"href":"https:\/\/hobstop.ee\/lt\/wp-json\/wp\/v2\/product_tag?post=284153"}],"curies":[{"name":"wp","href":"https:\/\/api.w.org\/{rel}","templated":true}]}}