{"id":284165,"date":"2017-04-04T11:57:59","date_gmt":"2017-04-04T08:57:59","guid":{"rendered":"https:\/\/sharks.ee\/vunder_2019\/lt\/product\/akriliniu-dazu-priemone-risiklis-sennelier\/"},"modified":"2017-04-04T11:57:59","modified_gmt":"2017-04-04T08:57:59","slug":"akriliniu-dazu-priemone-risiklis-sennelier","status":"publish","type":"product","link":"https:\/\/hobstop.ee\/lt\/produktas\/akriliniu-dazu-priemone-risiklis-sennelier\/","title":{"rendered":"Akrilini\u0173 da\u017e\u0173 priemon\u0117-ri\u0161iklis Sennelier"},"content":{"rendered":"<p>Blizgus, skaidrus akrilini\u0173 da\u017e\u0173 ri\u0161iklis tinka naudoti vidaus ir lauko s\u0105lygomis, vandenyje yra stabilesnis nei \u201eCaparol\u201c pagrindu pagaminti produktai. Kuo ma\u017eiau pigment\u0173 gamyboje naudojama melitceliulioz\u0117s priedo ri\u0161iklio, tuo vandeniui atsparesni yra i\u0161d\u017eiuv\u0119 akriliniai da\u017eai. Priklausomai nuo naudojamos akrilo dervos kiekio, sudaro lyg\u0173, blizg\u0173 pavir\u0161i\u0173.<\/p>\n","protected":false},"excerpt":{"rendered":"<p>Blizgus, skaidrus akrilini\u0173 da\u017e\u0173 ri\u0161iklis tinka naudoti vidaus ir lauko s\u0105lygomis, vandenyje yra stabilesnis nei \u201eCaparol\u201c pagrindu pagaminti produktai. Kuo ma\u017eiau pigment\u0173 gamyboje naudojama melitceliulioz\u0117s priedo ri\u0161iklio, tuo vandeniui atsparesni yra i\u0161d\u017eiuv\u0119 akriliniai da\u017eai. Priklausomai nuo naudojamos akrilo dervos kiekio, sudaro lyg\u0173, blizg\u0173 pavir\u0161i\u0173.<\/p>\n","protected":false},"featured_media":284702,"comment_status":"closed","ping_status":"closed","template":"","meta":{"_acf_changed":false,"ep_exclude_from_search":false},"product_cat":[18998,16124,17981],"product_tag":[],"class_list":{"0":"post-284165","1":"product","2":"type-product","3":"status-publish","4":"has-post-thumbnail","6":"product_cat-akriliniu-dazu-priedai-2","7":"product_cat-dailes-prekes","8":"product_cat-dazai-ir-priedai-tapybai","10":"first","11":"instock","12":"taxable","13":"shipping-taxable","14":"purchasable","15":"product-type-simple"},"acf":[],"yoast_head":"<!-- This site is optimized with the Yoast SEO plugin v24.1 - https:\/\/yoast.com\/wordpress\/plugins\/seo\/ -->\n<title>Akrilini\u0173 da\u017e\u0173 priemon\u0117-ri\u0161iklis Sennelier &#8211; Skizze<\/title>\n<meta name=\"robots\" content=\"noindex, follow, max-snippet:-1, max-image-preview:large, max-video-preview:-1\" \/>\n<meta property=\"og:locale\" content=\"lt_LT\" \/>\n<meta property=\"og:type\" content=\"article\" \/>\n<meta property=\"og:title\" content=\"Akrilini\u0173 da\u017e\u0173 priemon\u0117-ri\u0161iklis Sennelier &#8211; Skizze\" \/>\n<meta property=\"og:description\" content=\"Blizgus, skaidrus akrilini\u0173 da\u017e\u0173 ri\u0161iklis tinka naudoti vidaus ir lauko s\u0105lygomis, vandenyje yra stabilesnis nei \u201eCaparol\u201c pagrindu pagaminti produktai. Kuo ma\u017eiau pigment\u0173 gamyboje naudojama melitceliulioz\u0117s priedo ri\u0161iklio, tuo vandeniui atsparesni yra i\u0161d\u017eiuv\u0119 akriliniai da\u017eai. Priklausomai nuo naudojamos akrilo dervos kiekio, sudaro lyg\u0173, blizg\u0173 pavir\u0161i\u0173.\" \/>\n<meta property=\"og:url\" content=\"https:\/\/hobstop.ee\/lt\/produktas\/akriliniu-dazu-priemone-risiklis-sennelier\/\" \/>\n<meta property=\"og:site_name\" content=\"Skizze\" \/>\n<meta property=\"article:publisher\" content=\"http:\/\/www.facebook.com\/VunderSkizze\" \/>\n<meta property=\"og:image\" content=\"https:\/\/hobstop.ee\/media\/4488.jpg\" \/>\n\t<meta property=\"og:image:width\" content=\"1024\" \/>\n\t<meta property=\"og:image:height\" content=\"768\" \/>\n\t<meta property=\"og:image:type\" content=\"image\/jpeg\" \/>\n<meta name=\"twitter:card\" content=\"summary_large_image\" \/>\n<script type=\"application\/ld+json\" class=\"yoast-schema-graph\">{\"@context\":\"https:\/\/schema.org\",\"@graph\":[{\"@type\":\"WebPage\",\"@id\":\"https:\/\/hobstop.ee\/lt\/produktas\/akriliniu-dazu-priemone-risiklis-sennelier\/\",\"url\":\"https:\/\/hobstop.ee\/lt\/produktas\/akriliniu-dazu-priemone-risiklis-sennelier\/\",\"name\":\"Akrilini\u0173 da\u017e\u0173 priemon\u0117-ri\u0161iklis Sennelier &#8211; Skizze\",\"isPartOf\":{\"@id\":\"https:\/\/hobstop.ee\/lt\/#website\"},\"primaryImageOfPage\":{\"@id\":\"https:\/\/hobstop.ee\/lt\/produktas\/akriliniu-dazu-priemone-risiklis-sennelier\/#primaryimage\"},\"image\":{\"@id\":\"https:\/\/hobstop.ee\/lt\/produktas\/akriliniu-dazu-priemone-risiklis-sennelier\/#primaryimage\"},\"thumbnailUrl\":\"https:\/\/hobstop.ee\/media\/4488.jpg\",\"datePublished\":\"2017-04-04T08:57:59+00:00\",\"dateModified\":\"2017-04-04T08:57:59+00:00\",\"breadcrumb\":{\"@id\":\"https:\/\/hobstop.ee\/lt\/produktas\/akriliniu-dazu-priemone-risiklis-sennelier\/#breadcrumb\"},\"inLanguage\":\"lt\",\"potentialAction\":[{\"@type\":\"ReadAction\",\"target\":[\"https:\/\/hobstop.ee\/lt\/produktas\/akriliniu-dazu-priemone-risiklis-sennelier\/\"]}]},{\"@type\":\"ImageObject\",\"inLanguage\":\"lt\",\"@id\":\"https:\/\/hobstop.ee\/lt\/produktas\/akriliniu-dazu-priemone-risiklis-sennelier\/#primaryimage\",\"url\":\"https:\/\/hobstop.ee\/media\/4488.jpg\",\"contentUrl\":\"https:\/\/hobstop.ee\/media\/4488.jpg\",\"width\":1024,\"height\":768},{\"@type\":\"BreadcrumbList\",\"@id\":\"https:\/\/hobstop.ee\/lt\/produktas\/akriliniu-dazu-priemone-risiklis-sennelier\/#breadcrumb\",\"itemListElement\":[{\"@type\":\"ListItem\",\"position\":1,\"name\":\"Avaleht\",\"item\":\"https:\/\/hobstop.ee\/lt\/\"},{\"@type\":\"ListItem\",\"position\":2,\"name\":\"Parduotuv\u0117\",\"item\":\"https:\/\/hobstop.ee\/lt\/parduotuve\/\"},{\"@type\":\"ListItem\",\"position\":3,\"name\":\"Akrilini\u0173 da\u017e\u0173 priemon\u0117-ri\u0161iklis Sennelier\"}]},{\"@type\":\"WebSite\",\"@id\":\"https:\/\/hobstop.ee\/lt\/#website\",\"url\":\"https:\/\/hobstop.ee\/lt\/\",\"name\":\"Skizze\",\"description\":\"Dail\u0117s, pom\u0117gi\u0173 ir mokykliniai reikm\u0117nys\",\"publisher\":{\"@id\":\"https:\/\/hobstop.ee\/lt\/#organization\"},\"potentialAction\":[{\"@type\":\"SearchAction\",\"target\":{\"@type\":\"EntryPoint\",\"urlTemplate\":\"https:\/\/hobstop.ee\/lt\/?s={search_term_string}\"},\"query-input\":{\"@type\":\"PropertyValueSpecification\",\"valueRequired\":true,\"valueName\":\"search_term_string\"}}],\"inLanguage\":\"lt\"},{\"@type\":\"Organization\",\"@id\":\"https:\/\/hobstop.ee\/lt\/#organization\",\"name\":\"Vunder AS\",\"url\":\"https:\/\/hobstop.ee\/lt\/\",\"logo\":{\"@type\":\"ImageObject\",\"inLanguage\":\"lt\",\"@id\":\"https:\/\/hobstop.ee\/lt\/#\/schema\/logo\/image\/\",\"url\":\"https:\/\/hobstop.ee\/media\/vunder-logo.png\",\"contentUrl\":\"https:\/\/hobstop.ee\/media\/vunder-logo.png\",\"width\":127,\"height\":55,\"caption\":\"Vunder AS\"},\"image\":{\"@id\":\"https:\/\/hobstop.ee\/lt\/#\/schema\/logo\/image\/\"},\"sameAs\":[\"http:\/\/www.facebook.com\/VunderSkizze\"]}]}<\/script>\n<!-- \/ Yoast SEO plugin. -->","yoast_head_json":{"title":"Akrilini\u0173 da\u017e\u0173 priemon\u0117-ri\u0161iklis Sennelier &#8211; Skizze","robots":{"index":"noindex","follow":"follow","max-snippet":"max-snippet:-1","max-image-preview":"max-image-preview:large","max-video-preview":"max-video-preview:-1"},"og_locale":"lt_LT","og_type":"article","og_title":"Akrilini\u0173 da\u017e\u0173 priemon\u0117-ri\u0161iklis Sennelier &#8211; Skizze","og_description":"Blizgus, skaidrus akrilini\u0173 da\u017e\u0173 ri\u0161iklis tinka naudoti vidaus ir lauko s\u0105lygomis, vandenyje yra stabilesnis nei \u201eCaparol\u201c pagrindu pagaminti produktai. Kuo ma\u017eiau pigment\u0173 gamyboje naudojama melitceliulioz\u0117s priedo ri\u0161iklio, tuo vandeniui atsparesni yra i\u0161d\u017eiuv\u0119 akriliniai da\u017eai. Priklausomai nuo naudojamos akrilo dervos kiekio, sudaro lyg\u0173, blizg\u0173 pavir\u0161i\u0173.","og_url":"https:\/\/hobstop.ee\/lt\/produktas\/akriliniu-dazu-priemone-risiklis-sennelier\/","og_site_name":"Skizze","article_publisher":"http:\/\/www.facebook.com\/VunderSkizze","og_image":[{"width":1024,"height":768,"url":"https:\/\/hobstop.ee\/media\/4488.jpg","type":"image\/jpeg"}],"twitter_card":"summary_large_image","schema":{"@context":"https:\/\/schema.org","@graph":[{"@type":"WebPage","@id":"https:\/\/hobstop.ee\/lt\/produktas\/akriliniu-dazu-priemone-risiklis-sennelier\/","url":"https:\/\/hobstop.ee\/lt\/produktas\/akriliniu-dazu-priemone-risiklis-sennelier\/","name":"Akrilini\u0173 da\u017e\u0173 priemon\u0117-ri\u0161iklis Sennelier &#8211; Skizze","isPartOf":{"@id":"https:\/\/hobstop.ee\/lt\/#website"},"primaryImageOfPage":{"@id":"https:\/\/hobstop.ee\/lt\/produktas\/akriliniu-dazu-priemone-risiklis-sennelier\/#primaryimage"},"image":{"@id":"https:\/\/hobstop.ee\/lt\/produktas\/akriliniu-dazu-priemone-risiklis-sennelier\/#primaryimage"},"thumbnailUrl":"https:\/\/hobstop.ee\/media\/4488.jpg","datePublished":"2017-04-04T08:57:59+00:00","dateModified":"2017-04-04T08:57:59+00:00","breadcrumb":{"@id":"https:\/\/hobstop.ee\/lt\/produktas\/akriliniu-dazu-priemone-risiklis-sennelier\/#breadcrumb"},"inLanguage":"lt","potentialAction":[{"@type":"ReadAction","target":["https:\/\/hobstop.ee\/lt\/produktas\/akriliniu-dazu-priemone-risiklis-sennelier\/"]}]},{"@type":"ImageObject","inLanguage":"lt","@id":"https:\/\/hobstop.ee\/lt\/produktas\/akriliniu-dazu-priemone-risiklis-sennelier\/#primaryimage","url":"https:\/\/hobstop.ee\/media\/4488.jpg","contentUrl":"https:\/\/hobstop.ee\/media\/4488.jpg","width":1024,"height":768},{"@type":"BreadcrumbList","@id":"https:\/\/hobstop.ee\/lt\/produktas\/akriliniu-dazu-priemone-risiklis-sennelier\/#breadcrumb","itemListElement":[{"@type":"ListItem","position":1,"name":"Avaleht","item":"https:\/\/hobstop.ee\/lt\/"},{"@type":"ListItem","position":2,"name":"Parduotuv\u0117","item":"https:\/\/hobstop.ee\/lt\/parduotuve\/"},{"@type":"ListItem","position":3,"name":"Akrilini\u0173 da\u017e\u0173 priemon\u0117-ri\u0161iklis Sennelier"}]},{"@type":"WebSite","@id":"https:\/\/hobstop.ee\/lt\/#website","url":"https:\/\/hobstop.ee\/lt\/","name":"Skizze","description":"Dail\u0117s, pom\u0117gi\u0173 ir mokykliniai reikm\u0117nys","publisher":{"@id":"https:\/\/hobstop.ee\/lt\/#organization"},"potentialAction":[{"@type":"SearchAction","target":{"@type":"EntryPoint","urlTemplate":"https:\/\/hobstop.ee\/lt\/?s={search_term_string}"},"query-input":{"@type":"PropertyValueSpecification","valueRequired":true,"valueName":"search_term_string"}}],"inLanguage":"lt"},{"@type":"Organization","@id":"https:\/\/hobstop.ee\/lt\/#organization","name":"Vunder AS","url":"https:\/\/hobstop.ee\/lt\/","logo":{"@type":"ImageObject","inLanguage":"lt","@id":"https:\/\/hobstop.ee\/lt\/#\/schema\/logo\/image\/","url":"https:\/\/hobstop.ee\/media\/vunder-logo.png","contentUrl":"https:\/\/hobstop.ee\/media\/vunder-logo.png","width":127,"height":55,"caption":"Vunder AS"},"image":{"@id":"https:\/\/hobstop.ee\/lt\/#\/schema\/logo\/image\/"},"sameAs":["http:\/\/www.facebook.com\/VunderSkizze"]}]}},"_links":{"self":[{"href":"https:\/\/hobstop.ee\/lt\/wp-json\/wp\/v2\/product\/284165","targetHints":{"allow":["GET"]}}],"collection":[{"href":"https:\/\/hobstop.ee\/lt\/wp-json\/wp\/v2\/product"}],"about":[{"href":"https:\/\/hobstop.ee\/lt\/wp-json\/wp\/v2\/types\/product"}],"replies":[{"embeddable":true,"href":"https:\/\/hobstop.ee\/lt\/wp-json\/wp\/v2\/comments?post=284165"}],"wp:featuredmedia":[{"embeddable":true,"href":"https:\/\/hobstop.ee\/lt\/wp-json\/wp\/v2\/media\/284702"}],"wp:attachment":[{"href":"https:\/\/hobstop.ee\/lt\/wp-json\/wp\/v2\/media?parent=284165"}],"wp:term":[{"taxonomy":"product_cat","embeddable":true,"href":"https:\/\/hobstop.ee\/lt\/wp-json\/wp\/v2\/product_cat?post=284165"},{"taxonomy":"product_tag","embeddable":true,"href":"https:\/\/hobstop.ee\/lt\/wp-json\/wp\/v2\/product_tag?post=284165"}],"curies":[{"name":"wp","href":"https:\/\/api.w.org\/{rel}","templated":true}]}}