{"id":284177,"date":"2017-04-04T11:58:01","date_gmt":"2017-04-04T08:58:01","guid":{"rendered":"https:\/\/sharks.ee\/vunder_2019\/lt\/product\/guasas-lb-education-redimix-250ml\/"},"modified":"2017-04-04T11:58:01","modified_gmt":"2017-04-04T08:58:01","slug":"guasas-lb-education-redimix-250ml","status":"publish","type":"product","link":"https:\/\/hobstop.ee\/lt\/produktas\/guasas-lb-education-redimix-250ml\/","title":{"rendered":"Gua\u0161as L&#038;B Education Redimix 250ml"},"content":{"rendered":"<p>\u201eLefranc&#038;Bourgeois Redimix\u201c \u2013 koncentruotas skystas gua\u0161as, puikiai tinkantis tapybos pamokoms tiek mokykloje, tiek ir namie. Gua\u0161as yra paruo\u0161tas naudojimui ir puikiai dengia. Spalvas tarpusavyje galima mai\u0161yti, tinka \u012fvairiems pavir\u0161iams \u2013 popieriui, kartonui, gipsui ir pan. Nuo rank\u0173 ir drabu\u017ei\u0173 nuplaunamas drungnu vandeniu.<\/p>\n","protected":false},"excerpt":{"rendered":"<p>\u201eLefranc&#038;Bourgeois Redimix\u201c \u2013 koncentruotas skystas gua\u0161as, puikiai tinkantis tapybos pamokoms tiek mokykloje, tiek ir namie. Gua\u0161as yra paruo\u0161tas naudojimui ir puikiai dengia. Spalvas tarpusavyje galima mai\u0161yti, tinka \u012fvairiems pavir\u0161iams \u2013 popieriui, kartonui, gipsui ir pan. Nuo rank\u0173 ir drabu\u017ei\u0173 nuplaunamas drungnu vandeniu.<\/p>\n","protected":false},"featured_media":284714,"comment_status":"closed","ping_status":"closed","template":"","meta":{"_acf_changed":false,"ep_exclude_from_search":false},"product_cat":[18959,235,18926],"product_tag":[],"class_list":{"0":"post-284177","1":"product","2":"type-product","3":"status-publish","4":"has-post-thumbnail","6":"product_cat-guasas-2","7":"product_cat-mokyklines-prekes","8":"product_cat-tapymo-priemones","10":"first","11":"instock","12":"taxable","13":"shipping-taxable","14":"purchasable","15":"product-type-simple"},"acf":[],"yoast_head":"<!-- This site is optimized with the Yoast SEO plugin v24.1 - https:\/\/yoast.com\/wordpress\/plugins\/seo\/ -->\n<title>Gua\u0161as L&amp;B Education Redimix 250ml &#8211; Skizze<\/title>\n<meta name=\"robots\" content=\"noindex, follow, max-snippet:-1, max-image-preview:large, max-video-preview:-1\" \/>\n<meta property=\"og:locale\" content=\"lt_LT\" \/>\n<meta property=\"og:type\" content=\"article\" \/>\n<meta property=\"og:title\" content=\"Gua\u0161as L&amp;B Education Redimix 250ml &#8211; Skizze\" \/>\n<meta property=\"og:description\" content=\"\u201eLefranc&#038;Bourgeois Redimix\u201c \u2013 koncentruotas skystas gua\u0161as, puikiai tinkantis tapybos pamokoms tiek mokykloje, tiek ir namie. Gua\u0161as yra paruo\u0161tas naudojimui ir puikiai dengia. Spalvas tarpusavyje galima mai\u0161yti, tinka \u012fvairiems pavir\u0161iams \u2013 popieriui, kartonui, gipsui ir pan. Nuo rank\u0173 ir drabu\u017ei\u0173 nuplaunamas drungnu vandeniu.\" \/>\n<meta property=\"og:url\" content=\"https:\/\/hobstop.ee\/lt\/produktas\/guasas-lb-education-redimix-250ml\/\" \/>\n<meta property=\"og:site_name\" content=\"Skizze\" \/>\n<meta property=\"article:publisher\" content=\"http:\/\/www.facebook.com\/VunderSkizze\" \/>\n<meta property=\"og:image\" content=\"https:\/\/hobstop.ee\/media\/4499.jpg\" \/>\n\t<meta property=\"og:image:width\" content=\"1024\" \/>\n\t<meta property=\"og:image:height\" content=\"768\" \/>\n\t<meta property=\"og:image:type\" content=\"image\/jpeg\" \/>\n<meta name=\"twitter:card\" content=\"summary_large_image\" \/>\n<script type=\"application\/ld+json\" class=\"yoast-schema-graph\">{\"@context\":\"https:\/\/schema.org\",\"@graph\":[{\"@type\":\"WebPage\",\"@id\":\"https:\/\/hobstop.ee\/lt\/produktas\/guasas-lb-education-redimix-250ml\/\",\"url\":\"https:\/\/hobstop.ee\/lt\/produktas\/guasas-lb-education-redimix-250ml\/\",\"name\":\"Gua\u0161as L&B Education Redimix 250ml &#8211; Skizze\",\"isPartOf\":{\"@id\":\"https:\/\/hobstop.ee\/lt\/#website\"},\"primaryImageOfPage\":{\"@id\":\"https:\/\/hobstop.ee\/lt\/produktas\/guasas-lb-education-redimix-250ml\/#primaryimage\"},\"image\":{\"@id\":\"https:\/\/hobstop.ee\/lt\/produktas\/guasas-lb-education-redimix-250ml\/#primaryimage\"},\"thumbnailUrl\":\"https:\/\/hobstop.ee\/media\/4499.jpg\",\"datePublished\":\"2017-04-04T08:58:01+00:00\",\"dateModified\":\"2017-04-04T08:58:01+00:00\",\"breadcrumb\":{\"@id\":\"https:\/\/hobstop.ee\/lt\/produktas\/guasas-lb-education-redimix-250ml\/#breadcrumb\"},\"inLanguage\":\"lt\",\"potentialAction\":[{\"@type\":\"ReadAction\",\"target\":[\"https:\/\/hobstop.ee\/lt\/produktas\/guasas-lb-education-redimix-250ml\/\"]}]},{\"@type\":\"ImageObject\",\"inLanguage\":\"lt\",\"@id\":\"https:\/\/hobstop.ee\/lt\/produktas\/guasas-lb-education-redimix-250ml\/#primaryimage\",\"url\":\"https:\/\/hobstop.ee\/media\/4499.jpg\",\"contentUrl\":\"https:\/\/hobstop.ee\/media\/4499.jpg\",\"width\":1024,\"height\":768},{\"@type\":\"BreadcrumbList\",\"@id\":\"https:\/\/hobstop.ee\/lt\/produktas\/guasas-lb-education-redimix-250ml\/#breadcrumb\",\"itemListElement\":[{\"@type\":\"ListItem\",\"position\":1,\"name\":\"Avaleht\",\"item\":\"https:\/\/hobstop.ee\/lt\/\"},{\"@type\":\"ListItem\",\"position\":2,\"name\":\"Parduotuv\u0117\",\"item\":\"https:\/\/hobstop.ee\/lt\/parduotuve\/\"},{\"@type\":\"ListItem\",\"position\":3,\"name\":\"Gua\u0161as L&#038;B Education Redimix 250ml\"}]},{\"@type\":\"WebSite\",\"@id\":\"https:\/\/hobstop.ee\/lt\/#website\",\"url\":\"https:\/\/hobstop.ee\/lt\/\",\"name\":\"Skizze\",\"description\":\"Dail\u0117s, pom\u0117gi\u0173 ir mokykliniai reikm\u0117nys\",\"publisher\":{\"@id\":\"https:\/\/hobstop.ee\/lt\/#organization\"},\"potentialAction\":[{\"@type\":\"SearchAction\",\"target\":{\"@type\":\"EntryPoint\",\"urlTemplate\":\"https:\/\/hobstop.ee\/lt\/?s={search_term_string}\"},\"query-input\":{\"@type\":\"PropertyValueSpecification\",\"valueRequired\":true,\"valueName\":\"search_term_string\"}}],\"inLanguage\":\"lt\"},{\"@type\":\"Organization\",\"@id\":\"https:\/\/hobstop.ee\/lt\/#organization\",\"name\":\"Vunder AS\",\"url\":\"https:\/\/hobstop.ee\/lt\/\",\"logo\":{\"@type\":\"ImageObject\",\"inLanguage\":\"lt\",\"@id\":\"https:\/\/hobstop.ee\/lt\/#\/schema\/logo\/image\/\",\"url\":\"https:\/\/hobstop.ee\/media\/vunder-logo.png\",\"contentUrl\":\"https:\/\/hobstop.ee\/media\/vunder-logo.png\",\"width\":127,\"height\":55,\"caption\":\"Vunder AS\"},\"image\":{\"@id\":\"https:\/\/hobstop.ee\/lt\/#\/schema\/logo\/image\/\"},\"sameAs\":[\"http:\/\/www.facebook.com\/VunderSkizze\"]}]}<\/script>\n<!-- \/ Yoast SEO plugin. -->","yoast_head_json":{"title":"Gua\u0161as L&B Education Redimix 250ml &#8211; Skizze","robots":{"index":"noindex","follow":"follow","max-snippet":"max-snippet:-1","max-image-preview":"max-image-preview:large","max-video-preview":"max-video-preview:-1"},"og_locale":"lt_LT","og_type":"article","og_title":"Gua\u0161as L&B Education Redimix 250ml &#8211; Skizze","og_description":"\u201eLefranc&#038;Bourgeois Redimix\u201c \u2013 koncentruotas skystas gua\u0161as, puikiai tinkantis tapybos pamokoms tiek mokykloje, tiek ir namie. Gua\u0161as yra paruo\u0161tas naudojimui ir puikiai dengia. Spalvas tarpusavyje galima mai\u0161yti, tinka \u012fvairiems pavir\u0161iams \u2013 popieriui, kartonui, gipsui ir pan. Nuo rank\u0173 ir drabu\u017ei\u0173 nuplaunamas drungnu vandeniu.","og_url":"https:\/\/hobstop.ee\/lt\/produktas\/guasas-lb-education-redimix-250ml\/","og_site_name":"Skizze","article_publisher":"http:\/\/www.facebook.com\/VunderSkizze","og_image":[{"width":1024,"height":768,"url":"https:\/\/hobstop.ee\/media\/4499.jpg","type":"image\/jpeg"}],"twitter_card":"summary_large_image","schema":{"@context":"https:\/\/schema.org","@graph":[{"@type":"WebPage","@id":"https:\/\/hobstop.ee\/lt\/produktas\/guasas-lb-education-redimix-250ml\/","url":"https:\/\/hobstop.ee\/lt\/produktas\/guasas-lb-education-redimix-250ml\/","name":"Gua\u0161as L&B Education Redimix 250ml &#8211; Skizze","isPartOf":{"@id":"https:\/\/hobstop.ee\/lt\/#website"},"primaryImageOfPage":{"@id":"https:\/\/hobstop.ee\/lt\/produktas\/guasas-lb-education-redimix-250ml\/#primaryimage"},"image":{"@id":"https:\/\/hobstop.ee\/lt\/produktas\/guasas-lb-education-redimix-250ml\/#primaryimage"},"thumbnailUrl":"https:\/\/hobstop.ee\/media\/4499.jpg","datePublished":"2017-04-04T08:58:01+00:00","dateModified":"2017-04-04T08:58:01+00:00","breadcrumb":{"@id":"https:\/\/hobstop.ee\/lt\/produktas\/guasas-lb-education-redimix-250ml\/#breadcrumb"},"inLanguage":"lt","potentialAction":[{"@type":"ReadAction","target":["https:\/\/hobstop.ee\/lt\/produktas\/guasas-lb-education-redimix-250ml\/"]}]},{"@type":"ImageObject","inLanguage":"lt","@id":"https:\/\/hobstop.ee\/lt\/produktas\/guasas-lb-education-redimix-250ml\/#primaryimage","url":"https:\/\/hobstop.ee\/media\/4499.jpg","contentUrl":"https:\/\/hobstop.ee\/media\/4499.jpg","width":1024,"height":768},{"@type":"BreadcrumbList","@id":"https:\/\/hobstop.ee\/lt\/produktas\/guasas-lb-education-redimix-250ml\/#breadcrumb","itemListElement":[{"@type":"ListItem","position":1,"name":"Avaleht","item":"https:\/\/hobstop.ee\/lt\/"},{"@type":"ListItem","position":2,"name":"Parduotuv\u0117","item":"https:\/\/hobstop.ee\/lt\/parduotuve\/"},{"@type":"ListItem","position":3,"name":"Gua\u0161as L&#038;B Education Redimix 250ml"}]},{"@type":"WebSite","@id":"https:\/\/hobstop.ee\/lt\/#website","url":"https:\/\/hobstop.ee\/lt\/","name":"Skizze","description":"Dail\u0117s, pom\u0117gi\u0173 ir mokykliniai reikm\u0117nys","publisher":{"@id":"https:\/\/hobstop.ee\/lt\/#organization"},"potentialAction":[{"@type":"SearchAction","target":{"@type":"EntryPoint","urlTemplate":"https:\/\/hobstop.ee\/lt\/?s={search_term_string}"},"query-input":{"@type":"PropertyValueSpecification","valueRequired":true,"valueName":"search_term_string"}}],"inLanguage":"lt"},{"@type":"Organization","@id":"https:\/\/hobstop.ee\/lt\/#organization","name":"Vunder AS","url":"https:\/\/hobstop.ee\/lt\/","logo":{"@type":"ImageObject","inLanguage":"lt","@id":"https:\/\/hobstop.ee\/lt\/#\/schema\/logo\/image\/","url":"https:\/\/hobstop.ee\/media\/vunder-logo.png","contentUrl":"https:\/\/hobstop.ee\/media\/vunder-logo.png","width":127,"height":55,"caption":"Vunder AS"},"image":{"@id":"https:\/\/hobstop.ee\/lt\/#\/schema\/logo\/image\/"},"sameAs":["http:\/\/www.facebook.com\/VunderSkizze"]}]}},"_links":{"self":[{"href":"https:\/\/hobstop.ee\/lt\/wp-json\/wp\/v2\/product\/284177","targetHints":{"allow":["GET"]}}],"collection":[{"href":"https:\/\/hobstop.ee\/lt\/wp-json\/wp\/v2\/product"}],"about":[{"href":"https:\/\/hobstop.ee\/lt\/wp-json\/wp\/v2\/types\/product"}],"replies":[{"embeddable":true,"href":"https:\/\/hobstop.ee\/lt\/wp-json\/wp\/v2\/comments?post=284177"}],"wp:featuredmedia":[{"embeddable":true,"href":"https:\/\/hobstop.ee\/lt\/wp-json\/wp\/v2\/media\/284714"}],"wp:attachment":[{"href":"https:\/\/hobstop.ee\/lt\/wp-json\/wp\/v2\/media?parent=284177"}],"wp:term":[{"taxonomy":"product_cat","embeddable":true,"href":"https:\/\/hobstop.ee\/lt\/wp-json\/wp\/v2\/product_cat?post=284177"},{"taxonomy":"product_tag","embeddable":true,"href":"https:\/\/hobstop.ee\/lt\/wp-json\/wp\/v2\/product_tag?post=284177"}],"curies":[{"name":"wp","href":"https:\/\/api.w.org\/{rel}","templated":true}]}}