{"id":284225,"date":"2017-04-04T12:00:34","date_gmt":"2017-04-04T09:00:34","guid":{"rendered":"https:\/\/sharks.ee\/vunder_2019\/lt\/product\/guaso-rinkinys-winsornewton-designers\/"},"modified":"2017-04-04T12:00:34","modified_gmt":"2017-04-04T09:00:34","slug":"guaso-rinkinys-winsornewton-designers","status":"publish","type":"product","link":"https:\/\/hobstop.ee\/lt\/produktas\/guaso-rinkinys-winsornewton-designers\/","title":{"rendered":"Gua\u0161o rinkinys Winsor&#038;Newton Designers"},"content":{"rendered":"<p>\u201eWinsor&#038;Newton\u201c jau nuo 1935 m. gamina dailininkams skirt\u0105 gua\u0161\u0105 (Designers Gouache). Gua\u0161as yra neskaidr\u016bs vandeniai da\u017eai, kuriuos ry\u0161kioms iliustracijoms kurti da\u017eniausiai naudoja dizaineriai, iliustratoriai ir prekybos dailininkai. Gua\u0161as yra pla\u010diai naudojamas ir dekoratyviniuose menuose kaip neskaidr\u016bs akvareliniai da\u017eai. \u201eDesigners Gouache\u201c da\u017eai dabar d\u0117l technologijos pasiekim\u0173 yra dar kokybi\u0161kesni, lygesni, skaidresni ir ry\u0161kesni kaip niekados iki \u0161iol.<\/p>\n","protected":false},"excerpt":{"rendered":"<p>\u201eWinsor&#038;Newton\u201c jau nuo 1935 m. gamina dailininkams skirt\u0105 gua\u0161\u0105 (Designers Gouache). Gua\u0161as yra neskaidr\u016bs vandeniai da\u017eai, kuriuos ry\u0161kioms iliustracijoms kurti da\u017eniausiai naudoja dizaineriai, iliustratoriai ir prekybos dailininkai. Gua\u0161as yra pla\u010diai naudojamas ir dekoratyviniuose menuose kaip neskaidr\u016bs akvareliniai da\u017eai. \u201eDesigners Gouache\u201c da\u017eai dabar d\u0117l technologijos pasiekim\u0173 yra dar kokybi\u0161kesni, lygesni, skaidresni ir ry\u0161kesni kaip niekados iki \u0161iol.<\/p>\n","protected":false},"featured_media":284762,"comment_status":"closed","ping_status":"closed","template":"","meta":{"_acf_changed":false,"ep_exclude_from_search":false},"product_cat":[16124,17981,20197],"product_tag":[],"class_list":{"0":"post-284225","1":"product","2":"type-product","3":"status-publish","4":"has-post-thumbnail","6":"product_cat-dailes-prekes","7":"product_cat-dazai-ir-priedai-tapybai","8":"product_cat-guaso-dazai","10":"first","11":"instock","12":"taxable","13":"shipping-taxable","14":"purchasable","15":"product-type-simple"},"acf":[],"yoast_head":"<!-- This site is optimized with the Yoast SEO plugin v24.1 - https:\/\/yoast.com\/wordpress\/plugins\/seo\/ -->\n<title>Gua\u0161o rinkinys Winsor&amp;Newton Designers &#8211; Skizze<\/title>\n<meta name=\"robots\" content=\"noindex, follow, max-snippet:-1, max-image-preview:large, max-video-preview:-1\" \/>\n<meta property=\"og:locale\" content=\"lt_LT\" \/>\n<meta property=\"og:type\" content=\"article\" \/>\n<meta property=\"og:title\" content=\"Gua\u0161o rinkinys Winsor&amp;Newton Designers &#8211; Skizze\" \/>\n<meta property=\"og:description\" content=\"\u201eWinsor&#038;Newton\u201c jau nuo 1935 m. gamina dailininkams skirt\u0105 gua\u0161\u0105 (Designers Gouache). Gua\u0161as yra neskaidr\u016bs vandeniai da\u017eai, kuriuos ry\u0161kioms iliustracijoms kurti da\u017eniausiai naudoja dizaineriai, iliustratoriai ir prekybos dailininkai. Gua\u0161as yra pla\u010diai naudojamas ir dekoratyviniuose menuose kaip neskaidr\u016bs akvareliniai da\u017eai. \u201eDesigners Gouache\u201c da\u017eai dabar d\u0117l technologijos pasiekim\u0173 yra dar kokybi\u0161kesni, lygesni, skaidresni ir ry\u0161kesni kaip niekados iki \u0161iol.\" \/>\n<meta property=\"og:url\" content=\"https:\/\/hobstop.ee\/lt\/produktas\/guaso-rinkinys-winsornewton-designers\/\" \/>\n<meta property=\"og:site_name\" content=\"Skizze\" \/>\n<meta property=\"article:publisher\" content=\"http:\/\/www.facebook.com\/VunderSkizze\" \/>\n<meta property=\"og:image\" content=\"https:\/\/hobstop.ee\/media\/4512.jpg\" \/>\n\t<meta property=\"og:image:width\" content=\"1024\" \/>\n\t<meta property=\"og:image:height\" content=\"768\" \/>\n\t<meta property=\"og:image:type\" content=\"image\/jpeg\" \/>\n<meta name=\"twitter:card\" content=\"summary_large_image\" \/>\n<script type=\"application\/ld+json\" class=\"yoast-schema-graph\">{\"@context\":\"https:\/\/schema.org\",\"@graph\":[{\"@type\":\"WebPage\",\"@id\":\"https:\/\/hobstop.ee\/lt\/produktas\/guaso-rinkinys-winsornewton-designers\/\",\"url\":\"https:\/\/hobstop.ee\/lt\/produktas\/guaso-rinkinys-winsornewton-designers\/\",\"name\":\"Gua\u0161o rinkinys Winsor&Newton Designers &#8211; Skizze\",\"isPartOf\":{\"@id\":\"https:\/\/hobstop.ee\/lt\/#website\"},\"primaryImageOfPage\":{\"@id\":\"https:\/\/hobstop.ee\/lt\/produktas\/guaso-rinkinys-winsornewton-designers\/#primaryimage\"},\"image\":{\"@id\":\"https:\/\/hobstop.ee\/lt\/produktas\/guaso-rinkinys-winsornewton-designers\/#primaryimage\"},\"thumbnailUrl\":\"https:\/\/hobstop.ee\/media\/4512.jpg\",\"datePublished\":\"2017-04-04T09:00:34+00:00\",\"dateModified\":\"2017-04-04T09:00:34+00:00\",\"breadcrumb\":{\"@id\":\"https:\/\/hobstop.ee\/lt\/produktas\/guaso-rinkinys-winsornewton-designers\/#breadcrumb\"},\"inLanguage\":\"lt\",\"potentialAction\":[{\"@type\":\"ReadAction\",\"target\":[\"https:\/\/hobstop.ee\/lt\/produktas\/guaso-rinkinys-winsornewton-designers\/\"]}]},{\"@type\":\"ImageObject\",\"inLanguage\":\"lt\",\"@id\":\"https:\/\/hobstop.ee\/lt\/produktas\/guaso-rinkinys-winsornewton-designers\/#primaryimage\",\"url\":\"https:\/\/hobstop.ee\/media\/4512.jpg\",\"contentUrl\":\"https:\/\/hobstop.ee\/media\/4512.jpg\",\"width\":1024,\"height\":768},{\"@type\":\"BreadcrumbList\",\"@id\":\"https:\/\/hobstop.ee\/lt\/produktas\/guaso-rinkinys-winsornewton-designers\/#breadcrumb\",\"itemListElement\":[{\"@type\":\"ListItem\",\"position\":1,\"name\":\"Avaleht\",\"item\":\"https:\/\/hobstop.ee\/lt\/\"},{\"@type\":\"ListItem\",\"position\":2,\"name\":\"Parduotuv\u0117\",\"item\":\"https:\/\/hobstop.ee\/lt\/parduotuve\/\"},{\"@type\":\"ListItem\",\"position\":3,\"name\":\"Gua\u0161o rinkinys Winsor&#038;Newton Designers\"}]},{\"@type\":\"WebSite\",\"@id\":\"https:\/\/hobstop.ee\/lt\/#website\",\"url\":\"https:\/\/hobstop.ee\/lt\/\",\"name\":\"Skizze\",\"description\":\"Dail\u0117s, pom\u0117gi\u0173 ir mokykliniai reikm\u0117nys\",\"publisher\":{\"@id\":\"https:\/\/hobstop.ee\/lt\/#organization\"},\"potentialAction\":[{\"@type\":\"SearchAction\",\"target\":{\"@type\":\"EntryPoint\",\"urlTemplate\":\"https:\/\/hobstop.ee\/lt\/?s={search_term_string}\"},\"query-input\":{\"@type\":\"PropertyValueSpecification\",\"valueRequired\":true,\"valueName\":\"search_term_string\"}}],\"inLanguage\":\"lt\"},{\"@type\":\"Organization\",\"@id\":\"https:\/\/hobstop.ee\/lt\/#organization\",\"name\":\"Vunder AS\",\"url\":\"https:\/\/hobstop.ee\/lt\/\",\"logo\":{\"@type\":\"ImageObject\",\"inLanguage\":\"lt\",\"@id\":\"https:\/\/hobstop.ee\/lt\/#\/schema\/logo\/image\/\",\"url\":\"https:\/\/hobstop.ee\/media\/vunder-logo.png\",\"contentUrl\":\"https:\/\/hobstop.ee\/media\/vunder-logo.png\",\"width\":127,\"height\":55,\"caption\":\"Vunder AS\"},\"image\":{\"@id\":\"https:\/\/hobstop.ee\/lt\/#\/schema\/logo\/image\/\"},\"sameAs\":[\"http:\/\/www.facebook.com\/VunderSkizze\"]}]}<\/script>\n<!-- \/ Yoast SEO plugin. -->","yoast_head_json":{"title":"Gua\u0161o rinkinys Winsor&Newton Designers &#8211; Skizze","robots":{"index":"noindex","follow":"follow","max-snippet":"max-snippet:-1","max-image-preview":"max-image-preview:large","max-video-preview":"max-video-preview:-1"},"og_locale":"lt_LT","og_type":"article","og_title":"Gua\u0161o rinkinys Winsor&Newton Designers &#8211; Skizze","og_description":"\u201eWinsor&#038;Newton\u201c jau nuo 1935 m. gamina dailininkams skirt\u0105 gua\u0161\u0105 (Designers Gouache). Gua\u0161as yra neskaidr\u016bs vandeniai da\u017eai, kuriuos ry\u0161kioms iliustracijoms kurti da\u017eniausiai naudoja dizaineriai, iliustratoriai ir prekybos dailininkai. Gua\u0161as yra pla\u010diai naudojamas ir dekoratyviniuose menuose kaip neskaidr\u016bs akvareliniai da\u017eai. \u201eDesigners Gouache\u201c da\u017eai dabar d\u0117l technologijos pasiekim\u0173 yra dar kokybi\u0161kesni, lygesni, skaidresni ir ry\u0161kesni kaip niekados iki \u0161iol.","og_url":"https:\/\/hobstop.ee\/lt\/produktas\/guaso-rinkinys-winsornewton-designers\/","og_site_name":"Skizze","article_publisher":"http:\/\/www.facebook.com\/VunderSkizze","og_image":[{"width":1024,"height":768,"url":"https:\/\/hobstop.ee\/media\/4512.jpg","type":"image\/jpeg"}],"twitter_card":"summary_large_image","schema":{"@context":"https:\/\/schema.org","@graph":[{"@type":"WebPage","@id":"https:\/\/hobstop.ee\/lt\/produktas\/guaso-rinkinys-winsornewton-designers\/","url":"https:\/\/hobstop.ee\/lt\/produktas\/guaso-rinkinys-winsornewton-designers\/","name":"Gua\u0161o rinkinys Winsor&Newton Designers &#8211; Skizze","isPartOf":{"@id":"https:\/\/hobstop.ee\/lt\/#website"},"primaryImageOfPage":{"@id":"https:\/\/hobstop.ee\/lt\/produktas\/guaso-rinkinys-winsornewton-designers\/#primaryimage"},"image":{"@id":"https:\/\/hobstop.ee\/lt\/produktas\/guaso-rinkinys-winsornewton-designers\/#primaryimage"},"thumbnailUrl":"https:\/\/hobstop.ee\/media\/4512.jpg","datePublished":"2017-04-04T09:00:34+00:00","dateModified":"2017-04-04T09:00:34+00:00","breadcrumb":{"@id":"https:\/\/hobstop.ee\/lt\/produktas\/guaso-rinkinys-winsornewton-designers\/#breadcrumb"},"inLanguage":"lt","potentialAction":[{"@type":"ReadAction","target":["https:\/\/hobstop.ee\/lt\/produktas\/guaso-rinkinys-winsornewton-designers\/"]}]},{"@type":"ImageObject","inLanguage":"lt","@id":"https:\/\/hobstop.ee\/lt\/produktas\/guaso-rinkinys-winsornewton-designers\/#primaryimage","url":"https:\/\/hobstop.ee\/media\/4512.jpg","contentUrl":"https:\/\/hobstop.ee\/media\/4512.jpg","width":1024,"height":768},{"@type":"BreadcrumbList","@id":"https:\/\/hobstop.ee\/lt\/produktas\/guaso-rinkinys-winsornewton-designers\/#breadcrumb","itemListElement":[{"@type":"ListItem","position":1,"name":"Avaleht","item":"https:\/\/hobstop.ee\/lt\/"},{"@type":"ListItem","position":2,"name":"Parduotuv\u0117","item":"https:\/\/hobstop.ee\/lt\/parduotuve\/"},{"@type":"ListItem","position":3,"name":"Gua\u0161o rinkinys Winsor&#038;Newton Designers"}]},{"@type":"WebSite","@id":"https:\/\/hobstop.ee\/lt\/#website","url":"https:\/\/hobstop.ee\/lt\/","name":"Skizze","description":"Dail\u0117s, pom\u0117gi\u0173 ir mokykliniai reikm\u0117nys","publisher":{"@id":"https:\/\/hobstop.ee\/lt\/#organization"},"potentialAction":[{"@type":"SearchAction","target":{"@type":"EntryPoint","urlTemplate":"https:\/\/hobstop.ee\/lt\/?s={search_term_string}"},"query-input":{"@type":"PropertyValueSpecification","valueRequired":true,"valueName":"search_term_string"}}],"inLanguage":"lt"},{"@type":"Organization","@id":"https:\/\/hobstop.ee\/lt\/#organization","name":"Vunder AS","url":"https:\/\/hobstop.ee\/lt\/","logo":{"@type":"ImageObject","inLanguage":"lt","@id":"https:\/\/hobstop.ee\/lt\/#\/schema\/logo\/image\/","url":"https:\/\/hobstop.ee\/media\/vunder-logo.png","contentUrl":"https:\/\/hobstop.ee\/media\/vunder-logo.png","width":127,"height":55,"caption":"Vunder AS"},"image":{"@id":"https:\/\/hobstop.ee\/lt\/#\/schema\/logo\/image\/"},"sameAs":["http:\/\/www.facebook.com\/VunderSkizze"]}]}},"_links":{"self":[{"href":"https:\/\/hobstop.ee\/lt\/wp-json\/wp\/v2\/product\/284225","targetHints":{"allow":["GET"]}}],"collection":[{"href":"https:\/\/hobstop.ee\/lt\/wp-json\/wp\/v2\/product"}],"about":[{"href":"https:\/\/hobstop.ee\/lt\/wp-json\/wp\/v2\/types\/product"}],"replies":[{"embeddable":true,"href":"https:\/\/hobstop.ee\/lt\/wp-json\/wp\/v2\/comments?post=284225"}],"wp:featuredmedia":[{"embeddable":true,"href":"https:\/\/hobstop.ee\/lt\/wp-json\/wp\/v2\/media\/284762"}],"wp:attachment":[{"href":"https:\/\/hobstop.ee\/lt\/wp-json\/wp\/v2\/media?parent=284225"}],"wp:term":[{"taxonomy":"product_cat","embeddable":true,"href":"https:\/\/hobstop.ee\/lt\/wp-json\/wp\/v2\/product_cat?post=284225"},{"taxonomy":"product_tag","embeddable":true,"href":"https:\/\/hobstop.ee\/lt\/wp-json\/wp\/v2\/product_tag?post=284225"}],"curies":[{"name":"wp","href":"https:\/\/api.w.org\/{rel}","templated":true}]}}