{"id":285388,"date":"2017-04-06T15:14:53","date_gmt":"2017-04-06T12:14:53","guid":{"rendered":"https:\/\/sharks.ee\/vunder_2019\/lt\/product\/flomasteris-maped-colorpeps-long-life-innovation\/"},"modified":"2017-04-06T15:14:53","modified_gmt":"2017-04-06T12:14:53","slug":"flomasteris-maped-colorpeps-long-life-innovation","status":"publish","type":"product","link":"https:\/\/hobstop.ee\/lt\/produktas\/flomasteris-maped-colorpeps-long-life-innovation\/","title":{"rendered":"Flomasteris Maped Color&#8217;Peps Long Life Innovation"},"content":{"rendered":"<p>Flomasteriai \u201eColor&#8217;Peps Long Life Innovation\u201c yra i\u0161manus ir linksmas sprendimas, kuris niekada daugiau neleis pasimesti dangteliams. Dangteliai yra \u012ftaisyti \u012f mink\u0161t\u0105 patvar\u0173 pagrind\u0105, kuris puikiai telpa \u012f mokyklin\u012f krep\u0161\u012f. Ilgai tarnaujantys (galima nuspalvoti daugiau nei 300 metr\u0173!) ry\u0161ki\u0173 spalv\u0173 ra\u0161ikliai veltinio galiuku. Da\u017eus nuo audini\u0173 lengvai galima nuplauti muilu ir vandeniu. Sublokuotas, vidutinio dyd\u017eio, k\u016bgio formos galiukas (3.6mm skersmuo).<\/p>\n","protected":false},"excerpt":{"rendered":"<p>Flomasteriai \u201eColor&#8217;Peps Long Life Innovation\u201c yra i\u0161manus ir linksmas sprendimas, kuris niekada daugiau neleis pasimesti dangteliams. Dangteliai yra \u012ftaisyti \u012f mink\u0161t\u0105 patvar\u0173 pagrind\u0105, kuris puikiai telpa \u012f mokyklin\u012f krep\u0161\u012f. Ilgai tarnaujantys (galima nuspalvoti daugiau nei 300 metr\u0173!) ry\u0161ki\u0173 spalv\u0173 ra\u0161ikliai veltinio galiuku. Da\u017eus nuo audini\u0173 lengvai galima nuplauti muilu ir vandeniu. Sublokuotas, vidutinio dyd\u017eio, k\u016bgio formos galiukas (3.6mm skersmuo).<\/p>\n","protected":false},"featured_media":285634,"comment_status":"closed","ping_status":"closed","template":"","meta":{"_acf_changed":false,"ep_exclude_from_search":false},"product_cat":[18692,235,18634],"product_tag":[],"class_list":{"0":"post-285388","1":"product","2":"type-product","3":"status-publish","4":"has-post-thumbnail","6":"product_cat-flomasteriai","7":"product_cat-mokyklines-prekes","8":"product_cat-piesimo-reikmenys-2","10":"first","11":"instock","12":"taxable","13":"shipping-taxable","14":"purchasable","15":"product-type-simple"},"acf":[],"yoast_head":"<!-- This site is optimized with the Yoast SEO plugin v24.1 - https:\/\/yoast.com\/wordpress\/plugins\/seo\/ -->\n<title>Flomasteris Maped Color&#039;Peps Long Life Innovation &#8211; Skizze<\/title>\n<meta name=\"robots\" content=\"noindex, follow, max-snippet:-1, max-image-preview:large, max-video-preview:-1\" \/>\n<meta property=\"og:locale\" content=\"lt_LT\" \/>\n<meta property=\"og:type\" content=\"article\" \/>\n<meta property=\"og:title\" content=\"Flomasteris Maped Color&#039;Peps Long Life Innovation &#8211; Skizze\" \/>\n<meta property=\"og:description\" content=\"Flomasteriai \u201eColor&#8217;Peps Long Life Innovation\u201c yra i\u0161manus ir linksmas sprendimas, kuris niekada daugiau neleis pasimesti dangteliams. Dangteliai yra \u012ftaisyti \u012f mink\u0161t\u0105 patvar\u0173 pagrind\u0105, kuris puikiai telpa \u012f mokyklin\u012f krep\u0161\u012f. Ilgai tarnaujantys (galima nuspalvoti daugiau nei 300 metr\u0173!) ry\u0161ki\u0173 spalv\u0173 ra\u0161ikliai veltinio galiuku. Da\u017eus nuo audini\u0173 lengvai galima nuplauti muilu ir vandeniu. Sublokuotas, vidutinio dyd\u017eio, k\u016bgio formos galiukas (3.6mm skersmuo).\" \/>\n<meta property=\"og:url\" content=\"https:\/\/hobstop.ee\/lt\/produktas\/flomasteris-maped-colorpeps-long-life-innovation\/\" \/>\n<meta property=\"og:site_name\" content=\"Skizze\" \/>\n<meta property=\"article:publisher\" content=\"http:\/\/www.facebook.com\/VunderSkizze\" \/>\n<meta property=\"og:image\" content=\"https:\/\/hobstop.ee\/media\/4451.jpg\" \/>\n\t<meta property=\"og:image:width\" content=\"1024\" \/>\n\t<meta property=\"og:image:height\" content=\"768\" \/>\n\t<meta property=\"og:image:type\" content=\"image\/jpeg\" \/>\n<meta name=\"twitter:card\" content=\"summary_large_image\" \/>\n<script type=\"application\/ld+json\" class=\"yoast-schema-graph\">{\"@context\":\"https:\/\/schema.org\",\"@graph\":[{\"@type\":\"WebPage\",\"@id\":\"https:\/\/hobstop.ee\/lt\/produktas\/flomasteris-maped-colorpeps-long-life-innovation\/\",\"url\":\"https:\/\/hobstop.ee\/lt\/produktas\/flomasteris-maped-colorpeps-long-life-innovation\/\",\"name\":\"Flomasteris Maped Color'Peps Long Life Innovation &#8211; Skizze\",\"isPartOf\":{\"@id\":\"https:\/\/hobstop.ee\/lt\/#website\"},\"primaryImageOfPage\":{\"@id\":\"https:\/\/hobstop.ee\/lt\/produktas\/flomasteris-maped-colorpeps-long-life-innovation\/#primaryimage\"},\"image\":{\"@id\":\"https:\/\/hobstop.ee\/lt\/produktas\/flomasteris-maped-colorpeps-long-life-innovation\/#primaryimage\"},\"thumbnailUrl\":\"https:\/\/hobstop.ee\/media\/4451.jpg\",\"datePublished\":\"2017-04-06T12:14:53+00:00\",\"dateModified\":\"2017-04-06T12:14:53+00:00\",\"breadcrumb\":{\"@id\":\"https:\/\/hobstop.ee\/lt\/produktas\/flomasteris-maped-colorpeps-long-life-innovation\/#breadcrumb\"},\"inLanguage\":\"lt\",\"potentialAction\":[{\"@type\":\"ReadAction\",\"target\":[\"https:\/\/hobstop.ee\/lt\/produktas\/flomasteris-maped-colorpeps-long-life-innovation\/\"]}]},{\"@type\":\"ImageObject\",\"inLanguage\":\"lt\",\"@id\":\"https:\/\/hobstop.ee\/lt\/produktas\/flomasteris-maped-colorpeps-long-life-innovation\/#primaryimage\",\"url\":\"https:\/\/hobstop.ee\/media\/4451.jpg\",\"contentUrl\":\"https:\/\/hobstop.ee\/media\/4451.jpg\",\"width\":1024,\"height\":768},{\"@type\":\"BreadcrumbList\",\"@id\":\"https:\/\/hobstop.ee\/lt\/produktas\/flomasteris-maped-colorpeps-long-life-innovation\/#breadcrumb\",\"itemListElement\":[{\"@type\":\"ListItem\",\"position\":1,\"name\":\"Avaleht\",\"item\":\"https:\/\/hobstop.ee\/lt\/\"},{\"@type\":\"ListItem\",\"position\":2,\"name\":\"Parduotuv\u0117\",\"item\":\"https:\/\/hobstop.ee\/lt\/parduotuve\/\"},{\"@type\":\"ListItem\",\"position\":3,\"name\":\"Flomasteris Maped Color&#8217;Peps Long Life Innovation\"}]},{\"@type\":\"WebSite\",\"@id\":\"https:\/\/hobstop.ee\/lt\/#website\",\"url\":\"https:\/\/hobstop.ee\/lt\/\",\"name\":\"Skizze\",\"description\":\"Dail\u0117s, pom\u0117gi\u0173 ir mokykliniai reikm\u0117nys\",\"publisher\":{\"@id\":\"https:\/\/hobstop.ee\/lt\/#organization\"},\"potentialAction\":[{\"@type\":\"SearchAction\",\"target\":{\"@type\":\"EntryPoint\",\"urlTemplate\":\"https:\/\/hobstop.ee\/lt\/?s={search_term_string}\"},\"query-input\":{\"@type\":\"PropertyValueSpecification\",\"valueRequired\":true,\"valueName\":\"search_term_string\"}}],\"inLanguage\":\"lt\"},{\"@type\":\"Organization\",\"@id\":\"https:\/\/hobstop.ee\/lt\/#organization\",\"name\":\"Vunder AS\",\"url\":\"https:\/\/hobstop.ee\/lt\/\",\"logo\":{\"@type\":\"ImageObject\",\"inLanguage\":\"lt\",\"@id\":\"https:\/\/hobstop.ee\/lt\/#\/schema\/logo\/image\/\",\"url\":\"https:\/\/hobstop.ee\/media\/vunder-logo.png\",\"contentUrl\":\"https:\/\/hobstop.ee\/media\/vunder-logo.png\",\"width\":127,\"height\":55,\"caption\":\"Vunder AS\"},\"image\":{\"@id\":\"https:\/\/hobstop.ee\/lt\/#\/schema\/logo\/image\/\"},\"sameAs\":[\"http:\/\/www.facebook.com\/VunderSkizze\"]}]}<\/script>\n<!-- \/ Yoast SEO plugin. -->","yoast_head_json":{"title":"Flomasteris Maped Color'Peps Long Life Innovation &#8211; Skizze","robots":{"index":"noindex","follow":"follow","max-snippet":"max-snippet:-1","max-image-preview":"max-image-preview:large","max-video-preview":"max-video-preview:-1"},"og_locale":"lt_LT","og_type":"article","og_title":"Flomasteris Maped Color'Peps Long Life Innovation &#8211; Skizze","og_description":"Flomasteriai \u201eColor&#8217;Peps Long Life Innovation\u201c yra i\u0161manus ir linksmas sprendimas, kuris niekada daugiau neleis pasimesti dangteliams. Dangteliai yra \u012ftaisyti \u012f mink\u0161t\u0105 patvar\u0173 pagrind\u0105, kuris puikiai telpa \u012f mokyklin\u012f krep\u0161\u012f. Ilgai tarnaujantys (galima nuspalvoti daugiau nei 300 metr\u0173!) ry\u0161ki\u0173 spalv\u0173 ra\u0161ikliai veltinio galiuku. Da\u017eus nuo audini\u0173 lengvai galima nuplauti muilu ir vandeniu. Sublokuotas, vidutinio dyd\u017eio, k\u016bgio formos galiukas (3.6mm skersmuo).","og_url":"https:\/\/hobstop.ee\/lt\/produktas\/flomasteris-maped-colorpeps-long-life-innovation\/","og_site_name":"Skizze","article_publisher":"http:\/\/www.facebook.com\/VunderSkizze","og_image":[{"width":1024,"height":768,"url":"https:\/\/hobstop.ee\/media\/4451.jpg","type":"image\/jpeg"}],"twitter_card":"summary_large_image","schema":{"@context":"https:\/\/schema.org","@graph":[{"@type":"WebPage","@id":"https:\/\/hobstop.ee\/lt\/produktas\/flomasteris-maped-colorpeps-long-life-innovation\/","url":"https:\/\/hobstop.ee\/lt\/produktas\/flomasteris-maped-colorpeps-long-life-innovation\/","name":"Flomasteris Maped Color'Peps Long Life Innovation &#8211; Skizze","isPartOf":{"@id":"https:\/\/hobstop.ee\/lt\/#website"},"primaryImageOfPage":{"@id":"https:\/\/hobstop.ee\/lt\/produktas\/flomasteris-maped-colorpeps-long-life-innovation\/#primaryimage"},"image":{"@id":"https:\/\/hobstop.ee\/lt\/produktas\/flomasteris-maped-colorpeps-long-life-innovation\/#primaryimage"},"thumbnailUrl":"https:\/\/hobstop.ee\/media\/4451.jpg","datePublished":"2017-04-06T12:14:53+00:00","dateModified":"2017-04-06T12:14:53+00:00","breadcrumb":{"@id":"https:\/\/hobstop.ee\/lt\/produktas\/flomasteris-maped-colorpeps-long-life-innovation\/#breadcrumb"},"inLanguage":"lt","potentialAction":[{"@type":"ReadAction","target":["https:\/\/hobstop.ee\/lt\/produktas\/flomasteris-maped-colorpeps-long-life-innovation\/"]}]},{"@type":"ImageObject","inLanguage":"lt","@id":"https:\/\/hobstop.ee\/lt\/produktas\/flomasteris-maped-colorpeps-long-life-innovation\/#primaryimage","url":"https:\/\/hobstop.ee\/media\/4451.jpg","contentUrl":"https:\/\/hobstop.ee\/media\/4451.jpg","width":1024,"height":768},{"@type":"BreadcrumbList","@id":"https:\/\/hobstop.ee\/lt\/produktas\/flomasteris-maped-colorpeps-long-life-innovation\/#breadcrumb","itemListElement":[{"@type":"ListItem","position":1,"name":"Avaleht","item":"https:\/\/hobstop.ee\/lt\/"},{"@type":"ListItem","position":2,"name":"Parduotuv\u0117","item":"https:\/\/hobstop.ee\/lt\/parduotuve\/"},{"@type":"ListItem","position":3,"name":"Flomasteris Maped Color&#8217;Peps Long Life Innovation"}]},{"@type":"WebSite","@id":"https:\/\/hobstop.ee\/lt\/#website","url":"https:\/\/hobstop.ee\/lt\/","name":"Skizze","description":"Dail\u0117s, pom\u0117gi\u0173 ir mokykliniai reikm\u0117nys","publisher":{"@id":"https:\/\/hobstop.ee\/lt\/#organization"},"potentialAction":[{"@type":"SearchAction","target":{"@type":"EntryPoint","urlTemplate":"https:\/\/hobstop.ee\/lt\/?s={search_term_string}"},"query-input":{"@type":"PropertyValueSpecification","valueRequired":true,"valueName":"search_term_string"}}],"inLanguage":"lt"},{"@type":"Organization","@id":"https:\/\/hobstop.ee\/lt\/#organization","name":"Vunder AS","url":"https:\/\/hobstop.ee\/lt\/","logo":{"@type":"ImageObject","inLanguage":"lt","@id":"https:\/\/hobstop.ee\/lt\/#\/schema\/logo\/image\/","url":"https:\/\/hobstop.ee\/media\/vunder-logo.png","contentUrl":"https:\/\/hobstop.ee\/media\/vunder-logo.png","width":127,"height":55,"caption":"Vunder AS"},"image":{"@id":"https:\/\/hobstop.ee\/lt\/#\/schema\/logo\/image\/"},"sameAs":["http:\/\/www.facebook.com\/VunderSkizze"]}]}},"_links":{"self":[{"href":"https:\/\/hobstop.ee\/lt\/wp-json\/wp\/v2\/product\/285388","targetHints":{"allow":["GET"]}}],"collection":[{"href":"https:\/\/hobstop.ee\/lt\/wp-json\/wp\/v2\/product"}],"about":[{"href":"https:\/\/hobstop.ee\/lt\/wp-json\/wp\/v2\/types\/product"}],"replies":[{"embeddable":true,"href":"https:\/\/hobstop.ee\/lt\/wp-json\/wp\/v2\/comments?post=285388"}],"wp:featuredmedia":[{"embeddable":true,"href":"https:\/\/hobstop.ee\/lt\/wp-json\/wp\/v2\/media\/285634"}],"wp:attachment":[{"href":"https:\/\/hobstop.ee\/lt\/wp-json\/wp\/v2\/media?parent=285388"}],"wp:term":[{"taxonomy":"product_cat","embeddable":true,"href":"https:\/\/hobstop.ee\/lt\/wp-json\/wp\/v2\/product_cat?post=285388"},{"taxonomy":"product_tag","embeddable":true,"href":"https:\/\/hobstop.ee\/lt\/wp-json\/wp\/v2\/product_tag?post=285388"}],"curies":[{"name":"wp","href":"https:\/\/api.w.org\/{rel}","templated":true}]}}