{"id":285396,"date":"2017-04-06T15:14:55","date_gmt":"2017-04-06T12:14:55","guid":{"rendered":"https:\/\/sharks.ee\/vunder_2019\/lt\/product\/tusinukai-pilot-supergrip-g-rt\/"},"modified":"2017-04-06T15:14:55","modified_gmt":"2017-04-06T12:14:55","slug":"tusinukai-pilot-supergrip-g-rt","status":"publish","type":"product","link":"https:\/\/hobstop.ee\/lt\/produktas\/tusinukai-pilot-supergrip-g-rt\/","title":{"rendered":"Tu\u0161inukai Pilot Supergrip G RT"},"content":{"rendered":"<p>Leonardas Da Vin\u010dis yra pasak\u0119s: \u201eSud\u0117tingiausias yra paprastumas\u201c. Ra\u0161iklis \u201ePilot Super Grip G\u201c patvirtina jo \u017eod\u017eius \u2013 naujos kartos tu\u0161as, kuriuo labai malonu ra\u0161yti, patogus kotelis ir turi visk\u0105, ko tik Jums reikia. Ra\u0161iklis \u201eSuper Grip G\u201c yra itin paprasto lenkt\u0173 linij\u0173 dizaino ir prieinamos kainos.<br \/>\n&#8211; Skaidraus plastiko korpusas<br \/>\n&#8211; Guma padengta apatin\u0117 dalis<br \/>\n&#8211; Sumu\u0161imams atsparus rutuliukas i\u0161 volframo ir karbido<br \/>\n&#8211; Kei\u010diama \u0161erdel\u0117<\/p>\n","protected":false},"excerpt":{"rendered":"<p>Leonardas Da Vin\u010dis yra pasak\u0119s: \u201eSud\u0117tingiausias yra paprastumas\u201c. Ra\u0161iklis \u201ePilot Super Grip G\u201c patvirtina jo \u017eod\u017eius \u2013 naujos kartos tu\u0161as, kuriuo labai malonu ra\u0161yti, patogus kotelis ir turi visk\u0105, ko tik Jums reikia. Ra\u0161iklis \u201eSuper Grip G\u201c yra itin paprasto lenkt\u0173 linij\u0173 dizaino ir prieinamos kainos. &#8211; Skaidraus plastiko korpusas &#8211; Guma padengta apatin\u0117 dalis &#8211; Sumu\u0161imams atsparus rutuliukas i\u0161 volframo ir karbido &#8211; Kei\u010diama \u0161erdel\u0117<\/p>\n","protected":false},"featured_media":285642,"comment_status":"closed","ping_status":"closed","template":"","meta":{"_acf_changed":false,"ep_exclude_from_search":false},"product_cat":[17042,19882],"product_tag":[],"class_list":{"0":"post-285396","1":"product","2":"type-product","3":"status-publish","4":"has-post-thumbnail","6":"product_cat-rasymo-priemones-2","7":"product_cat-tusinukai","9":"first","10":"instock","11":"taxable","12":"shipping-taxable","13":"purchasable","14":"product-type-simple"},"acf":[],"yoast_head":"<!-- This site is optimized with the Yoast SEO plugin v24.1 - https:\/\/yoast.com\/wordpress\/plugins\/seo\/ -->\n<title>Tu\u0161inukai Pilot Supergrip G RT &#8211; Skizze<\/title>\n<meta name=\"robots\" content=\"noindex, follow, max-snippet:-1, max-image-preview:large, max-video-preview:-1\" \/>\n<meta property=\"og:locale\" content=\"lt_LT\" \/>\n<meta property=\"og:type\" content=\"article\" \/>\n<meta property=\"og:title\" content=\"Tu\u0161inukai Pilot Supergrip G RT &#8211; Skizze\" \/>\n<meta property=\"og:description\" content=\"Leonardas Da Vin\u010dis yra pasak\u0119s: \u201eSud\u0117tingiausias yra paprastumas\u201c. Ra\u0161iklis \u201ePilot Super Grip G\u201c patvirtina jo \u017eod\u017eius \u2013 naujos kartos tu\u0161as, kuriuo labai malonu ra\u0161yti, patogus kotelis ir turi visk\u0105, ko tik Jums reikia. Ra\u0161iklis \u201eSuper Grip G\u201c yra itin paprasto lenkt\u0173 linij\u0173 dizaino ir prieinamos kainos. &#8211; Skaidraus plastiko korpusas &#8211; Guma padengta apatin\u0117 dalis &#8211; Sumu\u0161imams atsparus rutuliukas i\u0161 volframo ir karbido &#8211; Kei\u010diama \u0161erdel\u0117\" \/>\n<meta property=\"og:url\" content=\"https:\/\/hobstop.ee\/lt\/produktas\/tusinukai-pilot-supergrip-g-rt\/\" \/>\n<meta property=\"og:site_name\" content=\"Skizze\" \/>\n<meta property=\"article:publisher\" content=\"http:\/\/www.facebook.com\/VunderSkizze\" \/>\n<meta property=\"og:image\" content=\"https:\/\/hobstop.ee\/media\/4496.jpg\" \/>\n\t<meta property=\"og:image:width\" content=\"1024\" \/>\n\t<meta property=\"og:image:height\" content=\"768\" \/>\n\t<meta property=\"og:image:type\" content=\"image\/jpeg\" \/>\n<meta name=\"twitter:card\" content=\"summary_large_image\" \/>\n<script type=\"application\/ld+json\" class=\"yoast-schema-graph\">{\"@context\":\"https:\/\/schema.org\",\"@graph\":[{\"@type\":\"WebPage\",\"@id\":\"https:\/\/hobstop.ee\/lt\/produktas\/tusinukai-pilot-supergrip-g-rt\/\",\"url\":\"https:\/\/hobstop.ee\/lt\/produktas\/tusinukai-pilot-supergrip-g-rt\/\",\"name\":\"Tu\u0161inukai Pilot Supergrip G RT &#8211; Skizze\",\"isPartOf\":{\"@id\":\"https:\/\/hobstop.ee\/lt\/#website\"},\"primaryImageOfPage\":{\"@id\":\"https:\/\/hobstop.ee\/lt\/produktas\/tusinukai-pilot-supergrip-g-rt\/#primaryimage\"},\"image\":{\"@id\":\"https:\/\/hobstop.ee\/lt\/produktas\/tusinukai-pilot-supergrip-g-rt\/#primaryimage\"},\"thumbnailUrl\":\"https:\/\/hobstop.ee\/media\/4496.jpg\",\"datePublished\":\"2017-04-06T12:14:55+00:00\",\"dateModified\":\"2017-04-06T12:14:55+00:00\",\"breadcrumb\":{\"@id\":\"https:\/\/hobstop.ee\/lt\/produktas\/tusinukai-pilot-supergrip-g-rt\/#breadcrumb\"},\"inLanguage\":\"lt\",\"potentialAction\":[{\"@type\":\"ReadAction\",\"target\":[\"https:\/\/hobstop.ee\/lt\/produktas\/tusinukai-pilot-supergrip-g-rt\/\"]}]},{\"@type\":\"ImageObject\",\"inLanguage\":\"lt\",\"@id\":\"https:\/\/hobstop.ee\/lt\/produktas\/tusinukai-pilot-supergrip-g-rt\/#primaryimage\",\"url\":\"https:\/\/hobstop.ee\/media\/4496.jpg\",\"contentUrl\":\"https:\/\/hobstop.ee\/media\/4496.jpg\",\"width\":1024,\"height\":768},{\"@type\":\"BreadcrumbList\",\"@id\":\"https:\/\/hobstop.ee\/lt\/produktas\/tusinukai-pilot-supergrip-g-rt\/#breadcrumb\",\"itemListElement\":[{\"@type\":\"ListItem\",\"position\":1,\"name\":\"Avaleht\",\"item\":\"https:\/\/hobstop.ee\/lt\/\"},{\"@type\":\"ListItem\",\"position\":2,\"name\":\"Parduotuv\u0117\",\"item\":\"https:\/\/hobstop.ee\/lt\/parduotuve\/\"},{\"@type\":\"ListItem\",\"position\":3,\"name\":\"Tu\u0161inukai Pilot Supergrip G RT\"}]},{\"@type\":\"WebSite\",\"@id\":\"https:\/\/hobstop.ee\/lt\/#website\",\"url\":\"https:\/\/hobstop.ee\/lt\/\",\"name\":\"Skizze\",\"description\":\"Dail\u0117s, pom\u0117gi\u0173 ir mokykliniai reikm\u0117nys\",\"publisher\":{\"@id\":\"https:\/\/hobstop.ee\/lt\/#organization\"},\"potentialAction\":[{\"@type\":\"SearchAction\",\"target\":{\"@type\":\"EntryPoint\",\"urlTemplate\":\"https:\/\/hobstop.ee\/lt\/?s={search_term_string}\"},\"query-input\":{\"@type\":\"PropertyValueSpecification\",\"valueRequired\":true,\"valueName\":\"search_term_string\"}}],\"inLanguage\":\"lt\"},{\"@type\":\"Organization\",\"@id\":\"https:\/\/hobstop.ee\/lt\/#organization\",\"name\":\"Vunder AS\",\"url\":\"https:\/\/hobstop.ee\/lt\/\",\"logo\":{\"@type\":\"ImageObject\",\"inLanguage\":\"lt\",\"@id\":\"https:\/\/hobstop.ee\/lt\/#\/schema\/logo\/image\/\",\"url\":\"https:\/\/hobstop.ee\/media\/vunder-logo.png\",\"contentUrl\":\"https:\/\/hobstop.ee\/media\/vunder-logo.png\",\"width\":127,\"height\":55,\"caption\":\"Vunder AS\"},\"image\":{\"@id\":\"https:\/\/hobstop.ee\/lt\/#\/schema\/logo\/image\/\"},\"sameAs\":[\"http:\/\/www.facebook.com\/VunderSkizze\"]}]}<\/script>\n<!-- \/ Yoast SEO plugin. -->","yoast_head_json":{"title":"Tu\u0161inukai Pilot Supergrip G RT &#8211; Skizze","robots":{"index":"noindex","follow":"follow","max-snippet":"max-snippet:-1","max-image-preview":"max-image-preview:large","max-video-preview":"max-video-preview:-1"},"og_locale":"lt_LT","og_type":"article","og_title":"Tu\u0161inukai Pilot Supergrip G RT &#8211; Skizze","og_description":"Leonardas Da Vin\u010dis yra pasak\u0119s: \u201eSud\u0117tingiausias yra paprastumas\u201c. Ra\u0161iklis \u201ePilot Super Grip G\u201c patvirtina jo \u017eod\u017eius \u2013 naujos kartos tu\u0161as, kuriuo labai malonu ra\u0161yti, patogus kotelis ir turi visk\u0105, ko tik Jums reikia. Ra\u0161iklis \u201eSuper Grip G\u201c yra itin paprasto lenkt\u0173 linij\u0173 dizaino ir prieinamos kainos. &#8211; Skaidraus plastiko korpusas &#8211; Guma padengta apatin\u0117 dalis &#8211; Sumu\u0161imams atsparus rutuliukas i\u0161 volframo ir karbido &#8211; Kei\u010diama \u0161erdel\u0117","og_url":"https:\/\/hobstop.ee\/lt\/produktas\/tusinukai-pilot-supergrip-g-rt\/","og_site_name":"Skizze","article_publisher":"http:\/\/www.facebook.com\/VunderSkizze","og_image":[{"width":1024,"height":768,"url":"https:\/\/hobstop.ee\/media\/4496.jpg","type":"image\/jpeg"}],"twitter_card":"summary_large_image","schema":{"@context":"https:\/\/schema.org","@graph":[{"@type":"WebPage","@id":"https:\/\/hobstop.ee\/lt\/produktas\/tusinukai-pilot-supergrip-g-rt\/","url":"https:\/\/hobstop.ee\/lt\/produktas\/tusinukai-pilot-supergrip-g-rt\/","name":"Tu\u0161inukai Pilot Supergrip G RT &#8211; Skizze","isPartOf":{"@id":"https:\/\/hobstop.ee\/lt\/#website"},"primaryImageOfPage":{"@id":"https:\/\/hobstop.ee\/lt\/produktas\/tusinukai-pilot-supergrip-g-rt\/#primaryimage"},"image":{"@id":"https:\/\/hobstop.ee\/lt\/produktas\/tusinukai-pilot-supergrip-g-rt\/#primaryimage"},"thumbnailUrl":"https:\/\/hobstop.ee\/media\/4496.jpg","datePublished":"2017-04-06T12:14:55+00:00","dateModified":"2017-04-06T12:14:55+00:00","breadcrumb":{"@id":"https:\/\/hobstop.ee\/lt\/produktas\/tusinukai-pilot-supergrip-g-rt\/#breadcrumb"},"inLanguage":"lt","potentialAction":[{"@type":"ReadAction","target":["https:\/\/hobstop.ee\/lt\/produktas\/tusinukai-pilot-supergrip-g-rt\/"]}]},{"@type":"ImageObject","inLanguage":"lt","@id":"https:\/\/hobstop.ee\/lt\/produktas\/tusinukai-pilot-supergrip-g-rt\/#primaryimage","url":"https:\/\/hobstop.ee\/media\/4496.jpg","contentUrl":"https:\/\/hobstop.ee\/media\/4496.jpg","width":1024,"height":768},{"@type":"BreadcrumbList","@id":"https:\/\/hobstop.ee\/lt\/produktas\/tusinukai-pilot-supergrip-g-rt\/#breadcrumb","itemListElement":[{"@type":"ListItem","position":1,"name":"Avaleht","item":"https:\/\/hobstop.ee\/lt\/"},{"@type":"ListItem","position":2,"name":"Parduotuv\u0117","item":"https:\/\/hobstop.ee\/lt\/parduotuve\/"},{"@type":"ListItem","position":3,"name":"Tu\u0161inukai Pilot Supergrip G RT"}]},{"@type":"WebSite","@id":"https:\/\/hobstop.ee\/lt\/#website","url":"https:\/\/hobstop.ee\/lt\/","name":"Skizze","description":"Dail\u0117s, pom\u0117gi\u0173 ir mokykliniai reikm\u0117nys","publisher":{"@id":"https:\/\/hobstop.ee\/lt\/#organization"},"potentialAction":[{"@type":"SearchAction","target":{"@type":"EntryPoint","urlTemplate":"https:\/\/hobstop.ee\/lt\/?s={search_term_string}"},"query-input":{"@type":"PropertyValueSpecification","valueRequired":true,"valueName":"search_term_string"}}],"inLanguage":"lt"},{"@type":"Organization","@id":"https:\/\/hobstop.ee\/lt\/#organization","name":"Vunder AS","url":"https:\/\/hobstop.ee\/lt\/","logo":{"@type":"ImageObject","inLanguage":"lt","@id":"https:\/\/hobstop.ee\/lt\/#\/schema\/logo\/image\/","url":"https:\/\/hobstop.ee\/media\/vunder-logo.png","contentUrl":"https:\/\/hobstop.ee\/media\/vunder-logo.png","width":127,"height":55,"caption":"Vunder AS"},"image":{"@id":"https:\/\/hobstop.ee\/lt\/#\/schema\/logo\/image\/"},"sameAs":["http:\/\/www.facebook.com\/VunderSkizze"]}]}},"_links":{"self":[{"href":"https:\/\/hobstop.ee\/lt\/wp-json\/wp\/v2\/product\/285396","targetHints":{"allow":["GET"]}}],"collection":[{"href":"https:\/\/hobstop.ee\/lt\/wp-json\/wp\/v2\/product"}],"about":[{"href":"https:\/\/hobstop.ee\/lt\/wp-json\/wp\/v2\/types\/product"}],"replies":[{"embeddable":true,"href":"https:\/\/hobstop.ee\/lt\/wp-json\/wp\/v2\/comments?post=285396"}],"wp:featuredmedia":[{"embeddable":true,"href":"https:\/\/hobstop.ee\/lt\/wp-json\/wp\/v2\/media\/285642"}],"wp:attachment":[{"href":"https:\/\/hobstop.ee\/lt\/wp-json\/wp\/v2\/media?parent=285396"}],"wp:term":[{"taxonomy":"product_cat","embeddable":true,"href":"https:\/\/hobstop.ee\/lt\/wp-json\/wp\/v2\/product_cat?post=285396"},{"taxonomy":"product_tag","embeddable":true,"href":"https:\/\/hobstop.ee\/lt\/wp-json\/wp\/v2\/product_tag?post=285396"}],"curies":[{"name":"wp","href":"https:\/\/api.w.org\/{rel}","templated":true}]}}