{"id":285429,"date":"2017-04-06T16:20:24","date_gmt":"2017-04-06T12:15:02","guid":{"rendered":"https:\/\/sharks.ee\/vunder_2019\/lt\/product\/sasiuvinis-eskizams-marabu-art-journal\/"},"modified":"2017-04-06T15:15:02","modified_gmt":"2017-04-06T12:15:02","slug":"sasiuvinis-eskizams-marabu-art-journal","status":"publish","type":"product","link":"https:\/\/hobstop.ee\/lt\/produktas\/sasiuvinis-eskizams-marabu-art-journal\/","title":{"rendered":"S\u0105siuvinis eskizams Marabu Art Journal"},"content":{"rendered":"<p>Matinis, smulkiai grubl\u0117tas popierius puikiai tinka \u012fvairiems da\u017eams ir technikoms. Nat\u016braliai baltas ir \u0161viesos poveikiui atsparus pavir\u0161ius labai gerai perteikia spalvas. Kokybi\u0161kas, susi\u016btas s\u0105siuvinis su vidine ki\u0161en\u0117le visada bus Jums po ranka.<\/p>\n","protected":false},"excerpt":{"rendered":"<p>Matinis, smulkiai grubl\u0117tas popierius puikiai tinka \u012fvairiems da\u017eams ir technikoms. Nat\u016braliai baltas ir \u0161viesos poveikiui atsparus pavir\u0161ius labai gerai perteikia spalvas. Kokybi\u0161kas, susi\u016btas s\u0105siuvinis su vidine ki\u0161en\u0117le visada bus Jums po ranka.<\/p>\n","protected":false},"featured_media":285678,"comment_status":"closed","ping_status":"closed","template":"","meta":{"_acf_changed":false,"ep_exclude_from_search":false},"product_cat":[19025,17922,18944],"product_tag":[],"class_list":{"0":"post-285429","1":"product","2":"type-product","3":"status-publish","4":"has-post-thumbnail","6":"product_cat-piesimo-popierius-ir-bloknotai","7":"product_cat-popieriaus-prekes","8":"product_cat-specialus-popierius-ir-kartonas","10":"first","11":"instock","12":"taxable","13":"shipping-taxable","14":"purchasable","15":"product-type-variable"},"acf":[],"yoast_head":"<!-- This site is optimized with the Yoast SEO plugin v24.1 - https:\/\/yoast.com\/wordpress\/plugins\/seo\/ -->\n<title>S\u0105siuvinis eskizams Marabu Art Journal &#8211; Skizze<\/title>\n<meta name=\"robots\" content=\"noindex, follow, max-snippet:-1, max-image-preview:large, max-video-preview:-1\" \/>\n<meta property=\"og:locale\" content=\"lt_LT\" \/>\n<meta property=\"og:type\" content=\"article\" \/>\n<meta property=\"og:title\" content=\"S\u0105siuvinis eskizams Marabu Art Journal &#8211; Skizze\" \/>\n<meta property=\"og:description\" content=\"Matinis, smulkiai grubl\u0117tas popierius puikiai tinka \u012fvairiems da\u017eams ir technikoms. Nat\u016braliai baltas ir \u0161viesos poveikiui atsparus pavir\u0161ius labai gerai perteikia spalvas. Kokybi\u0161kas, susi\u016btas s\u0105siuvinis su vidine ki\u0161en\u0117le visada bus Jums po ranka.\" \/>\n<meta property=\"og:url\" content=\"https:\/\/hobstop.ee\/lt\/produktas\/sasiuvinis-eskizams-marabu-art-journal\/\" \/>\n<meta property=\"og:site_name\" content=\"Skizze\" \/>\n<meta property=\"article:publisher\" content=\"http:\/\/www.facebook.com\/VunderSkizze\" \/>\n<meta property=\"og:image\" content=\"https:\/\/hobstop.ee\/media\/4527.jpg\" \/>\n\t<meta property=\"og:image:width\" content=\"1024\" \/>\n\t<meta property=\"og:image:height\" content=\"768\" \/>\n\t<meta property=\"og:image:type\" content=\"image\/jpeg\" \/>\n<meta name=\"twitter:card\" content=\"summary_large_image\" \/>\n<script type=\"application\/ld+json\" class=\"yoast-schema-graph\">{\"@context\":\"https:\/\/schema.org\",\"@graph\":[{\"@type\":\"WebPage\",\"@id\":\"https:\/\/hobstop.ee\/lt\/produktas\/sasiuvinis-eskizams-marabu-art-journal\/\",\"url\":\"https:\/\/hobstop.ee\/lt\/produktas\/sasiuvinis-eskizams-marabu-art-journal\/\",\"name\":\"S\u0105siuvinis eskizams Marabu Art Journal &#8211; Skizze\",\"isPartOf\":{\"@id\":\"https:\/\/hobstop.ee\/lt\/#website\"},\"primaryImageOfPage\":{\"@id\":\"https:\/\/hobstop.ee\/lt\/produktas\/sasiuvinis-eskizams-marabu-art-journal\/#primaryimage\"},\"image\":{\"@id\":\"https:\/\/hobstop.ee\/lt\/produktas\/sasiuvinis-eskizams-marabu-art-journal\/#primaryimage\"},\"thumbnailUrl\":\"https:\/\/hobstop.ee\/media\/4527.jpg\",\"datePublished\":\"2017-04-06T12:15:02+00:00\",\"dateModified\":\"2017-04-06T12:15:02+00:00\",\"breadcrumb\":{\"@id\":\"https:\/\/hobstop.ee\/lt\/produktas\/sasiuvinis-eskizams-marabu-art-journal\/#breadcrumb\"},\"inLanguage\":\"lt\",\"potentialAction\":[{\"@type\":\"ReadAction\",\"target\":[\"https:\/\/hobstop.ee\/lt\/produktas\/sasiuvinis-eskizams-marabu-art-journal\/\"]}]},{\"@type\":\"ImageObject\",\"inLanguage\":\"lt\",\"@id\":\"https:\/\/hobstop.ee\/lt\/produktas\/sasiuvinis-eskizams-marabu-art-journal\/#primaryimage\",\"url\":\"https:\/\/hobstop.ee\/media\/4527.jpg\",\"contentUrl\":\"https:\/\/hobstop.ee\/media\/4527.jpg\",\"width\":1024,\"height\":768},{\"@type\":\"BreadcrumbList\",\"@id\":\"https:\/\/hobstop.ee\/lt\/produktas\/sasiuvinis-eskizams-marabu-art-journal\/#breadcrumb\",\"itemListElement\":[{\"@type\":\"ListItem\",\"position\":1,\"name\":\"Avaleht\",\"item\":\"https:\/\/hobstop.ee\/lt\/\"},{\"@type\":\"ListItem\",\"position\":2,\"name\":\"Parduotuv\u0117\",\"item\":\"https:\/\/hobstop.ee\/lt\/parduotuve\/\"},{\"@type\":\"ListItem\",\"position\":3,\"name\":\"S\u0105siuvinis eskizams Marabu Art Journal\"}]},{\"@type\":\"WebSite\",\"@id\":\"https:\/\/hobstop.ee\/lt\/#website\",\"url\":\"https:\/\/hobstop.ee\/lt\/\",\"name\":\"Skizze\",\"description\":\"Dail\u0117s, pom\u0117gi\u0173 ir mokykliniai reikm\u0117nys\",\"publisher\":{\"@id\":\"https:\/\/hobstop.ee\/lt\/#organization\"},\"potentialAction\":[{\"@type\":\"SearchAction\",\"target\":{\"@type\":\"EntryPoint\",\"urlTemplate\":\"https:\/\/hobstop.ee\/lt\/?s={search_term_string}\"},\"query-input\":{\"@type\":\"PropertyValueSpecification\",\"valueRequired\":true,\"valueName\":\"search_term_string\"}}],\"inLanguage\":\"lt\"},{\"@type\":\"Organization\",\"@id\":\"https:\/\/hobstop.ee\/lt\/#organization\",\"name\":\"Vunder AS\",\"url\":\"https:\/\/hobstop.ee\/lt\/\",\"logo\":{\"@type\":\"ImageObject\",\"inLanguage\":\"lt\",\"@id\":\"https:\/\/hobstop.ee\/lt\/#\/schema\/logo\/image\/\",\"url\":\"https:\/\/hobstop.ee\/media\/vunder-logo.png\",\"contentUrl\":\"https:\/\/hobstop.ee\/media\/vunder-logo.png\",\"width\":127,\"height\":55,\"caption\":\"Vunder AS\"},\"image\":{\"@id\":\"https:\/\/hobstop.ee\/lt\/#\/schema\/logo\/image\/\"},\"sameAs\":[\"http:\/\/www.facebook.com\/VunderSkizze\"]}]}<\/script>\n<!-- \/ Yoast SEO plugin. -->","yoast_head_json":{"title":"S\u0105siuvinis eskizams Marabu Art Journal &#8211; Skizze","robots":{"index":"noindex","follow":"follow","max-snippet":"max-snippet:-1","max-image-preview":"max-image-preview:large","max-video-preview":"max-video-preview:-1"},"og_locale":"lt_LT","og_type":"article","og_title":"S\u0105siuvinis eskizams Marabu Art Journal &#8211; Skizze","og_description":"Matinis, smulkiai grubl\u0117tas popierius puikiai tinka \u012fvairiems da\u017eams ir technikoms. Nat\u016braliai baltas ir \u0161viesos poveikiui atsparus pavir\u0161ius labai gerai perteikia spalvas. Kokybi\u0161kas, susi\u016btas s\u0105siuvinis su vidine ki\u0161en\u0117le visada bus Jums po ranka.","og_url":"https:\/\/hobstop.ee\/lt\/produktas\/sasiuvinis-eskizams-marabu-art-journal\/","og_site_name":"Skizze","article_publisher":"http:\/\/www.facebook.com\/VunderSkizze","og_image":[{"width":1024,"height":768,"url":"https:\/\/hobstop.ee\/media\/4527.jpg","type":"image\/jpeg"}],"twitter_card":"summary_large_image","schema":{"@context":"https:\/\/schema.org","@graph":[{"@type":"WebPage","@id":"https:\/\/hobstop.ee\/lt\/produktas\/sasiuvinis-eskizams-marabu-art-journal\/","url":"https:\/\/hobstop.ee\/lt\/produktas\/sasiuvinis-eskizams-marabu-art-journal\/","name":"S\u0105siuvinis eskizams Marabu Art Journal &#8211; Skizze","isPartOf":{"@id":"https:\/\/hobstop.ee\/lt\/#website"},"primaryImageOfPage":{"@id":"https:\/\/hobstop.ee\/lt\/produktas\/sasiuvinis-eskizams-marabu-art-journal\/#primaryimage"},"image":{"@id":"https:\/\/hobstop.ee\/lt\/produktas\/sasiuvinis-eskizams-marabu-art-journal\/#primaryimage"},"thumbnailUrl":"https:\/\/hobstop.ee\/media\/4527.jpg","datePublished":"2017-04-06T12:15:02+00:00","dateModified":"2017-04-06T12:15:02+00:00","breadcrumb":{"@id":"https:\/\/hobstop.ee\/lt\/produktas\/sasiuvinis-eskizams-marabu-art-journal\/#breadcrumb"},"inLanguage":"lt","potentialAction":[{"@type":"ReadAction","target":["https:\/\/hobstop.ee\/lt\/produktas\/sasiuvinis-eskizams-marabu-art-journal\/"]}]},{"@type":"ImageObject","inLanguage":"lt","@id":"https:\/\/hobstop.ee\/lt\/produktas\/sasiuvinis-eskizams-marabu-art-journal\/#primaryimage","url":"https:\/\/hobstop.ee\/media\/4527.jpg","contentUrl":"https:\/\/hobstop.ee\/media\/4527.jpg","width":1024,"height":768},{"@type":"BreadcrumbList","@id":"https:\/\/hobstop.ee\/lt\/produktas\/sasiuvinis-eskizams-marabu-art-journal\/#breadcrumb","itemListElement":[{"@type":"ListItem","position":1,"name":"Avaleht","item":"https:\/\/hobstop.ee\/lt\/"},{"@type":"ListItem","position":2,"name":"Parduotuv\u0117","item":"https:\/\/hobstop.ee\/lt\/parduotuve\/"},{"@type":"ListItem","position":3,"name":"S\u0105siuvinis eskizams Marabu Art Journal"}]},{"@type":"WebSite","@id":"https:\/\/hobstop.ee\/lt\/#website","url":"https:\/\/hobstop.ee\/lt\/","name":"Skizze","description":"Dail\u0117s, pom\u0117gi\u0173 ir mokykliniai reikm\u0117nys","publisher":{"@id":"https:\/\/hobstop.ee\/lt\/#organization"},"potentialAction":[{"@type":"SearchAction","target":{"@type":"EntryPoint","urlTemplate":"https:\/\/hobstop.ee\/lt\/?s={search_term_string}"},"query-input":{"@type":"PropertyValueSpecification","valueRequired":true,"valueName":"search_term_string"}}],"inLanguage":"lt"},{"@type":"Organization","@id":"https:\/\/hobstop.ee\/lt\/#organization","name":"Vunder AS","url":"https:\/\/hobstop.ee\/lt\/","logo":{"@type":"ImageObject","inLanguage":"lt","@id":"https:\/\/hobstop.ee\/lt\/#\/schema\/logo\/image\/","url":"https:\/\/hobstop.ee\/media\/vunder-logo.png","contentUrl":"https:\/\/hobstop.ee\/media\/vunder-logo.png","width":127,"height":55,"caption":"Vunder AS"},"image":{"@id":"https:\/\/hobstop.ee\/lt\/#\/schema\/logo\/image\/"},"sameAs":["http:\/\/www.facebook.com\/VunderSkizze"]}]}},"_links":{"self":[{"href":"https:\/\/hobstop.ee\/lt\/wp-json\/wp\/v2\/product\/285429","targetHints":{"allow":["GET"]}}],"collection":[{"href":"https:\/\/hobstop.ee\/lt\/wp-json\/wp\/v2\/product"}],"about":[{"href":"https:\/\/hobstop.ee\/lt\/wp-json\/wp\/v2\/types\/product"}],"replies":[{"embeddable":true,"href":"https:\/\/hobstop.ee\/lt\/wp-json\/wp\/v2\/comments?post=285429"}],"wp:featuredmedia":[{"embeddable":true,"href":"https:\/\/hobstop.ee\/lt\/wp-json\/wp\/v2\/media\/285678"}],"wp:attachment":[{"href":"https:\/\/hobstop.ee\/lt\/wp-json\/wp\/v2\/media?parent=285429"}],"wp:term":[{"taxonomy":"product_cat","embeddable":true,"href":"https:\/\/hobstop.ee\/lt\/wp-json\/wp\/v2\/product_cat?post=285429"},{"taxonomy":"product_tag","embeddable":true,"href":"https:\/\/hobstop.ee\/lt\/wp-json\/wp\/v2\/product_tag?post=285429"}],"curies":[{"name":"wp","href":"https:\/\/api.w.org\/{rel}","templated":true}]}}