{"id":286301,"date":"2017-04-26T10:08:14","date_gmt":"2017-04-26T07:08:14","guid":{"rendered":"https:\/\/sharks.ee\/vunder_2019\/lt\/product\/aerozoliniai-dazai-marabu-do-it-metallic-150ml\/"},"modified":"2017-04-26T10:08:14","modified_gmt":"2017-04-26T07:08:14","slug":"aerozoliniai-dazai-marabu-do-it-metallic-150ml","status":"publish","type":"product","link":"https:\/\/hobstop.ee\/lt\/produktas\/aerozoliniai-dazai-marabu-do-it-metallic-150ml\/","title":{"rendered":"Aerozoliniai da\u017eai Marabu do it Metallic 150ml"},"content":{"rendered":"<p>Baldai, smulk\u016bs dekoratyviniai daiktai ar kas nors i\u0161 polistireno? Metalinis efektas suteiks ypating\u0105 i\u0161vaizd\u0105. \u201eMarabu do it\u201c ry\u0161ki\u0173 spalv\u0173 blizg\u016bs da\u017eai tinka \u012fvairioms reikm\u0117ms \u2013 jie puikiai nuda\u017eo net ir \u201ekaprizingus\u201c pavir\u0161ius. Puikiai tinka profesionaliems amatininkams ir meistrauti norintiems m\u0117g\u0117jams. Didel\u0117s pigmentacijos \u201edo it\u201c da\u017eai puikiai ir greitai plonu sluoksniu padengia pavir\u0161ius. Pur\u0161kiami da\u017eai i\u0161d\u017ei\u016bsta labai greitai, tvirtai prikimba, yra atspar\u016bs ne\u0161varumams ir atmosferos poveikiui. Kokybi\u0161kai ir greitai nuda\u017eo daugel\u012f, net ir sunkiai padengiam\u0173 med\u017eiag\u0173 \u2013 karton\u0105, medien\u0105, poliester\u012f, stikl\u0105, akmen\u012f, mol\u012f, pintinius daiktus, sausas nat\u016bralias med\u017eiagas. Tinka poliesteriui!<\/p>\n","protected":false},"excerpt":{"rendered":"<p>Baldai, smulk\u016bs dekoratyviniai daiktai ar kas nors i\u0161 polistireno? Metalinis efektas suteiks ypating\u0105 i\u0161vaizd\u0105. \u201eMarabu do it\u201c ry\u0161ki\u0173 spalv\u0173 blizg\u016bs da\u017eai tinka \u012fvairioms reikm\u0117ms \u2013 jie puikiai nuda\u017eo net ir \u201ekaprizingus\u201c pavir\u0161ius. Puikiai tinka profesionaliems amatininkams ir meistrauti norintiems m\u0117g\u0117jams. Didel\u0117s pigmentacijos \u201edo it\u201c da\u017eai puikiai ir greitai plonu sluoksniu padengia pavir\u0161ius. Pur\u0161kiami da\u017eai i\u0161d\u017ei\u016bsta labai greitai, tvirtai prikimba, yra atspar\u016bs ne\u0161varumams ir atmosferos poveikiui. Kokybi\u0161kai ir greitai nuda\u017eo daugel\u012f, net ir sunkiai padengiam\u0173 med\u017eiag\u0173 \u2013 karton\u0105, medien\u0105, poliester\u012f, stikl\u0105, akmen\u012f, mol\u012f, pintinius daiktus, sausas nat\u016bralias med\u017eiagas. Tinka poliesteriui!<\/p>\n","protected":false},"featured_media":286509,"comment_status":"closed","ping_status":"closed","template":"","meta":{"_acf_changed":false,"ep_exclude_from_search":false},"product_cat":[18197,239,17919],"product_tag":[],"class_list":{"0":"post-286301","1":"product","2":"type-product","3":"status-publish","4":"has-post-thumbnail","6":"product_cat-aerozoliniai-dazai","7":"product_cat-aerosoolvarvid","8":"product_cat-pomegiu-prekes","10":"first","11":"instock","12":"taxable","13":"shipping-taxable","14":"purchasable","15":"product-type-simple"},"acf":[],"yoast_head":"<!-- This site is optimized with the Yoast SEO plugin v24.1 - https:\/\/yoast.com\/wordpress\/plugins\/seo\/ -->\n<title>Aerozoliniai da\u017eai Marabu do it Metallic 150ml &#8211; Skizze<\/title>\n<meta name=\"robots\" content=\"noindex, follow, max-snippet:-1, max-image-preview:large, max-video-preview:-1\" \/>\n<meta property=\"og:locale\" content=\"lt_LT\" \/>\n<meta property=\"og:type\" content=\"article\" \/>\n<meta property=\"og:title\" content=\"Aerozoliniai da\u017eai Marabu do it Metallic 150ml &#8211; Skizze\" \/>\n<meta property=\"og:description\" content=\"Baldai, smulk\u016bs dekoratyviniai daiktai ar kas nors i\u0161 polistireno? Metalinis efektas suteiks ypating\u0105 i\u0161vaizd\u0105. \u201eMarabu do it\u201c ry\u0161ki\u0173 spalv\u0173 blizg\u016bs da\u017eai tinka \u012fvairioms reikm\u0117ms \u2013 jie puikiai nuda\u017eo net ir \u201ekaprizingus\u201c pavir\u0161ius. Puikiai tinka profesionaliems amatininkams ir meistrauti norintiems m\u0117g\u0117jams. Didel\u0117s pigmentacijos \u201edo it\u201c da\u017eai puikiai ir greitai plonu sluoksniu padengia pavir\u0161ius. Pur\u0161kiami da\u017eai i\u0161d\u017ei\u016bsta labai greitai, tvirtai prikimba, yra atspar\u016bs ne\u0161varumams ir atmosferos poveikiui. Kokybi\u0161kai ir greitai nuda\u017eo daugel\u012f, net ir sunkiai padengiam\u0173 med\u017eiag\u0173 \u2013 karton\u0105, medien\u0105, poliester\u012f, stikl\u0105, akmen\u012f, mol\u012f, pintinius daiktus, sausas nat\u016bralias med\u017eiagas. Tinka poliesteriui!\" \/>\n<meta property=\"og:url\" content=\"https:\/\/hobstop.ee\/lt\/produktas\/aerozoliniai-dazai-marabu-do-it-metallic-150ml\/\" \/>\n<meta property=\"og:site_name\" content=\"Skizze\" \/>\n<meta property=\"article:publisher\" content=\"http:\/\/www.facebook.com\/VunderSkizze\" \/>\n<meta property=\"og:image\" content=\"https:\/\/www.hobstop.ee\/media\/4467.jpg\" \/>\n\t<meta property=\"og:image:width\" content=\"1024\" \/>\n\t<meta property=\"og:image:height\" content=\"768\" \/>\n\t<meta property=\"og:image:type\" content=\"image\/jpeg\" \/>\n<meta name=\"twitter:card\" content=\"summary_large_image\" \/>\n<meta name=\"twitter:label1\" content=\"Est. reading time\" \/>\n\t<meta name=\"twitter:data1\" content=\"1 minute\" \/>\n<script type=\"application\/ld+json\" class=\"yoast-schema-graph\">{\"@context\":\"https:\/\/schema.org\",\"@graph\":[{\"@type\":\"WebPage\",\"@id\":\"https:\/\/hobstop.ee\/lt\/produktas\/aerozoliniai-dazai-marabu-do-it-metallic-150ml\/\",\"url\":\"https:\/\/hobstop.ee\/lt\/produktas\/aerozoliniai-dazai-marabu-do-it-metallic-150ml\/\",\"name\":\"Aerozoliniai da\u017eai Marabu do it Metallic 150ml &#8211; Skizze\",\"isPartOf\":{\"@id\":\"https:\/\/hobstop.ee\/lt\/#website\"},\"primaryImageOfPage\":{\"@id\":\"https:\/\/hobstop.ee\/lt\/produktas\/aerozoliniai-dazai-marabu-do-it-metallic-150ml\/#primaryimage\"},\"image\":{\"@id\":\"https:\/\/hobstop.ee\/lt\/produktas\/aerozoliniai-dazai-marabu-do-it-metallic-150ml\/#primaryimage\"},\"thumbnailUrl\":\"https:\/\/hobstop.ee\/media\/4467.jpg\",\"datePublished\":\"2017-04-26T07:08:14+00:00\",\"dateModified\":\"2017-04-26T07:08:14+00:00\",\"breadcrumb\":{\"@id\":\"https:\/\/hobstop.ee\/lt\/produktas\/aerozoliniai-dazai-marabu-do-it-metallic-150ml\/#breadcrumb\"},\"inLanguage\":\"lt\",\"potentialAction\":[{\"@type\":\"ReadAction\",\"target\":[\"https:\/\/hobstop.ee\/lt\/produktas\/aerozoliniai-dazai-marabu-do-it-metallic-150ml\/\"]}]},{\"@type\":\"ImageObject\",\"inLanguage\":\"lt\",\"@id\":\"https:\/\/hobstop.ee\/lt\/produktas\/aerozoliniai-dazai-marabu-do-it-metallic-150ml\/#primaryimage\",\"url\":\"https:\/\/hobstop.ee\/media\/4467.jpg\",\"contentUrl\":\"https:\/\/hobstop.ee\/media\/4467.jpg\",\"width\":1024,\"height\":768},{\"@type\":\"BreadcrumbList\",\"@id\":\"https:\/\/hobstop.ee\/lt\/produktas\/aerozoliniai-dazai-marabu-do-it-metallic-150ml\/#breadcrumb\",\"itemListElement\":[{\"@type\":\"ListItem\",\"position\":1,\"name\":\"Avaleht\",\"item\":\"https:\/\/hobstop.ee\/lt\/\"},{\"@type\":\"ListItem\",\"position\":2,\"name\":\"Parduotuv\u0117\",\"item\":\"https:\/\/hobstop.ee\/lt\/parduotuve\/\"},{\"@type\":\"ListItem\",\"position\":3,\"name\":\"Aerozoliniai da\u017eai Marabu do it Metallic 150ml\"}]},{\"@type\":\"WebSite\",\"@id\":\"https:\/\/hobstop.ee\/lt\/#website\",\"url\":\"https:\/\/hobstop.ee\/lt\/\",\"name\":\"Skizze\",\"description\":\"Dail\u0117s, pom\u0117gi\u0173 ir mokykliniai reikm\u0117nys\",\"publisher\":{\"@id\":\"https:\/\/hobstop.ee\/lt\/#organization\"},\"potentialAction\":[{\"@type\":\"SearchAction\",\"target\":{\"@type\":\"EntryPoint\",\"urlTemplate\":\"https:\/\/hobstop.ee\/lt\/?s={search_term_string}\"},\"query-input\":{\"@type\":\"PropertyValueSpecification\",\"valueRequired\":true,\"valueName\":\"search_term_string\"}}],\"inLanguage\":\"lt\"},{\"@type\":\"Organization\",\"@id\":\"https:\/\/hobstop.ee\/lt\/#organization\",\"name\":\"Vunder AS\",\"url\":\"https:\/\/hobstop.ee\/lt\/\",\"logo\":{\"@type\":\"ImageObject\",\"inLanguage\":\"lt\",\"@id\":\"https:\/\/hobstop.ee\/lt\/#\/schema\/logo\/image\/\",\"url\":\"https:\/\/hobstop.ee\/media\/vunder-logo.png\",\"contentUrl\":\"https:\/\/hobstop.ee\/media\/vunder-logo.png\",\"width\":127,\"height\":55,\"caption\":\"Vunder AS\"},\"image\":{\"@id\":\"https:\/\/hobstop.ee\/lt\/#\/schema\/logo\/image\/\"},\"sameAs\":[\"http:\/\/www.facebook.com\/VunderSkizze\"]}]}<\/script>\n<!-- \/ Yoast SEO plugin. -->","yoast_head_json":{"title":"Aerozoliniai da\u017eai Marabu do it Metallic 150ml &#8211; Skizze","robots":{"index":"noindex","follow":"follow","max-snippet":"max-snippet:-1","max-image-preview":"max-image-preview:large","max-video-preview":"max-video-preview:-1"},"og_locale":"lt_LT","og_type":"article","og_title":"Aerozoliniai da\u017eai Marabu do it Metallic 150ml &#8211; Skizze","og_description":"Baldai, smulk\u016bs dekoratyviniai daiktai ar kas nors i\u0161 polistireno? Metalinis efektas suteiks ypating\u0105 i\u0161vaizd\u0105. \u201eMarabu do it\u201c ry\u0161ki\u0173 spalv\u0173 blizg\u016bs da\u017eai tinka \u012fvairioms reikm\u0117ms \u2013 jie puikiai nuda\u017eo net ir \u201ekaprizingus\u201c pavir\u0161ius. Puikiai tinka profesionaliems amatininkams ir meistrauti norintiems m\u0117g\u0117jams. Didel\u0117s pigmentacijos \u201edo it\u201c da\u017eai puikiai ir greitai plonu sluoksniu padengia pavir\u0161ius. Pur\u0161kiami da\u017eai i\u0161d\u017ei\u016bsta labai greitai, tvirtai prikimba, yra atspar\u016bs ne\u0161varumams ir atmosferos poveikiui. Kokybi\u0161kai ir greitai nuda\u017eo daugel\u012f, net ir sunkiai padengiam\u0173 med\u017eiag\u0173 \u2013 karton\u0105, medien\u0105, poliester\u012f, stikl\u0105, akmen\u012f, mol\u012f, pintinius daiktus, sausas nat\u016bralias med\u017eiagas. Tinka poliesteriui!","og_url":"https:\/\/hobstop.ee\/lt\/produktas\/aerozoliniai-dazai-marabu-do-it-metallic-150ml\/","og_site_name":"Skizze","article_publisher":"http:\/\/www.facebook.com\/VunderSkizze","og_image":[{"width":1024,"height":768,"url":"https:\/\/www.hobstop.ee\/media\/4467.jpg","type":"image\/jpeg"}],"twitter_card":"summary_large_image","twitter_misc":{"Est. reading time":"1 minute"},"schema":{"@context":"https:\/\/schema.org","@graph":[{"@type":"WebPage","@id":"https:\/\/hobstop.ee\/lt\/produktas\/aerozoliniai-dazai-marabu-do-it-metallic-150ml\/","url":"https:\/\/hobstop.ee\/lt\/produktas\/aerozoliniai-dazai-marabu-do-it-metallic-150ml\/","name":"Aerozoliniai da\u017eai Marabu do it Metallic 150ml &#8211; Skizze","isPartOf":{"@id":"https:\/\/hobstop.ee\/lt\/#website"},"primaryImageOfPage":{"@id":"https:\/\/hobstop.ee\/lt\/produktas\/aerozoliniai-dazai-marabu-do-it-metallic-150ml\/#primaryimage"},"image":{"@id":"https:\/\/hobstop.ee\/lt\/produktas\/aerozoliniai-dazai-marabu-do-it-metallic-150ml\/#primaryimage"},"thumbnailUrl":"https:\/\/hobstop.ee\/media\/4467.jpg","datePublished":"2017-04-26T07:08:14+00:00","dateModified":"2017-04-26T07:08:14+00:00","breadcrumb":{"@id":"https:\/\/hobstop.ee\/lt\/produktas\/aerozoliniai-dazai-marabu-do-it-metallic-150ml\/#breadcrumb"},"inLanguage":"lt","potentialAction":[{"@type":"ReadAction","target":["https:\/\/hobstop.ee\/lt\/produktas\/aerozoliniai-dazai-marabu-do-it-metallic-150ml\/"]}]},{"@type":"ImageObject","inLanguage":"lt","@id":"https:\/\/hobstop.ee\/lt\/produktas\/aerozoliniai-dazai-marabu-do-it-metallic-150ml\/#primaryimage","url":"https:\/\/hobstop.ee\/media\/4467.jpg","contentUrl":"https:\/\/hobstop.ee\/media\/4467.jpg","width":1024,"height":768},{"@type":"BreadcrumbList","@id":"https:\/\/hobstop.ee\/lt\/produktas\/aerozoliniai-dazai-marabu-do-it-metallic-150ml\/#breadcrumb","itemListElement":[{"@type":"ListItem","position":1,"name":"Avaleht","item":"https:\/\/hobstop.ee\/lt\/"},{"@type":"ListItem","position":2,"name":"Parduotuv\u0117","item":"https:\/\/hobstop.ee\/lt\/parduotuve\/"},{"@type":"ListItem","position":3,"name":"Aerozoliniai da\u017eai Marabu do it Metallic 150ml"}]},{"@type":"WebSite","@id":"https:\/\/hobstop.ee\/lt\/#website","url":"https:\/\/hobstop.ee\/lt\/","name":"Skizze","description":"Dail\u0117s, pom\u0117gi\u0173 ir mokykliniai reikm\u0117nys","publisher":{"@id":"https:\/\/hobstop.ee\/lt\/#organization"},"potentialAction":[{"@type":"SearchAction","target":{"@type":"EntryPoint","urlTemplate":"https:\/\/hobstop.ee\/lt\/?s={search_term_string}"},"query-input":{"@type":"PropertyValueSpecification","valueRequired":true,"valueName":"search_term_string"}}],"inLanguage":"lt"},{"@type":"Organization","@id":"https:\/\/hobstop.ee\/lt\/#organization","name":"Vunder AS","url":"https:\/\/hobstop.ee\/lt\/","logo":{"@type":"ImageObject","inLanguage":"lt","@id":"https:\/\/hobstop.ee\/lt\/#\/schema\/logo\/image\/","url":"https:\/\/hobstop.ee\/media\/vunder-logo.png","contentUrl":"https:\/\/hobstop.ee\/media\/vunder-logo.png","width":127,"height":55,"caption":"Vunder AS"},"image":{"@id":"https:\/\/hobstop.ee\/lt\/#\/schema\/logo\/image\/"},"sameAs":["http:\/\/www.facebook.com\/VunderSkizze"]}]}},"_links":{"self":[{"href":"https:\/\/hobstop.ee\/lt\/wp-json\/wp\/v2\/product\/286301","targetHints":{"allow":["GET"]}}],"collection":[{"href":"https:\/\/hobstop.ee\/lt\/wp-json\/wp\/v2\/product"}],"about":[{"href":"https:\/\/hobstop.ee\/lt\/wp-json\/wp\/v2\/types\/product"}],"replies":[{"embeddable":true,"href":"https:\/\/hobstop.ee\/lt\/wp-json\/wp\/v2\/comments?post=286301"}],"wp:featuredmedia":[{"embeddable":true,"href":"https:\/\/hobstop.ee\/lt\/wp-json\/wp\/v2\/media\/286509"}],"wp:attachment":[{"href":"https:\/\/hobstop.ee\/lt\/wp-json\/wp\/v2\/media?parent=286301"}],"wp:term":[{"taxonomy":"product_cat","embeddable":true,"href":"https:\/\/hobstop.ee\/lt\/wp-json\/wp\/v2\/product_cat?post=286301"},{"taxonomy":"product_tag","embeddable":true,"href":"https:\/\/hobstop.ee\/lt\/wp-json\/wp\/v2\/product_tag?post=286301"}],"curies":[{"name":"wp","href":"https:\/\/api.w.org\/{rel}","templated":true}]}}