{"id":286321,"date":"2017-04-26T10:08:20","date_gmt":"2017-04-26T07:08:20","guid":{"rendered":"https:\/\/sharks.ee\/vunder_2019\/lt\/product\/rasomosios-lentos-dazai-marabu-do-it-150ml-aerozolis\/"},"modified":"2017-04-26T10:08:20","modified_gmt":"2017-04-26T07:08:20","slug":"rasomosios-lentos-dazai-marabu-do-it-150ml-aerozolis","status":"publish","type":"product","link":"https:\/\/hobstop.ee\/lt\/produktas\/rasomosios-lentos-dazai-marabu-do-it-150ml-aerozolis\/","title":{"rendered":"Ra\u0161omosios lentos da\u017eai Marabu do it 150ml aerozolis"},"content":{"rendered":"<p>Kod\u0117l nepaversti ra\u0161om\u0105ja lenta J\u016bs\u0173 sienos ar kokio nors dekoratyvaus objekto? Marabu do it pur\u0161kalas ra\u0161omosioms lentoms yra matiniai akriliniai da\u017eai vandens pagrindu, kuriems i\u0161d\u017eiuvus, galima ra\u0161yti kreida ir valyti vandeniu. Priemone galima dengti ne tik sienas. Ra\u0161omosios lentos pavir\u0161i\u0173 galima sukurti ant medienos, MDF plok\u0161\u010di\u0173, metalo, popieriaus ir net \u012fr\u0117mintos drob\u0117s. Priemone padengt\u0105 pavir\u0161i\u0173 galima nuda\u017eyti specialiais magnetiniais da\u017eais. Ant tokio pavir\u0161iaus galima ra\u0161yti kreida ar magnetais prikabinti svarbius skelbimus ir kitus dokumentus.<\/p>\n","protected":false},"excerpt":{"rendered":"<p>Kod\u0117l nepaversti ra\u0161om\u0105ja lenta J\u016bs\u0173 sienos ar kokio nors dekoratyvaus objekto? Marabu do it pur\u0161kalas ra\u0161omosioms lentoms yra matiniai akriliniai da\u017eai vandens pagrindu, kuriems i\u0161d\u017eiuvus, galima ra\u0161yti kreida ir valyti vandeniu. Priemone galima dengti ne tik sienas. Ra\u0161omosios lentos pavir\u0161i\u0173 galima sukurti ant medienos, MDF plok\u0161\u010di\u0173, metalo, popieriaus ir net \u012fr\u0117mintos drob\u0117s. Priemone padengt\u0105 pavir\u0161i\u0173 galima nuda\u017eyti specialiais magnetiniais da\u017eais. Ant tokio pavir\u0161iaus galima ra\u0161yti kreida ar magnetais prikabinti svarbius skelbimus ir kitus dokumentus.<\/p>\n","protected":false},"featured_media":286529,"comment_status":"closed","ping_status":"closed","template":"","meta":{"_acf_changed":false,"ep_exclude_from_search":false},"product_cat":[239,18723,17919],"product_tag":[],"class_list":{"0":"post-286321","1":"product","2":"type-product","3":"status-publish","4":"has-post-thumbnail","6":"product_cat-aerosoolvarvid","7":"product_cat-ivairus-13","8":"product_cat-pomegiu-prekes","10":"first","11":"instock","12":"taxable","13":"shipping-taxable","14":"purchasable","15":"product-type-simple"},"acf":[],"yoast_head":"<!-- This site is optimized with the Yoast SEO plugin v24.1 - https:\/\/yoast.com\/wordpress\/plugins\/seo\/ -->\n<title>Ra\u0161omosios lentos da\u017eai Marabu do it 150ml aerozolis &#8211; Skizze<\/title>\n<meta name=\"robots\" content=\"noindex, follow, max-snippet:-1, max-image-preview:large, max-video-preview:-1\" \/>\n<meta property=\"og:locale\" content=\"lt_LT\" \/>\n<meta property=\"og:type\" content=\"article\" \/>\n<meta property=\"og:title\" content=\"Ra\u0161omosios lentos da\u017eai Marabu do it 150ml aerozolis &#8211; Skizze\" \/>\n<meta property=\"og:description\" content=\"Kod\u0117l nepaversti ra\u0161om\u0105ja lenta J\u016bs\u0173 sienos ar kokio nors dekoratyvaus objekto? Marabu do it pur\u0161kalas ra\u0161omosioms lentoms yra matiniai akriliniai da\u017eai vandens pagrindu, kuriems i\u0161d\u017eiuvus, galima ra\u0161yti kreida ir valyti vandeniu. Priemone galima dengti ne tik sienas. Ra\u0161omosios lentos pavir\u0161i\u0173 galima sukurti ant medienos, MDF plok\u0161\u010di\u0173, metalo, popieriaus ir net \u012fr\u0117mintos drob\u0117s. Priemone padengt\u0105 pavir\u0161i\u0173 galima nuda\u017eyti specialiais magnetiniais da\u017eais. Ant tokio pavir\u0161iaus galima ra\u0161yti kreida ar magnetais prikabinti svarbius skelbimus ir kitus dokumentus.\" \/>\n<meta property=\"og:url\" content=\"https:\/\/hobstop.ee\/lt\/produktas\/rasomosios-lentos-dazai-marabu-do-it-150ml-aerozolis\/\" \/>\n<meta property=\"og:site_name\" content=\"Skizze\" \/>\n<meta property=\"article:publisher\" content=\"http:\/\/www.facebook.com\/VunderSkizze\" \/>\n<meta property=\"og:image\" content=\"https:\/\/hobstop.ee\/media\/4472.jpg\" \/>\n\t<meta property=\"og:image:width\" content=\"1024\" \/>\n\t<meta property=\"og:image:height\" content=\"768\" \/>\n\t<meta property=\"og:image:type\" content=\"image\/jpeg\" \/>\n<meta name=\"twitter:card\" content=\"summary_large_image\" \/>\n<script type=\"application\/ld+json\" class=\"yoast-schema-graph\">{\"@context\":\"https:\/\/schema.org\",\"@graph\":[{\"@type\":\"WebPage\",\"@id\":\"https:\/\/hobstop.ee\/lt\/produktas\/rasomosios-lentos-dazai-marabu-do-it-150ml-aerozolis\/\",\"url\":\"https:\/\/hobstop.ee\/lt\/produktas\/rasomosios-lentos-dazai-marabu-do-it-150ml-aerozolis\/\",\"name\":\"Ra\u0161omosios lentos da\u017eai Marabu do it 150ml aerozolis &#8211; Skizze\",\"isPartOf\":{\"@id\":\"https:\/\/hobstop.ee\/lt\/#website\"},\"primaryImageOfPage\":{\"@id\":\"https:\/\/hobstop.ee\/lt\/produktas\/rasomosios-lentos-dazai-marabu-do-it-150ml-aerozolis\/#primaryimage\"},\"image\":{\"@id\":\"https:\/\/hobstop.ee\/lt\/produktas\/rasomosios-lentos-dazai-marabu-do-it-150ml-aerozolis\/#primaryimage\"},\"thumbnailUrl\":\"https:\/\/hobstop.ee\/media\/4472.jpg\",\"datePublished\":\"2017-04-26T07:08:20+00:00\",\"dateModified\":\"2017-04-26T07:08:20+00:00\",\"breadcrumb\":{\"@id\":\"https:\/\/hobstop.ee\/lt\/produktas\/rasomosios-lentos-dazai-marabu-do-it-150ml-aerozolis\/#breadcrumb\"},\"inLanguage\":\"lt\",\"potentialAction\":[{\"@type\":\"ReadAction\",\"target\":[\"https:\/\/hobstop.ee\/lt\/produktas\/rasomosios-lentos-dazai-marabu-do-it-150ml-aerozolis\/\"]}]},{\"@type\":\"ImageObject\",\"inLanguage\":\"lt\",\"@id\":\"https:\/\/hobstop.ee\/lt\/produktas\/rasomosios-lentos-dazai-marabu-do-it-150ml-aerozolis\/#primaryimage\",\"url\":\"https:\/\/hobstop.ee\/media\/4472.jpg\",\"contentUrl\":\"https:\/\/hobstop.ee\/media\/4472.jpg\",\"width\":1024,\"height\":768},{\"@type\":\"BreadcrumbList\",\"@id\":\"https:\/\/hobstop.ee\/lt\/produktas\/rasomosios-lentos-dazai-marabu-do-it-150ml-aerozolis\/#breadcrumb\",\"itemListElement\":[{\"@type\":\"ListItem\",\"position\":1,\"name\":\"Avaleht\",\"item\":\"https:\/\/hobstop.ee\/lt\/\"},{\"@type\":\"ListItem\",\"position\":2,\"name\":\"Parduotuv\u0117\",\"item\":\"https:\/\/hobstop.ee\/lt\/parduotuve\/\"},{\"@type\":\"ListItem\",\"position\":3,\"name\":\"Ra\u0161omosios lentos da\u017eai Marabu do it 150ml aerozolis\"}]},{\"@type\":\"WebSite\",\"@id\":\"https:\/\/hobstop.ee\/lt\/#website\",\"url\":\"https:\/\/hobstop.ee\/lt\/\",\"name\":\"Skizze\",\"description\":\"Dail\u0117s, pom\u0117gi\u0173 ir mokykliniai reikm\u0117nys\",\"publisher\":{\"@id\":\"https:\/\/hobstop.ee\/lt\/#organization\"},\"potentialAction\":[{\"@type\":\"SearchAction\",\"target\":{\"@type\":\"EntryPoint\",\"urlTemplate\":\"https:\/\/hobstop.ee\/lt\/?s={search_term_string}\"},\"query-input\":{\"@type\":\"PropertyValueSpecification\",\"valueRequired\":true,\"valueName\":\"search_term_string\"}}],\"inLanguage\":\"lt\"},{\"@type\":\"Organization\",\"@id\":\"https:\/\/hobstop.ee\/lt\/#organization\",\"name\":\"Vunder AS\",\"url\":\"https:\/\/hobstop.ee\/lt\/\",\"logo\":{\"@type\":\"ImageObject\",\"inLanguage\":\"lt\",\"@id\":\"https:\/\/hobstop.ee\/lt\/#\/schema\/logo\/image\/\",\"url\":\"https:\/\/hobstop.ee\/media\/vunder-logo.png\",\"contentUrl\":\"https:\/\/hobstop.ee\/media\/vunder-logo.png\",\"width\":127,\"height\":55,\"caption\":\"Vunder AS\"},\"image\":{\"@id\":\"https:\/\/hobstop.ee\/lt\/#\/schema\/logo\/image\/\"},\"sameAs\":[\"http:\/\/www.facebook.com\/VunderSkizze\"]}]}<\/script>\n<!-- \/ Yoast SEO plugin. -->","yoast_head_json":{"title":"Ra\u0161omosios lentos da\u017eai Marabu do it 150ml aerozolis &#8211; Skizze","robots":{"index":"noindex","follow":"follow","max-snippet":"max-snippet:-1","max-image-preview":"max-image-preview:large","max-video-preview":"max-video-preview:-1"},"og_locale":"lt_LT","og_type":"article","og_title":"Ra\u0161omosios lentos da\u017eai Marabu do it 150ml aerozolis &#8211; Skizze","og_description":"Kod\u0117l nepaversti ra\u0161om\u0105ja lenta J\u016bs\u0173 sienos ar kokio nors dekoratyvaus objekto? Marabu do it pur\u0161kalas ra\u0161omosioms lentoms yra matiniai akriliniai da\u017eai vandens pagrindu, kuriems i\u0161d\u017eiuvus, galima ra\u0161yti kreida ir valyti vandeniu. Priemone galima dengti ne tik sienas. Ra\u0161omosios lentos pavir\u0161i\u0173 galima sukurti ant medienos, MDF plok\u0161\u010di\u0173, metalo, popieriaus ir net \u012fr\u0117mintos drob\u0117s. Priemone padengt\u0105 pavir\u0161i\u0173 galima nuda\u017eyti specialiais magnetiniais da\u017eais. Ant tokio pavir\u0161iaus galima ra\u0161yti kreida ar magnetais prikabinti svarbius skelbimus ir kitus dokumentus.","og_url":"https:\/\/hobstop.ee\/lt\/produktas\/rasomosios-lentos-dazai-marabu-do-it-150ml-aerozolis\/","og_site_name":"Skizze","article_publisher":"http:\/\/www.facebook.com\/VunderSkizze","og_image":[{"width":1024,"height":768,"url":"https:\/\/hobstop.ee\/media\/4472.jpg","type":"image\/jpeg"}],"twitter_card":"summary_large_image","schema":{"@context":"https:\/\/schema.org","@graph":[{"@type":"WebPage","@id":"https:\/\/hobstop.ee\/lt\/produktas\/rasomosios-lentos-dazai-marabu-do-it-150ml-aerozolis\/","url":"https:\/\/hobstop.ee\/lt\/produktas\/rasomosios-lentos-dazai-marabu-do-it-150ml-aerozolis\/","name":"Ra\u0161omosios lentos da\u017eai Marabu do it 150ml aerozolis &#8211; Skizze","isPartOf":{"@id":"https:\/\/hobstop.ee\/lt\/#website"},"primaryImageOfPage":{"@id":"https:\/\/hobstop.ee\/lt\/produktas\/rasomosios-lentos-dazai-marabu-do-it-150ml-aerozolis\/#primaryimage"},"image":{"@id":"https:\/\/hobstop.ee\/lt\/produktas\/rasomosios-lentos-dazai-marabu-do-it-150ml-aerozolis\/#primaryimage"},"thumbnailUrl":"https:\/\/hobstop.ee\/media\/4472.jpg","datePublished":"2017-04-26T07:08:20+00:00","dateModified":"2017-04-26T07:08:20+00:00","breadcrumb":{"@id":"https:\/\/hobstop.ee\/lt\/produktas\/rasomosios-lentos-dazai-marabu-do-it-150ml-aerozolis\/#breadcrumb"},"inLanguage":"lt","potentialAction":[{"@type":"ReadAction","target":["https:\/\/hobstop.ee\/lt\/produktas\/rasomosios-lentos-dazai-marabu-do-it-150ml-aerozolis\/"]}]},{"@type":"ImageObject","inLanguage":"lt","@id":"https:\/\/hobstop.ee\/lt\/produktas\/rasomosios-lentos-dazai-marabu-do-it-150ml-aerozolis\/#primaryimage","url":"https:\/\/hobstop.ee\/media\/4472.jpg","contentUrl":"https:\/\/hobstop.ee\/media\/4472.jpg","width":1024,"height":768},{"@type":"BreadcrumbList","@id":"https:\/\/hobstop.ee\/lt\/produktas\/rasomosios-lentos-dazai-marabu-do-it-150ml-aerozolis\/#breadcrumb","itemListElement":[{"@type":"ListItem","position":1,"name":"Avaleht","item":"https:\/\/hobstop.ee\/lt\/"},{"@type":"ListItem","position":2,"name":"Parduotuv\u0117","item":"https:\/\/hobstop.ee\/lt\/parduotuve\/"},{"@type":"ListItem","position":3,"name":"Ra\u0161omosios lentos da\u017eai Marabu do it 150ml aerozolis"}]},{"@type":"WebSite","@id":"https:\/\/hobstop.ee\/lt\/#website","url":"https:\/\/hobstop.ee\/lt\/","name":"Skizze","description":"Dail\u0117s, pom\u0117gi\u0173 ir mokykliniai reikm\u0117nys","publisher":{"@id":"https:\/\/hobstop.ee\/lt\/#organization"},"potentialAction":[{"@type":"SearchAction","target":{"@type":"EntryPoint","urlTemplate":"https:\/\/hobstop.ee\/lt\/?s={search_term_string}"},"query-input":{"@type":"PropertyValueSpecification","valueRequired":true,"valueName":"search_term_string"}}],"inLanguage":"lt"},{"@type":"Organization","@id":"https:\/\/hobstop.ee\/lt\/#organization","name":"Vunder AS","url":"https:\/\/hobstop.ee\/lt\/","logo":{"@type":"ImageObject","inLanguage":"lt","@id":"https:\/\/hobstop.ee\/lt\/#\/schema\/logo\/image\/","url":"https:\/\/hobstop.ee\/media\/vunder-logo.png","contentUrl":"https:\/\/hobstop.ee\/media\/vunder-logo.png","width":127,"height":55,"caption":"Vunder AS"},"image":{"@id":"https:\/\/hobstop.ee\/lt\/#\/schema\/logo\/image\/"},"sameAs":["http:\/\/www.facebook.com\/VunderSkizze"]}]}},"_links":{"self":[{"href":"https:\/\/hobstop.ee\/lt\/wp-json\/wp\/v2\/product\/286321","targetHints":{"allow":["GET"]}}],"collection":[{"href":"https:\/\/hobstop.ee\/lt\/wp-json\/wp\/v2\/product"}],"about":[{"href":"https:\/\/hobstop.ee\/lt\/wp-json\/wp\/v2\/types\/product"}],"replies":[{"embeddable":true,"href":"https:\/\/hobstop.ee\/lt\/wp-json\/wp\/v2\/comments?post=286321"}],"wp:featuredmedia":[{"embeddable":true,"href":"https:\/\/hobstop.ee\/lt\/wp-json\/wp\/v2\/media\/286529"}],"wp:attachment":[{"href":"https:\/\/hobstop.ee\/lt\/wp-json\/wp\/v2\/media?parent=286321"}],"wp:term":[{"taxonomy":"product_cat","embeddable":true,"href":"https:\/\/hobstop.ee\/lt\/wp-json\/wp\/v2\/product_cat?post=286321"},{"taxonomy":"product_tag","embeddable":true,"href":"https:\/\/hobstop.ee\/lt\/wp-json\/wp\/v2\/product_tag?post=286321"}],"curies":[{"name":"wp","href":"https:\/\/api.w.org\/{rel}","templated":true}]}}