{"id":288741,"date":"2017-05-30T10:34:41","date_gmt":"2017-05-30T07:34:41","guid":{"rendered":"https:\/\/sharks.ee\/vunder_2019\/lt\/product\/sasiuvinis-tallinna-loomaaia-toetuseks-12-lapu\/"},"modified":"2017-05-30T10:34:41","modified_gmt":"2017-05-30T07:34:41","slug":"sasiuvinis-tallinna-loomaaia-toetuseks-12-lapu","status":"publish","type":"product","link":"https:\/\/hobstop.ee\/lt\/produktas\/sasiuvinis-tallinna-loomaaia-toetuseks-12-lapu\/","title":{"rendered":"S\u0105siuvinis Tallinna Loomaaia Toetuseks 12 lap\u0173"},"content":{"rendered":"<p>Pratyb\u0173 s\u0105siuvinis Talino zoologijos sodo tema yra \u201eTalino zoologijos sodo draug\u0173 draugijos\u201c bendradarbiavimo rezultatas, kurio tikslas buvo paremti Talino zoologijos sod\u0105 \u2013 trys centrai nuo kiekvieno pratyb\u0173 s\u0105siuvinio pardavimo yra aukojami Talino zoologijos sodui. Ant pratyb\u0173 s\u0105siuvinio pavaizduoti gyv\u016bnai i\u0161 ties\u0173 gyvena Talino zoologijos sode \u2013 ant pratyb\u0173 s\u0105siuvinio galima pamatyti \u0161iaur\u0117s me\u0161kas Nord\u0105 ir Frid\u0105, Am\u016bro tigr\u0105 Bocman\u0105 arba vandenin\u0119 agam\u0105 Viktor\u0105. Ant pratyb\u0173 s\u0105siuvinio u\u017epakalinio vir\u0161elio yra tekstas, pristatantis primatus, storaod\u017eius gyv\u016bnus arba ry\u0161kias pauk\u0161\u010di\u0173 karalijos spalvas. Pratyb\u0173 s\u0105siuvinis susegtas i\u0161 ry\u0161kiai balt\u0173, lygi\u0173, 70g\/m2 lap\u0173, storu vir\u0161eliu.<\/p>\n","protected":false},"excerpt":{"rendered":"<p>Pratyb\u0173 s\u0105siuvinis Talino zoologijos sodo tema yra \u201eTalino zoologijos sodo draug\u0173 draugijos\u201c bendradarbiavimo rezultatas, kurio tikslas buvo paremti Talino zoologijos sod\u0105 \u2013 trys centrai nuo kiekvieno pratyb\u0173 s\u0105siuvinio pardavimo yra aukojami Talino zoologijos sodui. Ant pratyb\u0173 s\u0105siuvinio pavaizduoti gyv\u016bnai i\u0161 ties\u0173 gyvena Talino zoologijos sode \u2013 ant pratyb\u0173 s\u0105siuvinio galima pamatyti \u0161iaur\u0117s me\u0161kas Nord\u0105 ir Frid\u0105, Am\u016bro tigr\u0105 Bocman\u0105 arba vandenin\u0119 agam\u0105 Viktor\u0105. Ant pratyb\u0173 s\u0105siuvinio u\u017epakalinio vir\u0161elio yra tekstas, pristatantis primatus, storaod\u017eius gyv\u016bnus arba ry\u0161kias pauk\u0161\u010di\u0173 karalijos spalvas. Pratyb\u0173 s\u0105siuvinis susegtas i\u0161 ry\u0161kiai balt\u0173, lygi\u0173, 70g\/m2 lap\u0173, storu vir\u0161eliu.<\/p>\n","protected":false},"featured_media":289333,"comment_status":"closed","ping_status":"closed","template":"","meta":{"_acf_changed":false,"ep_exclude_from_search":false},"product_cat":[18941,17922,18437],"product_tag":[],"class_list":{"0":"post-288741","1":"product","2":"type-product","3":"status-publish","4":"has-post-thumbnail","6":"product_cat-mokykla-2","7":"product_cat-popieriaus-prekes","8":"product_cat-pratybu-sasiuviniai","10":"first","11":"instock","12":"taxable","13":"shipping-taxable","14":"purchasable","15":"product-type-simple"},"acf":[],"yoast_head":"<!-- This site is optimized with the Yoast SEO plugin v24.1 - https:\/\/yoast.com\/wordpress\/plugins\/seo\/ -->\n<title>S\u0105siuvinis Tallinna Loomaaia Toetuseks 12 lap\u0173 &#8211; Skizze<\/title>\n<meta name=\"robots\" content=\"noindex, follow, max-snippet:-1, max-image-preview:large, max-video-preview:-1\" \/>\n<meta property=\"og:locale\" content=\"lt_LT\" \/>\n<meta property=\"og:type\" content=\"article\" \/>\n<meta property=\"og:title\" content=\"S\u0105siuvinis Tallinna Loomaaia Toetuseks 12 lap\u0173 &#8211; Skizze\" \/>\n<meta property=\"og:description\" content=\"Pratyb\u0173 s\u0105siuvinis Talino zoologijos sodo tema yra \u201eTalino zoologijos sodo draug\u0173 draugijos\u201c bendradarbiavimo rezultatas, kurio tikslas buvo paremti Talino zoologijos sod\u0105 \u2013 trys centrai nuo kiekvieno pratyb\u0173 s\u0105siuvinio pardavimo yra aukojami Talino zoologijos sodui. Ant pratyb\u0173 s\u0105siuvinio pavaizduoti gyv\u016bnai i\u0161 ties\u0173 gyvena Talino zoologijos sode \u2013 ant pratyb\u0173 s\u0105siuvinio galima pamatyti \u0161iaur\u0117s me\u0161kas Nord\u0105 ir Frid\u0105, Am\u016bro tigr\u0105 Bocman\u0105 arba vandenin\u0119 agam\u0105 Viktor\u0105. Ant pratyb\u0173 s\u0105siuvinio u\u017epakalinio vir\u0161elio yra tekstas, pristatantis primatus, storaod\u017eius gyv\u016bnus arba ry\u0161kias pauk\u0161\u010di\u0173 karalijos spalvas. Pratyb\u0173 s\u0105siuvinis susegtas i\u0161 ry\u0161kiai balt\u0173, lygi\u0173, 70g\/m2 lap\u0173, storu vir\u0161eliu.\" \/>\n<meta property=\"og:url\" content=\"https:\/\/hobstop.ee\/lt\/produktas\/sasiuvinis-tallinna-loomaaia-toetuseks-12-lapu\/\" \/>\n<meta property=\"og:site_name\" content=\"Skizze\" \/>\n<meta property=\"article:publisher\" content=\"http:\/\/www.facebook.com\/VunderSkizze\" \/>\n<meta property=\"og:image\" content=\"https:\/\/hobstop.ee\/media\/4493.jpg\" \/>\n\t<meta property=\"og:image:width\" content=\"1024\" \/>\n\t<meta property=\"og:image:height\" content=\"768\" \/>\n\t<meta property=\"og:image:type\" content=\"image\/jpeg\" \/>\n<meta name=\"twitter:card\" content=\"summary_large_image\" \/>\n<meta name=\"twitter:label1\" content=\"Est. reading time\" \/>\n\t<meta name=\"twitter:data1\" content=\"1 minute\" \/>\n<script type=\"application\/ld+json\" class=\"yoast-schema-graph\">{\"@context\":\"https:\/\/schema.org\",\"@graph\":[{\"@type\":\"WebPage\",\"@id\":\"https:\/\/hobstop.ee\/lt\/produktas\/sasiuvinis-tallinna-loomaaia-toetuseks-12-lapu\/\",\"url\":\"https:\/\/hobstop.ee\/lt\/produktas\/sasiuvinis-tallinna-loomaaia-toetuseks-12-lapu\/\",\"name\":\"S\u0105siuvinis Tallinna Loomaaia Toetuseks 12 lap\u0173 &#8211; Skizze\",\"isPartOf\":{\"@id\":\"https:\/\/hobstop.ee\/lt\/#website\"},\"primaryImageOfPage\":{\"@id\":\"https:\/\/hobstop.ee\/lt\/produktas\/sasiuvinis-tallinna-loomaaia-toetuseks-12-lapu\/#primaryimage\"},\"image\":{\"@id\":\"https:\/\/hobstop.ee\/lt\/produktas\/sasiuvinis-tallinna-loomaaia-toetuseks-12-lapu\/#primaryimage\"},\"thumbnailUrl\":\"https:\/\/hobstop.ee\/media\/4493.jpg\",\"datePublished\":\"2017-05-30T07:34:41+00:00\",\"dateModified\":\"2017-05-30T07:34:41+00:00\",\"breadcrumb\":{\"@id\":\"https:\/\/hobstop.ee\/lt\/produktas\/sasiuvinis-tallinna-loomaaia-toetuseks-12-lapu\/#breadcrumb\"},\"inLanguage\":\"lt\",\"potentialAction\":[{\"@type\":\"ReadAction\",\"target\":[\"https:\/\/hobstop.ee\/lt\/produktas\/sasiuvinis-tallinna-loomaaia-toetuseks-12-lapu\/\"]}]},{\"@type\":\"ImageObject\",\"inLanguage\":\"lt\",\"@id\":\"https:\/\/hobstop.ee\/lt\/produktas\/sasiuvinis-tallinna-loomaaia-toetuseks-12-lapu\/#primaryimage\",\"url\":\"https:\/\/hobstop.ee\/media\/4493.jpg\",\"contentUrl\":\"https:\/\/hobstop.ee\/media\/4493.jpg\",\"width\":1024,\"height\":768},{\"@type\":\"BreadcrumbList\",\"@id\":\"https:\/\/hobstop.ee\/lt\/produktas\/sasiuvinis-tallinna-loomaaia-toetuseks-12-lapu\/#breadcrumb\",\"itemListElement\":[{\"@type\":\"ListItem\",\"position\":1,\"name\":\"Avaleht\",\"item\":\"https:\/\/hobstop.ee\/lt\/\"},{\"@type\":\"ListItem\",\"position\":2,\"name\":\"Parduotuv\u0117\",\"item\":\"https:\/\/hobstop.ee\/lt\/parduotuve\/\"},{\"@type\":\"ListItem\",\"position\":3,\"name\":\"S\u0105siuvinis Tallinna Loomaaia Toetuseks 12 lap\u0173\"}]},{\"@type\":\"WebSite\",\"@id\":\"https:\/\/hobstop.ee\/lt\/#website\",\"url\":\"https:\/\/hobstop.ee\/lt\/\",\"name\":\"Skizze\",\"description\":\"Dail\u0117s, pom\u0117gi\u0173 ir mokykliniai reikm\u0117nys\",\"publisher\":{\"@id\":\"https:\/\/hobstop.ee\/lt\/#organization\"},\"potentialAction\":[{\"@type\":\"SearchAction\",\"target\":{\"@type\":\"EntryPoint\",\"urlTemplate\":\"https:\/\/hobstop.ee\/lt\/?s={search_term_string}\"},\"query-input\":{\"@type\":\"PropertyValueSpecification\",\"valueRequired\":true,\"valueName\":\"search_term_string\"}}],\"inLanguage\":\"lt\"},{\"@type\":\"Organization\",\"@id\":\"https:\/\/hobstop.ee\/lt\/#organization\",\"name\":\"Vunder AS\",\"url\":\"https:\/\/hobstop.ee\/lt\/\",\"logo\":{\"@type\":\"ImageObject\",\"inLanguage\":\"lt\",\"@id\":\"https:\/\/hobstop.ee\/lt\/#\/schema\/logo\/image\/\",\"url\":\"https:\/\/hobstop.ee\/media\/vunder-logo.png\",\"contentUrl\":\"https:\/\/hobstop.ee\/media\/vunder-logo.png\",\"width\":127,\"height\":55,\"caption\":\"Vunder AS\"},\"image\":{\"@id\":\"https:\/\/hobstop.ee\/lt\/#\/schema\/logo\/image\/\"},\"sameAs\":[\"http:\/\/www.facebook.com\/VunderSkizze\"]}]}<\/script>\n<!-- \/ Yoast SEO plugin. -->","yoast_head_json":{"title":"S\u0105siuvinis Tallinna Loomaaia Toetuseks 12 lap\u0173 &#8211; Skizze","robots":{"index":"noindex","follow":"follow","max-snippet":"max-snippet:-1","max-image-preview":"max-image-preview:large","max-video-preview":"max-video-preview:-1"},"og_locale":"lt_LT","og_type":"article","og_title":"S\u0105siuvinis Tallinna Loomaaia Toetuseks 12 lap\u0173 &#8211; Skizze","og_description":"Pratyb\u0173 s\u0105siuvinis Talino zoologijos sodo tema yra \u201eTalino zoologijos sodo draug\u0173 draugijos\u201c bendradarbiavimo rezultatas, kurio tikslas buvo paremti Talino zoologijos sod\u0105 \u2013 trys centrai nuo kiekvieno pratyb\u0173 s\u0105siuvinio pardavimo yra aukojami Talino zoologijos sodui. Ant pratyb\u0173 s\u0105siuvinio pavaizduoti gyv\u016bnai i\u0161 ties\u0173 gyvena Talino zoologijos sode \u2013 ant pratyb\u0173 s\u0105siuvinio galima pamatyti \u0161iaur\u0117s me\u0161kas Nord\u0105 ir Frid\u0105, Am\u016bro tigr\u0105 Bocman\u0105 arba vandenin\u0119 agam\u0105 Viktor\u0105. Ant pratyb\u0173 s\u0105siuvinio u\u017epakalinio vir\u0161elio yra tekstas, pristatantis primatus, storaod\u017eius gyv\u016bnus arba ry\u0161kias pauk\u0161\u010di\u0173 karalijos spalvas. Pratyb\u0173 s\u0105siuvinis susegtas i\u0161 ry\u0161kiai balt\u0173, lygi\u0173, 70g\/m2 lap\u0173, storu vir\u0161eliu.","og_url":"https:\/\/hobstop.ee\/lt\/produktas\/sasiuvinis-tallinna-loomaaia-toetuseks-12-lapu\/","og_site_name":"Skizze","article_publisher":"http:\/\/www.facebook.com\/VunderSkizze","og_image":[{"width":1024,"height":768,"url":"https:\/\/hobstop.ee\/media\/4493.jpg","type":"image\/jpeg"}],"twitter_card":"summary_large_image","twitter_misc":{"Est. reading time":"1 minute"},"schema":{"@context":"https:\/\/schema.org","@graph":[{"@type":"WebPage","@id":"https:\/\/hobstop.ee\/lt\/produktas\/sasiuvinis-tallinna-loomaaia-toetuseks-12-lapu\/","url":"https:\/\/hobstop.ee\/lt\/produktas\/sasiuvinis-tallinna-loomaaia-toetuseks-12-lapu\/","name":"S\u0105siuvinis Tallinna Loomaaia Toetuseks 12 lap\u0173 &#8211; Skizze","isPartOf":{"@id":"https:\/\/hobstop.ee\/lt\/#website"},"primaryImageOfPage":{"@id":"https:\/\/hobstop.ee\/lt\/produktas\/sasiuvinis-tallinna-loomaaia-toetuseks-12-lapu\/#primaryimage"},"image":{"@id":"https:\/\/hobstop.ee\/lt\/produktas\/sasiuvinis-tallinna-loomaaia-toetuseks-12-lapu\/#primaryimage"},"thumbnailUrl":"https:\/\/hobstop.ee\/media\/4493.jpg","datePublished":"2017-05-30T07:34:41+00:00","dateModified":"2017-05-30T07:34:41+00:00","breadcrumb":{"@id":"https:\/\/hobstop.ee\/lt\/produktas\/sasiuvinis-tallinna-loomaaia-toetuseks-12-lapu\/#breadcrumb"},"inLanguage":"lt","potentialAction":[{"@type":"ReadAction","target":["https:\/\/hobstop.ee\/lt\/produktas\/sasiuvinis-tallinna-loomaaia-toetuseks-12-lapu\/"]}]},{"@type":"ImageObject","inLanguage":"lt","@id":"https:\/\/hobstop.ee\/lt\/produktas\/sasiuvinis-tallinna-loomaaia-toetuseks-12-lapu\/#primaryimage","url":"https:\/\/hobstop.ee\/media\/4493.jpg","contentUrl":"https:\/\/hobstop.ee\/media\/4493.jpg","width":1024,"height":768},{"@type":"BreadcrumbList","@id":"https:\/\/hobstop.ee\/lt\/produktas\/sasiuvinis-tallinna-loomaaia-toetuseks-12-lapu\/#breadcrumb","itemListElement":[{"@type":"ListItem","position":1,"name":"Avaleht","item":"https:\/\/hobstop.ee\/lt\/"},{"@type":"ListItem","position":2,"name":"Parduotuv\u0117","item":"https:\/\/hobstop.ee\/lt\/parduotuve\/"},{"@type":"ListItem","position":3,"name":"S\u0105siuvinis Tallinna Loomaaia Toetuseks 12 lap\u0173"}]},{"@type":"WebSite","@id":"https:\/\/hobstop.ee\/lt\/#website","url":"https:\/\/hobstop.ee\/lt\/","name":"Skizze","description":"Dail\u0117s, pom\u0117gi\u0173 ir mokykliniai reikm\u0117nys","publisher":{"@id":"https:\/\/hobstop.ee\/lt\/#organization"},"potentialAction":[{"@type":"SearchAction","target":{"@type":"EntryPoint","urlTemplate":"https:\/\/hobstop.ee\/lt\/?s={search_term_string}"},"query-input":{"@type":"PropertyValueSpecification","valueRequired":true,"valueName":"search_term_string"}}],"inLanguage":"lt"},{"@type":"Organization","@id":"https:\/\/hobstop.ee\/lt\/#organization","name":"Vunder AS","url":"https:\/\/hobstop.ee\/lt\/","logo":{"@type":"ImageObject","inLanguage":"lt","@id":"https:\/\/hobstop.ee\/lt\/#\/schema\/logo\/image\/","url":"https:\/\/hobstop.ee\/media\/vunder-logo.png","contentUrl":"https:\/\/hobstop.ee\/media\/vunder-logo.png","width":127,"height":55,"caption":"Vunder AS"},"image":{"@id":"https:\/\/hobstop.ee\/lt\/#\/schema\/logo\/image\/"},"sameAs":["http:\/\/www.facebook.com\/VunderSkizze"]}]}},"_links":{"self":[{"href":"https:\/\/hobstop.ee\/lt\/wp-json\/wp\/v2\/product\/288741","targetHints":{"allow":["GET"]}}],"collection":[{"href":"https:\/\/hobstop.ee\/lt\/wp-json\/wp\/v2\/product"}],"about":[{"href":"https:\/\/hobstop.ee\/lt\/wp-json\/wp\/v2\/types\/product"}],"replies":[{"embeddable":true,"href":"https:\/\/hobstop.ee\/lt\/wp-json\/wp\/v2\/comments?post=288741"}],"wp:featuredmedia":[{"embeddable":true,"href":"https:\/\/hobstop.ee\/lt\/wp-json\/wp\/v2\/media\/289333"}],"wp:attachment":[{"href":"https:\/\/hobstop.ee\/lt\/wp-json\/wp\/v2\/media?parent=288741"}],"wp:term":[{"taxonomy":"product_cat","embeddable":true,"href":"https:\/\/hobstop.ee\/lt\/wp-json\/wp\/v2\/product_cat?post=288741"},{"taxonomy":"product_tag","embeddable":true,"href":"https:\/\/hobstop.ee\/lt\/wp-json\/wp\/v2\/product_tag?post=288741"}],"curies":[{"name":"wp","href":"https:\/\/api.w.org\/{rel}","templated":true}]}}