{"id":288745,"date":"2017-05-30T10:34:41","date_gmt":"2017-05-30T07:34:41","guid":{"rendered":"https:\/\/sharks.ee\/vunder_2019\/lt\/product\/patina-modern-option\/"},"modified":"2017-05-30T10:34:41","modified_gmt":"2017-05-30T07:34:41","slug":"patina-modern-option-118ml","status":"publish","type":"product","link":"https:\/\/hobstop.ee\/lt\/produktas\/patina-modern-option-118ml\/","title":{"rendered":"Patina Modern Option 118ml"},"content":{"rendered":"<p>Per kelias valandas ant bet kokio pavir\u0161iaus sukurkite nuostabi\u0105, tikr\u0105 senovin\u0119 patinos apdail\u0105. \u201eModern Option\u201c patina sukuria autenti\u0161k\u0105 patinos apdail\u0105, visi\u0161kai identi\u0161k\u0105 tai, kuri nat\u016braliai atsiranda per daugel\u012f met\u0173. Puikiai tinka \u012fvairiems nam\u0173 dekoravimo darbams, amatams ir meno projektams. Pagaminta vandens pagrindu ir lengvai nuvaloma, lengvai dengiama ir tinka naudoti tiek lauke, tiek ir patalpose.<\/p>\n","protected":false},"excerpt":{"rendered":"<p>Per kelias valandas ant bet kokio pavir\u0161iaus sukurkite nuostabi\u0105, tikr\u0105 senovin\u0119 patinos apdail\u0105. \u201eModern Option\u201c patina sukuria autenti\u0161k\u0105 patinos apdail\u0105, visi\u0161kai identi\u0161k\u0105 tai, kuri nat\u016braliai atsiranda per daugel\u012f met\u0173. Puikiai tinka \u012fvairiems nam\u0173 dekoravimo darbams, amatams ir meno projektams. Pagaminta vandens pagrindu ir lengvai nuvaloma, lengvai dengiama ir tinka naudoti tiek lauke, tiek ir patalpose.<\/p>\n","protected":false},"featured_media":0,"comment_status":"closed","ping_status":"closed","template":"","meta":{"_acf_changed":false,"ep_exclude_from_search":false},"product_cat":[239,17919,14915],"product_tag":[],"class_list":{"0":"post-288745","1":"product","2":"type-product","3":"status-publish","5":"product_cat-aerosoolvarvid","6":"product_cat-pomegiu-prekes","7":"product_cat-liimipustolid-ja-pulgad","9":"first","10":"instock","11":"taxable","12":"shipping-taxable","13":"product-type-simple"},"acf":[],"yoast_head":"<!-- This site is optimized with the Yoast SEO plugin v24.1 - https:\/\/yoast.com\/wordpress\/plugins\/seo\/ -->\n<title>Patina Modern Option 118ml &#8211; Skizze<\/title>\n<meta name=\"robots\" content=\"noindex, follow, max-snippet:-1, max-image-preview:large, max-video-preview:-1\" \/>\n<meta property=\"og:locale\" content=\"lt_LT\" \/>\n<meta property=\"og:type\" content=\"article\" \/>\n<meta property=\"og:title\" content=\"Patina Modern Option 118ml &#8211; Skizze\" \/>\n<meta property=\"og:description\" content=\"Per kelias valandas ant bet kokio pavir\u0161iaus sukurkite nuostabi\u0105, tikr\u0105 senovin\u0119 patinos apdail\u0105. \u201eModern Option\u201c patina sukuria autenti\u0161k\u0105 patinos apdail\u0105, visi\u0161kai identi\u0161k\u0105 tai, kuri nat\u016braliai atsiranda per daugel\u012f met\u0173. Puikiai tinka \u012fvairiems nam\u0173 dekoravimo darbams, amatams ir meno projektams. Pagaminta vandens pagrindu ir lengvai nuvaloma, lengvai dengiama ir tinka naudoti tiek lauke, tiek ir patalpose.\" \/>\n<meta property=\"og:url\" content=\"https:\/\/hobstop.ee\/lt\/produktas\/patina-modern-option-118ml\/\" \/>\n<meta property=\"og:site_name\" content=\"Skizze\" \/>\n<meta property=\"article:publisher\" content=\"http:\/\/www.facebook.com\/VunderSkizze\" \/>\n<meta name=\"twitter:card\" content=\"summary_large_image\" \/>\n<script type=\"application\/ld+json\" class=\"yoast-schema-graph\">{\"@context\":\"https:\/\/schema.org\",\"@graph\":[{\"@type\":\"WebPage\",\"@id\":\"https:\/\/hobstop.ee\/lt\/produktas\/patina-modern-option-118ml\/\",\"url\":\"https:\/\/hobstop.ee\/lt\/produktas\/patina-modern-option-118ml\/\",\"name\":\"Patina Modern Option 118ml &#8211; Skizze\",\"isPartOf\":{\"@id\":\"https:\/\/hobstop.ee\/lt\/#website\"},\"datePublished\":\"2017-05-30T07:34:41+00:00\",\"dateModified\":\"2017-05-30T07:34:41+00:00\",\"breadcrumb\":{\"@id\":\"https:\/\/hobstop.ee\/lt\/produktas\/patina-modern-option-118ml\/#breadcrumb\"},\"inLanguage\":\"lt\",\"potentialAction\":[{\"@type\":\"ReadAction\",\"target\":[\"https:\/\/hobstop.ee\/lt\/produktas\/patina-modern-option-118ml\/\"]}]},{\"@type\":\"BreadcrumbList\",\"@id\":\"https:\/\/hobstop.ee\/lt\/produktas\/patina-modern-option-118ml\/#breadcrumb\",\"itemListElement\":[{\"@type\":\"ListItem\",\"position\":1,\"name\":\"Avaleht\",\"item\":\"https:\/\/hobstop.ee\/lt\/\"},{\"@type\":\"ListItem\",\"position\":2,\"name\":\"Parduotuv\u0117\",\"item\":\"https:\/\/hobstop.ee\/lt\/parduotuve\/\"},{\"@type\":\"ListItem\",\"position\":3,\"name\":\"Patina Modern Option 118ml\"}]},{\"@type\":\"WebSite\",\"@id\":\"https:\/\/hobstop.ee\/lt\/#website\",\"url\":\"https:\/\/hobstop.ee\/lt\/\",\"name\":\"Skizze\",\"description\":\"Dail\u0117s, pom\u0117gi\u0173 ir mokykliniai reikm\u0117nys\",\"publisher\":{\"@id\":\"https:\/\/hobstop.ee\/lt\/#organization\"},\"potentialAction\":[{\"@type\":\"SearchAction\",\"target\":{\"@type\":\"EntryPoint\",\"urlTemplate\":\"https:\/\/hobstop.ee\/lt\/?s={search_term_string}\"},\"query-input\":{\"@type\":\"PropertyValueSpecification\",\"valueRequired\":true,\"valueName\":\"search_term_string\"}}],\"inLanguage\":\"lt\"},{\"@type\":\"Organization\",\"@id\":\"https:\/\/hobstop.ee\/lt\/#organization\",\"name\":\"Vunder AS\",\"url\":\"https:\/\/hobstop.ee\/lt\/\",\"logo\":{\"@type\":\"ImageObject\",\"inLanguage\":\"lt\",\"@id\":\"https:\/\/hobstop.ee\/lt\/#\/schema\/logo\/image\/\",\"url\":\"https:\/\/hobstop.ee\/media\/vunder-logo.png\",\"contentUrl\":\"https:\/\/hobstop.ee\/media\/vunder-logo.png\",\"width\":127,\"height\":55,\"caption\":\"Vunder AS\"},\"image\":{\"@id\":\"https:\/\/hobstop.ee\/lt\/#\/schema\/logo\/image\/\"},\"sameAs\":[\"http:\/\/www.facebook.com\/VunderSkizze\"]}]}<\/script>\n<!-- \/ Yoast SEO plugin. -->","yoast_head_json":{"title":"Patina Modern Option 118ml &#8211; Skizze","robots":{"index":"noindex","follow":"follow","max-snippet":"max-snippet:-1","max-image-preview":"max-image-preview:large","max-video-preview":"max-video-preview:-1"},"og_locale":"lt_LT","og_type":"article","og_title":"Patina Modern Option 118ml &#8211; Skizze","og_description":"Per kelias valandas ant bet kokio pavir\u0161iaus sukurkite nuostabi\u0105, tikr\u0105 senovin\u0119 patinos apdail\u0105. \u201eModern Option\u201c patina sukuria autenti\u0161k\u0105 patinos apdail\u0105, visi\u0161kai identi\u0161k\u0105 tai, kuri nat\u016braliai atsiranda per daugel\u012f met\u0173. Puikiai tinka \u012fvairiems nam\u0173 dekoravimo darbams, amatams ir meno projektams. Pagaminta vandens pagrindu ir lengvai nuvaloma, lengvai dengiama ir tinka naudoti tiek lauke, tiek ir patalpose.","og_url":"https:\/\/hobstop.ee\/lt\/produktas\/patina-modern-option-118ml\/","og_site_name":"Skizze","article_publisher":"http:\/\/www.facebook.com\/VunderSkizze","twitter_card":"summary_large_image","schema":{"@context":"https:\/\/schema.org","@graph":[{"@type":"WebPage","@id":"https:\/\/hobstop.ee\/lt\/produktas\/patina-modern-option-118ml\/","url":"https:\/\/hobstop.ee\/lt\/produktas\/patina-modern-option-118ml\/","name":"Patina Modern Option 118ml &#8211; Skizze","isPartOf":{"@id":"https:\/\/hobstop.ee\/lt\/#website"},"datePublished":"2017-05-30T07:34:41+00:00","dateModified":"2017-05-30T07:34:41+00:00","breadcrumb":{"@id":"https:\/\/hobstop.ee\/lt\/produktas\/patina-modern-option-118ml\/#breadcrumb"},"inLanguage":"lt","potentialAction":[{"@type":"ReadAction","target":["https:\/\/hobstop.ee\/lt\/produktas\/patina-modern-option-118ml\/"]}]},{"@type":"BreadcrumbList","@id":"https:\/\/hobstop.ee\/lt\/produktas\/patina-modern-option-118ml\/#breadcrumb","itemListElement":[{"@type":"ListItem","position":1,"name":"Avaleht","item":"https:\/\/hobstop.ee\/lt\/"},{"@type":"ListItem","position":2,"name":"Parduotuv\u0117","item":"https:\/\/hobstop.ee\/lt\/parduotuve\/"},{"@type":"ListItem","position":3,"name":"Patina Modern Option 118ml"}]},{"@type":"WebSite","@id":"https:\/\/hobstop.ee\/lt\/#website","url":"https:\/\/hobstop.ee\/lt\/","name":"Skizze","description":"Dail\u0117s, pom\u0117gi\u0173 ir mokykliniai reikm\u0117nys","publisher":{"@id":"https:\/\/hobstop.ee\/lt\/#organization"},"potentialAction":[{"@type":"SearchAction","target":{"@type":"EntryPoint","urlTemplate":"https:\/\/hobstop.ee\/lt\/?s={search_term_string}"},"query-input":{"@type":"PropertyValueSpecification","valueRequired":true,"valueName":"search_term_string"}}],"inLanguage":"lt"},{"@type":"Organization","@id":"https:\/\/hobstop.ee\/lt\/#organization","name":"Vunder AS","url":"https:\/\/hobstop.ee\/lt\/","logo":{"@type":"ImageObject","inLanguage":"lt","@id":"https:\/\/hobstop.ee\/lt\/#\/schema\/logo\/image\/","url":"https:\/\/hobstop.ee\/media\/vunder-logo.png","contentUrl":"https:\/\/hobstop.ee\/media\/vunder-logo.png","width":127,"height":55,"caption":"Vunder AS"},"image":{"@id":"https:\/\/hobstop.ee\/lt\/#\/schema\/logo\/image\/"},"sameAs":["http:\/\/www.facebook.com\/VunderSkizze"]}]}},"_links":{"self":[{"href":"https:\/\/hobstop.ee\/lt\/wp-json\/wp\/v2\/product\/288745","targetHints":{"allow":["GET"]}}],"collection":[{"href":"https:\/\/hobstop.ee\/lt\/wp-json\/wp\/v2\/product"}],"about":[{"href":"https:\/\/hobstop.ee\/lt\/wp-json\/wp\/v2\/types\/product"}],"replies":[{"embeddable":true,"href":"https:\/\/hobstop.ee\/lt\/wp-json\/wp\/v2\/comments?post=288745"}],"wp:attachment":[{"href":"https:\/\/hobstop.ee\/lt\/wp-json\/wp\/v2\/media?parent=288745"}],"wp:term":[{"taxonomy":"product_cat","embeddable":true,"href":"https:\/\/hobstop.ee\/lt\/wp-json\/wp\/v2\/product_cat?post=288745"},{"taxonomy":"product_tag","embeddable":true,"href":"https:\/\/hobstop.ee\/lt\/wp-json\/wp\/v2\/product_tag?post=288745"}],"curies":[{"name":"wp","href":"https:\/\/api.w.org\/{rel}","templated":true}]}}