{"id":288777,"date":"2017-05-30T10:34:48","date_gmt":"2017-05-30T07:34:48","guid":{"rendered":"https:\/\/sharks.ee\/vunder_2019\/lt\/product\/lakavimo-rinkinys-cernit-glass\/"},"modified":"2017-05-30T10:34:48","modified_gmt":"2017-05-30T07:34:48","slug":"lakavimo-rinkinys-cernit-glass","status":"publish","type":"product","link":"https:\/\/hobstop.ee\/lt\/produktas\/lakavimo-rinkinys-cernit-glass\/","title":{"rendered":"Lakavimo rinkinys Cernit Glass"},"content":{"rendered":"<p>Epoksidin\u0117s dervos pagrindu pagamintas dviej\u0173 komponent\u0173 lakas padengtas tampa labai kietas ir itin blizgus. Yra skirtas \u012fvairioms technikoms, i\u0161gauti kiet\u0105 ir skaidr\u0173, pana\u0161\u0173 \u012f stikl\u0105 efekt\u0105. Tepant keliais sluoksniais i\u0161gaunamas storas sluoksnis be burbuliuk\u0173. Norint i\u0161gauti 3D efektus, i\u0161d\u017ei\u016bvus, galima dengti palaipsniui keliais sluoksniais. Tirpiklio pagrindu pagamintais da\u017eais galima suteikti spalv\u0105. Tinka dengti medien\u0105, karton\u0105, plastik\u0105, keramik\u0105, akmen\u012f ir t.t. D\u017ei\u016bvimo laikas: 12\u201324 val. (priklausomai nuo dr\u0117gm\u0117s ir temperat\u016bros).<\/p>\n<p>Rinkinyje yra:<br \/>\n120 ml komponento A (epoksidin\u0117s dervos)<br \/>\n60 ml komponento B (kietiklio)<br \/>\nMa\u017eas matavimo indas<br \/>\n2 plastikin\u0117s pir\u0161tin\u0117s<br \/>\nMa\u017ea medin\u0117 lazdel\u0117 mi\u0161iniui paruo\u0161ti<br \/>\nNaudojimo instrukcija su \u012fvairi\u0173 technik\u0173 apra\u0161ymu (angl\u0173 kalba)<\/p>\n","protected":false},"excerpt":{"rendered":"<p>Epoksidin\u0117s dervos pagrindu pagamintas dviej\u0173 komponent\u0173 lakas padengtas tampa labai kietas ir itin blizgus. Yra skirtas \u012fvairioms technikoms, i\u0161gauti kiet\u0105 ir skaidr\u0173, pana\u0161\u0173 \u012f stikl\u0105 efekt\u0105. Tepant keliais sluoksniais i\u0161gaunamas storas sluoksnis be burbuliuk\u0173. Norint i\u0161gauti 3D efektus, i\u0161d\u017ei\u016bvus, galima dengti palaipsniui keliais sluoksniais. Tirpiklio pagrindu pagamintais da\u017eais galima suteikti spalv\u0105. Tinka dengti medien\u0105, karton\u0105, plastik\u0105, keramik\u0105, akmen\u012f ir t.t. D\u017ei\u016bvimo laikas: 12\u201324 val. (priklausomai nuo dr\u0117gm\u0117s ir temperat\u016bros). Rinkinyje yra: 120 ml komponento A (epoksidin\u0117s dervos) 60 ml komponento B (kietiklio) Ma\u017eas matavimo indas 2 plastikin\u0117s pir\u0161tin\u0117s Ma\u017ea medin\u0117 lazdel\u0117 mi\u0161iniui paruo\u0161ti Naudojimo instrukcija su \u012fvairi\u0173 technik\u0173 apra\u0161ymu (angl\u0173 kalba)<\/p>\n","protected":false},"featured_media":289369,"comment_status":"closed","ping_status":"closed","template":"","meta":{"_acf_changed":false,"ep_exclude_from_search":false},"product_cat":[20087,15010,17919],"product_tag":[],"class_list":{"0":"post-288777","1":"product","2":"type-product","3":"status-publish","4":"has-post-thumbnail","6":"product_cat-medziagos-ir-priemones-lipdymui","7":"product_cat-polimerinis-molis","8":"product_cat-pomegiu-prekes","10":"first","11":"outofstock","12":"taxable","13":"shipping-taxable","14":"purchasable","15":"product-type-simple"},"acf":[],"yoast_head":"<!-- This site is optimized with the Yoast SEO plugin v24.1 - https:\/\/yoast.com\/wordpress\/plugins\/seo\/ -->\n<title>Lakavimo rinkinys Cernit Glass &#8211; Skizze<\/title>\n<meta name=\"robots\" content=\"noindex, follow, max-snippet:-1, max-image-preview:large, max-video-preview:-1\" \/>\n<meta property=\"og:locale\" content=\"lt_LT\" \/>\n<meta property=\"og:type\" content=\"article\" \/>\n<meta property=\"og:title\" content=\"Lakavimo rinkinys Cernit Glass &#8211; Skizze\" \/>\n<meta property=\"og:description\" content=\"Epoksidin\u0117s dervos pagrindu pagamintas dviej\u0173 komponent\u0173 lakas padengtas tampa labai kietas ir itin blizgus. Yra skirtas \u012fvairioms technikoms, i\u0161gauti kiet\u0105 ir skaidr\u0173, pana\u0161\u0173 \u012f stikl\u0105 efekt\u0105. Tepant keliais sluoksniais i\u0161gaunamas storas sluoksnis be burbuliuk\u0173. Norint i\u0161gauti 3D efektus, i\u0161d\u017ei\u016bvus, galima dengti palaipsniui keliais sluoksniais. Tirpiklio pagrindu pagamintais da\u017eais galima suteikti spalv\u0105. Tinka dengti medien\u0105, karton\u0105, plastik\u0105, keramik\u0105, akmen\u012f ir t.t. D\u017ei\u016bvimo laikas: 12\u201324 val. (priklausomai nuo dr\u0117gm\u0117s ir temperat\u016bros). Rinkinyje yra: 120 ml komponento A (epoksidin\u0117s dervos) 60 ml komponento B (kietiklio) Ma\u017eas matavimo indas 2 plastikin\u0117s pir\u0161tin\u0117s Ma\u017ea medin\u0117 lazdel\u0117 mi\u0161iniui paruo\u0161ti Naudojimo instrukcija su \u012fvairi\u0173 technik\u0173 apra\u0161ymu (angl\u0173 kalba)\" \/>\n<meta property=\"og:url\" content=\"https:\/\/hobstop.ee\/lt\/produktas\/lakavimo-rinkinys-cernit-glass\/\" \/>\n<meta property=\"og:site_name\" content=\"Skizze\" \/>\n<meta property=\"article:publisher\" content=\"http:\/\/www.facebook.com\/VunderSkizze\" \/>\n<meta property=\"og:image\" content=\"https:\/\/hobstop.ee\/media\/4540.jpg\" \/>\n\t<meta property=\"og:image:width\" content=\"1024\" \/>\n\t<meta property=\"og:image:height\" content=\"768\" \/>\n\t<meta property=\"og:image:type\" content=\"image\/jpeg\" \/>\n<meta name=\"twitter:card\" content=\"summary_large_image\" \/>\n<meta name=\"twitter:label1\" content=\"Est. reading time\" \/>\n\t<meta name=\"twitter:data1\" content=\"1 minute\" \/>\n<script type=\"application\/ld+json\" class=\"yoast-schema-graph\">{\"@context\":\"https:\/\/schema.org\",\"@graph\":[{\"@type\":\"WebPage\",\"@id\":\"https:\/\/hobstop.ee\/lt\/produktas\/lakavimo-rinkinys-cernit-glass\/\",\"url\":\"https:\/\/hobstop.ee\/lt\/produktas\/lakavimo-rinkinys-cernit-glass\/\",\"name\":\"Lakavimo rinkinys Cernit Glass &#8211; Skizze\",\"isPartOf\":{\"@id\":\"https:\/\/hobstop.ee\/lt\/#website\"},\"primaryImageOfPage\":{\"@id\":\"https:\/\/hobstop.ee\/lt\/produktas\/lakavimo-rinkinys-cernit-glass\/#primaryimage\"},\"image\":{\"@id\":\"https:\/\/hobstop.ee\/lt\/produktas\/lakavimo-rinkinys-cernit-glass\/#primaryimage\"},\"thumbnailUrl\":\"https:\/\/hobstop.ee\/media\/4540.jpg\",\"datePublished\":\"2017-05-30T07:34:48+00:00\",\"dateModified\":\"2017-05-30T07:34:48+00:00\",\"breadcrumb\":{\"@id\":\"https:\/\/hobstop.ee\/lt\/produktas\/lakavimo-rinkinys-cernit-glass\/#breadcrumb\"},\"inLanguage\":\"lt\",\"potentialAction\":[{\"@type\":\"ReadAction\",\"target\":[\"https:\/\/hobstop.ee\/lt\/produktas\/lakavimo-rinkinys-cernit-glass\/\"]}]},{\"@type\":\"ImageObject\",\"inLanguage\":\"lt\",\"@id\":\"https:\/\/hobstop.ee\/lt\/produktas\/lakavimo-rinkinys-cernit-glass\/#primaryimage\",\"url\":\"https:\/\/hobstop.ee\/media\/4540.jpg\",\"contentUrl\":\"https:\/\/hobstop.ee\/media\/4540.jpg\",\"width\":1024,\"height\":768},{\"@type\":\"BreadcrumbList\",\"@id\":\"https:\/\/hobstop.ee\/lt\/produktas\/lakavimo-rinkinys-cernit-glass\/#breadcrumb\",\"itemListElement\":[{\"@type\":\"ListItem\",\"position\":1,\"name\":\"Avaleht\",\"item\":\"https:\/\/hobstop.ee\/lt\/\"},{\"@type\":\"ListItem\",\"position\":2,\"name\":\"Parduotuv\u0117\",\"item\":\"https:\/\/hobstop.ee\/lt\/parduotuve\/\"},{\"@type\":\"ListItem\",\"position\":3,\"name\":\"Lakavimo rinkinys Cernit Glass\"}]},{\"@type\":\"WebSite\",\"@id\":\"https:\/\/hobstop.ee\/lt\/#website\",\"url\":\"https:\/\/hobstop.ee\/lt\/\",\"name\":\"Skizze\",\"description\":\"Dail\u0117s, pom\u0117gi\u0173 ir mokykliniai reikm\u0117nys\",\"publisher\":{\"@id\":\"https:\/\/hobstop.ee\/lt\/#organization\"},\"potentialAction\":[{\"@type\":\"SearchAction\",\"target\":{\"@type\":\"EntryPoint\",\"urlTemplate\":\"https:\/\/hobstop.ee\/lt\/?s={search_term_string}\"},\"query-input\":{\"@type\":\"PropertyValueSpecification\",\"valueRequired\":true,\"valueName\":\"search_term_string\"}}],\"inLanguage\":\"lt\"},{\"@type\":\"Organization\",\"@id\":\"https:\/\/hobstop.ee\/lt\/#organization\",\"name\":\"Vunder AS\",\"url\":\"https:\/\/hobstop.ee\/lt\/\",\"logo\":{\"@type\":\"ImageObject\",\"inLanguage\":\"lt\",\"@id\":\"https:\/\/hobstop.ee\/lt\/#\/schema\/logo\/image\/\",\"url\":\"https:\/\/hobstop.ee\/media\/vunder-logo.png\",\"contentUrl\":\"https:\/\/hobstop.ee\/media\/vunder-logo.png\",\"width\":127,\"height\":55,\"caption\":\"Vunder AS\"},\"image\":{\"@id\":\"https:\/\/hobstop.ee\/lt\/#\/schema\/logo\/image\/\"},\"sameAs\":[\"http:\/\/www.facebook.com\/VunderSkizze\"]}]}<\/script>\n<!-- \/ Yoast SEO plugin. -->","yoast_head_json":{"title":"Lakavimo rinkinys Cernit Glass &#8211; Skizze","robots":{"index":"noindex","follow":"follow","max-snippet":"max-snippet:-1","max-image-preview":"max-image-preview:large","max-video-preview":"max-video-preview:-1"},"og_locale":"lt_LT","og_type":"article","og_title":"Lakavimo rinkinys Cernit Glass &#8211; Skizze","og_description":"Epoksidin\u0117s dervos pagrindu pagamintas dviej\u0173 komponent\u0173 lakas padengtas tampa labai kietas ir itin blizgus. Yra skirtas \u012fvairioms technikoms, i\u0161gauti kiet\u0105 ir skaidr\u0173, pana\u0161\u0173 \u012f stikl\u0105 efekt\u0105. Tepant keliais sluoksniais i\u0161gaunamas storas sluoksnis be burbuliuk\u0173. Norint i\u0161gauti 3D efektus, i\u0161d\u017ei\u016bvus, galima dengti palaipsniui keliais sluoksniais. Tirpiklio pagrindu pagamintais da\u017eais galima suteikti spalv\u0105. Tinka dengti medien\u0105, karton\u0105, plastik\u0105, keramik\u0105, akmen\u012f ir t.t. D\u017ei\u016bvimo laikas: 12\u201324 val. (priklausomai nuo dr\u0117gm\u0117s ir temperat\u016bros). Rinkinyje yra: 120 ml komponento A (epoksidin\u0117s dervos) 60 ml komponento B (kietiklio) Ma\u017eas matavimo indas 2 plastikin\u0117s pir\u0161tin\u0117s Ma\u017ea medin\u0117 lazdel\u0117 mi\u0161iniui paruo\u0161ti Naudojimo instrukcija su \u012fvairi\u0173 technik\u0173 apra\u0161ymu (angl\u0173 kalba)","og_url":"https:\/\/hobstop.ee\/lt\/produktas\/lakavimo-rinkinys-cernit-glass\/","og_site_name":"Skizze","article_publisher":"http:\/\/www.facebook.com\/VunderSkizze","og_image":[{"width":1024,"height":768,"url":"https:\/\/hobstop.ee\/media\/4540.jpg","type":"image\/jpeg"}],"twitter_card":"summary_large_image","twitter_misc":{"Est. reading time":"1 minute"},"schema":{"@context":"https:\/\/schema.org","@graph":[{"@type":"WebPage","@id":"https:\/\/hobstop.ee\/lt\/produktas\/lakavimo-rinkinys-cernit-glass\/","url":"https:\/\/hobstop.ee\/lt\/produktas\/lakavimo-rinkinys-cernit-glass\/","name":"Lakavimo rinkinys Cernit Glass &#8211; Skizze","isPartOf":{"@id":"https:\/\/hobstop.ee\/lt\/#website"},"primaryImageOfPage":{"@id":"https:\/\/hobstop.ee\/lt\/produktas\/lakavimo-rinkinys-cernit-glass\/#primaryimage"},"image":{"@id":"https:\/\/hobstop.ee\/lt\/produktas\/lakavimo-rinkinys-cernit-glass\/#primaryimage"},"thumbnailUrl":"https:\/\/hobstop.ee\/media\/4540.jpg","datePublished":"2017-05-30T07:34:48+00:00","dateModified":"2017-05-30T07:34:48+00:00","breadcrumb":{"@id":"https:\/\/hobstop.ee\/lt\/produktas\/lakavimo-rinkinys-cernit-glass\/#breadcrumb"},"inLanguage":"lt","potentialAction":[{"@type":"ReadAction","target":["https:\/\/hobstop.ee\/lt\/produktas\/lakavimo-rinkinys-cernit-glass\/"]}]},{"@type":"ImageObject","inLanguage":"lt","@id":"https:\/\/hobstop.ee\/lt\/produktas\/lakavimo-rinkinys-cernit-glass\/#primaryimage","url":"https:\/\/hobstop.ee\/media\/4540.jpg","contentUrl":"https:\/\/hobstop.ee\/media\/4540.jpg","width":1024,"height":768},{"@type":"BreadcrumbList","@id":"https:\/\/hobstop.ee\/lt\/produktas\/lakavimo-rinkinys-cernit-glass\/#breadcrumb","itemListElement":[{"@type":"ListItem","position":1,"name":"Avaleht","item":"https:\/\/hobstop.ee\/lt\/"},{"@type":"ListItem","position":2,"name":"Parduotuv\u0117","item":"https:\/\/hobstop.ee\/lt\/parduotuve\/"},{"@type":"ListItem","position":3,"name":"Lakavimo rinkinys Cernit Glass"}]},{"@type":"WebSite","@id":"https:\/\/hobstop.ee\/lt\/#website","url":"https:\/\/hobstop.ee\/lt\/","name":"Skizze","description":"Dail\u0117s, pom\u0117gi\u0173 ir mokykliniai reikm\u0117nys","publisher":{"@id":"https:\/\/hobstop.ee\/lt\/#organization"},"potentialAction":[{"@type":"SearchAction","target":{"@type":"EntryPoint","urlTemplate":"https:\/\/hobstop.ee\/lt\/?s={search_term_string}"},"query-input":{"@type":"PropertyValueSpecification","valueRequired":true,"valueName":"search_term_string"}}],"inLanguage":"lt"},{"@type":"Organization","@id":"https:\/\/hobstop.ee\/lt\/#organization","name":"Vunder AS","url":"https:\/\/hobstop.ee\/lt\/","logo":{"@type":"ImageObject","inLanguage":"lt","@id":"https:\/\/hobstop.ee\/lt\/#\/schema\/logo\/image\/","url":"https:\/\/hobstop.ee\/media\/vunder-logo.png","contentUrl":"https:\/\/hobstop.ee\/media\/vunder-logo.png","width":127,"height":55,"caption":"Vunder AS"},"image":{"@id":"https:\/\/hobstop.ee\/lt\/#\/schema\/logo\/image\/"},"sameAs":["http:\/\/www.facebook.com\/VunderSkizze"]}]}},"_links":{"self":[{"href":"https:\/\/hobstop.ee\/lt\/wp-json\/wp\/v2\/product\/288777","targetHints":{"allow":["GET"]}}],"collection":[{"href":"https:\/\/hobstop.ee\/lt\/wp-json\/wp\/v2\/product"}],"about":[{"href":"https:\/\/hobstop.ee\/lt\/wp-json\/wp\/v2\/types\/product"}],"replies":[{"embeddable":true,"href":"https:\/\/hobstop.ee\/lt\/wp-json\/wp\/v2\/comments?post=288777"}],"wp:featuredmedia":[{"embeddable":true,"href":"https:\/\/hobstop.ee\/lt\/wp-json\/wp\/v2\/media\/289369"}],"wp:attachment":[{"href":"https:\/\/hobstop.ee\/lt\/wp-json\/wp\/v2\/media?parent=288777"}],"wp:term":[{"taxonomy":"product_cat","embeddable":true,"href":"https:\/\/hobstop.ee\/lt\/wp-json\/wp\/v2\/product_cat?post=288777"},{"taxonomy":"product_tag","embeddable":true,"href":"https:\/\/hobstop.ee\/lt\/wp-json\/wp\/v2\/product_tag?post=288777"}],"curies":[{"name":"wp","href":"https:\/\/api.w.org\/{rel}","templated":true}]}}