{"id":288785,"date":"2017-05-30T10:34:50","date_gmt":"2017-05-30T07:34:50","guid":{"rendered":"https:\/\/sharks.ee\/vunder_2019\/lt\/product\/priedas-silko-dazams-h-dupont-skystas-vaskas\/"},"modified":"2017-05-30T10:34:50","modified_gmt":"2017-05-30T07:34:50","slug":"priedas-silko-dazams-h-dupont-skystas-vaskas","status":"publish","type":"product","link":"https:\/\/hobstop.ee\/lt\/produktas\/priedas-silko-dazams-h-dupont-skystas-vaskas\/","title":{"rendered":"Priedas \u0161ilko da\u017eams H Dupont skystas va\u0161kas"},"content":{"rendered":"<p>\u0160altas skystas va\u0161kas yra skirtas naudoti su \u201eH Dupont Classique\u201c \u0161ilko da\u017eais. Va\u0161kas apsaugo da\u017eus nuo dengiamo pavir\u0161iaus nutek\u0117jimo. Tinka batikos technikai, taip pat ir pie\u0161imui bei sukurti smulkios krakl\u0117 efektui. Paruo\u0161ti naudojimui (nereikia kaitinti, ilgiau d\u017ei\u016bsta ir kiet\u0117ja. Galima dengti teptuku, kempin\u0117le, antspauduoti, taip pat norint i\u0161gauti itin smulkias detales, galima naudoti pipet\u0119, taip, kaip naudojant gut\u0105. Prie\u0161 dengdami da\u017eais, palaukite, kol visi\u0161kai i\u0161d\u017eius. Kai da\u017eai i\u0161d\u017eius, va\u0161k\u0105 sugerkite sugeriamu popieriumi naudodami lygintuv\u0105 arba pagarinkite.<\/p>\n","protected":false},"excerpt":{"rendered":"<p>\u0160altas skystas va\u0161kas yra skirtas naudoti su \u201eH Dupont Classique\u201c \u0161ilko da\u017eais. Va\u0161kas apsaugo da\u017eus nuo dengiamo pavir\u0161iaus nutek\u0117jimo. Tinka batikos technikai, taip pat ir pie\u0161imui bei sukurti smulkios krakl\u0117 efektui. Paruo\u0161ti naudojimui (nereikia kaitinti, ilgiau d\u017ei\u016bsta ir kiet\u0117ja. Galima dengti teptuku, kempin\u0117le, antspauduoti, taip pat norint i\u0161gauti itin smulkias detales, galima naudoti pipet\u0119, taip, kaip naudojant gut\u0105. Prie\u0161 dengdami da\u017eais, palaukite, kol visi\u0161kai i\u0161d\u017eius. Kai da\u017eai i\u0161d\u017eius, va\u0161k\u0105 sugerkite sugeriamu popieriumi naudodami lygintuv\u0105 arba pagarinkite.<\/p>\n","protected":false},"featured_media":289377,"comment_status":"closed","ping_status":"closed","template":"","meta":{"_acf_changed":false,"ep_exclude_from_search":false},"product_cat":[17919,20119,14893],"product_tag":[],"class_list":{"0":"post-288785","1":"product","2":"type-product","3":"status-publish","4":"has-post-thumbnail","6":"product_cat-pomegiu-prekes","7":"product_cat-silko-dazu-priedai","8":"product_cat-tekstilei-ir-odai","10":"first","11":"instock","12":"taxable","13":"shipping-taxable","14":"purchasable","15":"product-type-simple"},"acf":[],"yoast_head":"<!-- This site is optimized with the Yoast SEO plugin v24.1 - https:\/\/yoast.com\/wordpress\/plugins\/seo\/ -->\n<title>Priedas \u0161ilko da\u017eams H Dupont skystas va\u0161kas &#8211; Skizze<\/title>\n<meta name=\"robots\" content=\"noindex, follow, max-snippet:-1, max-image-preview:large, max-video-preview:-1\" \/>\n<meta property=\"og:locale\" content=\"lt_LT\" \/>\n<meta property=\"og:type\" content=\"article\" \/>\n<meta property=\"og:title\" content=\"Priedas \u0161ilko da\u017eams H Dupont skystas va\u0161kas &#8211; Skizze\" \/>\n<meta property=\"og:description\" content=\"\u0160altas skystas va\u0161kas yra skirtas naudoti su \u201eH Dupont Classique\u201c \u0161ilko da\u017eais. Va\u0161kas apsaugo da\u017eus nuo dengiamo pavir\u0161iaus nutek\u0117jimo. Tinka batikos technikai, taip pat ir pie\u0161imui bei sukurti smulkios krakl\u0117 efektui. Paruo\u0161ti naudojimui (nereikia kaitinti, ilgiau d\u017ei\u016bsta ir kiet\u0117ja. Galima dengti teptuku, kempin\u0117le, antspauduoti, taip pat norint i\u0161gauti itin smulkias detales, galima naudoti pipet\u0119, taip, kaip naudojant gut\u0105. Prie\u0161 dengdami da\u017eais, palaukite, kol visi\u0161kai i\u0161d\u017eius. Kai da\u017eai i\u0161d\u017eius, va\u0161k\u0105 sugerkite sugeriamu popieriumi naudodami lygintuv\u0105 arba pagarinkite.\" \/>\n<meta property=\"og:url\" content=\"https:\/\/hobstop.ee\/lt\/produktas\/priedas-silko-dazams-h-dupont-skystas-vaskas\/\" \/>\n<meta property=\"og:site_name\" content=\"Skizze\" \/>\n<meta property=\"article:publisher\" content=\"http:\/\/www.facebook.com\/VunderSkizze\" \/>\n<meta property=\"og:image\" content=\"https:\/\/hobstop.ee\/media\/4543.jpg\" \/>\n\t<meta property=\"og:image:width\" content=\"1024\" \/>\n\t<meta property=\"og:image:height\" content=\"768\" \/>\n\t<meta property=\"og:image:type\" content=\"image\/jpeg\" \/>\n<meta name=\"twitter:card\" content=\"summary_large_image\" \/>\n<script type=\"application\/ld+json\" class=\"yoast-schema-graph\">{\"@context\":\"https:\/\/schema.org\",\"@graph\":[{\"@type\":\"WebPage\",\"@id\":\"https:\/\/hobstop.ee\/lt\/produktas\/priedas-silko-dazams-h-dupont-skystas-vaskas\/\",\"url\":\"https:\/\/hobstop.ee\/lt\/produktas\/priedas-silko-dazams-h-dupont-skystas-vaskas\/\",\"name\":\"Priedas \u0161ilko da\u017eams H Dupont skystas va\u0161kas &#8211; Skizze\",\"isPartOf\":{\"@id\":\"https:\/\/hobstop.ee\/lt\/#website\"},\"primaryImageOfPage\":{\"@id\":\"https:\/\/hobstop.ee\/lt\/produktas\/priedas-silko-dazams-h-dupont-skystas-vaskas\/#primaryimage\"},\"image\":{\"@id\":\"https:\/\/hobstop.ee\/lt\/produktas\/priedas-silko-dazams-h-dupont-skystas-vaskas\/#primaryimage\"},\"thumbnailUrl\":\"https:\/\/hobstop.ee\/media\/4543.jpg\",\"datePublished\":\"2017-05-30T07:34:50+00:00\",\"dateModified\":\"2017-05-30T07:34:50+00:00\",\"breadcrumb\":{\"@id\":\"https:\/\/hobstop.ee\/lt\/produktas\/priedas-silko-dazams-h-dupont-skystas-vaskas\/#breadcrumb\"},\"inLanguage\":\"lt\",\"potentialAction\":[{\"@type\":\"ReadAction\",\"target\":[\"https:\/\/hobstop.ee\/lt\/produktas\/priedas-silko-dazams-h-dupont-skystas-vaskas\/\"]}]},{\"@type\":\"ImageObject\",\"inLanguage\":\"lt\",\"@id\":\"https:\/\/hobstop.ee\/lt\/produktas\/priedas-silko-dazams-h-dupont-skystas-vaskas\/#primaryimage\",\"url\":\"https:\/\/hobstop.ee\/media\/4543.jpg\",\"contentUrl\":\"https:\/\/hobstop.ee\/media\/4543.jpg\",\"width\":1024,\"height\":768},{\"@type\":\"BreadcrumbList\",\"@id\":\"https:\/\/hobstop.ee\/lt\/produktas\/priedas-silko-dazams-h-dupont-skystas-vaskas\/#breadcrumb\",\"itemListElement\":[{\"@type\":\"ListItem\",\"position\":1,\"name\":\"Avaleht\",\"item\":\"https:\/\/hobstop.ee\/lt\/\"},{\"@type\":\"ListItem\",\"position\":2,\"name\":\"Parduotuv\u0117\",\"item\":\"https:\/\/hobstop.ee\/lt\/parduotuve\/\"},{\"@type\":\"ListItem\",\"position\":3,\"name\":\"Priedas \u0161ilko da\u017eams H Dupont skystas va\u0161kas\"}]},{\"@type\":\"WebSite\",\"@id\":\"https:\/\/hobstop.ee\/lt\/#website\",\"url\":\"https:\/\/hobstop.ee\/lt\/\",\"name\":\"Skizze\",\"description\":\"Dail\u0117s, pom\u0117gi\u0173 ir mokykliniai reikm\u0117nys\",\"publisher\":{\"@id\":\"https:\/\/hobstop.ee\/lt\/#organization\"},\"potentialAction\":[{\"@type\":\"SearchAction\",\"target\":{\"@type\":\"EntryPoint\",\"urlTemplate\":\"https:\/\/hobstop.ee\/lt\/?s={search_term_string}\"},\"query-input\":{\"@type\":\"PropertyValueSpecification\",\"valueRequired\":true,\"valueName\":\"search_term_string\"}}],\"inLanguage\":\"lt\"},{\"@type\":\"Organization\",\"@id\":\"https:\/\/hobstop.ee\/lt\/#organization\",\"name\":\"Vunder AS\",\"url\":\"https:\/\/hobstop.ee\/lt\/\",\"logo\":{\"@type\":\"ImageObject\",\"inLanguage\":\"lt\",\"@id\":\"https:\/\/hobstop.ee\/lt\/#\/schema\/logo\/image\/\",\"url\":\"https:\/\/hobstop.ee\/media\/vunder-logo.png\",\"contentUrl\":\"https:\/\/hobstop.ee\/media\/vunder-logo.png\",\"width\":127,\"height\":55,\"caption\":\"Vunder AS\"},\"image\":{\"@id\":\"https:\/\/hobstop.ee\/lt\/#\/schema\/logo\/image\/\"},\"sameAs\":[\"http:\/\/www.facebook.com\/VunderSkizze\"]}]}<\/script>\n<!-- \/ Yoast SEO plugin. -->","yoast_head_json":{"title":"Priedas \u0161ilko da\u017eams H Dupont skystas va\u0161kas &#8211; Skizze","robots":{"index":"noindex","follow":"follow","max-snippet":"max-snippet:-1","max-image-preview":"max-image-preview:large","max-video-preview":"max-video-preview:-1"},"og_locale":"lt_LT","og_type":"article","og_title":"Priedas \u0161ilko da\u017eams H Dupont skystas va\u0161kas &#8211; Skizze","og_description":"\u0160altas skystas va\u0161kas yra skirtas naudoti su \u201eH Dupont Classique\u201c \u0161ilko da\u017eais. Va\u0161kas apsaugo da\u017eus nuo dengiamo pavir\u0161iaus nutek\u0117jimo. Tinka batikos technikai, taip pat ir pie\u0161imui bei sukurti smulkios krakl\u0117 efektui. Paruo\u0161ti naudojimui (nereikia kaitinti, ilgiau d\u017ei\u016bsta ir kiet\u0117ja. Galima dengti teptuku, kempin\u0117le, antspauduoti, taip pat norint i\u0161gauti itin smulkias detales, galima naudoti pipet\u0119, taip, kaip naudojant gut\u0105. Prie\u0161 dengdami da\u017eais, palaukite, kol visi\u0161kai i\u0161d\u017eius. Kai da\u017eai i\u0161d\u017eius, va\u0161k\u0105 sugerkite sugeriamu popieriumi naudodami lygintuv\u0105 arba pagarinkite.","og_url":"https:\/\/hobstop.ee\/lt\/produktas\/priedas-silko-dazams-h-dupont-skystas-vaskas\/","og_site_name":"Skizze","article_publisher":"http:\/\/www.facebook.com\/VunderSkizze","og_image":[{"width":1024,"height":768,"url":"https:\/\/hobstop.ee\/media\/4543.jpg","type":"image\/jpeg"}],"twitter_card":"summary_large_image","schema":{"@context":"https:\/\/schema.org","@graph":[{"@type":"WebPage","@id":"https:\/\/hobstop.ee\/lt\/produktas\/priedas-silko-dazams-h-dupont-skystas-vaskas\/","url":"https:\/\/hobstop.ee\/lt\/produktas\/priedas-silko-dazams-h-dupont-skystas-vaskas\/","name":"Priedas \u0161ilko da\u017eams H Dupont skystas va\u0161kas &#8211; Skizze","isPartOf":{"@id":"https:\/\/hobstop.ee\/lt\/#website"},"primaryImageOfPage":{"@id":"https:\/\/hobstop.ee\/lt\/produktas\/priedas-silko-dazams-h-dupont-skystas-vaskas\/#primaryimage"},"image":{"@id":"https:\/\/hobstop.ee\/lt\/produktas\/priedas-silko-dazams-h-dupont-skystas-vaskas\/#primaryimage"},"thumbnailUrl":"https:\/\/hobstop.ee\/media\/4543.jpg","datePublished":"2017-05-30T07:34:50+00:00","dateModified":"2017-05-30T07:34:50+00:00","breadcrumb":{"@id":"https:\/\/hobstop.ee\/lt\/produktas\/priedas-silko-dazams-h-dupont-skystas-vaskas\/#breadcrumb"},"inLanguage":"lt","potentialAction":[{"@type":"ReadAction","target":["https:\/\/hobstop.ee\/lt\/produktas\/priedas-silko-dazams-h-dupont-skystas-vaskas\/"]}]},{"@type":"ImageObject","inLanguage":"lt","@id":"https:\/\/hobstop.ee\/lt\/produktas\/priedas-silko-dazams-h-dupont-skystas-vaskas\/#primaryimage","url":"https:\/\/hobstop.ee\/media\/4543.jpg","contentUrl":"https:\/\/hobstop.ee\/media\/4543.jpg","width":1024,"height":768},{"@type":"BreadcrumbList","@id":"https:\/\/hobstop.ee\/lt\/produktas\/priedas-silko-dazams-h-dupont-skystas-vaskas\/#breadcrumb","itemListElement":[{"@type":"ListItem","position":1,"name":"Avaleht","item":"https:\/\/hobstop.ee\/lt\/"},{"@type":"ListItem","position":2,"name":"Parduotuv\u0117","item":"https:\/\/hobstop.ee\/lt\/parduotuve\/"},{"@type":"ListItem","position":3,"name":"Priedas \u0161ilko da\u017eams H Dupont skystas va\u0161kas"}]},{"@type":"WebSite","@id":"https:\/\/hobstop.ee\/lt\/#website","url":"https:\/\/hobstop.ee\/lt\/","name":"Skizze","description":"Dail\u0117s, pom\u0117gi\u0173 ir mokykliniai reikm\u0117nys","publisher":{"@id":"https:\/\/hobstop.ee\/lt\/#organization"},"potentialAction":[{"@type":"SearchAction","target":{"@type":"EntryPoint","urlTemplate":"https:\/\/hobstop.ee\/lt\/?s={search_term_string}"},"query-input":{"@type":"PropertyValueSpecification","valueRequired":true,"valueName":"search_term_string"}}],"inLanguage":"lt"},{"@type":"Organization","@id":"https:\/\/hobstop.ee\/lt\/#organization","name":"Vunder AS","url":"https:\/\/hobstop.ee\/lt\/","logo":{"@type":"ImageObject","inLanguage":"lt","@id":"https:\/\/hobstop.ee\/lt\/#\/schema\/logo\/image\/","url":"https:\/\/hobstop.ee\/media\/vunder-logo.png","contentUrl":"https:\/\/hobstop.ee\/media\/vunder-logo.png","width":127,"height":55,"caption":"Vunder AS"},"image":{"@id":"https:\/\/hobstop.ee\/lt\/#\/schema\/logo\/image\/"},"sameAs":["http:\/\/www.facebook.com\/VunderSkizze"]}]}},"_links":{"self":[{"href":"https:\/\/hobstop.ee\/lt\/wp-json\/wp\/v2\/product\/288785","targetHints":{"allow":["GET"]}}],"collection":[{"href":"https:\/\/hobstop.ee\/lt\/wp-json\/wp\/v2\/product"}],"about":[{"href":"https:\/\/hobstop.ee\/lt\/wp-json\/wp\/v2\/types\/product"}],"replies":[{"embeddable":true,"href":"https:\/\/hobstop.ee\/lt\/wp-json\/wp\/v2\/comments?post=288785"}],"wp:featuredmedia":[{"embeddable":true,"href":"https:\/\/hobstop.ee\/lt\/wp-json\/wp\/v2\/media\/289377"}],"wp:attachment":[{"href":"https:\/\/hobstop.ee\/lt\/wp-json\/wp\/v2\/media?parent=288785"}],"wp:term":[{"taxonomy":"product_cat","embeddable":true,"href":"https:\/\/hobstop.ee\/lt\/wp-json\/wp\/v2\/product_cat?post=288785"},{"taxonomy":"product_tag","embeddable":true,"href":"https:\/\/hobstop.ee\/lt\/wp-json\/wp\/v2\/product_tag?post=288785"}],"curies":[{"name":"wp","href":"https:\/\/api.w.org\/{rel}","templated":true}]}}