{"id":288793,"date":"2017-05-30T10:34:52","date_gmt":"2017-05-30T07:34:52","guid":{"rendered":"https:\/\/sharks.ee\/vunder_2019\/lt\/product\/gelines-kreideles-marabu\/"},"modified":"2017-05-30T10:34:52","modified_gmt":"2017-05-30T07:34:52","slug":"gelines-kreideles-marabu","status":"publish","type":"product","link":"https:\/\/hobstop.ee\/lt\/produktas\/gelines-kreideles-marabu\/","title":{"rendered":"Gelin\u0117s kreidel\u0117s Marabu"},"content":{"rendered":"<p>Sud\u0117tyje daug pigmento turin\u010dios, vandenyje tirpstan\u010dios glotnios ir mink\u0161tos va\u0161kin\u0117s kreidel\u0117s. Ry\u0161kios, ilgai i\u0161liekan\u010dios spalvos yra lengvai mai\u0161omos tarpusavyje norint i\u0161gauti spalvingus mi\u0161inius, taip pat sumai\u0161ius su vandeniu, atrodo, tarsi vandeniniai da\u017eai. Puikiai tinka fonavimui, trafaretams ir antspaudams, o taip pat ir \u012fvairiems medij\u0173 projektams. Tinka pie\u0161ti ant popieriaus, drob\u0117s, medienos ir pan.<\/p>\n","protected":false},"excerpt":{"rendered":"<p>Sud\u0117tyje daug pigmento turin\u010dios, vandenyje tirpstan\u010dios glotnios ir mink\u0161tos va\u0161kin\u0117s kreidel\u0117s. Ry\u0161kios, ilgai i\u0161liekan\u010dios spalvos yra lengvai mai\u0161omos tarpusavyje norint i\u0161gauti spalvingus mi\u0161inius, taip pat sumai\u0161ius su vandeniu, atrodo, tarsi vandeniniai da\u017eai. Puikiai tinka fonavimui, trafaretams ir antspaudams, o taip pat ir \u012fvairiems medij\u0173 projektams. Tinka pie\u0161ti ant popieriaus, drob\u0117s, medienos ir pan.<\/p>\n","protected":false},"featured_media":289385,"comment_status":"closed","ping_status":"closed","template":"","meta":{"_acf_changed":false,"ep_exclude_from_search":false},"product_cat":[18755,16124,18932],"product_tag":[],"class_list":{"0":"post-288793","1":"product","2":"type-product","3":"status-publish","4":"has-post-thumbnail","6":"product_cat-aksesuarai","7":"product_cat-dailes-prekes","8":"product_cat-piesimo-reikmenys-3","10":"first","11":"instock","12":"taxable","13":"shipping-taxable","14":"product-type-simple"},"acf":[],"yoast_head":"<!-- This site is optimized with the Yoast SEO plugin v24.1 - https:\/\/yoast.com\/wordpress\/plugins\/seo\/ -->\n<title>Gelin\u0117s kreidel\u0117s Marabu &#8211; Skizze<\/title>\n<meta name=\"robots\" content=\"noindex, follow, max-snippet:-1, max-image-preview:large, max-video-preview:-1\" \/>\n<meta property=\"og:locale\" content=\"lt_LT\" \/>\n<meta property=\"og:type\" content=\"article\" \/>\n<meta property=\"og:title\" content=\"Gelin\u0117s kreidel\u0117s Marabu &#8211; Skizze\" \/>\n<meta property=\"og:description\" content=\"Sud\u0117tyje daug pigmento turin\u010dios, vandenyje tirpstan\u010dios glotnios ir mink\u0161tos va\u0161kin\u0117s kreidel\u0117s. Ry\u0161kios, ilgai i\u0161liekan\u010dios spalvos yra lengvai mai\u0161omos tarpusavyje norint i\u0161gauti spalvingus mi\u0161inius, taip pat sumai\u0161ius su vandeniu, atrodo, tarsi vandeniniai da\u017eai. Puikiai tinka fonavimui, trafaretams ir antspaudams, o taip pat ir \u012fvairiems medij\u0173 projektams. Tinka pie\u0161ti ant popieriaus, drob\u0117s, medienos ir pan.\" \/>\n<meta property=\"og:url\" content=\"https:\/\/hobstop.ee\/lt\/produktas\/gelines-kreideles-marabu\/\" \/>\n<meta property=\"og:site_name\" content=\"Skizze\" \/>\n<meta property=\"article:publisher\" content=\"http:\/\/www.facebook.com\/VunderSkizze\" \/>\n<meta property=\"og:image\" content=\"https:\/\/hobstop.ee\/media\/4545.jpg\" \/>\n\t<meta property=\"og:image:width\" content=\"1024\" \/>\n\t<meta property=\"og:image:height\" content=\"768\" \/>\n\t<meta property=\"og:image:type\" content=\"image\/jpeg\" \/>\n<meta name=\"twitter:card\" content=\"summary_large_image\" \/>\n<script type=\"application\/ld+json\" class=\"yoast-schema-graph\">{\"@context\":\"https:\/\/schema.org\",\"@graph\":[{\"@type\":\"WebPage\",\"@id\":\"https:\/\/hobstop.ee\/lt\/produktas\/gelines-kreideles-marabu\/\",\"url\":\"https:\/\/hobstop.ee\/lt\/produktas\/gelines-kreideles-marabu\/\",\"name\":\"Gelin\u0117s kreidel\u0117s Marabu &#8211; Skizze\",\"isPartOf\":{\"@id\":\"https:\/\/hobstop.ee\/lt\/#website\"},\"primaryImageOfPage\":{\"@id\":\"https:\/\/hobstop.ee\/lt\/produktas\/gelines-kreideles-marabu\/#primaryimage\"},\"image\":{\"@id\":\"https:\/\/hobstop.ee\/lt\/produktas\/gelines-kreideles-marabu\/#primaryimage\"},\"thumbnailUrl\":\"https:\/\/hobstop.ee\/media\/4545.jpg\",\"datePublished\":\"2017-05-30T07:34:52+00:00\",\"dateModified\":\"2017-05-30T07:34:52+00:00\",\"breadcrumb\":{\"@id\":\"https:\/\/hobstop.ee\/lt\/produktas\/gelines-kreideles-marabu\/#breadcrumb\"},\"inLanguage\":\"lt\",\"potentialAction\":[{\"@type\":\"ReadAction\",\"target\":[\"https:\/\/hobstop.ee\/lt\/produktas\/gelines-kreideles-marabu\/\"]}]},{\"@type\":\"ImageObject\",\"inLanguage\":\"lt\",\"@id\":\"https:\/\/hobstop.ee\/lt\/produktas\/gelines-kreideles-marabu\/#primaryimage\",\"url\":\"https:\/\/hobstop.ee\/media\/4545.jpg\",\"contentUrl\":\"https:\/\/hobstop.ee\/media\/4545.jpg\",\"width\":1024,\"height\":768},{\"@type\":\"BreadcrumbList\",\"@id\":\"https:\/\/hobstop.ee\/lt\/produktas\/gelines-kreideles-marabu\/#breadcrumb\",\"itemListElement\":[{\"@type\":\"ListItem\",\"position\":1,\"name\":\"Avaleht\",\"item\":\"https:\/\/hobstop.ee\/lt\/\"},{\"@type\":\"ListItem\",\"position\":2,\"name\":\"Parduotuv\u0117\",\"item\":\"https:\/\/hobstop.ee\/lt\/parduotuve\/\"},{\"@type\":\"ListItem\",\"position\":3,\"name\":\"Gelin\u0117s kreidel\u0117s Marabu\"}]},{\"@type\":\"WebSite\",\"@id\":\"https:\/\/hobstop.ee\/lt\/#website\",\"url\":\"https:\/\/hobstop.ee\/lt\/\",\"name\":\"Skizze\",\"description\":\"Dail\u0117s, pom\u0117gi\u0173 ir mokykliniai reikm\u0117nys\",\"publisher\":{\"@id\":\"https:\/\/hobstop.ee\/lt\/#organization\"},\"potentialAction\":[{\"@type\":\"SearchAction\",\"target\":{\"@type\":\"EntryPoint\",\"urlTemplate\":\"https:\/\/hobstop.ee\/lt\/?s={search_term_string}\"},\"query-input\":{\"@type\":\"PropertyValueSpecification\",\"valueRequired\":true,\"valueName\":\"search_term_string\"}}],\"inLanguage\":\"lt\"},{\"@type\":\"Organization\",\"@id\":\"https:\/\/hobstop.ee\/lt\/#organization\",\"name\":\"Vunder AS\",\"url\":\"https:\/\/hobstop.ee\/lt\/\",\"logo\":{\"@type\":\"ImageObject\",\"inLanguage\":\"lt\",\"@id\":\"https:\/\/hobstop.ee\/lt\/#\/schema\/logo\/image\/\",\"url\":\"https:\/\/hobstop.ee\/media\/vunder-logo.png\",\"contentUrl\":\"https:\/\/hobstop.ee\/media\/vunder-logo.png\",\"width\":127,\"height\":55,\"caption\":\"Vunder AS\"},\"image\":{\"@id\":\"https:\/\/hobstop.ee\/lt\/#\/schema\/logo\/image\/\"},\"sameAs\":[\"http:\/\/www.facebook.com\/VunderSkizze\"]}]}<\/script>\n<!-- \/ Yoast SEO plugin. -->","yoast_head_json":{"title":"Gelin\u0117s kreidel\u0117s Marabu &#8211; Skizze","robots":{"index":"noindex","follow":"follow","max-snippet":"max-snippet:-1","max-image-preview":"max-image-preview:large","max-video-preview":"max-video-preview:-1"},"og_locale":"lt_LT","og_type":"article","og_title":"Gelin\u0117s kreidel\u0117s Marabu &#8211; Skizze","og_description":"Sud\u0117tyje daug pigmento turin\u010dios, vandenyje tirpstan\u010dios glotnios ir mink\u0161tos va\u0161kin\u0117s kreidel\u0117s. Ry\u0161kios, ilgai i\u0161liekan\u010dios spalvos yra lengvai mai\u0161omos tarpusavyje norint i\u0161gauti spalvingus mi\u0161inius, taip pat sumai\u0161ius su vandeniu, atrodo, tarsi vandeniniai da\u017eai. Puikiai tinka fonavimui, trafaretams ir antspaudams, o taip pat ir \u012fvairiems medij\u0173 projektams. Tinka pie\u0161ti ant popieriaus, drob\u0117s, medienos ir pan.","og_url":"https:\/\/hobstop.ee\/lt\/produktas\/gelines-kreideles-marabu\/","og_site_name":"Skizze","article_publisher":"http:\/\/www.facebook.com\/VunderSkizze","og_image":[{"width":1024,"height":768,"url":"https:\/\/hobstop.ee\/media\/4545.jpg","type":"image\/jpeg"}],"twitter_card":"summary_large_image","schema":{"@context":"https:\/\/schema.org","@graph":[{"@type":"WebPage","@id":"https:\/\/hobstop.ee\/lt\/produktas\/gelines-kreideles-marabu\/","url":"https:\/\/hobstop.ee\/lt\/produktas\/gelines-kreideles-marabu\/","name":"Gelin\u0117s kreidel\u0117s Marabu &#8211; Skizze","isPartOf":{"@id":"https:\/\/hobstop.ee\/lt\/#website"},"primaryImageOfPage":{"@id":"https:\/\/hobstop.ee\/lt\/produktas\/gelines-kreideles-marabu\/#primaryimage"},"image":{"@id":"https:\/\/hobstop.ee\/lt\/produktas\/gelines-kreideles-marabu\/#primaryimage"},"thumbnailUrl":"https:\/\/hobstop.ee\/media\/4545.jpg","datePublished":"2017-05-30T07:34:52+00:00","dateModified":"2017-05-30T07:34:52+00:00","breadcrumb":{"@id":"https:\/\/hobstop.ee\/lt\/produktas\/gelines-kreideles-marabu\/#breadcrumb"},"inLanguage":"lt","potentialAction":[{"@type":"ReadAction","target":["https:\/\/hobstop.ee\/lt\/produktas\/gelines-kreideles-marabu\/"]}]},{"@type":"ImageObject","inLanguage":"lt","@id":"https:\/\/hobstop.ee\/lt\/produktas\/gelines-kreideles-marabu\/#primaryimage","url":"https:\/\/hobstop.ee\/media\/4545.jpg","contentUrl":"https:\/\/hobstop.ee\/media\/4545.jpg","width":1024,"height":768},{"@type":"BreadcrumbList","@id":"https:\/\/hobstop.ee\/lt\/produktas\/gelines-kreideles-marabu\/#breadcrumb","itemListElement":[{"@type":"ListItem","position":1,"name":"Avaleht","item":"https:\/\/hobstop.ee\/lt\/"},{"@type":"ListItem","position":2,"name":"Parduotuv\u0117","item":"https:\/\/hobstop.ee\/lt\/parduotuve\/"},{"@type":"ListItem","position":3,"name":"Gelin\u0117s kreidel\u0117s Marabu"}]},{"@type":"WebSite","@id":"https:\/\/hobstop.ee\/lt\/#website","url":"https:\/\/hobstop.ee\/lt\/","name":"Skizze","description":"Dail\u0117s, pom\u0117gi\u0173 ir mokykliniai reikm\u0117nys","publisher":{"@id":"https:\/\/hobstop.ee\/lt\/#organization"},"potentialAction":[{"@type":"SearchAction","target":{"@type":"EntryPoint","urlTemplate":"https:\/\/hobstop.ee\/lt\/?s={search_term_string}"},"query-input":{"@type":"PropertyValueSpecification","valueRequired":true,"valueName":"search_term_string"}}],"inLanguage":"lt"},{"@type":"Organization","@id":"https:\/\/hobstop.ee\/lt\/#organization","name":"Vunder AS","url":"https:\/\/hobstop.ee\/lt\/","logo":{"@type":"ImageObject","inLanguage":"lt","@id":"https:\/\/hobstop.ee\/lt\/#\/schema\/logo\/image\/","url":"https:\/\/hobstop.ee\/media\/vunder-logo.png","contentUrl":"https:\/\/hobstop.ee\/media\/vunder-logo.png","width":127,"height":55,"caption":"Vunder AS"},"image":{"@id":"https:\/\/hobstop.ee\/lt\/#\/schema\/logo\/image\/"},"sameAs":["http:\/\/www.facebook.com\/VunderSkizze"]}]}},"_links":{"self":[{"href":"https:\/\/hobstop.ee\/lt\/wp-json\/wp\/v2\/product\/288793","targetHints":{"allow":["GET"]}}],"collection":[{"href":"https:\/\/hobstop.ee\/lt\/wp-json\/wp\/v2\/product"}],"about":[{"href":"https:\/\/hobstop.ee\/lt\/wp-json\/wp\/v2\/types\/product"}],"replies":[{"embeddable":true,"href":"https:\/\/hobstop.ee\/lt\/wp-json\/wp\/v2\/comments?post=288793"}],"wp:featuredmedia":[{"embeddable":true,"href":"https:\/\/hobstop.ee\/lt\/wp-json\/wp\/v2\/media\/289385"}],"wp:attachment":[{"href":"https:\/\/hobstop.ee\/lt\/wp-json\/wp\/v2\/media?parent=288793"}],"wp:term":[{"taxonomy":"product_cat","embeddable":true,"href":"https:\/\/hobstop.ee\/lt\/wp-json\/wp\/v2\/product_cat?post=288793"},{"taxonomy":"product_tag","embeddable":true,"href":"https:\/\/hobstop.ee\/lt\/wp-json\/wp\/v2\/product_tag?post=288793"}],"curies":[{"name":"wp","href":"https:\/\/api.w.org\/{rel}","templated":true}]}}