{"id":288821,"date":"2017-05-30T10:34:59","date_gmt":"2017-05-30T07:34:59","guid":{"rendered":"https:\/\/sharks.ee\/vunder_2019\/lt\/product\/bloknotas-tapybai-akriliniais-dazais-marabu\/"},"modified":"2017-05-30T10:34:59","modified_gmt":"2017-05-30T07:34:59","slug":"bloknotas-tapybai-akriliniais-dazais-marabu","status":"publish","type":"product","link":"https:\/\/hobstop.ee\/lt\/produktas\/bloknotas-tapybai-akriliniais-dazais-marabu\/","title":{"rendered":"Bloknotas tapybai akriliniais da\u017eais Marabu"},"content":{"rendered":"<p>Storas popierius puikiai tinka darbui su storu da\u017e\u0173 sluoksniu. Smulkiai rupl\u0117tas popierius u\u017etikrina, kad da\u017eai bus padengti vientisu sluoksniu, d\u0117l ant itin tvirto popieriaus spalvos i\u0161liks ry\u0161kios ir patvarios. Bloknotas yra suri\u0161tas spirale, tod\u0117l yra daugiau vietos pasireik\u0161ti k\u016brybai, pasirinkti tem\u0105 ir med\u017eiagas. Tinka akvarelei, akriliniams da\u017eams ir kolia\u017eo technikai, taip pat eskizams ir mi\u0161riai technikai.<\/p>\n","protected":false},"excerpt":{"rendered":"<p>Storas popierius puikiai tinka darbui su storu da\u017e\u0173 sluoksniu. Smulkiai rupl\u0117tas popierius u\u017etikrina, kad da\u017eai bus padengti vientisu sluoksniu, d\u0117l ant itin tvirto popieriaus spalvos i\u0161liks ry\u0161kios ir patvarios. Bloknotas yra suri\u0161tas spirale, tod\u0117l yra daugiau vietos pasireik\u0161ti k\u016brybai, pasirinkti tem\u0105 ir med\u017eiagas. Tinka akvarelei, akriliniams da\u017eams ir kolia\u017eo technikai, taip pat eskizams ir mi\u0161riai technikai.<\/p>\n","protected":false},"featured_media":289413,"comment_status":"closed","ping_status":"closed","template":"","meta":{"_acf_changed":false,"ep_exclude_from_search":false},"product_cat":[19022,17922,18944],"product_tag":[],"class_list":{"0":"post-288821","1":"product","2":"type-product","3":"status-publish","4":"has-post-thumbnail","6":"product_cat-akrilinis-popierius-ir-bloknotai","7":"product_cat-popieriaus-prekes","8":"product_cat-specialus-popierius-ir-kartonas","10":"first","11":"outofstock","12":"taxable","13":"shipping-taxable","14":"purchasable","15":"product-type-simple"},"acf":[],"yoast_head":"<!-- This site is optimized with the Yoast SEO plugin v24.1 - https:\/\/yoast.com\/wordpress\/plugins\/seo\/ -->\n<title>Bloknotas tapybai akriliniais da\u017eais Marabu &#8211; Skizze<\/title>\n<meta name=\"robots\" content=\"noindex, follow, max-snippet:-1, max-image-preview:large, max-video-preview:-1\" \/>\n<meta property=\"og:locale\" content=\"lt_LT\" \/>\n<meta property=\"og:type\" content=\"article\" \/>\n<meta property=\"og:title\" content=\"Bloknotas tapybai akriliniais da\u017eais Marabu &#8211; Skizze\" \/>\n<meta property=\"og:description\" content=\"Storas popierius puikiai tinka darbui su storu da\u017e\u0173 sluoksniu. Smulkiai rupl\u0117tas popierius u\u017etikrina, kad da\u017eai bus padengti vientisu sluoksniu, d\u0117l ant itin tvirto popieriaus spalvos i\u0161liks ry\u0161kios ir patvarios. Bloknotas yra suri\u0161tas spirale, tod\u0117l yra daugiau vietos pasireik\u0161ti k\u016brybai, pasirinkti tem\u0105 ir med\u017eiagas. Tinka akvarelei, akriliniams da\u017eams ir kolia\u017eo technikai, taip pat eskizams ir mi\u0161riai technikai.\" \/>\n<meta property=\"og:url\" content=\"https:\/\/hobstop.ee\/lt\/produktas\/bloknotas-tapybai-akriliniais-dazais-marabu\/\" \/>\n<meta property=\"og:site_name\" content=\"Skizze\" \/>\n<meta property=\"article:publisher\" content=\"http:\/\/www.facebook.com\/VunderSkizze\" \/>\n<meta property=\"og:image\" content=\"https:\/\/hobstop.ee\/media\/4553.jpg\" \/>\n\t<meta property=\"og:image:width\" content=\"1024\" \/>\n\t<meta property=\"og:image:height\" content=\"768\" \/>\n\t<meta property=\"og:image:type\" content=\"image\/jpeg\" \/>\n<meta name=\"twitter:card\" content=\"summary_large_image\" \/>\n<script type=\"application\/ld+json\" class=\"yoast-schema-graph\">{\"@context\":\"https:\/\/schema.org\",\"@graph\":[{\"@type\":\"WebPage\",\"@id\":\"https:\/\/hobstop.ee\/lt\/produktas\/bloknotas-tapybai-akriliniais-dazais-marabu\/\",\"url\":\"https:\/\/hobstop.ee\/lt\/produktas\/bloknotas-tapybai-akriliniais-dazais-marabu\/\",\"name\":\"Bloknotas tapybai akriliniais da\u017eais Marabu &#8211; Skizze\",\"isPartOf\":{\"@id\":\"https:\/\/hobstop.ee\/lt\/#website\"},\"primaryImageOfPage\":{\"@id\":\"https:\/\/hobstop.ee\/lt\/produktas\/bloknotas-tapybai-akriliniais-dazais-marabu\/#primaryimage\"},\"image\":{\"@id\":\"https:\/\/hobstop.ee\/lt\/produktas\/bloknotas-tapybai-akriliniais-dazais-marabu\/#primaryimage\"},\"thumbnailUrl\":\"https:\/\/hobstop.ee\/media\/4553.jpg\",\"datePublished\":\"2017-05-30T07:34:59+00:00\",\"dateModified\":\"2017-05-30T07:34:59+00:00\",\"breadcrumb\":{\"@id\":\"https:\/\/hobstop.ee\/lt\/produktas\/bloknotas-tapybai-akriliniais-dazais-marabu\/#breadcrumb\"},\"inLanguage\":\"lt\",\"potentialAction\":[{\"@type\":\"ReadAction\",\"target\":[\"https:\/\/hobstop.ee\/lt\/produktas\/bloknotas-tapybai-akriliniais-dazais-marabu\/\"]}]},{\"@type\":\"ImageObject\",\"inLanguage\":\"lt\",\"@id\":\"https:\/\/hobstop.ee\/lt\/produktas\/bloknotas-tapybai-akriliniais-dazais-marabu\/#primaryimage\",\"url\":\"https:\/\/hobstop.ee\/media\/4553.jpg\",\"contentUrl\":\"https:\/\/hobstop.ee\/media\/4553.jpg\",\"width\":1024,\"height\":768},{\"@type\":\"BreadcrumbList\",\"@id\":\"https:\/\/hobstop.ee\/lt\/produktas\/bloknotas-tapybai-akriliniais-dazais-marabu\/#breadcrumb\",\"itemListElement\":[{\"@type\":\"ListItem\",\"position\":1,\"name\":\"Avaleht\",\"item\":\"https:\/\/hobstop.ee\/lt\/\"},{\"@type\":\"ListItem\",\"position\":2,\"name\":\"Parduotuv\u0117\",\"item\":\"https:\/\/hobstop.ee\/lt\/parduotuve\/\"},{\"@type\":\"ListItem\",\"position\":3,\"name\":\"Bloknotas tapybai akriliniais da\u017eais Marabu\"}]},{\"@type\":\"WebSite\",\"@id\":\"https:\/\/hobstop.ee\/lt\/#website\",\"url\":\"https:\/\/hobstop.ee\/lt\/\",\"name\":\"Skizze\",\"description\":\"Dail\u0117s, pom\u0117gi\u0173 ir mokykliniai reikm\u0117nys\",\"publisher\":{\"@id\":\"https:\/\/hobstop.ee\/lt\/#organization\"},\"potentialAction\":[{\"@type\":\"SearchAction\",\"target\":{\"@type\":\"EntryPoint\",\"urlTemplate\":\"https:\/\/hobstop.ee\/lt\/?s={search_term_string}\"},\"query-input\":{\"@type\":\"PropertyValueSpecification\",\"valueRequired\":true,\"valueName\":\"search_term_string\"}}],\"inLanguage\":\"lt\"},{\"@type\":\"Organization\",\"@id\":\"https:\/\/hobstop.ee\/lt\/#organization\",\"name\":\"Vunder AS\",\"url\":\"https:\/\/hobstop.ee\/lt\/\",\"logo\":{\"@type\":\"ImageObject\",\"inLanguage\":\"lt\",\"@id\":\"https:\/\/hobstop.ee\/lt\/#\/schema\/logo\/image\/\",\"url\":\"https:\/\/hobstop.ee\/media\/vunder-logo.png\",\"contentUrl\":\"https:\/\/hobstop.ee\/media\/vunder-logo.png\",\"width\":127,\"height\":55,\"caption\":\"Vunder AS\"},\"image\":{\"@id\":\"https:\/\/hobstop.ee\/lt\/#\/schema\/logo\/image\/\"},\"sameAs\":[\"http:\/\/www.facebook.com\/VunderSkizze\"]}]}<\/script>\n<!-- \/ Yoast SEO plugin. -->","yoast_head_json":{"title":"Bloknotas tapybai akriliniais da\u017eais Marabu &#8211; Skizze","robots":{"index":"noindex","follow":"follow","max-snippet":"max-snippet:-1","max-image-preview":"max-image-preview:large","max-video-preview":"max-video-preview:-1"},"og_locale":"lt_LT","og_type":"article","og_title":"Bloknotas tapybai akriliniais da\u017eais Marabu &#8211; Skizze","og_description":"Storas popierius puikiai tinka darbui su storu da\u017e\u0173 sluoksniu. Smulkiai rupl\u0117tas popierius u\u017etikrina, kad da\u017eai bus padengti vientisu sluoksniu, d\u0117l ant itin tvirto popieriaus spalvos i\u0161liks ry\u0161kios ir patvarios. Bloknotas yra suri\u0161tas spirale, tod\u0117l yra daugiau vietos pasireik\u0161ti k\u016brybai, pasirinkti tem\u0105 ir med\u017eiagas. Tinka akvarelei, akriliniams da\u017eams ir kolia\u017eo technikai, taip pat eskizams ir mi\u0161riai technikai.","og_url":"https:\/\/hobstop.ee\/lt\/produktas\/bloknotas-tapybai-akriliniais-dazais-marabu\/","og_site_name":"Skizze","article_publisher":"http:\/\/www.facebook.com\/VunderSkizze","og_image":[{"width":1024,"height":768,"url":"https:\/\/hobstop.ee\/media\/4553.jpg","type":"image\/jpeg"}],"twitter_card":"summary_large_image","schema":{"@context":"https:\/\/schema.org","@graph":[{"@type":"WebPage","@id":"https:\/\/hobstop.ee\/lt\/produktas\/bloknotas-tapybai-akriliniais-dazais-marabu\/","url":"https:\/\/hobstop.ee\/lt\/produktas\/bloknotas-tapybai-akriliniais-dazais-marabu\/","name":"Bloknotas tapybai akriliniais da\u017eais Marabu &#8211; Skizze","isPartOf":{"@id":"https:\/\/hobstop.ee\/lt\/#website"},"primaryImageOfPage":{"@id":"https:\/\/hobstop.ee\/lt\/produktas\/bloknotas-tapybai-akriliniais-dazais-marabu\/#primaryimage"},"image":{"@id":"https:\/\/hobstop.ee\/lt\/produktas\/bloknotas-tapybai-akriliniais-dazais-marabu\/#primaryimage"},"thumbnailUrl":"https:\/\/hobstop.ee\/media\/4553.jpg","datePublished":"2017-05-30T07:34:59+00:00","dateModified":"2017-05-30T07:34:59+00:00","breadcrumb":{"@id":"https:\/\/hobstop.ee\/lt\/produktas\/bloknotas-tapybai-akriliniais-dazais-marabu\/#breadcrumb"},"inLanguage":"lt","potentialAction":[{"@type":"ReadAction","target":["https:\/\/hobstop.ee\/lt\/produktas\/bloknotas-tapybai-akriliniais-dazais-marabu\/"]}]},{"@type":"ImageObject","inLanguage":"lt","@id":"https:\/\/hobstop.ee\/lt\/produktas\/bloknotas-tapybai-akriliniais-dazais-marabu\/#primaryimage","url":"https:\/\/hobstop.ee\/media\/4553.jpg","contentUrl":"https:\/\/hobstop.ee\/media\/4553.jpg","width":1024,"height":768},{"@type":"BreadcrumbList","@id":"https:\/\/hobstop.ee\/lt\/produktas\/bloknotas-tapybai-akriliniais-dazais-marabu\/#breadcrumb","itemListElement":[{"@type":"ListItem","position":1,"name":"Avaleht","item":"https:\/\/hobstop.ee\/lt\/"},{"@type":"ListItem","position":2,"name":"Parduotuv\u0117","item":"https:\/\/hobstop.ee\/lt\/parduotuve\/"},{"@type":"ListItem","position":3,"name":"Bloknotas tapybai akriliniais da\u017eais Marabu"}]},{"@type":"WebSite","@id":"https:\/\/hobstop.ee\/lt\/#website","url":"https:\/\/hobstop.ee\/lt\/","name":"Skizze","description":"Dail\u0117s, pom\u0117gi\u0173 ir mokykliniai reikm\u0117nys","publisher":{"@id":"https:\/\/hobstop.ee\/lt\/#organization"},"potentialAction":[{"@type":"SearchAction","target":{"@type":"EntryPoint","urlTemplate":"https:\/\/hobstop.ee\/lt\/?s={search_term_string}"},"query-input":{"@type":"PropertyValueSpecification","valueRequired":true,"valueName":"search_term_string"}}],"inLanguage":"lt"},{"@type":"Organization","@id":"https:\/\/hobstop.ee\/lt\/#organization","name":"Vunder AS","url":"https:\/\/hobstop.ee\/lt\/","logo":{"@type":"ImageObject","inLanguage":"lt","@id":"https:\/\/hobstop.ee\/lt\/#\/schema\/logo\/image\/","url":"https:\/\/hobstop.ee\/media\/vunder-logo.png","contentUrl":"https:\/\/hobstop.ee\/media\/vunder-logo.png","width":127,"height":55,"caption":"Vunder AS"},"image":{"@id":"https:\/\/hobstop.ee\/lt\/#\/schema\/logo\/image\/"},"sameAs":["http:\/\/www.facebook.com\/VunderSkizze"]}]}},"_links":{"self":[{"href":"https:\/\/hobstop.ee\/lt\/wp-json\/wp\/v2\/product\/288821","targetHints":{"allow":["GET"]}}],"collection":[{"href":"https:\/\/hobstop.ee\/lt\/wp-json\/wp\/v2\/product"}],"about":[{"href":"https:\/\/hobstop.ee\/lt\/wp-json\/wp\/v2\/types\/product"}],"replies":[{"embeddable":true,"href":"https:\/\/hobstop.ee\/lt\/wp-json\/wp\/v2\/comments?post=288821"}],"wp:featuredmedia":[{"embeddable":true,"href":"https:\/\/hobstop.ee\/lt\/wp-json\/wp\/v2\/media\/289413"}],"wp:attachment":[{"href":"https:\/\/hobstop.ee\/lt\/wp-json\/wp\/v2\/media?parent=288821"}],"wp:term":[{"taxonomy":"product_cat","embeddable":true,"href":"https:\/\/hobstop.ee\/lt\/wp-json\/wp\/v2\/product_cat?post=288821"},{"taxonomy":"product_tag","embeddable":true,"href":"https:\/\/hobstop.ee\/lt\/wp-json\/wp\/v2\/product_tag?post=288821"}],"curies":[{"name":"wp","href":"https:\/\/api.w.org\/{rel}","templated":true}]}}